{"id":248279,"date":"2024-05-25T00:54:36","date_gmt":"2024-05-24T21:54:36","guid":{"rendered":"https:\/\/bbqentertainment.com\/?post_type=product&#038;p=248279"},"modified":"2026-04-06T23:24:51","modified_gmt":"2026-04-06T20:24:51","slug":"vahekasutatud-grillahi-kamado-joe-classic-iii","status":"publish","type":"product","link":"https:\/\/bbqentertainment.com\/en\/toode\/vahekasutatud-grillahi-kamado-joe-classic-iii\/","title":{"rendered":"KASUTATUD keraamiline grillahi Kamado Joe \u00ae CLASSIC III"},"content":{"rendered":"<div class=\"wp-video\" style=\"width: 1020px;\">\n<div style=\"width: 1020px;\" class=\"wp-video\"><video class=\"wp-video-shortcode\" id=\"video-248279-1\" width=\"1020\" height=\"574\" preload=\"metadata\" controls=\"controls\"><source type=\"video\/mp4\" src=\"https:\/\/bbqentertainment.com\/wp-content\/uploads\/2020\/03\/big_joe_3_1920_1080_h264_v1.mp4?_=1\" \/><a href=\"https:\/\/bbqentertainment.com\/wp-content\/uploads\/2020\/03\/big_joe_3_1920_1080_h264_v1.mp4\">https:\/\/bbqentertainment.com\/wp-content\/uploads\/2020\/03\/big_joe_3_1920_1080_h264_v1.mp4<\/a><\/video><\/div>\n<\/div>\n","protected":false},"excerpt":{"rendered":"<h3><span style=\"color: #000000;\"><strong>KASUTATUD keraamiline grillahi Kamado Joe \u00ae CLASSIC III<\/strong><\/span><\/h3>\n<p>Hinnale lisandub transporditasu (hind EXW Tallinn). St ahi asub Tallinnas.<\/p>\n<ul>\n<li>Maailma tipp-kvaliteet<\/li>\n<li>Parim hinna ja kvaliteedi suhe!<\/li>\n<li>Vaieldamatult parim valik keraamiliste grillide valdkonnas!<\/li>\n<li>Grillrest \u00d8 47 cm (18\u201d), ahi seest\u00a0\u00d8 50 cm, ahi v\u00e4ljast\u00a0\u00d8 57 cm, kaal 128 kg<\/li>\n<\/ul>\n<p>Classic III komplekti kuulub\u00a0k\u00f5ige v\u00e4rskem uuendus \u2013 revolutsiooniline\u00a0h\u00fcperboolse\u00a0suitsukambri sisu\u00a0\u201c<em>SloRoller<\/em>\u201c, mis kasutab keerleva \u00f5huvoolu tehnoloogiat\u00a0\u2014 reguleerib\u00a0kuumust ja suitsu.\u00a0See on m\u00f5eldud toidu maitse ja\u00a0tekstuuri t\u00e4iustamiseks madalal ja aeglasel\u00a0k\u00fcpsetamisel kuni max 260 \u00b0C juures. See on\u00a0kergesti\u00a0vahetatav\u00a0keraamilise\u00a0soojusdeflektori vastu v\u00f5i \u00fcldse v\u00e4lja v\u00f5tta kui\u00a0soovitakse pruunistada v\u00f5i grillida k\u00f5rgemal\u00a0kuumusel. Sarnaselt oma eelk\u00e4ijale, Classic II\u00a0grillile, on ka sellel\u00a0paksude seintega kuumakindel\u00a0keraamiline korpus, mis lukustab suitsu ja niiskuse mis tahes\u00a0temperatuuril. Lihtsasti avataval kuplil on vastukaaluga\u00a0(nn amordiga)\u00a0hing \u201c<em>Air Lift\u201d<\/em>\u00a0ja ilmastikukindel \/ \u00fclit\u00e4pne \u00fclemine\u00a0ventilatsiooniava\u00a0\u201c<em>Kontrol Tower<\/em>\u201d.\u00a0K\u00fcpsetusrest on valmistatud v\u00e4ga kvaliteetsest roosetavabaterasest (304). Teiste Classic III\u00a0uuenduste hulka\u00a0kuuluvad ka neljatasandiline\u00a0multifunktsionaalne toiduvalmistuss\u00fcsteem \u201c<em>Divide &amp;<\/em>\u00a0Conquer\u00ae\u201d koos roostevabast terasest s\u00f6ekorviga,\u00a0kuumakindlad \/\u00a0pulberv\u00e4rvitud alumiiniumist\u00a0k\u00fcljeriiulid, hea kvaliteediga ilmastikukindel\u00a0tsingitud\u00a0terasest ratastega alusraam,\u00a0t\u00e4iustatud mitme paneeliga\u00a0keraamiline\u00a0tulekolle ja patenteeritud\u00a0v\u00e4ljat\u00f5mmatav tuhasahtel. <h3 class=\"accordion_title\">Lisainfo<\/h3><div class=\"accordion\"> \t<div id=\"accordion-3526661321\" class=\"accordion-item\">\n\t\t<a id=\"accordion-3526661321-label\" class=\"accordion-title plain\" href=\"#accordion-item-komplekti-kuulub\" aria-expanded=\"false\" aria-controls=\"accordion-3526661321-content\">\n\t\t\t<button class=\"toggle\" aria-label=\"Toggle\"><i class=\"icon-angle-down\" aria-hidden=\"true\"><\/i><\/button>\n\t\t\t<span>Komplekti kuulub<\/span>\n\t\t<\/a>\n\t\t<div id=\"accordion-3526661321-content\" class=\"accordion-inner\" aria-labelledby=\"accordion-3526661321-label\">\n\t\t\t\n<ul>\n<li>\n<div>18\u201d (46 cm) keraamiline grillahi tsingitud terasest uudse alusraami ja lukustatavate ratastega<\/div>\n<\/li>\n<li>\n<div>Patenteeritud h\u00fcperboolne suitsukamber \u201cSloRoller\u201d<\/div>\n<\/li>\n<li>Viimistletud kokkuklapitavad alumiiniumist k\u00fclgmised riiulid ja k\u00f5rge tihedusega pol\u00fcuretaanist k\u00e4epide<\/li>\n<li>\n<div>Paindlikku k\u00fcpsetamist v\u00f5imaldav neljatasandiline s\u00fcsteem \u201cDivide &amp; Conquer\u00ae\u201d, st sealhulgas 2 tk poolkuu keraamilised soojusdeflektorid (kuumusjagajad) ja 2 tk roostevabaterasest (304) poolkuu-grillresti\u00a0(l\u00e4bim\u00f5\u00f5duga 46 cm) \u2013 lisa grillreste saab lisadena juurde osta<\/div>\n<\/li>\n<li>\n<div>Patenteeritud v\u00e4ljat\u00f5mmatav roostevabaterasest (304) tuhasahtel grilli lihtsamaks puhastamiseks<\/div>\n<\/li>\n<li>\n<div>Sisseehitatud termomeeter<\/div>\n<\/li>\n<li>\n<div>Alumiiniumist \u00fclemine ventilatsiooniava \u201cKontrol Tower\u201d<\/div>\n<\/li>\n<li>\n<div>Hing \u201cAir Lift\u201d (st amordiga kaan)<\/div>\n<\/li>\n<li>\n<div>AMP mitmepaneeliga tulekolle (st mitmest osast koosnev, mittepurunev)<\/div>\n<\/li>\n<li>\n<div>Roostevabast terasest (304) s\u00f6ekorv, mis tagab grills\u00f6e veelgi \u00fchtlasema h\u00f5\u00f5gumise<\/div>\n<\/li>\n<li>\n<div>Traatv\u00f5rguga kuumakindel klaaskiudtihend<\/div>\n<\/li>\n<li>\n<div>Roostevabaterasest (304) kaanesulgemise klamber<\/div>\n<\/li>\n<li>\n<div>Tuharoop<\/div>\n<\/li>\n<\/ul>\n\t\t<\/div>\n\t<\/div>\n\t \t<div id=\"accordion-969509315\" class=\"accordion-item\">\n\t\t<a id=\"accordion-969509315-label\" class=\"accordion-title plain\" href=\"#accordion-item-vaata-kamado-joe-tootekataloog\" aria-expanded=\"false\" aria-controls=\"accordion-969509315-content\">\n\t\t\t<button class=\"toggle\" aria-label=\"Toggle\"><i class=\"icon-angle-down\" aria-hidden=\"true\"><\/i><\/button>\n\t\t\t<span>Vaata Kamado Joe tootekataloog<\/span>\n\t\t<\/a>\n\t\t<div id=\"accordion-969509315-content\" class=\"accordion-inner\" aria-labelledby=\"accordion-969509315-label\">\n\t\t\t <a href=\"https:\/\/bbqentertainment.com\/wp-content\/uploads\/2021\/11\/KJO_2019-Brochure_EnglishUK.pdf\" target=\"_blank\" rel=\"noopener\">KAMADO JOE SUUR KATALOOG<\/a> \t\t<\/div>\n\t<\/div>\n\t \t<div id=\"accordion-3386598814\" class=\"accordion-item\">\n\t\t<a id=\"accordion-3386598814-label\" class=\"accordion-title plain\" href=\"#accordion-item-prindi-tooteleht\" aria-expanded=\"false\" aria-controls=\"accordion-3386598814-content\">\n\t\t\t<button class=\"toggle\" aria-label=\"Toggle\"><i class=\"icon-angle-down\" aria-hidden=\"true\"><\/i><\/button>\n\t\t\t<span>Prindi tooteleht<\/span>\n\t\t<\/a>\n\t\t<div id=\"accordion-3386598814-content\" class=\"accordion-inner\" aria-labelledby=\"accordion-3386598814-label\">\n\t\t\t <a href=\"https:\/\/bbqentertainment.com\/wp-content\/uploads\/2020\/03\/Kamado-Joe-Classic-III-EST-.pdf\" target=\"_blank\" rel=\"noopener noreferrer\">Kamado Joe Classic III EST Tooteleht<\/a> \t\t<\/div>\n\t<\/div>\n\t \t<div id=\"accordion-3204960633\" class=\"accordion-item\">\n\t\t<a id=\"accordion-3204960633-label\" class=\"accordion-title plain\" href=\"#accordion-item-kasutusjuhend-inglise-keeles\" aria-expanded=\"false\" aria-controls=\"accordion-3204960633-content\">\n\t\t\t<button class=\"toggle\" aria-label=\"Toggle\"><i class=\"icon-angle-down\" aria-hidden=\"true\"><\/i><\/button>\n\t\t\t<span>Kasutusjuhend inglise keeles<\/span>\n\t\t<\/a>\n\t\t<div id=\"accordion-3204960633-content\" class=\"accordion-inner\" aria-labelledby=\"accordion-3204960633-label\">\n\t\t\t <a href=\"https:\/\/bbqentertainment.com\/wp-content\/uploads\/2020\/03\/18-KJO-6099-User-Manual_Classic-3-Assembly_v3.pdf\" target=\"\" rel=\"noopener noreferrer\">Kamado Joe Classic III kasutusjuhend ENG<\/a> \t\t<\/div>\n\t<\/div>\n\t <\/div>\n","protected":false},"featured_media":257924,"template":"","meta":{"inline_featured_image":false},"product_brand":[],"product_cat":[17,538,349,18],"product_tag":[],"class_list":{"0":"post-248279","1":"product","2":"type-product","3":"status-publish","4":"has-post-thumbnail","6":"product_cat-grillid-ja-ahjud","7":"product_cat-demo-ja-kasutatud-grillid","8":"product_cat-kamado-joe-tooted","9":"product_cat-kamado-joe","10":"product_shipping_class-ainult-ise-jarele-tulemisega","12":"first","13":"instock","14":"sale","15":"taxable","16":"shipping-taxable","17":"purchasable","18":"product-type-simple"},"yoast_head":"<!-- This site is optimized with the Yoast SEO plugin v27.2 - https:\/\/yoast.com\/product\/yoast-seo-wordpress\/ -->\n<title>KASUTATUD keraamiline grillahi Kamado Joe \u00ae CLASSIC III - BBQ Entertainment<\/title>\n<meta name=\"robots\" content=\"index, follow, max-snippet:-1, max-image-preview:large, max-video-preview:-1\" \/>\n<link rel=\"canonical\" href=\"https:\/\/bbqentertainment.com\/toode\/vahekasutatud-grillahi-kamado-joe-classic-iii\/\" \/>\n<meta property=\"og:locale\" content=\"en_US\" \/>\n<meta property=\"og:type\" content=\"article\" \/>\n<meta property=\"og:title\" content=\"KASUTATUD keraamiline grillahi Kamado Joe \u00ae CLASSIC III - BBQ Entertainment\" \/>\n<meta property=\"og:description\" content=\"KASUTATUD keraamiline grillahi Kamado Joe \u00ae CLASSIC IIIHinnale lisandub transporditasu (hind EXW Tallinn). St ahi asub Tallinnas.Maailma tipp-kvaliteetParim hinna ja kvaliteedi suhe!Vaieldamatult parim valik keraamiliste grillide valdkonnas!Grillrest \u00d8 47 cm (18\u201d), ahi seest\u00a0\u00d8 50 cm, ahi v\u00e4ljast\u00a0\u00d8 57 cm, kaal 128 kgClassic III komplekti kuulub\u00a0k\u00f5ige v\u00e4rskem uuendus \u2013 revolutsiooniline\u00a0h\u00fcperboolse\u00a0suitsukambri sisu\u00a0\u201cSloRoller\u201c, mis kasutab keerleva \u00f5huvoolu tehnoloogiat\u00a0\u2014 reguleerib\u00a0kuumust ja suitsu.\u00a0See on m\u00f5eldud toidu maitse ja\u00a0tekstuuri t\u00e4iustamiseks madalal ja aeglasel\u00a0k\u00fcpsetamisel kuni max 260 \u00b0C juures. See on\u00a0kergesti\u00a0vahetatav\u00a0keraamilise\u00a0soojusdeflektori vastu v\u00f5i \u00fcldse v\u00e4lja v\u00f5tta kui\u00a0soovitakse pruunistada v\u00f5i grillida k\u00f5rgemal\u00a0kuumusel. Sarnaselt oma eelk\u00e4ijale, Classic II\u00a0grillile, on ka sellel\u00a0paksude seintega kuumakindel\u00a0keraamiline korpus, mis lukustab suitsu ja niiskuse mis tahes\u00a0temperatuuril. Lihtsasti avataval kuplil on vastukaaluga\u00a0(nn amordiga)\u00a0hing \u201cAir Lift\u201d\u00a0ja ilmastikukindel \/ \u00fclit\u00e4pne \u00fclemine\u00a0ventilatsiooniava\u00a0\u201cKontrol Tower\u201d.\u00a0K\u00fcpsetusrest on valmistatud v\u00e4ga kvaliteetsest roosetavabaterasest (304). Teiste Classic III\u00a0uuenduste hulka\u00a0kuuluvad ka neljatasandiline\u00a0multifunktsionaalne toiduvalmistuss\u00fcsteem \u201cDivide &amp;\u00a0Conquer\u00ae\u201d koos roostevabast terasest s\u00f6ekorviga,\u00a0kuumakindlad \/\u00a0pulberv\u00e4rvitud alumiiniumist\u00a0k\u00fcljeriiulid, hea kvaliteediga ilmastikukindel\u00a0tsingitud\u00a0terasest ratastega alusraam,\u00a0t\u00e4iustatud mitme paneeliga\u00a0keraamiline\u00a0tulekolle ja patenteeritud\u00a0v\u00e4ljat\u00f5mmatav tuhasahtel.\" \/>\n<meta property=\"og:url\" content=\"https:\/\/bbqentertainment.com\/toode\/vahekasutatud-grillahi-kamado-joe-classic-iii\/\" \/>\n<meta property=\"og:site_name\" content=\"BBQ Entertainment\" \/>\n<meta property=\"article:publisher\" content=\"https:\/\/www.facebook.com\/BBQ-Entertainment-N-Catering-2437913376443540\" \/>\n<meta property=\"article:modified_time\" content=\"2026-04-06T20:24:51+00:00\" \/>\n<meta property=\"og:image\" content=\"https:\/\/bbqentertainment.com\/wp-content\/uploads\/2023\/05\/KASUTATUD-GRILLAHI-Kamado-Joe\u00ae-Classic-III-3.jpg\" \/>\n\t<meta property=\"og:image:width\" content=\"1200\" \/>\n\t<meta property=\"og:image:height\" content=\"1200\" \/>\n\t<meta property=\"og:image:type\" content=\"image\/jpeg\" \/>\n<meta name=\"twitter:card\" content=\"summary_large_image\" \/>\n<meta name=\"twitter:label1\" content=\"Est. reading time\" \/>\n\t<meta name=\"twitter:data1\" content=\"1 minute\" \/>\n<script type=\"application\/ld+json\" class=\"yoast-schema-graph\">{\"@context\":\"https:\/\/schema.org\",\"@graph\":[{\"@type\":[\"WebPage\",\"ItemPage\"],\"@id\":\"https:\/\/bbqentertainment.com\/toode\/vahekasutatud-grillahi-kamado-joe-classic-iii\/\",\"url\":\"https:\/\/bbqentertainment.com\/toode\/vahekasutatud-grillahi-kamado-joe-classic-iii\/\",\"name\":\"KASUTATUD keraamiline grillahi Kamado Joe \u00ae CLASSIC III - BBQ Entertainment\",\"isPartOf\":{\"@id\":\"https:\/\/bbqentertainment.com\/#website\"},\"primaryImageOfPage\":{\"@id\":\"https:\/\/bbqentertainment.com\/toode\/vahekasutatud-grillahi-kamado-joe-classic-iii\/#primaryimage\"},\"image\":{\"@id\":\"https:\/\/bbqentertainment.com\/toode\/vahekasutatud-grillahi-kamado-joe-classic-iii\/#primaryimage\"},\"thumbnailUrl\":\"https:\/\/bbqentertainment.com\/wp-content\/uploads\/2023\/05\/KASUTATUD-GRILLAHI-Kamado-Joe\u00ae-Classic-III-3.jpg\",\"datePublished\":\"2024-05-24T21:54:36+00:00\",\"dateModified\":\"2026-04-06T20:24:51+00:00\",\"breadcrumb\":{\"@id\":\"https:\/\/bbqentertainment.com\/toode\/vahekasutatud-grillahi-kamado-joe-classic-iii\/#breadcrumb\"},\"inLanguage\":\"en-US\",\"potentialAction\":[{\"@type\":\"ReadAction\",\"target\":[\"https:\/\/bbqentertainment.com\/toode\/vahekasutatud-grillahi-kamado-joe-classic-iii\/\"]}]},{\"@type\":\"ImageObject\",\"inLanguage\":\"en-US\",\"@id\":\"https:\/\/bbqentertainment.com\/toode\/vahekasutatud-grillahi-kamado-joe-classic-iii\/#primaryimage\",\"url\":\"https:\/\/bbqentertainment.com\/wp-content\/uploads\/2023\/05\/KASUTATUD-GRILLAHI-Kamado-Joe\u00ae-Classic-III-3.jpg\",\"contentUrl\":\"https:\/\/bbqentertainment.com\/wp-content\/uploads\/2023\/05\/KASUTATUD-GRILLAHI-Kamado-Joe\u00ae-Classic-III-3.jpg\",\"width\":1200,\"height\":1200},{\"@type\":\"BreadcrumbList\",\"@id\":\"https:\/\/bbqentertainment.com\/toode\/vahekasutatud-grillahi-kamado-joe-classic-iii\/#breadcrumb\",\"itemListElement\":[{\"@type\":\"ListItem\",\"position\":1,\"name\":\"AVALEHT\",\"item\":\"https:\/\/bbqentertainment.com\/en\/\"},{\"@type\":\"ListItem\",\"position\":2,\"name\":\"Tooted\",\"item\":\"https:\/\/bbqentertainment.com\/tooted\/\"},{\"@type\":\"ListItem\",\"position\":3,\"name\":\"Grillid ja ahjud\",\"item\":\"https:\/\/bbqentertainment.com\/tootekategooria\/grillid-ja-ahjud\/\"},{\"@type\":\"ListItem\",\"position\":4,\"name\":\"DEMO- ja KASUTATUD GRILLID\",\"item\":\"https:\/\/bbqentertainment.com\/tootekategooria\/grillid-ja-ahjud\/demo-ja-kasutatud-grillid\/\"},{\"@type\":\"ListItem\",\"position\":5,\"name\":\"KASUTATUD keraamiline grillahi Kamado Joe \u00ae CLASSIC III\"}]},{\"@type\":\"WebSite\",\"@id\":\"https:\/\/bbqentertainment.com\/#website\",\"url\":\"https:\/\/bbqentertainment.com\/\",\"name\":\"BBQ Entertainment\",\"description\":\"BBQ is a great lifestyle, not just fun!\",\"publisher\":{\"@id\":\"https:\/\/bbqentertainment.com\/#organization\"},\"potentialAction\":[{\"@type\":\"SearchAction\",\"target\":{\"@type\":\"EntryPoint\",\"urlTemplate\":\"https:\/\/bbqentertainment.com\/?s={search_term_string}\"},\"query-input\":{\"@type\":\"PropertyValueSpecification\",\"valueRequired\":true,\"valueName\":\"search_term_string\"}}],\"inLanguage\":\"en-US\"},{\"@type\":\"Organization\",\"@id\":\"https:\/\/bbqentertainment.com\/#organization\",\"name\":\"BBQ Entertainment O\u00dc\",\"url\":\"https:\/\/bbqentertainment.com\/\",\"logo\":{\"@type\":\"ImageObject\",\"inLanguage\":\"en-US\",\"@id\":\"https:\/\/bbqentertainment.com\/#\/schema\/logo\/image\/\",\"url\":\"https:\/\/bbqentertainment.com\/wp-content\/uploads\/2020\/04\/BBQ-Entertainment-N-Catering-Enn-Tobreluts-Logo.png\",\"contentUrl\":\"https:\/\/bbqentertainment.com\/wp-content\/uploads\/2020\/04\/BBQ-Entertainment-N-Catering-Enn-Tobreluts-Logo.png\",\"width\":628,\"height\":266,\"caption\":\"BBQ Entertainment O\u00dc\"},\"image\":{\"@id\":\"https:\/\/bbqentertainment.com\/#\/schema\/logo\/image\/\"},\"sameAs\":[\"https:\/\/www.facebook.com\/BBQ-Entertainment-N-Catering-2437913376443540\",\"https:\/\/www.instagram.com\/bbqentertainmentncatering\/\",\"https:\/\/www.youtube.com\/channel\/UCmpuANQVhLy2Md8nrenp2jA\"]}]}<\/script>\n<!-- \/ Yoast SEO plugin. -->","yoast_head_json":{"title":"KASUTATUD keraamiline grillahi Kamado Joe \u00ae CLASSIC III - BBQ Entertainment","robots":{"index":"index","follow":"follow","max-snippet":"max-snippet:-1","max-image-preview":"max-image-preview:large","max-video-preview":"max-video-preview:-1"},"canonical":"https:\/\/bbqentertainment.com\/toode\/vahekasutatud-grillahi-kamado-joe-classic-iii\/","og_locale":"en_US","og_type":"article","og_title":"KASUTATUD keraamiline grillahi Kamado Joe \u00ae CLASSIC III - BBQ Entertainment","og_description":"KASUTATUD keraamiline grillahi Kamado Joe \u00ae CLASSIC IIIHinnale lisandub transporditasu (hind EXW Tallinn). St ahi asub Tallinnas.Maailma tipp-kvaliteetParim hinna ja kvaliteedi suhe!Vaieldamatult parim valik keraamiliste grillide valdkonnas!Grillrest \u00d8 47 cm (18\u201d), ahi seest\u00a0\u00d8 50 cm, ahi v\u00e4ljast\u00a0\u00d8 57 cm, kaal 128 kgClassic III komplekti kuulub\u00a0k\u00f5ige v\u00e4rskem uuendus \u2013 revolutsiooniline\u00a0h\u00fcperboolse\u00a0suitsukambri sisu\u00a0\u201cSloRoller\u201c, mis kasutab keerleva \u00f5huvoolu tehnoloogiat\u00a0\u2014 reguleerib\u00a0kuumust ja suitsu.\u00a0See on m\u00f5eldud toidu maitse ja\u00a0tekstuuri t\u00e4iustamiseks madalal ja aeglasel\u00a0k\u00fcpsetamisel kuni max 260 \u00b0C juures. See on\u00a0kergesti\u00a0vahetatav\u00a0keraamilise\u00a0soojusdeflektori vastu v\u00f5i \u00fcldse v\u00e4lja v\u00f5tta kui\u00a0soovitakse pruunistada v\u00f5i grillida k\u00f5rgemal\u00a0kuumusel. Sarnaselt oma eelk\u00e4ijale, Classic II\u00a0grillile, on ka sellel\u00a0paksude seintega kuumakindel\u00a0keraamiline korpus, mis lukustab suitsu ja niiskuse mis tahes\u00a0temperatuuril. Lihtsasti avataval kuplil on vastukaaluga\u00a0(nn amordiga)\u00a0hing \u201cAir Lift\u201d\u00a0ja ilmastikukindel \/ \u00fclit\u00e4pne \u00fclemine\u00a0ventilatsiooniava\u00a0\u201cKontrol Tower\u201d.\u00a0K\u00fcpsetusrest on valmistatud v\u00e4ga kvaliteetsest roosetavabaterasest (304). Teiste Classic III\u00a0uuenduste hulka\u00a0kuuluvad ka neljatasandiline\u00a0multifunktsionaalne toiduvalmistuss\u00fcsteem \u201cDivide &amp;\u00a0Conquer\u00ae\u201d koos roostevabast terasest s\u00f6ekorviga,\u00a0kuumakindlad \/\u00a0pulberv\u00e4rvitud alumiiniumist\u00a0k\u00fcljeriiulid, hea kvaliteediga ilmastikukindel\u00a0tsingitud\u00a0terasest ratastega alusraam,\u00a0t\u00e4iustatud mitme paneeliga\u00a0keraamiline\u00a0tulekolle ja patenteeritud\u00a0v\u00e4ljat\u00f5mmatav tuhasahtel.","og_url":"https:\/\/bbqentertainment.com\/toode\/vahekasutatud-grillahi-kamado-joe-classic-iii\/","og_site_name":"BBQ Entertainment","article_publisher":"https:\/\/www.facebook.com\/BBQ-Entertainment-N-Catering-2437913376443540","article_modified_time":"2026-04-06T20:24:51+00:00","og_image":[{"width":1200,"height":1200,"url":"https:\/\/bbqentertainment.com\/wp-content\/uploads\/2023\/05\/KASUTATUD-GRILLAHI-Kamado-Joe\u00ae-Classic-III-3.jpg","type":"image\/jpeg"}],"twitter_card":"summary_large_image","twitter_misc":{"Est. reading time":"1 minute"},"schema":{"@context":"https:\/\/schema.org","@graph":[{"@type":["WebPage","ItemPage"],"@id":"https:\/\/bbqentertainment.com\/toode\/vahekasutatud-grillahi-kamado-joe-classic-iii\/","url":"https:\/\/bbqentertainment.com\/toode\/vahekasutatud-grillahi-kamado-joe-classic-iii\/","name":"KASUTATUD keraamiline grillahi Kamado Joe \u00ae CLASSIC III - BBQ Entertainment","isPartOf":{"@id":"https:\/\/bbqentertainment.com\/#website"},"primaryImageOfPage":{"@id":"https:\/\/bbqentertainment.com\/toode\/vahekasutatud-grillahi-kamado-joe-classic-iii\/#primaryimage"},"image":{"@id":"https:\/\/bbqentertainment.com\/toode\/vahekasutatud-grillahi-kamado-joe-classic-iii\/#primaryimage"},"thumbnailUrl":"https:\/\/bbqentertainment.com\/wp-content\/uploads\/2023\/05\/KASUTATUD-GRILLAHI-Kamado-Joe\u00ae-Classic-III-3.jpg","datePublished":"2024-05-24T21:54:36+00:00","dateModified":"2026-04-06T20:24:51+00:00","breadcrumb":{"@id":"https:\/\/bbqentertainment.com\/toode\/vahekasutatud-grillahi-kamado-joe-classic-iii\/#breadcrumb"},"inLanguage":"en-US","potentialAction":[{"@type":"ReadAction","target":["https:\/\/bbqentertainment.com\/toode\/vahekasutatud-grillahi-kamado-joe-classic-iii\/"]}]},{"@type":"ImageObject","inLanguage":"en-US","@id":"https:\/\/bbqentertainment.com\/toode\/vahekasutatud-grillahi-kamado-joe-classic-iii\/#primaryimage","url":"https:\/\/bbqentertainment.com\/wp-content\/uploads\/2023\/05\/KASUTATUD-GRILLAHI-Kamado-Joe\u00ae-Classic-III-3.jpg","contentUrl":"https:\/\/bbqentertainment.com\/wp-content\/uploads\/2023\/05\/KASUTATUD-GRILLAHI-Kamado-Joe\u00ae-Classic-III-3.jpg","width":1200,"height":1200},{"@type":"BreadcrumbList","@id":"https:\/\/bbqentertainment.com\/toode\/vahekasutatud-grillahi-kamado-joe-classic-iii\/#breadcrumb","itemListElement":[{"@type":"ListItem","position":1,"name":"AVALEHT","item":"https:\/\/bbqentertainment.com\/en\/"},{"@type":"ListItem","position":2,"name":"Tooted","item":"https:\/\/bbqentertainment.com\/tooted\/"},{"@type":"ListItem","position":3,"name":"Grillid ja ahjud","item":"https:\/\/bbqentertainment.com\/tootekategooria\/grillid-ja-ahjud\/"},{"@type":"ListItem","position":4,"name":"DEMO- ja KASUTATUD GRILLID","item":"https:\/\/bbqentertainment.com\/tootekategooria\/grillid-ja-ahjud\/demo-ja-kasutatud-grillid\/"},{"@type":"ListItem","position":5,"name":"KASUTATUD keraamiline grillahi Kamado Joe \u00ae CLASSIC III"}]},{"@type":"WebSite","@id":"https:\/\/bbqentertainment.com\/#website","url":"https:\/\/bbqentertainment.com\/","name":"BBQ Entertainment","description":"BBQ is a great lifestyle, not just fun!","publisher":{"@id":"https:\/\/bbqentertainment.com\/#organization"},"potentialAction":[{"@type":"SearchAction","target":{"@type":"EntryPoint","urlTemplate":"https:\/\/bbqentertainment.com\/?s={search_term_string}"},"query-input":{"@type":"PropertyValueSpecification","valueRequired":true,"valueName":"search_term_string"}}],"inLanguage":"en-US"},{"@type":"Organization","@id":"https:\/\/bbqentertainment.com\/#organization","name":"BBQ Entertainment O\u00dc","url":"https:\/\/bbqentertainment.com\/","logo":{"@type":"ImageObject","inLanguage":"en-US","@id":"https:\/\/bbqentertainment.com\/#\/schema\/logo\/image\/","url":"https:\/\/bbqentertainment.com\/wp-content\/uploads\/2020\/04\/BBQ-Entertainment-N-Catering-Enn-Tobreluts-Logo.png","contentUrl":"https:\/\/bbqentertainment.com\/wp-content\/uploads\/2020\/04\/BBQ-Entertainment-N-Catering-Enn-Tobreluts-Logo.png","width":628,"height":266,"caption":"BBQ Entertainment O\u00dc"},"image":{"@id":"https:\/\/bbqentertainment.com\/#\/schema\/logo\/image\/"},"sameAs":["https:\/\/www.facebook.com\/BBQ-Entertainment-N-Catering-2437913376443540","https:\/\/www.instagram.com\/bbqentertainmentncatering\/","https:\/\/www.youtube.com\/channel\/UCmpuANQVhLy2Md8nrenp2jA"]}]}},"_links":{"self":[{"href":"https:\/\/bbqentertainment.com\/en\/wp-json\/wp\/v2\/product\/248279","targetHints":{"allow":["GET"]}}],"collection":[{"href":"https:\/\/bbqentertainment.com\/en\/wp-json\/wp\/v2\/product"}],"about":[{"href":"https:\/\/bbqentertainment.com\/en\/wp-json\/wp\/v2\/types\/product"}],"wp:featuredmedia":[{"embeddable":true,"href":"https:\/\/bbqentertainment.com\/en\/wp-json\/wp\/v2\/media\/257924"}],"wp:attachment":[{"href":"https:\/\/bbqentertainment.com\/en\/wp-json\/wp\/v2\/media?parent=248279"}],"wp:term":[{"taxonomy":"product_brand","embeddable":true,"href":"https:\/\/bbqentertainment.com\/en\/wp-json\/wp\/v2\/product_brand?post=248279"},{"taxonomy":"product_cat","embeddable":true,"href":"https:\/\/bbqentertainment.com\/en\/wp-json\/wp\/v2\/product_cat?post=248279"},{"taxonomy":"product_tag","embeddable":true,"href":"https:\/\/bbqentertainment.com\/en\/wp-json\/wp\/v2\/product_tag?post=248279"}],"curies":[{"name":"wp","href":"https:\/\/api.w.org\/{rel}","templated":true}]}}