{"id":248524,"date":"2024-07-09T15:41:52","date_gmt":"2024-07-09T12:41:52","guid":{"rendered":"https:\/\/bbqentertainment.com\/?post_type=product&#038;p=248524"},"modified":"2026-01-10T19:46:57","modified_gmt":"2026-01-10T17:46:57","slug":"artisan-roosa-greibi-ja-veriapelsini-limonaad-naputaie-soolaga-250-ml-purk","status":"publish","type":"product","link":"https:\/\/bbqentertainment.com\/en\/toode\/artisan-roosa-greibi-ja-veriapelsini-limonaad-naputaie-soolaga-250-ml-purk\/","title":{"rendered":"Artisan roosa greibi- ja veriapelsini limonaad n\u00e4put\u00e4ie soolaga 250 ml PURK"},"content":{"rendered":"<h3>KOOSTIS<\/h3>\n<p>Gaseeritud vesi, puuviljamahl kontsentraadist (laim 5%, roosa greip 4%), suhkur, looduslikud maitseained, sealhulgas roosa greip, vereapelsin ja laim, sidrunhape, looduslikud v\u00e4rvained: taimeekstrakt, looduslik magusaine: stevia stevioolgl\u00fckosiidid, sool.<\/p>\n<h3>TOITUMISALANE TEAVE<\/h3>\n<p>V\u00e4\u00e4rtused 100 ml kohta:<\/p>\n<p>Energia: 19 kcal<br \/>\nS\u00fcsivesikud: 4,4 g<br \/>\nmillest suhkrud: 3,9 g<\/p>\n<p>Sisaldab v\u00e4hesel m\u00e4\u00e4ral rasvu, k\u00fcllastunud rasvu, valku ja soola<\/p>\n","protected":false},"excerpt":{"rendered":"<h3><strong>Artisan roosa greibi- ja veriapelsini limonaad n\u00e4put\u00e4ie soolaga 250 ml PURK<\/strong><\/h3>\n<p>PINK GRAPEFRUIT &amp; BLOOD ORANGE SODA with a pinch of salt 250 ml<br \/>\n(suhkrusisaldus vaid 3,9%)<\/p>\n<p>See ikooniline tsitruseliste duo on rikastatud n\u00e4puotsakese soolaga, luues m\u00f5nusa k\u00e4sit\u00f6\u00f6na valminud limonaadi.<\/p>\n<ul>\n<li>SOBIV SUURUS KAASA V\u00d5TMISEKS \u2013 olenemata sellest, kas olete rongis v\u00f5i pargis, Artisan k\u00e4sit\u00f6\u00f6joogid sobivad ideaalselt liikvel olevate hetkede jaoks.<\/li>\n<\/ul>\n<ul>\n<li>100% LOODUSLIKUD KOOSTISOSAD \u2013 k\u00f5ik 3 meie k\u00e4sit\u00f6\u00f6na valminud limonaadi sisaldavad 100% looduslikke koostisosi ning ei sisalda kunstlikke v\u00e4rv-, maitse- ega s\u00e4ilitusaineid.<\/li>\n<\/ul>\n<ul>\n<li>MADAL KALORSUS \u2013 250 ml purk limonaadi sisaldab ainult 48 kalorit. Lisaks v\u00e4hestele kaloritele on limonaadis ka v\u00e4he suhkrut aga samas SUUR maitse.<\/li>\n<\/ul>\n","protected":false},"featured_media":248525,"template":"","meta":{"inline_featured_image":false},"product_brand":[],"product_cat":[237,461],"product_tag":[],"class_list":{"0":"post-248524","1":"product","2":"type-product","3":"status-publish","4":"has-post-thumbnail","6":"product_cat-toonikud","7":"product_cat-artisan","9":"first","10":"instock","11":"taxable","12":"shipping-taxable","13":"purchasable","14":"product-type-simple"},"yoast_head":"<!-- This site is optimized with the Yoast SEO plugin v27.4 - https:\/\/yoast.com\/product\/yoast-seo-wordpress\/ -->\n<title>Artisan roosa greibi- ja veriapelsini limonaad n\u00e4put\u00e4ie soolaga 250 ml PURK - BBQ Entertainment<\/title>\n<meta name=\"robots\" content=\"index, follow, max-snippet:-1, max-image-preview:large, max-video-preview:-1\" \/>\n<link rel=\"canonical\" href=\"https:\/\/bbqentertainment.com\/toode\/artisan-roosa-greibi-ja-veriapelsini-limonaad-naputaie-soolaga-250-ml-purk\/\" \/>\n<meta property=\"og:locale\" content=\"en_US\" \/>\n<meta property=\"og:type\" content=\"article\" \/>\n<meta property=\"og:title\" content=\"Artisan roosa greibi- ja veriapelsini limonaad n\u00e4put\u00e4ie soolaga 250 ml PURK - BBQ Entertainment\" \/>\n<meta property=\"og:description\" content=\"Artisan roosa greibi- ja veriapelsini limonaad n\u00e4put\u00e4ie soolaga 250 ml PURK PINK GRAPEFRUIT &amp; BLOOD ORANGE SODA with a pinch of salt 250 ml (suhkrusisaldus vaid 3,9%)  See ikooniline tsitruseliste duo on rikastatud n\u00e4puotsakese soolaga, luues m\u00f5nusa k\u00e4sit\u00f6\u00f6na valminud limonaadi.   SOBIV SUURUS KAASA V\u00d5TMISEKS \u2013 olenemata sellest, kas olete rongis v\u00f5i pargis, Artisan k\u00e4sit\u00f6\u00f6joogid sobivad ideaalselt liikvel olevate hetkede jaoks.    100% LOODUSLIKUD KOOSTISOSAD \u2013 k\u00f5ik 3 meie k\u00e4sit\u00f6\u00f6na valminud limonaadi sisaldavad 100% looduslikke koostisosi ning ei sisalda kunstlikke v\u00e4rv-, maitse- ega s\u00e4ilitusaineid.    MADAL KALORSUS \u2013 250 ml purk limonaadi sisaldab ainult 48 kalorit. Lisaks v\u00e4hestele kaloritele on limonaadis ka v\u00e4he suhkrut aga samas SUUR maitse.\" \/>\n<meta property=\"og:url\" content=\"https:\/\/bbqentertainment.com\/toode\/artisan-roosa-greibi-ja-veriapelsini-limonaad-naputaie-soolaga-250-ml-purk\/\" \/>\n<meta property=\"og:site_name\" content=\"BBQ Entertainment\" \/>\n<meta property=\"article:publisher\" content=\"https:\/\/www.facebook.com\/BBQ-Entertainment-N-Catering-2437913376443540\" \/>\n<meta property=\"article:modified_time\" content=\"2026-01-10T17:46:57+00:00\" \/>\n<meta property=\"og:image\" content=\"https:\/\/bbqentertainment.com\/wp-content\/uploads\/2024\/07\/Pink-Front-Background.webp\" \/>\n\t<meta property=\"og:image:width\" content=\"713\" \/>\n\t<meta property=\"og:image:height\" content=\"713\" \/>\n\t<meta property=\"og:image:type\" content=\"image\/webp\" \/>\n<meta name=\"twitter:card\" content=\"summary_large_image\" \/>\n<meta name=\"twitter:label1\" content=\"Est. reading time\" \/>\n\t<meta name=\"twitter:data1\" content=\"1 minute\" \/>\n<script type=\"application\/ld+json\" class=\"yoast-schema-graph\">{\"@context\":\"https:\\\/\\\/schema.org\",\"@graph\":[{\"@type\":[\"WebPage\",\"ItemPage\"],\"@id\":\"https:\\\/\\\/bbqentertainment.com\\\/toode\\\/artisan-roosa-greibi-ja-veriapelsini-limonaad-naputaie-soolaga-250-ml-purk\\\/\",\"url\":\"https:\\\/\\\/bbqentertainment.com\\\/toode\\\/artisan-roosa-greibi-ja-veriapelsini-limonaad-naputaie-soolaga-250-ml-purk\\\/\",\"name\":\"Artisan roosa greibi- ja veriapelsini limonaad n\u00e4put\u00e4ie soolaga 250 ml PURK - BBQ Entertainment\",\"isPartOf\":{\"@id\":\"https:\\\/\\\/bbqentertainment.com\\\/#website\"},\"primaryImageOfPage\":{\"@id\":\"https:\\\/\\\/bbqentertainment.com\\\/toode\\\/artisan-roosa-greibi-ja-veriapelsini-limonaad-naputaie-soolaga-250-ml-purk\\\/#primaryimage\"},\"image\":{\"@id\":\"https:\\\/\\\/bbqentertainment.com\\\/toode\\\/artisan-roosa-greibi-ja-veriapelsini-limonaad-naputaie-soolaga-250-ml-purk\\\/#primaryimage\"},\"thumbnailUrl\":\"https:\\\/\\\/bbqentertainment.com\\\/wp-content\\\/uploads\\\/2024\\\/07\\\/Pink-Front-Background.webp\",\"datePublished\":\"2024-07-09T12:41:52+00:00\",\"dateModified\":\"2026-01-10T17:46:57+00:00\",\"breadcrumb\":{\"@id\":\"https:\\\/\\\/bbqentertainment.com\\\/toode\\\/artisan-roosa-greibi-ja-veriapelsini-limonaad-naputaie-soolaga-250-ml-purk\\\/#breadcrumb\"},\"inLanguage\":\"en-US\",\"potentialAction\":[{\"@type\":\"ReadAction\",\"target\":[\"https:\\\/\\\/bbqentertainment.com\\\/toode\\\/artisan-roosa-greibi-ja-veriapelsini-limonaad-naputaie-soolaga-250-ml-purk\\\/\"]}]},{\"@type\":\"ImageObject\",\"inLanguage\":\"en-US\",\"@id\":\"https:\\\/\\\/bbqentertainment.com\\\/toode\\\/artisan-roosa-greibi-ja-veriapelsini-limonaad-naputaie-soolaga-250-ml-purk\\\/#primaryimage\",\"url\":\"https:\\\/\\\/bbqentertainment.com\\\/wp-content\\\/uploads\\\/2024\\\/07\\\/Pink-Front-Background.webp\",\"contentUrl\":\"https:\\\/\\\/bbqentertainment.com\\\/wp-content\\\/uploads\\\/2024\\\/07\\\/Pink-Front-Background.webp\",\"width\":713,\"height\":713},{\"@type\":\"BreadcrumbList\",\"@id\":\"https:\\\/\\\/bbqentertainment.com\\\/toode\\\/artisan-roosa-greibi-ja-veriapelsini-limonaad-naputaie-soolaga-250-ml-purk\\\/#breadcrumb\",\"itemListElement\":[{\"@type\":\"ListItem\",\"position\":1,\"name\":\"AVALEHT\",\"item\":\"https:\\\/\\\/bbqentertainment.com\\\/en\\\/\"},{\"@type\":\"ListItem\",\"position\":2,\"name\":\"Tooted\",\"item\":\"https:\\\/\\\/bbqentertainment.com\\\/tooted\\\/\"},{\"@type\":\"ListItem\",\"position\":3,\"name\":\"Joogid\",\"item\":\"https:\\\/\\\/bbqentertainment.com\\\/tootekategooria\\\/joogid\\\/\"},{\"@type\":\"ListItem\",\"position\":4,\"name\":\"Toonikud ja limonaadid\",\"item\":\"https:\\\/\\\/bbqentertainment.com\\\/tootekategooria\\\/joogid\\\/toonikud\\\/\"},{\"@type\":\"ListItem\",\"position\":5,\"name\":\"ARTISAN\",\"item\":\"https:\\\/\\\/bbqentertainment.com\\\/tootekategooria\\\/joogid\\\/toonikud\\\/artisan\\\/\"},{\"@type\":\"ListItem\",\"position\":6,\"name\":\"Artisan roosa greibi- ja veriapelsini limonaad n\u00e4put\u00e4ie soolaga 250 ml PURK\"}]},{\"@type\":\"WebSite\",\"@id\":\"https:\\\/\\\/bbqentertainment.com\\\/#website\",\"url\":\"https:\\\/\\\/bbqentertainment.com\\\/\",\"name\":\"BBQ Entertainment\",\"description\":\"BBQ is a great lifestyle, not just fun!\",\"publisher\":{\"@id\":\"https:\\\/\\\/bbqentertainment.com\\\/#organization\"},\"potentialAction\":[{\"@type\":\"SearchAction\",\"target\":{\"@type\":\"EntryPoint\",\"urlTemplate\":\"https:\\\/\\\/bbqentertainment.com\\\/?s={search_term_string}\"},\"query-input\":{\"@type\":\"PropertyValueSpecification\",\"valueRequired\":true,\"valueName\":\"search_term_string\"}}],\"inLanguage\":\"en-US\"},{\"@type\":\"Organization\",\"@id\":\"https:\\\/\\\/bbqentertainment.com\\\/#organization\",\"name\":\"BBQ Entertainment O\u00dc\",\"url\":\"https:\\\/\\\/bbqentertainment.com\\\/\",\"logo\":{\"@type\":\"ImageObject\",\"inLanguage\":\"en-US\",\"@id\":\"https:\\\/\\\/bbqentertainment.com\\\/#\\\/schema\\\/logo\\\/image\\\/\",\"url\":\"https:\\\/\\\/bbqentertainment.com\\\/wp-content\\\/uploads\\\/2020\\\/04\\\/BBQ-Entertainment-N-Catering-Enn-Tobreluts-Logo.png\",\"contentUrl\":\"https:\\\/\\\/bbqentertainment.com\\\/wp-content\\\/uploads\\\/2020\\\/04\\\/BBQ-Entertainment-N-Catering-Enn-Tobreluts-Logo.png\",\"width\":628,\"height\":266,\"caption\":\"BBQ Entertainment O\u00dc\"},\"image\":{\"@id\":\"https:\\\/\\\/bbqentertainment.com\\\/#\\\/schema\\\/logo\\\/image\\\/\"},\"sameAs\":[\"https:\\\/\\\/www.facebook.com\\\/BBQ-Entertainment-N-Catering-2437913376443540\",\"https:\\\/\\\/www.instagram.com\\\/bbqentertainmentncatering\\\/\",\"https:\\\/\\\/www.youtube.com\\\/channel\\\/UCmpuANQVhLy2Md8nrenp2jA\"]}]}<\/script>\n<!-- \/ Yoast SEO plugin. -->","yoast_head_json":{"title":"Artisan roosa greibi- ja veriapelsini limonaad n\u00e4put\u00e4ie soolaga 250 ml PURK - BBQ Entertainment","robots":{"index":"index","follow":"follow","max-snippet":"max-snippet:-1","max-image-preview":"max-image-preview:large","max-video-preview":"max-video-preview:-1"},"canonical":"https:\/\/bbqentertainment.com\/toode\/artisan-roosa-greibi-ja-veriapelsini-limonaad-naputaie-soolaga-250-ml-purk\/","og_locale":"en_US","og_type":"article","og_title":"Artisan roosa greibi- ja veriapelsini limonaad n\u00e4put\u00e4ie soolaga 250 ml PURK - BBQ Entertainment","og_description":"Artisan roosa greibi- ja veriapelsini limonaad n\u00e4put\u00e4ie soolaga 250 ml PURK PINK GRAPEFRUIT &amp; BLOOD ORANGE SODA with a pinch of salt 250 ml (suhkrusisaldus vaid 3,9%)  See ikooniline tsitruseliste duo on rikastatud n\u00e4puotsakese soolaga, luues m\u00f5nusa k\u00e4sit\u00f6\u00f6na valminud limonaadi.   SOBIV SUURUS KAASA V\u00d5TMISEKS \u2013 olenemata sellest, kas olete rongis v\u00f5i pargis, Artisan k\u00e4sit\u00f6\u00f6joogid sobivad ideaalselt liikvel olevate hetkede jaoks.    100% LOODUSLIKUD KOOSTISOSAD \u2013 k\u00f5ik 3 meie k\u00e4sit\u00f6\u00f6na valminud limonaadi sisaldavad 100% looduslikke koostisosi ning ei sisalda kunstlikke v\u00e4rv-, maitse- ega s\u00e4ilitusaineid.    MADAL KALORSUS \u2013 250 ml purk limonaadi sisaldab ainult 48 kalorit. Lisaks v\u00e4hestele kaloritele on limonaadis ka v\u00e4he suhkrut aga samas SUUR maitse.","og_url":"https:\/\/bbqentertainment.com\/toode\/artisan-roosa-greibi-ja-veriapelsini-limonaad-naputaie-soolaga-250-ml-purk\/","og_site_name":"BBQ Entertainment","article_publisher":"https:\/\/www.facebook.com\/BBQ-Entertainment-N-Catering-2437913376443540","article_modified_time":"2026-01-10T17:46:57+00:00","og_image":[{"width":713,"height":713,"url":"https:\/\/bbqentertainment.com\/wp-content\/uploads\/2024\/07\/Pink-Front-Background.webp","type":"image\/webp"}],"twitter_card":"summary_large_image","twitter_misc":{"Est. reading time":"1 minute"},"schema":{"@context":"https:\/\/schema.org","@graph":[{"@type":["WebPage","ItemPage"],"@id":"https:\/\/bbqentertainment.com\/toode\/artisan-roosa-greibi-ja-veriapelsini-limonaad-naputaie-soolaga-250-ml-purk\/","url":"https:\/\/bbqentertainment.com\/toode\/artisan-roosa-greibi-ja-veriapelsini-limonaad-naputaie-soolaga-250-ml-purk\/","name":"Artisan roosa greibi- ja veriapelsini limonaad n\u00e4put\u00e4ie soolaga 250 ml PURK - BBQ Entertainment","isPartOf":{"@id":"https:\/\/bbqentertainment.com\/#website"},"primaryImageOfPage":{"@id":"https:\/\/bbqentertainment.com\/toode\/artisan-roosa-greibi-ja-veriapelsini-limonaad-naputaie-soolaga-250-ml-purk\/#primaryimage"},"image":{"@id":"https:\/\/bbqentertainment.com\/toode\/artisan-roosa-greibi-ja-veriapelsini-limonaad-naputaie-soolaga-250-ml-purk\/#primaryimage"},"thumbnailUrl":"https:\/\/bbqentertainment.com\/wp-content\/uploads\/2024\/07\/Pink-Front-Background.webp","datePublished":"2024-07-09T12:41:52+00:00","dateModified":"2026-01-10T17:46:57+00:00","breadcrumb":{"@id":"https:\/\/bbqentertainment.com\/toode\/artisan-roosa-greibi-ja-veriapelsini-limonaad-naputaie-soolaga-250-ml-purk\/#breadcrumb"},"inLanguage":"en-US","potentialAction":[{"@type":"ReadAction","target":["https:\/\/bbqentertainment.com\/toode\/artisan-roosa-greibi-ja-veriapelsini-limonaad-naputaie-soolaga-250-ml-purk\/"]}]},{"@type":"ImageObject","inLanguage":"en-US","@id":"https:\/\/bbqentertainment.com\/toode\/artisan-roosa-greibi-ja-veriapelsini-limonaad-naputaie-soolaga-250-ml-purk\/#primaryimage","url":"https:\/\/bbqentertainment.com\/wp-content\/uploads\/2024\/07\/Pink-Front-Background.webp","contentUrl":"https:\/\/bbqentertainment.com\/wp-content\/uploads\/2024\/07\/Pink-Front-Background.webp","width":713,"height":713},{"@type":"BreadcrumbList","@id":"https:\/\/bbqentertainment.com\/toode\/artisan-roosa-greibi-ja-veriapelsini-limonaad-naputaie-soolaga-250-ml-purk\/#breadcrumb","itemListElement":[{"@type":"ListItem","position":1,"name":"AVALEHT","item":"https:\/\/bbqentertainment.com\/en\/"},{"@type":"ListItem","position":2,"name":"Tooted","item":"https:\/\/bbqentertainment.com\/tooted\/"},{"@type":"ListItem","position":3,"name":"Joogid","item":"https:\/\/bbqentertainment.com\/tootekategooria\/joogid\/"},{"@type":"ListItem","position":4,"name":"Toonikud ja limonaadid","item":"https:\/\/bbqentertainment.com\/tootekategooria\/joogid\/toonikud\/"},{"@type":"ListItem","position":5,"name":"ARTISAN","item":"https:\/\/bbqentertainment.com\/tootekategooria\/joogid\/toonikud\/artisan\/"},{"@type":"ListItem","position":6,"name":"Artisan roosa greibi- ja veriapelsini limonaad n\u00e4put\u00e4ie soolaga 250 ml PURK"}]},{"@type":"WebSite","@id":"https:\/\/bbqentertainment.com\/#website","url":"https:\/\/bbqentertainment.com\/","name":"BBQ Entertainment","description":"BBQ is a great lifestyle, not just fun!","publisher":{"@id":"https:\/\/bbqentertainment.com\/#organization"},"potentialAction":[{"@type":"SearchAction","target":{"@type":"EntryPoint","urlTemplate":"https:\/\/bbqentertainment.com\/?s={search_term_string}"},"query-input":{"@type":"PropertyValueSpecification","valueRequired":true,"valueName":"search_term_string"}}],"inLanguage":"en-US"},{"@type":"Organization","@id":"https:\/\/bbqentertainment.com\/#organization","name":"BBQ Entertainment O\u00dc","url":"https:\/\/bbqentertainment.com\/","logo":{"@type":"ImageObject","inLanguage":"en-US","@id":"https:\/\/bbqentertainment.com\/#\/schema\/logo\/image\/","url":"https:\/\/bbqentertainment.com\/wp-content\/uploads\/2020\/04\/BBQ-Entertainment-N-Catering-Enn-Tobreluts-Logo.png","contentUrl":"https:\/\/bbqentertainment.com\/wp-content\/uploads\/2020\/04\/BBQ-Entertainment-N-Catering-Enn-Tobreluts-Logo.png","width":628,"height":266,"caption":"BBQ Entertainment O\u00dc"},"image":{"@id":"https:\/\/bbqentertainment.com\/#\/schema\/logo\/image\/"},"sameAs":["https:\/\/www.facebook.com\/BBQ-Entertainment-N-Catering-2437913376443540","https:\/\/www.instagram.com\/bbqentertainmentncatering\/","https:\/\/www.youtube.com\/channel\/UCmpuANQVhLy2Md8nrenp2jA"]}]}},"_links":{"self":[{"href":"https:\/\/bbqentertainment.com\/en\/wp-json\/wp\/v2\/product\/248524","targetHints":{"allow":["GET"]}}],"collection":[{"href":"https:\/\/bbqentertainment.com\/en\/wp-json\/wp\/v2\/product"}],"about":[{"href":"https:\/\/bbqentertainment.com\/en\/wp-json\/wp\/v2\/types\/product"}],"wp:featuredmedia":[{"embeddable":true,"href":"https:\/\/bbqentertainment.com\/en\/wp-json\/wp\/v2\/media\/248525"}],"wp:attachment":[{"href":"https:\/\/bbqentertainment.com\/en\/wp-json\/wp\/v2\/media?parent=248524"}],"wp:term":[{"taxonomy":"product_brand","embeddable":true,"href":"https:\/\/bbqentertainment.com\/en\/wp-json\/wp\/v2\/product_brand?post=248524"},{"taxonomy":"product_cat","embeddable":true,"href":"https:\/\/bbqentertainment.com\/en\/wp-json\/wp\/v2\/product_cat?post=248524"},{"taxonomy":"product_tag","embeddable":true,"href":"https:\/\/bbqentertainment.com\/en\/wp-json\/wp\/v2\/product_tag?post=248524"}],"curies":[{"name":"wp","href":"https:\/\/api.w.org\/{rel}","templated":true}]}}