{"id":248720,"date":"2024-08-27T17:54:34","date_gmt":"2024-08-27T14:54:34","guid":{"rendered":"https:\/\/bbqentertainment.com\/?post_type=product&#038;p=248720"},"modified":"2025-07-25T13:46:01","modified_gmt":"2025-07-25T10:46:01","slug":"forged-flambadou-sepistatud-rasvatilguti","status":"publish","type":"product","link":"https:\/\/bbqentertainment.com\/en\/toode\/forged-flambadou-sepistatud-rasvatilguti\/","title":{"rendered":"Forged Flambadou sepistatud rasvatilguti"},"content":{"rendered":"","protected":false},"excerpt":{"rendered":"<h3>Forged Flambadou sepistatud rasvatilguti<\/h3>\n<p>Forged Flambadou ei ole mitte ainult toitude valmistamiseks, vaid ka muljetavaldavaks esitluseks. Kuumad s\u00f6ed, suured leegid ja tilkuv rasv, mis s\u00fcttib ja annab roogadele suurep\u00e4rase maitse, pakuvad t\u00f5elist elamust! Punaseks kuumutatud malmkoonusesse lisatud rasv sulab ja tilgub ajajookul, andes lihale, kalale v\u00f5i k\u00f6\u00f6giviljadele t\u00e4iendava maitsen\u00fcansi. See on ideaalne viis, kuidas anda roogadele viimane lihv ja muuta need veelgi maitsvamaks.<\/p>\n<p>M\u00f5\u00f5tmed: 95x20x6,5<br \/>\nMaterjal: Malm, SS 430 teras, oliivipuu<br \/>\nGarantii: 2 aastat<br \/>\nN\u00f5udepesumasinas pestav: Ei<\/p>\n","protected":false},"featured_media":248723,"template":"","meta":{"inline_featured_image":false},"product_brand":[],"product_cat":[92,479],"product_tag":[],"class_list":{"0":"post-248720","1":"product","2":"type-product","3":"status-publish","4":"has-post-thumbnail","6":"product_cat-lisatarvikud","7":"product_cat-grillitarvikud","9":"first","10":"instock","11":"taxable","12":"shipping-taxable","13":"purchasable","14":"product-type-simple"},"yoast_head":"<!-- This site is optimized with the Yoast SEO plugin v27.4 - https:\/\/yoast.com\/product\/yoast-seo-wordpress\/ -->\n<title>Forged Flambadou sepistatud rasvatilguti - BBQ Entertainment<\/title>\n<meta name=\"robots\" content=\"index, follow, max-snippet:-1, max-image-preview:large, max-video-preview:-1\" \/>\n<link rel=\"canonical\" href=\"https:\/\/bbqentertainment.com\/toode\/forged-flambadou-sepistatud-rasvatilguti\/\" \/>\n<meta property=\"og:locale\" content=\"en_US\" \/>\n<meta property=\"og:type\" content=\"article\" \/>\n<meta property=\"og:title\" content=\"Forged Flambadou sepistatud rasvatilguti - BBQ Entertainment\" \/>\n<meta property=\"og:description\" content=\"Forged Flambadou sepistatud rasvatilguti Forged Flambadou ei ole mitte ainult toitude valmistamiseks, vaid ka muljetavaldavaks esitluseks. Kuumad s\u00f6ed, suured leegid ja tilkuv rasv, mis s\u00fcttib ja annab roogadele suurep\u00e4rase maitse, pakuvad t\u00f5elist elamust! Punaseks kuumutatud malmkoonusesse lisatud rasv sulab ja tilgub ajajookul, andes lihale, kalale v\u00f5i k\u00f6\u00f6giviljadele t\u00e4iendava maitsen\u00fcansi. See on ideaalne viis, kuidas anda roogadele viimane lihv ja muuta need veelgi maitsvamaks.  M\u00f5\u00f5tmed: 95x20x6,5 Materjal: Malm, SS 430 teras, oliivipuu Garantii: 2 aastat N\u00f5udepesumasinas pestav: Ei\" \/>\n<meta property=\"og:url\" content=\"https:\/\/bbqentertainment.com\/toode\/forged-flambadou-sepistatud-rasvatilguti\/\" \/>\n<meta property=\"og:site_name\" content=\"BBQ Entertainment\" \/>\n<meta property=\"article:publisher\" content=\"https:\/\/www.facebook.com\/BBQ-Entertainment-N-Catering-2437913376443540\" \/>\n<meta property=\"article:modified_time\" content=\"2025-07-25T10:46:01+00:00\" \/>\n<meta property=\"og:image\" content=\"https:\/\/bbqentertainment.com\/wp-content\/uploads\/2024\/08\/olflambadou.webp\" \/>\n\t<meta property=\"og:image:width\" content=\"1000\" \/>\n\t<meta property=\"og:image:height\" content=\"1000\" \/>\n\t<meta property=\"og:image:type\" content=\"image\/webp\" \/>\n<meta name=\"twitter:card\" content=\"summary_large_image\" \/>\n<meta name=\"twitter:label1\" content=\"Est. reading time\" \/>\n\t<meta name=\"twitter:data1\" content=\"1 minute\" \/>\n<script type=\"application\/ld+json\" class=\"yoast-schema-graph\">{\"@context\":\"https:\\\/\\\/schema.org\",\"@graph\":[{\"@type\":[\"WebPage\",\"ItemPage\"],\"@id\":\"https:\\\/\\\/bbqentertainment.com\\\/toode\\\/forged-flambadou-sepistatud-rasvatilguti\\\/\",\"url\":\"https:\\\/\\\/bbqentertainment.com\\\/toode\\\/forged-flambadou-sepistatud-rasvatilguti\\\/\",\"name\":\"Forged Flambadou sepistatud rasvatilguti - BBQ Entertainment\",\"isPartOf\":{\"@id\":\"https:\\\/\\\/bbqentertainment.com\\\/#website\"},\"primaryImageOfPage\":{\"@id\":\"https:\\\/\\\/bbqentertainment.com\\\/toode\\\/forged-flambadou-sepistatud-rasvatilguti\\\/#primaryimage\"},\"image\":{\"@id\":\"https:\\\/\\\/bbqentertainment.com\\\/toode\\\/forged-flambadou-sepistatud-rasvatilguti\\\/#primaryimage\"},\"thumbnailUrl\":\"https:\\\/\\\/bbqentertainment.com\\\/wp-content\\\/uploads\\\/2024\\\/08\\\/olflambadou.webp\",\"datePublished\":\"2024-08-27T14:54:34+00:00\",\"dateModified\":\"2025-07-25T10:46:01+00:00\",\"breadcrumb\":{\"@id\":\"https:\\\/\\\/bbqentertainment.com\\\/toode\\\/forged-flambadou-sepistatud-rasvatilguti\\\/#breadcrumb\"},\"inLanguage\":\"en-US\",\"potentialAction\":[{\"@type\":\"ReadAction\",\"target\":[\"https:\\\/\\\/bbqentertainment.com\\\/toode\\\/forged-flambadou-sepistatud-rasvatilguti\\\/\"]}]},{\"@type\":\"ImageObject\",\"inLanguage\":\"en-US\",\"@id\":\"https:\\\/\\\/bbqentertainment.com\\\/toode\\\/forged-flambadou-sepistatud-rasvatilguti\\\/#primaryimage\",\"url\":\"https:\\\/\\\/bbqentertainment.com\\\/wp-content\\\/uploads\\\/2024\\\/08\\\/olflambadou.webp\",\"contentUrl\":\"https:\\\/\\\/bbqentertainment.com\\\/wp-content\\\/uploads\\\/2024\\\/08\\\/olflambadou.webp\",\"width\":1000,\"height\":1000},{\"@type\":\"BreadcrumbList\",\"@id\":\"https:\\\/\\\/bbqentertainment.com\\\/toode\\\/forged-flambadou-sepistatud-rasvatilguti\\\/#breadcrumb\",\"itemListElement\":[{\"@type\":\"ListItem\",\"position\":1,\"name\":\"AVALEHT\",\"item\":\"https:\\\/\\\/bbqentertainment.com\\\/en\\\/\"},{\"@type\":\"ListItem\",\"position\":2,\"name\":\"Tooted\",\"item\":\"https:\\\/\\\/bbqentertainment.com\\\/tooted\\\/\"},{\"@type\":\"ListItem\",\"position\":3,\"name\":\"Lisatarvikud\",\"item\":\"https:\\\/\\\/bbqentertainment.com\\\/tootekategooria\\\/lisatarvikud\\\/\"},{\"@type\":\"ListItem\",\"position\":4,\"name\":\"Forged Flambadou sepistatud rasvatilguti\"}]},{\"@type\":\"WebSite\",\"@id\":\"https:\\\/\\\/bbqentertainment.com\\\/#website\",\"url\":\"https:\\\/\\\/bbqentertainment.com\\\/\",\"name\":\"BBQ Entertainment\",\"description\":\"BBQ is a great lifestyle, not just fun!\",\"publisher\":{\"@id\":\"https:\\\/\\\/bbqentertainment.com\\\/#organization\"},\"potentialAction\":[{\"@type\":\"SearchAction\",\"target\":{\"@type\":\"EntryPoint\",\"urlTemplate\":\"https:\\\/\\\/bbqentertainment.com\\\/?s={search_term_string}\"},\"query-input\":{\"@type\":\"PropertyValueSpecification\",\"valueRequired\":true,\"valueName\":\"search_term_string\"}}],\"inLanguage\":\"en-US\"},{\"@type\":\"Organization\",\"@id\":\"https:\\\/\\\/bbqentertainment.com\\\/#organization\",\"name\":\"BBQ Entertainment O\u00dc\",\"url\":\"https:\\\/\\\/bbqentertainment.com\\\/\",\"logo\":{\"@type\":\"ImageObject\",\"inLanguage\":\"en-US\",\"@id\":\"https:\\\/\\\/bbqentertainment.com\\\/#\\\/schema\\\/logo\\\/image\\\/\",\"url\":\"https:\\\/\\\/bbqentertainment.com\\\/wp-content\\\/uploads\\\/2020\\\/04\\\/BBQ-Entertainment-N-Catering-Enn-Tobreluts-Logo.png\",\"contentUrl\":\"https:\\\/\\\/bbqentertainment.com\\\/wp-content\\\/uploads\\\/2020\\\/04\\\/BBQ-Entertainment-N-Catering-Enn-Tobreluts-Logo.png\",\"width\":628,\"height\":266,\"caption\":\"BBQ Entertainment O\u00dc\"},\"image\":{\"@id\":\"https:\\\/\\\/bbqentertainment.com\\\/#\\\/schema\\\/logo\\\/image\\\/\"},\"sameAs\":[\"https:\\\/\\\/www.facebook.com\\\/BBQ-Entertainment-N-Catering-2437913376443540\",\"https:\\\/\\\/www.instagram.com\\\/bbqentertainmentncatering\\\/\",\"https:\\\/\\\/www.youtube.com\\\/channel\\\/UCmpuANQVhLy2Md8nrenp2jA\"]}]}<\/script>\n<!-- \/ Yoast SEO plugin. -->","yoast_head_json":{"title":"Forged Flambadou sepistatud rasvatilguti - BBQ Entertainment","robots":{"index":"index","follow":"follow","max-snippet":"max-snippet:-1","max-image-preview":"max-image-preview:large","max-video-preview":"max-video-preview:-1"},"canonical":"https:\/\/bbqentertainment.com\/toode\/forged-flambadou-sepistatud-rasvatilguti\/","og_locale":"en_US","og_type":"article","og_title":"Forged Flambadou sepistatud rasvatilguti - BBQ Entertainment","og_description":"Forged Flambadou sepistatud rasvatilguti Forged Flambadou ei ole mitte ainult toitude valmistamiseks, vaid ka muljetavaldavaks esitluseks. Kuumad s\u00f6ed, suured leegid ja tilkuv rasv, mis s\u00fcttib ja annab roogadele suurep\u00e4rase maitse, pakuvad t\u00f5elist elamust! Punaseks kuumutatud malmkoonusesse lisatud rasv sulab ja tilgub ajajookul, andes lihale, kalale v\u00f5i k\u00f6\u00f6giviljadele t\u00e4iendava maitsen\u00fcansi. See on ideaalne viis, kuidas anda roogadele viimane lihv ja muuta need veelgi maitsvamaks.  M\u00f5\u00f5tmed: 95x20x6,5 Materjal: Malm, SS 430 teras, oliivipuu Garantii: 2 aastat N\u00f5udepesumasinas pestav: Ei","og_url":"https:\/\/bbqentertainment.com\/toode\/forged-flambadou-sepistatud-rasvatilguti\/","og_site_name":"BBQ Entertainment","article_publisher":"https:\/\/www.facebook.com\/BBQ-Entertainment-N-Catering-2437913376443540","article_modified_time":"2025-07-25T10:46:01+00:00","og_image":[{"width":1000,"height":1000,"url":"https:\/\/bbqentertainment.com\/wp-content\/uploads\/2024\/08\/olflambadou.webp","type":"image\/webp"}],"twitter_card":"summary_large_image","twitter_misc":{"Est. reading time":"1 minute"},"schema":{"@context":"https:\/\/schema.org","@graph":[{"@type":["WebPage","ItemPage"],"@id":"https:\/\/bbqentertainment.com\/toode\/forged-flambadou-sepistatud-rasvatilguti\/","url":"https:\/\/bbqentertainment.com\/toode\/forged-flambadou-sepistatud-rasvatilguti\/","name":"Forged Flambadou sepistatud rasvatilguti - BBQ Entertainment","isPartOf":{"@id":"https:\/\/bbqentertainment.com\/#website"},"primaryImageOfPage":{"@id":"https:\/\/bbqentertainment.com\/toode\/forged-flambadou-sepistatud-rasvatilguti\/#primaryimage"},"image":{"@id":"https:\/\/bbqentertainment.com\/toode\/forged-flambadou-sepistatud-rasvatilguti\/#primaryimage"},"thumbnailUrl":"https:\/\/bbqentertainment.com\/wp-content\/uploads\/2024\/08\/olflambadou.webp","datePublished":"2024-08-27T14:54:34+00:00","dateModified":"2025-07-25T10:46:01+00:00","breadcrumb":{"@id":"https:\/\/bbqentertainment.com\/toode\/forged-flambadou-sepistatud-rasvatilguti\/#breadcrumb"},"inLanguage":"en-US","potentialAction":[{"@type":"ReadAction","target":["https:\/\/bbqentertainment.com\/toode\/forged-flambadou-sepistatud-rasvatilguti\/"]}]},{"@type":"ImageObject","inLanguage":"en-US","@id":"https:\/\/bbqentertainment.com\/toode\/forged-flambadou-sepistatud-rasvatilguti\/#primaryimage","url":"https:\/\/bbqentertainment.com\/wp-content\/uploads\/2024\/08\/olflambadou.webp","contentUrl":"https:\/\/bbqentertainment.com\/wp-content\/uploads\/2024\/08\/olflambadou.webp","width":1000,"height":1000},{"@type":"BreadcrumbList","@id":"https:\/\/bbqentertainment.com\/toode\/forged-flambadou-sepistatud-rasvatilguti\/#breadcrumb","itemListElement":[{"@type":"ListItem","position":1,"name":"AVALEHT","item":"https:\/\/bbqentertainment.com\/en\/"},{"@type":"ListItem","position":2,"name":"Tooted","item":"https:\/\/bbqentertainment.com\/tooted\/"},{"@type":"ListItem","position":3,"name":"Lisatarvikud","item":"https:\/\/bbqentertainment.com\/tootekategooria\/lisatarvikud\/"},{"@type":"ListItem","position":4,"name":"Forged Flambadou sepistatud rasvatilguti"}]},{"@type":"WebSite","@id":"https:\/\/bbqentertainment.com\/#website","url":"https:\/\/bbqentertainment.com\/","name":"BBQ Entertainment","description":"BBQ is a great lifestyle, not just fun!","publisher":{"@id":"https:\/\/bbqentertainment.com\/#organization"},"potentialAction":[{"@type":"SearchAction","target":{"@type":"EntryPoint","urlTemplate":"https:\/\/bbqentertainment.com\/?s={search_term_string}"},"query-input":{"@type":"PropertyValueSpecification","valueRequired":true,"valueName":"search_term_string"}}],"inLanguage":"en-US"},{"@type":"Organization","@id":"https:\/\/bbqentertainment.com\/#organization","name":"BBQ Entertainment O\u00dc","url":"https:\/\/bbqentertainment.com\/","logo":{"@type":"ImageObject","inLanguage":"en-US","@id":"https:\/\/bbqentertainment.com\/#\/schema\/logo\/image\/","url":"https:\/\/bbqentertainment.com\/wp-content\/uploads\/2020\/04\/BBQ-Entertainment-N-Catering-Enn-Tobreluts-Logo.png","contentUrl":"https:\/\/bbqentertainment.com\/wp-content\/uploads\/2020\/04\/BBQ-Entertainment-N-Catering-Enn-Tobreluts-Logo.png","width":628,"height":266,"caption":"BBQ Entertainment O\u00dc"},"image":{"@id":"https:\/\/bbqentertainment.com\/#\/schema\/logo\/image\/"},"sameAs":["https:\/\/www.facebook.com\/BBQ-Entertainment-N-Catering-2437913376443540","https:\/\/www.instagram.com\/bbqentertainmentncatering\/","https:\/\/www.youtube.com\/channel\/UCmpuANQVhLy2Md8nrenp2jA"]}]}},"_links":{"self":[{"href":"https:\/\/bbqentertainment.com\/en\/wp-json\/wp\/v2\/product\/248720","targetHints":{"allow":["GET"]}}],"collection":[{"href":"https:\/\/bbqentertainment.com\/en\/wp-json\/wp\/v2\/product"}],"about":[{"href":"https:\/\/bbqentertainment.com\/en\/wp-json\/wp\/v2\/types\/product"}],"wp:featuredmedia":[{"embeddable":true,"href":"https:\/\/bbqentertainment.com\/en\/wp-json\/wp\/v2\/media\/248723"}],"wp:attachment":[{"href":"https:\/\/bbqentertainment.com\/en\/wp-json\/wp\/v2\/media?parent=248720"}],"wp:term":[{"taxonomy":"product_brand","embeddable":true,"href":"https:\/\/bbqentertainment.com\/en\/wp-json\/wp\/v2\/product_brand?post=248720"},{"taxonomy":"product_cat","embeddable":true,"href":"https:\/\/bbqentertainment.com\/en\/wp-json\/wp\/v2\/product_cat?post=248720"},{"taxonomy":"product_tag","embeddable":true,"href":"https:\/\/bbqentertainment.com\/en\/wp-json\/wp\/v2\/product_tag?post=248720"}],"curies":[{"name":"wp","href":"https:\/\/api.w.org\/{rel}","templated":true}]}}