{"id":248740,"date":"2024-08-19T15:01:41","date_gmt":"2024-08-19T12:01:41","guid":{"rendered":"https:\/\/bbqentertainment.com\/?post_type=product&#038;p=248740"},"modified":"2025-07-25T13:45:52","modified_gmt":"2025-07-25T10:45:52","slug":"forged-60cm-suur-kaheharuline-churrasco-sepistatud-grill-varras-kaepidemega","status":"publish","type":"product","link":"https:\/\/bbqentertainment.com\/en\/toode\/forged-60cm-suur-kaheharuline-churrasco-sepistatud-grill-varras-kaepidemega\/","title":{"rendered":"Forged 60 cm suur kaheharuline Churrasco sepistatud grill-varras k\u00e4epidemega"},"content":{"rendered":"","protected":false},"excerpt":{"rendered":"<h3>Forged 60 cm suur kaheharuline Churrasco sepistatud grill-varras k\u00e4epidemega<\/h3>\n<p>60 cm pikkune oliivipuidust ja kvaliteetsest terasest valmistatud kahvli varras on mugav k\u00e4es hoida t\u00e4nu oliivipuidust k\u00e4epideme \u00fcmarale-ovaalsele kujule. Teravad otsad v\u00f5imaldavad h\u00f5lpsalt toidut\u00fckke vardale l\u00fckkida, ja kvaliteetne teras tagab, et need p\u00fcsivad kindlalt paigal grillimise ja serveerimise ajal. Churrasco stiil, mis p\u00e4rineb Brasiilia kauboide ajast, v\u00f5imaldab Forged Churrasco sarja kaudu seda kogemust kodus nautida.<\/p>\n<p>M\u00f5\u00f5tmed: 79&#215;9,6&#215;3,5<br \/>\nMaterjal: SS 430 teras, oliivipuu<br \/>\nGarantii: 2 aastat<br \/>\nN\u00f5udepesumasinas pestav: Ei<\/p>\n","protected":false},"featured_media":248736,"template":"","meta":{"inline_featured_image":false},"product_brand":[],"product_cat":[92,479],"product_tag":[],"class_list":{"0":"post-248740","1":"product","2":"type-product","3":"status-publish","4":"has-post-thumbnail","6":"product_cat-lisatarvikud","7":"product_cat-grillitarvikud","9":"first","10":"instock","11":"taxable","12":"shipping-taxable","13":"purchasable","14":"product-type-simple"},"yoast_head":"<!-- This site is optimized with the Yoast SEO plugin v27.4 - https:\/\/yoast.com\/product\/yoast-seo-wordpress\/ -->\n<title>Forged 60 cm suur kaheharuline Churrasco sepistatud grill-varras k\u00e4epidemega - BBQ Entertainment<\/title>\n<meta name=\"robots\" content=\"index, follow, max-snippet:-1, max-image-preview:large, max-video-preview:-1\" \/>\n<link rel=\"canonical\" href=\"https:\/\/bbqentertainment.com\/toode\/forged-60cm-suur-kaheharuline-churrasco-sepistatud-grill-varras-kaepidemega\/\" \/>\n<meta property=\"og:locale\" content=\"en_US\" \/>\n<meta property=\"og:type\" content=\"article\" \/>\n<meta property=\"og:title\" content=\"Forged 60 cm suur kaheharuline Churrasco sepistatud grill-varras k\u00e4epidemega - BBQ Entertainment\" \/>\n<meta property=\"og:description\" content=\"Forged 60 cm suur kaheharuline Churrasco sepistatud grill-varras k\u00e4epidemega 60 cm pikkune oliivipuidust ja kvaliteetsest terasest valmistatud kahvli varras on mugav k\u00e4es hoida t\u00e4nu oliivipuidust k\u00e4epideme \u00fcmarale-ovaalsele kujule. Teravad otsad v\u00f5imaldavad h\u00f5lpsalt toidut\u00fckke vardale l\u00fckkida, ja kvaliteetne teras tagab, et need p\u00fcsivad kindlalt paigal grillimise ja serveerimise ajal. Churrasco stiil, mis p\u00e4rineb Brasiilia kauboide ajast, v\u00f5imaldab Forged Churrasco sarja kaudu seda kogemust kodus nautida.  M\u00f5\u00f5tmed: 79x9,6x3,5 Materjal: SS 430 teras, oliivipuu Garantii: 2 aastat N\u00f5udepesumasinas pestav: Ei\" \/>\n<meta property=\"og:url\" content=\"https:\/\/bbqentertainment.com\/toode\/forged-60cm-suur-kaheharuline-churrasco-sepistatud-grill-varras-kaepidemega\/\" \/>\n<meta property=\"og:site_name\" content=\"BBQ Entertainment\" \/>\n<meta property=\"article:publisher\" content=\"https:\/\/www.facebook.com\/BBQ-Entertainment-N-Catering-2437913376443540\" \/>\n<meta property=\"article:modified_time\" content=\"2025-07-25T10:45:52+00:00\" \/>\n<meta property=\"og:image\" content=\"https:\/\/bbqentertainment.com\/wp-content\/uploads\/2024\/08\/olskewf50_2.webp\" \/>\n\t<meta property=\"og:image:width\" content=\"783\" \/>\n\t<meta property=\"og:image:height\" content=\"784\" \/>\n\t<meta property=\"og:image:type\" content=\"image\/webp\" \/>\n<meta name=\"twitter:card\" content=\"summary_large_image\" \/>\n<meta name=\"twitter:label1\" content=\"Est. reading time\" \/>\n\t<meta name=\"twitter:data1\" content=\"1 minute\" \/>\n<script type=\"application\/ld+json\" class=\"yoast-schema-graph\">{\"@context\":\"https:\\\/\\\/schema.org\",\"@graph\":[{\"@type\":[\"WebPage\",\"ItemPage\"],\"@id\":\"https:\\\/\\\/bbqentertainment.com\\\/toode\\\/forged-60cm-suur-kaheharuline-churrasco-sepistatud-grill-varras-kaepidemega\\\/\",\"url\":\"https:\\\/\\\/bbqentertainment.com\\\/toode\\\/forged-60cm-suur-kaheharuline-churrasco-sepistatud-grill-varras-kaepidemega\\\/\",\"name\":\"Forged 60 cm suur kaheharuline Churrasco sepistatud grill-varras k\u00e4epidemega - BBQ Entertainment\",\"isPartOf\":{\"@id\":\"https:\\\/\\\/bbqentertainment.com\\\/#website\"},\"primaryImageOfPage\":{\"@id\":\"https:\\\/\\\/bbqentertainment.com\\\/toode\\\/forged-60cm-suur-kaheharuline-churrasco-sepistatud-grill-varras-kaepidemega\\\/#primaryimage\"},\"image\":{\"@id\":\"https:\\\/\\\/bbqentertainment.com\\\/toode\\\/forged-60cm-suur-kaheharuline-churrasco-sepistatud-grill-varras-kaepidemega\\\/#primaryimage\"},\"thumbnailUrl\":\"https:\\\/\\\/bbqentertainment.com\\\/wp-content\\\/uploads\\\/2024\\\/08\\\/olskewf50_2.webp\",\"datePublished\":\"2024-08-19T12:01:41+00:00\",\"dateModified\":\"2025-07-25T10:45:52+00:00\",\"breadcrumb\":{\"@id\":\"https:\\\/\\\/bbqentertainment.com\\\/toode\\\/forged-60cm-suur-kaheharuline-churrasco-sepistatud-grill-varras-kaepidemega\\\/#breadcrumb\"},\"inLanguage\":\"en-US\",\"potentialAction\":[{\"@type\":\"ReadAction\",\"target\":[\"https:\\\/\\\/bbqentertainment.com\\\/toode\\\/forged-60cm-suur-kaheharuline-churrasco-sepistatud-grill-varras-kaepidemega\\\/\"]}]},{\"@type\":\"ImageObject\",\"inLanguage\":\"en-US\",\"@id\":\"https:\\\/\\\/bbqentertainment.com\\\/toode\\\/forged-60cm-suur-kaheharuline-churrasco-sepistatud-grill-varras-kaepidemega\\\/#primaryimage\",\"url\":\"https:\\\/\\\/bbqentertainment.com\\\/wp-content\\\/uploads\\\/2024\\\/08\\\/olskewf50_2.webp\",\"contentUrl\":\"https:\\\/\\\/bbqentertainment.com\\\/wp-content\\\/uploads\\\/2024\\\/08\\\/olskewf50_2.webp\",\"width\":783,\"height\":784},{\"@type\":\"BreadcrumbList\",\"@id\":\"https:\\\/\\\/bbqentertainment.com\\\/toode\\\/forged-60cm-suur-kaheharuline-churrasco-sepistatud-grill-varras-kaepidemega\\\/#breadcrumb\",\"itemListElement\":[{\"@type\":\"ListItem\",\"position\":1,\"name\":\"AVALEHT\",\"item\":\"https:\\\/\\\/bbqentertainment.com\\\/en\\\/\"},{\"@type\":\"ListItem\",\"position\":2,\"name\":\"Tooted\",\"item\":\"https:\\\/\\\/bbqentertainment.com\\\/tooted\\\/\"},{\"@type\":\"ListItem\",\"position\":3,\"name\":\"Lisatarvikud\",\"item\":\"https:\\\/\\\/bbqentertainment.com\\\/tootekategooria\\\/lisatarvikud\\\/\"},{\"@type\":\"ListItem\",\"position\":4,\"name\":\"Forged 60 cm suur kaheharuline Churrasco sepistatud grill-varras k\u00e4epidemega\"}]},{\"@type\":\"WebSite\",\"@id\":\"https:\\\/\\\/bbqentertainment.com\\\/#website\",\"url\":\"https:\\\/\\\/bbqentertainment.com\\\/\",\"name\":\"BBQ Entertainment\",\"description\":\"BBQ is a great lifestyle, not just fun!\",\"publisher\":{\"@id\":\"https:\\\/\\\/bbqentertainment.com\\\/#organization\"},\"potentialAction\":[{\"@type\":\"SearchAction\",\"target\":{\"@type\":\"EntryPoint\",\"urlTemplate\":\"https:\\\/\\\/bbqentertainment.com\\\/?s={search_term_string}\"},\"query-input\":{\"@type\":\"PropertyValueSpecification\",\"valueRequired\":true,\"valueName\":\"search_term_string\"}}],\"inLanguage\":\"en-US\"},{\"@type\":\"Organization\",\"@id\":\"https:\\\/\\\/bbqentertainment.com\\\/#organization\",\"name\":\"BBQ Entertainment O\u00dc\",\"url\":\"https:\\\/\\\/bbqentertainment.com\\\/\",\"logo\":{\"@type\":\"ImageObject\",\"inLanguage\":\"en-US\",\"@id\":\"https:\\\/\\\/bbqentertainment.com\\\/#\\\/schema\\\/logo\\\/image\\\/\",\"url\":\"https:\\\/\\\/bbqentertainment.com\\\/wp-content\\\/uploads\\\/2020\\\/04\\\/BBQ-Entertainment-N-Catering-Enn-Tobreluts-Logo.png\",\"contentUrl\":\"https:\\\/\\\/bbqentertainment.com\\\/wp-content\\\/uploads\\\/2020\\\/04\\\/BBQ-Entertainment-N-Catering-Enn-Tobreluts-Logo.png\",\"width\":628,\"height\":266,\"caption\":\"BBQ Entertainment O\u00dc\"},\"image\":{\"@id\":\"https:\\\/\\\/bbqentertainment.com\\\/#\\\/schema\\\/logo\\\/image\\\/\"},\"sameAs\":[\"https:\\\/\\\/www.facebook.com\\\/BBQ-Entertainment-N-Catering-2437913376443540\",\"https:\\\/\\\/www.instagram.com\\\/bbqentertainmentncatering\\\/\",\"https:\\\/\\\/www.youtube.com\\\/channel\\\/UCmpuANQVhLy2Md8nrenp2jA\"]}]}<\/script>\n<!-- \/ Yoast SEO plugin. -->","yoast_head_json":{"title":"Forged 60 cm suur kaheharuline Churrasco sepistatud grill-varras k\u00e4epidemega - BBQ Entertainment","robots":{"index":"index","follow":"follow","max-snippet":"max-snippet:-1","max-image-preview":"max-image-preview:large","max-video-preview":"max-video-preview:-1"},"canonical":"https:\/\/bbqentertainment.com\/toode\/forged-60cm-suur-kaheharuline-churrasco-sepistatud-grill-varras-kaepidemega\/","og_locale":"en_US","og_type":"article","og_title":"Forged 60 cm suur kaheharuline Churrasco sepistatud grill-varras k\u00e4epidemega - BBQ Entertainment","og_description":"Forged 60 cm suur kaheharuline Churrasco sepistatud grill-varras k\u00e4epidemega 60 cm pikkune oliivipuidust ja kvaliteetsest terasest valmistatud kahvli varras on mugav k\u00e4es hoida t\u00e4nu oliivipuidust k\u00e4epideme \u00fcmarale-ovaalsele kujule. Teravad otsad v\u00f5imaldavad h\u00f5lpsalt toidut\u00fckke vardale l\u00fckkida, ja kvaliteetne teras tagab, et need p\u00fcsivad kindlalt paigal grillimise ja serveerimise ajal. Churrasco stiil, mis p\u00e4rineb Brasiilia kauboide ajast, v\u00f5imaldab Forged Churrasco sarja kaudu seda kogemust kodus nautida.  M\u00f5\u00f5tmed: 79x9,6x3,5 Materjal: SS 430 teras, oliivipuu Garantii: 2 aastat N\u00f5udepesumasinas pestav: Ei","og_url":"https:\/\/bbqentertainment.com\/toode\/forged-60cm-suur-kaheharuline-churrasco-sepistatud-grill-varras-kaepidemega\/","og_site_name":"BBQ Entertainment","article_publisher":"https:\/\/www.facebook.com\/BBQ-Entertainment-N-Catering-2437913376443540","article_modified_time":"2025-07-25T10:45:52+00:00","og_image":[{"width":783,"height":784,"url":"https:\/\/bbqentertainment.com\/wp-content\/uploads\/2024\/08\/olskewf50_2.webp","type":"image\/webp"}],"twitter_card":"summary_large_image","twitter_misc":{"Est. reading time":"1 minute"},"schema":{"@context":"https:\/\/schema.org","@graph":[{"@type":["WebPage","ItemPage"],"@id":"https:\/\/bbqentertainment.com\/toode\/forged-60cm-suur-kaheharuline-churrasco-sepistatud-grill-varras-kaepidemega\/","url":"https:\/\/bbqentertainment.com\/toode\/forged-60cm-suur-kaheharuline-churrasco-sepistatud-grill-varras-kaepidemega\/","name":"Forged 60 cm suur kaheharuline Churrasco sepistatud grill-varras k\u00e4epidemega - BBQ Entertainment","isPartOf":{"@id":"https:\/\/bbqentertainment.com\/#website"},"primaryImageOfPage":{"@id":"https:\/\/bbqentertainment.com\/toode\/forged-60cm-suur-kaheharuline-churrasco-sepistatud-grill-varras-kaepidemega\/#primaryimage"},"image":{"@id":"https:\/\/bbqentertainment.com\/toode\/forged-60cm-suur-kaheharuline-churrasco-sepistatud-grill-varras-kaepidemega\/#primaryimage"},"thumbnailUrl":"https:\/\/bbqentertainment.com\/wp-content\/uploads\/2024\/08\/olskewf50_2.webp","datePublished":"2024-08-19T12:01:41+00:00","dateModified":"2025-07-25T10:45:52+00:00","breadcrumb":{"@id":"https:\/\/bbqentertainment.com\/toode\/forged-60cm-suur-kaheharuline-churrasco-sepistatud-grill-varras-kaepidemega\/#breadcrumb"},"inLanguage":"en-US","potentialAction":[{"@type":"ReadAction","target":["https:\/\/bbqentertainment.com\/toode\/forged-60cm-suur-kaheharuline-churrasco-sepistatud-grill-varras-kaepidemega\/"]}]},{"@type":"ImageObject","inLanguage":"en-US","@id":"https:\/\/bbqentertainment.com\/toode\/forged-60cm-suur-kaheharuline-churrasco-sepistatud-grill-varras-kaepidemega\/#primaryimage","url":"https:\/\/bbqentertainment.com\/wp-content\/uploads\/2024\/08\/olskewf50_2.webp","contentUrl":"https:\/\/bbqentertainment.com\/wp-content\/uploads\/2024\/08\/olskewf50_2.webp","width":783,"height":784},{"@type":"BreadcrumbList","@id":"https:\/\/bbqentertainment.com\/toode\/forged-60cm-suur-kaheharuline-churrasco-sepistatud-grill-varras-kaepidemega\/#breadcrumb","itemListElement":[{"@type":"ListItem","position":1,"name":"AVALEHT","item":"https:\/\/bbqentertainment.com\/en\/"},{"@type":"ListItem","position":2,"name":"Tooted","item":"https:\/\/bbqentertainment.com\/tooted\/"},{"@type":"ListItem","position":3,"name":"Lisatarvikud","item":"https:\/\/bbqentertainment.com\/tootekategooria\/lisatarvikud\/"},{"@type":"ListItem","position":4,"name":"Forged 60 cm suur kaheharuline Churrasco sepistatud grill-varras k\u00e4epidemega"}]},{"@type":"WebSite","@id":"https:\/\/bbqentertainment.com\/#website","url":"https:\/\/bbqentertainment.com\/","name":"BBQ Entertainment","description":"BBQ is a great lifestyle, not just fun!","publisher":{"@id":"https:\/\/bbqentertainment.com\/#organization"},"potentialAction":[{"@type":"SearchAction","target":{"@type":"EntryPoint","urlTemplate":"https:\/\/bbqentertainment.com\/?s={search_term_string}"},"query-input":{"@type":"PropertyValueSpecification","valueRequired":true,"valueName":"search_term_string"}}],"inLanguage":"en-US"},{"@type":"Organization","@id":"https:\/\/bbqentertainment.com\/#organization","name":"BBQ Entertainment O\u00dc","url":"https:\/\/bbqentertainment.com\/","logo":{"@type":"ImageObject","inLanguage":"en-US","@id":"https:\/\/bbqentertainment.com\/#\/schema\/logo\/image\/","url":"https:\/\/bbqentertainment.com\/wp-content\/uploads\/2020\/04\/BBQ-Entertainment-N-Catering-Enn-Tobreluts-Logo.png","contentUrl":"https:\/\/bbqentertainment.com\/wp-content\/uploads\/2020\/04\/BBQ-Entertainment-N-Catering-Enn-Tobreluts-Logo.png","width":628,"height":266,"caption":"BBQ Entertainment O\u00dc"},"image":{"@id":"https:\/\/bbqentertainment.com\/#\/schema\/logo\/image\/"},"sameAs":["https:\/\/www.facebook.com\/BBQ-Entertainment-N-Catering-2437913376443540","https:\/\/www.instagram.com\/bbqentertainmentncatering\/","https:\/\/www.youtube.com\/channel\/UCmpuANQVhLy2Md8nrenp2jA"]}]}},"_links":{"self":[{"href":"https:\/\/bbqentertainment.com\/en\/wp-json\/wp\/v2\/product\/248740","targetHints":{"allow":["GET"]}}],"collection":[{"href":"https:\/\/bbqentertainment.com\/en\/wp-json\/wp\/v2\/product"}],"about":[{"href":"https:\/\/bbqentertainment.com\/en\/wp-json\/wp\/v2\/types\/product"}],"wp:featuredmedia":[{"embeddable":true,"href":"https:\/\/bbqentertainment.com\/en\/wp-json\/wp\/v2\/media\/248736"}],"wp:attachment":[{"href":"https:\/\/bbqentertainment.com\/en\/wp-json\/wp\/v2\/media?parent=248740"}],"wp:term":[{"taxonomy":"product_brand","embeddable":true,"href":"https:\/\/bbqentertainment.com\/en\/wp-json\/wp\/v2\/product_brand?post=248740"},{"taxonomy":"product_cat","embeddable":true,"href":"https:\/\/bbqentertainment.com\/en\/wp-json\/wp\/v2\/product_cat?post=248740"},{"taxonomy":"product_tag","embeddable":true,"href":"https:\/\/bbqentertainment.com\/en\/wp-json\/wp\/v2\/product_tag?post=248740"}],"curies":[{"name":"wp","href":"https:\/\/api.w.org\/{rel}","templated":true}]}}