{"id":248836,"date":"2024-09-08T18:01:06","date_gmt":"2024-09-08T15:01:06","guid":{"rendered":"https:\/\/bbqentertainment.com\/?post_type=product&#038;p=248836"},"modified":"2026-03-07T22:00:50","modified_gmt":"2026-03-07T20:00:50","slug":"susinikterasest-grill-press-grillep","status":"publish","type":"product","link":"https:\/\/bbqentertainment.com\/en\/toode\/susinikterasest-grill-press-grillep\/","title":{"rendered":"GRILLEP s\u00fcsinikterasest \/ carbon steel GRILL-PRESS"},"content":{"rendered":"","protected":false},"excerpt":{"rendered":"<h3><span style=\"color: #000000;\"><strong>GRILLEP s\u00fcsinikterasest \/ carbon steel GRILL-PRESS<\/strong><\/span><\/h3>\n<p><span style=\"color: #000000;\">Toodetud Eestis BBQ Entertainment O\u00dc eritellimusel (patendeeritud mudel)<\/span><\/p>\n<p><span style=\"color: #000000;\">Selle grill-pressiga saab k\u00fcpsetada burgereid (sh smash-burgereid), samuti peekoniviile ideaalseks kr\u00f5mpsuks, lisaks ka tortillasid, pannkooke, mune jne.<\/span><\/p>\n<p><span style=\"color: #000000;\">Siit saate alla laadida ohutus- ja hooldusjuhendi: <a href=\"https:\/\/bbqentertainment.com\/wp-content\/uploads\/2024\/09\/GRILL-PRESSI-OHUTUS-JA-HOOLDUSJUHEND.pdf\" target=\"\">GRILL PRESSI OHUTUS JA HOOLDUSJUHEND<\/a><\/span><\/p>\n","protected":false},"featured_media":252461,"template":"","meta":{"inline_featured_image":false},"product_brand":[],"product_cat":[17,561,92,579,479,105,107,528,211,178,223],"product_tag":[],"class_list":{"0":"post-248836","1":"product","2":"type-product","3":"status-publish","4":"has-post-thumbnail","6":"product_cat-grillid-ja-ahjud","7":"product_cat-napoleon-gaasigrillid","8":"product_cat-lisatarvikud","9":"product_cat-lisatarvikud-omberg","10":"product_cat-grillitarvikud","11":"product_cat-lisatarvikud-classic","12":"product_cat-lisatarvikud-big","13":"product_cat-potid-ja-pannid","14":"product_cat-grillep","15":"product_cat-muud-tooted","16":"product_cat-muud-tooted-2","18":"first","19":"instock","20":"sale","21":"taxable","22":"shipping-taxable","23":"purchasable","24":"product-type-simple"},"yoast_head":"<!-- This site is optimized with the Yoast SEO plugin v27.2 - https:\/\/yoast.com\/product\/yoast-seo-wordpress\/ -->\n<title>GRILLEP s\u00fcsinikterasest \/ carbon steel GRILL-PRESS - BBQ Entertainment<\/title>\n<meta name=\"robots\" content=\"index, follow, max-snippet:-1, max-image-preview:large, max-video-preview:-1\" \/>\n<link rel=\"canonical\" href=\"https:\/\/bbqentertainment.com\/toode\/susinikterasest-grill-press-grillep\/\" \/>\n<meta property=\"og:locale\" content=\"en_US\" \/>\n<meta property=\"og:type\" content=\"article\" \/>\n<meta property=\"og:title\" content=\"GRILLEP s\u00fcsinikterasest \/ carbon steel GRILL-PRESS - BBQ Entertainment\" \/>\n<meta property=\"og:description\" content=\"GRILLEP s\u00fcsinikterasest \/ carbon steel GRILL-PRESS Toodetud Eestis BBQ Entertainment O\u00dc eritellimusel (patendeeritud mudel)  Selle grill-pressiga saab k\u00fcpsetada burgereid (sh smash-burgereid), samuti peekoniviile ideaalseks kr\u00f5mpsuks, lisaks ka tortillasid, pannkooke, mune jne.  Siit saate alla laadida ohutus- ja hooldusjuhendi: GRILL PRESSI OHUTUS JA HOOLDUSJUHEND\" \/>\n<meta property=\"og:url\" content=\"https:\/\/bbqentertainment.com\/toode\/susinikterasest-grill-press-grillep\/\" \/>\n<meta property=\"og:site_name\" content=\"BBQ Entertainment\" \/>\n<meta property=\"article:publisher\" content=\"https:\/\/www.facebook.com\/BBQ-Entertainment-N-Catering-2437913376443540\" \/>\n<meta property=\"article:modified_time\" content=\"2026-03-07T20:00:50+00:00\" \/>\n<meta property=\"og:image\" content=\"https:\/\/bbqentertainment.com\/wp-content\/uploads\/2024\/09\/GRILLEP-susinikterasest-karbon-steel-GRILL-PRESS.jpg\" \/>\n\t<meta property=\"og:image:width\" content=\"1200\" \/>\n\t<meta property=\"og:image:height\" content=\"1200\" \/>\n\t<meta property=\"og:image:type\" content=\"image\/jpeg\" \/>\n<meta name=\"twitter:card\" content=\"summary_large_image\" \/>\n<meta name=\"twitter:label1\" content=\"Est. reading time\" \/>\n\t<meta name=\"twitter:data1\" content=\"1 minute\" \/>\n<script type=\"application\/ld+json\" class=\"yoast-schema-graph\">{\"@context\":\"https:\/\/schema.org\",\"@graph\":[{\"@type\":[\"WebPage\",\"ItemPage\"],\"@id\":\"https:\/\/bbqentertainment.com\/toode\/susinikterasest-grill-press-grillep\/\",\"url\":\"https:\/\/bbqentertainment.com\/toode\/susinikterasest-grill-press-grillep\/\",\"name\":\"GRILLEP s\u00fcsinikterasest \/ carbon steel GRILL-PRESS - BBQ Entertainment\",\"isPartOf\":{\"@id\":\"https:\/\/bbqentertainment.com\/#website\"},\"primaryImageOfPage\":{\"@id\":\"https:\/\/bbqentertainment.com\/toode\/susinikterasest-grill-press-grillep\/#primaryimage\"},\"image\":{\"@id\":\"https:\/\/bbqentertainment.com\/toode\/susinikterasest-grill-press-grillep\/#primaryimage\"},\"thumbnailUrl\":\"https:\/\/bbqentertainment.com\/wp-content\/uploads\/2024\/09\/GRILLEP-susinikterasest-karbon-steel-GRILL-PRESS.jpg\",\"datePublished\":\"2024-09-08T15:01:06+00:00\",\"dateModified\":\"2026-03-07T20:00:50+00:00\",\"breadcrumb\":{\"@id\":\"https:\/\/bbqentertainment.com\/toode\/susinikterasest-grill-press-grillep\/#breadcrumb\"},\"inLanguage\":\"en-US\",\"potentialAction\":[{\"@type\":\"ReadAction\",\"target\":[\"https:\/\/bbqentertainment.com\/toode\/susinikterasest-grill-press-grillep\/\"]}]},{\"@type\":\"ImageObject\",\"inLanguage\":\"en-US\",\"@id\":\"https:\/\/bbqentertainment.com\/toode\/susinikterasest-grill-press-grillep\/#primaryimage\",\"url\":\"https:\/\/bbqentertainment.com\/wp-content\/uploads\/2024\/09\/GRILLEP-susinikterasest-karbon-steel-GRILL-PRESS.jpg\",\"contentUrl\":\"https:\/\/bbqentertainment.com\/wp-content\/uploads\/2024\/09\/GRILLEP-susinikterasest-karbon-steel-GRILL-PRESS.jpg\",\"width\":1200,\"height\":1200},{\"@type\":\"BreadcrumbList\",\"@id\":\"https:\/\/bbqentertainment.com\/toode\/susinikterasest-grill-press-grillep\/#breadcrumb\",\"itemListElement\":[{\"@type\":\"ListItem\",\"position\":1,\"name\":\"AVALEHT\",\"item\":\"https:\/\/bbqentertainment.com\/en\/\"},{\"@type\":\"ListItem\",\"position\":2,\"name\":\"Tooted\",\"item\":\"https:\/\/bbqentertainment.com\/tooted\/\"},{\"@type\":\"ListItem\",\"position\":3,\"name\":\"Lisatarvikud\",\"item\":\"https:\/\/bbqentertainment.com\/tootekategooria\/lisatarvikud\/\"},{\"@type\":\"ListItem\",\"position\":4,\"name\":\"GRILLITARVIKUD\",\"item\":\"https:\/\/bbqentertainment.com\/tootekategooria\/lisatarvikud\/grillitarvikud\/\"},{\"@type\":\"ListItem\",\"position\":5,\"name\":\"GRILLEP s\u00fcsinikterasest \/ carbon steel GRILL-PRESS\"}]},{\"@type\":\"WebSite\",\"@id\":\"https:\/\/bbqentertainment.com\/#website\",\"url\":\"https:\/\/bbqentertainment.com\/\",\"name\":\"BBQ Entertainment\",\"description\":\"BBQ is a great lifestyle, not just fun!\",\"publisher\":{\"@id\":\"https:\/\/bbqentertainment.com\/#organization\"},\"potentialAction\":[{\"@type\":\"SearchAction\",\"target\":{\"@type\":\"EntryPoint\",\"urlTemplate\":\"https:\/\/bbqentertainment.com\/?s={search_term_string}\"},\"query-input\":{\"@type\":\"PropertyValueSpecification\",\"valueRequired\":true,\"valueName\":\"search_term_string\"}}],\"inLanguage\":\"en-US\"},{\"@type\":\"Organization\",\"@id\":\"https:\/\/bbqentertainment.com\/#organization\",\"name\":\"BBQ Entertainment O\u00dc\",\"url\":\"https:\/\/bbqentertainment.com\/\",\"logo\":{\"@type\":\"ImageObject\",\"inLanguage\":\"en-US\",\"@id\":\"https:\/\/bbqentertainment.com\/#\/schema\/logo\/image\/\",\"url\":\"https:\/\/bbqentertainment.com\/wp-content\/uploads\/2020\/04\/BBQ-Entertainment-N-Catering-Enn-Tobreluts-Logo.png\",\"contentUrl\":\"https:\/\/bbqentertainment.com\/wp-content\/uploads\/2020\/04\/BBQ-Entertainment-N-Catering-Enn-Tobreluts-Logo.png\",\"width\":628,\"height\":266,\"caption\":\"BBQ Entertainment O\u00dc\"},\"image\":{\"@id\":\"https:\/\/bbqentertainment.com\/#\/schema\/logo\/image\/\"},\"sameAs\":[\"https:\/\/www.facebook.com\/BBQ-Entertainment-N-Catering-2437913376443540\",\"https:\/\/www.instagram.com\/bbqentertainmentncatering\/\",\"https:\/\/www.youtube.com\/channel\/UCmpuANQVhLy2Md8nrenp2jA\"]}]}<\/script>\n<!-- \/ Yoast SEO plugin. -->","yoast_head_json":{"title":"GRILLEP s\u00fcsinikterasest \/ carbon steel GRILL-PRESS - BBQ Entertainment","robots":{"index":"index","follow":"follow","max-snippet":"max-snippet:-1","max-image-preview":"max-image-preview:large","max-video-preview":"max-video-preview:-1"},"canonical":"https:\/\/bbqentertainment.com\/toode\/susinikterasest-grill-press-grillep\/","og_locale":"en_US","og_type":"article","og_title":"GRILLEP s\u00fcsinikterasest \/ carbon steel GRILL-PRESS - BBQ Entertainment","og_description":"GRILLEP s\u00fcsinikterasest \/ carbon steel GRILL-PRESS Toodetud Eestis BBQ Entertainment O\u00dc eritellimusel (patendeeritud mudel)  Selle grill-pressiga saab k\u00fcpsetada burgereid (sh smash-burgereid), samuti peekoniviile ideaalseks kr\u00f5mpsuks, lisaks ka tortillasid, pannkooke, mune jne.  Siit saate alla laadida ohutus- ja hooldusjuhendi: GRILL PRESSI OHUTUS JA HOOLDUSJUHEND","og_url":"https:\/\/bbqentertainment.com\/toode\/susinikterasest-grill-press-grillep\/","og_site_name":"BBQ Entertainment","article_publisher":"https:\/\/www.facebook.com\/BBQ-Entertainment-N-Catering-2437913376443540","article_modified_time":"2026-03-07T20:00:50+00:00","og_image":[{"width":1200,"height":1200,"url":"https:\/\/bbqentertainment.com\/wp-content\/uploads\/2024\/09\/GRILLEP-susinikterasest-karbon-steel-GRILL-PRESS.jpg","type":"image\/jpeg"}],"twitter_card":"summary_large_image","twitter_misc":{"Est. reading time":"1 minute"},"schema":{"@context":"https:\/\/schema.org","@graph":[{"@type":["WebPage","ItemPage"],"@id":"https:\/\/bbqentertainment.com\/toode\/susinikterasest-grill-press-grillep\/","url":"https:\/\/bbqentertainment.com\/toode\/susinikterasest-grill-press-grillep\/","name":"GRILLEP s\u00fcsinikterasest \/ carbon steel GRILL-PRESS - BBQ Entertainment","isPartOf":{"@id":"https:\/\/bbqentertainment.com\/#website"},"primaryImageOfPage":{"@id":"https:\/\/bbqentertainment.com\/toode\/susinikterasest-grill-press-grillep\/#primaryimage"},"image":{"@id":"https:\/\/bbqentertainment.com\/toode\/susinikterasest-grill-press-grillep\/#primaryimage"},"thumbnailUrl":"https:\/\/bbqentertainment.com\/wp-content\/uploads\/2024\/09\/GRILLEP-susinikterasest-karbon-steel-GRILL-PRESS.jpg","datePublished":"2024-09-08T15:01:06+00:00","dateModified":"2026-03-07T20:00:50+00:00","breadcrumb":{"@id":"https:\/\/bbqentertainment.com\/toode\/susinikterasest-grill-press-grillep\/#breadcrumb"},"inLanguage":"en-US","potentialAction":[{"@type":"ReadAction","target":["https:\/\/bbqentertainment.com\/toode\/susinikterasest-grill-press-grillep\/"]}]},{"@type":"ImageObject","inLanguage":"en-US","@id":"https:\/\/bbqentertainment.com\/toode\/susinikterasest-grill-press-grillep\/#primaryimage","url":"https:\/\/bbqentertainment.com\/wp-content\/uploads\/2024\/09\/GRILLEP-susinikterasest-karbon-steel-GRILL-PRESS.jpg","contentUrl":"https:\/\/bbqentertainment.com\/wp-content\/uploads\/2024\/09\/GRILLEP-susinikterasest-karbon-steel-GRILL-PRESS.jpg","width":1200,"height":1200},{"@type":"BreadcrumbList","@id":"https:\/\/bbqentertainment.com\/toode\/susinikterasest-grill-press-grillep\/#breadcrumb","itemListElement":[{"@type":"ListItem","position":1,"name":"AVALEHT","item":"https:\/\/bbqentertainment.com\/en\/"},{"@type":"ListItem","position":2,"name":"Tooted","item":"https:\/\/bbqentertainment.com\/tooted\/"},{"@type":"ListItem","position":3,"name":"Lisatarvikud","item":"https:\/\/bbqentertainment.com\/tootekategooria\/lisatarvikud\/"},{"@type":"ListItem","position":4,"name":"GRILLITARVIKUD","item":"https:\/\/bbqentertainment.com\/tootekategooria\/lisatarvikud\/grillitarvikud\/"},{"@type":"ListItem","position":5,"name":"GRILLEP s\u00fcsinikterasest \/ carbon steel GRILL-PRESS"}]},{"@type":"WebSite","@id":"https:\/\/bbqentertainment.com\/#website","url":"https:\/\/bbqentertainment.com\/","name":"BBQ Entertainment","description":"BBQ is a great lifestyle, not just fun!","publisher":{"@id":"https:\/\/bbqentertainment.com\/#organization"},"potentialAction":[{"@type":"SearchAction","target":{"@type":"EntryPoint","urlTemplate":"https:\/\/bbqentertainment.com\/?s={search_term_string}"},"query-input":{"@type":"PropertyValueSpecification","valueRequired":true,"valueName":"search_term_string"}}],"inLanguage":"en-US"},{"@type":"Organization","@id":"https:\/\/bbqentertainment.com\/#organization","name":"BBQ Entertainment O\u00dc","url":"https:\/\/bbqentertainment.com\/","logo":{"@type":"ImageObject","inLanguage":"en-US","@id":"https:\/\/bbqentertainment.com\/#\/schema\/logo\/image\/","url":"https:\/\/bbqentertainment.com\/wp-content\/uploads\/2020\/04\/BBQ-Entertainment-N-Catering-Enn-Tobreluts-Logo.png","contentUrl":"https:\/\/bbqentertainment.com\/wp-content\/uploads\/2020\/04\/BBQ-Entertainment-N-Catering-Enn-Tobreluts-Logo.png","width":628,"height":266,"caption":"BBQ Entertainment O\u00dc"},"image":{"@id":"https:\/\/bbqentertainment.com\/#\/schema\/logo\/image\/"},"sameAs":["https:\/\/www.facebook.com\/BBQ-Entertainment-N-Catering-2437913376443540","https:\/\/www.instagram.com\/bbqentertainmentncatering\/","https:\/\/www.youtube.com\/channel\/UCmpuANQVhLy2Md8nrenp2jA"]}]}},"_links":{"self":[{"href":"https:\/\/bbqentertainment.com\/en\/wp-json\/wp\/v2\/product\/248836","targetHints":{"allow":["GET"]}}],"collection":[{"href":"https:\/\/bbqentertainment.com\/en\/wp-json\/wp\/v2\/product"}],"about":[{"href":"https:\/\/bbqentertainment.com\/en\/wp-json\/wp\/v2\/types\/product"}],"wp:featuredmedia":[{"embeddable":true,"href":"https:\/\/bbqentertainment.com\/en\/wp-json\/wp\/v2\/media\/252461"}],"wp:attachment":[{"href":"https:\/\/bbqentertainment.com\/en\/wp-json\/wp\/v2\/media?parent=248836"}],"wp:term":[{"taxonomy":"product_brand","embeddable":true,"href":"https:\/\/bbqentertainment.com\/en\/wp-json\/wp\/v2\/product_brand?post=248836"},{"taxonomy":"product_cat","embeddable":true,"href":"https:\/\/bbqentertainment.com\/en\/wp-json\/wp\/v2\/product_cat?post=248836"},{"taxonomy":"product_tag","embeddable":true,"href":"https:\/\/bbqentertainment.com\/en\/wp-json\/wp\/v2\/product_tag?post=248836"}],"curies":[{"name":"wp","href":"https:\/\/api.w.org\/{rel}","templated":true}]}}