{"id":248851,"date":"2024-09-08T18:44:37","date_gmt":"2024-09-08T15:44:37","guid":{"rendered":"https:\/\/bbqentertainment.com\/?post_type=product&#038;p=248851"},"modified":"2026-04-15T17:55:55","modified_gmt":"2026-04-15T14:55:55","slug":"grillep-poogipuidust-suitsulaastud-700g","status":"publish","type":"product","link":"https:\/\/bbqentertainment.com\/en\/toode\/grillep-poogipuidust-suitsulaastud-700g\/","title":{"rendered":"GRILLEP suitsulaastud &#8211; P\u00d6\u00d6K \/ Chunky Chips &#8211; BEECH 700g"},"content":{"rendered":"","protected":false},"excerpt":{"rendered":"<h3><strong>GRILLEP suitsulaastud &#8211; P\u00d6\u00d6K \/ Chunky Chips &#8211; BEECH 700g<\/strong><\/h3>\n<p>Toodetud Eestis BBQ Entertainment O\u00dc eritellimusel<\/p>\n<p>Suuret\u00fckilised puidulaastud, ideaalsed maitsesuitsu tekitamiseks grillil. P\u00f6\u00f6gipuu suitsul on \u00f5rn kuni keskmise tugevusega pehme ja kergelt magus maitse. See ei ole liiga tugev, mist\u00f5ttu sobib suurep\u00e4raselt v\u00e4ga erinevate toitudele, sealhulgas kalale, lihale ja k\u00f6\u00f6giviljadele.<\/p>\n","protected":false},"featured_media":250850,"template":"","meta":{"inline_featured_image":false},"product_brand":[],"product_cat":[92,479,27,211,26],"product_tag":[],"class_list":{"0":"post-248851","1":"product","2":"type-product","3":"status-publish","4":"has-post-thumbnail","6":"product_cat-lisatarvikud","7":"product_cat-grillitarvikud","8":"product_cat-grillsusi","9":"product_cat-grillep","10":"product_cat-puidulaastud-ja-tukid","12":"first","13":"instock","14":"taxable","15":"shipping-taxable","16":"purchasable","17":"product-type-simple"},"yoast_head":"<!-- This site is optimized with the Yoast SEO plugin v27.4 - https:\/\/yoast.com\/product\/yoast-seo-wordpress\/ -->\n<title>GRILLEP suitsulaastud - P\u00d6\u00d6K \/ Chunky Chips - BEECH 700g - BBQ Entertainment<\/title>\n<meta name=\"robots\" content=\"index, follow, max-snippet:-1, max-image-preview:large, max-video-preview:-1\" \/>\n<link rel=\"canonical\" href=\"https:\/\/bbqentertainment.com\/toode\/grillep-poogipuidust-suitsulaastud-700g\/\" \/>\n<meta property=\"og:locale\" content=\"en_US\" \/>\n<meta property=\"og:type\" content=\"article\" \/>\n<meta property=\"og:title\" content=\"GRILLEP suitsulaastud - P\u00d6\u00d6K \/ Chunky Chips - BEECH 700g - BBQ Entertainment\" \/>\n<meta property=\"og:description\" content=\"GRILLEP suitsulaastud - P\u00d6\u00d6K \/ Chunky Chips - BEECH 700g Toodetud Eestis BBQ Entertainment O\u00dc eritellimusel  Suuret\u00fckilised puidulaastud, ideaalsed maitsesuitsu tekitamiseks grillil. P\u00f6\u00f6gipuu suitsul on \u00f5rn kuni keskmise tugevusega pehme ja kergelt magus maitse. See ei ole liiga tugev, mist\u00f5ttu sobib suurep\u00e4raselt v\u00e4ga erinevate toitudele, sealhulgas kalale, lihale ja k\u00f6\u00f6giviljadele.\" \/>\n<meta property=\"og:url\" content=\"https:\/\/bbqentertainment.com\/toode\/grillep-poogipuidust-suitsulaastud-700g\/\" \/>\n<meta property=\"og:site_name\" content=\"BBQ Entertainment\" \/>\n<meta property=\"article:publisher\" content=\"https:\/\/www.facebook.com\/BBQ-Entertainment-N-Catering-2437913376443540\" \/>\n<meta property=\"article:modified_time\" content=\"2026-04-15T14:55:55+00:00\" \/>\n<meta property=\"og:image\" content=\"https:\/\/bbqentertainment.com\/wp-content\/uploads\/2024\/09\/GRILLEP-suitsulaastud-POOK-Chunky-Chips-BEECH-700g.jpg\" \/>\n\t<meta property=\"og:image:width\" content=\"1200\" \/>\n\t<meta property=\"og:image:height\" content=\"1200\" \/>\n\t<meta property=\"og:image:type\" content=\"image\/jpeg\" \/>\n<meta name=\"twitter:card\" content=\"summary_large_image\" \/>\n<meta name=\"twitter:label1\" content=\"Est. reading time\" \/>\n\t<meta name=\"twitter:data1\" content=\"1 minute\" \/>\n<script type=\"application\/ld+json\" class=\"yoast-schema-graph\">{\"@context\":\"https:\\\/\\\/schema.org\",\"@graph\":[{\"@type\":[\"WebPage\",\"ItemPage\"],\"@id\":\"https:\\\/\\\/bbqentertainment.com\\\/toode\\\/grillep-poogipuidust-suitsulaastud-700g\\\/\",\"url\":\"https:\\\/\\\/bbqentertainment.com\\\/toode\\\/grillep-poogipuidust-suitsulaastud-700g\\\/\",\"name\":\"GRILLEP suitsulaastud - P\u00d6\u00d6K \\\/ Chunky Chips - BEECH 700g - BBQ Entertainment\",\"isPartOf\":{\"@id\":\"https:\\\/\\\/bbqentertainment.com\\\/#website\"},\"primaryImageOfPage\":{\"@id\":\"https:\\\/\\\/bbqentertainment.com\\\/toode\\\/grillep-poogipuidust-suitsulaastud-700g\\\/#primaryimage\"},\"image\":{\"@id\":\"https:\\\/\\\/bbqentertainment.com\\\/toode\\\/grillep-poogipuidust-suitsulaastud-700g\\\/#primaryimage\"},\"thumbnailUrl\":\"https:\\\/\\\/bbqentertainment.com\\\/wp-content\\\/uploads\\\/2024\\\/09\\\/GRILLEP-suitsulaastud-POOK-Chunky-Chips-BEECH-700g.jpg\",\"datePublished\":\"2024-09-08T15:44:37+00:00\",\"dateModified\":\"2026-04-15T14:55:55+00:00\",\"breadcrumb\":{\"@id\":\"https:\\\/\\\/bbqentertainment.com\\\/toode\\\/grillep-poogipuidust-suitsulaastud-700g\\\/#breadcrumb\"},\"inLanguage\":\"en-US\",\"potentialAction\":[{\"@type\":\"ReadAction\",\"target\":[\"https:\\\/\\\/bbqentertainment.com\\\/toode\\\/grillep-poogipuidust-suitsulaastud-700g\\\/\"]}]},{\"@type\":\"ImageObject\",\"inLanguage\":\"en-US\",\"@id\":\"https:\\\/\\\/bbqentertainment.com\\\/toode\\\/grillep-poogipuidust-suitsulaastud-700g\\\/#primaryimage\",\"url\":\"https:\\\/\\\/bbqentertainment.com\\\/wp-content\\\/uploads\\\/2024\\\/09\\\/GRILLEP-suitsulaastud-POOK-Chunky-Chips-BEECH-700g.jpg\",\"contentUrl\":\"https:\\\/\\\/bbqentertainment.com\\\/wp-content\\\/uploads\\\/2024\\\/09\\\/GRILLEP-suitsulaastud-POOK-Chunky-Chips-BEECH-700g.jpg\",\"width\":1200,\"height\":1200},{\"@type\":\"BreadcrumbList\",\"@id\":\"https:\\\/\\\/bbqentertainment.com\\\/toode\\\/grillep-poogipuidust-suitsulaastud-700g\\\/#breadcrumb\",\"itemListElement\":[{\"@type\":\"ListItem\",\"position\":1,\"name\":\"AVALEHT\",\"item\":\"https:\\\/\\\/bbqentertainment.com\\\/en\\\/\"},{\"@type\":\"ListItem\",\"position\":2,\"name\":\"Tooted\",\"item\":\"https:\\\/\\\/bbqentertainment.com\\\/tooted\\\/\"},{\"@type\":\"ListItem\",\"position\":3,\"name\":\"K\u00fcte\",\"item\":\"https:\\\/\\\/bbqentertainment.com\\\/tootekategooria\\\/grillsusi\\\/\"},{\"@type\":\"ListItem\",\"position\":4,\"name\":\"Puidulaastud ja -t\u00fckid\",\"item\":\"https:\\\/\\\/bbqentertainment.com\\\/tootekategooria\\\/grillsusi\\\/puidulaastud-ja-tukid\\\/\"},{\"@type\":\"ListItem\",\"position\":5,\"name\":\"GRILLEP suitsulaastud &#8211; P\u00d6\u00d6K \\\/ Chunky Chips &#8211; BEECH 700g\"}]},{\"@type\":\"WebSite\",\"@id\":\"https:\\\/\\\/bbqentertainment.com\\\/#website\",\"url\":\"https:\\\/\\\/bbqentertainment.com\\\/\",\"name\":\"BBQ Entertainment\",\"description\":\"BBQ is a great lifestyle, not just fun!\",\"publisher\":{\"@id\":\"https:\\\/\\\/bbqentertainment.com\\\/#organization\"},\"potentialAction\":[{\"@type\":\"SearchAction\",\"target\":{\"@type\":\"EntryPoint\",\"urlTemplate\":\"https:\\\/\\\/bbqentertainment.com\\\/?s={search_term_string}\"},\"query-input\":{\"@type\":\"PropertyValueSpecification\",\"valueRequired\":true,\"valueName\":\"search_term_string\"}}],\"inLanguage\":\"en-US\"},{\"@type\":\"Organization\",\"@id\":\"https:\\\/\\\/bbqentertainment.com\\\/#organization\",\"name\":\"BBQ Entertainment O\u00dc\",\"url\":\"https:\\\/\\\/bbqentertainment.com\\\/\",\"logo\":{\"@type\":\"ImageObject\",\"inLanguage\":\"en-US\",\"@id\":\"https:\\\/\\\/bbqentertainment.com\\\/#\\\/schema\\\/logo\\\/image\\\/\",\"url\":\"https:\\\/\\\/bbqentertainment.com\\\/wp-content\\\/uploads\\\/2020\\\/04\\\/BBQ-Entertainment-N-Catering-Enn-Tobreluts-Logo.png\",\"contentUrl\":\"https:\\\/\\\/bbqentertainment.com\\\/wp-content\\\/uploads\\\/2020\\\/04\\\/BBQ-Entertainment-N-Catering-Enn-Tobreluts-Logo.png\",\"width\":628,\"height\":266,\"caption\":\"BBQ Entertainment O\u00dc\"},\"image\":{\"@id\":\"https:\\\/\\\/bbqentertainment.com\\\/#\\\/schema\\\/logo\\\/image\\\/\"},\"sameAs\":[\"https:\\\/\\\/www.facebook.com\\\/BBQ-Entertainment-N-Catering-2437913376443540\",\"https:\\\/\\\/www.instagram.com\\\/bbqentertainmentncatering\\\/\",\"https:\\\/\\\/www.youtube.com\\\/channel\\\/UCmpuANQVhLy2Md8nrenp2jA\"]}]}<\/script>\n<!-- \/ Yoast SEO plugin. -->","yoast_head_json":{"title":"GRILLEP suitsulaastud - P\u00d6\u00d6K \/ Chunky Chips - BEECH 700g - BBQ Entertainment","robots":{"index":"index","follow":"follow","max-snippet":"max-snippet:-1","max-image-preview":"max-image-preview:large","max-video-preview":"max-video-preview:-1"},"canonical":"https:\/\/bbqentertainment.com\/toode\/grillep-poogipuidust-suitsulaastud-700g\/","og_locale":"en_US","og_type":"article","og_title":"GRILLEP suitsulaastud - P\u00d6\u00d6K \/ Chunky Chips - BEECH 700g - BBQ Entertainment","og_description":"GRILLEP suitsulaastud - P\u00d6\u00d6K \/ Chunky Chips - BEECH 700g Toodetud Eestis BBQ Entertainment O\u00dc eritellimusel  Suuret\u00fckilised puidulaastud, ideaalsed maitsesuitsu tekitamiseks grillil. P\u00f6\u00f6gipuu suitsul on \u00f5rn kuni keskmise tugevusega pehme ja kergelt magus maitse. See ei ole liiga tugev, mist\u00f5ttu sobib suurep\u00e4raselt v\u00e4ga erinevate toitudele, sealhulgas kalale, lihale ja k\u00f6\u00f6giviljadele.","og_url":"https:\/\/bbqentertainment.com\/toode\/grillep-poogipuidust-suitsulaastud-700g\/","og_site_name":"BBQ Entertainment","article_publisher":"https:\/\/www.facebook.com\/BBQ-Entertainment-N-Catering-2437913376443540","article_modified_time":"2026-04-15T14:55:55+00:00","og_image":[{"width":1200,"height":1200,"url":"https:\/\/bbqentertainment.com\/wp-content\/uploads\/2024\/09\/GRILLEP-suitsulaastud-POOK-Chunky-Chips-BEECH-700g.jpg","type":"image\/jpeg"}],"twitter_card":"summary_large_image","twitter_misc":{"Est. reading time":"1 minute"},"schema":{"@context":"https:\/\/schema.org","@graph":[{"@type":["WebPage","ItemPage"],"@id":"https:\/\/bbqentertainment.com\/toode\/grillep-poogipuidust-suitsulaastud-700g\/","url":"https:\/\/bbqentertainment.com\/toode\/grillep-poogipuidust-suitsulaastud-700g\/","name":"GRILLEP suitsulaastud - P\u00d6\u00d6K \/ Chunky Chips - BEECH 700g - BBQ Entertainment","isPartOf":{"@id":"https:\/\/bbqentertainment.com\/#website"},"primaryImageOfPage":{"@id":"https:\/\/bbqentertainment.com\/toode\/grillep-poogipuidust-suitsulaastud-700g\/#primaryimage"},"image":{"@id":"https:\/\/bbqentertainment.com\/toode\/grillep-poogipuidust-suitsulaastud-700g\/#primaryimage"},"thumbnailUrl":"https:\/\/bbqentertainment.com\/wp-content\/uploads\/2024\/09\/GRILLEP-suitsulaastud-POOK-Chunky-Chips-BEECH-700g.jpg","datePublished":"2024-09-08T15:44:37+00:00","dateModified":"2026-04-15T14:55:55+00:00","breadcrumb":{"@id":"https:\/\/bbqentertainment.com\/toode\/grillep-poogipuidust-suitsulaastud-700g\/#breadcrumb"},"inLanguage":"en-US","potentialAction":[{"@type":"ReadAction","target":["https:\/\/bbqentertainment.com\/toode\/grillep-poogipuidust-suitsulaastud-700g\/"]}]},{"@type":"ImageObject","inLanguage":"en-US","@id":"https:\/\/bbqentertainment.com\/toode\/grillep-poogipuidust-suitsulaastud-700g\/#primaryimage","url":"https:\/\/bbqentertainment.com\/wp-content\/uploads\/2024\/09\/GRILLEP-suitsulaastud-POOK-Chunky-Chips-BEECH-700g.jpg","contentUrl":"https:\/\/bbqentertainment.com\/wp-content\/uploads\/2024\/09\/GRILLEP-suitsulaastud-POOK-Chunky-Chips-BEECH-700g.jpg","width":1200,"height":1200},{"@type":"BreadcrumbList","@id":"https:\/\/bbqentertainment.com\/toode\/grillep-poogipuidust-suitsulaastud-700g\/#breadcrumb","itemListElement":[{"@type":"ListItem","position":1,"name":"AVALEHT","item":"https:\/\/bbqentertainment.com\/en\/"},{"@type":"ListItem","position":2,"name":"Tooted","item":"https:\/\/bbqentertainment.com\/tooted\/"},{"@type":"ListItem","position":3,"name":"K\u00fcte","item":"https:\/\/bbqentertainment.com\/tootekategooria\/grillsusi\/"},{"@type":"ListItem","position":4,"name":"Puidulaastud ja -t\u00fckid","item":"https:\/\/bbqentertainment.com\/tootekategooria\/grillsusi\/puidulaastud-ja-tukid\/"},{"@type":"ListItem","position":5,"name":"GRILLEP suitsulaastud &#8211; P\u00d6\u00d6K \/ Chunky Chips &#8211; BEECH 700g"}]},{"@type":"WebSite","@id":"https:\/\/bbqentertainment.com\/#website","url":"https:\/\/bbqentertainment.com\/","name":"BBQ Entertainment","description":"BBQ is a great lifestyle, not just fun!","publisher":{"@id":"https:\/\/bbqentertainment.com\/#organization"},"potentialAction":[{"@type":"SearchAction","target":{"@type":"EntryPoint","urlTemplate":"https:\/\/bbqentertainment.com\/?s={search_term_string}"},"query-input":{"@type":"PropertyValueSpecification","valueRequired":true,"valueName":"search_term_string"}}],"inLanguage":"en-US"},{"@type":"Organization","@id":"https:\/\/bbqentertainment.com\/#organization","name":"BBQ Entertainment O\u00dc","url":"https:\/\/bbqentertainment.com\/","logo":{"@type":"ImageObject","inLanguage":"en-US","@id":"https:\/\/bbqentertainment.com\/#\/schema\/logo\/image\/","url":"https:\/\/bbqentertainment.com\/wp-content\/uploads\/2020\/04\/BBQ-Entertainment-N-Catering-Enn-Tobreluts-Logo.png","contentUrl":"https:\/\/bbqentertainment.com\/wp-content\/uploads\/2020\/04\/BBQ-Entertainment-N-Catering-Enn-Tobreluts-Logo.png","width":628,"height":266,"caption":"BBQ Entertainment O\u00dc"},"image":{"@id":"https:\/\/bbqentertainment.com\/#\/schema\/logo\/image\/"},"sameAs":["https:\/\/www.facebook.com\/BBQ-Entertainment-N-Catering-2437913376443540","https:\/\/www.instagram.com\/bbqentertainmentncatering\/","https:\/\/www.youtube.com\/channel\/UCmpuANQVhLy2Md8nrenp2jA"]}]}},"_links":{"self":[{"href":"https:\/\/bbqentertainment.com\/en\/wp-json\/wp\/v2\/product\/248851","targetHints":{"allow":["GET"]}}],"collection":[{"href":"https:\/\/bbqentertainment.com\/en\/wp-json\/wp\/v2\/product"}],"about":[{"href":"https:\/\/bbqentertainment.com\/en\/wp-json\/wp\/v2\/types\/product"}],"wp:featuredmedia":[{"embeddable":true,"href":"https:\/\/bbqentertainment.com\/en\/wp-json\/wp\/v2\/media\/250850"}],"wp:attachment":[{"href":"https:\/\/bbqentertainment.com\/en\/wp-json\/wp\/v2\/media?parent=248851"}],"wp:term":[{"taxonomy":"product_brand","embeddable":true,"href":"https:\/\/bbqentertainment.com\/en\/wp-json\/wp\/v2\/product_brand?post=248851"},{"taxonomy":"product_cat","embeddable":true,"href":"https:\/\/bbqentertainment.com\/en\/wp-json\/wp\/v2\/product_cat?post=248851"},{"taxonomy":"product_tag","embeddable":true,"href":"https:\/\/bbqentertainment.com\/en\/wp-json\/wp\/v2\/product_tag?post=248851"}],"curies":[{"name":"wp","href":"https:\/\/api.w.org\/{rel}","templated":true}]}}