{"id":248858,"date":"2024-09-08T19:00:04","date_gmt":"2024-09-08T16:00:04","guid":{"rendered":"https:\/\/bbqentertainment.com\/?post_type=product&#038;p=248858"},"modified":"2024-10-04T10:29:08","modified_gmt":"2024-10-04T07:29:08","slug":"greencube-bbq-entertainment-grillmaja-grillnurk-terassiga","status":"publish","type":"product","link":"https:\/\/bbqentertainment.com\/en\/toode\/greencube-bbq-entertainment-grillmaja-grillnurk-terassiga\/","title":{"rendered":"GreenCube \/ BBQ Entertainment GRILLMAJA \/ GRILLNURK terassiga"},"content":{"rendered":"","protected":false},"excerpt":{"rendered":"<h3><strong><span style=\"color: #000000;\">GreenCube \/ BBQ Entertainment GRILLMAJA \/ GRILLNURK terassiga<\/span><\/strong><\/h3>\n<p><span style=\"color: #000000;\"><span style=\"text-decoration: underline; font-size: 14.399999px;\">Greencube BBQ Entertainment <\/span><em style=\"text-decoration: underline; font-size: 14.399999px;\">special edition<\/em><\/span><\/p>\n<div dir=\"auto\"><span style=\"color: #000000;\">See mega-\u00e4ge grillmaja seisab aadressil V\u00e4geva tee 8, Peetri. Seal saab seda k\u00e4ega katsuda ja imetleda. Tegemist grillmajaga, kus on hea erinevate ilmade korral varjus toimetada. See maja liigutatakse \u00fches t\u00fckis koos terrassiga. Pikenda suve ja grillimist varjualuse abiga!<\/span><\/div>\n<div dir=\"auto\"><\/div>\n<div dir=\"auto\">Toodetud Eestis, Greencube majatehases.<\/div>\n","protected":false},"featured_media":248861,"template":"","meta":{"inline_featured_image":false},"product_brand":[],"product_cat":[17,92,236],"product_tag":[],"class_list":{"0":"post-248858","1":"product","2":"type-product","3":"status-publish","4":"has-post-thumbnail","6":"product_cat-grillid-ja-ahjud","7":"product_cat-lisatarvikud","8":"product_cat-grillilauad","9":"product_shipping_class-ainult-ise-jarele-tulemisega","11":"first","12":"instock","13":"taxable","14":"shipping-taxable","15":"purchasable","16":"product-type-simple"},"yoast_head":"<!-- This site is optimized with the Yoast SEO plugin v27.4 - https:\/\/yoast.com\/product\/yoast-seo-wordpress\/ -->\n<title>GreenCube \/ BBQ Entertainment GRILLMAJA \/ GRILLNURK terassiga - BBQ Entertainment<\/title>\n<meta name=\"robots\" content=\"index, follow, max-snippet:-1, max-image-preview:large, max-video-preview:-1\" \/>\n<link rel=\"canonical\" href=\"https:\/\/bbqentertainment.com\/toode\/greencube-bbq-entertainment-grillmaja-grillnurk-terassiga\/\" \/>\n<meta property=\"og:locale\" content=\"en_US\" \/>\n<meta property=\"og:type\" content=\"article\" \/>\n<meta property=\"og:title\" content=\"GreenCube \/ BBQ Entertainment GRILLMAJA \/ GRILLNURK terassiga - BBQ Entertainment\" \/>\n<meta property=\"og:description\" content=\"GreenCube \/ BBQ Entertainment GRILLMAJA \/ GRILLNURK terassiga Greencube BBQ Entertainment special edition See mega-\u00e4ge grillmaja seisab aadressil V\u00e4geva tee 8, Peetri. Seal saab seda k\u00e4ega katsuda ja imetleda. Tegemist grillmajaga, kus on hea erinevate ilmade korral varjus toimetada. See maja liigutatakse \u00fches t\u00fckis koos terrassiga. Pikenda suve ja grillimist varjualuse abiga!  Toodetud Eestis, Greencube majatehases.\" \/>\n<meta property=\"og:url\" content=\"https:\/\/bbqentertainment.com\/toode\/greencube-bbq-entertainment-grillmaja-grillnurk-terassiga\/\" \/>\n<meta property=\"og:site_name\" content=\"BBQ Entertainment\" \/>\n<meta property=\"article:publisher\" content=\"https:\/\/www.facebook.com\/BBQ-Entertainment-N-Catering-2437913376443540\" \/>\n<meta property=\"article:modified_time\" content=\"2024-10-04T07:29:08+00:00\" \/>\n<meta property=\"og:image\" content=\"https:\/\/bbqentertainment.com\/wp-content\/uploads\/2024\/09\/GreenCube-grillimajagrillinurk-terassiga.jpg\" \/>\n\t<meta property=\"og:image:width\" content=\"1200\" \/>\n\t<meta property=\"og:image:height\" content=\"1200\" \/>\n\t<meta property=\"og:image:type\" content=\"image\/jpeg\" \/>\n<meta name=\"twitter:card\" content=\"summary_large_image\" \/>\n<meta name=\"twitter:label1\" content=\"Est. reading time\" \/>\n\t<meta name=\"twitter:data1\" content=\"1 minute\" \/>\n<script type=\"application\/ld+json\" class=\"yoast-schema-graph\">{\"@context\":\"https:\\\/\\\/schema.org\",\"@graph\":[{\"@type\":[\"WebPage\",\"ItemPage\"],\"@id\":\"https:\\\/\\\/bbqentertainment.com\\\/toode\\\/greencube-bbq-entertainment-grillmaja-grillnurk-terassiga\\\/\",\"url\":\"https:\\\/\\\/bbqentertainment.com\\\/toode\\\/greencube-bbq-entertainment-grillmaja-grillnurk-terassiga\\\/\",\"name\":\"GreenCube \\\/ BBQ Entertainment GRILLMAJA \\\/ GRILLNURK terassiga - BBQ Entertainment\",\"isPartOf\":{\"@id\":\"https:\\\/\\\/bbqentertainment.com\\\/#website\"},\"primaryImageOfPage\":{\"@id\":\"https:\\\/\\\/bbqentertainment.com\\\/toode\\\/greencube-bbq-entertainment-grillmaja-grillnurk-terassiga\\\/#primaryimage\"},\"image\":{\"@id\":\"https:\\\/\\\/bbqentertainment.com\\\/toode\\\/greencube-bbq-entertainment-grillmaja-grillnurk-terassiga\\\/#primaryimage\"},\"thumbnailUrl\":\"https:\\\/\\\/bbqentertainment.com\\\/wp-content\\\/uploads\\\/2024\\\/09\\\/GreenCube-grillimajagrillinurk-terassiga.jpg\",\"datePublished\":\"2024-09-08T16:00:04+00:00\",\"dateModified\":\"2024-10-04T07:29:08+00:00\",\"breadcrumb\":{\"@id\":\"https:\\\/\\\/bbqentertainment.com\\\/toode\\\/greencube-bbq-entertainment-grillmaja-grillnurk-terassiga\\\/#breadcrumb\"},\"inLanguage\":\"en-US\",\"potentialAction\":[{\"@type\":\"ReadAction\",\"target\":[\"https:\\\/\\\/bbqentertainment.com\\\/toode\\\/greencube-bbq-entertainment-grillmaja-grillnurk-terassiga\\\/\"]}]},{\"@type\":\"ImageObject\",\"inLanguage\":\"en-US\",\"@id\":\"https:\\\/\\\/bbqentertainment.com\\\/toode\\\/greencube-bbq-entertainment-grillmaja-grillnurk-terassiga\\\/#primaryimage\",\"url\":\"https:\\\/\\\/bbqentertainment.com\\\/wp-content\\\/uploads\\\/2024\\\/09\\\/GreenCube-grillimajagrillinurk-terassiga.jpg\",\"contentUrl\":\"https:\\\/\\\/bbqentertainment.com\\\/wp-content\\\/uploads\\\/2024\\\/09\\\/GreenCube-grillimajagrillinurk-terassiga.jpg\",\"width\":1200,\"height\":1200},{\"@type\":\"BreadcrumbList\",\"@id\":\"https:\\\/\\\/bbqentertainment.com\\\/toode\\\/greencube-bbq-entertainment-grillmaja-grillnurk-terassiga\\\/#breadcrumb\",\"itemListElement\":[{\"@type\":\"ListItem\",\"position\":1,\"name\":\"AVALEHT\",\"item\":\"https:\\\/\\\/bbqentertainment.com\\\/en\\\/\"},{\"@type\":\"ListItem\",\"position\":2,\"name\":\"Tooted\",\"item\":\"https:\\\/\\\/bbqentertainment.com\\\/tooted\\\/\"},{\"@type\":\"ListItem\",\"position\":3,\"name\":\"Lisatarvikud\",\"item\":\"https:\\\/\\\/bbqentertainment.com\\\/tootekategooria\\\/lisatarvikud\\\/\"},{\"@type\":\"ListItem\",\"position\":4,\"name\":\"GRILLILAUAD\",\"item\":\"https:\\\/\\\/bbqentertainment.com\\\/tootekategooria\\\/lisatarvikud\\\/grillilauad\\\/\"},{\"@type\":\"ListItem\",\"position\":5,\"name\":\"GreenCube \\\/ BBQ Entertainment GRILLMAJA \\\/ GRILLNURK terassiga\"}]},{\"@type\":\"WebSite\",\"@id\":\"https:\\\/\\\/bbqentertainment.com\\\/#website\",\"url\":\"https:\\\/\\\/bbqentertainment.com\\\/\",\"name\":\"BBQ Entertainment\",\"description\":\"BBQ is a great lifestyle, not just fun!\",\"publisher\":{\"@id\":\"https:\\\/\\\/bbqentertainment.com\\\/#organization\"},\"potentialAction\":[{\"@type\":\"SearchAction\",\"target\":{\"@type\":\"EntryPoint\",\"urlTemplate\":\"https:\\\/\\\/bbqentertainment.com\\\/?s={search_term_string}\"},\"query-input\":{\"@type\":\"PropertyValueSpecification\",\"valueRequired\":true,\"valueName\":\"search_term_string\"}}],\"inLanguage\":\"en-US\"},{\"@type\":\"Organization\",\"@id\":\"https:\\\/\\\/bbqentertainment.com\\\/#organization\",\"name\":\"BBQ Entertainment O\u00dc\",\"url\":\"https:\\\/\\\/bbqentertainment.com\\\/\",\"logo\":{\"@type\":\"ImageObject\",\"inLanguage\":\"en-US\",\"@id\":\"https:\\\/\\\/bbqentertainment.com\\\/#\\\/schema\\\/logo\\\/image\\\/\",\"url\":\"https:\\\/\\\/bbqentertainment.com\\\/wp-content\\\/uploads\\\/2020\\\/04\\\/BBQ-Entertainment-N-Catering-Enn-Tobreluts-Logo.png\",\"contentUrl\":\"https:\\\/\\\/bbqentertainment.com\\\/wp-content\\\/uploads\\\/2020\\\/04\\\/BBQ-Entertainment-N-Catering-Enn-Tobreluts-Logo.png\",\"width\":628,\"height\":266,\"caption\":\"BBQ Entertainment O\u00dc\"},\"image\":{\"@id\":\"https:\\\/\\\/bbqentertainment.com\\\/#\\\/schema\\\/logo\\\/image\\\/\"},\"sameAs\":[\"https:\\\/\\\/www.facebook.com\\\/BBQ-Entertainment-N-Catering-2437913376443540\",\"https:\\\/\\\/www.instagram.com\\\/bbqentertainmentncatering\\\/\",\"https:\\\/\\\/www.youtube.com\\\/channel\\\/UCmpuANQVhLy2Md8nrenp2jA\"]}]}<\/script>\n<!-- \/ Yoast SEO plugin. -->","yoast_head_json":{"title":"GreenCube \/ BBQ Entertainment GRILLMAJA \/ GRILLNURK terassiga - BBQ Entertainment","robots":{"index":"index","follow":"follow","max-snippet":"max-snippet:-1","max-image-preview":"max-image-preview:large","max-video-preview":"max-video-preview:-1"},"canonical":"https:\/\/bbqentertainment.com\/toode\/greencube-bbq-entertainment-grillmaja-grillnurk-terassiga\/","og_locale":"en_US","og_type":"article","og_title":"GreenCube \/ BBQ Entertainment GRILLMAJA \/ GRILLNURK terassiga - BBQ Entertainment","og_description":"GreenCube \/ BBQ Entertainment GRILLMAJA \/ GRILLNURK terassiga Greencube BBQ Entertainment special edition See mega-\u00e4ge grillmaja seisab aadressil V\u00e4geva tee 8, Peetri. Seal saab seda k\u00e4ega katsuda ja imetleda. Tegemist grillmajaga, kus on hea erinevate ilmade korral varjus toimetada. See maja liigutatakse \u00fches t\u00fckis koos terrassiga. Pikenda suve ja grillimist varjualuse abiga!  Toodetud Eestis, Greencube majatehases.","og_url":"https:\/\/bbqentertainment.com\/toode\/greencube-bbq-entertainment-grillmaja-grillnurk-terassiga\/","og_site_name":"BBQ Entertainment","article_publisher":"https:\/\/www.facebook.com\/BBQ-Entertainment-N-Catering-2437913376443540","article_modified_time":"2024-10-04T07:29:08+00:00","og_image":[{"width":1200,"height":1200,"url":"https:\/\/bbqentertainment.com\/wp-content\/uploads\/2024\/09\/GreenCube-grillimajagrillinurk-terassiga.jpg","type":"image\/jpeg"}],"twitter_card":"summary_large_image","twitter_misc":{"Est. reading time":"1 minute"},"schema":{"@context":"https:\/\/schema.org","@graph":[{"@type":["WebPage","ItemPage"],"@id":"https:\/\/bbqentertainment.com\/toode\/greencube-bbq-entertainment-grillmaja-grillnurk-terassiga\/","url":"https:\/\/bbqentertainment.com\/toode\/greencube-bbq-entertainment-grillmaja-grillnurk-terassiga\/","name":"GreenCube \/ BBQ Entertainment GRILLMAJA \/ GRILLNURK terassiga - BBQ Entertainment","isPartOf":{"@id":"https:\/\/bbqentertainment.com\/#website"},"primaryImageOfPage":{"@id":"https:\/\/bbqentertainment.com\/toode\/greencube-bbq-entertainment-grillmaja-grillnurk-terassiga\/#primaryimage"},"image":{"@id":"https:\/\/bbqentertainment.com\/toode\/greencube-bbq-entertainment-grillmaja-grillnurk-terassiga\/#primaryimage"},"thumbnailUrl":"https:\/\/bbqentertainment.com\/wp-content\/uploads\/2024\/09\/GreenCube-grillimajagrillinurk-terassiga.jpg","datePublished":"2024-09-08T16:00:04+00:00","dateModified":"2024-10-04T07:29:08+00:00","breadcrumb":{"@id":"https:\/\/bbqentertainment.com\/toode\/greencube-bbq-entertainment-grillmaja-grillnurk-terassiga\/#breadcrumb"},"inLanguage":"en-US","potentialAction":[{"@type":"ReadAction","target":["https:\/\/bbqentertainment.com\/toode\/greencube-bbq-entertainment-grillmaja-grillnurk-terassiga\/"]}]},{"@type":"ImageObject","inLanguage":"en-US","@id":"https:\/\/bbqentertainment.com\/toode\/greencube-bbq-entertainment-grillmaja-grillnurk-terassiga\/#primaryimage","url":"https:\/\/bbqentertainment.com\/wp-content\/uploads\/2024\/09\/GreenCube-grillimajagrillinurk-terassiga.jpg","contentUrl":"https:\/\/bbqentertainment.com\/wp-content\/uploads\/2024\/09\/GreenCube-grillimajagrillinurk-terassiga.jpg","width":1200,"height":1200},{"@type":"BreadcrumbList","@id":"https:\/\/bbqentertainment.com\/toode\/greencube-bbq-entertainment-grillmaja-grillnurk-terassiga\/#breadcrumb","itemListElement":[{"@type":"ListItem","position":1,"name":"AVALEHT","item":"https:\/\/bbqentertainment.com\/en\/"},{"@type":"ListItem","position":2,"name":"Tooted","item":"https:\/\/bbqentertainment.com\/tooted\/"},{"@type":"ListItem","position":3,"name":"Lisatarvikud","item":"https:\/\/bbqentertainment.com\/tootekategooria\/lisatarvikud\/"},{"@type":"ListItem","position":4,"name":"GRILLILAUAD","item":"https:\/\/bbqentertainment.com\/tootekategooria\/lisatarvikud\/grillilauad\/"},{"@type":"ListItem","position":5,"name":"GreenCube \/ BBQ Entertainment GRILLMAJA \/ GRILLNURK terassiga"}]},{"@type":"WebSite","@id":"https:\/\/bbqentertainment.com\/#website","url":"https:\/\/bbqentertainment.com\/","name":"BBQ Entertainment","description":"BBQ is a great lifestyle, not just fun!","publisher":{"@id":"https:\/\/bbqentertainment.com\/#organization"},"potentialAction":[{"@type":"SearchAction","target":{"@type":"EntryPoint","urlTemplate":"https:\/\/bbqentertainment.com\/?s={search_term_string}"},"query-input":{"@type":"PropertyValueSpecification","valueRequired":true,"valueName":"search_term_string"}}],"inLanguage":"en-US"},{"@type":"Organization","@id":"https:\/\/bbqentertainment.com\/#organization","name":"BBQ Entertainment O\u00dc","url":"https:\/\/bbqentertainment.com\/","logo":{"@type":"ImageObject","inLanguage":"en-US","@id":"https:\/\/bbqentertainment.com\/#\/schema\/logo\/image\/","url":"https:\/\/bbqentertainment.com\/wp-content\/uploads\/2020\/04\/BBQ-Entertainment-N-Catering-Enn-Tobreluts-Logo.png","contentUrl":"https:\/\/bbqentertainment.com\/wp-content\/uploads\/2020\/04\/BBQ-Entertainment-N-Catering-Enn-Tobreluts-Logo.png","width":628,"height":266,"caption":"BBQ Entertainment O\u00dc"},"image":{"@id":"https:\/\/bbqentertainment.com\/#\/schema\/logo\/image\/"},"sameAs":["https:\/\/www.facebook.com\/BBQ-Entertainment-N-Catering-2437913376443540","https:\/\/www.instagram.com\/bbqentertainmentncatering\/","https:\/\/www.youtube.com\/channel\/UCmpuANQVhLy2Md8nrenp2jA"]}]}},"_links":{"self":[{"href":"https:\/\/bbqentertainment.com\/en\/wp-json\/wp\/v2\/product\/248858","targetHints":{"allow":["GET"]}}],"collection":[{"href":"https:\/\/bbqentertainment.com\/en\/wp-json\/wp\/v2\/product"}],"about":[{"href":"https:\/\/bbqentertainment.com\/en\/wp-json\/wp\/v2\/types\/product"}],"wp:featuredmedia":[{"embeddable":true,"href":"https:\/\/bbqentertainment.com\/en\/wp-json\/wp\/v2\/media\/248861"}],"wp:attachment":[{"href":"https:\/\/bbqentertainment.com\/en\/wp-json\/wp\/v2\/media?parent=248858"}],"wp:term":[{"taxonomy":"product_brand","embeddable":true,"href":"https:\/\/bbqentertainment.com\/en\/wp-json\/wp\/v2\/product_brand?post=248858"},{"taxonomy":"product_cat","embeddable":true,"href":"https:\/\/bbqentertainment.com\/en\/wp-json\/wp\/v2\/product_cat?post=248858"},{"taxonomy":"product_tag","embeddable":true,"href":"https:\/\/bbqentertainment.com\/en\/wp-json\/wp\/v2\/product_tag?post=248858"}],"curies":[{"name":"wp","href":"https:\/\/api.w.org\/{rel}","templated":true}]}}