{"id":249191,"date":"2024-11-09T16:15:00","date_gmt":"2024-11-09T14:15:00","guid":{"rendered":"https:\/\/bbqentertainment.com\/toode\/blues-hog-honey-mustard-595g\/"},"modified":"2025-11-05T08:29:57","modified_gmt":"2025-11-05T06:29:57","slug":"blues-hog-honey-mustard-595g","status":"publish","type":"product","link":"https:\/\/bbqentertainment.com\/en\/toode\/blues-hog-honey-mustard-595g\/","title":{"rendered":"Blues Hog Honey Mustard BBQ kaste 595g"},"content":{"rendered":"","protected":false},"excerpt":{"rendered":"<h3><strong>Blues Hog Honey Mustard BBQ kaste 595g<\/strong><\/h3>\n<p>Avasta t\u00f5eline gurmeekogemus Blues Hog Honey Mustard kastmega! See hapukas ja maitsek\u00fcllane kombinatsioon toob su roogadele unikaalsust, mida armastad jagada isegi oma punase kala roogadega. Valmistatud parimatest koostisosadest, sealhulgas sinepiseemnetest, misk on segatud rikkaliku destilleeritud \u00e4\u00e4dikaga. Looduslik mesi ja pruunsuhkur lisavad magusat n\u00fcanssi, millele ket\u0161up ja \u00f5unasiidri \u00e4\u00e4dikas pakuvad t\u00e4iuslikku tasakaalu. Proovi seda kindlasti dipikastmena \u2013 imeline lisand mis tahes suupistetele! Tootja: Blues Hog Kaal: 595g Koostisosad: sinep, mesi, destilleeritud \u00e4\u00e4dikas, sinepiseemned, kurkum, sool, pruunsuhkur, ket\u0161up, \u00f5unasiider, v\u00fcrtsid, t\u0161illi ja k\u00fc\u00fcslauk. Liitu nende f\u00e4nnidega, kes naudivad kastme mitmek\u00fclgset kasutust. T\u00e4ienda oma toidukogemust kohe!<\/p>\n","protected":false},"featured_media":249280,"template":"","meta":{"inline_featured_image":false},"product_brand":[],"product_cat":[28,581,491],"product_tag":[],"class_list":{"0":"post-249191","1":"product","2":"type-product","3":"status-publish","4":"has-post-thumbnail","6":"product_cat-maitseandjad","7":"product_cat-bbq-kastmed","8":"product_cat-ameerika-bbq-rubid-kastmed","10":"first","11":"instock","12":"taxable","13":"shipping-taxable","14":"purchasable","15":"product-type-simple"},"yoast_head":"<!-- This site is optimized with the Yoast SEO plugin v27.4 - https:\/\/yoast.com\/product\/yoast-seo-wordpress\/ -->\n<title>Blues Hog Honey Mustard BBQ kaste 595g - BBQ Entertainment<\/title>\n<meta name=\"robots\" content=\"index, follow, max-snippet:-1, max-image-preview:large, max-video-preview:-1\" \/>\n<link rel=\"canonical\" href=\"https:\/\/bbqentertainment.com\/toode\/blues-hog-honey-mustard-595g\/\" \/>\n<meta property=\"og:locale\" content=\"en_US\" \/>\n<meta property=\"og:type\" content=\"article\" \/>\n<meta property=\"og:title\" content=\"Blues Hog Honey Mustard BBQ kaste 595g - BBQ Entertainment\" \/>\n<meta property=\"og:description\" content=\"Blues Hog Honey Mustard BBQ kaste 595g Avasta t\u00f5eline gurmeekogemus Blues Hog Honey Mustard kastmega! See hapukas ja maitsek\u00fcllane kombinatsioon toob su roogadele unikaalsust, mida armastad jagada isegi oma punase kala roogadega. Valmistatud parimatest koostisosadest, sealhulgas sinepiseemnetest, misk on segatud rikkaliku destilleeritud \u00e4\u00e4dikaga. Looduslik mesi ja pruunsuhkur lisavad magusat n\u00fcanssi, millele ket\u0161up ja \u00f5unasiidri \u00e4\u00e4dikas pakuvad t\u00e4iuslikku tasakaalu. Proovi seda kindlasti dipikastmena \u2013 imeline lisand mis tahes suupistetele! Tootja: Blues Hog Kaal: 595g Koostisosad: sinep, mesi, destilleeritud \u00e4\u00e4dikas, sinepiseemned, kurkum, sool, pruunsuhkur, ket\u0161up, \u00f5unasiider, v\u00fcrtsid, t\u0161illi ja k\u00fc\u00fcslauk. Liitu nende f\u00e4nnidega, kes naudivad kastme mitmek\u00fclgset kasutust. T\u00e4ienda oma toidukogemust kohe!\" \/>\n<meta property=\"og:url\" content=\"https:\/\/bbqentertainment.com\/toode\/blues-hog-honey-mustard-595g\/\" \/>\n<meta property=\"og:site_name\" content=\"BBQ Entertainment\" \/>\n<meta property=\"article:publisher\" content=\"https:\/\/www.facebook.com\/BBQ-Entertainment-N-Catering-2437913376443540\" \/>\n<meta property=\"article:modified_time\" content=\"2025-11-05T06:29:57+00:00\" \/>\n<meta property=\"og:image\" content=\"https:\/\/bbqentertainment.com\/wp-content\/uploads\/2024\/11\/Blues-Hog-Honey-Mustard-Squeeze-Bottle.png\" \/>\n\t<meta property=\"og:image:width\" content=\"900\" \/>\n\t<meta property=\"og:image:height\" content=\"900\" \/>\n\t<meta property=\"og:image:type\" content=\"image\/png\" \/>\n<meta name=\"twitter:card\" content=\"summary_large_image\" \/>\n<meta name=\"twitter:label1\" content=\"Est. reading time\" \/>\n\t<meta name=\"twitter:data1\" content=\"1 minute\" \/>\n<script type=\"application\/ld+json\" class=\"yoast-schema-graph\">{\"@context\":\"https:\\\/\\\/schema.org\",\"@graph\":[{\"@type\":[\"WebPage\",\"ItemPage\"],\"@id\":\"https:\\\/\\\/bbqentertainment.com\\\/toode\\\/blues-hog-honey-mustard-595g\\\/\",\"url\":\"https:\\\/\\\/bbqentertainment.com\\\/toode\\\/blues-hog-honey-mustard-595g\\\/\",\"name\":\"Blues Hog Honey Mustard BBQ kaste 595g - BBQ Entertainment\",\"isPartOf\":{\"@id\":\"https:\\\/\\\/bbqentertainment.com\\\/#website\"},\"primaryImageOfPage\":{\"@id\":\"https:\\\/\\\/bbqentertainment.com\\\/toode\\\/blues-hog-honey-mustard-595g\\\/#primaryimage\"},\"image\":{\"@id\":\"https:\\\/\\\/bbqentertainment.com\\\/toode\\\/blues-hog-honey-mustard-595g\\\/#primaryimage\"},\"thumbnailUrl\":\"https:\\\/\\\/bbqentertainment.com\\\/wp-content\\\/uploads\\\/2024\\\/11\\\/Blues-Hog-Honey-Mustard-Squeeze-Bottle.png\",\"datePublished\":\"2024-11-09T14:15:00+00:00\",\"dateModified\":\"2025-11-05T06:29:57+00:00\",\"breadcrumb\":{\"@id\":\"https:\\\/\\\/bbqentertainment.com\\\/toode\\\/blues-hog-honey-mustard-595g\\\/#breadcrumb\"},\"inLanguage\":\"en-US\",\"potentialAction\":[{\"@type\":\"ReadAction\",\"target\":[\"https:\\\/\\\/bbqentertainment.com\\\/toode\\\/blues-hog-honey-mustard-595g\\\/\"]}]},{\"@type\":\"ImageObject\",\"inLanguage\":\"en-US\",\"@id\":\"https:\\\/\\\/bbqentertainment.com\\\/toode\\\/blues-hog-honey-mustard-595g\\\/#primaryimage\",\"url\":\"https:\\\/\\\/bbqentertainment.com\\\/wp-content\\\/uploads\\\/2024\\\/11\\\/Blues-Hog-Honey-Mustard-Squeeze-Bottle.png\",\"contentUrl\":\"https:\\\/\\\/bbqentertainment.com\\\/wp-content\\\/uploads\\\/2024\\\/11\\\/Blues-Hog-Honey-Mustard-Squeeze-Bottle.png\",\"width\":900,\"height\":900},{\"@type\":\"BreadcrumbList\",\"@id\":\"https:\\\/\\\/bbqentertainment.com\\\/toode\\\/blues-hog-honey-mustard-595g\\\/#breadcrumb\",\"itemListElement\":[{\"@type\":\"ListItem\",\"position\":1,\"name\":\"AVALEHT\",\"item\":\"https:\\\/\\\/bbqentertainment.com\\\/en\\\/\"},{\"@type\":\"ListItem\",\"position\":2,\"name\":\"Tooted\",\"item\":\"https:\\\/\\\/bbqentertainment.com\\\/tooted\\\/\"},{\"@type\":\"ListItem\",\"position\":3,\"name\":\"Maitseandjad\",\"item\":\"https:\\\/\\\/bbqentertainment.com\\\/en\\\/tootekategooria\\\/maitseandjad\\\/\"},{\"@type\":\"ListItem\",\"position\":4,\"name\":\"BBQ kastmed\",\"item\":\"https:\\\/\\\/bbqentertainment.com\\\/tootekategooria\\\/maitseandjad\\\/bbq-kastmed\\\/\"},{\"@type\":\"ListItem\",\"position\":5,\"name\":\"Blues Hog Honey Mustard BBQ kaste 595g\"}]},{\"@type\":\"WebSite\",\"@id\":\"https:\\\/\\\/bbqentertainment.com\\\/#website\",\"url\":\"https:\\\/\\\/bbqentertainment.com\\\/\",\"name\":\"BBQ Entertainment\",\"description\":\"BBQ is a great lifestyle, not just fun!\",\"publisher\":{\"@id\":\"https:\\\/\\\/bbqentertainment.com\\\/#organization\"},\"potentialAction\":[{\"@type\":\"SearchAction\",\"target\":{\"@type\":\"EntryPoint\",\"urlTemplate\":\"https:\\\/\\\/bbqentertainment.com\\\/?s={search_term_string}\"},\"query-input\":{\"@type\":\"PropertyValueSpecification\",\"valueRequired\":true,\"valueName\":\"search_term_string\"}}],\"inLanguage\":\"en-US\"},{\"@type\":\"Organization\",\"@id\":\"https:\\\/\\\/bbqentertainment.com\\\/#organization\",\"name\":\"BBQ Entertainment O\u00dc\",\"url\":\"https:\\\/\\\/bbqentertainment.com\\\/\",\"logo\":{\"@type\":\"ImageObject\",\"inLanguage\":\"en-US\",\"@id\":\"https:\\\/\\\/bbqentertainment.com\\\/#\\\/schema\\\/logo\\\/image\\\/\",\"url\":\"https:\\\/\\\/bbqentertainment.com\\\/wp-content\\\/uploads\\\/2020\\\/04\\\/BBQ-Entertainment-N-Catering-Enn-Tobreluts-Logo.png\",\"contentUrl\":\"https:\\\/\\\/bbqentertainment.com\\\/wp-content\\\/uploads\\\/2020\\\/04\\\/BBQ-Entertainment-N-Catering-Enn-Tobreluts-Logo.png\",\"width\":628,\"height\":266,\"caption\":\"BBQ Entertainment O\u00dc\"},\"image\":{\"@id\":\"https:\\\/\\\/bbqentertainment.com\\\/#\\\/schema\\\/logo\\\/image\\\/\"},\"sameAs\":[\"https:\\\/\\\/www.facebook.com\\\/BBQ-Entertainment-N-Catering-2437913376443540\",\"https:\\\/\\\/www.instagram.com\\\/bbqentertainmentncatering\\\/\",\"https:\\\/\\\/www.youtube.com\\\/channel\\\/UCmpuANQVhLy2Md8nrenp2jA\"]}]}<\/script>\n<!-- \/ Yoast SEO plugin. -->","yoast_head_json":{"title":"Blues Hog Honey Mustard BBQ kaste 595g - BBQ Entertainment","robots":{"index":"index","follow":"follow","max-snippet":"max-snippet:-1","max-image-preview":"max-image-preview:large","max-video-preview":"max-video-preview:-1"},"canonical":"https:\/\/bbqentertainment.com\/toode\/blues-hog-honey-mustard-595g\/","og_locale":"en_US","og_type":"article","og_title":"Blues Hog Honey Mustard BBQ kaste 595g - BBQ Entertainment","og_description":"Blues Hog Honey Mustard BBQ kaste 595g Avasta t\u00f5eline gurmeekogemus Blues Hog Honey Mustard kastmega! See hapukas ja maitsek\u00fcllane kombinatsioon toob su roogadele unikaalsust, mida armastad jagada isegi oma punase kala roogadega. Valmistatud parimatest koostisosadest, sealhulgas sinepiseemnetest, misk on segatud rikkaliku destilleeritud \u00e4\u00e4dikaga. Looduslik mesi ja pruunsuhkur lisavad magusat n\u00fcanssi, millele ket\u0161up ja \u00f5unasiidri \u00e4\u00e4dikas pakuvad t\u00e4iuslikku tasakaalu. Proovi seda kindlasti dipikastmena \u2013 imeline lisand mis tahes suupistetele! Tootja: Blues Hog Kaal: 595g Koostisosad: sinep, mesi, destilleeritud \u00e4\u00e4dikas, sinepiseemned, kurkum, sool, pruunsuhkur, ket\u0161up, \u00f5unasiider, v\u00fcrtsid, t\u0161illi ja k\u00fc\u00fcslauk. Liitu nende f\u00e4nnidega, kes naudivad kastme mitmek\u00fclgset kasutust. T\u00e4ienda oma toidukogemust kohe!","og_url":"https:\/\/bbqentertainment.com\/toode\/blues-hog-honey-mustard-595g\/","og_site_name":"BBQ Entertainment","article_publisher":"https:\/\/www.facebook.com\/BBQ-Entertainment-N-Catering-2437913376443540","article_modified_time":"2025-11-05T06:29:57+00:00","og_image":[{"width":900,"height":900,"url":"https:\/\/bbqentertainment.com\/wp-content\/uploads\/2024\/11\/Blues-Hog-Honey-Mustard-Squeeze-Bottle.png","type":"image\/png"}],"twitter_card":"summary_large_image","twitter_misc":{"Est. reading time":"1 minute"},"schema":{"@context":"https:\/\/schema.org","@graph":[{"@type":["WebPage","ItemPage"],"@id":"https:\/\/bbqentertainment.com\/toode\/blues-hog-honey-mustard-595g\/","url":"https:\/\/bbqentertainment.com\/toode\/blues-hog-honey-mustard-595g\/","name":"Blues Hog Honey Mustard BBQ kaste 595g - BBQ Entertainment","isPartOf":{"@id":"https:\/\/bbqentertainment.com\/#website"},"primaryImageOfPage":{"@id":"https:\/\/bbqentertainment.com\/toode\/blues-hog-honey-mustard-595g\/#primaryimage"},"image":{"@id":"https:\/\/bbqentertainment.com\/toode\/blues-hog-honey-mustard-595g\/#primaryimage"},"thumbnailUrl":"https:\/\/bbqentertainment.com\/wp-content\/uploads\/2024\/11\/Blues-Hog-Honey-Mustard-Squeeze-Bottle.png","datePublished":"2024-11-09T14:15:00+00:00","dateModified":"2025-11-05T06:29:57+00:00","breadcrumb":{"@id":"https:\/\/bbqentertainment.com\/toode\/blues-hog-honey-mustard-595g\/#breadcrumb"},"inLanguage":"en-US","potentialAction":[{"@type":"ReadAction","target":["https:\/\/bbqentertainment.com\/toode\/blues-hog-honey-mustard-595g\/"]}]},{"@type":"ImageObject","inLanguage":"en-US","@id":"https:\/\/bbqentertainment.com\/toode\/blues-hog-honey-mustard-595g\/#primaryimage","url":"https:\/\/bbqentertainment.com\/wp-content\/uploads\/2024\/11\/Blues-Hog-Honey-Mustard-Squeeze-Bottle.png","contentUrl":"https:\/\/bbqentertainment.com\/wp-content\/uploads\/2024\/11\/Blues-Hog-Honey-Mustard-Squeeze-Bottle.png","width":900,"height":900},{"@type":"BreadcrumbList","@id":"https:\/\/bbqentertainment.com\/toode\/blues-hog-honey-mustard-595g\/#breadcrumb","itemListElement":[{"@type":"ListItem","position":1,"name":"AVALEHT","item":"https:\/\/bbqentertainment.com\/en\/"},{"@type":"ListItem","position":2,"name":"Tooted","item":"https:\/\/bbqentertainment.com\/tooted\/"},{"@type":"ListItem","position":3,"name":"Maitseandjad","item":"https:\/\/bbqentertainment.com\/en\/tootekategooria\/maitseandjad\/"},{"@type":"ListItem","position":4,"name":"BBQ kastmed","item":"https:\/\/bbqentertainment.com\/tootekategooria\/maitseandjad\/bbq-kastmed\/"},{"@type":"ListItem","position":5,"name":"Blues Hog Honey Mustard BBQ kaste 595g"}]},{"@type":"WebSite","@id":"https:\/\/bbqentertainment.com\/#website","url":"https:\/\/bbqentertainment.com\/","name":"BBQ Entertainment","description":"BBQ is a great lifestyle, not just fun!","publisher":{"@id":"https:\/\/bbqentertainment.com\/#organization"},"potentialAction":[{"@type":"SearchAction","target":{"@type":"EntryPoint","urlTemplate":"https:\/\/bbqentertainment.com\/?s={search_term_string}"},"query-input":{"@type":"PropertyValueSpecification","valueRequired":true,"valueName":"search_term_string"}}],"inLanguage":"en-US"},{"@type":"Organization","@id":"https:\/\/bbqentertainment.com\/#organization","name":"BBQ Entertainment O\u00dc","url":"https:\/\/bbqentertainment.com\/","logo":{"@type":"ImageObject","inLanguage":"en-US","@id":"https:\/\/bbqentertainment.com\/#\/schema\/logo\/image\/","url":"https:\/\/bbqentertainment.com\/wp-content\/uploads\/2020\/04\/BBQ-Entertainment-N-Catering-Enn-Tobreluts-Logo.png","contentUrl":"https:\/\/bbqentertainment.com\/wp-content\/uploads\/2020\/04\/BBQ-Entertainment-N-Catering-Enn-Tobreluts-Logo.png","width":628,"height":266,"caption":"BBQ Entertainment O\u00dc"},"image":{"@id":"https:\/\/bbqentertainment.com\/#\/schema\/logo\/image\/"},"sameAs":["https:\/\/www.facebook.com\/BBQ-Entertainment-N-Catering-2437913376443540","https:\/\/www.instagram.com\/bbqentertainmentncatering\/","https:\/\/www.youtube.com\/channel\/UCmpuANQVhLy2Md8nrenp2jA"]}]}},"_links":{"self":[{"href":"https:\/\/bbqentertainment.com\/en\/wp-json\/wp\/v2\/product\/249191","targetHints":{"allow":["GET"]}}],"collection":[{"href":"https:\/\/bbqentertainment.com\/en\/wp-json\/wp\/v2\/product"}],"about":[{"href":"https:\/\/bbqentertainment.com\/en\/wp-json\/wp\/v2\/types\/product"}],"wp:featuredmedia":[{"embeddable":true,"href":"https:\/\/bbqentertainment.com\/en\/wp-json\/wp\/v2\/media\/249280"}],"wp:attachment":[{"href":"https:\/\/bbqentertainment.com\/en\/wp-json\/wp\/v2\/media?parent=249191"}],"wp:term":[{"taxonomy":"product_brand","embeddable":true,"href":"https:\/\/bbqentertainment.com\/en\/wp-json\/wp\/v2\/product_brand?post=249191"},{"taxonomy":"product_cat","embeddable":true,"href":"https:\/\/bbqentertainment.com\/en\/wp-json\/wp\/v2\/product_cat?post=249191"},{"taxonomy":"product_tag","embeddable":true,"href":"https:\/\/bbqentertainment.com\/en\/wp-json\/wp\/v2\/product_tag?post=249191"}],"curies":[{"name":"wp","href":"https:\/\/api.w.org\/{rel}","templated":true}]}}