{"id":249192,"date":"2024-11-09T16:15:01","date_gmt":"2024-11-09T14:15:01","guid":{"rendered":"https:\/\/bbqentertainment.com\/toode\/blues-hog-orginal-bbq-kaste-709g\/"},"modified":"2026-02-25T12:54:05","modified_gmt":"2026-02-25T10:54:05","slug":"blues-hog-orginal-bbq-kaste-709g","status":"publish","type":"product","link":"https:\/\/bbqentertainment.com\/en\/toode\/blues-hog-orginal-bbq-kaste-709g\/","title":{"rendered":"Blues Hog Original BBQ kaste 709g"},"content":{"rendered":"","protected":false},"excerpt":{"rendered":"<h3><strong>Blues Hog Original BBQ kaste 709g<\/strong><\/h3>\n<p>Blues Hog Original on v\u00f5istlusringkondade ja BBQ restoranide iidol, mis toob sinu grillimisse v\u00f5iduka maitseelamuse. See ket\u0161upip\u00f5hine magus ja paks kaste j\u00e4\u00e4b lihale nagu kuld ja s\u00e4rab kui teemant. Ideaalne valik veise-, sea-, kana- ja kalaliha jaoks, tagades maitsva katte, mis sobib iga loomaliigiga. Toote koostisosadesse kuuluvad pruunsuhkur, ket\u0161up, \u00f5unasiidri \u00e4\u00e4dikas, suhkur, sool, v\u00fcrtsid, paprika, Worcestershire kaste, vanilliekstrakt ja k\u00fc\u00fcslauk, pakkudes tasakaalustatud maitset magusast kerge v\u00fcrtsika j\u00e4relmaitsega. Nautige seda ise v\u00f5i segage Tennessee Rediga 50:50 suhtega, et leida just teile sobiv maitsetasakaal. See kaste on saanud k\u00f5rgeima hinnanguid ja on barbecue entusiastide kindel lemmik. \u00c4ra j\u00e4ta seda maitouudust proovimata \u2013 lase Blues Hog Original muutuda sinu k\u00f6\u00f6gi asendamatuks kaaslaseks.<\/p>\n<p>&nbsp;<\/p>\n","protected":false},"featured_media":249284,"template":"","meta":{"inline_featured_image":false},"product_brand":[],"product_cat":[28,581,491],"product_tag":[],"class_list":{"0":"post-249192","1":"product","2":"type-product","3":"status-publish","4":"has-post-thumbnail","6":"product_cat-maitseandjad","7":"product_cat-bbq-kastmed","8":"product_cat-ameerika-bbq-rubid-kastmed","10":"first","11":"instock","12":"taxable","13":"shipping-taxable","14":"purchasable","15":"product-type-simple"},"yoast_head":"<!-- This site is optimized with the Yoast SEO plugin v27.4 - https:\/\/yoast.com\/product\/yoast-seo-wordpress\/ -->\n<title>Blues Hog Original BBQ kaste 709g - BBQ Entertainment<\/title>\n<meta name=\"robots\" content=\"index, follow, max-snippet:-1, max-image-preview:large, max-video-preview:-1\" \/>\n<link rel=\"canonical\" href=\"https:\/\/bbqentertainment.com\/toode\/blues-hog-orginal-bbq-kaste-709g\/\" \/>\n<meta property=\"og:locale\" content=\"en_US\" \/>\n<meta property=\"og:type\" content=\"article\" \/>\n<meta property=\"og:title\" content=\"Blues Hog Original BBQ kaste 709g - BBQ Entertainment\" \/>\n<meta property=\"og:description\" content=\"Blues Hog Original BBQ kaste 709g Blues Hog Original on v\u00f5istlusringkondade ja BBQ restoranide iidol, mis toob sinu grillimisse v\u00f5iduka maitseelamuse. See ket\u0161upip\u00f5hine magus ja paks kaste j\u00e4\u00e4b lihale nagu kuld ja s\u00e4rab kui teemant. Ideaalne valik veise-, sea-, kana- ja kalaliha jaoks, tagades maitsva katte, mis sobib iga loomaliigiga. Toote koostisosadesse kuuluvad pruunsuhkur, ket\u0161up, \u00f5unasiidri \u00e4\u00e4dikas, suhkur, sool, v\u00fcrtsid, paprika, Worcestershire kaste, vanilliekstrakt ja k\u00fc\u00fcslauk, pakkudes tasakaalustatud maitset magusast kerge v\u00fcrtsika j\u00e4relmaitsega. Nautige seda ise v\u00f5i segage Tennessee Rediga 50:50 suhtega, et leida just teile sobiv maitsetasakaal. See kaste on saanud k\u00f5rgeima hinnanguid ja on barbecue entusiastide kindel lemmik. \u00c4ra j\u00e4ta seda maitouudust proovimata \u2013 lase Blues Hog Original muutuda sinu k\u00f6\u00f6gi asendamatuks kaaslaseks.  &nbsp;\" \/>\n<meta property=\"og:url\" content=\"https:\/\/bbqentertainment.com\/toode\/blues-hog-orginal-bbq-kaste-709g\/\" \/>\n<meta property=\"og:site_name\" content=\"BBQ Entertainment\" \/>\n<meta property=\"article:publisher\" content=\"https:\/\/www.facebook.com\/BBQ-Entertainment-N-Catering-2437913376443540\" \/>\n<meta property=\"article:modified_time\" content=\"2026-02-25T10:54:05+00:00\" \/>\n<meta property=\"og:image\" content=\"https:\/\/bbqentertainment.com\/wp-content\/uploads\/2024\/11\/Blues-Hog-BBQ-Kastmed-Original-Pritspudel.webp\" \/>\n\t<meta property=\"og:image:width\" content=\"800\" \/>\n\t<meta property=\"og:image:height\" content=\"800\" \/>\n\t<meta property=\"og:image:type\" content=\"image\/webp\" \/>\n<meta name=\"twitter:card\" content=\"summary_large_image\" \/>\n<meta name=\"twitter:label1\" content=\"Est. reading time\" \/>\n\t<meta name=\"twitter:data1\" content=\"1 minute\" \/>\n<script type=\"application\/ld+json\" class=\"yoast-schema-graph\">{\"@context\":\"https:\\\/\\\/schema.org\",\"@graph\":[{\"@type\":[\"WebPage\",\"ItemPage\"],\"@id\":\"https:\\\/\\\/bbqentertainment.com\\\/toode\\\/blues-hog-orginal-bbq-kaste-709g\\\/\",\"url\":\"https:\\\/\\\/bbqentertainment.com\\\/toode\\\/blues-hog-orginal-bbq-kaste-709g\\\/\",\"name\":\"Blues Hog Original BBQ kaste 709g - BBQ Entertainment\",\"isPartOf\":{\"@id\":\"https:\\\/\\\/bbqentertainment.com\\\/#website\"},\"primaryImageOfPage\":{\"@id\":\"https:\\\/\\\/bbqentertainment.com\\\/toode\\\/blues-hog-orginal-bbq-kaste-709g\\\/#primaryimage\"},\"image\":{\"@id\":\"https:\\\/\\\/bbqentertainment.com\\\/toode\\\/blues-hog-orginal-bbq-kaste-709g\\\/#primaryimage\"},\"thumbnailUrl\":\"https:\\\/\\\/bbqentertainment.com\\\/wp-content\\\/uploads\\\/2024\\\/11\\\/Blues-Hog-BBQ-Kastmed-Original-Pritspudel.webp\",\"datePublished\":\"2024-11-09T14:15:01+00:00\",\"dateModified\":\"2026-02-25T10:54:05+00:00\",\"breadcrumb\":{\"@id\":\"https:\\\/\\\/bbqentertainment.com\\\/toode\\\/blues-hog-orginal-bbq-kaste-709g\\\/#breadcrumb\"},\"inLanguage\":\"en-US\",\"potentialAction\":[{\"@type\":\"ReadAction\",\"target\":[\"https:\\\/\\\/bbqentertainment.com\\\/toode\\\/blues-hog-orginal-bbq-kaste-709g\\\/\"]}]},{\"@type\":\"ImageObject\",\"inLanguage\":\"en-US\",\"@id\":\"https:\\\/\\\/bbqentertainment.com\\\/toode\\\/blues-hog-orginal-bbq-kaste-709g\\\/#primaryimage\",\"url\":\"https:\\\/\\\/bbqentertainment.com\\\/wp-content\\\/uploads\\\/2024\\\/11\\\/Blues-Hog-BBQ-Kastmed-Original-Pritspudel.webp\",\"contentUrl\":\"https:\\\/\\\/bbqentertainment.com\\\/wp-content\\\/uploads\\\/2024\\\/11\\\/Blues-Hog-BBQ-Kastmed-Original-Pritspudel.webp\",\"width\":800,\"height\":800},{\"@type\":\"BreadcrumbList\",\"@id\":\"https:\\\/\\\/bbqentertainment.com\\\/toode\\\/blues-hog-orginal-bbq-kaste-709g\\\/#breadcrumb\",\"itemListElement\":[{\"@type\":\"ListItem\",\"position\":1,\"name\":\"AVALEHT\",\"item\":\"https:\\\/\\\/bbqentertainment.com\\\/en\\\/\"},{\"@type\":\"ListItem\",\"position\":2,\"name\":\"Tooted\",\"item\":\"https:\\\/\\\/bbqentertainment.com\\\/tooted\\\/\"},{\"@type\":\"ListItem\",\"position\":3,\"name\":\"Maitseandjad\",\"item\":\"https:\\\/\\\/bbqentertainment.com\\\/en\\\/tootekategooria\\\/maitseandjad\\\/\"},{\"@type\":\"ListItem\",\"position\":4,\"name\":\"AMEERIKA BBQ RUBID \\\/ KASTMED\",\"item\":\"https:\\\/\\\/bbqentertainment.com\\\/tootekategooria\\\/maitseandjad\\\/ameerika-bbq-rubid-kastmed\\\/\"},{\"@type\":\"ListItem\",\"position\":5,\"name\":\"Blues Hog Original BBQ kaste 709g\"}]},{\"@type\":\"WebSite\",\"@id\":\"https:\\\/\\\/bbqentertainment.com\\\/#website\",\"url\":\"https:\\\/\\\/bbqentertainment.com\\\/\",\"name\":\"BBQ Entertainment\",\"description\":\"BBQ is a great lifestyle, not just fun!\",\"publisher\":{\"@id\":\"https:\\\/\\\/bbqentertainment.com\\\/#organization\"},\"potentialAction\":[{\"@type\":\"SearchAction\",\"target\":{\"@type\":\"EntryPoint\",\"urlTemplate\":\"https:\\\/\\\/bbqentertainment.com\\\/?s={search_term_string}\"},\"query-input\":{\"@type\":\"PropertyValueSpecification\",\"valueRequired\":true,\"valueName\":\"search_term_string\"}}],\"inLanguage\":\"en-US\"},{\"@type\":\"Organization\",\"@id\":\"https:\\\/\\\/bbqentertainment.com\\\/#organization\",\"name\":\"BBQ Entertainment O\u00dc\",\"url\":\"https:\\\/\\\/bbqentertainment.com\\\/\",\"logo\":{\"@type\":\"ImageObject\",\"inLanguage\":\"en-US\",\"@id\":\"https:\\\/\\\/bbqentertainment.com\\\/#\\\/schema\\\/logo\\\/image\\\/\",\"url\":\"https:\\\/\\\/bbqentertainment.com\\\/wp-content\\\/uploads\\\/2020\\\/04\\\/BBQ-Entertainment-N-Catering-Enn-Tobreluts-Logo.png\",\"contentUrl\":\"https:\\\/\\\/bbqentertainment.com\\\/wp-content\\\/uploads\\\/2020\\\/04\\\/BBQ-Entertainment-N-Catering-Enn-Tobreluts-Logo.png\",\"width\":628,\"height\":266,\"caption\":\"BBQ Entertainment O\u00dc\"},\"image\":{\"@id\":\"https:\\\/\\\/bbqentertainment.com\\\/#\\\/schema\\\/logo\\\/image\\\/\"},\"sameAs\":[\"https:\\\/\\\/www.facebook.com\\\/BBQ-Entertainment-N-Catering-2437913376443540\",\"https:\\\/\\\/www.instagram.com\\\/bbqentertainmentncatering\\\/\",\"https:\\\/\\\/www.youtube.com\\\/channel\\\/UCmpuANQVhLy2Md8nrenp2jA\"]}]}<\/script>\n<!-- \/ Yoast SEO plugin. -->","yoast_head_json":{"title":"Blues Hog Original BBQ kaste 709g - BBQ Entertainment","robots":{"index":"index","follow":"follow","max-snippet":"max-snippet:-1","max-image-preview":"max-image-preview:large","max-video-preview":"max-video-preview:-1"},"canonical":"https:\/\/bbqentertainment.com\/toode\/blues-hog-orginal-bbq-kaste-709g\/","og_locale":"en_US","og_type":"article","og_title":"Blues Hog Original BBQ kaste 709g - BBQ Entertainment","og_description":"Blues Hog Original BBQ kaste 709g Blues Hog Original on v\u00f5istlusringkondade ja BBQ restoranide iidol, mis toob sinu grillimisse v\u00f5iduka maitseelamuse. See ket\u0161upip\u00f5hine magus ja paks kaste j\u00e4\u00e4b lihale nagu kuld ja s\u00e4rab kui teemant. Ideaalne valik veise-, sea-, kana- ja kalaliha jaoks, tagades maitsva katte, mis sobib iga loomaliigiga. Toote koostisosadesse kuuluvad pruunsuhkur, ket\u0161up, \u00f5unasiidri \u00e4\u00e4dikas, suhkur, sool, v\u00fcrtsid, paprika, Worcestershire kaste, vanilliekstrakt ja k\u00fc\u00fcslauk, pakkudes tasakaalustatud maitset magusast kerge v\u00fcrtsika j\u00e4relmaitsega. Nautige seda ise v\u00f5i segage Tennessee Rediga 50:50 suhtega, et leida just teile sobiv maitsetasakaal. See kaste on saanud k\u00f5rgeima hinnanguid ja on barbecue entusiastide kindel lemmik. \u00c4ra j\u00e4ta seda maitouudust proovimata \u2013 lase Blues Hog Original muutuda sinu k\u00f6\u00f6gi asendamatuks kaaslaseks.  &nbsp;","og_url":"https:\/\/bbqentertainment.com\/toode\/blues-hog-orginal-bbq-kaste-709g\/","og_site_name":"BBQ Entertainment","article_publisher":"https:\/\/www.facebook.com\/BBQ-Entertainment-N-Catering-2437913376443540","article_modified_time":"2026-02-25T10:54:05+00:00","og_image":[{"width":800,"height":800,"url":"https:\/\/bbqentertainment.com\/wp-content\/uploads\/2024\/11\/Blues-Hog-BBQ-Kastmed-Original-Pritspudel.webp","type":"image\/webp"}],"twitter_card":"summary_large_image","twitter_misc":{"Est. reading time":"1 minute"},"schema":{"@context":"https:\/\/schema.org","@graph":[{"@type":["WebPage","ItemPage"],"@id":"https:\/\/bbqentertainment.com\/toode\/blues-hog-orginal-bbq-kaste-709g\/","url":"https:\/\/bbqentertainment.com\/toode\/blues-hog-orginal-bbq-kaste-709g\/","name":"Blues Hog Original BBQ kaste 709g - BBQ Entertainment","isPartOf":{"@id":"https:\/\/bbqentertainment.com\/#website"},"primaryImageOfPage":{"@id":"https:\/\/bbqentertainment.com\/toode\/blues-hog-orginal-bbq-kaste-709g\/#primaryimage"},"image":{"@id":"https:\/\/bbqentertainment.com\/toode\/blues-hog-orginal-bbq-kaste-709g\/#primaryimage"},"thumbnailUrl":"https:\/\/bbqentertainment.com\/wp-content\/uploads\/2024\/11\/Blues-Hog-BBQ-Kastmed-Original-Pritspudel.webp","datePublished":"2024-11-09T14:15:01+00:00","dateModified":"2026-02-25T10:54:05+00:00","breadcrumb":{"@id":"https:\/\/bbqentertainment.com\/toode\/blues-hog-orginal-bbq-kaste-709g\/#breadcrumb"},"inLanguage":"en-US","potentialAction":[{"@type":"ReadAction","target":["https:\/\/bbqentertainment.com\/toode\/blues-hog-orginal-bbq-kaste-709g\/"]}]},{"@type":"ImageObject","inLanguage":"en-US","@id":"https:\/\/bbqentertainment.com\/toode\/blues-hog-orginal-bbq-kaste-709g\/#primaryimage","url":"https:\/\/bbqentertainment.com\/wp-content\/uploads\/2024\/11\/Blues-Hog-BBQ-Kastmed-Original-Pritspudel.webp","contentUrl":"https:\/\/bbqentertainment.com\/wp-content\/uploads\/2024\/11\/Blues-Hog-BBQ-Kastmed-Original-Pritspudel.webp","width":800,"height":800},{"@type":"BreadcrumbList","@id":"https:\/\/bbqentertainment.com\/toode\/blues-hog-orginal-bbq-kaste-709g\/#breadcrumb","itemListElement":[{"@type":"ListItem","position":1,"name":"AVALEHT","item":"https:\/\/bbqentertainment.com\/en\/"},{"@type":"ListItem","position":2,"name":"Tooted","item":"https:\/\/bbqentertainment.com\/tooted\/"},{"@type":"ListItem","position":3,"name":"Maitseandjad","item":"https:\/\/bbqentertainment.com\/en\/tootekategooria\/maitseandjad\/"},{"@type":"ListItem","position":4,"name":"AMEERIKA BBQ RUBID \/ KASTMED","item":"https:\/\/bbqentertainment.com\/tootekategooria\/maitseandjad\/ameerika-bbq-rubid-kastmed\/"},{"@type":"ListItem","position":5,"name":"Blues Hog Original BBQ kaste 709g"}]},{"@type":"WebSite","@id":"https:\/\/bbqentertainment.com\/#website","url":"https:\/\/bbqentertainment.com\/","name":"BBQ Entertainment","description":"BBQ is a great lifestyle, not just fun!","publisher":{"@id":"https:\/\/bbqentertainment.com\/#organization"},"potentialAction":[{"@type":"SearchAction","target":{"@type":"EntryPoint","urlTemplate":"https:\/\/bbqentertainment.com\/?s={search_term_string}"},"query-input":{"@type":"PropertyValueSpecification","valueRequired":true,"valueName":"search_term_string"}}],"inLanguage":"en-US"},{"@type":"Organization","@id":"https:\/\/bbqentertainment.com\/#organization","name":"BBQ Entertainment O\u00dc","url":"https:\/\/bbqentertainment.com\/","logo":{"@type":"ImageObject","inLanguage":"en-US","@id":"https:\/\/bbqentertainment.com\/#\/schema\/logo\/image\/","url":"https:\/\/bbqentertainment.com\/wp-content\/uploads\/2020\/04\/BBQ-Entertainment-N-Catering-Enn-Tobreluts-Logo.png","contentUrl":"https:\/\/bbqentertainment.com\/wp-content\/uploads\/2020\/04\/BBQ-Entertainment-N-Catering-Enn-Tobreluts-Logo.png","width":628,"height":266,"caption":"BBQ Entertainment O\u00dc"},"image":{"@id":"https:\/\/bbqentertainment.com\/#\/schema\/logo\/image\/"},"sameAs":["https:\/\/www.facebook.com\/BBQ-Entertainment-N-Catering-2437913376443540","https:\/\/www.instagram.com\/bbqentertainmentncatering\/","https:\/\/www.youtube.com\/channel\/UCmpuANQVhLy2Md8nrenp2jA"]}]}},"_links":{"self":[{"href":"https:\/\/bbqentertainment.com\/en\/wp-json\/wp\/v2\/product\/249192","targetHints":{"allow":["GET"]}}],"collection":[{"href":"https:\/\/bbqentertainment.com\/en\/wp-json\/wp\/v2\/product"}],"about":[{"href":"https:\/\/bbqentertainment.com\/en\/wp-json\/wp\/v2\/types\/product"}],"wp:featuredmedia":[{"embeddable":true,"href":"https:\/\/bbqentertainment.com\/en\/wp-json\/wp\/v2\/media\/249284"}],"wp:attachment":[{"href":"https:\/\/bbqentertainment.com\/en\/wp-json\/wp\/v2\/media?parent=249192"}],"wp:term":[{"taxonomy":"product_brand","embeddable":true,"href":"https:\/\/bbqentertainment.com\/en\/wp-json\/wp\/v2\/product_brand?post=249192"},{"taxonomy":"product_cat","embeddable":true,"href":"https:\/\/bbqentertainment.com\/en\/wp-json\/wp\/v2\/product_cat?post=249192"},{"taxonomy":"product_tag","embeddable":true,"href":"https:\/\/bbqentertainment.com\/en\/wp-json\/wp\/v2\/product_tag?post=249192"}],"curies":[{"name":"wp","href":"https:\/\/api.w.org\/{rel}","templated":true}]}}