{"id":249197,"date":"2024-11-09T16:15:02","date_gmt":"2024-11-09T14:15:02","guid":{"rendered":"https:\/\/bbqentertainment.com\/toode\/big-poppa-smokers-sweet-money-maitseainesegu-397g\/"},"modified":"2025-07-25T13:45:58","modified_gmt":"2025-07-25T10:45:58","slug":"big-poppa-smokers-sweet-money-maitseainesegu-397g","status":"publish","type":"product","link":"https:\/\/bbqentertainment.com\/en\/toode\/big-poppa-smokers-sweet-money-maitseainesegu-397g\/","title":{"rendered":"Big Poppa Smokers Sweet Money maitseainesegu 397g"},"content":{"rendered":"","protected":false},"excerpt":{"rendered":"<h3>Big Poppa Smokers Sweet Money maitseainesegu 397g<\/h3>\n<p>Avasta Big Poppa Smokersi ikooniline Sweet Money Championship Rub, ideaalne segu magusast ja v\u00fcrtsikast, mis teeb sellest t\u00f5elise lemmiku sealiha armastajatele. See maitseainesegu \u00fchendab endas suhkru ja mee muretu magususe koos k\u00fc\u00fcslaugu, sibula ja paprikaga ning just t\u00e4pselt paraja koguse soola ja t\u0161illiga, et anda lihale erilise meki.<\/p>\n<p>Kombinatsioon sidrunikoore ja -\u00f5liga lisab vaevu tajutavat tsitruselist v\u00e4rskust, samas kui kurkum ja seller lisavad keerukamaid n\u00fcansse.<\/p>\n","protected":false},"featured_media":249294,"template":"","meta":{"inline_featured_image":false},"product_brand":[],"product_cat":[28,491],"product_tag":[],"class_list":{"0":"post-249197","1":"product","2":"type-product","3":"status-publish","4":"has-post-thumbnail","6":"product_cat-maitseandjad","7":"product_cat-ameerika-bbq-rubid-kastmed","9":"first","10":"outofstock","11":"taxable","12":"shipping-taxable","13":"purchasable","14":"product-type-simple"},"yoast_head":"<!-- This site is optimized with the Yoast SEO plugin v27.4 - https:\/\/yoast.com\/product\/yoast-seo-wordpress\/ -->\n<title>Big Poppa Smokers Sweet Money maitseainesegu 397g - BBQ Entertainment<\/title>\n<meta name=\"robots\" content=\"index, follow, max-snippet:-1, max-image-preview:large, max-video-preview:-1\" \/>\n<link rel=\"canonical\" href=\"https:\/\/bbqentertainment.com\/toode\/big-poppa-smokers-sweet-money-maitseainesegu-397g\/\" \/>\n<meta property=\"og:locale\" content=\"en_US\" \/>\n<meta property=\"og:type\" content=\"article\" \/>\n<meta property=\"og:title\" content=\"Big Poppa Smokers Sweet Money maitseainesegu 397g - BBQ Entertainment\" \/>\n<meta property=\"og:description\" content=\"Big Poppa Smokers Sweet Money maitseainesegu 397g Avasta Big Poppa Smokersi ikooniline Sweet Money Championship Rub, ideaalne segu magusast ja v\u00fcrtsikast, mis teeb sellest t\u00f5elise lemmiku sealiha armastajatele. See maitseainesegu \u00fchendab endas suhkru ja mee muretu magususe koos k\u00fc\u00fcslaugu, sibula ja paprikaga ning just t\u00e4pselt paraja koguse soola ja t\u0161illiga, et anda lihale erilise meki.  Kombinatsioon sidrunikoore ja -\u00f5liga lisab vaevu tajutavat tsitruselist v\u00e4rskust, samas kui kurkum ja seller lisavad keerukamaid n\u00fcansse.\" \/>\n<meta property=\"og:url\" content=\"https:\/\/bbqentertainment.com\/toode\/big-poppa-smokers-sweet-money-maitseainesegu-397g\/\" \/>\n<meta property=\"og:site_name\" content=\"BBQ Entertainment\" \/>\n<meta property=\"article:publisher\" content=\"https:\/\/www.facebook.com\/BBQ-Entertainment-N-Catering-2437913376443540\" \/>\n<meta property=\"article:modified_time\" content=\"2025-07-25T10:45:58+00:00\" \/>\n<meta property=\"og:image\" content=\"https:\/\/bbqentertainment.com\/wp-content\/uploads\/2024\/11\/Big-Poppas-Sweet-Money-Rub.png\" \/>\n\t<meta property=\"og:image:width\" content=\"800\" \/>\n\t<meta property=\"og:image:height\" content=\"800\" \/>\n\t<meta property=\"og:image:type\" content=\"image\/png\" \/>\n<meta name=\"twitter:card\" content=\"summary_large_image\" \/>\n<meta name=\"twitter:label1\" content=\"Est. reading time\" \/>\n\t<meta name=\"twitter:data1\" content=\"1 minute\" \/>\n<script type=\"application\/ld+json\" class=\"yoast-schema-graph\">{\"@context\":\"https:\\\/\\\/schema.org\",\"@graph\":[{\"@type\":[\"WebPage\",\"ItemPage\"],\"@id\":\"https:\\\/\\\/bbqentertainment.com\\\/toode\\\/big-poppa-smokers-sweet-money-maitseainesegu-397g\\\/\",\"url\":\"https:\\\/\\\/bbqentertainment.com\\\/toode\\\/big-poppa-smokers-sweet-money-maitseainesegu-397g\\\/\",\"name\":\"Big Poppa Smokers Sweet Money maitseainesegu 397g - BBQ Entertainment\",\"isPartOf\":{\"@id\":\"https:\\\/\\\/bbqentertainment.com\\\/#website\"},\"primaryImageOfPage\":{\"@id\":\"https:\\\/\\\/bbqentertainment.com\\\/toode\\\/big-poppa-smokers-sweet-money-maitseainesegu-397g\\\/#primaryimage\"},\"image\":{\"@id\":\"https:\\\/\\\/bbqentertainment.com\\\/toode\\\/big-poppa-smokers-sweet-money-maitseainesegu-397g\\\/#primaryimage\"},\"thumbnailUrl\":\"https:\\\/\\\/bbqentertainment.com\\\/wp-content\\\/uploads\\\/2024\\\/11\\\/Big-Poppas-Sweet-Money-Rub.png\",\"datePublished\":\"2024-11-09T14:15:02+00:00\",\"dateModified\":\"2025-07-25T10:45:58+00:00\",\"breadcrumb\":{\"@id\":\"https:\\\/\\\/bbqentertainment.com\\\/toode\\\/big-poppa-smokers-sweet-money-maitseainesegu-397g\\\/#breadcrumb\"},\"inLanguage\":\"en-US\",\"potentialAction\":[{\"@type\":\"ReadAction\",\"target\":[\"https:\\\/\\\/bbqentertainment.com\\\/toode\\\/big-poppa-smokers-sweet-money-maitseainesegu-397g\\\/\"]}]},{\"@type\":\"ImageObject\",\"inLanguage\":\"en-US\",\"@id\":\"https:\\\/\\\/bbqentertainment.com\\\/toode\\\/big-poppa-smokers-sweet-money-maitseainesegu-397g\\\/#primaryimage\",\"url\":\"https:\\\/\\\/bbqentertainment.com\\\/wp-content\\\/uploads\\\/2024\\\/11\\\/Big-Poppas-Sweet-Money-Rub.png\",\"contentUrl\":\"https:\\\/\\\/bbqentertainment.com\\\/wp-content\\\/uploads\\\/2024\\\/11\\\/Big-Poppas-Sweet-Money-Rub.png\",\"width\":800,\"height\":800},{\"@type\":\"BreadcrumbList\",\"@id\":\"https:\\\/\\\/bbqentertainment.com\\\/toode\\\/big-poppa-smokers-sweet-money-maitseainesegu-397g\\\/#breadcrumb\",\"itemListElement\":[{\"@type\":\"ListItem\",\"position\":1,\"name\":\"AVALEHT\",\"item\":\"https:\\\/\\\/bbqentertainment.com\\\/en\\\/\"},{\"@type\":\"ListItem\",\"position\":2,\"name\":\"Tooted\",\"item\":\"https:\\\/\\\/bbqentertainment.com\\\/tooted\\\/\"},{\"@type\":\"ListItem\",\"position\":3,\"name\":\"Maitseandjad\",\"item\":\"https:\\\/\\\/bbqentertainment.com\\\/en\\\/tootekategooria\\\/maitseandjad\\\/\"},{\"@type\":\"ListItem\",\"position\":4,\"name\":\"AMEERIKA BBQ RUBID \\\/ KASTMED\",\"item\":\"https:\\\/\\\/bbqentertainment.com\\\/tootekategooria\\\/maitseandjad\\\/ameerika-bbq-rubid-kastmed\\\/\"},{\"@type\":\"ListItem\",\"position\":5,\"name\":\"Big Poppa Smokers Sweet Money maitseainesegu 397g\"}]},{\"@type\":\"WebSite\",\"@id\":\"https:\\\/\\\/bbqentertainment.com\\\/#website\",\"url\":\"https:\\\/\\\/bbqentertainment.com\\\/\",\"name\":\"BBQ Entertainment\",\"description\":\"BBQ is a great lifestyle, not just fun!\",\"publisher\":{\"@id\":\"https:\\\/\\\/bbqentertainment.com\\\/#organization\"},\"potentialAction\":[{\"@type\":\"SearchAction\",\"target\":{\"@type\":\"EntryPoint\",\"urlTemplate\":\"https:\\\/\\\/bbqentertainment.com\\\/?s={search_term_string}\"},\"query-input\":{\"@type\":\"PropertyValueSpecification\",\"valueRequired\":true,\"valueName\":\"search_term_string\"}}],\"inLanguage\":\"en-US\"},{\"@type\":\"Organization\",\"@id\":\"https:\\\/\\\/bbqentertainment.com\\\/#organization\",\"name\":\"BBQ Entertainment O\u00dc\",\"url\":\"https:\\\/\\\/bbqentertainment.com\\\/\",\"logo\":{\"@type\":\"ImageObject\",\"inLanguage\":\"en-US\",\"@id\":\"https:\\\/\\\/bbqentertainment.com\\\/#\\\/schema\\\/logo\\\/image\\\/\",\"url\":\"https:\\\/\\\/bbqentertainment.com\\\/wp-content\\\/uploads\\\/2020\\\/04\\\/BBQ-Entertainment-N-Catering-Enn-Tobreluts-Logo.png\",\"contentUrl\":\"https:\\\/\\\/bbqentertainment.com\\\/wp-content\\\/uploads\\\/2020\\\/04\\\/BBQ-Entertainment-N-Catering-Enn-Tobreluts-Logo.png\",\"width\":628,\"height\":266,\"caption\":\"BBQ Entertainment O\u00dc\"},\"image\":{\"@id\":\"https:\\\/\\\/bbqentertainment.com\\\/#\\\/schema\\\/logo\\\/image\\\/\"},\"sameAs\":[\"https:\\\/\\\/www.facebook.com\\\/BBQ-Entertainment-N-Catering-2437913376443540\",\"https:\\\/\\\/www.instagram.com\\\/bbqentertainmentncatering\\\/\",\"https:\\\/\\\/www.youtube.com\\\/channel\\\/UCmpuANQVhLy2Md8nrenp2jA\"]}]}<\/script>\n<!-- \/ Yoast SEO plugin. -->","yoast_head_json":{"title":"Big Poppa Smokers Sweet Money maitseainesegu 397g - BBQ Entertainment","robots":{"index":"index","follow":"follow","max-snippet":"max-snippet:-1","max-image-preview":"max-image-preview:large","max-video-preview":"max-video-preview:-1"},"canonical":"https:\/\/bbqentertainment.com\/toode\/big-poppa-smokers-sweet-money-maitseainesegu-397g\/","og_locale":"en_US","og_type":"article","og_title":"Big Poppa Smokers Sweet Money maitseainesegu 397g - BBQ Entertainment","og_description":"Big Poppa Smokers Sweet Money maitseainesegu 397g Avasta Big Poppa Smokersi ikooniline Sweet Money Championship Rub, ideaalne segu magusast ja v\u00fcrtsikast, mis teeb sellest t\u00f5elise lemmiku sealiha armastajatele. See maitseainesegu \u00fchendab endas suhkru ja mee muretu magususe koos k\u00fc\u00fcslaugu, sibula ja paprikaga ning just t\u00e4pselt paraja koguse soola ja t\u0161illiga, et anda lihale erilise meki.  Kombinatsioon sidrunikoore ja -\u00f5liga lisab vaevu tajutavat tsitruselist v\u00e4rskust, samas kui kurkum ja seller lisavad keerukamaid n\u00fcansse.","og_url":"https:\/\/bbqentertainment.com\/toode\/big-poppa-smokers-sweet-money-maitseainesegu-397g\/","og_site_name":"BBQ Entertainment","article_publisher":"https:\/\/www.facebook.com\/BBQ-Entertainment-N-Catering-2437913376443540","article_modified_time":"2025-07-25T10:45:58+00:00","og_image":[{"width":800,"height":800,"url":"https:\/\/bbqentertainment.com\/wp-content\/uploads\/2024\/11\/Big-Poppas-Sweet-Money-Rub.png","type":"image\/png"}],"twitter_card":"summary_large_image","twitter_misc":{"Est. reading time":"1 minute"},"schema":{"@context":"https:\/\/schema.org","@graph":[{"@type":["WebPage","ItemPage"],"@id":"https:\/\/bbqentertainment.com\/toode\/big-poppa-smokers-sweet-money-maitseainesegu-397g\/","url":"https:\/\/bbqentertainment.com\/toode\/big-poppa-smokers-sweet-money-maitseainesegu-397g\/","name":"Big Poppa Smokers Sweet Money maitseainesegu 397g - BBQ Entertainment","isPartOf":{"@id":"https:\/\/bbqentertainment.com\/#website"},"primaryImageOfPage":{"@id":"https:\/\/bbqentertainment.com\/toode\/big-poppa-smokers-sweet-money-maitseainesegu-397g\/#primaryimage"},"image":{"@id":"https:\/\/bbqentertainment.com\/toode\/big-poppa-smokers-sweet-money-maitseainesegu-397g\/#primaryimage"},"thumbnailUrl":"https:\/\/bbqentertainment.com\/wp-content\/uploads\/2024\/11\/Big-Poppas-Sweet-Money-Rub.png","datePublished":"2024-11-09T14:15:02+00:00","dateModified":"2025-07-25T10:45:58+00:00","breadcrumb":{"@id":"https:\/\/bbqentertainment.com\/toode\/big-poppa-smokers-sweet-money-maitseainesegu-397g\/#breadcrumb"},"inLanguage":"en-US","potentialAction":[{"@type":"ReadAction","target":["https:\/\/bbqentertainment.com\/toode\/big-poppa-smokers-sweet-money-maitseainesegu-397g\/"]}]},{"@type":"ImageObject","inLanguage":"en-US","@id":"https:\/\/bbqentertainment.com\/toode\/big-poppa-smokers-sweet-money-maitseainesegu-397g\/#primaryimage","url":"https:\/\/bbqentertainment.com\/wp-content\/uploads\/2024\/11\/Big-Poppas-Sweet-Money-Rub.png","contentUrl":"https:\/\/bbqentertainment.com\/wp-content\/uploads\/2024\/11\/Big-Poppas-Sweet-Money-Rub.png","width":800,"height":800},{"@type":"BreadcrumbList","@id":"https:\/\/bbqentertainment.com\/toode\/big-poppa-smokers-sweet-money-maitseainesegu-397g\/#breadcrumb","itemListElement":[{"@type":"ListItem","position":1,"name":"AVALEHT","item":"https:\/\/bbqentertainment.com\/en\/"},{"@type":"ListItem","position":2,"name":"Tooted","item":"https:\/\/bbqentertainment.com\/tooted\/"},{"@type":"ListItem","position":3,"name":"Maitseandjad","item":"https:\/\/bbqentertainment.com\/en\/tootekategooria\/maitseandjad\/"},{"@type":"ListItem","position":4,"name":"AMEERIKA BBQ RUBID \/ KASTMED","item":"https:\/\/bbqentertainment.com\/tootekategooria\/maitseandjad\/ameerika-bbq-rubid-kastmed\/"},{"@type":"ListItem","position":5,"name":"Big Poppa Smokers Sweet Money maitseainesegu 397g"}]},{"@type":"WebSite","@id":"https:\/\/bbqentertainment.com\/#website","url":"https:\/\/bbqentertainment.com\/","name":"BBQ Entertainment","description":"BBQ is a great lifestyle, not just fun!","publisher":{"@id":"https:\/\/bbqentertainment.com\/#organization"},"potentialAction":[{"@type":"SearchAction","target":{"@type":"EntryPoint","urlTemplate":"https:\/\/bbqentertainment.com\/?s={search_term_string}"},"query-input":{"@type":"PropertyValueSpecification","valueRequired":true,"valueName":"search_term_string"}}],"inLanguage":"en-US"},{"@type":"Organization","@id":"https:\/\/bbqentertainment.com\/#organization","name":"BBQ Entertainment O\u00dc","url":"https:\/\/bbqentertainment.com\/","logo":{"@type":"ImageObject","inLanguage":"en-US","@id":"https:\/\/bbqentertainment.com\/#\/schema\/logo\/image\/","url":"https:\/\/bbqentertainment.com\/wp-content\/uploads\/2020\/04\/BBQ-Entertainment-N-Catering-Enn-Tobreluts-Logo.png","contentUrl":"https:\/\/bbqentertainment.com\/wp-content\/uploads\/2020\/04\/BBQ-Entertainment-N-Catering-Enn-Tobreluts-Logo.png","width":628,"height":266,"caption":"BBQ Entertainment O\u00dc"},"image":{"@id":"https:\/\/bbqentertainment.com\/#\/schema\/logo\/image\/"},"sameAs":["https:\/\/www.facebook.com\/BBQ-Entertainment-N-Catering-2437913376443540","https:\/\/www.instagram.com\/bbqentertainmentncatering\/","https:\/\/www.youtube.com\/channel\/UCmpuANQVhLy2Md8nrenp2jA"]}]}},"_links":{"self":[{"href":"https:\/\/bbqentertainment.com\/en\/wp-json\/wp\/v2\/product\/249197","targetHints":{"allow":["GET"]}}],"collection":[{"href":"https:\/\/bbqentertainment.com\/en\/wp-json\/wp\/v2\/product"}],"about":[{"href":"https:\/\/bbqentertainment.com\/en\/wp-json\/wp\/v2\/types\/product"}],"wp:featuredmedia":[{"embeddable":true,"href":"https:\/\/bbqentertainment.com\/en\/wp-json\/wp\/v2\/media\/249294"}],"wp:attachment":[{"href":"https:\/\/bbqentertainment.com\/en\/wp-json\/wp\/v2\/media?parent=249197"}],"wp:term":[{"taxonomy":"product_brand","embeddable":true,"href":"https:\/\/bbqentertainment.com\/en\/wp-json\/wp\/v2\/product_brand?post=249197"},{"taxonomy":"product_cat","embeddable":true,"href":"https:\/\/bbqentertainment.com\/en\/wp-json\/wp\/v2\/product_cat?post=249197"},{"taxonomy":"product_tag","embeddable":true,"href":"https:\/\/bbqentertainment.com\/en\/wp-json\/wp\/v2\/product_tag?post=249197"}],"curies":[{"name":"wp","href":"https:\/\/api.w.org\/{rel}","templated":true}]}}