{"id":249198,"date":"2024-11-09T16:15:02","date_gmt":"2024-11-09T14:15:02","guid":{"rendered":"https:\/\/bbqentertainment.com\/toode\/traeger-bbq-rub-maitseaine-kanalihale-200g\/"},"modified":"2026-04-14T20:51:02","modified_gmt":"2026-04-14T17:51:02","slug":"traeger-bbq-rub-maitseaine-kanalihale-200g","status":"publish","type":"product","link":"https:\/\/bbqentertainment.com\/en\/toode\/traeger-bbq-rub-maitseaine-kanalihale-200g\/","title":{"rendered":"TRAEGER BBQ RUB maitseaine kanalihale 200g"},"content":{"rendered":"","protected":false},"excerpt":{"rendered":"<h3>TRAEGER BBQ RUB maitseaine kanalihale 200g<\/h3>\n<p>T\u00f5sta oma kanalihatoidud t\u00e4iesti uuele tasemele Traeger Chicken Rub maitseainega. Must pipar ja t\u0161illipulber loovad koos tsitruse ja roosuhkruga ideaalselt tasakaalustatud maitsekoosluse, mida saab kasutada nii tervete kanade r\u00f6stitud valmistamisel kui ka kalkuniburgerites.<\/p>\n<h4>Toote omadused<\/h4>\n<p>&#8211; Magusad ja soolased maitsed, mis sobivad suurep\u00e4raselt kanaliha juurde<br \/>\n&#8211; Tsitruse, musta pipra, paprika ja sibula noodid<br \/>\n&#8211; Kosher, GMO-vaba ja gluteenivaba<br \/>\n&#8211; Pakendatud 200g plastmahutisse<\/p>\n<p>Koge maitseelamust, mis viib teie k\u00f6\u00f6gi- ja grilli\u00e4ri gurmee tasemele. T\u00e4iuslik kooslus iga kana- ja linnuliharoa jaoks.<\/p>\n","protected":false},"featured_media":249298,"template":"","meta":{"inline_featured_image":false},"product_brand":[],"product_cat":[28,491],"product_tag":[],"class_list":{"0":"post-249198","1":"product","2":"type-product","3":"status-publish","4":"has-post-thumbnail","6":"product_cat-maitseandjad","7":"product_cat-ameerika-bbq-rubid-kastmed","9":"first","10":"instock","11":"taxable","12":"shipping-taxable","13":"purchasable","14":"product-type-simple"},"yoast_head":"<!-- This site is optimized with the Yoast SEO plugin v27.4 - https:\/\/yoast.com\/product\/yoast-seo-wordpress\/ -->\n<title>TRAEGER BBQ RUB maitseaine kanalihale 200g - BBQ Entertainment<\/title>\n<meta name=\"robots\" content=\"index, follow, max-snippet:-1, max-image-preview:large, max-video-preview:-1\" \/>\n<link rel=\"canonical\" href=\"https:\/\/bbqentertainment.com\/toode\/traeger-bbq-rub-maitseaine-kanalihale-200g\/\" \/>\n<meta property=\"og:locale\" content=\"en_US\" \/>\n<meta property=\"og:type\" content=\"article\" \/>\n<meta property=\"og:title\" content=\"TRAEGER BBQ RUB maitseaine kanalihale 200g - BBQ Entertainment\" \/>\n<meta property=\"og:description\" content=\"TRAEGER BBQ RUB maitseaine kanalihale 200g T\u00f5sta oma kanalihatoidud t\u00e4iesti uuele tasemele Traeger Chicken Rub maitseainega. Must pipar ja t\u0161illipulber loovad koos tsitruse ja roosuhkruga ideaalselt tasakaalustatud maitsekoosluse, mida saab kasutada nii tervete kanade r\u00f6stitud valmistamisel kui ka kalkuniburgerites. Toote omadused - Magusad ja soolased maitsed, mis sobivad suurep\u00e4raselt kanaliha juurde - Tsitruse, musta pipra, paprika ja sibula noodid - Kosher, GMO-vaba ja gluteenivaba - Pakendatud 200g plastmahutisse  Koge maitseelamust, mis viib teie k\u00f6\u00f6gi- ja grilli\u00e4ri gurmee tasemele. T\u00e4iuslik kooslus iga kana- ja linnuliharoa jaoks.\" \/>\n<meta property=\"og:url\" content=\"https:\/\/bbqentertainment.com\/toode\/traeger-bbq-rub-maitseaine-kanalihale-200g\/\" \/>\n<meta property=\"og:site_name\" content=\"BBQ Entertainment\" \/>\n<meta property=\"article:publisher\" content=\"https:\/\/www.facebook.com\/BBQ-Entertainment-N-Catering-2437913376443540\" \/>\n<meta property=\"article:modified_time\" content=\"2026-04-14T17:51:02+00:00\" \/>\n<meta property=\"og:image\" content=\"https:\/\/bbqentertainment.com\/wp-content\/uploads\/2024\/11\/traeger-International-Chicken-Rub-studio-front.webp\" \/>\n\t<meta property=\"og:image:width\" content=\"2000\" \/>\n\t<meta property=\"og:image:height\" content=\"2000\" \/>\n\t<meta property=\"og:image:type\" content=\"image\/webp\" \/>\n<meta name=\"twitter:card\" content=\"summary_large_image\" \/>\n<meta name=\"twitter:label1\" content=\"Est. reading time\" \/>\n\t<meta name=\"twitter:data1\" content=\"1 minute\" \/>\n<script type=\"application\/ld+json\" class=\"yoast-schema-graph\">{\"@context\":\"https:\\\/\\\/schema.org\",\"@graph\":[{\"@type\":[\"WebPage\",\"ItemPage\"],\"@id\":\"https:\\\/\\\/bbqentertainment.com\\\/toode\\\/traeger-bbq-rub-maitseaine-kanalihale-200g\\\/\",\"url\":\"https:\\\/\\\/bbqentertainment.com\\\/toode\\\/traeger-bbq-rub-maitseaine-kanalihale-200g\\\/\",\"name\":\"TRAEGER BBQ RUB maitseaine kanalihale 200g - BBQ Entertainment\",\"isPartOf\":{\"@id\":\"https:\\\/\\\/bbqentertainment.com\\\/#website\"},\"primaryImageOfPage\":{\"@id\":\"https:\\\/\\\/bbqentertainment.com\\\/toode\\\/traeger-bbq-rub-maitseaine-kanalihale-200g\\\/#primaryimage\"},\"image\":{\"@id\":\"https:\\\/\\\/bbqentertainment.com\\\/toode\\\/traeger-bbq-rub-maitseaine-kanalihale-200g\\\/#primaryimage\"},\"thumbnailUrl\":\"https:\\\/\\\/bbqentertainment.com\\\/wp-content\\\/uploads\\\/2024\\\/11\\\/traeger-International-Chicken-Rub-studio-front.webp\",\"datePublished\":\"2024-11-09T14:15:02+00:00\",\"dateModified\":\"2026-04-14T17:51:02+00:00\",\"breadcrumb\":{\"@id\":\"https:\\\/\\\/bbqentertainment.com\\\/toode\\\/traeger-bbq-rub-maitseaine-kanalihale-200g\\\/#breadcrumb\"},\"inLanguage\":\"en-US\",\"potentialAction\":[{\"@type\":\"ReadAction\",\"target\":[\"https:\\\/\\\/bbqentertainment.com\\\/toode\\\/traeger-bbq-rub-maitseaine-kanalihale-200g\\\/\"]}]},{\"@type\":\"ImageObject\",\"inLanguage\":\"en-US\",\"@id\":\"https:\\\/\\\/bbqentertainment.com\\\/toode\\\/traeger-bbq-rub-maitseaine-kanalihale-200g\\\/#primaryimage\",\"url\":\"https:\\\/\\\/bbqentertainment.com\\\/wp-content\\\/uploads\\\/2024\\\/11\\\/traeger-International-Chicken-Rub-studio-front.webp\",\"contentUrl\":\"https:\\\/\\\/bbqentertainment.com\\\/wp-content\\\/uploads\\\/2024\\\/11\\\/traeger-International-Chicken-Rub-studio-front.webp\",\"width\":2000,\"height\":2000},{\"@type\":\"BreadcrumbList\",\"@id\":\"https:\\\/\\\/bbqentertainment.com\\\/toode\\\/traeger-bbq-rub-maitseaine-kanalihale-200g\\\/#breadcrumb\",\"itemListElement\":[{\"@type\":\"ListItem\",\"position\":1,\"name\":\"AVALEHT\",\"item\":\"https:\\\/\\\/bbqentertainment.com\\\/en\\\/\"},{\"@type\":\"ListItem\",\"position\":2,\"name\":\"Tooted\",\"item\":\"https:\\\/\\\/bbqentertainment.com\\\/tooted\\\/\"},{\"@type\":\"ListItem\",\"position\":3,\"name\":\"Maitseandjad\",\"item\":\"https:\\\/\\\/bbqentertainment.com\\\/en\\\/tootekategooria\\\/maitseandjad\\\/\"},{\"@type\":\"ListItem\",\"position\":4,\"name\":\"AMEERIKA BBQ RUBID \\\/ KASTMED\",\"item\":\"https:\\\/\\\/bbqentertainment.com\\\/tootekategooria\\\/maitseandjad\\\/ameerika-bbq-rubid-kastmed\\\/\"},{\"@type\":\"ListItem\",\"position\":5,\"name\":\"TRAEGER BBQ RUB maitseaine kanalihale 200g\"}]},{\"@type\":\"WebSite\",\"@id\":\"https:\\\/\\\/bbqentertainment.com\\\/#website\",\"url\":\"https:\\\/\\\/bbqentertainment.com\\\/\",\"name\":\"BBQ Entertainment\",\"description\":\"BBQ is a great lifestyle, not just fun!\",\"publisher\":{\"@id\":\"https:\\\/\\\/bbqentertainment.com\\\/#organization\"},\"potentialAction\":[{\"@type\":\"SearchAction\",\"target\":{\"@type\":\"EntryPoint\",\"urlTemplate\":\"https:\\\/\\\/bbqentertainment.com\\\/?s={search_term_string}\"},\"query-input\":{\"@type\":\"PropertyValueSpecification\",\"valueRequired\":true,\"valueName\":\"search_term_string\"}}],\"inLanguage\":\"en-US\"},{\"@type\":\"Organization\",\"@id\":\"https:\\\/\\\/bbqentertainment.com\\\/#organization\",\"name\":\"BBQ Entertainment O\u00dc\",\"url\":\"https:\\\/\\\/bbqentertainment.com\\\/\",\"logo\":{\"@type\":\"ImageObject\",\"inLanguage\":\"en-US\",\"@id\":\"https:\\\/\\\/bbqentertainment.com\\\/#\\\/schema\\\/logo\\\/image\\\/\",\"url\":\"https:\\\/\\\/bbqentertainment.com\\\/wp-content\\\/uploads\\\/2020\\\/04\\\/BBQ-Entertainment-N-Catering-Enn-Tobreluts-Logo.png\",\"contentUrl\":\"https:\\\/\\\/bbqentertainment.com\\\/wp-content\\\/uploads\\\/2020\\\/04\\\/BBQ-Entertainment-N-Catering-Enn-Tobreluts-Logo.png\",\"width\":628,\"height\":266,\"caption\":\"BBQ Entertainment O\u00dc\"},\"image\":{\"@id\":\"https:\\\/\\\/bbqentertainment.com\\\/#\\\/schema\\\/logo\\\/image\\\/\"},\"sameAs\":[\"https:\\\/\\\/www.facebook.com\\\/BBQ-Entertainment-N-Catering-2437913376443540\",\"https:\\\/\\\/www.instagram.com\\\/bbqentertainmentncatering\\\/\",\"https:\\\/\\\/www.youtube.com\\\/channel\\\/UCmpuANQVhLy2Md8nrenp2jA\"]}]}<\/script>\n<!-- \/ Yoast SEO plugin. -->","yoast_head_json":{"title":"TRAEGER BBQ RUB maitseaine kanalihale 200g - BBQ Entertainment","robots":{"index":"index","follow":"follow","max-snippet":"max-snippet:-1","max-image-preview":"max-image-preview:large","max-video-preview":"max-video-preview:-1"},"canonical":"https:\/\/bbqentertainment.com\/toode\/traeger-bbq-rub-maitseaine-kanalihale-200g\/","og_locale":"en_US","og_type":"article","og_title":"TRAEGER BBQ RUB maitseaine kanalihale 200g - BBQ Entertainment","og_description":"TRAEGER BBQ RUB maitseaine kanalihale 200g T\u00f5sta oma kanalihatoidud t\u00e4iesti uuele tasemele Traeger Chicken Rub maitseainega. Must pipar ja t\u0161illipulber loovad koos tsitruse ja roosuhkruga ideaalselt tasakaalustatud maitsekoosluse, mida saab kasutada nii tervete kanade r\u00f6stitud valmistamisel kui ka kalkuniburgerites. Toote omadused - Magusad ja soolased maitsed, mis sobivad suurep\u00e4raselt kanaliha juurde - Tsitruse, musta pipra, paprika ja sibula noodid - Kosher, GMO-vaba ja gluteenivaba - Pakendatud 200g plastmahutisse  Koge maitseelamust, mis viib teie k\u00f6\u00f6gi- ja grilli\u00e4ri gurmee tasemele. T\u00e4iuslik kooslus iga kana- ja linnuliharoa jaoks.","og_url":"https:\/\/bbqentertainment.com\/toode\/traeger-bbq-rub-maitseaine-kanalihale-200g\/","og_site_name":"BBQ Entertainment","article_publisher":"https:\/\/www.facebook.com\/BBQ-Entertainment-N-Catering-2437913376443540","article_modified_time":"2026-04-14T17:51:02+00:00","og_image":[{"width":2000,"height":2000,"url":"https:\/\/bbqentertainment.com\/wp-content\/uploads\/2024\/11\/traeger-International-Chicken-Rub-studio-front.webp","type":"image\/webp"}],"twitter_card":"summary_large_image","twitter_misc":{"Est. reading time":"1 minute"},"schema":{"@context":"https:\/\/schema.org","@graph":[{"@type":["WebPage","ItemPage"],"@id":"https:\/\/bbqentertainment.com\/toode\/traeger-bbq-rub-maitseaine-kanalihale-200g\/","url":"https:\/\/bbqentertainment.com\/toode\/traeger-bbq-rub-maitseaine-kanalihale-200g\/","name":"TRAEGER BBQ RUB maitseaine kanalihale 200g - BBQ Entertainment","isPartOf":{"@id":"https:\/\/bbqentertainment.com\/#website"},"primaryImageOfPage":{"@id":"https:\/\/bbqentertainment.com\/toode\/traeger-bbq-rub-maitseaine-kanalihale-200g\/#primaryimage"},"image":{"@id":"https:\/\/bbqentertainment.com\/toode\/traeger-bbq-rub-maitseaine-kanalihale-200g\/#primaryimage"},"thumbnailUrl":"https:\/\/bbqentertainment.com\/wp-content\/uploads\/2024\/11\/traeger-International-Chicken-Rub-studio-front.webp","datePublished":"2024-11-09T14:15:02+00:00","dateModified":"2026-04-14T17:51:02+00:00","breadcrumb":{"@id":"https:\/\/bbqentertainment.com\/toode\/traeger-bbq-rub-maitseaine-kanalihale-200g\/#breadcrumb"},"inLanguage":"en-US","potentialAction":[{"@type":"ReadAction","target":["https:\/\/bbqentertainment.com\/toode\/traeger-bbq-rub-maitseaine-kanalihale-200g\/"]}]},{"@type":"ImageObject","inLanguage":"en-US","@id":"https:\/\/bbqentertainment.com\/toode\/traeger-bbq-rub-maitseaine-kanalihale-200g\/#primaryimage","url":"https:\/\/bbqentertainment.com\/wp-content\/uploads\/2024\/11\/traeger-International-Chicken-Rub-studio-front.webp","contentUrl":"https:\/\/bbqentertainment.com\/wp-content\/uploads\/2024\/11\/traeger-International-Chicken-Rub-studio-front.webp","width":2000,"height":2000},{"@type":"BreadcrumbList","@id":"https:\/\/bbqentertainment.com\/toode\/traeger-bbq-rub-maitseaine-kanalihale-200g\/#breadcrumb","itemListElement":[{"@type":"ListItem","position":1,"name":"AVALEHT","item":"https:\/\/bbqentertainment.com\/en\/"},{"@type":"ListItem","position":2,"name":"Tooted","item":"https:\/\/bbqentertainment.com\/tooted\/"},{"@type":"ListItem","position":3,"name":"Maitseandjad","item":"https:\/\/bbqentertainment.com\/en\/tootekategooria\/maitseandjad\/"},{"@type":"ListItem","position":4,"name":"AMEERIKA BBQ RUBID \/ KASTMED","item":"https:\/\/bbqentertainment.com\/tootekategooria\/maitseandjad\/ameerika-bbq-rubid-kastmed\/"},{"@type":"ListItem","position":5,"name":"TRAEGER BBQ RUB maitseaine kanalihale 200g"}]},{"@type":"WebSite","@id":"https:\/\/bbqentertainment.com\/#website","url":"https:\/\/bbqentertainment.com\/","name":"BBQ Entertainment","description":"BBQ is a great lifestyle, not just fun!","publisher":{"@id":"https:\/\/bbqentertainment.com\/#organization"},"potentialAction":[{"@type":"SearchAction","target":{"@type":"EntryPoint","urlTemplate":"https:\/\/bbqentertainment.com\/?s={search_term_string}"},"query-input":{"@type":"PropertyValueSpecification","valueRequired":true,"valueName":"search_term_string"}}],"inLanguage":"en-US"},{"@type":"Organization","@id":"https:\/\/bbqentertainment.com\/#organization","name":"BBQ Entertainment O\u00dc","url":"https:\/\/bbqentertainment.com\/","logo":{"@type":"ImageObject","inLanguage":"en-US","@id":"https:\/\/bbqentertainment.com\/#\/schema\/logo\/image\/","url":"https:\/\/bbqentertainment.com\/wp-content\/uploads\/2020\/04\/BBQ-Entertainment-N-Catering-Enn-Tobreluts-Logo.png","contentUrl":"https:\/\/bbqentertainment.com\/wp-content\/uploads\/2020\/04\/BBQ-Entertainment-N-Catering-Enn-Tobreluts-Logo.png","width":628,"height":266,"caption":"BBQ Entertainment O\u00dc"},"image":{"@id":"https:\/\/bbqentertainment.com\/#\/schema\/logo\/image\/"},"sameAs":["https:\/\/www.facebook.com\/BBQ-Entertainment-N-Catering-2437913376443540","https:\/\/www.instagram.com\/bbqentertainmentncatering\/","https:\/\/www.youtube.com\/channel\/UCmpuANQVhLy2Md8nrenp2jA"]}]}},"_links":{"self":[{"href":"https:\/\/bbqentertainment.com\/en\/wp-json\/wp\/v2\/product\/249198","targetHints":{"allow":["GET"]}}],"collection":[{"href":"https:\/\/bbqentertainment.com\/en\/wp-json\/wp\/v2\/product"}],"about":[{"href":"https:\/\/bbqentertainment.com\/en\/wp-json\/wp\/v2\/types\/product"}],"wp:featuredmedia":[{"embeddable":true,"href":"https:\/\/bbqentertainment.com\/en\/wp-json\/wp\/v2\/media\/249298"}],"wp:attachment":[{"href":"https:\/\/bbqentertainment.com\/en\/wp-json\/wp\/v2\/media?parent=249198"}],"wp:term":[{"taxonomy":"product_brand","embeddable":true,"href":"https:\/\/bbqentertainment.com\/en\/wp-json\/wp\/v2\/product_brand?post=249198"},{"taxonomy":"product_cat","embeddable":true,"href":"https:\/\/bbqentertainment.com\/en\/wp-json\/wp\/v2\/product_cat?post=249198"},{"taxonomy":"product_tag","embeddable":true,"href":"https:\/\/bbqentertainment.com\/en\/wp-json\/wp\/v2\/product_tag?post=249198"}],"curies":[{"name":"wp","href":"https:\/\/api.w.org\/{rel}","templated":true}]}}