{"id":249202,"date":"2024-11-09T16:15:02","date_gmt":"2024-11-09T14:15:02","guid":{"rendered":"https:\/\/bbqentertainment.com\/toode\/traeger-apricot-aprikoosi-bbq-kaste-440ml\/"},"modified":"2025-07-25T13:45:31","modified_gmt":"2025-07-25T10:45:31","slug":"traeger-apricot-aprikoosi-bbq-kaste-440ml","status":"publish","type":"product","link":"https:\/\/bbqentertainment.com\/en\/toode\/traeger-apricot-aprikoosi-bbq-kaste-440ml\/","title":{"rendered":"Traeger Apricot \/ aprikoosi BBQ kaste 440ml"},"content":{"rendered":"","protected":false},"excerpt":{"rendered":"<h3>Traeger Apricot \/ aprikoosi BBQ kaste 440ml<\/h3>\n<p>See magushapukas kaste \u00fcllatab aprikoosi magususega ning kerge kuumusega, pakkudes t\u00e4iuslikku t\u00e4iust nii glasuuritud kanale ning kalkuniburgeritele kui ka klassikalistele BBQ ribidele. Kui otsid ideaalset kaaslast oma grillroogadele, siis see 440 ml klaaspudelisse pakitud kastmekunsti meistriteos on just Sulle. Naudi maitser\u00e4nnakut, mille toovad esile puhta aprikoosi n\u00fcansid ja h\u00f5rgutav v\u00fcrtsikas j\u00e4relmaitse.<\/p>\n","protected":false},"featured_media":249330,"template":"","meta":{"inline_featured_image":false},"product_brand":[],"product_cat":[28,581,491],"product_tag":[],"class_list":{"0":"post-249202","1":"product","2":"type-product","3":"status-publish","4":"has-post-thumbnail","6":"product_cat-maitseandjad","7":"product_cat-bbq-kastmed","8":"product_cat-ameerika-bbq-rubid-kastmed","10":"first","11":"instock","12":"taxable","13":"shipping-taxable","14":"purchasable","15":"product-type-simple"},"yoast_head":"<!-- This site is optimized with the Yoast SEO plugin v27.4 - https:\/\/yoast.com\/product\/yoast-seo-wordpress\/ -->\n<title>Traeger Apricot \/ aprikoosi BBQ kaste 440ml - BBQ Entertainment<\/title>\n<meta name=\"robots\" content=\"index, follow, max-snippet:-1, max-image-preview:large, max-video-preview:-1\" \/>\n<link rel=\"canonical\" href=\"https:\/\/bbqentertainment.com\/toode\/traeger-apricot-aprikoosi-bbq-kaste-440ml\/\" \/>\n<meta property=\"og:locale\" content=\"en_US\" \/>\n<meta property=\"og:type\" content=\"article\" \/>\n<meta property=\"og:title\" content=\"Traeger Apricot \/ aprikoosi BBQ kaste 440ml - BBQ Entertainment\" \/>\n<meta property=\"og:description\" content=\"Traeger Apricot \/ aprikoosi BBQ kaste 440ml See magushapukas kaste \u00fcllatab aprikoosi magususega ning kerge kuumusega, pakkudes t\u00e4iuslikku t\u00e4iust nii glasuuritud kanale ning kalkuniburgeritele kui ka klassikalistele BBQ ribidele. Kui otsid ideaalset kaaslast oma grillroogadele, siis see 440 ml klaaspudelisse pakitud kastmekunsti meistriteos on just Sulle. Naudi maitser\u00e4nnakut, mille toovad esile puhta aprikoosi n\u00fcansid ja h\u00f5rgutav v\u00fcrtsikas j\u00e4relmaitse.\" \/>\n<meta property=\"og:url\" content=\"https:\/\/bbqentertainment.com\/toode\/traeger-apricot-aprikoosi-bbq-kaste-440ml\/\" \/>\n<meta property=\"og:site_name\" content=\"BBQ Entertainment\" \/>\n<meta property=\"article:publisher\" content=\"https:\/\/www.facebook.com\/BBQ-Entertainment-N-Catering-2437913376443540\" \/>\n<meta property=\"article:modified_time\" content=\"2025-07-25T10:45:31+00:00\" \/>\n<meta property=\"og:image\" content=\"https:\/\/bbqentertainment.com\/wp-content\/uploads\/2024\/11\/traeger-International-Apricot-Sauce-studio-front.webp\" \/>\n\t<meta property=\"og:image:width\" content=\"2000\" \/>\n\t<meta property=\"og:image:height\" content=\"2000\" \/>\n\t<meta property=\"og:image:type\" content=\"image\/webp\" \/>\n<meta name=\"twitter:card\" content=\"summary_large_image\" \/>\n<meta name=\"twitter:label1\" content=\"Est. reading time\" \/>\n\t<meta name=\"twitter:data1\" content=\"1 minute\" \/>\n<script type=\"application\/ld+json\" class=\"yoast-schema-graph\">{\"@context\":\"https:\\\/\\\/schema.org\",\"@graph\":[{\"@type\":[\"WebPage\",\"ItemPage\"],\"@id\":\"https:\\\/\\\/bbqentertainment.com\\\/toode\\\/traeger-apricot-aprikoosi-bbq-kaste-440ml\\\/\",\"url\":\"https:\\\/\\\/bbqentertainment.com\\\/toode\\\/traeger-apricot-aprikoosi-bbq-kaste-440ml\\\/\",\"name\":\"Traeger Apricot \\\/ aprikoosi BBQ kaste 440ml - BBQ Entertainment\",\"isPartOf\":{\"@id\":\"https:\\\/\\\/bbqentertainment.com\\\/#website\"},\"primaryImageOfPage\":{\"@id\":\"https:\\\/\\\/bbqentertainment.com\\\/toode\\\/traeger-apricot-aprikoosi-bbq-kaste-440ml\\\/#primaryimage\"},\"image\":{\"@id\":\"https:\\\/\\\/bbqentertainment.com\\\/toode\\\/traeger-apricot-aprikoosi-bbq-kaste-440ml\\\/#primaryimage\"},\"thumbnailUrl\":\"https:\\\/\\\/bbqentertainment.com\\\/wp-content\\\/uploads\\\/2024\\\/11\\\/traeger-International-Apricot-Sauce-studio-front.webp\",\"datePublished\":\"2024-11-09T14:15:02+00:00\",\"dateModified\":\"2025-07-25T10:45:31+00:00\",\"breadcrumb\":{\"@id\":\"https:\\\/\\\/bbqentertainment.com\\\/toode\\\/traeger-apricot-aprikoosi-bbq-kaste-440ml\\\/#breadcrumb\"},\"inLanguage\":\"en-US\",\"potentialAction\":[{\"@type\":\"ReadAction\",\"target\":[\"https:\\\/\\\/bbqentertainment.com\\\/toode\\\/traeger-apricot-aprikoosi-bbq-kaste-440ml\\\/\"]}]},{\"@type\":\"ImageObject\",\"inLanguage\":\"en-US\",\"@id\":\"https:\\\/\\\/bbqentertainment.com\\\/toode\\\/traeger-apricot-aprikoosi-bbq-kaste-440ml\\\/#primaryimage\",\"url\":\"https:\\\/\\\/bbqentertainment.com\\\/wp-content\\\/uploads\\\/2024\\\/11\\\/traeger-International-Apricot-Sauce-studio-front.webp\",\"contentUrl\":\"https:\\\/\\\/bbqentertainment.com\\\/wp-content\\\/uploads\\\/2024\\\/11\\\/traeger-International-Apricot-Sauce-studio-front.webp\",\"width\":2000,\"height\":2000},{\"@type\":\"BreadcrumbList\",\"@id\":\"https:\\\/\\\/bbqentertainment.com\\\/toode\\\/traeger-apricot-aprikoosi-bbq-kaste-440ml\\\/#breadcrumb\",\"itemListElement\":[{\"@type\":\"ListItem\",\"position\":1,\"name\":\"AVALEHT\",\"item\":\"https:\\\/\\\/bbqentertainment.com\\\/en\\\/\"},{\"@type\":\"ListItem\",\"position\":2,\"name\":\"Tooted\",\"item\":\"https:\\\/\\\/bbqentertainment.com\\\/tooted\\\/\"},{\"@type\":\"ListItem\",\"position\":3,\"name\":\"Maitseandjad\",\"item\":\"https:\\\/\\\/bbqentertainment.com\\\/en\\\/tootekategooria\\\/maitseandjad\\\/\"},{\"@type\":\"ListItem\",\"position\":4,\"name\":\"AMEERIKA BBQ RUBID \\\/ KASTMED\",\"item\":\"https:\\\/\\\/bbqentertainment.com\\\/tootekategooria\\\/maitseandjad\\\/ameerika-bbq-rubid-kastmed\\\/\"},{\"@type\":\"ListItem\",\"position\":5,\"name\":\"Traeger Apricot \\\/ aprikoosi BBQ kaste 440ml\"}]},{\"@type\":\"WebSite\",\"@id\":\"https:\\\/\\\/bbqentertainment.com\\\/#website\",\"url\":\"https:\\\/\\\/bbqentertainment.com\\\/\",\"name\":\"BBQ Entertainment\",\"description\":\"BBQ is a great lifestyle, not just fun!\",\"publisher\":{\"@id\":\"https:\\\/\\\/bbqentertainment.com\\\/#organization\"},\"potentialAction\":[{\"@type\":\"SearchAction\",\"target\":{\"@type\":\"EntryPoint\",\"urlTemplate\":\"https:\\\/\\\/bbqentertainment.com\\\/?s={search_term_string}\"},\"query-input\":{\"@type\":\"PropertyValueSpecification\",\"valueRequired\":true,\"valueName\":\"search_term_string\"}}],\"inLanguage\":\"en-US\"},{\"@type\":\"Organization\",\"@id\":\"https:\\\/\\\/bbqentertainment.com\\\/#organization\",\"name\":\"BBQ Entertainment O\u00dc\",\"url\":\"https:\\\/\\\/bbqentertainment.com\\\/\",\"logo\":{\"@type\":\"ImageObject\",\"inLanguage\":\"en-US\",\"@id\":\"https:\\\/\\\/bbqentertainment.com\\\/#\\\/schema\\\/logo\\\/image\\\/\",\"url\":\"https:\\\/\\\/bbqentertainment.com\\\/wp-content\\\/uploads\\\/2020\\\/04\\\/BBQ-Entertainment-N-Catering-Enn-Tobreluts-Logo.png\",\"contentUrl\":\"https:\\\/\\\/bbqentertainment.com\\\/wp-content\\\/uploads\\\/2020\\\/04\\\/BBQ-Entertainment-N-Catering-Enn-Tobreluts-Logo.png\",\"width\":628,\"height\":266,\"caption\":\"BBQ Entertainment O\u00dc\"},\"image\":{\"@id\":\"https:\\\/\\\/bbqentertainment.com\\\/#\\\/schema\\\/logo\\\/image\\\/\"},\"sameAs\":[\"https:\\\/\\\/www.facebook.com\\\/BBQ-Entertainment-N-Catering-2437913376443540\",\"https:\\\/\\\/www.instagram.com\\\/bbqentertainmentncatering\\\/\",\"https:\\\/\\\/www.youtube.com\\\/channel\\\/UCmpuANQVhLy2Md8nrenp2jA\"]}]}<\/script>\n<!-- \/ Yoast SEO plugin. -->","yoast_head_json":{"title":"Traeger Apricot \/ aprikoosi BBQ kaste 440ml - BBQ Entertainment","robots":{"index":"index","follow":"follow","max-snippet":"max-snippet:-1","max-image-preview":"max-image-preview:large","max-video-preview":"max-video-preview:-1"},"canonical":"https:\/\/bbqentertainment.com\/toode\/traeger-apricot-aprikoosi-bbq-kaste-440ml\/","og_locale":"en_US","og_type":"article","og_title":"Traeger Apricot \/ aprikoosi BBQ kaste 440ml - BBQ Entertainment","og_description":"Traeger Apricot \/ aprikoosi BBQ kaste 440ml See magushapukas kaste \u00fcllatab aprikoosi magususega ning kerge kuumusega, pakkudes t\u00e4iuslikku t\u00e4iust nii glasuuritud kanale ning kalkuniburgeritele kui ka klassikalistele BBQ ribidele. Kui otsid ideaalset kaaslast oma grillroogadele, siis see 440 ml klaaspudelisse pakitud kastmekunsti meistriteos on just Sulle. Naudi maitser\u00e4nnakut, mille toovad esile puhta aprikoosi n\u00fcansid ja h\u00f5rgutav v\u00fcrtsikas j\u00e4relmaitse.","og_url":"https:\/\/bbqentertainment.com\/toode\/traeger-apricot-aprikoosi-bbq-kaste-440ml\/","og_site_name":"BBQ Entertainment","article_publisher":"https:\/\/www.facebook.com\/BBQ-Entertainment-N-Catering-2437913376443540","article_modified_time":"2025-07-25T10:45:31+00:00","og_image":[{"width":2000,"height":2000,"url":"https:\/\/bbqentertainment.com\/wp-content\/uploads\/2024\/11\/traeger-International-Apricot-Sauce-studio-front.webp","type":"image\/webp"}],"twitter_card":"summary_large_image","twitter_misc":{"Est. reading time":"1 minute"},"schema":{"@context":"https:\/\/schema.org","@graph":[{"@type":["WebPage","ItemPage"],"@id":"https:\/\/bbqentertainment.com\/toode\/traeger-apricot-aprikoosi-bbq-kaste-440ml\/","url":"https:\/\/bbqentertainment.com\/toode\/traeger-apricot-aprikoosi-bbq-kaste-440ml\/","name":"Traeger Apricot \/ aprikoosi BBQ kaste 440ml - BBQ Entertainment","isPartOf":{"@id":"https:\/\/bbqentertainment.com\/#website"},"primaryImageOfPage":{"@id":"https:\/\/bbqentertainment.com\/toode\/traeger-apricot-aprikoosi-bbq-kaste-440ml\/#primaryimage"},"image":{"@id":"https:\/\/bbqentertainment.com\/toode\/traeger-apricot-aprikoosi-bbq-kaste-440ml\/#primaryimage"},"thumbnailUrl":"https:\/\/bbqentertainment.com\/wp-content\/uploads\/2024\/11\/traeger-International-Apricot-Sauce-studio-front.webp","datePublished":"2024-11-09T14:15:02+00:00","dateModified":"2025-07-25T10:45:31+00:00","breadcrumb":{"@id":"https:\/\/bbqentertainment.com\/toode\/traeger-apricot-aprikoosi-bbq-kaste-440ml\/#breadcrumb"},"inLanguage":"en-US","potentialAction":[{"@type":"ReadAction","target":["https:\/\/bbqentertainment.com\/toode\/traeger-apricot-aprikoosi-bbq-kaste-440ml\/"]}]},{"@type":"ImageObject","inLanguage":"en-US","@id":"https:\/\/bbqentertainment.com\/toode\/traeger-apricot-aprikoosi-bbq-kaste-440ml\/#primaryimage","url":"https:\/\/bbqentertainment.com\/wp-content\/uploads\/2024\/11\/traeger-International-Apricot-Sauce-studio-front.webp","contentUrl":"https:\/\/bbqentertainment.com\/wp-content\/uploads\/2024\/11\/traeger-International-Apricot-Sauce-studio-front.webp","width":2000,"height":2000},{"@type":"BreadcrumbList","@id":"https:\/\/bbqentertainment.com\/toode\/traeger-apricot-aprikoosi-bbq-kaste-440ml\/#breadcrumb","itemListElement":[{"@type":"ListItem","position":1,"name":"AVALEHT","item":"https:\/\/bbqentertainment.com\/en\/"},{"@type":"ListItem","position":2,"name":"Tooted","item":"https:\/\/bbqentertainment.com\/tooted\/"},{"@type":"ListItem","position":3,"name":"Maitseandjad","item":"https:\/\/bbqentertainment.com\/en\/tootekategooria\/maitseandjad\/"},{"@type":"ListItem","position":4,"name":"AMEERIKA BBQ RUBID \/ KASTMED","item":"https:\/\/bbqentertainment.com\/tootekategooria\/maitseandjad\/ameerika-bbq-rubid-kastmed\/"},{"@type":"ListItem","position":5,"name":"Traeger Apricot \/ aprikoosi BBQ kaste 440ml"}]},{"@type":"WebSite","@id":"https:\/\/bbqentertainment.com\/#website","url":"https:\/\/bbqentertainment.com\/","name":"BBQ Entertainment","description":"BBQ is a great lifestyle, not just fun!","publisher":{"@id":"https:\/\/bbqentertainment.com\/#organization"},"potentialAction":[{"@type":"SearchAction","target":{"@type":"EntryPoint","urlTemplate":"https:\/\/bbqentertainment.com\/?s={search_term_string}"},"query-input":{"@type":"PropertyValueSpecification","valueRequired":true,"valueName":"search_term_string"}}],"inLanguage":"en-US"},{"@type":"Organization","@id":"https:\/\/bbqentertainment.com\/#organization","name":"BBQ Entertainment O\u00dc","url":"https:\/\/bbqentertainment.com\/","logo":{"@type":"ImageObject","inLanguage":"en-US","@id":"https:\/\/bbqentertainment.com\/#\/schema\/logo\/image\/","url":"https:\/\/bbqentertainment.com\/wp-content\/uploads\/2020\/04\/BBQ-Entertainment-N-Catering-Enn-Tobreluts-Logo.png","contentUrl":"https:\/\/bbqentertainment.com\/wp-content\/uploads\/2020\/04\/BBQ-Entertainment-N-Catering-Enn-Tobreluts-Logo.png","width":628,"height":266,"caption":"BBQ Entertainment O\u00dc"},"image":{"@id":"https:\/\/bbqentertainment.com\/#\/schema\/logo\/image\/"},"sameAs":["https:\/\/www.facebook.com\/BBQ-Entertainment-N-Catering-2437913376443540","https:\/\/www.instagram.com\/bbqentertainmentncatering\/","https:\/\/www.youtube.com\/channel\/UCmpuANQVhLy2Md8nrenp2jA"]}]}},"_links":{"self":[{"href":"https:\/\/bbqentertainment.com\/en\/wp-json\/wp\/v2\/product\/249202","targetHints":{"allow":["GET"]}}],"collection":[{"href":"https:\/\/bbqentertainment.com\/en\/wp-json\/wp\/v2\/product"}],"about":[{"href":"https:\/\/bbqentertainment.com\/en\/wp-json\/wp\/v2\/types\/product"}],"wp:featuredmedia":[{"embeddable":true,"href":"https:\/\/bbqentertainment.com\/en\/wp-json\/wp\/v2\/media\/249330"}],"wp:attachment":[{"href":"https:\/\/bbqentertainment.com\/en\/wp-json\/wp\/v2\/media?parent=249202"}],"wp:term":[{"taxonomy":"product_brand","embeddable":true,"href":"https:\/\/bbqentertainment.com\/en\/wp-json\/wp\/v2\/product_brand?post=249202"},{"taxonomy":"product_cat","embeddable":true,"href":"https:\/\/bbqentertainment.com\/en\/wp-json\/wp\/v2\/product_cat?post=249202"},{"taxonomy":"product_tag","embeddable":true,"href":"https:\/\/bbqentertainment.com\/en\/wp-json\/wp\/v2\/product_tag?post=249202"}],"curies":[{"name":"wp","href":"https:\/\/api.w.org\/{rel}","templated":true}]}}