{"id":249206,"date":"2024-11-09T16:15:03","date_gmt":"2024-11-09T14:15:03","guid":{"rendered":"https:\/\/bbqentertainment.com\/toode\/itaalia-ekstra-vaarisoliivioli-muraglia-floral-coolors-500-ml\/"},"modified":"2026-03-07T21:58:36","modified_gmt":"2026-03-07T19:58:36","slug":"itaalia-ekstra-vaarisoliivioli-muraglia-floral-coolors-500-ml","status":"publish","type":"product","link":"https:\/\/bbqentertainment.com\/en\/toode\/itaalia-ekstra-vaarisoliivioli-muraglia-floral-coolors-500-ml\/","title":{"rendered":"Itaalia ekstra-v\u00e4\u00e4risoliivi\u00f5li &#8220;Muraglia FLORAL COOLORS\u201d 500 ml (intensiivselt puuviljane)"},"content":{"rendered":"<p>Apuulia piirkonnas, L\u00f5una-Itaalias, valmistab <strong>\u201cFrantoio Muraglia\u201d<\/strong> maailma tippklassi v\u00e4\u00e4risoliivi\u00f5lisid Coratina ja Peranzana oliividest, kasutades traditsioonilist k\u00fclmpressimise meetodit. \u00d5lide erakordse maitse ja kvaliteedi tagab kaasaegne t\u00f6\u00f6tlemine, madal happesus ning k\u00e4sitsi valmistatud keraamilised pudelid, mis kaitsevad \u00f5li valguse eest.<\/p>\n<p>Muraglia Coratina oliivid paistavad silma k\u00f5rge pol\u00fcfenoolisisalduse poolest, olles nii tervislikud kui ka unikaalse maitsega. Aromaatsed variandid, nagu sidruni\u00f5li, valmivad looduslikult koos pressides.<\/p>\n<p><strong>Muraglia<\/strong> oliivi\u00f5lisid hindavad gurmaanid ja professionaalid \u00fcle maailma \u2013 need on esindatud tipphotellides, Michelini restoranides ja luksuslike kaubamajade riiulitel Dubais, Londonis ja paljudes teistes suurlinnades. N\u00fc\u00fcd saadaval ka Eestis <strong>BBQ Entertainment O\u00dc<\/strong>esindussalongis ja e-poes.<\/p>\n<p>\u2705 Avasta kogu k\u00fclmpressitud oliivi\u00f5lide valik: <a href=\"https:\/\/bbqentertainment.com\/tootekategooria\/maitseandjad\/oliivioli\/\" target=\"_new\" rel=\"noopener\" data-start=\"402\" data-end=\"504\">BBQ Entertainment \u2013 Oliivi\u00f5lid<\/a><\/p>\n<p>\u2705 Tutvu Muraglia k\u00fclmpressitud oliivi\u00f5li valmistusprotsessiga tootja kodulehel: <a href=\"https:\/\/www.frantoiomuraglia.it\/en\/our-oil\/\" target=\"_new\" rel=\"noopener\" data-start=\"161\" data-end=\"235\">Frantoio Muraglia \u2013 Our Oil<\/a><\/p>\n","protected":false},"excerpt":{"rendered":"<h3><strong>Itaalia ekstra-v\u00e4\u00e4risoliivi\u00f5li &#8220;Muraglia FLORAL COOLORS\u201d 500 ml (intensiivselt puuviljane)<\/strong><\/h3>\n<p>Floral Coolors Intense Fruity Extra Virgin oliivi\u00f5li klaaspudelis on ideaalne kingitus, mis \u00fchendab s\u00fcdame ja maitse harmoonia, muutes hooliva \u017eesti t\u00f5eliseks meeleelamuseks. Punased roosid valgel pudelil s\u00fcmboliseerivad puhtust ja elegantsi, luues visuaalselt kauni ja t\u00e4hendusrikka kingituse. See ainulaadne oliivi\u00f5li pakub rikkalikku ja intensiivselt puuviljast maitset, mis on hoolikalt s\u00e4ilitatud kaunis uues klaaspudelis ja pakendatud elegantsesse kinkekarpi. Suurep\u00e4rane valik neile, kes hindavad nii kvaliteeti kui ka esteetikat.<\/p>\n","protected":false},"featured_media":249370,"template":"","meta":{"inline_featured_image":false},"product_brand":[],"product_cat":[28,207,287,293,301,32],"product_tag":[],"class_list":{"0":"post-249206","1":"product","2":"type-product","3":"status-publish","4":"has-post-thumbnail","6":"product_cat-maitseandjad","7":"product_cat-oliivioli","8":"product_cat-intensiivselt-puuviljane","9":"product_cat-klaaspudel","10":"product_cat-kinkekarp","11":"product_cat-kinkekarbid","13":"first","14":"instock","15":"sale","16":"taxable","17":"shipping-taxable","18":"purchasable","19":"product-type-simple"},"yoast_head":"<!-- This site is optimized with the Yoast SEO plugin v27.4 - https:\/\/yoast.com\/product\/yoast-seo-wordpress\/ -->\n<title>Itaalia ekstra-v\u00e4\u00e4risoliivi\u00f5li &quot;Muraglia FLORAL COOLORS\u201d 500 ml (intensiivselt puuviljane) - BBQ Entertainment<\/title>\n<meta name=\"robots\" content=\"index, follow, max-snippet:-1, max-image-preview:large, max-video-preview:-1\" \/>\n<link rel=\"canonical\" href=\"https:\/\/bbqentertainment.com\/toode\/itaalia-ekstra-vaarisoliivioli-muraglia-floral-coolors-500-ml\/\" \/>\n<meta property=\"og:locale\" content=\"en_US\" \/>\n<meta property=\"og:type\" content=\"article\" \/>\n<meta property=\"og:title\" content=\"Itaalia ekstra-v\u00e4\u00e4risoliivi\u00f5li &quot;Muraglia FLORAL COOLORS\u201d 500 ml (intensiivselt puuviljane) - BBQ Entertainment\" \/>\n<meta property=\"og:description\" content=\"Itaalia ekstra-v\u00e4\u00e4risoliivi\u00f5li &quot;Muraglia FLORAL COOLORS\u201d 500 ml (intensiivselt puuviljane) Floral Coolors Intense Fruity Extra Virgin oliivi\u00f5li klaaspudelis on ideaalne kingitus, mis \u00fchendab s\u00fcdame ja maitse harmoonia, muutes hooliva \u017eesti t\u00f5eliseks meeleelamuseks. Punased roosid valgel pudelil s\u00fcmboliseerivad puhtust ja elegantsi, luues visuaalselt kauni ja t\u00e4hendusrikka kingituse. See ainulaadne oliivi\u00f5li pakub rikkalikku ja intensiivselt puuviljast maitset, mis on hoolikalt s\u00e4ilitatud kaunis uues klaaspudelis ja pakendatud elegantsesse kinkekarpi. Suurep\u00e4rane valik neile, kes hindavad nii kvaliteeti kui ka esteetikat.\" \/>\n<meta property=\"og:url\" content=\"https:\/\/bbqentertainment.com\/toode\/itaalia-ekstra-vaarisoliivioli-muraglia-floral-coolors-500-ml\/\" \/>\n<meta property=\"og:site_name\" content=\"BBQ Entertainment\" \/>\n<meta property=\"article:publisher\" content=\"https:\/\/www.facebook.com\/BBQ-Entertainment-N-Catering-2437913376443540\" \/>\n<meta property=\"article:modified_time\" content=\"2026-03-07T19:58:36+00:00\" \/>\n<meta property=\"og:image\" content=\"https:\/\/bbqentertainment.com\/wp-content\/uploads\/2024\/11\/COOL-FIORATO-1.webp\" \/>\n\t<meta property=\"og:image:width\" content=\"2180\" \/>\n\t<meta property=\"og:image:height\" content=\"2294\" \/>\n\t<meta property=\"og:image:type\" content=\"image\/webp\" \/>\n<meta name=\"twitter:card\" content=\"summary_large_image\" \/>\n<meta name=\"twitter:label1\" content=\"Est. reading time\" \/>\n\t<meta name=\"twitter:data1\" content=\"1 minute\" \/>\n<script type=\"application\/ld+json\" class=\"yoast-schema-graph\">{\"@context\":\"https:\\\/\\\/schema.org\",\"@graph\":[{\"@type\":[\"WebPage\",\"ItemPage\"],\"@id\":\"https:\\\/\\\/bbqentertainment.com\\\/toode\\\/itaalia-ekstra-vaarisoliivioli-muraglia-floral-coolors-500-ml\\\/\",\"url\":\"https:\\\/\\\/bbqentertainment.com\\\/toode\\\/itaalia-ekstra-vaarisoliivioli-muraglia-floral-coolors-500-ml\\\/\",\"name\":\"Itaalia ekstra-v\u00e4\u00e4risoliivi\u00f5li \\\"Muraglia FLORAL COOLORS\u201d 500 ml (intensiivselt puuviljane) - BBQ Entertainment\",\"isPartOf\":{\"@id\":\"https:\\\/\\\/bbqentertainment.com\\\/#website\"},\"primaryImageOfPage\":{\"@id\":\"https:\\\/\\\/bbqentertainment.com\\\/toode\\\/itaalia-ekstra-vaarisoliivioli-muraglia-floral-coolors-500-ml\\\/#primaryimage\"},\"image\":{\"@id\":\"https:\\\/\\\/bbqentertainment.com\\\/toode\\\/itaalia-ekstra-vaarisoliivioli-muraglia-floral-coolors-500-ml\\\/#primaryimage\"},\"thumbnailUrl\":\"https:\\\/\\\/bbqentertainment.com\\\/wp-content\\\/uploads\\\/2024\\\/11\\\/COOL-FIORATO-1.webp\",\"datePublished\":\"2024-11-09T14:15:03+00:00\",\"dateModified\":\"2026-03-07T19:58:36+00:00\",\"breadcrumb\":{\"@id\":\"https:\\\/\\\/bbqentertainment.com\\\/toode\\\/itaalia-ekstra-vaarisoliivioli-muraglia-floral-coolors-500-ml\\\/#breadcrumb\"},\"inLanguage\":\"en-US\",\"potentialAction\":[{\"@type\":\"ReadAction\",\"target\":[\"https:\\\/\\\/bbqentertainment.com\\\/toode\\\/itaalia-ekstra-vaarisoliivioli-muraglia-floral-coolors-500-ml\\\/\"]}]},{\"@type\":\"ImageObject\",\"inLanguage\":\"en-US\",\"@id\":\"https:\\\/\\\/bbqentertainment.com\\\/toode\\\/itaalia-ekstra-vaarisoliivioli-muraglia-floral-coolors-500-ml\\\/#primaryimage\",\"url\":\"https:\\\/\\\/bbqentertainment.com\\\/wp-content\\\/uploads\\\/2024\\\/11\\\/COOL-FIORATO-1.webp\",\"contentUrl\":\"https:\\\/\\\/bbqentertainment.com\\\/wp-content\\\/uploads\\\/2024\\\/11\\\/COOL-FIORATO-1.webp\",\"width\":2180,\"height\":2294},{\"@type\":\"BreadcrumbList\",\"@id\":\"https:\\\/\\\/bbqentertainment.com\\\/toode\\\/itaalia-ekstra-vaarisoliivioli-muraglia-floral-coolors-500-ml\\\/#breadcrumb\",\"itemListElement\":[{\"@type\":\"ListItem\",\"position\":1,\"name\":\"AVALEHT\",\"item\":\"https:\\\/\\\/bbqentertainment.com\\\/en\\\/\"},{\"@type\":\"ListItem\",\"position\":2,\"name\":\"Tooted\",\"item\":\"https:\\\/\\\/bbqentertainment.com\\\/tooted\\\/\"},{\"@type\":\"ListItem\",\"position\":3,\"name\":\"Maitseandjad\",\"item\":\"https:\\\/\\\/bbqentertainment.com\\\/en\\\/tootekategooria\\\/maitseandjad\\\/\"},{\"@type\":\"ListItem\",\"position\":4,\"name\":\"Oliivi\u00f5li\",\"item\":\"https:\\\/\\\/bbqentertainment.com\\\/en\\\/tootekategooria\\\/maitseandjad\\\/oliivioli\\\/\"},{\"@type\":\"ListItem\",\"position\":5,\"name\":\"Intensiivselt puuviljane\",\"item\":\"https:\\\/\\\/bbqentertainment.com\\\/en\\\/tootekategooria\\\/maitseandjad\\\/oliivioli\\\/intensiivselt-puuviljane\\\/\"},{\"@type\":\"ListItem\",\"position\":6,\"name\":\"Itaalia ekstra-v\u00e4\u00e4risoliivi\u00f5li &#8220;Muraglia FLORAL COOLORS\u201d 500 ml (intensiivselt puuviljane)\"}]},{\"@type\":\"WebSite\",\"@id\":\"https:\\\/\\\/bbqentertainment.com\\\/#website\",\"url\":\"https:\\\/\\\/bbqentertainment.com\\\/\",\"name\":\"BBQ Entertainment\",\"description\":\"BBQ is a great lifestyle, not just fun!\",\"publisher\":{\"@id\":\"https:\\\/\\\/bbqentertainment.com\\\/#organization\"},\"potentialAction\":[{\"@type\":\"SearchAction\",\"target\":{\"@type\":\"EntryPoint\",\"urlTemplate\":\"https:\\\/\\\/bbqentertainment.com\\\/?s={search_term_string}\"},\"query-input\":{\"@type\":\"PropertyValueSpecification\",\"valueRequired\":true,\"valueName\":\"search_term_string\"}}],\"inLanguage\":\"en-US\"},{\"@type\":\"Organization\",\"@id\":\"https:\\\/\\\/bbqentertainment.com\\\/#organization\",\"name\":\"BBQ Entertainment O\u00dc\",\"url\":\"https:\\\/\\\/bbqentertainment.com\\\/\",\"logo\":{\"@type\":\"ImageObject\",\"inLanguage\":\"en-US\",\"@id\":\"https:\\\/\\\/bbqentertainment.com\\\/#\\\/schema\\\/logo\\\/image\\\/\",\"url\":\"https:\\\/\\\/bbqentertainment.com\\\/wp-content\\\/uploads\\\/2020\\\/04\\\/BBQ-Entertainment-N-Catering-Enn-Tobreluts-Logo.png\",\"contentUrl\":\"https:\\\/\\\/bbqentertainment.com\\\/wp-content\\\/uploads\\\/2020\\\/04\\\/BBQ-Entertainment-N-Catering-Enn-Tobreluts-Logo.png\",\"width\":628,\"height\":266,\"caption\":\"BBQ Entertainment O\u00dc\"},\"image\":{\"@id\":\"https:\\\/\\\/bbqentertainment.com\\\/#\\\/schema\\\/logo\\\/image\\\/\"},\"sameAs\":[\"https:\\\/\\\/www.facebook.com\\\/BBQ-Entertainment-N-Catering-2437913376443540\",\"https:\\\/\\\/www.instagram.com\\\/bbqentertainmentncatering\\\/\",\"https:\\\/\\\/www.youtube.com\\\/channel\\\/UCmpuANQVhLy2Md8nrenp2jA\"]}]}<\/script>\n<!-- \/ Yoast SEO plugin. -->","yoast_head_json":{"title":"Itaalia ekstra-v\u00e4\u00e4risoliivi\u00f5li \"Muraglia FLORAL COOLORS\u201d 500 ml (intensiivselt puuviljane) - BBQ Entertainment","robots":{"index":"index","follow":"follow","max-snippet":"max-snippet:-1","max-image-preview":"max-image-preview:large","max-video-preview":"max-video-preview:-1"},"canonical":"https:\/\/bbqentertainment.com\/toode\/itaalia-ekstra-vaarisoliivioli-muraglia-floral-coolors-500-ml\/","og_locale":"en_US","og_type":"article","og_title":"Itaalia ekstra-v\u00e4\u00e4risoliivi\u00f5li \"Muraglia FLORAL COOLORS\u201d 500 ml (intensiivselt puuviljane) - BBQ Entertainment","og_description":"Itaalia ekstra-v\u00e4\u00e4risoliivi\u00f5li \"Muraglia FLORAL COOLORS\u201d 500 ml (intensiivselt puuviljane) Floral Coolors Intense Fruity Extra Virgin oliivi\u00f5li klaaspudelis on ideaalne kingitus, mis \u00fchendab s\u00fcdame ja maitse harmoonia, muutes hooliva \u017eesti t\u00f5eliseks meeleelamuseks. Punased roosid valgel pudelil s\u00fcmboliseerivad puhtust ja elegantsi, luues visuaalselt kauni ja t\u00e4hendusrikka kingituse. See ainulaadne oliivi\u00f5li pakub rikkalikku ja intensiivselt puuviljast maitset, mis on hoolikalt s\u00e4ilitatud kaunis uues klaaspudelis ja pakendatud elegantsesse kinkekarpi. Suurep\u00e4rane valik neile, kes hindavad nii kvaliteeti kui ka esteetikat.","og_url":"https:\/\/bbqentertainment.com\/toode\/itaalia-ekstra-vaarisoliivioli-muraglia-floral-coolors-500-ml\/","og_site_name":"BBQ Entertainment","article_publisher":"https:\/\/www.facebook.com\/BBQ-Entertainment-N-Catering-2437913376443540","article_modified_time":"2026-03-07T19:58:36+00:00","og_image":[{"width":2180,"height":2294,"url":"https:\/\/bbqentertainment.com\/wp-content\/uploads\/2024\/11\/COOL-FIORATO-1.webp","type":"image\/webp"}],"twitter_card":"summary_large_image","twitter_misc":{"Est. reading time":"1 minute"},"schema":{"@context":"https:\/\/schema.org","@graph":[{"@type":["WebPage","ItemPage"],"@id":"https:\/\/bbqentertainment.com\/toode\/itaalia-ekstra-vaarisoliivioli-muraglia-floral-coolors-500-ml\/","url":"https:\/\/bbqentertainment.com\/toode\/itaalia-ekstra-vaarisoliivioli-muraglia-floral-coolors-500-ml\/","name":"Itaalia ekstra-v\u00e4\u00e4risoliivi\u00f5li \"Muraglia FLORAL COOLORS\u201d 500 ml (intensiivselt puuviljane) - BBQ Entertainment","isPartOf":{"@id":"https:\/\/bbqentertainment.com\/#website"},"primaryImageOfPage":{"@id":"https:\/\/bbqentertainment.com\/toode\/itaalia-ekstra-vaarisoliivioli-muraglia-floral-coolors-500-ml\/#primaryimage"},"image":{"@id":"https:\/\/bbqentertainment.com\/toode\/itaalia-ekstra-vaarisoliivioli-muraglia-floral-coolors-500-ml\/#primaryimage"},"thumbnailUrl":"https:\/\/bbqentertainment.com\/wp-content\/uploads\/2024\/11\/COOL-FIORATO-1.webp","datePublished":"2024-11-09T14:15:03+00:00","dateModified":"2026-03-07T19:58:36+00:00","breadcrumb":{"@id":"https:\/\/bbqentertainment.com\/toode\/itaalia-ekstra-vaarisoliivioli-muraglia-floral-coolors-500-ml\/#breadcrumb"},"inLanguage":"en-US","potentialAction":[{"@type":"ReadAction","target":["https:\/\/bbqentertainment.com\/toode\/itaalia-ekstra-vaarisoliivioli-muraglia-floral-coolors-500-ml\/"]}]},{"@type":"ImageObject","inLanguage":"en-US","@id":"https:\/\/bbqentertainment.com\/toode\/itaalia-ekstra-vaarisoliivioli-muraglia-floral-coolors-500-ml\/#primaryimage","url":"https:\/\/bbqentertainment.com\/wp-content\/uploads\/2024\/11\/COOL-FIORATO-1.webp","contentUrl":"https:\/\/bbqentertainment.com\/wp-content\/uploads\/2024\/11\/COOL-FIORATO-1.webp","width":2180,"height":2294},{"@type":"BreadcrumbList","@id":"https:\/\/bbqentertainment.com\/toode\/itaalia-ekstra-vaarisoliivioli-muraglia-floral-coolors-500-ml\/#breadcrumb","itemListElement":[{"@type":"ListItem","position":1,"name":"AVALEHT","item":"https:\/\/bbqentertainment.com\/en\/"},{"@type":"ListItem","position":2,"name":"Tooted","item":"https:\/\/bbqentertainment.com\/tooted\/"},{"@type":"ListItem","position":3,"name":"Maitseandjad","item":"https:\/\/bbqentertainment.com\/en\/tootekategooria\/maitseandjad\/"},{"@type":"ListItem","position":4,"name":"Oliivi\u00f5li","item":"https:\/\/bbqentertainment.com\/en\/tootekategooria\/maitseandjad\/oliivioli\/"},{"@type":"ListItem","position":5,"name":"Intensiivselt puuviljane","item":"https:\/\/bbqentertainment.com\/en\/tootekategooria\/maitseandjad\/oliivioli\/intensiivselt-puuviljane\/"},{"@type":"ListItem","position":6,"name":"Itaalia ekstra-v\u00e4\u00e4risoliivi\u00f5li &#8220;Muraglia FLORAL COOLORS\u201d 500 ml (intensiivselt puuviljane)"}]},{"@type":"WebSite","@id":"https:\/\/bbqentertainment.com\/#website","url":"https:\/\/bbqentertainment.com\/","name":"BBQ Entertainment","description":"BBQ is a great lifestyle, not just fun!","publisher":{"@id":"https:\/\/bbqentertainment.com\/#organization"},"potentialAction":[{"@type":"SearchAction","target":{"@type":"EntryPoint","urlTemplate":"https:\/\/bbqentertainment.com\/?s={search_term_string}"},"query-input":{"@type":"PropertyValueSpecification","valueRequired":true,"valueName":"search_term_string"}}],"inLanguage":"en-US"},{"@type":"Organization","@id":"https:\/\/bbqentertainment.com\/#organization","name":"BBQ Entertainment O\u00dc","url":"https:\/\/bbqentertainment.com\/","logo":{"@type":"ImageObject","inLanguage":"en-US","@id":"https:\/\/bbqentertainment.com\/#\/schema\/logo\/image\/","url":"https:\/\/bbqentertainment.com\/wp-content\/uploads\/2020\/04\/BBQ-Entertainment-N-Catering-Enn-Tobreluts-Logo.png","contentUrl":"https:\/\/bbqentertainment.com\/wp-content\/uploads\/2020\/04\/BBQ-Entertainment-N-Catering-Enn-Tobreluts-Logo.png","width":628,"height":266,"caption":"BBQ Entertainment O\u00dc"},"image":{"@id":"https:\/\/bbqentertainment.com\/#\/schema\/logo\/image\/"},"sameAs":["https:\/\/www.facebook.com\/BBQ-Entertainment-N-Catering-2437913376443540","https:\/\/www.instagram.com\/bbqentertainmentncatering\/","https:\/\/www.youtube.com\/channel\/UCmpuANQVhLy2Md8nrenp2jA"]}]}},"_links":{"self":[{"href":"https:\/\/bbqentertainment.com\/en\/wp-json\/wp\/v2\/product\/249206","targetHints":{"allow":["GET"]}}],"collection":[{"href":"https:\/\/bbqentertainment.com\/en\/wp-json\/wp\/v2\/product"}],"about":[{"href":"https:\/\/bbqentertainment.com\/en\/wp-json\/wp\/v2\/types\/product"}],"wp:featuredmedia":[{"embeddable":true,"href":"https:\/\/bbqentertainment.com\/en\/wp-json\/wp\/v2\/media\/249370"}],"wp:attachment":[{"href":"https:\/\/bbqentertainment.com\/en\/wp-json\/wp\/v2\/media?parent=249206"}],"wp:term":[{"taxonomy":"product_brand","embeddable":true,"href":"https:\/\/bbqentertainment.com\/en\/wp-json\/wp\/v2\/product_brand?post=249206"},{"taxonomy":"product_cat","embeddable":true,"href":"https:\/\/bbqentertainment.com\/en\/wp-json\/wp\/v2\/product_cat?post=249206"},{"taxonomy":"product_tag","embeddable":true,"href":"https:\/\/bbqentertainment.com\/en\/wp-json\/wp\/v2\/product_tag?post=249206"}],"curies":[{"name":"wp","href":"https:\/\/api.w.org\/{rel}","templated":true}]}}