{"id":249216,"date":"2024-11-09T16:15:04","date_gmt":"2024-11-09T14:15:04","guid":{"rendered":"https:\/\/bbqentertainment.com\/toode\/il-borgo-aged-balsamic-condiment-punane-red-kinkekarbis-100-ml\/"},"modified":"2025-07-25T13:45:35","modified_gmt":"2025-07-25T10:45:35","slug":"il-borgo-aged-balsamic-condiment-punane-red-kinkekarbis-100-ml","status":"publish","type":"product","link":"https:\/\/bbqentertainment.com\/en\/toode\/il-borgo-aged-balsamic-condiment-punane-red-kinkekarbis-100-ml\/","title":{"rendered":"IL Borgo Aged Condiment Balsamico PUNANE \/ RED kinkekarbis 100 ml"},"content":{"rendered":"","protected":false},"excerpt":{"rendered":"<h3><strong>IL Borgo Aged Condiment Balsamico PUNANE \/ RED kinkekarbis 100 ml<\/strong><\/h3>\n<p><strong>IL Borgo del Balsamico Red Label Condimento<\/strong> on k\u00f5rge viskoossusega, luksuslik palsami\u00e4\u00e4dikas, mis on laagerdunud hoolikalt valitud t\u00fcnnides, saavutades rikkaliku ja tasakaalustatud maitse. Selle siirupine tekstuur ja s\u00fcgavalt magus-hapukas maitse muudavad selle ideaalseks nii soolaste kui ka magusate roogade t\u00e4iustamiseks.<\/p>\n<p><strong>Omadused:<\/strong><\/p>\n<ul>\n<li><strong>Maitse:<\/strong> T\u00e4idlane, intensiivne, magushapukas.<\/li>\n<li><strong>Tekstuur:<\/strong> Tihe ja siirupine, ideaalne viimistlemiseks.<\/li>\n<li><strong>Pakend:<\/strong> Elegantne ovaalne 100 ml pudel, mis sobib suurep\u00e4raselt kingituseks v\u00f5i peene toidulaua rikastamiseks.<\/li>\n<\/ul>\n<p><strong>Kasutusv\u00f5imalused:<\/strong><\/p>\n<ul>\n<li>Lisa viimistlusena juustudele, nagu parmesan v\u00f5i burrata.<\/li>\n<li>T\u00e4ienda liharoogasid, n\u00e4iteks steike v\u00f5i pardifileed.<\/li>\n<li>Sobib suurep\u00e4raselt grillitud k\u00f6\u00f6giviljadele v\u00f5i salatitele.<\/li>\n<li>Magusaks kontrastiks puuviljadele, j\u00e4\u00e4tisele v\u00f5i magustoitudele.<\/li>\n<\/ul>\n","protected":false},"featured_media":249456,"template":"","meta":{"inline_featured_image":false},"product_brand":[],"product_cat":[28,29,301,32],"product_tag":[],"class_list":{"0":"post-249216","1":"product","2":"type-product","3":"status-publish","4":"has-post-thumbnail","6":"product_cat-maitseandjad","7":"product_cat-balsamiiko","8":"product_cat-kinkekarp","9":"product_cat-kinkekarbid","11":"first","12":"instock","13":"taxable","14":"shipping-taxable","15":"purchasable","16":"product-type-simple"},"yoast_head":"<!-- This site is optimized with the Yoast SEO plugin v27.4 - https:\/\/yoast.com\/product\/yoast-seo-wordpress\/ -->\n<title>IL Borgo Aged Condiment Balsamico PUNANE \/ RED kinkekarbis 100 ml - BBQ Entertainment<\/title>\n<meta name=\"robots\" content=\"index, follow, max-snippet:-1, max-image-preview:large, max-video-preview:-1\" \/>\n<link rel=\"canonical\" href=\"https:\/\/bbqentertainment.com\/toode\/il-borgo-aged-balsamic-condiment-punane-red-kinkekarbis-100-ml\/\" \/>\n<meta property=\"og:locale\" content=\"en_US\" \/>\n<meta property=\"og:type\" content=\"article\" \/>\n<meta property=\"og:title\" content=\"IL Borgo Aged Condiment Balsamico PUNANE \/ RED kinkekarbis 100 ml - BBQ Entertainment\" \/>\n<meta property=\"og:description\" content=\"IL Borgo Aged Condiment Balsamico PUNANE \/ RED kinkekarbis 100 ml IL Borgo del Balsamico Red Label Condimento on k\u00f5rge viskoossusega, luksuslik palsami\u00e4\u00e4dikas, mis on laagerdunud hoolikalt valitud t\u00fcnnides, saavutades rikkaliku ja tasakaalustatud maitse. Selle siirupine tekstuur ja s\u00fcgavalt magus-hapukas maitse muudavad selle ideaalseks nii soolaste kui ka magusate roogade t\u00e4iustamiseks.  Omadused:   Maitse: T\u00e4idlane, intensiivne, magushapukas.  Tekstuur: Tihe ja siirupine, ideaalne viimistlemiseks.  Pakend: Elegantne ovaalne 100 ml pudel, mis sobib suurep\u00e4raselt kingituseks v\u00f5i peene toidulaua rikastamiseks.  Kasutusv\u00f5imalused:   Lisa viimistlusena juustudele, nagu parmesan v\u00f5i burrata.  T\u00e4ienda liharoogasid, n\u00e4iteks steike v\u00f5i pardifileed.  Sobib suurep\u00e4raselt grillitud k\u00f6\u00f6giviljadele v\u00f5i salatitele.  Magusaks kontrastiks puuviljadele, j\u00e4\u00e4tisele v\u00f5i magustoitudele.\" \/>\n<meta property=\"og:url\" content=\"https:\/\/bbqentertainment.com\/toode\/il-borgo-aged-balsamic-condiment-punane-red-kinkekarbis-100-ml\/\" \/>\n<meta property=\"og:site_name\" content=\"BBQ Entertainment\" \/>\n<meta property=\"article:publisher\" content=\"https:\/\/www.facebook.com\/BBQ-Entertainment-N-Catering-2437913376443540\" \/>\n<meta property=\"article:modified_time\" content=\"2025-07-25T10:45:35+00:00\" \/>\n<meta property=\"og:image\" content=\"https:\/\/bbqentertainment.com\/wp-content\/uploads\/2024\/11\/CR100.jpg\" \/>\n\t<meta property=\"og:image:width\" content=\"1600\" \/>\n\t<meta property=\"og:image:height\" content=\"1600\" \/>\n\t<meta property=\"og:image:type\" content=\"image\/jpeg\" \/>\n<meta name=\"twitter:card\" content=\"summary_large_image\" \/>\n<meta name=\"twitter:label1\" content=\"Est. reading time\" \/>\n\t<meta name=\"twitter:data1\" content=\"1 minute\" \/>\n<script type=\"application\/ld+json\" class=\"yoast-schema-graph\">{\"@context\":\"https:\\\/\\\/schema.org\",\"@graph\":[{\"@type\":[\"WebPage\",\"ItemPage\"],\"@id\":\"https:\\\/\\\/bbqentertainment.com\\\/toode\\\/il-borgo-aged-balsamic-condiment-punane-red-kinkekarbis-100-ml\\\/\",\"url\":\"https:\\\/\\\/bbqentertainment.com\\\/toode\\\/il-borgo-aged-balsamic-condiment-punane-red-kinkekarbis-100-ml\\\/\",\"name\":\"IL Borgo Aged Condiment Balsamico PUNANE \\\/ RED kinkekarbis 100 ml - BBQ Entertainment\",\"isPartOf\":{\"@id\":\"https:\\\/\\\/bbqentertainment.com\\\/#website\"},\"primaryImageOfPage\":{\"@id\":\"https:\\\/\\\/bbqentertainment.com\\\/toode\\\/il-borgo-aged-balsamic-condiment-punane-red-kinkekarbis-100-ml\\\/#primaryimage\"},\"image\":{\"@id\":\"https:\\\/\\\/bbqentertainment.com\\\/toode\\\/il-borgo-aged-balsamic-condiment-punane-red-kinkekarbis-100-ml\\\/#primaryimage\"},\"thumbnailUrl\":\"https:\\\/\\\/bbqentertainment.com\\\/wp-content\\\/uploads\\\/2024\\\/11\\\/CR100.jpg\",\"datePublished\":\"2024-11-09T14:15:04+00:00\",\"dateModified\":\"2025-07-25T10:45:35+00:00\",\"breadcrumb\":{\"@id\":\"https:\\\/\\\/bbqentertainment.com\\\/toode\\\/il-borgo-aged-balsamic-condiment-punane-red-kinkekarbis-100-ml\\\/#breadcrumb\"},\"inLanguage\":\"en-US\",\"potentialAction\":[{\"@type\":\"ReadAction\",\"target\":[\"https:\\\/\\\/bbqentertainment.com\\\/toode\\\/il-borgo-aged-balsamic-condiment-punane-red-kinkekarbis-100-ml\\\/\"]}]},{\"@type\":\"ImageObject\",\"inLanguage\":\"en-US\",\"@id\":\"https:\\\/\\\/bbqentertainment.com\\\/toode\\\/il-borgo-aged-balsamic-condiment-punane-red-kinkekarbis-100-ml\\\/#primaryimage\",\"url\":\"https:\\\/\\\/bbqentertainment.com\\\/wp-content\\\/uploads\\\/2024\\\/11\\\/CR100.jpg\",\"contentUrl\":\"https:\\\/\\\/bbqentertainment.com\\\/wp-content\\\/uploads\\\/2024\\\/11\\\/CR100.jpg\",\"width\":1600,\"height\":1600},{\"@type\":\"BreadcrumbList\",\"@id\":\"https:\\\/\\\/bbqentertainment.com\\\/toode\\\/il-borgo-aged-balsamic-condiment-punane-red-kinkekarbis-100-ml\\\/#breadcrumb\",\"itemListElement\":[{\"@type\":\"ListItem\",\"position\":1,\"name\":\"AVALEHT\",\"item\":\"https:\\\/\\\/bbqentertainment.com\\\/en\\\/\"},{\"@type\":\"ListItem\",\"position\":2,\"name\":\"Tooted\",\"item\":\"https:\\\/\\\/bbqentertainment.com\\\/tooted\\\/\"},{\"@type\":\"ListItem\",\"position\":3,\"name\":\"Maitseandjad\",\"item\":\"https:\\\/\\\/bbqentertainment.com\\\/en\\\/tootekategooria\\\/maitseandjad\\\/\"},{\"@type\":\"ListItem\",\"position\":4,\"name\":\"Balsamiiko\",\"item\":\"https:\\\/\\\/bbqentertainment.com\\\/tootekategooria\\\/maitseandjad\\\/balsamiiko\\\/\"},{\"@type\":\"ListItem\",\"position\":5,\"name\":\"IL Borgo Aged Condiment Balsamico PUNANE \\\/ RED kinkekarbis 100 ml\"}]},{\"@type\":\"WebSite\",\"@id\":\"https:\\\/\\\/bbqentertainment.com\\\/#website\",\"url\":\"https:\\\/\\\/bbqentertainment.com\\\/\",\"name\":\"BBQ Entertainment\",\"description\":\"BBQ is a great lifestyle, not just fun!\",\"publisher\":{\"@id\":\"https:\\\/\\\/bbqentertainment.com\\\/#organization\"},\"potentialAction\":[{\"@type\":\"SearchAction\",\"target\":{\"@type\":\"EntryPoint\",\"urlTemplate\":\"https:\\\/\\\/bbqentertainment.com\\\/?s={search_term_string}\"},\"query-input\":{\"@type\":\"PropertyValueSpecification\",\"valueRequired\":true,\"valueName\":\"search_term_string\"}}],\"inLanguage\":\"en-US\"},{\"@type\":\"Organization\",\"@id\":\"https:\\\/\\\/bbqentertainment.com\\\/#organization\",\"name\":\"BBQ Entertainment O\u00dc\",\"url\":\"https:\\\/\\\/bbqentertainment.com\\\/\",\"logo\":{\"@type\":\"ImageObject\",\"inLanguage\":\"en-US\",\"@id\":\"https:\\\/\\\/bbqentertainment.com\\\/#\\\/schema\\\/logo\\\/image\\\/\",\"url\":\"https:\\\/\\\/bbqentertainment.com\\\/wp-content\\\/uploads\\\/2020\\\/04\\\/BBQ-Entertainment-N-Catering-Enn-Tobreluts-Logo.png\",\"contentUrl\":\"https:\\\/\\\/bbqentertainment.com\\\/wp-content\\\/uploads\\\/2020\\\/04\\\/BBQ-Entertainment-N-Catering-Enn-Tobreluts-Logo.png\",\"width\":628,\"height\":266,\"caption\":\"BBQ Entertainment O\u00dc\"},\"image\":{\"@id\":\"https:\\\/\\\/bbqentertainment.com\\\/#\\\/schema\\\/logo\\\/image\\\/\"},\"sameAs\":[\"https:\\\/\\\/www.facebook.com\\\/BBQ-Entertainment-N-Catering-2437913376443540\",\"https:\\\/\\\/www.instagram.com\\\/bbqentertainmentncatering\\\/\",\"https:\\\/\\\/www.youtube.com\\\/channel\\\/UCmpuANQVhLy2Md8nrenp2jA\"]}]}<\/script>\n<!-- \/ Yoast SEO plugin. -->","yoast_head_json":{"title":"IL Borgo Aged Condiment Balsamico PUNANE \/ RED kinkekarbis 100 ml - BBQ Entertainment","robots":{"index":"index","follow":"follow","max-snippet":"max-snippet:-1","max-image-preview":"max-image-preview:large","max-video-preview":"max-video-preview:-1"},"canonical":"https:\/\/bbqentertainment.com\/toode\/il-borgo-aged-balsamic-condiment-punane-red-kinkekarbis-100-ml\/","og_locale":"en_US","og_type":"article","og_title":"IL Borgo Aged Condiment Balsamico PUNANE \/ RED kinkekarbis 100 ml - BBQ Entertainment","og_description":"IL Borgo Aged Condiment Balsamico PUNANE \/ RED kinkekarbis 100 ml IL Borgo del Balsamico Red Label Condimento on k\u00f5rge viskoossusega, luksuslik palsami\u00e4\u00e4dikas, mis on laagerdunud hoolikalt valitud t\u00fcnnides, saavutades rikkaliku ja tasakaalustatud maitse. Selle siirupine tekstuur ja s\u00fcgavalt magus-hapukas maitse muudavad selle ideaalseks nii soolaste kui ka magusate roogade t\u00e4iustamiseks.  Omadused:   Maitse: T\u00e4idlane, intensiivne, magushapukas.  Tekstuur: Tihe ja siirupine, ideaalne viimistlemiseks.  Pakend: Elegantne ovaalne 100 ml pudel, mis sobib suurep\u00e4raselt kingituseks v\u00f5i peene toidulaua rikastamiseks.  Kasutusv\u00f5imalused:   Lisa viimistlusena juustudele, nagu parmesan v\u00f5i burrata.  T\u00e4ienda liharoogasid, n\u00e4iteks steike v\u00f5i pardifileed.  Sobib suurep\u00e4raselt grillitud k\u00f6\u00f6giviljadele v\u00f5i salatitele.  Magusaks kontrastiks puuviljadele, j\u00e4\u00e4tisele v\u00f5i magustoitudele.","og_url":"https:\/\/bbqentertainment.com\/toode\/il-borgo-aged-balsamic-condiment-punane-red-kinkekarbis-100-ml\/","og_site_name":"BBQ Entertainment","article_publisher":"https:\/\/www.facebook.com\/BBQ-Entertainment-N-Catering-2437913376443540","article_modified_time":"2025-07-25T10:45:35+00:00","og_image":[{"width":1600,"height":1600,"url":"https:\/\/bbqentertainment.com\/wp-content\/uploads\/2024\/11\/CR100.jpg","type":"image\/jpeg"}],"twitter_card":"summary_large_image","twitter_misc":{"Est. reading time":"1 minute"},"schema":{"@context":"https:\/\/schema.org","@graph":[{"@type":["WebPage","ItemPage"],"@id":"https:\/\/bbqentertainment.com\/toode\/il-borgo-aged-balsamic-condiment-punane-red-kinkekarbis-100-ml\/","url":"https:\/\/bbqentertainment.com\/toode\/il-borgo-aged-balsamic-condiment-punane-red-kinkekarbis-100-ml\/","name":"IL Borgo Aged Condiment Balsamico PUNANE \/ RED kinkekarbis 100 ml - BBQ Entertainment","isPartOf":{"@id":"https:\/\/bbqentertainment.com\/#website"},"primaryImageOfPage":{"@id":"https:\/\/bbqentertainment.com\/toode\/il-borgo-aged-balsamic-condiment-punane-red-kinkekarbis-100-ml\/#primaryimage"},"image":{"@id":"https:\/\/bbqentertainment.com\/toode\/il-borgo-aged-balsamic-condiment-punane-red-kinkekarbis-100-ml\/#primaryimage"},"thumbnailUrl":"https:\/\/bbqentertainment.com\/wp-content\/uploads\/2024\/11\/CR100.jpg","datePublished":"2024-11-09T14:15:04+00:00","dateModified":"2025-07-25T10:45:35+00:00","breadcrumb":{"@id":"https:\/\/bbqentertainment.com\/toode\/il-borgo-aged-balsamic-condiment-punane-red-kinkekarbis-100-ml\/#breadcrumb"},"inLanguage":"en-US","potentialAction":[{"@type":"ReadAction","target":["https:\/\/bbqentertainment.com\/toode\/il-borgo-aged-balsamic-condiment-punane-red-kinkekarbis-100-ml\/"]}]},{"@type":"ImageObject","inLanguage":"en-US","@id":"https:\/\/bbqentertainment.com\/toode\/il-borgo-aged-balsamic-condiment-punane-red-kinkekarbis-100-ml\/#primaryimage","url":"https:\/\/bbqentertainment.com\/wp-content\/uploads\/2024\/11\/CR100.jpg","contentUrl":"https:\/\/bbqentertainment.com\/wp-content\/uploads\/2024\/11\/CR100.jpg","width":1600,"height":1600},{"@type":"BreadcrumbList","@id":"https:\/\/bbqentertainment.com\/toode\/il-borgo-aged-balsamic-condiment-punane-red-kinkekarbis-100-ml\/#breadcrumb","itemListElement":[{"@type":"ListItem","position":1,"name":"AVALEHT","item":"https:\/\/bbqentertainment.com\/en\/"},{"@type":"ListItem","position":2,"name":"Tooted","item":"https:\/\/bbqentertainment.com\/tooted\/"},{"@type":"ListItem","position":3,"name":"Maitseandjad","item":"https:\/\/bbqentertainment.com\/en\/tootekategooria\/maitseandjad\/"},{"@type":"ListItem","position":4,"name":"Balsamiiko","item":"https:\/\/bbqentertainment.com\/tootekategooria\/maitseandjad\/balsamiiko\/"},{"@type":"ListItem","position":5,"name":"IL Borgo Aged Condiment Balsamico PUNANE \/ RED kinkekarbis 100 ml"}]},{"@type":"WebSite","@id":"https:\/\/bbqentertainment.com\/#website","url":"https:\/\/bbqentertainment.com\/","name":"BBQ Entertainment","description":"BBQ is a great lifestyle, not just fun!","publisher":{"@id":"https:\/\/bbqentertainment.com\/#organization"},"potentialAction":[{"@type":"SearchAction","target":{"@type":"EntryPoint","urlTemplate":"https:\/\/bbqentertainment.com\/?s={search_term_string}"},"query-input":{"@type":"PropertyValueSpecification","valueRequired":true,"valueName":"search_term_string"}}],"inLanguage":"en-US"},{"@type":"Organization","@id":"https:\/\/bbqentertainment.com\/#organization","name":"BBQ Entertainment O\u00dc","url":"https:\/\/bbqentertainment.com\/","logo":{"@type":"ImageObject","inLanguage":"en-US","@id":"https:\/\/bbqentertainment.com\/#\/schema\/logo\/image\/","url":"https:\/\/bbqentertainment.com\/wp-content\/uploads\/2020\/04\/BBQ-Entertainment-N-Catering-Enn-Tobreluts-Logo.png","contentUrl":"https:\/\/bbqentertainment.com\/wp-content\/uploads\/2020\/04\/BBQ-Entertainment-N-Catering-Enn-Tobreluts-Logo.png","width":628,"height":266,"caption":"BBQ Entertainment O\u00dc"},"image":{"@id":"https:\/\/bbqentertainment.com\/#\/schema\/logo\/image\/"},"sameAs":["https:\/\/www.facebook.com\/BBQ-Entertainment-N-Catering-2437913376443540","https:\/\/www.instagram.com\/bbqentertainmentncatering\/","https:\/\/www.youtube.com\/channel\/UCmpuANQVhLy2Md8nrenp2jA"]}]}},"_links":{"self":[{"href":"https:\/\/bbqentertainment.com\/en\/wp-json\/wp\/v2\/product\/249216","targetHints":{"allow":["GET"]}}],"collection":[{"href":"https:\/\/bbqentertainment.com\/en\/wp-json\/wp\/v2\/product"}],"about":[{"href":"https:\/\/bbqentertainment.com\/en\/wp-json\/wp\/v2\/types\/product"}],"wp:featuredmedia":[{"embeddable":true,"href":"https:\/\/bbqentertainment.com\/en\/wp-json\/wp\/v2\/media\/249456"}],"wp:attachment":[{"href":"https:\/\/bbqentertainment.com\/en\/wp-json\/wp\/v2\/media?parent=249216"}],"wp:term":[{"taxonomy":"product_brand","embeddable":true,"href":"https:\/\/bbqentertainment.com\/en\/wp-json\/wp\/v2\/product_brand?post=249216"},{"taxonomy":"product_cat","embeddable":true,"href":"https:\/\/bbqentertainment.com\/en\/wp-json\/wp\/v2\/product_cat?post=249216"},{"taxonomy":"product_tag","embeddable":true,"href":"https:\/\/bbqentertainment.com\/en\/wp-json\/wp\/v2\/product_tag?post=249216"}],"curies":[{"name":"wp","href":"https:\/\/api.w.org\/{rel}","templated":true}]}}