{"id":249219,"date":"2024-11-09T16:15:05","date_gmt":"2024-11-09T14:15:05","guid":{"rendered":"https:\/\/bbqentertainment.com\/toode\/il-borgo-il-tinello-balsamic-vinegar-of-modena-pgi-orange-label-250-ml\/"},"modified":"2025-07-25T13:45:38","modified_gmt":"2025-07-25T10:45:38","slug":"il-borgo-il-tinello-balsamic-vinegar-of-modena-pgi-orange-label-250-ml","status":"publish","type":"product","link":"https:\/\/bbqentertainment.com\/en\/toode\/il-borgo-il-tinello-balsamic-vinegar-of-modena-pgi-orange-label-250-ml\/","title":{"rendered":"IL Borgo IL TINELLO Aceto Balsamico di Modena IGP ORANGE Label kinkekarbis (oran\u017e) 250 ml"},"content":{"rendered":"","protected":false},"excerpt":{"rendered":"<h3>IL Borgo IL TINELLO Aceto Balsamico di Modena IGP ORANGE Label kinkekarbis (oran\u017e) 250 ml<\/h3>\n<p>Avasta autentsuse maitse Il Borgo del Balsamico IL TINELLO Modena PGI balsamico\u00e4\u00e4dikaga, mis on pakendatud elava oran\u017ei sildiga 250 ml pudelisse. See eksklusiivne \u00e4\u00e4dikas on ideaalne valik k\u00fcpsetatud roogade t\u00e4iustamiseks, pakkudes rikkalikku ja \u00fcmarat maitseprofiili, milles on tunda nii magusaid kui ka puitunud noote. Sobib suurep\u00e4raselt liha, kala ja k\u00f6\u00f6giviljade maitsestamiseks ning annab roogadele meeldiva j\u00e4relmaitse. Gluteenivaba ja vegan-s\u00f5bralik valik, mis vastab teie igap\u00e4evastele gastronoomilistele vajadustele. S\u00e4ilitage toatemperatuuril, et s\u00e4ilitada selle ainulaadne kvaliteet. IGP sertifitseeritud toode, mille briks on 50. Naudi Itaalia traditsiooni igas tilgas.<\/p>\n","protected":false},"featured_media":249471,"template":"","meta":{"inline_featured_image":false},"product_brand":[],"product_cat":[28,29],"product_tag":[],"class_list":{"0":"post-249219","1":"product","2":"type-product","3":"status-publish","4":"has-post-thumbnail","6":"product_cat-maitseandjad","7":"product_cat-balsamiiko","9":"first","10":"instock","11":"taxable","12":"shipping-taxable","13":"purchasable","14":"product-type-simple"},"yoast_head":"<!-- This site is optimized with the Yoast SEO plugin v27.4 - https:\/\/yoast.com\/product\/yoast-seo-wordpress\/ -->\n<title>IL Borgo IL TINELLO Aceto Balsamico di Modena IGP ORANGE Label kinkekarbis (oran\u017e) 250 ml - BBQ Entertainment<\/title>\n<meta name=\"robots\" content=\"index, follow, max-snippet:-1, max-image-preview:large, max-video-preview:-1\" \/>\n<link rel=\"canonical\" href=\"https:\/\/bbqentertainment.com\/toode\/il-borgo-il-tinello-balsamic-vinegar-of-modena-pgi-orange-label-250-ml\/\" \/>\n<meta property=\"og:locale\" content=\"en_US\" \/>\n<meta property=\"og:type\" content=\"article\" \/>\n<meta property=\"og:title\" content=\"IL Borgo IL TINELLO Aceto Balsamico di Modena IGP ORANGE Label kinkekarbis (oran\u017e) 250 ml - BBQ Entertainment\" \/>\n<meta property=\"og:description\" content=\"IL Borgo IL TINELLO Aceto Balsamico di Modena IGP ORANGE Label kinkekarbis (oran\u017e) 250 ml Avasta autentsuse maitse Il Borgo del Balsamico IL TINELLO Modena PGI balsamico\u00e4\u00e4dikaga, mis on pakendatud elava oran\u017ei sildiga 250 ml pudelisse. See eksklusiivne \u00e4\u00e4dikas on ideaalne valik k\u00fcpsetatud roogade t\u00e4iustamiseks, pakkudes rikkalikku ja \u00fcmarat maitseprofiili, milles on tunda nii magusaid kui ka puitunud noote. Sobib suurep\u00e4raselt liha, kala ja k\u00f6\u00f6giviljade maitsestamiseks ning annab roogadele meeldiva j\u00e4relmaitse. Gluteenivaba ja vegan-s\u00f5bralik valik, mis vastab teie igap\u00e4evastele gastronoomilistele vajadustele. S\u00e4ilitage toatemperatuuril, et s\u00e4ilitada selle ainulaadne kvaliteet. IGP sertifitseeritud toode, mille briks on 50. Naudi Itaalia traditsiooni igas tilgas.\" \/>\n<meta property=\"og:url\" content=\"https:\/\/bbqentertainment.com\/toode\/il-borgo-il-tinello-balsamic-vinegar-of-modena-pgi-orange-label-250-ml\/\" \/>\n<meta property=\"og:site_name\" content=\"BBQ Entertainment\" \/>\n<meta property=\"article:publisher\" content=\"https:\/\/www.facebook.com\/BBQ-Entertainment-N-Catering-2437913376443540\" \/>\n<meta property=\"article:modified_time\" content=\"2025-07-25T10:45:38+00:00\" \/>\n<meta property=\"og:image\" content=\"https:\/\/bbqentertainment.com\/wp-content\/uploads\/2024\/11\/AMTA.jpg\" \/>\n\t<meta property=\"og:image:width\" content=\"1600\" \/>\n\t<meta property=\"og:image:height\" content=\"1600\" \/>\n\t<meta property=\"og:image:type\" content=\"image\/jpeg\" \/>\n<meta name=\"twitter:card\" content=\"summary_large_image\" \/>\n<meta name=\"twitter:label1\" content=\"Est. reading time\" \/>\n\t<meta name=\"twitter:data1\" content=\"1 minute\" \/>\n<script type=\"application\/ld+json\" class=\"yoast-schema-graph\">{\"@context\":\"https:\\\/\\\/schema.org\",\"@graph\":[{\"@type\":[\"WebPage\",\"ItemPage\"],\"@id\":\"https:\\\/\\\/bbqentertainment.com\\\/toode\\\/il-borgo-il-tinello-balsamic-vinegar-of-modena-pgi-orange-label-250-ml\\\/\",\"url\":\"https:\\\/\\\/bbqentertainment.com\\\/toode\\\/il-borgo-il-tinello-balsamic-vinegar-of-modena-pgi-orange-label-250-ml\\\/\",\"name\":\"IL Borgo IL TINELLO Aceto Balsamico di Modena IGP ORANGE Label kinkekarbis (oran\u017e) 250 ml - BBQ Entertainment\",\"isPartOf\":{\"@id\":\"https:\\\/\\\/bbqentertainment.com\\\/#website\"},\"primaryImageOfPage\":{\"@id\":\"https:\\\/\\\/bbqentertainment.com\\\/toode\\\/il-borgo-il-tinello-balsamic-vinegar-of-modena-pgi-orange-label-250-ml\\\/#primaryimage\"},\"image\":{\"@id\":\"https:\\\/\\\/bbqentertainment.com\\\/toode\\\/il-borgo-il-tinello-balsamic-vinegar-of-modena-pgi-orange-label-250-ml\\\/#primaryimage\"},\"thumbnailUrl\":\"https:\\\/\\\/bbqentertainment.com\\\/wp-content\\\/uploads\\\/2024\\\/11\\\/AMTA.jpg\",\"datePublished\":\"2024-11-09T14:15:05+00:00\",\"dateModified\":\"2025-07-25T10:45:38+00:00\",\"breadcrumb\":{\"@id\":\"https:\\\/\\\/bbqentertainment.com\\\/toode\\\/il-borgo-il-tinello-balsamic-vinegar-of-modena-pgi-orange-label-250-ml\\\/#breadcrumb\"},\"inLanguage\":\"en-US\",\"potentialAction\":[{\"@type\":\"ReadAction\",\"target\":[\"https:\\\/\\\/bbqentertainment.com\\\/toode\\\/il-borgo-il-tinello-balsamic-vinegar-of-modena-pgi-orange-label-250-ml\\\/\"]}]},{\"@type\":\"ImageObject\",\"inLanguage\":\"en-US\",\"@id\":\"https:\\\/\\\/bbqentertainment.com\\\/toode\\\/il-borgo-il-tinello-balsamic-vinegar-of-modena-pgi-orange-label-250-ml\\\/#primaryimage\",\"url\":\"https:\\\/\\\/bbqentertainment.com\\\/wp-content\\\/uploads\\\/2024\\\/11\\\/AMTA.jpg\",\"contentUrl\":\"https:\\\/\\\/bbqentertainment.com\\\/wp-content\\\/uploads\\\/2024\\\/11\\\/AMTA.jpg\",\"width\":1600,\"height\":1600},{\"@type\":\"BreadcrumbList\",\"@id\":\"https:\\\/\\\/bbqentertainment.com\\\/toode\\\/il-borgo-il-tinello-balsamic-vinegar-of-modena-pgi-orange-label-250-ml\\\/#breadcrumb\",\"itemListElement\":[{\"@type\":\"ListItem\",\"position\":1,\"name\":\"AVALEHT\",\"item\":\"https:\\\/\\\/bbqentertainment.com\\\/en\\\/\"},{\"@type\":\"ListItem\",\"position\":2,\"name\":\"Tooted\",\"item\":\"https:\\\/\\\/bbqentertainment.com\\\/tooted\\\/\"},{\"@type\":\"ListItem\",\"position\":3,\"name\":\"Maitseandjad\",\"item\":\"https:\\\/\\\/bbqentertainment.com\\\/en\\\/tootekategooria\\\/maitseandjad\\\/\"},{\"@type\":\"ListItem\",\"position\":4,\"name\":\"Balsamiiko\",\"item\":\"https:\\\/\\\/bbqentertainment.com\\\/tootekategooria\\\/maitseandjad\\\/balsamiiko\\\/\"},{\"@type\":\"ListItem\",\"position\":5,\"name\":\"IL Borgo IL TINELLO Aceto Balsamico di Modena IGP ORANGE Label kinkekarbis (oran\u017e) 250 ml\"}]},{\"@type\":\"WebSite\",\"@id\":\"https:\\\/\\\/bbqentertainment.com\\\/#website\",\"url\":\"https:\\\/\\\/bbqentertainment.com\\\/\",\"name\":\"BBQ Entertainment\",\"description\":\"BBQ is a great lifestyle, not just fun!\",\"publisher\":{\"@id\":\"https:\\\/\\\/bbqentertainment.com\\\/#organization\"},\"potentialAction\":[{\"@type\":\"SearchAction\",\"target\":{\"@type\":\"EntryPoint\",\"urlTemplate\":\"https:\\\/\\\/bbqentertainment.com\\\/?s={search_term_string}\"},\"query-input\":{\"@type\":\"PropertyValueSpecification\",\"valueRequired\":true,\"valueName\":\"search_term_string\"}}],\"inLanguage\":\"en-US\"},{\"@type\":\"Organization\",\"@id\":\"https:\\\/\\\/bbqentertainment.com\\\/#organization\",\"name\":\"BBQ Entertainment O\u00dc\",\"url\":\"https:\\\/\\\/bbqentertainment.com\\\/\",\"logo\":{\"@type\":\"ImageObject\",\"inLanguage\":\"en-US\",\"@id\":\"https:\\\/\\\/bbqentertainment.com\\\/#\\\/schema\\\/logo\\\/image\\\/\",\"url\":\"https:\\\/\\\/bbqentertainment.com\\\/wp-content\\\/uploads\\\/2020\\\/04\\\/BBQ-Entertainment-N-Catering-Enn-Tobreluts-Logo.png\",\"contentUrl\":\"https:\\\/\\\/bbqentertainment.com\\\/wp-content\\\/uploads\\\/2020\\\/04\\\/BBQ-Entertainment-N-Catering-Enn-Tobreluts-Logo.png\",\"width\":628,\"height\":266,\"caption\":\"BBQ Entertainment O\u00dc\"},\"image\":{\"@id\":\"https:\\\/\\\/bbqentertainment.com\\\/#\\\/schema\\\/logo\\\/image\\\/\"},\"sameAs\":[\"https:\\\/\\\/www.facebook.com\\\/BBQ-Entertainment-N-Catering-2437913376443540\",\"https:\\\/\\\/www.instagram.com\\\/bbqentertainmentncatering\\\/\",\"https:\\\/\\\/www.youtube.com\\\/channel\\\/UCmpuANQVhLy2Md8nrenp2jA\"]}]}<\/script>\n<!-- \/ Yoast SEO plugin. -->","yoast_head_json":{"title":"IL Borgo IL TINELLO Aceto Balsamico di Modena IGP ORANGE Label kinkekarbis (oran\u017e) 250 ml - BBQ Entertainment","robots":{"index":"index","follow":"follow","max-snippet":"max-snippet:-1","max-image-preview":"max-image-preview:large","max-video-preview":"max-video-preview:-1"},"canonical":"https:\/\/bbqentertainment.com\/toode\/il-borgo-il-tinello-balsamic-vinegar-of-modena-pgi-orange-label-250-ml\/","og_locale":"en_US","og_type":"article","og_title":"IL Borgo IL TINELLO Aceto Balsamico di Modena IGP ORANGE Label kinkekarbis (oran\u017e) 250 ml - BBQ Entertainment","og_description":"IL Borgo IL TINELLO Aceto Balsamico di Modena IGP ORANGE Label kinkekarbis (oran\u017e) 250 ml Avasta autentsuse maitse Il Borgo del Balsamico IL TINELLO Modena PGI balsamico\u00e4\u00e4dikaga, mis on pakendatud elava oran\u017ei sildiga 250 ml pudelisse. See eksklusiivne \u00e4\u00e4dikas on ideaalne valik k\u00fcpsetatud roogade t\u00e4iustamiseks, pakkudes rikkalikku ja \u00fcmarat maitseprofiili, milles on tunda nii magusaid kui ka puitunud noote. Sobib suurep\u00e4raselt liha, kala ja k\u00f6\u00f6giviljade maitsestamiseks ning annab roogadele meeldiva j\u00e4relmaitse. Gluteenivaba ja vegan-s\u00f5bralik valik, mis vastab teie igap\u00e4evastele gastronoomilistele vajadustele. S\u00e4ilitage toatemperatuuril, et s\u00e4ilitada selle ainulaadne kvaliteet. IGP sertifitseeritud toode, mille briks on 50. Naudi Itaalia traditsiooni igas tilgas.","og_url":"https:\/\/bbqentertainment.com\/toode\/il-borgo-il-tinello-balsamic-vinegar-of-modena-pgi-orange-label-250-ml\/","og_site_name":"BBQ Entertainment","article_publisher":"https:\/\/www.facebook.com\/BBQ-Entertainment-N-Catering-2437913376443540","article_modified_time":"2025-07-25T10:45:38+00:00","og_image":[{"width":1600,"height":1600,"url":"https:\/\/bbqentertainment.com\/wp-content\/uploads\/2024\/11\/AMTA.jpg","type":"image\/jpeg"}],"twitter_card":"summary_large_image","twitter_misc":{"Est. reading time":"1 minute"},"schema":{"@context":"https:\/\/schema.org","@graph":[{"@type":["WebPage","ItemPage"],"@id":"https:\/\/bbqentertainment.com\/toode\/il-borgo-il-tinello-balsamic-vinegar-of-modena-pgi-orange-label-250-ml\/","url":"https:\/\/bbqentertainment.com\/toode\/il-borgo-il-tinello-balsamic-vinegar-of-modena-pgi-orange-label-250-ml\/","name":"IL Borgo IL TINELLO Aceto Balsamico di Modena IGP ORANGE Label kinkekarbis (oran\u017e) 250 ml - BBQ Entertainment","isPartOf":{"@id":"https:\/\/bbqentertainment.com\/#website"},"primaryImageOfPage":{"@id":"https:\/\/bbqentertainment.com\/toode\/il-borgo-il-tinello-balsamic-vinegar-of-modena-pgi-orange-label-250-ml\/#primaryimage"},"image":{"@id":"https:\/\/bbqentertainment.com\/toode\/il-borgo-il-tinello-balsamic-vinegar-of-modena-pgi-orange-label-250-ml\/#primaryimage"},"thumbnailUrl":"https:\/\/bbqentertainment.com\/wp-content\/uploads\/2024\/11\/AMTA.jpg","datePublished":"2024-11-09T14:15:05+00:00","dateModified":"2025-07-25T10:45:38+00:00","breadcrumb":{"@id":"https:\/\/bbqentertainment.com\/toode\/il-borgo-il-tinello-balsamic-vinegar-of-modena-pgi-orange-label-250-ml\/#breadcrumb"},"inLanguage":"en-US","potentialAction":[{"@type":"ReadAction","target":["https:\/\/bbqentertainment.com\/toode\/il-borgo-il-tinello-balsamic-vinegar-of-modena-pgi-orange-label-250-ml\/"]}]},{"@type":"ImageObject","inLanguage":"en-US","@id":"https:\/\/bbqentertainment.com\/toode\/il-borgo-il-tinello-balsamic-vinegar-of-modena-pgi-orange-label-250-ml\/#primaryimage","url":"https:\/\/bbqentertainment.com\/wp-content\/uploads\/2024\/11\/AMTA.jpg","contentUrl":"https:\/\/bbqentertainment.com\/wp-content\/uploads\/2024\/11\/AMTA.jpg","width":1600,"height":1600},{"@type":"BreadcrumbList","@id":"https:\/\/bbqentertainment.com\/toode\/il-borgo-il-tinello-balsamic-vinegar-of-modena-pgi-orange-label-250-ml\/#breadcrumb","itemListElement":[{"@type":"ListItem","position":1,"name":"AVALEHT","item":"https:\/\/bbqentertainment.com\/en\/"},{"@type":"ListItem","position":2,"name":"Tooted","item":"https:\/\/bbqentertainment.com\/tooted\/"},{"@type":"ListItem","position":3,"name":"Maitseandjad","item":"https:\/\/bbqentertainment.com\/en\/tootekategooria\/maitseandjad\/"},{"@type":"ListItem","position":4,"name":"Balsamiiko","item":"https:\/\/bbqentertainment.com\/tootekategooria\/maitseandjad\/balsamiiko\/"},{"@type":"ListItem","position":5,"name":"IL Borgo IL TINELLO Aceto Balsamico di Modena IGP ORANGE Label kinkekarbis (oran\u017e) 250 ml"}]},{"@type":"WebSite","@id":"https:\/\/bbqentertainment.com\/#website","url":"https:\/\/bbqentertainment.com\/","name":"BBQ Entertainment","description":"BBQ is a great lifestyle, not just fun!","publisher":{"@id":"https:\/\/bbqentertainment.com\/#organization"},"potentialAction":[{"@type":"SearchAction","target":{"@type":"EntryPoint","urlTemplate":"https:\/\/bbqentertainment.com\/?s={search_term_string}"},"query-input":{"@type":"PropertyValueSpecification","valueRequired":true,"valueName":"search_term_string"}}],"inLanguage":"en-US"},{"@type":"Organization","@id":"https:\/\/bbqentertainment.com\/#organization","name":"BBQ Entertainment O\u00dc","url":"https:\/\/bbqentertainment.com\/","logo":{"@type":"ImageObject","inLanguage":"en-US","@id":"https:\/\/bbqentertainment.com\/#\/schema\/logo\/image\/","url":"https:\/\/bbqentertainment.com\/wp-content\/uploads\/2020\/04\/BBQ-Entertainment-N-Catering-Enn-Tobreluts-Logo.png","contentUrl":"https:\/\/bbqentertainment.com\/wp-content\/uploads\/2020\/04\/BBQ-Entertainment-N-Catering-Enn-Tobreluts-Logo.png","width":628,"height":266,"caption":"BBQ Entertainment O\u00dc"},"image":{"@id":"https:\/\/bbqentertainment.com\/#\/schema\/logo\/image\/"},"sameAs":["https:\/\/www.facebook.com\/BBQ-Entertainment-N-Catering-2437913376443540","https:\/\/www.instagram.com\/bbqentertainmentncatering\/","https:\/\/www.youtube.com\/channel\/UCmpuANQVhLy2Md8nrenp2jA"]}]}},"_links":{"self":[{"href":"https:\/\/bbqentertainment.com\/en\/wp-json\/wp\/v2\/product\/249219","targetHints":{"allow":["GET"]}}],"collection":[{"href":"https:\/\/bbqentertainment.com\/en\/wp-json\/wp\/v2\/product"}],"about":[{"href":"https:\/\/bbqentertainment.com\/en\/wp-json\/wp\/v2\/types\/product"}],"wp:featuredmedia":[{"embeddable":true,"href":"https:\/\/bbqentertainment.com\/en\/wp-json\/wp\/v2\/media\/249471"}],"wp:attachment":[{"href":"https:\/\/bbqentertainment.com\/en\/wp-json\/wp\/v2\/media?parent=249219"}],"wp:term":[{"taxonomy":"product_brand","embeddable":true,"href":"https:\/\/bbqentertainment.com\/en\/wp-json\/wp\/v2\/product_brand?post=249219"},{"taxonomy":"product_cat","embeddable":true,"href":"https:\/\/bbqentertainment.com\/en\/wp-json\/wp\/v2\/product_cat?post=249219"},{"taxonomy":"product_tag","embeddable":true,"href":"https:\/\/bbqentertainment.com\/en\/wp-json\/wp\/v2\/product_tag?post=249219"}],"curies":[{"name":"wp","href":"https:\/\/api.w.org\/{rel}","templated":true}]}}