{"id":249228,"date":"2024-11-09T16:15:07","date_gmt":"2024-11-09T14:15:07","guid":{"rendered":"https:\/\/bbqentertainment.com\/toode\/peninuki-tuisk-vodka-700-ml-40\/"},"modified":"2025-07-25T13:45:51","modified_gmt":"2025-07-25T10:45:51","slug":"peninuki-tuisk-vodka-700-ml-40","status":"publish","type":"product","link":"https:\/\/bbqentertainment.com\/en\/toode\/peninuki-tuisk-vodka-700-ml-40\/","title":{"rendered":"Peninuki Tuisk Vodka 700 ml 40%"},"content":{"rendered":"","protected":false},"excerpt":{"rendered":"<h3>Peninuki Tuisk Vodka 700 ml 40%<\/h3>\n<ul>\n<li>Avasta Eesti joogikultuuri p\u00e4randi tipptaset Peninuki Tuisk Vodkaga \u2013 erakordne kvaliteetviin, mis j\u00e4\u00e4dvustab p\u00f5hjamaade talve v\u00e4rskuse. Tuisk Vodka on valmistatud fraktsioneeriva destilleerimise meetodil, mis eemaldab alkoholi m\u00fcrgised komponendid, tagades seel\u00e4bi puhta ja t\u00e4iusliku kvaliteedi. Viimase lihvi annab h\u00f5be- ja s\u00f6efiltreerimine, mis lisab pehmust ja maitsekust.<\/li>\n<li>Maitse: karge ja v\u00e4rskendav, nagu p\u00f5hjamaade k\u00fclmad talved<\/li>\n<li>Kokteilisoovitus: puhtalt, Dirty Martini<\/li>\n<li>Koostisosad: 100% Eesti rukkipiiritus, h\u00f5be- ja s\u00f6efiltreeritud<\/li>\n<li>Peninuki Distillery \u2013 oleme v\u00e4ikepartiina joogielamusi valmistav s\u00f5pruskond Tartus.<\/li>\n<li>BBQ Entertainment O\u00dc on Peninuki Distillery ametlik edasim\u00fc\u00fcja alates 2022.<\/li>\n<\/ul>\n","protected":false},"featured_media":249254,"template":"","meta":{"inline_featured_image":false},"product_brand":[],"product_cat":[280,564,508],"product_tag":[],"class_list":{"0":"post-249228","1":"product","2":"type-product","3":"status-publish","4":"has-post-thumbnail","6":"product_cat-joogid","7":"product_cat-viinad","8":"product_cat-peninuki","10":"first","11":"instock","12":"taxable","13":"shipping-taxable","14":"purchasable","15":"product-type-simple"},"yoast_head":"<!-- This site is optimized with the Yoast SEO plugin v27.4 - https:\/\/yoast.com\/product\/yoast-seo-wordpress\/ -->\n<title>Peninuki Tuisk Vodka 700 ml 40% - BBQ Entertainment<\/title>\n<meta name=\"robots\" content=\"index, follow, max-snippet:-1, max-image-preview:large, max-video-preview:-1\" \/>\n<link rel=\"canonical\" href=\"https:\/\/bbqentertainment.com\/toode\/peninuki-tuisk-vodka-700-ml-40\/\" \/>\n<meta property=\"og:locale\" content=\"en_US\" \/>\n<meta property=\"og:type\" content=\"article\" \/>\n<meta property=\"og:title\" content=\"Peninuki Tuisk Vodka 700 ml 40% - BBQ Entertainment\" \/>\n<meta property=\"og:description\" content=\"Peninuki Tuisk Vodka 700 ml 40%Avasta Eesti joogikultuuri p\u00e4randi tipptaset Peninuki Tuisk Vodkaga \u2013 erakordne kvaliteetviin, mis j\u00e4\u00e4dvustab p\u00f5hjamaade talve v\u00e4rskuse. Tuisk Vodka on valmistatud fraktsioneeriva destilleerimise meetodil, mis eemaldab alkoholi m\u00fcrgised komponendid, tagades seel\u00e4bi puhta ja t\u00e4iusliku kvaliteedi. Viimase lihvi annab h\u00f5be- ja s\u00f6efiltreerimine, mis lisab pehmust ja maitsekust.Maitse: karge ja v\u00e4rskendav, nagu p\u00f5hjamaade k\u00fclmad talvedKokteilisoovitus: puhtalt, Dirty MartiniKoostisosad: 100% Eesti rukkipiiritus, h\u00f5be- ja s\u00f6efiltreeritudPeninuki Distillery \u2013 oleme v\u00e4ikepartiina joogielamusi valmistav s\u00f5pruskond Tartus.BBQ Entertainment O\u00dc on Peninuki Distillery ametlik edasim\u00fc\u00fcja alates 2022.\" \/>\n<meta property=\"og:url\" content=\"https:\/\/bbqentertainment.com\/toode\/peninuki-tuisk-vodka-700-ml-40\/\" \/>\n<meta property=\"og:site_name\" content=\"BBQ Entertainment\" \/>\n<meta property=\"article:publisher\" content=\"https:\/\/www.facebook.com\/BBQ-Entertainment-N-Catering-2437913376443540\" \/>\n<meta property=\"article:modified_time\" content=\"2025-07-25T10:45:51+00:00\" \/>\n<meta property=\"og:image\" content=\"https:\/\/bbqentertainment.com\/wp-content\/uploads\/2024\/11\/Peninuki-Tuisk-Vodka-BBQ-Entertainment-1.jpg\" \/>\n\t<meta property=\"og:image:width\" content=\"1500\" \/>\n\t<meta property=\"og:image:height\" content=\"1500\" \/>\n\t<meta property=\"og:image:type\" content=\"image\/jpeg\" \/>\n<meta name=\"twitter:card\" content=\"summary_large_image\" \/>\n<script type=\"application\/ld+json\" class=\"yoast-schema-graph\">{\"@context\":\"https:\\\/\\\/schema.org\",\"@graph\":[{\"@type\":[\"WebPage\",\"ItemPage\"],\"@id\":\"https:\\\/\\\/bbqentertainment.com\\\/toode\\\/peninuki-tuisk-vodka-700-ml-40\\\/\",\"url\":\"https:\\\/\\\/bbqentertainment.com\\\/toode\\\/peninuki-tuisk-vodka-700-ml-40\\\/\",\"name\":\"Peninuki Tuisk Vodka 700 ml 40% - BBQ Entertainment\",\"isPartOf\":{\"@id\":\"https:\\\/\\\/bbqentertainment.com\\\/#website\"},\"primaryImageOfPage\":{\"@id\":\"https:\\\/\\\/bbqentertainment.com\\\/toode\\\/peninuki-tuisk-vodka-700-ml-40\\\/#primaryimage\"},\"image\":{\"@id\":\"https:\\\/\\\/bbqentertainment.com\\\/toode\\\/peninuki-tuisk-vodka-700-ml-40\\\/#primaryimage\"},\"thumbnailUrl\":\"https:\\\/\\\/bbqentertainment.com\\\/wp-content\\\/uploads\\\/2024\\\/11\\\/Peninuki-Tuisk-Vodka-BBQ-Entertainment-1.jpg\",\"datePublished\":\"2024-11-09T14:15:07+00:00\",\"dateModified\":\"2025-07-25T10:45:51+00:00\",\"breadcrumb\":{\"@id\":\"https:\\\/\\\/bbqentertainment.com\\\/toode\\\/peninuki-tuisk-vodka-700-ml-40\\\/#breadcrumb\"},\"inLanguage\":\"en-US\",\"potentialAction\":[{\"@type\":\"ReadAction\",\"target\":[\"https:\\\/\\\/bbqentertainment.com\\\/toode\\\/peninuki-tuisk-vodka-700-ml-40\\\/\"]}]},{\"@type\":\"ImageObject\",\"inLanguage\":\"en-US\",\"@id\":\"https:\\\/\\\/bbqentertainment.com\\\/toode\\\/peninuki-tuisk-vodka-700-ml-40\\\/#primaryimage\",\"url\":\"https:\\\/\\\/bbqentertainment.com\\\/wp-content\\\/uploads\\\/2024\\\/11\\\/Peninuki-Tuisk-Vodka-BBQ-Entertainment-1.jpg\",\"contentUrl\":\"https:\\\/\\\/bbqentertainment.com\\\/wp-content\\\/uploads\\\/2024\\\/11\\\/Peninuki-Tuisk-Vodka-BBQ-Entertainment-1.jpg\",\"width\":1500,\"height\":1500},{\"@type\":\"BreadcrumbList\",\"@id\":\"https:\\\/\\\/bbqentertainment.com\\\/toode\\\/peninuki-tuisk-vodka-700-ml-40\\\/#breadcrumb\",\"itemListElement\":[{\"@type\":\"ListItem\",\"position\":1,\"name\":\"AVALEHT\",\"item\":\"https:\\\/\\\/bbqentertainment.com\\\/en\\\/\"},{\"@type\":\"ListItem\",\"position\":2,\"name\":\"Tooted\",\"item\":\"https:\\\/\\\/bbqentertainment.com\\\/tooted\\\/\"},{\"@type\":\"ListItem\",\"position\":3,\"name\":\"Joogid\",\"item\":\"https:\\\/\\\/bbqentertainment.com\\\/tootekategooria\\\/joogid\\\/\"},{\"@type\":\"ListItem\",\"position\":4,\"name\":\"D\u017dINNID\",\"item\":\"https:\\\/\\\/bbqentertainment.com\\\/tootekategooria\\\/joogid\\\/dzinnid\\\/\"},{\"@type\":\"ListItem\",\"position\":5,\"name\":\"Peninuki\",\"item\":\"https:\\\/\\\/bbqentertainment.com\\\/tootekategooria\\\/joogid\\\/dzinnid\\\/peninuki\\\/\"},{\"@type\":\"ListItem\",\"position\":6,\"name\":\"Peninuki Tuisk Vodka 700 ml 40%\"}]},{\"@type\":\"WebSite\",\"@id\":\"https:\\\/\\\/bbqentertainment.com\\\/#website\",\"url\":\"https:\\\/\\\/bbqentertainment.com\\\/\",\"name\":\"BBQ Entertainment\",\"description\":\"BBQ is a great lifestyle, not just fun!\",\"publisher\":{\"@id\":\"https:\\\/\\\/bbqentertainment.com\\\/#organization\"},\"potentialAction\":[{\"@type\":\"SearchAction\",\"target\":{\"@type\":\"EntryPoint\",\"urlTemplate\":\"https:\\\/\\\/bbqentertainment.com\\\/?s={search_term_string}\"},\"query-input\":{\"@type\":\"PropertyValueSpecification\",\"valueRequired\":true,\"valueName\":\"search_term_string\"}}],\"inLanguage\":\"en-US\"},{\"@type\":\"Organization\",\"@id\":\"https:\\\/\\\/bbqentertainment.com\\\/#organization\",\"name\":\"BBQ Entertainment O\u00dc\",\"url\":\"https:\\\/\\\/bbqentertainment.com\\\/\",\"logo\":{\"@type\":\"ImageObject\",\"inLanguage\":\"en-US\",\"@id\":\"https:\\\/\\\/bbqentertainment.com\\\/#\\\/schema\\\/logo\\\/image\\\/\",\"url\":\"https:\\\/\\\/bbqentertainment.com\\\/wp-content\\\/uploads\\\/2020\\\/04\\\/BBQ-Entertainment-N-Catering-Enn-Tobreluts-Logo.png\",\"contentUrl\":\"https:\\\/\\\/bbqentertainment.com\\\/wp-content\\\/uploads\\\/2020\\\/04\\\/BBQ-Entertainment-N-Catering-Enn-Tobreluts-Logo.png\",\"width\":628,\"height\":266,\"caption\":\"BBQ Entertainment O\u00dc\"},\"image\":{\"@id\":\"https:\\\/\\\/bbqentertainment.com\\\/#\\\/schema\\\/logo\\\/image\\\/\"},\"sameAs\":[\"https:\\\/\\\/www.facebook.com\\\/BBQ-Entertainment-N-Catering-2437913376443540\",\"https:\\\/\\\/www.instagram.com\\\/bbqentertainmentncatering\\\/\",\"https:\\\/\\\/www.youtube.com\\\/channel\\\/UCmpuANQVhLy2Md8nrenp2jA\"]}]}<\/script>\n<!-- \/ Yoast SEO plugin. -->","yoast_head_json":{"title":"Peninuki Tuisk Vodka 700 ml 40% - BBQ Entertainment","robots":{"index":"index","follow":"follow","max-snippet":"max-snippet:-1","max-image-preview":"max-image-preview:large","max-video-preview":"max-video-preview:-1"},"canonical":"https:\/\/bbqentertainment.com\/toode\/peninuki-tuisk-vodka-700-ml-40\/","og_locale":"en_US","og_type":"article","og_title":"Peninuki Tuisk Vodka 700 ml 40% - BBQ Entertainment","og_description":"Peninuki Tuisk Vodka 700 ml 40%Avasta Eesti joogikultuuri p\u00e4randi tipptaset Peninuki Tuisk Vodkaga \u2013 erakordne kvaliteetviin, mis j\u00e4\u00e4dvustab p\u00f5hjamaade talve v\u00e4rskuse. Tuisk Vodka on valmistatud fraktsioneeriva destilleerimise meetodil, mis eemaldab alkoholi m\u00fcrgised komponendid, tagades seel\u00e4bi puhta ja t\u00e4iusliku kvaliteedi. Viimase lihvi annab h\u00f5be- ja s\u00f6efiltreerimine, mis lisab pehmust ja maitsekust.Maitse: karge ja v\u00e4rskendav, nagu p\u00f5hjamaade k\u00fclmad talvedKokteilisoovitus: puhtalt, Dirty MartiniKoostisosad: 100% Eesti rukkipiiritus, h\u00f5be- ja s\u00f6efiltreeritudPeninuki Distillery \u2013 oleme v\u00e4ikepartiina joogielamusi valmistav s\u00f5pruskond Tartus.BBQ Entertainment O\u00dc on Peninuki Distillery ametlik edasim\u00fc\u00fcja alates 2022.","og_url":"https:\/\/bbqentertainment.com\/toode\/peninuki-tuisk-vodka-700-ml-40\/","og_site_name":"BBQ Entertainment","article_publisher":"https:\/\/www.facebook.com\/BBQ-Entertainment-N-Catering-2437913376443540","article_modified_time":"2025-07-25T10:45:51+00:00","og_image":[{"width":1500,"height":1500,"url":"https:\/\/bbqentertainment.com\/wp-content\/uploads\/2024\/11\/Peninuki-Tuisk-Vodka-BBQ-Entertainment-1.jpg","type":"image\/jpeg"}],"twitter_card":"summary_large_image","schema":{"@context":"https:\/\/schema.org","@graph":[{"@type":["WebPage","ItemPage"],"@id":"https:\/\/bbqentertainment.com\/toode\/peninuki-tuisk-vodka-700-ml-40\/","url":"https:\/\/bbqentertainment.com\/toode\/peninuki-tuisk-vodka-700-ml-40\/","name":"Peninuki Tuisk Vodka 700 ml 40% - BBQ Entertainment","isPartOf":{"@id":"https:\/\/bbqentertainment.com\/#website"},"primaryImageOfPage":{"@id":"https:\/\/bbqentertainment.com\/toode\/peninuki-tuisk-vodka-700-ml-40\/#primaryimage"},"image":{"@id":"https:\/\/bbqentertainment.com\/toode\/peninuki-tuisk-vodka-700-ml-40\/#primaryimage"},"thumbnailUrl":"https:\/\/bbqentertainment.com\/wp-content\/uploads\/2024\/11\/Peninuki-Tuisk-Vodka-BBQ-Entertainment-1.jpg","datePublished":"2024-11-09T14:15:07+00:00","dateModified":"2025-07-25T10:45:51+00:00","breadcrumb":{"@id":"https:\/\/bbqentertainment.com\/toode\/peninuki-tuisk-vodka-700-ml-40\/#breadcrumb"},"inLanguage":"en-US","potentialAction":[{"@type":"ReadAction","target":["https:\/\/bbqentertainment.com\/toode\/peninuki-tuisk-vodka-700-ml-40\/"]}]},{"@type":"ImageObject","inLanguage":"en-US","@id":"https:\/\/bbqentertainment.com\/toode\/peninuki-tuisk-vodka-700-ml-40\/#primaryimage","url":"https:\/\/bbqentertainment.com\/wp-content\/uploads\/2024\/11\/Peninuki-Tuisk-Vodka-BBQ-Entertainment-1.jpg","contentUrl":"https:\/\/bbqentertainment.com\/wp-content\/uploads\/2024\/11\/Peninuki-Tuisk-Vodka-BBQ-Entertainment-1.jpg","width":1500,"height":1500},{"@type":"BreadcrumbList","@id":"https:\/\/bbqentertainment.com\/toode\/peninuki-tuisk-vodka-700-ml-40\/#breadcrumb","itemListElement":[{"@type":"ListItem","position":1,"name":"AVALEHT","item":"https:\/\/bbqentertainment.com\/en\/"},{"@type":"ListItem","position":2,"name":"Tooted","item":"https:\/\/bbqentertainment.com\/tooted\/"},{"@type":"ListItem","position":3,"name":"Joogid","item":"https:\/\/bbqentertainment.com\/tootekategooria\/joogid\/"},{"@type":"ListItem","position":4,"name":"D\u017dINNID","item":"https:\/\/bbqentertainment.com\/tootekategooria\/joogid\/dzinnid\/"},{"@type":"ListItem","position":5,"name":"Peninuki","item":"https:\/\/bbqentertainment.com\/tootekategooria\/joogid\/dzinnid\/peninuki\/"},{"@type":"ListItem","position":6,"name":"Peninuki Tuisk Vodka 700 ml 40%"}]},{"@type":"WebSite","@id":"https:\/\/bbqentertainment.com\/#website","url":"https:\/\/bbqentertainment.com\/","name":"BBQ Entertainment","description":"BBQ is a great lifestyle, not just fun!","publisher":{"@id":"https:\/\/bbqentertainment.com\/#organization"},"potentialAction":[{"@type":"SearchAction","target":{"@type":"EntryPoint","urlTemplate":"https:\/\/bbqentertainment.com\/?s={search_term_string}"},"query-input":{"@type":"PropertyValueSpecification","valueRequired":true,"valueName":"search_term_string"}}],"inLanguage":"en-US"},{"@type":"Organization","@id":"https:\/\/bbqentertainment.com\/#organization","name":"BBQ Entertainment O\u00dc","url":"https:\/\/bbqentertainment.com\/","logo":{"@type":"ImageObject","inLanguage":"en-US","@id":"https:\/\/bbqentertainment.com\/#\/schema\/logo\/image\/","url":"https:\/\/bbqentertainment.com\/wp-content\/uploads\/2020\/04\/BBQ-Entertainment-N-Catering-Enn-Tobreluts-Logo.png","contentUrl":"https:\/\/bbqentertainment.com\/wp-content\/uploads\/2020\/04\/BBQ-Entertainment-N-Catering-Enn-Tobreluts-Logo.png","width":628,"height":266,"caption":"BBQ Entertainment O\u00dc"},"image":{"@id":"https:\/\/bbqentertainment.com\/#\/schema\/logo\/image\/"},"sameAs":["https:\/\/www.facebook.com\/BBQ-Entertainment-N-Catering-2437913376443540","https:\/\/www.instagram.com\/bbqentertainmentncatering\/","https:\/\/www.youtube.com\/channel\/UCmpuANQVhLy2Md8nrenp2jA"]}]}},"_links":{"self":[{"href":"https:\/\/bbqentertainment.com\/en\/wp-json\/wp\/v2\/product\/249228","targetHints":{"allow":["GET"]}}],"collection":[{"href":"https:\/\/bbqentertainment.com\/en\/wp-json\/wp\/v2\/product"}],"about":[{"href":"https:\/\/bbqentertainment.com\/en\/wp-json\/wp\/v2\/types\/product"}],"wp:featuredmedia":[{"embeddable":true,"href":"https:\/\/bbqentertainment.com\/en\/wp-json\/wp\/v2\/media\/249254"}],"wp:attachment":[{"href":"https:\/\/bbqentertainment.com\/en\/wp-json\/wp\/v2\/media?parent=249228"}],"wp:term":[{"taxonomy":"product_brand","embeddable":true,"href":"https:\/\/bbqentertainment.com\/en\/wp-json\/wp\/v2\/product_brand?post=249228"},{"taxonomy":"product_cat","embeddable":true,"href":"https:\/\/bbqentertainment.com\/en\/wp-json\/wp\/v2\/product_cat?post=249228"},{"taxonomy":"product_tag","embeddable":true,"href":"https:\/\/bbqentertainment.com\/en\/wp-json\/wp\/v2\/product_tag?post=249228"}],"curies":[{"name":"wp","href":"https:\/\/api.w.org\/{rel}","templated":true}]}}