{"id":249230,"date":"2024-11-09T16:15:07","date_gmt":"2024-11-09T14:15:07","guid":{"rendered":"https:\/\/bbqentertainment.com\/toode\/peninuki-forst-no2-premium-tume-rumm-700-ml-40\/"},"modified":"2025-08-04T16:39:56","modified_gmt":"2025-08-04T13:39:56","slug":"peninuki-forst-no2-premium-tume-rumm-700-ml-40","status":"publish","type":"product","link":"https:\/\/bbqentertainment.com\/en\/toode\/peninuki-forst-no2-premium-tume-rumm-700-ml-40\/","title":{"rendered":"Peninuki F\u00f8rst No2 premium tume rumm 700 ml 40%"},"content":{"rendered":"","protected":false},"excerpt":{"rendered":"<h3>Peninuki F\u00f8rst No2 premium tume rumm 700 ml 40%<\/h3>\n<ul>\n<li>Avasta Eesti esimese tume rummi, Peninuki F\u00f8rst No2, rikkalik maitsemaailm. Selles joogis saavad kokku esmaklassiline destilleerimine ja Paraguay mahemelass, mis annavad unikaalse naturaalselt magusa ja karamellise maitse. L\u00f5puks lisab tammelaagerdus rummile s\u00fcgavama iseloomu, kus maitsed harmooniliselt segunevad ja k\u00fcpsevad.<\/li>\n<li>Maitse: naturaalselt magus ja karamelline, tammelaagerdusel omandatud s\u00fcgav iseloom<\/li>\n<li>Kokteilisoovitus: puhtalt j\u00e4\u00e4ga, klassikalised rummikokteilid<\/li>\n<li>Koostisosad: Paraguay mahemelass, tammelaagerdus<\/li>\n<li>Peninuki Distillery \u2013 oleme v\u00e4ikepartiina joogielamusi valmistav s\u00f5pruskond Tartus.<\/li>\n<li>BBQ Entertainment O\u00dc on Peninuki Distillery ametlik edasim\u00fc\u00fcja alates 2022.<\/li>\n<\/ul>\n","protected":false},"featured_media":249260,"template":"","meta":{"inline_featured_image":false},"product_brand":[],"product_cat":[280,510,508],"product_tag":[],"class_list":{"0":"post-249230","1":"product","2":"type-product","3":"status-publish","4":"has-post-thumbnail","6":"product_cat-joogid","7":"product_cat-rummid","8":"product_cat-peninuki","10":"first","11":"instock","12":"taxable","13":"shipping-taxable","14":"purchasable","15":"product-type-simple"},"yoast_head":"<!-- This site is optimized with the Yoast SEO plugin v27.4 - https:\/\/yoast.com\/product\/yoast-seo-wordpress\/ -->\n<title>Peninuki F\u00f8rst No2 premium tume rumm 700 ml 40% - BBQ Entertainment<\/title>\n<meta name=\"robots\" content=\"index, follow, max-snippet:-1, max-image-preview:large, max-video-preview:-1\" \/>\n<link rel=\"canonical\" href=\"https:\/\/bbqentertainment.com\/toode\/peninuki-forst-no2-premium-tume-rumm-700-ml-40\/\" \/>\n<meta property=\"og:locale\" content=\"en_US\" \/>\n<meta property=\"og:type\" content=\"article\" \/>\n<meta property=\"og:title\" content=\"Peninuki F\u00f8rst No2 premium tume rumm 700 ml 40% - BBQ Entertainment\" \/>\n<meta property=\"og:description\" content=\"Peninuki F\u00f8rst No2 premium tume rumm 700 ml 40%Avasta Eesti esimese tume rummi, Peninuki F\u00f8rst No2, rikkalik maitsemaailm. Selles joogis saavad kokku esmaklassiline destilleerimine ja Paraguay mahemelass, mis annavad unikaalse naturaalselt magusa ja karamellise maitse. L\u00f5puks lisab tammelaagerdus rummile s\u00fcgavama iseloomu, kus maitsed harmooniliselt segunevad ja k\u00fcpsevad.Maitse: naturaalselt magus ja karamelline, tammelaagerdusel omandatud s\u00fcgav iseloomKokteilisoovitus: puhtalt j\u00e4\u00e4ga, klassikalised rummikokteilidKoostisosad: Paraguay mahemelass, tammelaagerdusPeninuki Distillery \u2013 oleme v\u00e4ikepartiina joogielamusi valmistav s\u00f5pruskond Tartus.BBQ Entertainment O\u00dc on Peninuki Distillery ametlik edasim\u00fc\u00fcja alates 2022.\" \/>\n<meta property=\"og:url\" content=\"https:\/\/bbqentertainment.com\/toode\/peninuki-forst-no2-premium-tume-rumm-700-ml-40\/\" \/>\n<meta property=\"og:site_name\" content=\"BBQ Entertainment\" \/>\n<meta property=\"article:publisher\" content=\"https:\/\/www.facebook.com\/BBQ-Entertainment-N-Catering-2437913376443540\" \/>\n<meta property=\"article:modified_time\" content=\"2025-08-04T13:39:56+00:00\" \/>\n<meta property=\"og:image\" content=\"https:\/\/bbqentertainment.com\/wp-content\/uploads\/2024\/11\/Peninuki-Forst-No2-premium-tume-rumm-BBQ-Entertainment.jpg\" \/>\n\t<meta property=\"og:image:width\" content=\"1500\" \/>\n\t<meta property=\"og:image:height\" content=\"1500\" \/>\n\t<meta property=\"og:image:type\" content=\"image\/jpeg\" \/>\n<meta name=\"twitter:card\" content=\"summary_large_image\" \/>\n<meta name=\"twitter:label1\" content=\"Est. reading time\" \/>\n\t<meta name=\"twitter:data1\" content=\"1 minute\" \/>\n<script type=\"application\/ld+json\" class=\"yoast-schema-graph\">{\"@context\":\"https:\\\/\\\/schema.org\",\"@graph\":[{\"@type\":[\"WebPage\",\"ItemPage\"],\"@id\":\"https:\\\/\\\/bbqentertainment.com\\\/toode\\\/peninuki-forst-no2-premium-tume-rumm-700-ml-40\\\/\",\"url\":\"https:\\\/\\\/bbqentertainment.com\\\/toode\\\/peninuki-forst-no2-premium-tume-rumm-700-ml-40\\\/\",\"name\":\"Peninuki F\u00f8rst No2 premium tume rumm 700 ml 40% - BBQ Entertainment\",\"isPartOf\":{\"@id\":\"https:\\\/\\\/bbqentertainment.com\\\/#website\"},\"primaryImageOfPage\":{\"@id\":\"https:\\\/\\\/bbqentertainment.com\\\/toode\\\/peninuki-forst-no2-premium-tume-rumm-700-ml-40\\\/#primaryimage\"},\"image\":{\"@id\":\"https:\\\/\\\/bbqentertainment.com\\\/toode\\\/peninuki-forst-no2-premium-tume-rumm-700-ml-40\\\/#primaryimage\"},\"thumbnailUrl\":\"https:\\\/\\\/bbqentertainment.com\\\/wp-content\\\/uploads\\\/2024\\\/11\\\/Peninuki-Forst-No2-premium-tume-rumm-BBQ-Entertainment.jpg\",\"datePublished\":\"2024-11-09T14:15:07+00:00\",\"dateModified\":\"2025-08-04T13:39:56+00:00\",\"breadcrumb\":{\"@id\":\"https:\\\/\\\/bbqentertainment.com\\\/toode\\\/peninuki-forst-no2-premium-tume-rumm-700-ml-40\\\/#breadcrumb\"},\"inLanguage\":\"en-US\",\"potentialAction\":[{\"@type\":\"ReadAction\",\"target\":[\"https:\\\/\\\/bbqentertainment.com\\\/toode\\\/peninuki-forst-no2-premium-tume-rumm-700-ml-40\\\/\"]}]},{\"@type\":\"ImageObject\",\"inLanguage\":\"en-US\",\"@id\":\"https:\\\/\\\/bbqentertainment.com\\\/toode\\\/peninuki-forst-no2-premium-tume-rumm-700-ml-40\\\/#primaryimage\",\"url\":\"https:\\\/\\\/bbqentertainment.com\\\/wp-content\\\/uploads\\\/2024\\\/11\\\/Peninuki-Forst-No2-premium-tume-rumm-BBQ-Entertainment.jpg\",\"contentUrl\":\"https:\\\/\\\/bbqentertainment.com\\\/wp-content\\\/uploads\\\/2024\\\/11\\\/Peninuki-Forst-No2-premium-tume-rumm-BBQ-Entertainment.jpg\",\"width\":1500,\"height\":1500},{\"@type\":\"BreadcrumbList\",\"@id\":\"https:\\\/\\\/bbqentertainment.com\\\/toode\\\/peninuki-forst-no2-premium-tume-rumm-700-ml-40\\\/#breadcrumb\",\"itemListElement\":[{\"@type\":\"ListItem\",\"position\":1,\"name\":\"AVALEHT\",\"item\":\"https:\\\/\\\/bbqentertainment.com\\\/en\\\/\"},{\"@type\":\"ListItem\",\"position\":2,\"name\":\"Tooted\",\"item\":\"https:\\\/\\\/bbqentertainment.com\\\/tooted\\\/\"},{\"@type\":\"ListItem\",\"position\":3,\"name\":\"Joogid\",\"item\":\"https:\\\/\\\/bbqentertainment.com\\\/tootekategooria\\\/joogid\\\/\"},{\"@type\":\"ListItem\",\"position\":4,\"name\":\"D\u017dINNID\",\"item\":\"https:\\\/\\\/bbqentertainment.com\\\/tootekategooria\\\/joogid\\\/dzinnid\\\/\"},{\"@type\":\"ListItem\",\"position\":5,\"name\":\"Peninuki\",\"item\":\"https:\\\/\\\/bbqentertainment.com\\\/tootekategooria\\\/joogid\\\/dzinnid\\\/peninuki\\\/\"},{\"@type\":\"ListItem\",\"position\":6,\"name\":\"Peninuki F\u00f8rst No2 premium tume rumm 700 ml 40%\"}]},{\"@type\":\"WebSite\",\"@id\":\"https:\\\/\\\/bbqentertainment.com\\\/#website\",\"url\":\"https:\\\/\\\/bbqentertainment.com\\\/\",\"name\":\"BBQ Entertainment\",\"description\":\"BBQ is a great lifestyle, not just fun!\",\"publisher\":{\"@id\":\"https:\\\/\\\/bbqentertainment.com\\\/#organization\"},\"potentialAction\":[{\"@type\":\"SearchAction\",\"target\":{\"@type\":\"EntryPoint\",\"urlTemplate\":\"https:\\\/\\\/bbqentertainment.com\\\/?s={search_term_string}\"},\"query-input\":{\"@type\":\"PropertyValueSpecification\",\"valueRequired\":true,\"valueName\":\"search_term_string\"}}],\"inLanguage\":\"en-US\"},{\"@type\":\"Organization\",\"@id\":\"https:\\\/\\\/bbqentertainment.com\\\/#organization\",\"name\":\"BBQ Entertainment O\u00dc\",\"url\":\"https:\\\/\\\/bbqentertainment.com\\\/\",\"logo\":{\"@type\":\"ImageObject\",\"inLanguage\":\"en-US\",\"@id\":\"https:\\\/\\\/bbqentertainment.com\\\/#\\\/schema\\\/logo\\\/image\\\/\",\"url\":\"https:\\\/\\\/bbqentertainment.com\\\/wp-content\\\/uploads\\\/2020\\\/04\\\/BBQ-Entertainment-N-Catering-Enn-Tobreluts-Logo.png\",\"contentUrl\":\"https:\\\/\\\/bbqentertainment.com\\\/wp-content\\\/uploads\\\/2020\\\/04\\\/BBQ-Entertainment-N-Catering-Enn-Tobreluts-Logo.png\",\"width\":628,\"height\":266,\"caption\":\"BBQ Entertainment O\u00dc\"},\"image\":{\"@id\":\"https:\\\/\\\/bbqentertainment.com\\\/#\\\/schema\\\/logo\\\/image\\\/\"},\"sameAs\":[\"https:\\\/\\\/www.facebook.com\\\/BBQ-Entertainment-N-Catering-2437913376443540\",\"https:\\\/\\\/www.instagram.com\\\/bbqentertainmentncatering\\\/\",\"https:\\\/\\\/www.youtube.com\\\/channel\\\/UCmpuANQVhLy2Md8nrenp2jA\"]}]}<\/script>\n<!-- \/ Yoast SEO plugin. -->","yoast_head_json":{"title":"Peninuki F\u00f8rst No2 premium tume rumm 700 ml 40% - BBQ Entertainment","robots":{"index":"index","follow":"follow","max-snippet":"max-snippet:-1","max-image-preview":"max-image-preview:large","max-video-preview":"max-video-preview:-1"},"canonical":"https:\/\/bbqentertainment.com\/toode\/peninuki-forst-no2-premium-tume-rumm-700-ml-40\/","og_locale":"en_US","og_type":"article","og_title":"Peninuki F\u00f8rst No2 premium tume rumm 700 ml 40% - BBQ Entertainment","og_description":"Peninuki F\u00f8rst No2 premium tume rumm 700 ml 40%Avasta Eesti esimese tume rummi, Peninuki F\u00f8rst No2, rikkalik maitsemaailm. Selles joogis saavad kokku esmaklassiline destilleerimine ja Paraguay mahemelass, mis annavad unikaalse naturaalselt magusa ja karamellise maitse. L\u00f5puks lisab tammelaagerdus rummile s\u00fcgavama iseloomu, kus maitsed harmooniliselt segunevad ja k\u00fcpsevad.Maitse: naturaalselt magus ja karamelline, tammelaagerdusel omandatud s\u00fcgav iseloomKokteilisoovitus: puhtalt j\u00e4\u00e4ga, klassikalised rummikokteilidKoostisosad: Paraguay mahemelass, tammelaagerdusPeninuki Distillery \u2013 oleme v\u00e4ikepartiina joogielamusi valmistav s\u00f5pruskond Tartus.BBQ Entertainment O\u00dc on Peninuki Distillery ametlik edasim\u00fc\u00fcja alates 2022.","og_url":"https:\/\/bbqentertainment.com\/toode\/peninuki-forst-no2-premium-tume-rumm-700-ml-40\/","og_site_name":"BBQ Entertainment","article_publisher":"https:\/\/www.facebook.com\/BBQ-Entertainment-N-Catering-2437913376443540","article_modified_time":"2025-08-04T13:39:56+00:00","og_image":[{"width":1500,"height":1500,"url":"https:\/\/bbqentertainment.com\/wp-content\/uploads\/2024\/11\/Peninuki-Forst-No2-premium-tume-rumm-BBQ-Entertainment.jpg","type":"image\/jpeg"}],"twitter_card":"summary_large_image","twitter_misc":{"Est. reading time":"1 minute"},"schema":{"@context":"https:\/\/schema.org","@graph":[{"@type":["WebPage","ItemPage"],"@id":"https:\/\/bbqentertainment.com\/toode\/peninuki-forst-no2-premium-tume-rumm-700-ml-40\/","url":"https:\/\/bbqentertainment.com\/toode\/peninuki-forst-no2-premium-tume-rumm-700-ml-40\/","name":"Peninuki F\u00f8rst No2 premium tume rumm 700 ml 40% - BBQ Entertainment","isPartOf":{"@id":"https:\/\/bbqentertainment.com\/#website"},"primaryImageOfPage":{"@id":"https:\/\/bbqentertainment.com\/toode\/peninuki-forst-no2-premium-tume-rumm-700-ml-40\/#primaryimage"},"image":{"@id":"https:\/\/bbqentertainment.com\/toode\/peninuki-forst-no2-premium-tume-rumm-700-ml-40\/#primaryimage"},"thumbnailUrl":"https:\/\/bbqentertainment.com\/wp-content\/uploads\/2024\/11\/Peninuki-Forst-No2-premium-tume-rumm-BBQ-Entertainment.jpg","datePublished":"2024-11-09T14:15:07+00:00","dateModified":"2025-08-04T13:39:56+00:00","breadcrumb":{"@id":"https:\/\/bbqentertainment.com\/toode\/peninuki-forst-no2-premium-tume-rumm-700-ml-40\/#breadcrumb"},"inLanguage":"en-US","potentialAction":[{"@type":"ReadAction","target":["https:\/\/bbqentertainment.com\/toode\/peninuki-forst-no2-premium-tume-rumm-700-ml-40\/"]}]},{"@type":"ImageObject","inLanguage":"en-US","@id":"https:\/\/bbqentertainment.com\/toode\/peninuki-forst-no2-premium-tume-rumm-700-ml-40\/#primaryimage","url":"https:\/\/bbqentertainment.com\/wp-content\/uploads\/2024\/11\/Peninuki-Forst-No2-premium-tume-rumm-BBQ-Entertainment.jpg","contentUrl":"https:\/\/bbqentertainment.com\/wp-content\/uploads\/2024\/11\/Peninuki-Forst-No2-premium-tume-rumm-BBQ-Entertainment.jpg","width":1500,"height":1500},{"@type":"BreadcrumbList","@id":"https:\/\/bbqentertainment.com\/toode\/peninuki-forst-no2-premium-tume-rumm-700-ml-40\/#breadcrumb","itemListElement":[{"@type":"ListItem","position":1,"name":"AVALEHT","item":"https:\/\/bbqentertainment.com\/en\/"},{"@type":"ListItem","position":2,"name":"Tooted","item":"https:\/\/bbqentertainment.com\/tooted\/"},{"@type":"ListItem","position":3,"name":"Joogid","item":"https:\/\/bbqentertainment.com\/tootekategooria\/joogid\/"},{"@type":"ListItem","position":4,"name":"D\u017dINNID","item":"https:\/\/bbqentertainment.com\/tootekategooria\/joogid\/dzinnid\/"},{"@type":"ListItem","position":5,"name":"Peninuki","item":"https:\/\/bbqentertainment.com\/tootekategooria\/joogid\/dzinnid\/peninuki\/"},{"@type":"ListItem","position":6,"name":"Peninuki F\u00f8rst No2 premium tume rumm 700 ml 40%"}]},{"@type":"WebSite","@id":"https:\/\/bbqentertainment.com\/#website","url":"https:\/\/bbqentertainment.com\/","name":"BBQ Entertainment","description":"BBQ is a great lifestyle, not just fun!","publisher":{"@id":"https:\/\/bbqentertainment.com\/#organization"},"potentialAction":[{"@type":"SearchAction","target":{"@type":"EntryPoint","urlTemplate":"https:\/\/bbqentertainment.com\/?s={search_term_string}"},"query-input":{"@type":"PropertyValueSpecification","valueRequired":true,"valueName":"search_term_string"}}],"inLanguage":"en-US"},{"@type":"Organization","@id":"https:\/\/bbqentertainment.com\/#organization","name":"BBQ Entertainment O\u00dc","url":"https:\/\/bbqentertainment.com\/","logo":{"@type":"ImageObject","inLanguage":"en-US","@id":"https:\/\/bbqentertainment.com\/#\/schema\/logo\/image\/","url":"https:\/\/bbqentertainment.com\/wp-content\/uploads\/2020\/04\/BBQ-Entertainment-N-Catering-Enn-Tobreluts-Logo.png","contentUrl":"https:\/\/bbqentertainment.com\/wp-content\/uploads\/2020\/04\/BBQ-Entertainment-N-Catering-Enn-Tobreluts-Logo.png","width":628,"height":266,"caption":"BBQ Entertainment O\u00dc"},"image":{"@id":"https:\/\/bbqentertainment.com\/#\/schema\/logo\/image\/"},"sameAs":["https:\/\/www.facebook.com\/BBQ-Entertainment-N-Catering-2437913376443540","https:\/\/www.instagram.com\/bbqentertainmentncatering\/","https:\/\/www.youtube.com\/channel\/UCmpuANQVhLy2Md8nrenp2jA"]}]}},"_links":{"self":[{"href":"https:\/\/bbqentertainment.com\/en\/wp-json\/wp\/v2\/product\/249230","targetHints":{"allow":["GET"]}}],"collection":[{"href":"https:\/\/bbqentertainment.com\/en\/wp-json\/wp\/v2\/product"}],"about":[{"href":"https:\/\/bbqentertainment.com\/en\/wp-json\/wp\/v2\/types\/product"}],"wp:featuredmedia":[{"embeddable":true,"href":"https:\/\/bbqentertainment.com\/en\/wp-json\/wp\/v2\/media\/249260"}],"wp:attachment":[{"href":"https:\/\/bbqentertainment.com\/en\/wp-json\/wp\/v2\/media?parent=249230"}],"wp:term":[{"taxonomy":"product_brand","embeddable":true,"href":"https:\/\/bbqentertainment.com\/en\/wp-json\/wp\/v2\/product_brand?post=249230"},{"taxonomy":"product_cat","embeddable":true,"href":"https:\/\/bbqentertainment.com\/en\/wp-json\/wp\/v2\/product_cat?post=249230"},{"taxonomy":"product_tag","embeddable":true,"href":"https:\/\/bbqentertainment.com\/en\/wp-json\/wp\/v2\/product_tag?post=249230"}],"curies":[{"name":"wp","href":"https:\/\/api.w.org\/{rel}","templated":true}]}}