{"id":249231,"date":"2024-11-09T16:15:08","date_gmt":"2024-11-09T14:15:08","guid":{"rendered":"https:\/\/bbqentertainment.com\/toode\/franklin-bbq-rub-maitseainesegu-170g\/"},"modified":"2025-07-25T13:45:45","modified_gmt":"2025-07-25T10:45:45","slug":"franklin-bbq-rub-maitseainesegu-170g","status":"publish","type":"product","link":"https:\/\/bbqentertainment.com\/en\/toode\/franklin-bbq-rub-maitseainesegu-170g\/","title":{"rendered":"Franklin BBQ Rub maitseainesegu 170g"},"content":{"rendered":"","protected":false},"excerpt":{"rendered":"<h3>Franklin BBQ Rub maitseainesegu 170g<\/h3>\n<p>Avasta t\u00f5elise BBQ kunsti maitse Franklin BBQ Rub maitseaineseguga. See maailmakuulus rub on ideaalne valik neile, kes hindavad klassikalisi ja autentseid aroome. Franklin BBQ, tuntud oma muljetavaldavate brisketite poolest, pakub sulle ainulaadset maitsekombinatsiooni, mis \u00fchendab soola, k\u00fc\u00fcslaugu ja sibula koos n\u00fcansirikaste paprikate ja v\u00fcrtsidega. Shiitake seene- ja tomatipulber lisavad sellele segu t\u00e4idlase ja s\u00fcgava maitsekihi, tekitades t\u00f5elise nostalgia- v\u00f5i vanakooli elamuse. Sobib suurep\u00e4raselt igasuguse grilli- ja BBQ meistri varustusse! \u00c4rge j\u00e4tke seda v\u00f5imalust kasutamata nautida midagi t\u00f5eliselt erilist. Tutvu n\u00fc\u00fcd allahindlusega ja \u00fchenda oma grillikogemus autentse Ameerika BBQ h\u00f5nguga!<\/p>\n","protected":false},"featured_media":249267,"template":"","meta":{"inline_featured_image":false},"product_brand":[],"product_cat":[28,491],"product_tag":[],"class_list":{"0":"post-249231","1":"product","2":"type-product","3":"status-publish","4":"has-post-thumbnail","6":"product_cat-maitseandjad","7":"product_cat-ameerika-bbq-rubid-kastmed","9":"first","10":"instock","11":"taxable","12":"shipping-taxable","13":"purchasable","14":"product-type-simple"},"yoast_head":"<!-- This site is optimized with the Yoast SEO plugin v27.4 - https:\/\/yoast.com\/product\/yoast-seo-wordpress\/ -->\n<title>Franklin BBQ Rub maitseainesegu 170g - BBQ Entertainment<\/title>\n<meta name=\"robots\" content=\"index, follow, max-snippet:-1, max-image-preview:large, max-video-preview:-1\" \/>\n<link rel=\"canonical\" href=\"https:\/\/bbqentertainment.com\/toode\/franklin-bbq-rub-maitseainesegu-170g\/\" \/>\n<meta property=\"og:locale\" content=\"en_US\" \/>\n<meta property=\"og:type\" content=\"article\" \/>\n<meta property=\"og:title\" content=\"Franklin BBQ Rub maitseainesegu 170g - BBQ Entertainment\" \/>\n<meta property=\"og:description\" content=\"Franklin BBQ Rub maitseainesegu 170g Avasta t\u00f5elise BBQ kunsti maitse Franklin BBQ Rub maitseaineseguga. See maailmakuulus rub on ideaalne valik neile, kes hindavad klassikalisi ja autentseid aroome. Franklin BBQ, tuntud oma muljetavaldavate brisketite poolest, pakub sulle ainulaadset maitsekombinatsiooni, mis \u00fchendab soola, k\u00fc\u00fcslaugu ja sibula koos n\u00fcansirikaste paprikate ja v\u00fcrtsidega. Shiitake seene- ja tomatipulber lisavad sellele segu t\u00e4idlase ja s\u00fcgava maitsekihi, tekitades t\u00f5elise nostalgia- v\u00f5i vanakooli elamuse. Sobib suurep\u00e4raselt igasuguse grilli- ja BBQ meistri varustusse! \u00c4rge j\u00e4tke seda v\u00f5imalust kasutamata nautida midagi t\u00f5eliselt erilist. Tutvu n\u00fc\u00fcd allahindlusega ja \u00fchenda oma grillikogemus autentse Ameerika BBQ h\u00f5nguga!\" \/>\n<meta property=\"og:url\" content=\"https:\/\/bbqentertainment.com\/toode\/franklin-bbq-rub-maitseainesegu-170g\/\" \/>\n<meta property=\"og:site_name\" content=\"BBQ Entertainment\" \/>\n<meta property=\"article:publisher\" content=\"https:\/\/www.facebook.com\/BBQ-Entertainment-N-Catering-2437913376443540\" \/>\n<meta property=\"article:modified_time\" content=\"2025-07-25T10:45:45+00:00\" \/>\n<meta property=\"og:image\" content=\"https:\/\/bbqentertainment.com\/wp-content\/uploads\/2024\/11\/franklinspice.png\" \/>\n\t<meta property=\"og:image:width\" content=\"1080\" \/>\n\t<meta property=\"og:image:height\" content=\"1080\" \/>\n\t<meta property=\"og:image:type\" content=\"image\/png\" \/>\n<meta name=\"twitter:card\" content=\"summary_large_image\" \/>\n<script type=\"application\/ld+json\" class=\"yoast-schema-graph\">{\"@context\":\"https:\\\/\\\/schema.org\",\"@graph\":[{\"@type\":[\"WebPage\",\"ItemPage\"],\"@id\":\"https:\\\/\\\/bbqentertainment.com\\\/toode\\\/franklin-bbq-rub-maitseainesegu-170g\\\/\",\"url\":\"https:\\\/\\\/bbqentertainment.com\\\/toode\\\/franklin-bbq-rub-maitseainesegu-170g\\\/\",\"name\":\"Franklin BBQ Rub maitseainesegu 170g - BBQ Entertainment\",\"isPartOf\":{\"@id\":\"https:\\\/\\\/bbqentertainment.com\\\/#website\"},\"primaryImageOfPage\":{\"@id\":\"https:\\\/\\\/bbqentertainment.com\\\/toode\\\/franklin-bbq-rub-maitseainesegu-170g\\\/#primaryimage\"},\"image\":{\"@id\":\"https:\\\/\\\/bbqentertainment.com\\\/toode\\\/franklin-bbq-rub-maitseainesegu-170g\\\/#primaryimage\"},\"thumbnailUrl\":\"https:\\\/\\\/bbqentertainment.com\\\/wp-content\\\/uploads\\\/2024\\\/11\\\/franklinspice.png\",\"datePublished\":\"2024-11-09T14:15:08+00:00\",\"dateModified\":\"2025-07-25T10:45:45+00:00\",\"breadcrumb\":{\"@id\":\"https:\\\/\\\/bbqentertainment.com\\\/toode\\\/franklin-bbq-rub-maitseainesegu-170g\\\/#breadcrumb\"},\"inLanguage\":\"en-US\",\"potentialAction\":[{\"@type\":\"ReadAction\",\"target\":[\"https:\\\/\\\/bbqentertainment.com\\\/toode\\\/franklin-bbq-rub-maitseainesegu-170g\\\/\"]}]},{\"@type\":\"ImageObject\",\"inLanguage\":\"en-US\",\"@id\":\"https:\\\/\\\/bbqentertainment.com\\\/toode\\\/franklin-bbq-rub-maitseainesegu-170g\\\/#primaryimage\",\"url\":\"https:\\\/\\\/bbqentertainment.com\\\/wp-content\\\/uploads\\\/2024\\\/11\\\/franklinspice.png\",\"contentUrl\":\"https:\\\/\\\/bbqentertainment.com\\\/wp-content\\\/uploads\\\/2024\\\/11\\\/franklinspice.png\",\"width\":1080,\"height\":1080},{\"@type\":\"BreadcrumbList\",\"@id\":\"https:\\\/\\\/bbqentertainment.com\\\/toode\\\/franklin-bbq-rub-maitseainesegu-170g\\\/#breadcrumb\",\"itemListElement\":[{\"@type\":\"ListItem\",\"position\":1,\"name\":\"AVALEHT\",\"item\":\"https:\\\/\\\/bbqentertainment.com\\\/en\\\/\"},{\"@type\":\"ListItem\",\"position\":2,\"name\":\"Tooted\",\"item\":\"https:\\\/\\\/bbqentertainment.com\\\/tooted\\\/\"},{\"@type\":\"ListItem\",\"position\":3,\"name\":\"Maitseandjad\",\"item\":\"https:\\\/\\\/bbqentertainment.com\\\/en\\\/tootekategooria\\\/maitseandjad\\\/\"},{\"@type\":\"ListItem\",\"position\":4,\"name\":\"AMEERIKA BBQ RUBID \\\/ KASTMED\",\"item\":\"https:\\\/\\\/bbqentertainment.com\\\/tootekategooria\\\/maitseandjad\\\/ameerika-bbq-rubid-kastmed\\\/\"},{\"@type\":\"ListItem\",\"position\":5,\"name\":\"Franklin BBQ Rub maitseainesegu 170g\"}]},{\"@type\":\"WebSite\",\"@id\":\"https:\\\/\\\/bbqentertainment.com\\\/#website\",\"url\":\"https:\\\/\\\/bbqentertainment.com\\\/\",\"name\":\"BBQ Entertainment\",\"description\":\"BBQ is a great lifestyle, not just fun!\",\"publisher\":{\"@id\":\"https:\\\/\\\/bbqentertainment.com\\\/#organization\"},\"potentialAction\":[{\"@type\":\"SearchAction\",\"target\":{\"@type\":\"EntryPoint\",\"urlTemplate\":\"https:\\\/\\\/bbqentertainment.com\\\/?s={search_term_string}\"},\"query-input\":{\"@type\":\"PropertyValueSpecification\",\"valueRequired\":true,\"valueName\":\"search_term_string\"}}],\"inLanguage\":\"en-US\"},{\"@type\":\"Organization\",\"@id\":\"https:\\\/\\\/bbqentertainment.com\\\/#organization\",\"name\":\"BBQ Entertainment O\u00dc\",\"url\":\"https:\\\/\\\/bbqentertainment.com\\\/\",\"logo\":{\"@type\":\"ImageObject\",\"inLanguage\":\"en-US\",\"@id\":\"https:\\\/\\\/bbqentertainment.com\\\/#\\\/schema\\\/logo\\\/image\\\/\",\"url\":\"https:\\\/\\\/bbqentertainment.com\\\/wp-content\\\/uploads\\\/2020\\\/04\\\/BBQ-Entertainment-N-Catering-Enn-Tobreluts-Logo.png\",\"contentUrl\":\"https:\\\/\\\/bbqentertainment.com\\\/wp-content\\\/uploads\\\/2020\\\/04\\\/BBQ-Entertainment-N-Catering-Enn-Tobreluts-Logo.png\",\"width\":628,\"height\":266,\"caption\":\"BBQ Entertainment O\u00dc\"},\"image\":{\"@id\":\"https:\\\/\\\/bbqentertainment.com\\\/#\\\/schema\\\/logo\\\/image\\\/\"},\"sameAs\":[\"https:\\\/\\\/www.facebook.com\\\/BBQ-Entertainment-N-Catering-2437913376443540\",\"https:\\\/\\\/www.instagram.com\\\/bbqentertainmentncatering\\\/\",\"https:\\\/\\\/www.youtube.com\\\/channel\\\/UCmpuANQVhLy2Md8nrenp2jA\"]}]}<\/script>\n<!-- \/ Yoast SEO plugin. -->","yoast_head_json":{"title":"Franklin BBQ Rub maitseainesegu 170g - BBQ Entertainment","robots":{"index":"index","follow":"follow","max-snippet":"max-snippet:-1","max-image-preview":"max-image-preview:large","max-video-preview":"max-video-preview:-1"},"canonical":"https:\/\/bbqentertainment.com\/toode\/franklin-bbq-rub-maitseainesegu-170g\/","og_locale":"en_US","og_type":"article","og_title":"Franklin BBQ Rub maitseainesegu 170g - BBQ Entertainment","og_description":"Franklin BBQ Rub maitseainesegu 170g Avasta t\u00f5elise BBQ kunsti maitse Franklin BBQ Rub maitseaineseguga. See maailmakuulus rub on ideaalne valik neile, kes hindavad klassikalisi ja autentseid aroome. Franklin BBQ, tuntud oma muljetavaldavate brisketite poolest, pakub sulle ainulaadset maitsekombinatsiooni, mis \u00fchendab soola, k\u00fc\u00fcslaugu ja sibula koos n\u00fcansirikaste paprikate ja v\u00fcrtsidega. Shiitake seene- ja tomatipulber lisavad sellele segu t\u00e4idlase ja s\u00fcgava maitsekihi, tekitades t\u00f5elise nostalgia- v\u00f5i vanakooli elamuse. Sobib suurep\u00e4raselt igasuguse grilli- ja BBQ meistri varustusse! \u00c4rge j\u00e4tke seda v\u00f5imalust kasutamata nautida midagi t\u00f5eliselt erilist. Tutvu n\u00fc\u00fcd allahindlusega ja \u00fchenda oma grillikogemus autentse Ameerika BBQ h\u00f5nguga!","og_url":"https:\/\/bbqentertainment.com\/toode\/franklin-bbq-rub-maitseainesegu-170g\/","og_site_name":"BBQ Entertainment","article_publisher":"https:\/\/www.facebook.com\/BBQ-Entertainment-N-Catering-2437913376443540","article_modified_time":"2025-07-25T10:45:45+00:00","og_image":[{"width":1080,"height":1080,"url":"https:\/\/bbqentertainment.com\/wp-content\/uploads\/2024\/11\/franklinspice.png","type":"image\/png"}],"twitter_card":"summary_large_image","schema":{"@context":"https:\/\/schema.org","@graph":[{"@type":["WebPage","ItemPage"],"@id":"https:\/\/bbqentertainment.com\/toode\/franklin-bbq-rub-maitseainesegu-170g\/","url":"https:\/\/bbqentertainment.com\/toode\/franklin-bbq-rub-maitseainesegu-170g\/","name":"Franklin BBQ Rub maitseainesegu 170g - BBQ Entertainment","isPartOf":{"@id":"https:\/\/bbqentertainment.com\/#website"},"primaryImageOfPage":{"@id":"https:\/\/bbqentertainment.com\/toode\/franklin-bbq-rub-maitseainesegu-170g\/#primaryimage"},"image":{"@id":"https:\/\/bbqentertainment.com\/toode\/franklin-bbq-rub-maitseainesegu-170g\/#primaryimage"},"thumbnailUrl":"https:\/\/bbqentertainment.com\/wp-content\/uploads\/2024\/11\/franklinspice.png","datePublished":"2024-11-09T14:15:08+00:00","dateModified":"2025-07-25T10:45:45+00:00","breadcrumb":{"@id":"https:\/\/bbqentertainment.com\/toode\/franklin-bbq-rub-maitseainesegu-170g\/#breadcrumb"},"inLanguage":"en-US","potentialAction":[{"@type":"ReadAction","target":["https:\/\/bbqentertainment.com\/toode\/franklin-bbq-rub-maitseainesegu-170g\/"]}]},{"@type":"ImageObject","inLanguage":"en-US","@id":"https:\/\/bbqentertainment.com\/toode\/franklin-bbq-rub-maitseainesegu-170g\/#primaryimage","url":"https:\/\/bbqentertainment.com\/wp-content\/uploads\/2024\/11\/franklinspice.png","contentUrl":"https:\/\/bbqentertainment.com\/wp-content\/uploads\/2024\/11\/franklinspice.png","width":1080,"height":1080},{"@type":"BreadcrumbList","@id":"https:\/\/bbqentertainment.com\/toode\/franklin-bbq-rub-maitseainesegu-170g\/#breadcrumb","itemListElement":[{"@type":"ListItem","position":1,"name":"AVALEHT","item":"https:\/\/bbqentertainment.com\/en\/"},{"@type":"ListItem","position":2,"name":"Tooted","item":"https:\/\/bbqentertainment.com\/tooted\/"},{"@type":"ListItem","position":3,"name":"Maitseandjad","item":"https:\/\/bbqentertainment.com\/en\/tootekategooria\/maitseandjad\/"},{"@type":"ListItem","position":4,"name":"AMEERIKA BBQ RUBID \/ KASTMED","item":"https:\/\/bbqentertainment.com\/tootekategooria\/maitseandjad\/ameerika-bbq-rubid-kastmed\/"},{"@type":"ListItem","position":5,"name":"Franklin BBQ Rub maitseainesegu 170g"}]},{"@type":"WebSite","@id":"https:\/\/bbqentertainment.com\/#website","url":"https:\/\/bbqentertainment.com\/","name":"BBQ Entertainment","description":"BBQ is a great lifestyle, not just fun!","publisher":{"@id":"https:\/\/bbqentertainment.com\/#organization"},"potentialAction":[{"@type":"SearchAction","target":{"@type":"EntryPoint","urlTemplate":"https:\/\/bbqentertainment.com\/?s={search_term_string}"},"query-input":{"@type":"PropertyValueSpecification","valueRequired":true,"valueName":"search_term_string"}}],"inLanguage":"en-US"},{"@type":"Organization","@id":"https:\/\/bbqentertainment.com\/#organization","name":"BBQ Entertainment O\u00dc","url":"https:\/\/bbqentertainment.com\/","logo":{"@type":"ImageObject","inLanguage":"en-US","@id":"https:\/\/bbqentertainment.com\/#\/schema\/logo\/image\/","url":"https:\/\/bbqentertainment.com\/wp-content\/uploads\/2020\/04\/BBQ-Entertainment-N-Catering-Enn-Tobreluts-Logo.png","contentUrl":"https:\/\/bbqentertainment.com\/wp-content\/uploads\/2020\/04\/BBQ-Entertainment-N-Catering-Enn-Tobreluts-Logo.png","width":628,"height":266,"caption":"BBQ Entertainment O\u00dc"},"image":{"@id":"https:\/\/bbqentertainment.com\/#\/schema\/logo\/image\/"},"sameAs":["https:\/\/www.facebook.com\/BBQ-Entertainment-N-Catering-2437913376443540","https:\/\/www.instagram.com\/bbqentertainmentncatering\/","https:\/\/www.youtube.com\/channel\/UCmpuANQVhLy2Md8nrenp2jA"]}]}},"_links":{"self":[{"href":"https:\/\/bbqentertainment.com\/en\/wp-json\/wp\/v2\/product\/249231","targetHints":{"allow":["GET"]}}],"collection":[{"href":"https:\/\/bbqentertainment.com\/en\/wp-json\/wp\/v2\/product"}],"about":[{"href":"https:\/\/bbqentertainment.com\/en\/wp-json\/wp\/v2\/types\/product"}],"wp:featuredmedia":[{"embeddable":true,"href":"https:\/\/bbqentertainment.com\/en\/wp-json\/wp\/v2\/media\/249267"}],"wp:attachment":[{"href":"https:\/\/bbqentertainment.com\/en\/wp-json\/wp\/v2\/media?parent=249231"}],"wp:term":[{"taxonomy":"product_brand","embeddable":true,"href":"https:\/\/bbqentertainment.com\/en\/wp-json\/wp\/v2\/product_brand?post=249231"},{"taxonomy":"product_cat","embeddable":true,"href":"https:\/\/bbqentertainment.com\/en\/wp-json\/wp\/v2\/product_cat?post=249231"},{"taxonomy":"product_tag","embeddable":true,"href":"https:\/\/bbqentertainment.com\/en\/wp-json\/wp\/v2\/product_tag?post=249231"}],"curies":[{"name":"wp","href":"https:\/\/api.w.org\/{rel}","templated":true}]}}