{"id":249360,"date":"2024-11-09T17:47:26","date_gmt":"2024-11-09T15:47:26","guid":{"rendered":"https:\/\/bbqentertainment.com\/?post_type=product&#038;p=249360"},"modified":"2026-02-05T15:25:10","modified_gmt":"2026-02-05T13:25:10","slug":"grillep-poogipuust-grillplank-45x15x1-cm-2-tk-kartongpakis","status":"publish","type":"product","link":"https:\/\/bbqentertainment.com\/en\/toode\/grillep-poogipuust-grillplank-45x15x1-cm-2-tk-kartongpakis\/","title":{"rendered":"GRILLEP P\u00d6\u00d6GIPUUST GRILLPLANGUD 45x15x1 cm (2 tk kartongpakis)"},"content":{"rendered":"","protected":false},"excerpt":{"rendered":"<h3><strong>GRILLEP P\u00d6\u00d6GIPUUST GRILLPLANGUD 45x15x1 cm (2 tk kartongpakis)<\/strong><\/h3>\n<p>M\u00f5\u00f5dult ideaalsed terve l\u00f5hefilee grillil grillimiseks. Sobib k\u00f5ikidele grillidele. P\u00f6\u00f6gipuu suitsul on \u00f5rn kuni keskmise tugevusega pehme ja kergelt magus maitse. See ei ole liiga tugev, mist\u00f5ttu sobib suurep\u00e4raselt v\u00e4ga erinevate toitudele, sealhulgas kalale, lihale ja k\u00f6\u00f6giviljadele.<\/p>\n","protected":false},"featured_media":250848,"template":"","meta":{"inline_featured_image":false},"product_brand":[],"product_cat":[92,479,22,26,301,32],"product_tag":[],"class_list":{"0":"post-249360","1":"product","2":"type-product","3":"status-publish","4":"has-post-thumbnail","6":"product_cat-lisatarvikud","7":"product_cat-grillitarvikud","8":"product_cat-grillplank","9":"product_cat-puidulaastud-ja-tukid","10":"product_cat-kinkekarp","11":"product_cat-kinkekarbid","13":"first","14":"instock","15":"taxable","16":"shipping-taxable","17":"purchasable","18":"product-type-simple"},"yoast_head":"<!-- This site is optimized with the Yoast SEO plugin v27.4 - https:\/\/yoast.com\/product\/yoast-seo-wordpress\/ -->\n<title>GRILLEP P\u00d6\u00d6GIPUUST GRILLPLANGUD 45x15x1 cm (2 tk kartongpakis) - BBQ Entertainment<\/title>\n<meta name=\"robots\" content=\"index, follow, max-snippet:-1, max-image-preview:large, max-video-preview:-1\" \/>\n<link rel=\"canonical\" href=\"https:\/\/bbqentertainment.com\/toode\/grillep-poogipuust-grillplank-45x15x1-cm-2-tk-kartongpakis\/\" \/>\n<meta property=\"og:locale\" content=\"en_US\" \/>\n<meta property=\"og:type\" content=\"article\" \/>\n<meta property=\"og:title\" content=\"GRILLEP P\u00d6\u00d6GIPUUST GRILLPLANGUD 45x15x1 cm (2 tk kartongpakis) - BBQ Entertainment\" \/>\n<meta property=\"og:description\" content=\"GRILLEP P\u00d6\u00d6GIPUUST GRILLPLANGUD 45x15x1 cm (2 tk kartongpakis) M\u00f5\u00f5dult ideaalsed terve l\u00f5hefilee grillil grillimiseks. Sobib k\u00f5ikidele grillidele. P\u00f6\u00f6gipuu suitsul on \u00f5rn kuni keskmise tugevusega pehme ja kergelt magus maitse. See ei ole liiga tugev, mist\u00f5ttu sobib suurep\u00e4raselt v\u00e4ga erinevate toitudele, sealhulgas kalale, lihale ja k\u00f6\u00f6giviljadele.\" \/>\n<meta property=\"og:url\" content=\"https:\/\/bbqentertainment.com\/toode\/grillep-poogipuust-grillplank-45x15x1-cm-2-tk-kartongpakis\/\" \/>\n<meta property=\"og:site_name\" content=\"BBQ Entertainment\" \/>\n<meta property=\"article:publisher\" content=\"https:\/\/www.facebook.com\/BBQ-Entertainment-N-Catering-2437913376443540\" \/>\n<meta property=\"article:modified_time\" content=\"2026-02-05T13:25:10+00:00\" \/>\n<meta property=\"og:image\" content=\"https:\/\/bbqentertainment.com\/wp-content\/uploads\/2024\/09\/GRILLEP-poogipuidust-grill-plangud-Beech-Wood-Grilling-Planks-45-x-15-x-1-cm-2-pcs-per-carton-pack.jpg\" \/>\n\t<meta property=\"og:image:width\" content=\"1200\" \/>\n\t<meta property=\"og:image:height\" content=\"1200\" \/>\n\t<meta property=\"og:image:type\" content=\"image\/jpeg\" \/>\n<meta name=\"twitter:card\" content=\"summary_large_image\" \/>\n<meta name=\"twitter:label1\" content=\"Est. reading time\" \/>\n\t<meta name=\"twitter:data1\" content=\"1 minute\" \/>\n<script type=\"application\/ld+json\" class=\"yoast-schema-graph\">{\"@context\":\"https:\\\/\\\/schema.org\",\"@graph\":[{\"@type\":[\"WebPage\",\"ItemPage\"],\"@id\":\"https:\\\/\\\/bbqentertainment.com\\\/toode\\\/grillep-poogipuust-grillplank-45x15x1-cm-2-tk-kartongpakis\\\/\",\"url\":\"https:\\\/\\\/bbqentertainment.com\\\/toode\\\/grillep-poogipuust-grillplank-45x15x1-cm-2-tk-kartongpakis\\\/\",\"name\":\"GRILLEP P\u00d6\u00d6GIPUUST GRILLPLANGUD 45x15x1 cm (2 tk kartongpakis) - BBQ Entertainment\",\"isPartOf\":{\"@id\":\"https:\\\/\\\/bbqentertainment.com\\\/#website\"},\"primaryImageOfPage\":{\"@id\":\"https:\\\/\\\/bbqentertainment.com\\\/toode\\\/grillep-poogipuust-grillplank-45x15x1-cm-2-tk-kartongpakis\\\/#primaryimage\"},\"image\":{\"@id\":\"https:\\\/\\\/bbqentertainment.com\\\/toode\\\/grillep-poogipuust-grillplank-45x15x1-cm-2-tk-kartongpakis\\\/#primaryimage\"},\"thumbnailUrl\":\"https:\\\/\\\/bbqentertainment.com\\\/wp-content\\\/uploads\\\/2024\\\/09\\\/GRILLEP-poogipuidust-grill-plangud-Beech-Wood-Grilling-Planks-45-x-15-x-1-cm-2-pcs-per-carton-pack.jpg\",\"datePublished\":\"2024-11-09T15:47:26+00:00\",\"dateModified\":\"2026-02-05T13:25:10+00:00\",\"breadcrumb\":{\"@id\":\"https:\\\/\\\/bbqentertainment.com\\\/toode\\\/grillep-poogipuust-grillplank-45x15x1-cm-2-tk-kartongpakis\\\/#breadcrumb\"},\"inLanguage\":\"en-US\",\"potentialAction\":[{\"@type\":\"ReadAction\",\"target\":[\"https:\\\/\\\/bbqentertainment.com\\\/toode\\\/grillep-poogipuust-grillplank-45x15x1-cm-2-tk-kartongpakis\\\/\"]}]},{\"@type\":\"ImageObject\",\"inLanguage\":\"en-US\",\"@id\":\"https:\\\/\\\/bbqentertainment.com\\\/toode\\\/grillep-poogipuust-grillplank-45x15x1-cm-2-tk-kartongpakis\\\/#primaryimage\",\"url\":\"https:\\\/\\\/bbqentertainment.com\\\/wp-content\\\/uploads\\\/2024\\\/09\\\/GRILLEP-poogipuidust-grill-plangud-Beech-Wood-Grilling-Planks-45-x-15-x-1-cm-2-pcs-per-carton-pack.jpg\",\"contentUrl\":\"https:\\\/\\\/bbqentertainment.com\\\/wp-content\\\/uploads\\\/2024\\\/09\\\/GRILLEP-poogipuidust-grill-plangud-Beech-Wood-Grilling-Planks-45-x-15-x-1-cm-2-pcs-per-carton-pack.jpg\",\"width\":1200,\"height\":1200},{\"@type\":\"BreadcrumbList\",\"@id\":\"https:\\\/\\\/bbqentertainment.com\\\/toode\\\/grillep-poogipuust-grillplank-45x15x1-cm-2-tk-kartongpakis\\\/#breadcrumb\",\"itemListElement\":[{\"@type\":\"ListItem\",\"position\":1,\"name\":\"AVALEHT\",\"item\":\"https:\\\/\\\/bbqentertainment.com\\\/en\\\/\"},{\"@type\":\"ListItem\",\"position\":2,\"name\":\"Tooted\",\"item\":\"https:\\\/\\\/bbqentertainment.com\\\/tooted\\\/\"},{\"@type\":\"ListItem\",\"position\":3,\"name\":\"Lisatarvikud\",\"item\":\"https:\\\/\\\/bbqentertainment.com\\\/tootekategooria\\\/lisatarvikud\\\/\"},{\"@type\":\"ListItem\",\"position\":4,\"name\":\"Grillplank\",\"item\":\"https:\\\/\\\/bbqentertainment.com\\\/tootekategooria\\\/lisatarvikud\\\/grillplank\\\/\"},{\"@type\":\"ListItem\",\"position\":5,\"name\":\"GRILLEP P\u00d6\u00d6GIPUUST GRILLPLANGUD 45x15x1 cm (2 tk kartongpakis)\"}]},{\"@type\":\"WebSite\",\"@id\":\"https:\\\/\\\/bbqentertainment.com\\\/#website\",\"url\":\"https:\\\/\\\/bbqentertainment.com\\\/\",\"name\":\"BBQ Entertainment\",\"description\":\"BBQ is a great lifestyle, not just fun!\",\"publisher\":{\"@id\":\"https:\\\/\\\/bbqentertainment.com\\\/#organization\"},\"potentialAction\":[{\"@type\":\"SearchAction\",\"target\":{\"@type\":\"EntryPoint\",\"urlTemplate\":\"https:\\\/\\\/bbqentertainment.com\\\/?s={search_term_string}\"},\"query-input\":{\"@type\":\"PropertyValueSpecification\",\"valueRequired\":true,\"valueName\":\"search_term_string\"}}],\"inLanguage\":\"en-US\"},{\"@type\":\"Organization\",\"@id\":\"https:\\\/\\\/bbqentertainment.com\\\/#organization\",\"name\":\"BBQ Entertainment O\u00dc\",\"url\":\"https:\\\/\\\/bbqentertainment.com\\\/\",\"logo\":{\"@type\":\"ImageObject\",\"inLanguage\":\"en-US\",\"@id\":\"https:\\\/\\\/bbqentertainment.com\\\/#\\\/schema\\\/logo\\\/image\\\/\",\"url\":\"https:\\\/\\\/bbqentertainment.com\\\/wp-content\\\/uploads\\\/2020\\\/04\\\/BBQ-Entertainment-N-Catering-Enn-Tobreluts-Logo.png\",\"contentUrl\":\"https:\\\/\\\/bbqentertainment.com\\\/wp-content\\\/uploads\\\/2020\\\/04\\\/BBQ-Entertainment-N-Catering-Enn-Tobreluts-Logo.png\",\"width\":628,\"height\":266,\"caption\":\"BBQ Entertainment O\u00dc\"},\"image\":{\"@id\":\"https:\\\/\\\/bbqentertainment.com\\\/#\\\/schema\\\/logo\\\/image\\\/\"},\"sameAs\":[\"https:\\\/\\\/www.facebook.com\\\/BBQ-Entertainment-N-Catering-2437913376443540\",\"https:\\\/\\\/www.instagram.com\\\/bbqentertainmentncatering\\\/\",\"https:\\\/\\\/www.youtube.com\\\/channel\\\/UCmpuANQVhLy2Md8nrenp2jA\"]}]}<\/script>\n<!-- \/ Yoast SEO plugin. -->","yoast_head_json":{"title":"GRILLEP P\u00d6\u00d6GIPUUST GRILLPLANGUD 45x15x1 cm (2 tk kartongpakis) - BBQ Entertainment","robots":{"index":"index","follow":"follow","max-snippet":"max-snippet:-1","max-image-preview":"max-image-preview:large","max-video-preview":"max-video-preview:-1"},"canonical":"https:\/\/bbqentertainment.com\/toode\/grillep-poogipuust-grillplank-45x15x1-cm-2-tk-kartongpakis\/","og_locale":"en_US","og_type":"article","og_title":"GRILLEP P\u00d6\u00d6GIPUUST GRILLPLANGUD 45x15x1 cm (2 tk kartongpakis) - BBQ Entertainment","og_description":"GRILLEP P\u00d6\u00d6GIPUUST GRILLPLANGUD 45x15x1 cm (2 tk kartongpakis) M\u00f5\u00f5dult ideaalsed terve l\u00f5hefilee grillil grillimiseks. Sobib k\u00f5ikidele grillidele. P\u00f6\u00f6gipuu suitsul on \u00f5rn kuni keskmise tugevusega pehme ja kergelt magus maitse. See ei ole liiga tugev, mist\u00f5ttu sobib suurep\u00e4raselt v\u00e4ga erinevate toitudele, sealhulgas kalale, lihale ja k\u00f6\u00f6giviljadele.","og_url":"https:\/\/bbqentertainment.com\/toode\/grillep-poogipuust-grillplank-45x15x1-cm-2-tk-kartongpakis\/","og_site_name":"BBQ Entertainment","article_publisher":"https:\/\/www.facebook.com\/BBQ-Entertainment-N-Catering-2437913376443540","article_modified_time":"2026-02-05T13:25:10+00:00","og_image":[{"width":1200,"height":1200,"url":"https:\/\/bbqentertainment.com\/wp-content\/uploads\/2024\/09\/GRILLEP-poogipuidust-grill-plangud-Beech-Wood-Grilling-Planks-45-x-15-x-1-cm-2-pcs-per-carton-pack.jpg","type":"image\/jpeg"}],"twitter_card":"summary_large_image","twitter_misc":{"Est. reading time":"1 minute"},"schema":{"@context":"https:\/\/schema.org","@graph":[{"@type":["WebPage","ItemPage"],"@id":"https:\/\/bbqentertainment.com\/toode\/grillep-poogipuust-grillplank-45x15x1-cm-2-tk-kartongpakis\/","url":"https:\/\/bbqentertainment.com\/toode\/grillep-poogipuust-grillplank-45x15x1-cm-2-tk-kartongpakis\/","name":"GRILLEP P\u00d6\u00d6GIPUUST GRILLPLANGUD 45x15x1 cm (2 tk kartongpakis) - BBQ Entertainment","isPartOf":{"@id":"https:\/\/bbqentertainment.com\/#website"},"primaryImageOfPage":{"@id":"https:\/\/bbqentertainment.com\/toode\/grillep-poogipuust-grillplank-45x15x1-cm-2-tk-kartongpakis\/#primaryimage"},"image":{"@id":"https:\/\/bbqentertainment.com\/toode\/grillep-poogipuust-grillplank-45x15x1-cm-2-tk-kartongpakis\/#primaryimage"},"thumbnailUrl":"https:\/\/bbqentertainment.com\/wp-content\/uploads\/2024\/09\/GRILLEP-poogipuidust-grill-plangud-Beech-Wood-Grilling-Planks-45-x-15-x-1-cm-2-pcs-per-carton-pack.jpg","datePublished":"2024-11-09T15:47:26+00:00","dateModified":"2026-02-05T13:25:10+00:00","breadcrumb":{"@id":"https:\/\/bbqentertainment.com\/toode\/grillep-poogipuust-grillplank-45x15x1-cm-2-tk-kartongpakis\/#breadcrumb"},"inLanguage":"en-US","potentialAction":[{"@type":"ReadAction","target":["https:\/\/bbqentertainment.com\/toode\/grillep-poogipuust-grillplank-45x15x1-cm-2-tk-kartongpakis\/"]}]},{"@type":"ImageObject","inLanguage":"en-US","@id":"https:\/\/bbqentertainment.com\/toode\/grillep-poogipuust-grillplank-45x15x1-cm-2-tk-kartongpakis\/#primaryimage","url":"https:\/\/bbqentertainment.com\/wp-content\/uploads\/2024\/09\/GRILLEP-poogipuidust-grill-plangud-Beech-Wood-Grilling-Planks-45-x-15-x-1-cm-2-pcs-per-carton-pack.jpg","contentUrl":"https:\/\/bbqentertainment.com\/wp-content\/uploads\/2024\/09\/GRILLEP-poogipuidust-grill-plangud-Beech-Wood-Grilling-Planks-45-x-15-x-1-cm-2-pcs-per-carton-pack.jpg","width":1200,"height":1200},{"@type":"BreadcrumbList","@id":"https:\/\/bbqentertainment.com\/toode\/grillep-poogipuust-grillplank-45x15x1-cm-2-tk-kartongpakis\/#breadcrumb","itemListElement":[{"@type":"ListItem","position":1,"name":"AVALEHT","item":"https:\/\/bbqentertainment.com\/en\/"},{"@type":"ListItem","position":2,"name":"Tooted","item":"https:\/\/bbqentertainment.com\/tooted\/"},{"@type":"ListItem","position":3,"name":"Lisatarvikud","item":"https:\/\/bbqentertainment.com\/tootekategooria\/lisatarvikud\/"},{"@type":"ListItem","position":4,"name":"Grillplank","item":"https:\/\/bbqentertainment.com\/tootekategooria\/lisatarvikud\/grillplank\/"},{"@type":"ListItem","position":5,"name":"GRILLEP P\u00d6\u00d6GIPUUST GRILLPLANGUD 45x15x1 cm (2 tk kartongpakis)"}]},{"@type":"WebSite","@id":"https:\/\/bbqentertainment.com\/#website","url":"https:\/\/bbqentertainment.com\/","name":"BBQ Entertainment","description":"BBQ is a great lifestyle, not just fun!","publisher":{"@id":"https:\/\/bbqentertainment.com\/#organization"},"potentialAction":[{"@type":"SearchAction","target":{"@type":"EntryPoint","urlTemplate":"https:\/\/bbqentertainment.com\/?s={search_term_string}"},"query-input":{"@type":"PropertyValueSpecification","valueRequired":true,"valueName":"search_term_string"}}],"inLanguage":"en-US"},{"@type":"Organization","@id":"https:\/\/bbqentertainment.com\/#organization","name":"BBQ Entertainment O\u00dc","url":"https:\/\/bbqentertainment.com\/","logo":{"@type":"ImageObject","inLanguage":"en-US","@id":"https:\/\/bbqentertainment.com\/#\/schema\/logo\/image\/","url":"https:\/\/bbqentertainment.com\/wp-content\/uploads\/2020\/04\/BBQ-Entertainment-N-Catering-Enn-Tobreluts-Logo.png","contentUrl":"https:\/\/bbqentertainment.com\/wp-content\/uploads\/2020\/04\/BBQ-Entertainment-N-Catering-Enn-Tobreluts-Logo.png","width":628,"height":266,"caption":"BBQ Entertainment O\u00dc"},"image":{"@id":"https:\/\/bbqentertainment.com\/#\/schema\/logo\/image\/"},"sameAs":["https:\/\/www.facebook.com\/BBQ-Entertainment-N-Catering-2437913376443540","https:\/\/www.instagram.com\/bbqentertainmentncatering\/","https:\/\/www.youtube.com\/channel\/UCmpuANQVhLy2Md8nrenp2jA"]}]}},"_links":{"self":[{"href":"https:\/\/bbqentertainment.com\/en\/wp-json\/wp\/v2\/product\/249360","targetHints":{"allow":["GET"]}}],"collection":[{"href":"https:\/\/bbqentertainment.com\/en\/wp-json\/wp\/v2\/product"}],"about":[{"href":"https:\/\/bbqentertainment.com\/en\/wp-json\/wp\/v2\/types\/product"}],"wp:featuredmedia":[{"embeddable":true,"href":"https:\/\/bbqentertainment.com\/en\/wp-json\/wp\/v2\/media\/250848"}],"wp:attachment":[{"href":"https:\/\/bbqentertainment.com\/en\/wp-json\/wp\/v2\/media?parent=249360"}],"wp:term":[{"taxonomy":"product_brand","embeddable":true,"href":"https:\/\/bbqentertainment.com\/en\/wp-json\/wp\/v2\/product_brand?post=249360"},{"taxonomy":"product_cat","embeddable":true,"href":"https:\/\/bbqentertainment.com\/en\/wp-json\/wp\/v2\/product_cat?post=249360"},{"taxonomy":"product_tag","embeddable":true,"href":"https:\/\/bbqentertainment.com\/en\/wp-json\/wp\/v2\/product_tag?post=249360"}],"curies":[{"name":"wp","href":"https:\/\/api.w.org\/{rel}","templated":true}]}}