{"id":249716,"date":"2024-11-28T10:32:37","date_gmt":"2024-11-28T08:32:37","guid":{"rendered":"https:\/\/bbqentertainment.com\/?post_type=product&#038;p=249716"},"modified":"2026-03-11T14:25:00","modified_gmt":"2026-03-11T12:25:00","slug":"demo-kamado-joe-konnected-joe-digitaalne-keraamiline-grillahi","status":"publish","type":"product","link":"https:\/\/bbqentertainment.com\/en\/toode\/demo-kamado-joe-konnected-joe-digitaalne-keraamiline-grillahi\/","title":{"rendered":"DEMO grillahi Kamado Joe \u00ae KONNECTED JOE\u2122 &#8211; digitaalne keraamiline grillahi (kasutamata, salongimudel)"},"content":{"rendered":"<div class=\"row\"  id=\"row-1648051459\">\r\n\r\n\n\t<div id=\"col-2044608459\" class=\"col small-12 large-12\"  >\n\t\t\t\t<div class=\"col-inner\"  >\n\t\t\t\n\t\t\t\r\n<h2>GRILLIMISE TULEVIK - KONNECTED JOE\u2122 DIGITAALNE KERAAMILINE S\u00d6EGRILL JA SUITSUAHI K\u00d5IK \u00dcHES!<\/h2>\r\nKogege uut keraamilise grillimise ajastut Kamado Joe Konnected Joe\u2122 digitaalse s\u00f6egrilliga. Konnected Joe\u2122 teeb grills\u00fcte s\u00fc\u00fctamise lihtsaks. Vajutage lihtsalt automaatse s\u00fc\u00fctamise (AFS\u2122) nuppu, et s\u00fc\u00fcdata s\u00f6ed. Seadistage soovitud k\u00fcpsetustemperatuur digitaalse Kontrol Board\u2122-i v\u00f5i Kamado Joe rakenduse abil ja laske Kontrol Fan\u2122-l teha \u00fclej\u00e4\u00e4nud t\u00f6\u00f6. Mitme toiduvalmistamisfunktsiooni abil v\u00f5imaldab Konnected Joe\u2122 nautida Kamado grillimist parimal moel. Automaatne k\u00fcpsetusre\u017eiim pakub t\u00e4ielikku digitaalset kontrolli v\u00f5i proovige hoopis traditsioonilise Kamado-kogemuse saamiseks klassikalist re\u017eiimi ilma automaatikata.\r\n<h2>T\u00c4IS FUNKTSIOONE!<\/h2>\r\n<ul>\r\n \t<li>WiFi'ga keraamiline grillahi<\/li>\r\n \t<li>AFS (Automatic Fire Starter) nupp, millega saab s\u00f6ed koheselt s\u00fc\u00fcdata<\/li>\r\n \t<li>Digitaalne kontrollpaneel temperatuurigraafikute, hoiatuste ja mitme k\u00fcpsetusre\u017eiimi jaoks<\/li>\r\n \t<li>Kasutage Kamado Joe rakendust temperatuuri ja aja m\u00e4\u00e4ramiseks, lihatunnuste j\u00e4lgimiseks ja uute retseptide avastamiseks<\/li>\r\n \t<li>Kontrol Fan hoiab automaatselt teie soovitud temperatuuri 107\u00b0C kuni 370\u00b0C juures<\/li>\r\n \t<li>Automaatne k\u00fcpsetusre\u017eiim digitaalselt \u00fchendatud toiduvalmistamiseks v\u00f5i manuaalne k\u00fcpsetusre\u017eiim traditsioonilise kamado grillimise jaoks<\/li>\r\n \t<li>Kontrol Tower\u2122 \u00fclemine ventilaator s\u00e4ilitab \u00fchtlase \u00f5huseade kaane avamise ja sulgemise ajal<\/li>\r\n \t<li>Sisaldab t\u00f5stek\u00e4epidemeid grilli lihtsaks ja ohutuks t\u00f5stmiseks<\/li>\r\n \t<li>Air Lift\u2122 Hinge v\u00e4hendab oluliselt kupli st grillikaane kaalu<\/li>\r\n \t<li>2-tasandiline Divide &amp; Conquer multifunktsionaalne k\u00fcpsetuss\u00fcsteem erinevate toitude k\u00fcpsetamiseks erinevatel temperatuuridel<\/li>\r\n \t<li>Raske ja tugev pulberv\u00e4rvitud terasest grilliraam lukustuvate ratastega<\/li>\r\n \t<li>Muud lisatud funktsioonid ja tarvikud: roostevabast terasest kaanesulgur, Advanced Multi-panel (AMP) tulekolle, roostevabast terasest k\u00fcpsetusrestid, kokkupandavad alumiiniumist k\u00fcljeriiulid, tuharoop, kuumuse deflektorid (poolkuu kiviplaadid), tarvikutelg ja 1 lihasond.<\/li>\r\n \t<li>Konnected Joe\u2122 \u00fchildub v\u00e4lik\u00f6\u00f6kidega, st saab kasutada ka nn <em>Stand Alone<\/em>'na. T\u00e4psemate \u00fcksikasjade saamiseks vaadake kasutusjuhendit.<\/li>\r\n \t<li>\u00dchildub vastavalt Classic \/ Big Joe\u2122 katte ja tarvikutega, kuid ei \u00fchildu s\u00f6ekorviga.<\/li>\r\n<\/ul>\r\nKuumuse vahemik: 100\u00b0C kuni 400\u00b0C. Ahju saab kasutada nii automaatsena kui ka manuaalsena. St automaatne temperatuuri s\u00fcsteem on m\u00f5eldud eesk\u00e4tt madalal temperatuuril k\u00fcpsetamiseks koos kuumusejagajatega kuni 150 kraadi vms. Kui ahju temperatuur on 200 C ja rohkem ehk siis otse s\u00fcte kohal ilma kuumusejagajata k\u00fcpsetamine - sel juhul soovitame kasutada manuaalset temperatuuri juhtimist (avada ventilatisoooni avad alt ja \u00fclevalt) ja automaatika v\u00e4lja l\u00fclitada.\r\n\r\n<span style=\"text-decoration: underline;\">NB!<\/span> Kamado Joe keraamilistele osadele kehtib piiratud eluaegne garantii (garantiitingimused: www.kamadojoe.com \/ https:\/\/bbqentertainment.com\/kamado-joe\/garantii\/); sh keraamilistele plaatidele, soojusdeflektoritele ja pitsakividele 3 aastat; metall- ja malmosadele 5 aastat; termomeetrile ja tihenditele 1 aasta garantiid.\r\n\r\n<div class=\"row align-middle\"  id=\"row-2000597652\">\r\n\r\n\n\t<div id=\"col-655403531\" class=\"col medium-6 small-12 large-6\"  >\n\t\t\t\t<div class=\"col-inner\"  >\n\t\t\t\n\t\t\t\r\n\r\n\t<div class=\"img has-hover x md-x lg-x y md-y lg-y\" id=\"image_200567937\">\n\t\t\t\t\t\t\t\t<div class=\"img-inner dark\" >\n\t\t\t<img loading=\"lazy\" decoding=\"async\" width=\"910\" height=\"500\" src=\"https:\/\/bbqentertainment.com\/wp-content\/uploads\/2023\/08\/AFS-Automatic-Fire-Starter-nupu-abil-saad-soed-suudata-nuud-vaid-uhe-vajutusega.webp\" class=\"attachment-large size-large\" alt=\"\" srcset=\"https:\/\/bbqentertainment.com\/wp-content\/uploads\/2023\/08\/AFS-Automatic-Fire-Starter-nupu-abil-saad-soed-suudata-nuud-vaid-uhe-vajutusega.webp 910w, https:\/\/bbqentertainment.com\/wp-content\/uploads\/2023\/08\/AFS-Automatic-Fire-Starter-nupu-abil-saad-soed-suudata-nuud-vaid-uhe-vajutusega-700x385.webp 700w, https:\/\/bbqentertainment.com\/wp-content\/uploads\/2023\/08\/AFS-Automatic-Fire-Starter-nupu-abil-saad-soed-suudata-nuud-vaid-uhe-vajutusega-600x330.webp 600w, https:\/\/bbqentertainment.com\/wp-content\/uploads\/2023\/08\/AFS-Automatic-Fire-Starter-nupu-abil-saad-soed-suudata-nuud-vaid-uhe-vajutusega-768x422.webp 768w\" sizes=\"auto, (max-width: 910px) 100vw, 910px\" \/>\t\t\t\t\t\t\n\t\t\t\t\t<\/div>\n\t\t\t\t\t\t\t\t\n<style>\n#image_200567937 {\n  width: 100%;\n}\n<\/style>\n\t<\/div>\n\t\r\n\r\n\t\t<\/div>\n\t\t\t\t\t<\/div>\n\n\t\r\n\n\t<div id=\"col-1161114021\" class=\"col medium-6 small-12 large-6\"  >\n\t\t\t\t<div class=\"col-inner\"  >\n\t\t\t\n\t\t\t\r\n<h2><strong>AFS (AUTOMATIC FIRE STARTER) NUPU ABIL SAAD GRILLS\u00d6ED S\u00dc\u00dcDATA N\u00dc\u00dcD VAID \u00dcHE VAJUTUSEGA.<\/strong><\/h2>\r\n\t\t<\/div>\n\t\t\t\t\t<\/div>\n\n\t\r\n\r\n<\/div>\r\n<div class=\"row align-middle\"  id=\"row-941587208\">\r\n\r\n\n\t<div id=\"col-1664965978\" class=\"col medium-6 small-12 large-6\"  >\n\t\t\t\t<div class=\"col-inner\"  >\n\t\t\t\n\t\t\t\r\n\r\n\t<div class=\"img has-hover x md-x lg-x y md-y lg-y\" id=\"image_881567408\">\n\t\t\t\t\t\t\t\t<div class=\"img-inner dark\" >\n\t\t\t<img loading=\"lazy\" decoding=\"async\" width=\"910\" height=\"500\" src=\"https:\/\/bbqentertainment.com\/wp-content\/uploads\/2023\/08\/Kontrol-Boardi-korgekvaliteediline-digitaalne-juhtpaneel.webp\" class=\"attachment-large size-large\" alt=\"\" srcset=\"https:\/\/bbqentertainment.com\/wp-content\/uploads\/2023\/08\/Kontrol-Boardi-korgekvaliteediline-digitaalne-juhtpaneel.webp 910w, https:\/\/bbqentertainment.com\/wp-content\/uploads\/2023\/08\/Kontrol-Boardi-korgekvaliteediline-digitaalne-juhtpaneel-700x385.webp 700w, https:\/\/bbqentertainment.com\/wp-content\/uploads\/2023\/08\/Kontrol-Boardi-korgekvaliteediline-digitaalne-juhtpaneel-600x330.webp 600w, https:\/\/bbqentertainment.com\/wp-content\/uploads\/2023\/08\/Kontrol-Boardi-korgekvaliteediline-digitaalne-juhtpaneel-768x422.webp 768w\" sizes=\"auto, (max-width: 910px) 100vw, 910px\" \/>\t\t\t\t\t\t\n\t\t\t\t\t<\/div>\n\t\t\t\t\t\t\t\t\n<style>\n#image_881567408 {\n  width: 100%;\n}\n<\/style>\n\t<\/div>\n\t\r\n\r\n\t\t<\/div>\n\t\t\t\t\t<\/div>\n\n\t\r\n\n\t<div id=\"col-339643279\" class=\"col medium-6 small-12 large-6\"  >\n\t\t\t\t<div class=\"col-inner\"  >\n\t\t\t\n\t\t\t\r\n<h2><strong>KONTROL BOARDI K\u00d5RGEKVALITEEDILINE DIGITAALNE JUHTPANEEL PAKUB 24-TUNNIST TEMPERATUURIGRAAFIKUT, HOIATUSTEATEID JA AUTOMAATSET TEMPERATUURI REGULEERIMIST T\u00c4PSE TOIDUVALMISTAMISE JAOKS.<\/strong><\/h2>\r\n\t\t<\/div>\n\t\t\t\t\t<\/div>\n\n\t\r\n\r\n<\/div>\r\n<div class=\"row align-middle\"  id=\"row-959658308\">\r\n\r\n\n\t<div id=\"col-1561133331\" class=\"col medium-6 small-12 large-6\"  >\n\t\t\t\t<div class=\"col-inner\"  >\n\t\t\t\n\t\t\t\r\n\r\n\t<div class=\"img has-hover x md-x lg-x y md-y lg-y\" id=\"image_326209163\">\n\t\t\t\t\t\t\t\t<div class=\"img-inner dark\" >\n\t\t\t<img loading=\"lazy\" decoding=\"async\" width=\"910\" height=\"500\" src=\"https:\/\/bbqentertainment.com\/wp-content\/uploads\/2023\/08\/Keraamilise-grilli-uhendamine-rakenduse-abil.webp\" class=\"attachment-large size-large\" alt=\"\" srcset=\"https:\/\/bbqentertainment.com\/wp-content\/uploads\/2023\/08\/Keraamilise-grilli-uhendamine-rakenduse-abil.webp 910w, https:\/\/bbqentertainment.com\/wp-content\/uploads\/2023\/08\/Keraamilise-grilli-uhendamine-rakenduse-abil-700x385.webp 700w, https:\/\/bbqentertainment.com\/wp-content\/uploads\/2023\/08\/Keraamilise-grilli-uhendamine-rakenduse-abil-600x330.webp 600w, https:\/\/bbqentertainment.com\/wp-content\/uploads\/2023\/08\/Keraamilise-grilli-uhendamine-rakenduse-abil-768x422.webp 768w\" sizes=\"auto, (max-width: 910px) 100vw, 910px\" \/>\t\t\t\t\t\t\n\t\t\t\t\t<\/div>\n\t\t\t\t\t\t\t\t\n<style>\n#image_326209163 {\n  width: 100%;\n}\n<\/style>\n\t<\/div>\n\t\r\n\r\n\t\t<\/div>\n\t\t\t\t\t<\/div>\n\n\t\r\n\n\t<div id=\"col-1383148341\" class=\"col medium-6 small-12 large-6\"  >\n\t\t\t\t<div class=\"col-inner\"  >\n\t\t\t\n\t\t\t\r\n<h2><strong>KERAAMILISE GRILLI \u00dcHENDAMINE RAKENDUSE ABIL ON GRILLIMISE TULEVIK. SEADISTAGE JA REGULEERIGE OMA TEMPERATUURI JA AEGA, J\u00c4LGIGE OMA LIHASONDI, VAADAKE RETSEPTE JA T\u00c4IUSTAGE END PIDEVALT KAMADO JOE RAKENDUSEGA.<\/strong><\/h2>\r\n\t\t<\/div>\n\t\t\t\t\t<\/div>\n\n\t\r\n\r\n<\/div>\r\n<div class=\"row align-middle\"  id=\"row-386870086\">\r\n\r\n\n\t<div id=\"col-2098821937\" class=\"col medium-6 small-12 large-6\"  >\n\t\t\t\t<div class=\"col-inner\"  >\n\t\t\t\n\t\t\t\r\n\r\n\t<div class=\"img has-hover x md-x lg-x y md-y lg-y\" id=\"image_2014784179\">\n\t\t\t\t\t\t\t\t<div class=\"img-inner dark\" >\n\t\t\t<img loading=\"lazy\" decoding=\"async\" width=\"910\" height=\"500\" src=\"https:\/\/bbqentertainment.com\/wp-content\/uploads\/2023\/08\/Temperatuuri-graafikute-koostamine.webp\" class=\"attachment-large size-large\" alt=\"\" srcset=\"https:\/\/bbqentertainment.com\/wp-content\/uploads\/2023\/08\/Temperatuuri-graafikute-koostamine.webp 910w, https:\/\/bbqentertainment.com\/wp-content\/uploads\/2023\/08\/Temperatuuri-graafikute-koostamine-700x385.webp 700w, https:\/\/bbqentertainment.com\/wp-content\/uploads\/2023\/08\/Temperatuuri-graafikute-koostamine-600x330.webp 600w, https:\/\/bbqentertainment.com\/wp-content\/uploads\/2023\/08\/Temperatuuri-graafikute-koostamine-768x422.webp 768w\" sizes=\"auto, (max-width: 910px) 100vw, 910px\" \/>\t\t\t\t\t\t\n\t\t\t\t\t<\/div>\n\t\t\t\t\t\t\t\t\n<style>\n#image_2014784179 {\n  width: 100%;\n}\n<\/style>\n\t<\/div>\n\t\r\n\r\n\t\t<\/div>\n\t\t\t\t\t<\/div>\n\n\t\r\n\n\t<div id=\"col-585343912\" class=\"col medium-6 small-12 large-6\"  >\n\t\t\t\t<div class=\"col-inner\"  >\n\t\t\t\n\t\t\t\r\n<h2><strong>J\u00c4LGIGE OMA TEMPERATUURI AJA JOOKSUL MOODSA TEMPERATUURIGRAAFIKU ABIL, ET SAADA T\u00d5ELISEKS BBQ MEISTRIKS!<\/strong><\/h2>\r\n\t\t<\/div>\n\t\t\t\t\t<\/div>\n\n\t\r\n\r\n<\/div>\r\n\r\n\t\t<\/div>\n\t\t\t\t\t<\/div>\n\n\t\r\n\r\n<\/div>\n","protected":false},"excerpt":{"rendered":"<h3><strong>DEMO grillahi Kamado Joe \u00ae KONNECTED JOE\u2122 &#8211; digitaalne keraamiline grillahi (kasutamata, salongimudel)<\/strong><\/h3>\n<p>Hinnale lisandub transporditasu (hind EXW Tallinn). St ahi asub Tallinnas.<\/p>\n<ul>\n<li>UUS innovaatiline ainulaadne Kamado Joe\u2122 digitaalne keraamiline grillahi<\/li>\n<li>Maailma tipp-kvaliteet! Parim hinna ja kvaliteedi suhe!<\/li>\n<li>Vaieldamatult parim valik keraamiliste grillide valdkonnas!<\/li>\n<li>Nupust grills\u00f6e s\u00fc\u00fctamine!<\/li>\n<li>\u00c4pi-rakendusega \u00fchendamine!<\/li>\n<li>Digitaalne juhtpaneel!<\/li>\n<li>Temperatuurijuhtimise graafiline tabloo!<\/li>\n<li>Grillrest \u00d8 47 cm (18\u201d), ahi seest \u00d8 50 cm, ahi v\u00e4ljast \u00d8 57 cm, kaal 98 kg<\/li>\n<li><strong>Siin ka t\u00e4ispikk Konnected Joe\u2122 <a href=\"https:\/\/youtu.be\/vDAt68zjotI\" target=\"_blank\" rel=\"noopener\">TUTVUSTAV VIDEO<\/a><\/strong><\/li>\n<\/ul>\n<p>Lisainfo:\u00a0UK (GBP) leht <a href=\"https:\/\/international.kamadojoe.com\/products\/konnected-joe\" target=\"_blank\" rel=\"noopener\">https:\/\/international.kamadojoe.com\/products\/konnected-joe<\/a> \/ <a href=\"http:\/\/www.kamadojoeeesti.ee\/\" target=\"_blank\" rel=\"noopener\">www.kamadojoeeesti.ee<\/a><\/p>\n<div>Lisainfo ja videod siin lehel ka allpool.<\/div>\n","protected":false},"featured_media":242611,"template":"","meta":{"inline_featured_image":false},"product_brand":[],"product_cat":[17,538,349,18],"product_tag":[],"class_list":{"0":"post-249716","1":"product","2":"type-product","3":"status-publish","4":"has-post-thumbnail","6":"product_cat-grillid-ja-ahjud","7":"product_cat-demo-ja-kasutatud-grillid","8":"product_cat-kamado-joe-tooted","9":"product_cat-kamado-joe","10":"product_shipping_class-ainult-ise-jarele-tulemisega","12":"first","13":"instock","14":"sale","15":"taxable","16":"shipping-taxable","17":"purchasable","18":"product-type-simple"},"yoast_head":"<!-- This site is optimized with the Yoast SEO plugin v27.2 - https:\/\/yoast.com\/product\/yoast-seo-wordpress\/ -->\n<title>DEMO grillahi Kamado Joe \u00ae KONNECTED JOE\u2122 - digitaalne keraamiline grillahi (kasutamata, salongimudel) - BBQ Entertainment<\/title>\n<meta name=\"robots\" content=\"index, follow, max-snippet:-1, max-image-preview:large, max-video-preview:-1\" \/>\n<link rel=\"canonical\" href=\"https:\/\/bbqentertainment.com\/toode\/demo-kamado-joe-konnected-joe-digitaalne-keraamiline-grillahi\/\" \/>\n<meta property=\"og:locale\" content=\"en_US\" \/>\n<meta property=\"og:type\" content=\"article\" \/>\n<meta property=\"og:title\" content=\"DEMO grillahi Kamado Joe \u00ae KONNECTED JOE\u2122 - digitaalne keraamiline grillahi (kasutamata, salongimudel) - BBQ Entertainment\" \/>\n<meta property=\"og:description\" content=\"DEMO grillahi Kamado Joe \u00ae KONNECTED JOE\u2122 - digitaalne keraamiline grillahi (kasutamata, salongimudel)Hinnale lisandub transporditasu (hind EXW Tallinn). St ahi asub Tallinnas.UUS innovaatiline ainulaadne Kamado Joe\u2122 digitaalne keraamiline grillahiMaailma tipp-kvaliteet! Parim hinna ja kvaliteedi suhe!Vaieldamatult parim valik keraamiliste grillide valdkonnas!Nupust grills\u00f6e s\u00fc\u00fctamine!\u00c4pi-rakendusega \u00fchendamine!Digitaalne juhtpaneel!Temperatuurijuhtimise graafiline tabloo!Grillrest \u00d8 47 cm (18\u201d), ahi seest \u00d8 50 cm, ahi v\u00e4ljast \u00d8 57 cm, kaal 98 kgSiin ka t\u00e4ispikk Konnected Joe\u2122 TUTVUSTAV VIDEOLisainfo:\u00a0UK (GBP) leht https:\/\/international.kamadojoe.com\/products\/konnected-joe \/ www.kamadojoeeesti.eeLisainfo ja videod siin lehel ka allpool.\" \/>\n<meta property=\"og:url\" content=\"https:\/\/bbqentertainment.com\/toode\/demo-kamado-joe-konnected-joe-digitaalne-keraamiline-grillahi\/\" \/>\n<meta property=\"og:site_name\" content=\"BBQ Entertainment\" \/>\n<meta property=\"article:publisher\" content=\"https:\/\/www.facebook.com\/BBQ-Entertainment-N-Catering-2437913376443540\" \/>\n<meta property=\"article:modified_time\" content=\"2026-03-11T12:25:00+00:00\" \/>\n<meta property=\"og:image\" content=\"https:\/\/bbqentertainment.com\/wp-content\/uploads\/2023\/08\/Kamado-KONNECTED-JOE\u2122-Digital-Charcoal-Grill-and-Smoker3.jpg\" \/>\n\t<meta property=\"og:image:width\" content=\"1800\" \/>\n\t<meta property=\"og:image:height\" content=\"1800\" \/>\n\t<meta property=\"og:image:type\" content=\"image\/jpeg\" \/>\n<meta name=\"twitter:card\" content=\"summary_large_image\" \/>\n<meta name=\"twitter:label1\" content=\"Est. reading time\" \/>\n\t<meta name=\"twitter:data1\" content=\"1 minute\" \/>\n<script type=\"application\/ld+json\" class=\"yoast-schema-graph\">{\"@context\":\"https:\/\/schema.org\",\"@graph\":[{\"@type\":[\"WebPage\",\"ItemPage\"],\"@id\":\"https:\/\/bbqentertainment.com\/toode\/demo-kamado-joe-konnected-joe-digitaalne-keraamiline-grillahi\/\",\"url\":\"https:\/\/bbqentertainment.com\/toode\/demo-kamado-joe-konnected-joe-digitaalne-keraamiline-grillahi\/\",\"name\":\"DEMO grillahi Kamado Joe \u00ae KONNECTED JOE\u2122 - digitaalne keraamiline grillahi (kasutamata, salongimudel) - BBQ Entertainment\",\"isPartOf\":{\"@id\":\"https:\/\/bbqentertainment.com\/#website\"},\"primaryImageOfPage\":{\"@id\":\"https:\/\/bbqentertainment.com\/toode\/demo-kamado-joe-konnected-joe-digitaalne-keraamiline-grillahi\/#primaryimage\"},\"image\":{\"@id\":\"https:\/\/bbqentertainment.com\/toode\/demo-kamado-joe-konnected-joe-digitaalne-keraamiline-grillahi\/#primaryimage\"},\"thumbnailUrl\":\"https:\/\/bbqentertainment.com\/wp-content\/uploads\/2023\/08\/Kamado-KONNECTED-JOE\u2122-Digital-Charcoal-Grill-and-Smoker3.jpg\",\"datePublished\":\"2024-11-28T08:32:37+00:00\",\"dateModified\":\"2026-03-11T12:25:00+00:00\",\"breadcrumb\":{\"@id\":\"https:\/\/bbqentertainment.com\/toode\/demo-kamado-joe-konnected-joe-digitaalne-keraamiline-grillahi\/#breadcrumb\"},\"inLanguage\":\"en-US\",\"potentialAction\":[{\"@type\":\"ReadAction\",\"target\":[\"https:\/\/bbqentertainment.com\/toode\/demo-kamado-joe-konnected-joe-digitaalne-keraamiline-grillahi\/\"]}]},{\"@type\":\"ImageObject\",\"inLanguage\":\"en-US\",\"@id\":\"https:\/\/bbqentertainment.com\/toode\/demo-kamado-joe-konnected-joe-digitaalne-keraamiline-grillahi\/#primaryimage\",\"url\":\"https:\/\/bbqentertainment.com\/wp-content\/uploads\/2023\/08\/Kamado-KONNECTED-JOE\u2122-Digital-Charcoal-Grill-and-Smoker3.jpg\",\"contentUrl\":\"https:\/\/bbqentertainment.com\/wp-content\/uploads\/2023\/08\/Kamado-KONNECTED-JOE\u2122-Digital-Charcoal-Grill-and-Smoker3.jpg\",\"width\":1800,\"height\":1800},{\"@type\":\"BreadcrumbList\",\"@id\":\"https:\/\/bbqentertainment.com\/toode\/demo-kamado-joe-konnected-joe-digitaalne-keraamiline-grillahi\/#breadcrumb\",\"itemListElement\":[{\"@type\":\"ListItem\",\"position\":1,\"name\":\"AVALEHT\",\"item\":\"https:\/\/bbqentertainment.com\/en\/\"},{\"@type\":\"ListItem\",\"position\":2,\"name\":\"Tooted\",\"item\":\"https:\/\/bbqentertainment.com\/tooted\/\"},{\"@type\":\"ListItem\",\"position\":3,\"name\":\"Kamado joe\",\"item\":\"https:\/\/bbqentertainment.com\/tootekategooria\/kamado-joe-tooted\/\"},{\"@type\":\"ListItem\",\"position\":4,\"name\":\"Kamado Joe\",\"item\":\"https:\/\/bbqentertainment.com\/tootekategooria\/kamado-joe-tooted\/kamado-joe\/\"},{\"@type\":\"ListItem\",\"position\":5,\"name\":\"DEMO grillahi Kamado Joe \u00ae KONNECTED JOE\u2122 &#8211; digitaalne keraamiline grillahi (kasutamata, salongimudel)\"}]},{\"@type\":\"WebSite\",\"@id\":\"https:\/\/bbqentertainment.com\/#website\",\"url\":\"https:\/\/bbqentertainment.com\/\",\"name\":\"BBQ Entertainment\",\"description\":\"BBQ is a great lifestyle, not just fun!\",\"publisher\":{\"@id\":\"https:\/\/bbqentertainment.com\/#organization\"},\"potentialAction\":[{\"@type\":\"SearchAction\",\"target\":{\"@type\":\"EntryPoint\",\"urlTemplate\":\"https:\/\/bbqentertainment.com\/?s={search_term_string}\"},\"query-input\":{\"@type\":\"PropertyValueSpecification\",\"valueRequired\":true,\"valueName\":\"search_term_string\"}}],\"inLanguage\":\"en-US\"},{\"@type\":\"Organization\",\"@id\":\"https:\/\/bbqentertainment.com\/#organization\",\"name\":\"BBQ Entertainment O\u00dc\",\"url\":\"https:\/\/bbqentertainment.com\/\",\"logo\":{\"@type\":\"ImageObject\",\"inLanguage\":\"en-US\",\"@id\":\"https:\/\/bbqentertainment.com\/#\/schema\/logo\/image\/\",\"url\":\"https:\/\/bbqentertainment.com\/wp-content\/uploads\/2020\/04\/BBQ-Entertainment-N-Catering-Enn-Tobreluts-Logo.png\",\"contentUrl\":\"https:\/\/bbqentertainment.com\/wp-content\/uploads\/2020\/04\/BBQ-Entertainment-N-Catering-Enn-Tobreluts-Logo.png\",\"width\":628,\"height\":266,\"caption\":\"BBQ Entertainment O\u00dc\"},\"image\":{\"@id\":\"https:\/\/bbqentertainment.com\/#\/schema\/logo\/image\/\"},\"sameAs\":[\"https:\/\/www.facebook.com\/BBQ-Entertainment-N-Catering-2437913376443540\",\"https:\/\/www.instagram.com\/bbqentertainmentncatering\/\",\"https:\/\/www.youtube.com\/channel\/UCmpuANQVhLy2Md8nrenp2jA\"]}]}<\/script>\n<!-- \/ Yoast SEO plugin. -->","yoast_head_json":{"title":"DEMO grillahi Kamado Joe \u00ae KONNECTED JOE\u2122 - digitaalne keraamiline grillahi (kasutamata, salongimudel) - BBQ Entertainment","robots":{"index":"index","follow":"follow","max-snippet":"max-snippet:-1","max-image-preview":"max-image-preview:large","max-video-preview":"max-video-preview:-1"},"canonical":"https:\/\/bbqentertainment.com\/toode\/demo-kamado-joe-konnected-joe-digitaalne-keraamiline-grillahi\/","og_locale":"en_US","og_type":"article","og_title":"DEMO grillahi Kamado Joe \u00ae KONNECTED JOE\u2122 - digitaalne keraamiline grillahi (kasutamata, salongimudel) - BBQ Entertainment","og_description":"DEMO grillahi Kamado Joe \u00ae KONNECTED JOE\u2122 - digitaalne keraamiline grillahi (kasutamata, salongimudel)Hinnale lisandub transporditasu (hind EXW Tallinn). St ahi asub Tallinnas.UUS innovaatiline ainulaadne Kamado Joe\u2122 digitaalne keraamiline grillahiMaailma tipp-kvaliteet! Parim hinna ja kvaliteedi suhe!Vaieldamatult parim valik keraamiliste grillide valdkonnas!Nupust grills\u00f6e s\u00fc\u00fctamine!\u00c4pi-rakendusega \u00fchendamine!Digitaalne juhtpaneel!Temperatuurijuhtimise graafiline tabloo!Grillrest \u00d8 47 cm (18\u201d), ahi seest \u00d8 50 cm, ahi v\u00e4ljast \u00d8 57 cm, kaal 98 kgSiin ka t\u00e4ispikk Konnected Joe\u2122 TUTVUSTAV VIDEOLisainfo:\u00a0UK (GBP) leht https:\/\/international.kamadojoe.com\/products\/konnected-joe \/ www.kamadojoeeesti.eeLisainfo ja videod siin lehel ka allpool.","og_url":"https:\/\/bbqentertainment.com\/toode\/demo-kamado-joe-konnected-joe-digitaalne-keraamiline-grillahi\/","og_site_name":"BBQ Entertainment","article_publisher":"https:\/\/www.facebook.com\/BBQ-Entertainment-N-Catering-2437913376443540","article_modified_time":"2026-03-11T12:25:00+00:00","og_image":[{"width":1800,"height":1800,"url":"https:\/\/bbqentertainment.com\/wp-content\/uploads\/2023\/08\/Kamado-KONNECTED-JOE\u2122-Digital-Charcoal-Grill-and-Smoker3.jpg","type":"image\/jpeg"}],"twitter_card":"summary_large_image","twitter_misc":{"Est. reading time":"1 minute"},"schema":{"@context":"https:\/\/schema.org","@graph":[{"@type":["WebPage","ItemPage"],"@id":"https:\/\/bbqentertainment.com\/toode\/demo-kamado-joe-konnected-joe-digitaalne-keraamiline-grillahi\/","url":"https:\/\/bbqentertainment.com\/toode\/demo-kamado-joe-konnected-joe-digitaalne-keraamiline-grillahi\/","name":"DEMO grillahi Kamado Joe \u00ae KONNECTED JOE\u2122 - digitaalne keraamiline grillahi (kasutamata, salongimudel) - BBQ Entertainment","isPartOf":{"@id":"https:\/\/bbqentertainment.com\/#website"},"primaryImageOfPage":{"@id":"https:\/\/bbqentertainment.com\/toode\/demo-kamado-joe-konnected-joe-digitaalne-keraamiline-grillahi\/#primaryimage"},"image":{"@id":"https:\/\/bbqentertainment.com\/toode\/demo-kamado-joe-konnected-joe-digitaalne-keraamiline-grillahi\/#primaryimage"},"thumbnailUrl":"https:\/\/bbqentertainment.com\/wp-content\/uploads\/2023\/08\/Kamado-KONNECTED-JOE\u2122-Digital-Charcoal-Grill-and-Smoker3.jpg","datePublished":"2024-11-28T08:32:37+00:00","dateModified":"2026-03-11T12:25:00+00:00","breadcrumb":{"@id":"https:\/\/bbqentertainment.com\/toode\/demo-kamado-joe-konnected-joe-digitaalne-keraamiline-grillahi\/#breadcrumb"},"inLanguage":"en-US","potentialAction":[{"@type":"ReadAction","target":["https:\/\/bbqentertainment.com\/toode\/demo-kamado-joe-konnected-joe-digitaalne-keraamiline-grillahi\/"]}]},{"@type":"ImageObject","inLanguage":"en-US","@id":"https:\/\/bbqentertainment.com\/toode\/demo-kamado-joe-konnected-joe-digitaalne-keraamiline-grillahi\/#primaryimage","url":"https:\/\/bbqentertainment.com\/wp-content\/uploads\/2023\/08\/Kamado-KONNECTED-JOE\u2122-Digital-Charcoal-Grill-and-Smoker3.jpg","contentUrl":"https:\/\/bbqentertainment.com\/wp-content\/uploads\/2023\/08\/Kamado-KONNECTED-JOE\u2122-Digital-Charcoal-Grill-and-Smoker3.jpg","width":1800,"height":1800},{"@type":"BreadcrumbList","@id":"https:\/\/bbqentertainment.com\/toode\/demo-kamado-joe-konnected-joe-digitaalne-keraamiline-grillahi\/#breadcrumb","itemListElement":[{"@type":"ListItem","position":1,"name":"AVALEHT","item":"https:\/\/bbqentertainment.com\/en\/"},{"@type":"ListItem","position":2,"name":"Tooted","item":"https:\/\/bbqentertainment.com\/tooted\/"},{"@type":"ListItem","position":3,"name":"Kamado joe","item":"https:\/\/bbqentertainment.com\/tootekategooria\/kamado-joe-tooted\/"},{"@type":"ListItem","position":4,"name":"Kamado Joe","item":"https:\/\/bbqentertainment.com\/tootekategooria\/kamado-joe-tooted\/kamado-joe\/"},{"@type":"ListItem","position":5,"name":"DEMO grillahi Kamado Joe \u00ae KONNECTED JOE\u2122 &#8211; digitaalne keraamiline grillahi (kasutamata, salongimudel)"}]},{"@type":"WebSite","@id":"https:\/\/bbqentertainment.com\/#website","url":"https:\/\/bbqentertainment.com\/","name":"BBQ Entertainment","description":"BBQ is a great lifestyle, not just fun!","publisher":{"@id":"https:\/\/bbqentertainment.com\/#organization"},"potentialAction":[{"@type":"SearchAction","target":{"@type":"EntryPoint","urlTemplate":"https:\/\/bbqentertainment.com\/?s={search_term_string}"},"query-input":{"@type":"PropertyValueSpecification","valueRequired":true,"valueName":"search_term_string"}}],"inLanguage":"en-US"},{"@type":"Organization","@id":"https:\/\/bbqentertainment.com\/#organization","name":"BBQ Entertainment O\u00dc","url":"https:\/\/bbqentertainment.com\/","logo":{"@type":"ImageObject","inLanguage":"en-US","@id":"https:\/\/bbqentertainment.com\/#\/schema\/logo\/image\/","url":"https:\/\/bbqentertainment.com\/wp-content\/uploads\/2020\/04\/BBQ-Entertainment-N-Catering-Enn-Tobreluts-Logo.png","contentUrl":"https:\/\/bbqentertainment.com\/wp-content\/uploads\/2020\/04\/BBQ-Entertainment-N-Catering-Enn-Tobreluts-Logo.png","width":628,"height":266,"caption":"BBQ Entertainment O\u00dc"},"image":{"@id":"https:\/\/bbqentertainment.com\/#\/schema\/logo\/image\/"},"sameAs":["https:\/\/www.facebook.com\/BBQ-Entertainment-N-Catering-2437913376443540","https:\/\/www.instagram.com\/bbqentertainmentncatering\/","https:\/\/www.youtube.com\/channel\/UCmpuANQVhLy2Md8nrenp2jA"]}]}},"_links":{"self":[{"href":"https:\/\/bbqentertainment.com\/en\/wp-json\/wp\/v2\/product\/249716","targetHints":{"allow":["GET"]}}],"collection":[{"href":"https:\/\/bbqentertainment.com\/en\/wp-json\/wp\/v2\/product"}],"about":[{"href":"https:\/\/bbqentertainment.com\/en\/wp-json\/wp\/v2\/types\/product"}],"wp:featuredmedia":[{"embeddable":true,"href":"https:\/\/bbqentertainment.com\/en\/wp-json\/wp\/v2\/media\/242611"}],"wp:attachment":[{"href":"https:\/\/bbqentertainment.com\/en\/wp-json\/wp\/v2\/media?parent=249716"}],"wp:term":[{"taxonomy":"product_brand","embeddable":true,"href":"https:\/\/bbqentertainment.com\/en\/wp-json\/wp\/v2\/product_brand?post=249716"},{"taxonomy":"product_cat","embeddable":true,"href":"https:\/\/bbqentertainment.com\/en\/wp-json\/wp\/v2\/product_cat?post=249716"},{"taxonomy":"product_tag","embeddable":true,"href":"https:\/\/bbqentertainment.com\/en\/wp-json\/wp\/v2\/product_tag?post=249716"}],"curies":[{"name":"wp","href":"https:\/\/api.w.org\/{rel}","templated":true}]}}