{"id":249894,"date":"2024-12-16T19:54:32","date_gmt":"2024-12-16T17:54:32","guid":{"rendered":"https:\/\/bbqentertainment.com\/?post_type=product&#038;p=249894"},"modified":"2025-07-25T13:45:33","modified_gmt":"2025-07-25T10:45:33","slug":"laavakivi-alusjalgadega-laamteuktoonilisest-vulkaanikivist-grillplaat","status":"publish","type":"product","link":"https:\/\/bbqentertainment.com\/en\/toode\/laavakivi-alusjalgadega-laamteuktoonilisest-vulkaanikivist-grillplaat\/","title":{"rendered":"Laavakivi alusjalgadega \/ Laamteuktoonilisest vulkaanikivist grillplaat"},"content":{"rendered":"<p><img loading=\"lazy\" decoding=\"async\" class=\"size-full wp-image-7251 alignleft\" src=\"https:\/\/grilliguru.ee\/wp-content\/uploads\/2021\/08\/Laavakivi-jalgadega.png\" alt=\"\" width=\"300\" height=\"300\" \/>T\u00e4nu loomulikele omadustele ja erilisele p\u00e4ritolule on sellel ainulaadsel materjalil f\u00fc\u00fcsikalised\u00a0 ise\u00e4rasused ideaalsed rasvavabaks grillimiseks mistahes vormis. Kuna kivim on aegade jooksul talunud v\u00e4ga k\u00f5rgeid temperatuure nii vulkaanilise tegevuse, kui mandrilaamade h\u00f5\u00f5rdumisel, talub see \u00fcsna h\u00e4sti ka k\u00f5rgeid temperatuure. V\u00f5ite plaadile lihtsalt tule alla teha ja see toimib! Tavaliselt kasutatakse kivi grillide lisamoodulina nii liha, kala kui ka k\u00f6\u00f6giviljade k\u00fcpsetamiseks. Rasva pole vaja lisada, leegid v\u00f5i h\u00f5\u00f5guvate s\u00fcte liiga intensiivne kuumus ei r\u00fcnda toitu. Kuna rasva grillseadmesse ei tilgu seet\u00f5ttu ei teki halba l\u00f5hna ega suitsu, mis v\u00f5ivad meie tervist kahjustada. Ideaalne soojusjaotus kogu kiviplaadi ulatuses teeb mugavaks nii aeglase k\u00fcpsetamise, kui ka hilisema toidu soojashoidmise.<\/p>\n<p>Nagu k\u00f5ikide v\u00e4\u00e4rtuslikke asjade puhul on siiski vaja j\u00e4rgida m\u00f5ningaid kasutamise ja hooldamise reegleid.<\/p>\n<p>KASUTAMINE<\/p>\n<p>Uue laavakivi esmakordsel kasutamisel peate olema ettevaatlik ja kivi tuleb sisse t\u00f6\u00f6delda:<\/p>\n<p>&#8211; peske seda soolase veega ja kuivatage p\u00f5hjalikult;<\/p>\n<p>&#8211; m\u00e4\u00e4rige see m\u00f5lemalt poolt oliivi\u00f5li v\u00f5i searasvaga ja laske sellel v\u00e4hemalt 24 tundi puhata; seej\u00e4rel eemaldage liigne rasv imava paberiga.<\/p>\n<p>&#8211; esimesel kuumutamisel kuumuta j\u00e4rk-j\u00e4rgult, lisades aeglaselt kuumust. See aitav \u00e4ra hoida mikropragude teket.<\/p>\n<p>&#8211; ka hilisemal kasutamisel on hea kuumuse aeglane suurendamine. Pragusid tekib aja jooksul nagunii, kuid \u00f5ige kasutamine hoiav kivi kauem t\u00f6\u00f6korras.<\/p>\n<p>&#8211; kivi maksimumkuumuse saavutamist saab kontrollida, tilgutades sellele n\u00e4iteks \u00e4\u00e4dikat. Kui see koheselt aurustub, on kivi t\u00f6\u00f6valmis.<\/p>\n<p>&#8211; kivi talub kuni 700C temperatuure, kuid tavakasutusel pole rohkemat kui 400C kunagi tarvis. \u00c4rge \u00fcle kuumutage!<\/p>\n<p>&#8211; Kivi saab kuumutada erineval viisil: gaasigrilliga, pelletgrilliga, puuahjus, v\u00e4ligrillil jne.<\/p>\n<p>&#8211; tervislikuma toitumise nimel ei pruugi toodetele \u00fcldse rasva lisada. Kivi pind ei nakku.<\/p>\n<p>&#8211; lisada v\u00f5ib toidule oliivi\u00f5li, v\u00f5id, v\u00f5i tilgakese veini<\/p>\n<p>&#8211; kivisse on freesitud rasvakogumise soon<\/p>\n<p>&#8211; puhastamiseks \u00e4rge kasutage mingil juhul n\u00f5udepesu vahendit, see imandub kivisse ja rikub teie j\u00e4rgmise toidu \u00e4ra. Lihtsalt kraapige spaatliga kivi puhtaks.<\/p>\n<p>&#8211; metallist raam koos 17cm k\u00f5rguste alusjalgadega kivi lihtsamaks k\u00e4itamiseks. Raam hoiab kivi koos ka pragude tekkimisel.<\/p>\n<p>M\u00f5\u00f5dud 50 x 40cm, kivi laius koos t\u00f5stesangadega 59,5cm<\/p>\n<p>Kaal 15kg<\/p>\n<p>P\u00e4ritolu &#8211; P\u00f5hja-Itaalia Alpid<\/p>\n<p>&nbsp;<\/p>\n","protected":false},"excerpt":{"rendered":"<h3><strong>Laavakivi alusjalgadega \/ Laamteuktoonilisest vulkaanikivist grillplaat<\/strong><\/h3>\n<p>Metallraamis, allak\u00e4iva jalaga laamtektooniline laavakiviplaat rasvavabade toitude valmistamiseks<\/p>\n","protected":false},"featured_media":249896,"template":"","meta":{"inline_featured_image":false},"product_brand":[],"product_cat":[92,579,562,479],"product_tag":[601],"class_list":{"0":"post-249894","1":"product","2":"type-product","3":"status-publish","4":"has-post-thumbnail","6":"product_cat-lisatarvikud","7":"product_cat-lisatarvikud-omberg","8":"product_cat-lisatarvikud-napoleon","9":"product_cat-grillitarvikud","10":"product_tag-grillitarvikud","12":"first","13":"instock","14":"taxable","15":"shipping-taxable","16":"purchasable","17":"product-type-simple"},"yoast_head":"<!-- This site is optimized with the Yoast SEO plugin v27.4 - https:\/\/yoast.com\/product\/yoast-seo-wordpress\/ -->\n<title>Laavakivi alusjalgadega \/ Laamteuktoonilisest vulkaanikivist grillplaat - BBQ Entertainment<\/title>\n<meta name=\"robots\" content=\"index, follow, max-snippet:-1, max-image-preview:large, max-video-preview:-1\" \/>\n<link rel=\"canonical\" href=\"https:\/\/bbqentertainment.com\/toode\/laavakivi-alusjalgadega-laamteuktoonilisest-vulkaanikivist-grillplaat\/\" \/>\n<meta property=\"og:locale\" content=\"en_US\" \/>\n<meta property=\"og:type\" content=\"article\" \/>\n<meta property=\"og:title\" content=\"Laavakivi alusjalgadega \/ Laamteuktoonilisest vulkaanikivist grillplaat - BBQ Entertainment\" \/>\n<meta property=\"og:description\" content=\"Laavakivi alusjalgadega \/ Laamteuktoonilisest vulkaanikivist grillplaat Metallraamis, allak\u00e4iva jalaga laamtektooniline laavakiviplaat rasvavabade toitude valmistamiseks\" \/>\n<meta property=\"og:url\" content=\"https:\/\/bbqentertainment.com\/toode\/laavakivi-alusjalgadega-laamteuktoonilisest-vulkaanikivist-grillplaat\/\" \/>\n<meta property=\"og:site_name\" content=\"BBQ Entertainment\" \/>\n<meta property=\"article:publisher\" content=\"https:\/\/www.facebook.com\/BBQ-Entertainment-N-Catering-2437913376443540\" \/>\n<meta property=\"article:modified_time\" content=\"2025-07-25T10:45:33+00:00\" \/>\n<meta property=\"og:image\" content=\"https:\/\/bbqentertainment.com\/wp-content\/uploads\/2024\/12\/Laavakivi-jalgadega.png\" \/>\n\t<meta property=\"og:image:width\" content=\"300\" \/>\n\t<meta property=\"og:image:height\" content=\"300\" \/>\n\t<meta property=\"og:image:type\" content=\"image\/png\" \/>\n<meta name=\"twitter:card\" content=\"summary_large_image\" \/>\n<meta name=\"twitter:label1\" content=\"Est. reading time\" \/>\n\t<meta name=\"twitter:data1\" content=\"3 minutes\" \/>\n<script type=\"application\/ld+json\" class=\"yoast-schema-graph\">{\"@context\":\"https:\\\/\\\/schema.org\",\"@graph\":[{\"@type\":[\"WebPage\",\"ItemPage\"],\"@id\":\"https:\\\/\\\/bbqentertainment.com\\\/toode\\\/laavakivi-alusjalgadega-laamteuktoonilisest-vulkaanikivist-grillplaat\\\/\",\"url\":\"https:\\\/\\\/bbqentertainment.com\\\/toode\\\/laavakivi-alusjalgadega-laamteuktoonilisest-vulkaanikivist-grillplaat\\\/\",\"name\":\"Laavakivi alusjalgadega \\\/ Laamteuktoonilisest vulkaanikivist grillplaat - BBQ Entertainment\",\"isPartOf\":{\"@id\":\"https:\\\/\\\/bbqentertainment.com\\\/#website\"},\"primaryImageOfPage\":{\"@id\":\"https:\\\/\\\/bbqentertainment.com\\\/toode\\\/laavakivi-alusjalgadega-laamteuktoonilisest-vulkaanikivist-grillplaat\\\/#primaryimage\"},\"image\":{\"@id\":\"https:\\\/\\\/bbqentertainment.com\\\/toode\\\/laavakivi-alusjalgadega-laamteuktoonilisest-vulkaanikivist-grillplaat\\\/#primaryimage\"},\"thumbnailUrl\":\"https:\\\/\\\/bbqentertainment.com\\\/wp-content\\\/uploads\\\/2024\\\/12\\\/Laavakivi-jalgadega.png\",\"datePublished\":\"2024-12-16T17:54:32+00:00\",\"dateModified\":\"2025-07-25T10:45:33+00:00\",\"breadcrumb\":{\"@id\":\"https:\\\/\\\/bbqentertainment.com\\\/toode\\\/laavakivi-alusjalgadega-laamteuktoonilisest-vulkaanikivist-grillplaat\\\/#breadcrumb\"},\"inLanguage\":\"en-US\",\"potentialAction\":[{\"@type\":\"ReadAction\",\"target\":[\"https:\\\/\\\/bbqentertainment.com\\\/toode\\\/laavakivi-alusjalgadega-laamteuktoonilisest-vulkaanikivist-grillplaat\\\/\"]}]},{\"@type\":\"ImageObject\",\"inLanguage\":\"en-US\",\"@id\":\"https:\\\/\\\/bbqentertainment.com\\\/toode\\\/laavakivi-alusjalgadega-laamteuktoonilisest-vulkaanikivist-grillplaat\\\/#primaryimage\",\"url\":\"https:\\\/\\\/bbqentertainment.com\\\/wp-content\\\/uploads\\\/2024\\\/12\\\/Laavakivi-jalgadega.png\",\"contentUrl\":\"https:\\\/\\\/bbqentertainment.com\\\/wp-content\\\/uploads\\\/2024\\\/12\\\/Laavakivi-jalgadega.png\",\"width\":300,\"height\":300},{\"@type\":\"BreadcrumbList\",\"@id\":\"https:\\\/\\\/bbqentertainment.com\\\/toode\\\/laavakivi-alusjalgadega-laamteuktoonilisest-vulkaanikivist-grillplaat\\\/#breadcrumb\",\"itemListElement\":[{\"@type\":\"ListItem\",\"position\":1,\"name\":\"AVALEHT\",\"item\":\"https:\\\/\\\/bbqentertainment.com\\\/en\\\/\"},{\"@type\":\"ListItem\",\"position\":2,\"name\":\"Tooted\",\"item\":\"https:\\\/\\\/bbqentertainment.com\\\/tooted\\\/\"},{\"@type\":\"ListItem\",\"position\":3,\"name\":\"Lisatarvikud\",\"item\":\"https:\\\/\\\/bbqentertainment.com\\\/tootekategooria\\\/lisatarvikud\\\/\"},{\"@type\":\"ListItem\",\"position\":4,\"name\":\"Laavakivi alusjalgadega \\\/ Laamteuktoonilisest vulkaanikivist grillplaat\"}]},{\"@type\":\"WebSite\",\"@id\":\"https:\\\/\\\/bbqentertainment.com\\\/#website\",\"url\":\"https:\\\/\\\/bbqentertainment.com\\\/\",\"name\":\"BBQ Entertainment\",\"description\":\"BBQ is a great lifestyle, not just fun!\",\"publisher\":{\"@id\":\"https:\\\/\\\/bbqentertainment.com\\\/#organization\"},\"potentialAction\":[{\"@type\":\"SearchAction\",\"target\":{\"@type\":\"EntryPoint\",\"urlTemplate\":\"https:\\\/\\\/bbqentertainment.com\\\/?s={search_term_string}\"},\"query-input\":{\"@type\":\"PropertyValueSpecification\",\"valueRequired\":true,\"valueName\":\"search_term_string\"}}],\"inLanguage\":\"en-US\"},{\"@type\":\"Organization\",\"@id\":\"https:\\\/\\\/bbqentertainment.com\\\/#organization\",\"name\":\"BBQ Entertainment O\u00dc\",\"url\":\"https:\\\/\\\/bbqentertainment.com\\\/\",\"logo\":{\"@type\":\"ImageObject\",\"inLanguage\":\"en-US\",\"@id\":\"https:\\\/\\\/bbqentertainment.com\\\/#\\\/schema\\\/logo\\\/image\\\/\",\"url\":\"https:\\\/\\\/bbqentertainment.com\\\/wp-content\\\/uploads\\\/2020\\\/04\\\/BBQ-Entertainment-N-Catering-Enn-Tobreluts-Logo.png\",\"contentUrl\":\"https:\\\/\\\/bbqentertainment.com\\\/wp-content\\\/uploads\\\/2020\\\/04\\\/BBQ-Entertainment-N-Catering-Enn-Tobreluts-Logo.png\",\"width\":628,\"height\":266,\"caption\":\"BBQ Entertainment O\u00dc\"},\"image\":{\"@id\":\"https:\\\/\\\/bbqentertainment.com\\\/#\\\/schema\\\/logo\\\/image\\\/\"},\"sameAs\":[\"https:\\\/\\\/www.facebook.com\\\/BBQ-Entertainment-N-Catering-2437913376443540\",\"https:\\\/\\\/www.instagram.com\\\/bbqentertainmentncatering\\\/\",\"https:\\\/\\\/www.youtube.com\\\/channel\\\/UCmpuANQVhLy2Md8nrenp2jA\"]}]}<\/script>\n<!-- \/ Yoast SEO plugin. -->","yoast_head_json":{"title":"Laavakivi alusjalgadega \/ Laamteuktoonilisest vulkaanikivist grillplaat - BBQ Entertainment","robots":{"index":"index","follow":"follow","max-snippet":"max-snippet:-1","max-image-preview":"max-image-preview:large","max-video-preview":"max-video-preview:-1"},"canonical":"https:\/\/bbqentertainment.com\/toode\/laavakivi-alusjalgadega-laamteuktoonilisest-vulkaanikivist-grillplaat\/","og_locale":"en_US","og_type":"article","og_title":"Laavakivi alusjalgadega \/ Laamteuktoonilisest vulkaanikivist grillplaat - BBQ Entertainment","og_description":"Laavakivi alusjalgadega \/ Laamteuktoonilisest vulkaanikivist grillplaat Metallraamis, allak\u00e4iva jalaga laamtektooniline laavakiviplaat rasvavabade toitude valmistamiseks","og_url":"https:\/\/bbqentertainment.com\/toode\/laavakivi-alusjalgadega-laamteuktoonilisest-vulkaanikivist-grillplaat\/","og_site_name":"BBQ Entertainment","article_publisher":"https:\/\/www.facebook.com\/BBQ-Entertainment-N-Catering-2437913376443540","article_modified_time":"2025-07-25T10:45:33+00:00","og_image":[{"width":300,"height":300,"url":"https:\/\/bbqentertainment.com\/wp-content\/uploads\/2024\/12\/Laavakivi-jalgadega.png","type":"image\/png"}],"twitter_card":"summary_large_image","twitter_misc":{"Est. reading time":"3 minutes"},"schema":{"@context":"https:\/\/schema.org","@graph":[{"@type":["WebPage","ItemPage"],"@id":"https:\/\/bbqentertainment.com\/toode\/laavakivi-alusjalgadega-laamteuktoonilisest-vulkaanikivist-grillplaat\/","url":"https:\/\/bbqentertainment.com\/toode\/laavakivi-alusjalgadega-laamteuktoonilisest-vulkaanikivist-grillplaat\/","name":"Laavakivi alusjalgadega \/ Laamteuktoonilisest vulkaanikivist grillplaat - BBQ Entertainment","isPartOf":{"@id":"https:\/\/bbqentertainment.com\/#website"},"primaryImageOfPage":{"@id":"https:\/\/bbqentertainment.com\/toode\/laavakivi-alusjalgadega-laamteuktoonilisest-vulkaanikivist-grillplaat\/#primaryimage"},"image":{"@id":"https:\/\/bbqentertainment.com\/toode\/laavakivi-alusjalgadega-laamteuktoonilisest-vulkaanikivist-grillplaat\/#primaryimage"},"thumbnailUrl":"https:\/\/bbqentertainment.com\/wp-content\/uploads\/2024\/12\/Laavakivi-jalgadega.png","datePublished":"2024-12-16T17:54:32+00:00","dateModified":"2025-07-25T10:45:33+00:00","breadcrumb":{"@id":"https:\/\/bbqentertainment.com\/toode\/laavakivi-alusjalgadega-laamteuktoonilisest-vulkaanikivist-grillplaat\/#breadcrumb"},"inLanguage":"en-US","potentialAction":[{"@type":"ReadAction","target":["https:\/\/bbqentertainment.com\/toode\/laavakivi-alusjalgadega-laamteuktoonilisest-vulkaanikivist-grillplaat\/"]}]},{"@type":"ImageObject","inLanguage":"en-US","@id":"https:\/\/bbqentertainment.com\/toode\/laavakivi-alusjalgadega-laamteuktoonilisest-vulkaanikivist-grillplaat\/#primaryimage","url":"https:\/\/bbqentertainment.com\/wp-content\/uploads\/2024\/12\/Laavakivi-jalgadega.png","contentUrl":"https:\/\/bbqentertainment.com\/wp-content\/uploads\/2024\/12\/Laavakivi-jalgadega.png","width":300,"height":300},{"@type":"BreadcrumbList","@id":"https:\/\/bbqentertainment.com\/toode\/laavakivi-alusjalgadega-laamteuktoonilisest-vulkaanikivist-grillplaat\/#breadcrumb","itemListElement":[{"@type":"ListItem","position":1,"name":"AVALEHT","item":"https:\/\/bbqentertainment.com\/en\/"},{"@type":"ListItem","position":2,"name":"Tooted","item":"https:\/\/bbqentertainment.com\/tooted\/"},{"@type":"ListItem","position":3,"name":"Lisatarvikud","item":"https:\/\/bbqentertainment.com\/tootekategooria\/lisatarvikud\/"},{"@type":"ListItem","position":4,"name":"Laavakivi alusjalgadega \/ Laamteuktoonilisest vulkaanikivist grillplaat"}]},{"@type":"WebSite","@id":"https:\/\/bbqentertainment.com\/#website","url":"https:\/\/bbqentertainment.com\/","name":"BBQ Entertainment","description":"BBQ is a great lifestyle, not just fun!","publisher":{"@id":"https:\/\/bbqentertainment.com\/#organization"},"potentialAction":[{"@type":"SearchAction","target":{"@type":"EntryPoint","urlTemplate":"https:\/\/bbqentertainment.com\/?s={search_term_string}"},"query-input":{"@type":"PropertyValueSpecification","valueRequired":true,"valueName":"search_term_string"}}],"inLanguage":"en-US"},{"@type":"Organization","@id":"https:\/\/bbqentertainment.com\/#organization","name":"BBQ Entertainment O\u00dc","url":"https:\/\/bbqentertainment.com\/","logo":{"@type":"ImageObject","inLanguage":"en-US","@id":"https:\/\/bbqentertainment.com\/#\/schema\/logo\/image\/","url":"https:\/\/bbqentertainment.com\/wp-content\/uploads\/2020\/04\/BBQ-Entertainment-N-Catering-Enn-Tobreluts-Logo.png","contentUrl":"https:\/\/bbqentertainment.com\/wp-content\/uploads\/2020\/04\/BBQ-Entertainment-N-Catering-Enn-Tobreluts-Logo.png","width":628,"height":266,"caption":"BBQ Entertainment O\u00dc"},"image":{"@id":"https:\/\/bbqentertainment.com\/#\/schema\/logo\/image\/"},"sameAs":["https:\/\/www.facebook.com\/BBQ-Entertainment-N-Catering-2437913376443540","https:\/\/www.instagram.com\/bbqentertainmentncatering\/","https:\/\/www.youtube.com\/channel\/UCmpuANQVhLy2Md8nrenp2jA"]}]}},"_links":{"self":[{"href":"https:\/\/bbqentertainment.com\/en\/wp-json\/wp\/v2\/product\/249894","targetHints":{"allow":["GET"]}}],"collection":[{"href":"https:\/\/bbqentertainment.com\/en\/wp-json\/wp\/v2\/product"}],"about":[{"href":"https:\/\/bbqentertainment.com\/en\/wp-json\/wp\/v2\/types\/product"}],"wp:featuredmedia":[{"embeddable":true,"href":"https:\/\/bbqentertainment.com\/en\/wp-json\/wp\/v2\/media\/249896"}],"wp:attachment":[{"href":"https:\/\/bbqentertainment.com\/en\/wp-json\/wp\/v2\/media?parent=249894"}],"wp:term":[{"taxonomy":"product_brand","embeddable":true,"href":"https:\/\/bbqentertainment.com\/en\/wp-json\/wp\/v2\/product_brand?post=249894"},{"taxonomy":"product_cat","embeddable":true,"href":"https:\/\/bbqentertainment.com\/en\/wp-json\/wp\/v2\/product_cat?post=249894"},{"taxonomy":"product_tag","embeddable":true,"href":"https:\/\/bbqentertainment.com\/en\/wp-json\/wp\/v2\/product_tag?post=249894"}],"curies":[{"name":"wp","href":"https:\/\/api.w.org\/{rel}","templated":true}]}}