{"id":249910,"date":"2024-12-16T20:01:33","date_gmt":"2024-12-16T18:01:33","guid":{"rendered":"https:\/\/bbqentertainment.com\/?post_type=product&#038;p=249910"},"modified":"2025-07-25T13:45:56","modified_gmt":"2025-07-25T10:45:56","slug":"vahemere-akaatsiapuust-suitsuklotsid","status":"publish","type":"product","link":"https:\/\/bbqentertainment.com\/en\/toode\/vahemere-akaatsiapuust-suitsuklotsid\/","title":{"rendered":"Vahemere Akaatsiapuust suitsuklotsid"},"content":{"rendered":"<p><img loading=\"lazy\" decoding=\"async\" class=\"alignleft size-full wp-image-11314\" src=\"https:\/\/grilliguru.ee\/wp-content\/uploads\/2024\/07\/Vahemere-akaatsia-suitsuklotsid-3.png\" alt=\"\" width=\"300\" height=\"300\" \/>Vahemere Akaatsiapuust suitsuklotsid on tuntud oma omap\u00e4rase erilise suitsuse maitse poolest. Need sobivad suurep\u00e4raselt lamba- ja veiseliha suitsutamiseks, eriti klassikalise Ameerika BBQ jaoks. Akaatsiaklotsid lisavad roogadele s\u00fcgavalt omap\u00e4rase maitse ja kuldse v\u00e4rvuse.<\/p>\n<p>Vastab HACCP sertifikaadile: sertifitseeritud kvaliteet toiduohutuse tagamiseks.<\/p>\n<p>Optimaalne niiskus: \u00fchtlase j\u00f5udluse tagamiseks kuivatatakse hoolikalt 13% niiskuseni.<\/p>\n<p>Bukett: Intensiivselt eriline suitsumaitse. Eristub enamusest teistest lehtpuudest.<\/p>\n<p>V\u00e4rvus: kuldkollane.<\/p>\n<p>Kasutamine: lambaliha, veiseliha, Ameerika BBQ.<\/p>\n<p>Sobib kasutamiseks Camp Chef PRO pelletigrillidega ja k\u00f5ikide keraamiliste grillidega ja lisasuitsu tekitamiseks.<\/p>\n<p>Soovitus: M\u00e4rg suitsuklots tekitab rohkem suitsu ja kestab kauem.<\/p>\n<p>Kogus pakis: 1 kg<\/p>\n","protected":false},"excerpt":{"rendered":"<p>Vahemere Akaatsia &#8211; \u00fcks omap\u00e4rasemaid suitsumaitseid. Ideaalne lamba ja veiselihaga.<\/p>\n","protected":false},"featured_media":249921,"template":"","meta":{"inline_featured_image":false},"product_brand":[],"product_cat":[27,26],"product_tag":[],"class_list":{"0":"post-249910","1":"product","2":"type-product","3":"status-publish","4":"has-post-thumbnail","6":"product_cat-grillsusi","7":"product_cat-puidulaastud-ja-tukid","9":"first","10":"instock","11":"taxable","12":"shipping-taxable","13":"purchasable","14":"product-type-simple"},"yoast_head":"<!-- This site is optimized with the Yoast SEO plugin v27.4 - https:\/\/yoast.com\/product\/yoast-seo-wordpress\/ -->\n<title>Vahemere Akaatsiapuust suitsuklotsid - BBQ Entertainment<\/title>\n<meta name=\"robots\" content=\"index, follow, max-snippet:-1, max-image-preview:large, max-video-preview:-1\" \/>\n<link rel=\"canonical\" href=\"https:\/\/bbqentertainment.com\/toode\/vahemere-akaatsiapuust-suitsuklotsid\/\" \/>\n<meta property=\"og:locale\" content=\"en_US\" \/>\n<meta property=\"og:type\" content=\"article\" \/>\n<meta property=\"og:title\" content=\"Vahemere Akaatsiapuust suitsuklotsid - BBQ Entertainment\" \/>\n<meta property=\"og:description\" content=\"Vahemere Akaatsia - \u00fcks omap\u00e4rasemaid suitsumaitseid. Ideaalne lamba ja veiselihaga.\" \/>\n<meta property=\"og:url\" content=\"https:\/\/bbqentertainment.com\/toode\/vahemere-akaatsiapuust-suitsuklotsid\/\" \/>\n<meta property=\"og:site_name\" content=\"BBQ Entertainment\" \/>\n<meta property=\"article:publisher\" content=\"https:\/\/www.facebook.com\/BBQ-Entertainment-N-Catering-2437913376443540\" \/>\n<meta property=\"article:modified_time\" content=\"2025-07-25T10:45:56+00:00\" \/>\n<meta property=\"og:image\" content=\"https:\/\/bbqentertainment.com\/wp-content\/uploads\/2024\/12\/Vahemere-akaatsia-suitsuklots-1.png\" \/>\n\t<meta property=\"og:image:width\" content=\"300\" \/>\n\t<meta property=\"og:image:height\" content=\"300\" \/>\n\t<meta property=\"og:image:type\" content=\"image\/png\" \/>\n<meta name=\"twitter:card\" content=\"summary_large_image\" \/>\n<script type=\"application\/ld+json\" class=\"yoast-schema-graph\">{\"@context\":\"https:\\\/\\\/schema.org\",\"@graph\":[{\"@type\":[\"WebPage\",\"ItemPage\"],\"@id\":\"https:\\\/\\\/bbqentertainment.com\\\/toode\\\/vahemere-akaatsiapuust-suitsuklotsid\\\/\",\"url\":\"https:\\\/\\\/bbqentertainment.com\\\/toode\\\/vahemere-akaatsiapuust-suitsuklotsid\\\/\",\"name\":\"Vahemere Akaatsiapuust suitsuklotsid - BBQ Entertainment\",\"isPartOf\":{\"@id\":\"https:\\\/\\\/bbqentertainment.com\\\/#website\"},\"primaryImageOfPage\":{\"@id\":\"https:\\\/\\\/bbqentertainment.com\\\/toode\\\/vahemere-akaatsiapuust-suitsuklotsid\\\/#primaryimage\"},\"image\":{\"@id\":\"https:\\\/\\\/bbqentertainment.com\\\/toode\\\/vahemere-akaatsiapuust-suitsuklotsid\\\/#primaryimage\"},\"thumbnailUrl\":\"https:\\\/\\\/bbqentertainment.com\\\/wp-content\\\/uploads\\\/2024\\\/12\\\/Vahemere-akaatsia-suitsuklots-1.png\",\"datePublished\":\"2024-12-16T18:01:33+00:00\",\"dateModified\":\"2025-07-25T10:45:56+00:00\",\"breadcrumb\":{\"@id\":\"https:\\\/\\\/bbqentertainment.com\\\/toode\\\/vahemere-akaatsiapuust-suitsuklotsid\\\/#breadcrumb\"},\"inLanguage\":\"en-US\",\"potentialAction\":[{\"@type\":\"ReadAction\",\"target\":[\"https:\\\/\\\/bbqentertainment.com\\\/toode\\\/vahemere-akaatsiapuust-suitsuklotsid\\\/\"]}]},{\"@type\":\"ImageObject\",\"inLanguage\":\"en-US\",\"@id\":\"https:\\\/\\\/bbqentertainment.com\\\/toode\\\/vahemere-akaatsiapuust-suitsuklotsid\\\/#primaryimage\",\"url\":\"https:\\\/\\\/bbqentertainment.com\\\/wp-content\\\/uploads\\\/2024\\\/12\\\/Vahemere-akaatsia-suitsuklots-1.png\",\"contentUrl\":\"https:\\\/\\\/bbqentertainment.com\\\/wp-content\\\/uploads\\\/2024\\\/12\\\/Vahemere-akaatsia-suitsuklots-1.png\",\"width\":300,\"height\":300},{\"@type\":\"BreadcrumbList\",\"@id\":\"https:\\\/\\\/bbqentertainment.com\\\/toode\\\/vahemere-akaatsiapuust-suitsuklotsid\\\/#breadcrumb\",\"itemListElement\":[{\"@type\":\"ListItem\",\"position\":1,\"name\":\"AVALEHT\",\"item\":\"https:\\\/\\\/bbqentertainment.com\\\/en\\\/\"},{\"@type\":\"ListItem\",\"position\":2,\"name\":\"Tooted\",\"item\":\"https:\\\/\\\/bbqentertainment.com\\\/tooted\\\/\"},{\"@type\":\"ListItem\",\"position\":3,\"name\":\"K\u00fcte\",\"item\":\"https:\\\/\\\/bbqentertainment.com\\\/tootekategooria\\\/grillsusi\\\/\"},{\"@type\":\"ListItem\",\"position\":4,\"name\":\"Puidulaastud ja -t\u00fckid\",\"item\":\"https:\\\/\\\/bbqentertainment.com\\\/tootekategooria\\\/grillsusi\\\/puidulaastud-ja-tukid\\\/\"},{\"@type\":\"ListItem\",\"position\":5,\"name\":\"Vahemere Akaatsiapuust suitsuklotsid\"}]},{\"@type\":\"WebSite\",\"@id\":\"https:\\\/\\\/bbqentertainment.com\\\/#website\",\"url\":\"https:\\\/\\\/bbqentertainment.com\\\/\",\"name\":\"BBQ Entertainment\",\"description\":\"BBQ is a great lifestyle, not just fun!\",\"publisher\":{\"@id\":\"https:\\\/\\\/bbqentertainment.com\\\/#organization\"},\"potentialAction\":[{\"@type\":\"SearchAction\",\"target\":{\"@type\":\"EntryPoint\",\"urlTemplate\":\"https:\\\/\\\/bbqentertainment.com\\\/?s={search_term_string}\"},\"query-input\":{\"@type\":\"PropertyValueSpecification\",\"valueRequired\":true,\"valueName\":\"search_term_string\"}}],\"inLanguage\":\"en-US\"},{\"@type\":\"Organization\",\"@id\":\"https:\\\/\\\/bbqentertainment.com\\\/#organization\",\"name\":\"BBQ Entertainment O\u00dc\",\"url\":\"https:\\\/\\\/bbqentertainment.com\\\/\",\"logo\":{\"@type\":\"ImageObject\",\"inLanguage\":\"en-US\",\"@id\":\"https:\\\/\\\/bbqentertainment.com\\\/#\\\/schema\\\/logo\\\/image\\\/\",\"url\":\"https:\\\/\\\/bbqentertainment.com\\\/wp-content\\\/uploads\\\/2020\\\/04\\\/BBQ-Entertainment-N-Catering-Enn-Tobreluts-Logo.png\",\"contentUrl\":\"https:\\\/\\\/bbqentertainment.com\\\/wp-content\\\/uploads\\\/2020\\\/04\\\/BBQ-Entertainment-N-Catering-Enn-Tobreluts-Logo.png\",\"width\":628,\"height\":266,\"caption\":\"BBQ Entertainment O\u00dc\"},\"image\":{\"@id\":\"https:\\\/\\\/bbqentertainment.com\\\/#\\\/schema\\\/logo\\\/image\\\/\"},\"sameAs\":[\"https:\\\/\\\/www.facebook.com\\\/BBQ-Entertainment-N-Catering-2437913376443540\",\"https:\\\/\\\/www.instagram.com\\\/bbqentertainmentncatering\\\/\",\"https:\\\/\\\/www.youtube.com\\\/channel\\\/UCmpuANQVhLy2Md8nrenp2jA\"]}]}<\/script>\n<!-- \/ Yoast SEO plugin. -->","yoast_head_json":{"title":"Vahemere Akaatsiapuust suitsuklotsid - BBQ Entertainment","robots":{"index":"index","follow":"follow","max-snippet":"max-snippet:-1","max-image-preview":"max-image-preview:large","max-video-preview":"max-video-preview:-1"},"canonical":"https:\/\/bbqentertainment.com\/toode\/vahemere-akaatsiapuust-suitsuklotsid\/","og_locale":"en_US","og_type":"article","og_title":"Vahemere Akaatsiapuust suitsuklotsid - BBQ Entertainment","og_description":"Vahemere Akaatsia - \u00fcks omap\u00e4rasemaid suitsumaitseid. Ideaalne lamba ja veiselihaga.","og_url":"https:\/\/bbqentertainment.com\/toode\/vahemere-akaatsiapuust-suitsuklotsid\/","og_site_name":"BBQ Entertainment","article_publisher":"https:\/\/www.facebook.com\/BBQ-Entertainment-N-Catering-2437913376443540","article_modified_time":"2025-07-25T10:45:56+00:00","og_image":[{"width":300,"height":300,"url":"https:\/\/bbqentertainment.com\/wp-content\/uploads\/2024\/12\/Vahemere-akaatsia-suitsuklots-1.png","type":"image\/png"}],"twitter_card":"summary_large_image","schema":{"@context":"https:\/\/schema.org","@graph":[{"@type":["WebPage","ItemPage"],"@id":"https:\/\/bbqentertainment.com\/toode\/vahemere-akaatsiapuust-suitsuklotsid\/","url":"https:\/\/bbqentertainment.com\/toode\/vahemere-akaatsiapuust-suitsuklotsid\/","name":"Vahemere Akaatsiapuust suitsuklotsid - BBQ Entertainment","isPartOf":{"@id":"https:\/\/bbqentertainment.com\/#website"},"primaryImageOfPage":{"@id":"https:\/\/bbqentertainment.com\/toode\/vahemere-akaatsiapuust-suitsuklotsid\/#primaryimage"},"image":{"@id":"https:\/\/bbqentertainment.com\/toode\/vahemere-akaatsiapuust-suitsuklotsid\/#primaryimage"},"thumbnailUrl":"https:\/\/bbqentertainment.com\/wp-content\/uploads\/2024\/12\/Vahemere-akaatsia-suitsuklots-1.png","datePublished":"2024-12-16T18:01:33+00:00","dateModified":"2025-07-25T10:45:56+00:00","breadcrumb":{"@id":"https:\/\/bbqentertainment.com\/toode\/vahemere-akaatsiapuust-suitsuklotsid\/#breadcrumb"},"inLanguage":"en-US","potentialAction":[{"@type":"ReadAction","target":["https:\/\/bbqentertainment.com\/toode\/vahemere-akaatsiapuust-suitsuklotsid\/"]}]},{"@type":"ImageObject","inLanguage":"en-US","@id":"https:\/\/bbqentertainment.com\/toode\/vahemere-akaatsiapuust-suitsuklotsid\/#primaryimage","url":"https:\/\/bbqentertainment.com\/wp-content\/uploads\/2024\/12\/Vahemere-akaatsia-suitsuklots-1.png","contentUrl":"https:\/\/bbqentertainment.com\/wp-content\/uploads\/2024\/12\/Vahemere-akaatsia-suitsuklots-1.png","width":300,"height":300},{"@type":"BreadcrumbList","@id":"https:\/\/bbqentertainment.com\/toode\/vahemere-akaatsiapuust-suitsuklotsid\/#breadcrumb","itemListElement":[{"@type":"ListItem","position":1,"name":"AVALEHT","item":"https:\/\/bbqentertainment.com\/en\/"},{"@type":"ListItem","position":2,"name":"Tooted","item":"https:\/\/bbqentertainment.com\/tooted\/"},{"@type":"ListItem","position":3,"name":"K\u00fcte","item":"https:\/\/bbqentertainment.com\/tootekategooria\/grillsusi\/"},{"@type":"ListItem","position":4,"name":"Puidulaastud ja -t\u00fckid","item":"https:\/\/bbqentertainment.com\/tootekategooria\/grillsusi\/puidulaastud-ja-tukid\/"},{"@type":"ListItem","position":5,"name":"Vahemere Akaatsiapuust suitsuklotsid"}]},{"@type":"WebSite","@id":"https:\/\/bbqentertainment.com\/#website","url":"https:\/\/bbqentertainment.com\/","name":"BBQ Entertainment","description":"BBQ is a great lifestyle, not just fun!","publisher":{"@id":"https:\/\/bbqentertainment.com\/#organization"},"potentialAction":[{"@type":"SearchAction","target":{"@type":"EntryPoint","urlTemplate":"https:\/\/bbqentertainment.com\/?s={search_term_string}"},"query-input":{"@type":"PropertyValueSpecification","valueRequired":true,"valueName":"search_term_string"}}],"inLanguage":"en-US"},{"@type":"Organization","@id":"https:\/\/bbqentertainment.com\/#organization","name":"BBQ Entertainment O\u00dc","url":"https:\/\/bbqentertainment.com\/","logo":{"@type":"ImageObject","inLanguage":"en-US","@id":"https:\/\/bbqentertainment.com\/#\/schema\/logo\/image\/","url":"https:\/\/bbqentertainment.com\/wp-content\/uploads\/2020\/04\/BBQ-Entertainment-N-Catering-Enn-Tobreluts-Logo.png","contentUrl":"https:\/\/bbqentertainment.com\/wp-content\/uploads\/2020\/04\/BBQ-Entertainment-N-Catering-Enn-Tobreluts-Logo.png","width":628,"height":266,"caption":"BBQ Entertainment O\u00dc"},"image":{"@id":"https:\/\/bbqentertainment.com\/#\/schema\/logo\/image\/"},"sameAs":["https:\/\/www.facebook.com\/BBQ-Entertainment-N-Catering-2437913376443540","https:\/\/www.instagram.com\/bbqentertainmentncatering\/","https:\/\/www.youtube.com\/channel\/UCmpuANQVhLy2Md8nrenp2jA"]}]}},"_links":{"self":[{"href":"https:\/\/bbqentertainment.com\/en\/wp-json\/wp\/v2\/product\/249910","targetHints":{"allow":["GET"]}}],"collection":[{"href":"https:\/\/bbqentertainment.com\/en\/wp-json\/wp\/v2\/product"}],"about":[{"href":"https:\/\/bbqentertainment.com\/en\/wp-json\/wp\/v2\/types\/product"}],"wp:featuredmedia":[{"embeddable":true,"href":"https:\/\/bbqentertainment.com\/en\/wp-json\/wp\/v2\/media\/249921"}],"wp:attachment":[{"href":"https:\/\/bbqentertainment.com\/en\/wp-json\/wp\/v2\/media?parent=249910"}],"wp:term":[{"taxonomy":"product_brand","embeddable":true,"href":"https:\/\/bbqentertainment.com\/en\/wp-json\/wp\/v2\/product_brand?post=249910"},{"taxonomy":"product_cat","embeddable":true,"href":"https:\/\/bbqentertainment.com\/en\/wp-json\/wp\/v2\/product_cat?post=249910"},{"taxonomy":"product_tag","embeddable":true,"href":"https:\/\/bbqentertainment.com\/en\/wp-json\/wp\/v2\/product_tag?post=249910"}],"curies":[{"name":"wp","href":"https:\/\/api.w.org\/{rel}","templated":true}]}}