{"id":249992,"date":"2024-12-22T18:57:12","date_gmt":"2024-12-22T16:57:12","guid":{"rendered":"https:\/\/bbqentertainment.com\/?post_type=product&#038;p=249992"},"modified":"2025-07-25T13:45:54","modified_gmt":"2025-07-25T10:45:54","slug":"malmist-ummargune-haudepott-o-20-cm-25-l-oranz-cuisinova","status":"publish","type":"product","link":"https:\/\/bbqentertainment.com\/en\/toode\/malmist-ummargune-haudepott-o-20-cm-25-l-oranz-cuisinova\/","title":{"rendered":"Malmist \u00fcmmargune haudepott \u00d8 20 cm 2,5 L oran\u017e \u2013 Cuisinova"},"content":{"rendered":"<p><strong>Cuisinova<\/strong> on k\u00f6\u00f6gitarvete tootja, kes keskendub vastupidavatele ja praktilistele malmist toodetele. Nende potid ja pannid jaotavad soojust \u00fchtlaselt ja s\u00e4ilitavad temperatuuri h\u00e4sti. Tooted sobivad igap\u00e4evaseks toiduvalmistamiseks ning erinevate roogade valmistamiseks. Cuisinova \u00fchendab traditsioonilise materjali praktilise disainiga, pakkudes lihtsaid ja t\u00f6\u00f6kindlaid lahendusi k\u00f6\u00f6gis.<\/p>\n","protected":false},"excerpt":{"rendered":"<h3><strong>Malmist \u00fcmmargune haudepott \u00d8 20 cm 2,5L oran\u017e\u00a0&#8211; Cuisinova<\/strong><\/h3>\n<ul>\n<li><strong>Vastupidav ja kvaliteetne<\/strong> \u2013 malm on \u00e4\u00e4rmiselt vastupidav materjal, mis kestab kaua. V\u00e4ltida tuleks kukkumist, kuna see v\u00f5ib kahjustada malmi struktuuri.<\/li>\n<li><strong>Optimaalne soojusjaotus<\/strong> \u2013 paks p\u00f5hi ja malmist konstruktsioon tagavad \u00fchtlase kuumuse jaotuse.<\/li>\n<li><strong>Mitmek\u00fclgne kasutus<\/strong> \u2013 sobib ideaalselt hautiste, ahjuroogade ja muude maitsekate roogade valmistamiseks.<\/li>\n<li><strong>T\u00e4iuslik maitseelamus<\/strong> \u2013 hoiab h\u00e4sti soojust ja aitab toitu pikalt madalal temperatuuril k\u00fcpsetada.<\/li>\n<\/ul>\n<p>Cuisinova haudepott on iga toiduarmastaja k\u00f6\u00f6gis asendamatu t\u00f6\u00f6riist, millega valmivad parimad road!<\/p>\n<p style=\"font-weight: 400\"><strong>\u00a0<\/strong><\/p>\n","protected":false},"featured_media":249993,"template":"","meta":{"inline_featured_image":false},"product_brand":[],"product_cat":[92,528],"product_tag":[],"class_list":{"0":"post-249992","1":"product","2":"type-product","3":"status-publish","4":"has-post-thumbnail","6":"product_cat-lisatarvikud","7":"product_cat-potid-ja-pannid","9":"first","10":"instock","11":"taxable","12":"shipping-taxable","13":"purchasable","14":"product-type-simple"},"yoast_head":"<!-- This site is optimized with the Yoast SEO plugin v27.4 - https:\/\/yoast.com\/product\/yoast-seo-wordpress\/ -->\n<title>Malmist \u00fcmmargune haudepott \u00d8 20 cm 2,5 L oran\u017e \u2013 Cuisinova - BBQ Entertainment<\/title>\n<meta name=\"robots\" content=\"index, follow, max-snippet:-1, max-image-preview:large, max-video-preview:-1\" \/>\n<link rel=\"canonical\" href=\"https:\/\/bbqentertainment.com\/toode\/malmist-ummargune-haudepott-o-20-cm-25-l-oranz-cuisinova\/\" \/>\n<meta property=\"og:locale\" content=\"en_US\" \/>\n<meta property=\"og:type\" content=\"article\" \/>\n<meta property=\"og:title\" content=\"Malmist \u00fcmmargune haudepott \u00d8 20 cm 2,5 L oran\u017e \u2013 Cuisinova - BBQ Entertainment\" \/>\n<meta property=\"og:description\" content=\"Malmist \u00fcmmargune haudepott \u00d8 20 cm 2,5L oran\u017e\u00a0- Cuisinova   Vastupidav ja kvaliteetne \u2013 malm on \u00e4\u00e4rmiselt vastupidav materjal, mis kestab kaua. V\u00e4ltida tuleks kukkumist, kuna see v\u00f5ib kahjustada malmi struktuuri.  Optimaalne soojusjaotus \u2013 paks p\u00f5hi ja malmist konstruktsioon tagavad \u00fchtlase kuumuse jaotuse.  Mitmek\u00fclgne kasutus \u2013 sobib ideaalselt hautiste, ahjuroogade ja muude maitsekate roogade valmistamiseks.  T\u00e4iuslik maitseelamus \u2013 hoiab h\u00e4sti soojust ja aitab toitu pikalt madalal temperatuuril k\u00fcpsetada.  Cuisinova haudepott on iga toiduarmastaja k\u00f6\u00f6gis asendamatu t\u00f6\u00f6riist, millega valmivad parimad road! \u00a0\" \/>\n<meta property=\"og:url\" content=\"https:\/\/bbqentertainment.com\/toode\/malmist-ummargune-haudepott-o-20-cm-25-l-oranz-cuisinova\/\" \/>\n<meta property=\"og:site_name\" content=\"BBQ Entertainment\" \/>\n<meta property=\"article:publisher\" content=\"https:\/\/www.facebook.com\/BBQ-Entertainment-N-Catering-2437913376443540\" \/>\n<meta property=\"article:modified_time\" content=\"2025-07-25T10:45:54+00:00\" \/>\n<meta property=\"og:image\" content=\"https:\/\/bbqentertainment.com\/wp-content\/uploads\/2024\/12\/padded_1200x1200_orange.jpg\" \/>\n\t<meta property=\"og:image:width\" content=\"1200\" \/>\n\t<meta property=\"og:image:height\" content=\"1200\" \/>\n\t<meta property=\"og:image:type\" content=\"image\/jpeg\" \/>\n<meta name=\"twitter:card\" content=\"summary_large_image\" \/>\n<meta name=\"twitter:label1\" content=\"Est. reading time\" \/>\n\t<meta name=\"twitter:data1\" content=\"1 minute\" \/>\n<script type=\"application\/ld+json\" class=\"yoast-schema-graph\">{\"@context\":\"https:\\\/\\\/schema.org\",\"@graph\":[{\"@type\":[\"WebPage\",\"ItemPage\"],\"@id\":\"https:\\\/\\\/bbqentertainment.com\\\/toode\\\/malmist-ummargune-haudepott-o-20-cm-25-l-oranz-cuisinova\\\/\",\"url\":\"https:\\\/\\\/bbqentertainment.com\\\/toode\\\/malmist-ummargune-haudepott-o-20-cm-25-l-oranz-cuisinova\\\/\",\"name\":\"Malmist \u00fcmmargune haudepott \u00d8 20 cm 2,5 L oran\u017e \u2013 Cuisinova - BBQ Entertainment\",\"isPartOf\":{\"@id\":\"https:\\\/\\\/bbqentertainment.com\\\/#website\"},\"primaryImageOfPage\":{\"@id\":\"https:\\\/\\\/bbqentertainment.com\\\/toode\\\/malmist-ummargune-haudepott-o-20-cm-25-l-oranz-cuisinova\\\/#primaryimage\"},\"image\":{\"@id\":\"https:\\\/\\\/bbqentertainment.com\\\/toode\\\/malmist-ummargune-haudepott-o-20-cm-25-l-oranz-cuisinova\\\/#primaryimage\"},\"thumbnailUrl\":\"https:\\\/\\\/bbqentertainment.com\\\/wp-content\\\/uploads\\\/2024\\\/12\\\/padded_1200x1200_orange.jpg\",\"datePublished\":\"2024-12-22T16:57:12+00:00\",\"dateModified\":\"2025-07-25T10:45:54+00:00\",\"breadcrumb\":{\"@id\":\"https:\\\/\\\/bbqentertainment.com\\\/toode\\\/malmist-ummargune-haudepott-o-20-cm-25-l-oranz-cuisinova\\\/#breadcrumb\"},\"inLanguage\":\"en-US\",\"potentialAction\":[{\"@type\":\"ReadAction\",\"target\":[\"https:\\\/\\\/bbqentertainment.com\\\/toode\\\/malmist-ummargune-haudepott-o-20-cm-25-l-oranz-cuisinova\\\/\"]}]},{\"@type\":\"ImageObject\",\"inLanguage\":\"en-US\",\"@id\":\"https:\\\/\\\/bbqentertainment.com\\\/toode\\\/malmist-ummargune-haudepott-o-20-cm-25-l-oranz-cuisinova\\\/#primaryimage\",\"url\":\"https:\\\/\\\/bbqentertainment.com\\\/wp-content\\\/uploads\\\/2024\\\/12\\\/padded_1200x1200_orange.jpg\",\"contentUrl\":\"https:\\\/\\\/bbqentertainment.com\\\/wp-content\\\/uploads\\\/2024\\\/12\\\/padded_1200x1200_orange.jpg\",\"width\":1200,\"height\":1200},{\"@type\":\"BreadcrumbList\",\"@id\":\"https:\\\/\\\/bbqentertainment.com\\\/toode\\\/malmist-ummargune-haudepott-o-20-cm-25-l-oranz-cuisinova\\\/#breadcrumb\",\"itemListElement\":[{\"@type\":\"ListItem\",\"position\":1,\"name\":\"AVALEHT\",\"item\":\"https:\\\/\\\/bbqentertainment.com\\\/en\\\/\"},{\"@type\":\"ListItem\",\"position\":2,\"name\":\"Tooted\",\"item\":\"https:\\\/\\\/bbqentertainment.com\\\/tooted\\\/\"},{\"@type\":\"ListItem\",\"position\":3,\"name\":\"Lisatarvikud\",\"item\":\"https:\\\/\\\/bbqentertainment.com\\\/tootekategooria\\\/lisatarvikud\\\/\"},{\"@type\":\"ListItem\",\"position\":4,\"name\":\"Malmist \u00fcmmargune haudepott \u00d8 20 cm 2,5 L oran\u017e \u2013 Cuisinova\"}]},{\"@type\":\"WebSite\",\"@id\":\"https:\\\/\\\/bbqentertainment.com\\\/#website\",\"url\":\"https:\\\/\\\/bbqentertainment.com\\\/\",\"name\":\"BBQ Entertainment\",\"description\":\"BBQ is a great lifestyle, not just fun!\",\"publisher\":{\"@id\":\"https:\\\/\\\/bbqentertainment.com\\\/#organization\"},\"potentialAction\":[{\"@type\":\"SearchAction\",\"target\":{\"@type\":\"EntryPoint\",\"urlTemplate\":\"https:\\\/\\\/bbqentertainment.com\\\/?s={search_term_string}\"},\"query-input\":{\"@type\":\"PropertyValueSpecification\",\"valueRequired\":true,\"valueName\":\"search_term_string\"}}],\"inLanguage\":\"en-US\"},{\"@type\":\"Organization\",\"@id\":\"https:\\\/\\\/bbqentertainment.com\\\/#organization\",\"name\":\"BBQ Entertainment O\u00dc\",\"url\":\"https:\\\/\\\/bbqentertainment.com\\\/\",\"logo\":{\"@type\":\"ImageObject\",\"inLanguage\":\"en-US\",\"@id\":\"https:\\\/\\\/bbqentertainment.com\\\/#\\\/schema\\\/logo\\\/image\\\/\",\"url\":\"https:\\\/\\\/bbqentertainment.com\\\/wp-content\\\/uploads\\\/2020\\\/04\\\/BBQ-Entertainment-N-Catering-Enn-Tobreluts-Logo.png\",\"contentUrl\":\"https:\\\/\\\/bbqentertainment.com\\\/wp-content\\\/uploads\\\/2020\\\/04\\\/BBQ-Entertainment-N-Catering-Enn-Tobreluts-Logo.png\",\"width\":628,\"height\":266,\"caption\":\"BBQ Entertainment O\u00dc\"},\"image\":{\"@id\":\"https:\\\/\\\/bbqentertainment.com\\\/#\\\/schema\\\/logo\\\/image\\\/\"},\"sameAs\":[\"https:\\\/\\\/www.facebook.com\\\/BBQ-Entertainment-N-Catering-2437913376443540\",\"https:\\\/\\\/www.instagram.com\\\/bbqentertainmentncatering\\\/\",\"https:\\\/\\\/www.youtube.com\\\/channel\\\/UCmpuANQVhLy2Md8nrenp2jA\"]}]}<\/script>\n<!-- \/ Yoast SEO plugin. -->","yoast_head_json":{"title":"Malmist \u00fcmmargune haudepott \u00d8 20 cm 2,5 L oran\u017e \u2013 Cuisinova - BBQ Entertainment","robots":{"index":"index","follow":"follow","max-snippet":"max-snippet:-1","max-image-preview":"max-image-preview:large","max-video-preview":"max-video-preview:-1"},"canonical":"https:\/\/bbqentertainment.com\/toode\/malmist-ummargune-haudepott-o-20-cm-25-l-oranz-cuisinova\/","og_locale":"en_US","og_type":"article","og_title":"Malmist \u00fcmmargune haudepott \u00d8 20 cm 2,5 L oran\u017e \u2013 Cuisinova - BBQ Entertainment","og_description":"Malmist \u00fcmmargune haudepott \u00d8 20 cm 2,5L oran\u017e\u00a0- Cuisinova   Vastupidav ja kvaliteetne \u2013 malm on \u00e4\u00e4rmiselt vastupidav materjal, mis kestab kaua. V\u00e4ltida tuleks kukkumist, kuna see v\u00f5ib kahjustada malmi struktuuri.  Optimaalne soojusjaotus \u2013 paks p\u00f5hi ja malmist konstruktsioon tagavad \u00fchtlase kuumuse jaotuse.  Mitmek\u00fclgne kasutus \u2013 sobib ideaalselt hautiste, ahjuroogade ja muude maitsekate roogade valmistamiseks.  T\u00e4iuslik maitseelamus \u2013 hoiab h\u00e4sti soojust ja aitab toitu pikalt madalal temperatuuril k\u00fcpsetada.  Cuisinova haudepott on iga toiduarmastaja k\u00f6\u00f6gis asendamatu t\u00f6\u00f6riist, millega valmivad parimad road! \u00a0","og_url":"https:\/\/bbqentertainment.com\/toode\/malmist-ummargune-haudepott-o-20-cm-25-l-oranz-cuisinova\/","og_site_name":"BBQ Entertainment","article_publisher":"https:\/\/www.facebook.com\/BBQ-Entertainment-N-Catering-2437913376443540","article_modified_time":"2025-07-25T10:45:54+00:00","og_image":[{"width":1200,"height":1200,"url":"https:\/\/bbqentertainment.com\/wp-content\/uploads\/2024\/12\/padded_1200x1200_orange.jpg","type":"image\/jpeg"}],"twitter_card":"summary_large_image","twitter_misc":{"Est. reading time":"1 minute"},"schema":{"@context":"https:\/\/schema.org","@graph":[{"@type":["WebPage","ItemPage"],"@id":"https:\/\/bbqentertainment.com\/toode\/malmist-ummargune-haudepott-o-20-cm-25-l-oranz-cuisinova\/","url":"https:\/\/bbqentertainment.com\/toode\/malmist-ummargune-haudepott-o-20-cm-25-l-oranz-cuisinova\/","name":"Malmist \u00fcmmargune haudepott \u00d8 20 cm 2,5 L oran\u017e \u2013 Cuisinova - BBQ Entertainment","isPartOf":{"@id":"https:\/\/bbqentertainment.com\/#website"},"primaryImageOfPage":{"@id":"https:\/\/bbqentertainment.com\/toode\/malmist-ummargune-haudepott-o-20-cm-25-l-oranz-cuisinova\/#primaryimage"},"image":{"@id":"https:\/\/bbqentertainment.com\/toode\/malmist-ummargune-haudepott-o-20-cm-25-l-oranz-cuisinova\/#primaryimage"},"thumbnailUrl":"https:\/\/bbqentertainment.com\/wp-content\/uploads\/2024\/12\/padded_1200x1200_orange.jpg","datePublished":"2024-12-22T16:57:12+00:00","dateModified":"2025-07-25T10:45:54+00:00","breadcrumb":{"@id":"https:\/\/bbqentertainment.com\/toode\/malmist-ummargune-haudepott-o-20-cm-25-l-oranz-cuisinova\/#breadcrumb"},"inLanguage":"en-US","potentialAction":[{"@type":"ReadAction","target":["https:\/\/bbqentertainment.com\/toode\/malmist-ummargune-haudepott-o-20-cm-25-l-oranz-cuisinova\/"]}]},{"@type":"ImageObject","inLanguage":"en-US","@id":"https:\/\/bbqentertainment.com\/toode\/malmist-ummargune-haudepott-o-20-cm-25-l-oranz-cuisinova\/#primaryimage","url":"https:\/\/bbqentertainment.com\/wp-content\/uploads\/2024\/12\/padded_1200x1200_orange.jpg","contentUrl":"https:\/\/bbqentertainment.com\/wp-content\/uploads\/2024\/12\/padded_1200x1200_orange.jpg","width":1200,"height":1200},{"@type":"BreadcrumbList","@id":"https:\/\/bbqentertainment.com\/toode\/malmist-ummargune-haudepott-o-20-cm-25-l-oranz-cuisinova\/#breadcrumb","itemListElement":[{"@type":"ListItem","position":1,"name":"AVALEHT","item":"https:\/\/bbqentertainment.com\/en\/"},{"@type":"ListItem","position":2,"name":"Tooted","item":"https:\/\/bbqentertainment.com\/tooted\/"},{"@type":"ListItem","position":3,"name":"Lisatarvikud","item":"https:\/\/bbqentertainment.com\/tootekategooria\/lisatarvikud\/"},{"@type":"ListItem","position":4,"name":"Malmist \u00fcmmargune haudepott \u00d8 20 cm 2,5 L oran\u017e \u2013 Cuisinova"}]},{"@type":"WebSite","@id":"https:\/\/bbqentertainment.com\/#website","url":"https:\/\/bbqentertainment.com\/","name":"BBQ Entertainment","description":"BBQ is a great lifestyle, not just fun!","publisher":{"@id":"https:\/\/bbqentertainment.com\/#organization"},"potentialAction":[{"@type":"SearchAction","target":{"@type":"EntryPoint","urlTemplate":"https:\/\/bbqentertainment.com\/?s={search_term_string}"},"query-input":{"@type":"PropertyValueSpecification","valueRequired":true,"valueName":"search_term_string"}}],"inLanguage":"en-US"},{"@type":"Organization","@id":"https:\/\/bbqentertainment.com\/#organization","name":"BBQ Entertainment O\u00dc","url":"https:\/\/bbqentertainment.com\/","logo":{"@type":"ImageObject","inLanguage":"en-US","@id":"https:\/\/bbqentertainment.com\/#\/schema\/logo\/image\/","url":"https:\/\/bbqentertainment.com\/wp-content\/uploads\/2020\/04\/BBQ-Entertainment-N-Catering-Enn-Tobreluts-Logo.png","contentUrl":"https:\/\/bbqentertainment.com\/wp-content\/uploads\/2020\/04\/BBQ-Entertainment-N-Catering-Enn-Tobreluts-Logo.png","width":628,"height":266,"caption":"BBQ Entertainment O\u00dc"},"image":{"@id":"https:\/\/bbqentertainment.com\/#\/schema\/logo\/image\/"},"sameAs":["https:\/\/www.facebook.com\/BBQ-Entertainment-N-Catering-2437913376443540","https:\/\/www.instagram.com\/bbqentertainmentncatering\/","https:\/\/www.youtube.com\/channel\/UCmpuANQVhLy2Md8nrenp2jA"]}]}},"_links":{"self":[{"href":"https:\/\/bbqentertainment.com\/en\/wp-json\/wp\/v2\/product\/249992","targetHints":{"allow":["GET"]}}],"collection":[{"href":"https:\/\/bbqentertainment.com\/en\/wp-json\/wp\/v2\/product"}],"about":[{"href":"https:\/\/bbqentertainment.com\/en\/wp-json\/wp\/v2\/types\/product"}],"wp:featuredmedia":[{"embeddable":true,"href":"https:\/\/bbqentertainment.com\/en\/wp-json\/wp\/v2\/media\/249993"}],"wp:attachment":[{"href":"https:\/\/bbqentertainment.com\/en\/wp-json\/wp\/v2\/media?parent=249992"}],"wp:term":[{"taxonomy":"product_brand","embeddable":true,"href":"https:\/\/bbqentertainment.com\/en\/wp-json\/wp\/v2\/product_brand?post=249992"},{"taxonomy":"product_cat","embeddable":true,"href":"https:\/\/bbqentertainment.com\/en\/wp-json\/wp\/v2\/product_cat?post=249992"},{"taxonomy":"product_tag","embeddable":true,"href":"https:\/\/bbqentertainment.com\/en\/wp-json\/wp\/v2\/product_tag?post=249992"}],"curies":[{"name":"wp","href":"https:\/\/api.w.org\/{rel}","templated":true}]}}