{"id":249998,"date":"2024-12-22T20:18:54","date_gmt":"2024-12-22T18:18:54","guid":{"rendered":"https:\/\/bbqentertainment.com\/?post_type=product&#038;p=249998"},"modified":"2025-07-25T13:45:55","modified_gmt":"2025-07-25T10:45:55","slug":"piknikugrill-cube360-must-everdure-by-heston-blumenthal","status":"publish","type":"product","link":"https:\/\/bbqentertainment.com\/en\/toode\/piknikugrill-cube360-must-everdure-by-heston-blumenthal\/","title":{"rendered":"PIKNIKUGRILL CUBE\u2122360 (must) \u2013 Everdure by Heston Blumenthal"},"content":{"rendered":"","protected":false},"excerpt":{"rendered":"<div class=\"flex max-w-full flex-col flex-grow\">\n<div class=\"min-h-8 text-message flex w-full flex-col items-end gap-2 whitespace-normal break-words text-start [.text-message+&amp;]:mt-5\" dir=\"auto\" data-message-author-role=\"assistant\" data-message-id=\"17ecd573-f5a4-4900-b1c9-4b4f77463713\" data-message-model-slug=\"gpt-4o\">\n<div class=\"flex w-full flex-col gap-1 empty:hidden first:pt-[3px]\">\n<div class=\"markdown prose w-full break-words dark:prose-invert light\">\n<h3><strong>PIKNIKUGRILL CUBE\u2122360 (must) \u2013 Everdure by Heston Blumenthal<\/strong><\/h3>\n<p>Stiilne ja praktiline piknikugrill CUBE\u2122360 sobib ideaalselt neile, kes hindavad kvaliteeti ja mugavust. See kokkupandav ja kergesti puhastatav s\u00f6egrill on loodud pakkuma suurep\u00e4rast grillimiskogemust k\u00f5ikjal \u2013 rannas, pargis v\u00f5i oma terrassil.<\/p>\n<p>Grillil on vastupidav ja elegantne kaas, mis muudab transportimise lihtsaks ning kaitseb sisu. Kaasas on 3-osaline t\u00f6\u00f6riistakomplekt (tangid, labidas, puhastushari), mis teeb toiduvalmistamise veelgi mugavamaks.<\/p>\n<p><strong>M\u00f5\u00f5tmed:<\/strong><\/p>\n<ul>\n<li><strong>K\u00f5rgus:<\/strong> 337 mm<\/li>\n<li><strong>Laius:<\/strong> 425 mm<\/li>\n<li><strong>S\u00fcgavus:<\/strong> 347 mm<\/li>\n<\/ul>\n<p>CUBE\u2122360 on kompaktne, kuid mahukas \u2013 ideaalne kaaslane igale grillis\u00f5brale.<\/p>\n<\/div>\n<\/div>\n<\/div>\n<\/div>\n","protected":false},"featured_media":249999,"template":"","meta":{"inline_featured_image":false},"product_brand":[],"product_cat":[17,163],"product_tag":[],"class_list":{"0":"post-249998","1":"product","2":"type-product","3":"status-publish","4":"has-post-thumbnail","6":"product_cat-grillid-ja-ahjud","7":"product_cat-everdure-by-heston","9":"first","10":"instock","11":"taxable","12":"shipping-taxable","13":"purchasable","14":"product-type-simple"},"yoast_head":"<!-- This site is optimized with the Yoast SEO plugin v27.4 - https:\/\/yoast.com\/product\/yoast-seo-wordpress\/ -->\n<title>PIKNIKUGRILL CUBE\u2122360 (must) \u2013 Everdure by Heston Blumenthal - BBQ Entertainment<\/title>\n<meta name=\"robots\" content=\"index, follow, max-snippet:-1, max-image-preview:large, max-video-preview:-1\" \/>\n<link rel=\"canonical\" href=\"https:\/\/bbqentertainment.com\/toode\/piknikugrill-cube360-must-everdure-by-heston-blumenthal\/\" \/>\n<meta property=\"og:locale\" content=\"en_US\" \/>\n<meta property=\"og:type\" content=\"article\" \/>\n<meta property=\"og:title\" content=\"PIKNIKUGRILL CUBE\u2122360 (must) \u2013 Everdure by Heston Blumenthal - BBQ Entertainment\" \/>\n<meta property=\"og:description\" content=\"PIKNIKUGRILL CUBE\u2122360 (must) \u2013 Everdure by Heston Blumenthal Stiilne ja praktiline piknikugrill CUBE\u2122360 sobib ideaalselt neile, kes hindavad kvaliteeti ja mugavust. See kokkupandav ja kergesti puhastatav s\u00f6egrill on loodud pakkuma suurep\u00e4rast grillimiskogemust k\u00f5ikjal \u2013 rannas, pargis v\u00f5i oma terrassil.  Grillil on vastupidav ja elegantne kaas, mis muudab transportimise lihtsaks ning kaitseb sisu. Kaasas on 3-osaline t\u00f6\u00f6riistakomplekt (tangid, labidas, puhastushari), mis teeb toiduvalmistamise veelgi mugavamaks.  M\u00f5\u00f5tmed:   K\u00f5rgus: 337 mm  Laius: 425 mm  S\u00fcgavus: 347 mm  CUBE\u2122360 on kompaktne, kuid mahukas \u2013 ideaalne kaaslane igale grillis\u00f5brale.\" \/>\n<meta property=\"og:url\" content=\"https:\/\/bbqentertainment.com\/toode\/piknikugrill-cube360-must-everdure-by-heston-blumenthal\/\" \/>\n<meta property=\"og:site_name\" content=\"BBQ Entertainment\" \/>\n<meta property=\"article:publisher\" content=\"https:\/\/www.facebook.com\/BBQ-Entertainment-N-Catering-2437913376443540\" \/>\n<meta property=\"article:modified_time\" content=\"2025-07-25T10:45:55+00:00\" \/>\n<meta property=\"og:image\" content=\"https:\/\/bbqentertainment.com\/wp-content\/uploads\/2024\/12\/padded_1200x1200_CUBE360-1.jpg\" \/>\n\t<meta property=\"og:image:width\" content=\"1200\" \/>\n\t<meta property=\"og:image:height\" content=\"1200\" \/>\n\t<meta property=\"og:image:type\" content=\"image\/jpeg\" \/>\n<meta name=\"twitter:card\" content=\"summary_large_image\" \/>\n<meta name=\"twitter:label1\" content=\"Est. reading time\" \/>\n\t<meta name=\"twitter:data1\" content=\"1 minute\" \/>\n<script type=\"application\/ld+json\" class=\"yoast-schema-graph\">{\"@context\":\"https:\\\/\\\/schema.org\",\"@graph\":[{\"@type\":[\"WebPage\",\"ItemPage\"],\"@id\":\"https:\\\/\\\/bbqentertainment.com\\\/toode\\\/piknikugrill-cube360-must-everdure-by-heston-blumenthal\\\/\",\"url\":\"https:\\\/\\\/bbqentertainment.com\\\/toode\\\/piknikugrill-cube360-must-everdure-by-heston-blumenthal\\\/\",\"name\":\"PIKNIKUGRILL CUBE\u2122360 (must) \u2013 Everdure by Heston Blumenthal - BBQ Entertainment\",\"isPartOf\":{\"@id\":\"https:\\\/\\\/bbqentertainment.com\\\/#website\"},\"primaryImageOfPage\":{\"@id\":\"https:\\\/\\\/bbqentertainment.com\\\/toode\\\/piknikugrill-cube360-must-everdure-by-heston-blumenthal\\\/#primaryimage\"},\"image\":{\"@id\":\"https:\\\/\\\/bbqentertainment.com\\\/toode\\\/piknikugrill-cube360-must-everdure-by-heston-blumenthal\\\/#primaryimage\"},\"thumbnailUrl\":\"https:\\\/\\\/bbqentertainment.com\\\/wp-content\\\/uploads\\\/2024\\\/12\\\/padded_1200x1200_CUBE360-1.jpg\",\"datePublished\":\"2024-12-22T18:18:54+00:00\",\"dateModified\":\"2025-07-25T10:45:55+00:00\",\"breadcrumb\":{\"@id\":\"https:\\\/\\\/bbqentertainment.com\\\/toode\\\/piknikugrill-cube360-must-everdure-by-heston-blumenthal\\\/#breadcrumb\"},\"inLanguage\":\"en-US\",\"potentialAction\":[{\"@type\":\"ReadAction\",\"target\":[\"https:\\\/\\\/bbqentertainment.com\\\/toode\\\/piknikugrill-cube360-must-everdure-by-heston-blumenthal\\\/\"]}]},{\"@type\":\"ImageObject\",\"inLanguage\":\"en-US\",\"@id\":\"https:\\\/\\\/bbqentertainment.com\\\/toode\\\/piknikugrill-cube360-must-everdure-by-heston-blumenthal\\\/#primaryimage\",\"url\":\"https:\\\/\\\/bbqentertainment.com\\\/wp-content\\\/uploads\\\/2024\\\/12\\\/padded_1200x1200_CUBE360-1.jpg\",\"contentUrl\":\"https:\\\/\\\/bbqentertainment.com\\\/wp-content\\\/uploads\\\/2024\\\/12\\\/padded_1200x1200_CUBE360-1.jpg\",\"width\":1200,\"height\":1200},{\"@type\":\"BreadcrumbList\",\"@id\":\"https:\\\/\\\/bbqentertainment.com\\\/toode\\\/piknikugrill-cube360-must-everdure-by-heston-blumenthal\\\/#breadcrumb\",\"itemListElement\":[{\"@type\":\"ListItem\",\"position\":1,\"name\":\"AVALEHT\",\"item\":\"https:\\\/\\\/bbqentertainment.com\\\/en\\\/\"},{\"@type\":\"ListItem\",\"position\":2,\"name\":\"Tooted\",\"item\":\"https:\\\/\\\/bbqentertainment.com\\\/tooted\\\/\"},{\"@type\":\"ListItem\",\"position\":3,\"name\":\"Grillid ja ahjud\",\"item\":\"https:\\\/\\\/bbqentertainment.com\\\/tootekategooria\\\/grillid-ja-ahjud\\\/\"},{\"@type\":\"ListItem\",\"position\":4,\"name\":\"Everdure by Heston\",\"item\":\"https:\\\/\\\/bbqentertainment.com\\\/tootekategooria\\\/grillid-ja-ahjud\\\/everdure-by-heston\\\/\"},{\"@type\":\"ListItem\",\"position\":5,\"name\":\"PIKNIKUGRILL CUBE\u2122360 (must) \u2013 Everdure by Heston Blumenthal\"}]},{\"@type\":\"WebSite\",\"@id\":\"https:\\\/\\\/bbqentertainment.com\\\/#website\",\"url\":\"https:\\\/\\\/bbqentertainment.com\\\/\",\"name\":\"BBQ Entertainment\",\"description\":\"BBQ is a great lifestyle, not just fun!\",\"publisher\":{\"@id\":\"https:\\\/\\\/bbqentertainment.com\\\/#organization\"},\"potentialAction\":[{\"@type\":\"SearchAction\",\"target\":{\"@type\":\"EntryPoint\",\"urlTemplate\":\"https:\\\/\\\/bbqentertainment.com\\\/?s={search_term_string}\"},\"query-input\":{\"@type\":\"PropertyValueSpecification\",\"valueRequired\":true,\"valueName\":\"search_term_string\"}}],\"inLanguage\":\"en-US\"},{\"@type\":\"Organization\",\"@id\":\"https:\\\/\\\/bbqentertainment.com\\\/#organization\",\"name\":\"BBQ Entertainment O\u00dc\",\"url\":\"https:\\\/\\\/bbqentertainment.com\\\/\",\"logo\":{\"@type\":\"ImageObject\",\"inLanguage\":\"en-US\",\"@id\":\"https:\\\/\\\/bbqentertainment.com\\\/#\\\/schema\\\/logo\\\/image\\\/\",\"url\":\"https:\\\/\\\/bbqentertainment.com\\\/wp-content\\\/uploads\\\/2020\\\/04\\\/BBQ-Entertainment-N-Catering-Enn-Tobreluts-Logo.png\",\"contentUrl\":\"https:\\\/\\\/bbqentertainment.com\\\/wp-content\\\/uploads\\\/2020\\\/04\\\/BBQ-Entertainment-N-Catering-Enn-Tobreluts-Logo.png\",\"width\":628,\"height\":266,\"caption\":\"BBQ Entertainment O\u00dc\"},\"image\":{\"@id\":\"https:\\\/\\\/bbqentertainment.com\\\/#\\\/schema\\\/logo\\\/image\\\/\"},\"sameAs\":[\"https:\\\/\\\/www.facebook.com\\\/BBQ-Entertainment-N-Catering-2437913376443540\",\"https:\\\/\\\/www.instagram.com\\\/bbqentertainmentncatering\\\/\",\"https:\\\/\\\/www.youtube.com\\\/channel\\\/UCmpuANQVhLy2Md8nrenp2jA\"]}]}<\/script>\n<!-- \/ Yoast SEO plugin. -->","yoast_head_json":{"title":"PIKNIKUGRILL CUBE\u2122360 (must) \u2013 Everdure by Heston Blumenthal - BBQ Entertainment","robots":{"index":"index","follow":"follow","max-snippet":"max-snippet:-1","max-image-preview":"max-image-preview:large","max-video-preview":"max-video-preview:-1"},"canonical":"https:\/\/bbqentertainment.com\/toode\/piknikugrill-cube360-must-everdure-by-heston-blumenthal\/","og_locale":"en_US","og_type":"article","og_title":"PIKNIKUGRILL CUBE\u2122360 (must) \u2013 Everdure by Heston Blumenthal - BBQ Entertainment","og_description":"PIKNIKUGRILL CUBE\u2122360 (must) \u2013 Everdure by Heston Blumenthal Stiilne ja praktiline piknikugrill CUBE\u2122360 sobib ideaalselt neile, kes hindavad kvaliteeti ja mugavust. See kokkupandav ja kergesti puhastatav s\u00f6egrill on loodud pakkuma suurep\u00e4rast grillimiskogemust k\u00f5ikjal \u2013 rannas, pargis v\u00f5i oma terrassil.  Grillil on vastupidav ja elegantne kaas, mis muudab transportimise lihtsaks ning kaitseb sisu. Kaasas on 3-osaline t\u00f6\u00f6riistakomplekt (tangid, labidas, puhastushari), mis teeb toiduvalmistamise veelgi mugavamaks.  M\u00f5\u00f5tmed:   K\u00f5rgus: 337 mm  Laius: 425 mm  S\u00fcgavus: 347 mm  CUBE\u2122360 on kompaktne, kuid mahukas \u2013 ideaalne kaaslane igale grillis\u00f5brale.","og_url":"https:\/\/bbqentertainment.com\/toode\/piknikugrill-cube360-must-everdure-by-heston-blumenthal\/","og_site_name":"BBQ Entertainment","article_publisher":"https:\/\/www.facebook.com\/BBQ-Entertainment-N-Catering-2437913376443540","article_modified_time":"2025-07-25T10:45:55+00:00","og_image":[{"width":1200,"height":1200,"url":"https:\/\/bbqentertainment.com\/wp-content\/uploads\/2024\/12\/padded_1200x1200_CUBE360-1.jpg","type":"image\/jpeg"}],"twitter_card":"summary_large_image","twitter_misc":{"Est. reading time":"1 minute"},"schema":{"@context":"https:\/\/schema.org","@graph":[{"@type":["WebPage","ItemPage"],"@id":"https:\/\/bbqentertainment.com\/toode\/piknikugrill-cube360-must-everdure-by-heston-blumenthal\/","url":"https:\/\/bbqentertainment.com\/toode\/piknikugrill-cube360-must-everdure-by-heston-blumenthal\/","name":"PIKNIKUGRILL CUBE\u2122360 (must) \u2013 Everdure by Heston Blumenthal - BBQ Entertainment","isPartOf":{"@id":"https:\/\/bbqentertainment.com\/#website"},"primaryImageOfPage":{"@id":"https:\/\/bbqentertainment.com\/toode\/piknikugrill-cube360-must-everdure-by-heston-blumenthal\/#primaryimage"},"image":{"@id":"https:\/\/bbqentertainment.com\/toode\/piknikugrill-cube360-must-everdure-by-heston-blumenthal\/#primaryimage"},"thumbnailUrl":"https:\/\/bbqentertainment.com\/wp-content\/uploads\/2024\/12\/padded_1200x1200_CUBE360-1.jpg","datePublished":"2024-12-22T18:18:54+00:00","dateModified":"2025-07-25T10:45:55+00:00","breadcrumb":{"@id":"https:\/\/bbqentertainment.com\/toode\/piknikugrill-cube360-must-everdure-by-heston-blumenthal\/#breadcrumb"},"inLanguage":"en-US","potentialAction":[{"@type":"ReadAction","target":["https:\/\/bbqentertainment.com\/toode\/piknikugrill-cube360-must-everdure-by-heston-blumenthal\/"]}]},{"@type":"ImageObject","inLanguage":"en-US","@id":"https:\/\/bbqentertainment.com\/toode\/piknikugrill-cube360-must-everdure-by-heston-blumenthal\/#primaryimage","url":"https:\/\/bbqentertainment.com\/wp-content\/uploads\/2024\/12\/padded_1200x1200_CUBE360-1.jpg","contentUrl":"https:\/\/bbqentertainment.com\/wp-content\/uploads\/2024\/12\/padded_1200x1200_CUBE360-1.jpg","width":1200,"height":1200},{"@type":"BreadcrumbList","@id":"https:\/\/bbqentertainment.com\/toode\/piknikugrill-cube360-must-everdure-by-heston-blumenthal\/#breadcrumb","itemListElement":[{"@type":"ListItem","position":1,"name":"AVALEHT","item":"https:\/\/bbqentertainment.com\/en\/"},{"@type":"ListItem","position":2,"name":"Tooted","item":"https:\/\/bbqentertainment.com\/tooted\/"},{"@type":"ListItem","position":3,"name":"Grillid ja ahjud","item":"https:\/\/bbqentertainment.com\/tootekategooria\/grillid-ja-ahjud\/"},{"@type":"ListItem","position":4,"name":"Everdure by Heston","item":"https:\/\/bbqentertainment.com\/tootekategooria\/grillid-ja-ahjud\/everdure-by-heston\/"},{"@type":"ListItem","position":5,"name":"PIKNIKUGRILL CUBE\u2122360 (must) \u2013 Everdure by Heston Blumenthal"}]},{"@type":"WebSite","@id":"https:\/\/bbqentertainment.com\/#website","url":"https:\/\/bbqentertainment.com\/","name":"BBQ Entertainment","description":"BBQ is a great lifestyle, not just fun!","publisher":{"@id":"https:\/\/bbqentertainment.com\/#organization"},"potentialAction":[{"@type":"SearchAction","target":{"@type":"EntryPoint","urlTemplate":"https:\/\/bbqentertainment.com\/?s={search_term_string}"},"query-input":{"@type":"PropertyValueSpecification","valueRequired":true,"valueName":"search_term_string"}}],"inLanguage":"en-US"},{"@type":"Organization","@id":"https:\/\/bbqentertainment.com\/#organization","name":"BBQ Entertainment O\u00dc","url":"https:\/\/bbqentertainment.com\/","logo":{"@type":"ImageObject","inLanguage":"en-US","@id":"https:\/\/bbqentertainment.com\/#\/schema\/logo\/image\/","url":"https:\/\/bbqentertainment.com\/wp-content\/uploads\/2020\/04\/BBQ-Entertainment-N-Catering-Enn-Tobreluts-Logo.png","contentUrl":"https:\/\/bbqentertainment.com\/wp-content\/uploads\/2020\/04\/BBQ-Entertainment-N-Catering-Enn-Tobreluts-Logo.png","width":628,"height":266,"caption":"BBQ Entertainment O\u00dc"},"image":{"@id":"https:\/\/bbqentertainment.com\/#\/schema\/logo\/image\/"},"sameAs":["https:\/\/www.facebook.com\/BBQ-Entertainment-N-Catering-2437913376443540","https:\/\/www.instagram.com\/bbqentertainmentncatering\/","https:\/\/www.youtube.com\/channel\/UCmpuANQVhLy2Md8nrenp2jA"]}]}},"_links":{"self":[{"href":"https:\/\/bbqentertainment.com\/en\/wp-json\/wp\/v2\/product\/249998","targetHints":{"allow":["GET"]}}],"collection":[{"href":"https:\/\/bbqentertainment.com\/en\/wp-json\/wp\/v2\/product"}],"about":[{"href":"https:\/\/bbqentertainment.com\/en\/wp-json\/wp\/v2\/types\/product"}],"wp:featuredmedia":[{"embeddable":true,"href":"https:\/\/bbqentertainment.com\/en\/wp-json\/wp\/v2\/media\/249999"}],"wp:attachment":[{"href":"https:\/\/bbqentertainment.com\/en\/wp-json\/wp\/v2\/media?parent=249998"}],"wp:term":[{"taxonomy":"product_brand","embeddable":true,"href":"https:\/\/bbqentertainment.com\/en\/wp-json\/wp\/v2\/product_brand?post=249998"},{"taxonomy":"product_cat","embeddable":true,"href":"https:\/\/bbqentertainment.com\/en\/wp-json\/wp\/v2\/product_cat?post=249998"},{"taxonomy":"product_tag","embeddable":true,"href":"https:\/\/bbqentertainment.com\/en\/wp-json\/wp\/v2\/product_tag?post=249998"}],"curies":[{"name":"wp","href":"https:\/\/api.w.org\/{rel}","templated":true}]}}