{"id":250079,"date":"2024-12-23T11:28:14","date_gmt":"2024-12-23T09:28:14","guid":{"rendered":"https:\/\/bbqentertainment.com\/?post_type=product&#038;p=250079"},"modified":"2025-07-25T13:45:31","modified_gmt":"2025-07-25T10:45:31","slug":"sambonet-vintage-pott-kaaneta-19l","status":"publish","type":"product","link":"https:\/\/bbqentertainment.com\/en\/toode\/sambonet-vintage-pott-kaaneta-19l\/","title":{"rendered":"Sambonet Vintage POTT KAANETA 1,9L"},"content":{"rendered":"<h3><strong>Sambonet 1965 Vintage kollektsioon<\/strong><\/h3>\n<p>Sambonet toob t\u00e4nap\u00e4eva k\u00f6\u00f6ki ajatu Itaalia k\u00f6\u00f6gikultuuri v\u00f5lu, mis on inspireeritud m\u00f6\u00f6dunud aastak\u00fcmnetest. 1965 Vintage kollektsioon taaselustab kuuek\u00fcmnendate aastate stiili. Ikooniline vintage pinnat\u00f6\u00f6tlus on austusavaldus klassikalisele disainile, \u00fchendades kvaliteedi ja nostalgilise stiili.<\/p>\n<p>Sambonet 1965 Vintage kollektsioon p\u00e4lvis <strong>Interior Innovation Award 2017<\/strong>, mille andis v\u00e4lja <strong>Architonic AG<\/strong> Z\u00fcrichis, \u0160veitsis<\/p>\n<p>&nbsp;<\/p>\n","protected":false},"excerpt":{"rendered":"<h3><strong>Sambonet 1965 Vintage kollektsiooni keedupott kaaneta 1,9L\u00a0<\/strong><\/h3>\n<ul>\n<li><strong>M\u00f5\u00f5tmed:<\/strong> diameeter 16 cm, k\u00f5rgus 9,5 cm<\/li>\n<li><strong>Valmistatud Itaalias<\/strong> \u2013 inspireeritud ajatutest k\u00f6\u00f6gin\u00f5udest<\/li>\n<li><strong>Unikaalne vintage viimistlus<\/strong> saavutatakse spetsiaalse mehaanilise t\u00f6\u00f6tlusega, mis annab pinnale sihilikult kulunud v\u00e4limuse<\/li>\n<li><strong>Sobib k\u00f5ikidele pliidit\u00fc\u00fcpidele<\/strong>, sh induktsioon<\/li>\n<li><strong>Lihtne hooldada<\/strong> \u2013 n\u00f5udepesumasinas pestav<\/li>\n<\/ul>\n<p><em>NB! Kaas ei kuulu komplekti.\u00a0<\/em><\/p>\n<p style=\"font-weight: 400\">\n","protected":false},"featured_media":250088,"template":"","meta":{"inline_featured_image":false},"product_brand":[],"product_cat":[92,528],"product_tag":[],"class_list":{"0":"post-250079","1":"product","2":"type-product","3":"status-publish","4":"has-post-thumbnail","6":"product_cat-lisatarvikud","7":"product_cat-potid-ja-pannid","9":"first","10":"instock","11":"taxable","12":"shipping-taxable","13":"purchasable","14":"product-type-simple"},"yoast_head":"<!-- This site is optimized with the Yoast SEO plugin v27.4 - https:\/\/yoast.com\/product\/yoast-seo-wordpress\/ -->\n<title>Sambonet Vintage POTT KAANETA 1,9L - BBQ Entertainment<\/title>\n<meta name=\"robots\" content=\"index, follow, max-snippet:-1, max-image-preview:large, max-video-preview:-1\" \/>\n<link rel=\"canonical\" href=\"https:\/\/bbqentertainment.com\/toode\/sambonet-vintage-pott-kaaneta-19l\/\" \/>\n<meta property=\"og:locale\" content=\"en_US\" \/>\n<meta property=\"og:type\" content=\"article\" \/>\n<meta property=\"og:title\" content=\"Sambonet Vintage POTT KAANETA 1,9L - BBQ Entertainment\" \/>\n<meta property=\"og:description\" content=\"Sambonet 1965 Vintage kollektsiooni keedupott kaaneta 1,9L\u00a0   M\u00f5\u00f5tmed: diameeter 16 cm, k\u00f5rgus 9,5 cm  Valmistatud Itaalias \u2013 inspireeritud ajatutest k\u00f6\u00f6gin\u00f5udest  Unikaalne vintage viimistlus saavutatakse spetsiaalse mehaanilise t\u00f6\u00f6tlusega, mis annab pinnale sihilikult kulunud v\u00e4limuse  Sobib k\u00f5ikidele pliidit\u00fc\u00fcpidele, sh induktsioon  Lihtne hooldada \u2013 n\u00f5udepesumasinas pestav  NB! Kaas ei kuulu komplekti.\u00a0\" \/>\n<meta property=\"og:url\" content=\"https:\/\/bbqentertainment.com\/toode\/sambonet-vintage-pott-kaaneta-19l\/\" \/>\n<meta property=\"og:site_name\" content=\"BBQ Entertainment\" \/>\n<meta property=\"article:publisher\" content=\"https:\/\/www.facebook.com\/BBQ-Entertainment-N-Catering-2437913376443540\" \/>\n<meta property=\"article:modified_time\" content=\"2025-07-25T10:45:31+00:00\" \/>\n<meta property=\"og:image\" content=\"https:\/\/bbqentertainment.com\/wp-content\/uploads\/2024\/12\/51907-16_compressed.jpg\" \/>\n\t<meta property=\"og:image:width\" content=\"1200\" \/>\n\t<meta property=\"og:image:height\" content=\"1200\" \/>\n\t<meta property=\"og:image:type\" content=\"image\/jpeg\" \/>\n<meta name=\"twitter:card\" content=\"summary_large_image\" \/>\n<meta name=\"twitter:label1\" content=\"Est. reading time\" \/>\n\t<meta name=\"twitter:data1\" content=\"1 minute\" \/>\n<script type=\"application\/ld+json\" class=\"yoast-schema-graph\">{\"@context\":\"https:\\\/\\\/schema.org\",\"@graph\":[{\"@type\":[\"WebPage\",\"ItemPage\"],\"@id\":\"https:\\\/\\\/bbqentertainment.com\\\/toode\\\/sambonet-vintage-pott-kaaneta-19l\\\/\",\"url\":\"https:\\\/\\\/bbqentertainment.com\\\/toode\\\/sambonet-vintage-pott-kaaneta-19l\\\/\",\"name\":\"Sambonet Vintage POTT KAANETA 1,9L - BBQ Entertainment\",\"isPartOf\":{\"@id\":\"https:\\\/\\\/bbqentertainment.com\\\/#website\"},\"primaryImageOfPage\":{\"@id\":\"https:\\\/\\\/bbqentertainment.com\\\/toode\\\/sambonet-vintage-pott-kaaneta-19l\\\/#primaryimage\"},\"image\":{\"@id\":\"https:\\\/\\\/bbqentertainment.com\\\/toode\\\/sambonet-vintage-pott-kaaneta-19l\\\/#primaryimage\"},\"thumbnailUrl\":\"https:\\\/\\\/bbqentertainment.com\\\/wp-content\\\/uploads\\\/2024\\\/12\\\/51907-16_compressed.jpg\",\"datePublished\":\"2024-12-23T09:28:14+00:00\",\"dateModified\":\"2025-07-25T10:45:31+00:00\",\"breadcrumb\":{\"@id\":\"https:\\\/\\\/bbqentertainment.com\\\/toode\\\/sambonet-vintage-pott-kaaneta-19l\\\/#breadcrumb\"},\"inLanguage\":\"en-US\",\"potentialAction\":[{\"@type\":\"ReadAction\",\"target\":[\"https:\\\/\\\/bbqentertainment.com\\\/toode\\\/sambonet-vintage-pott-kaaneta-19l\\\/\"]}]},{\"@type\":\"ImageObject\",\"inLanguage\":\"en-US\",\"@id\":\"https:\\\/\\\/bbqentertainment.com\\\/toode\\\/sambonet-vintage-pott-kaaneta-19l\\\/#primaryimage\",\"url\":\"https:\\\/\\\/bbqentertainment.com\\\/wp-content\\\/uploads\\\/2024\\\/12\\\/51907-16_compressed.jpg\",\"contentUrl\":\"https:\\\/\\\/bbqentertainment.com\\\/wp-content\\\/uploads\\\/2024\\\/12\\\/51907-16_compressed.jpg\",\"width\":1200,\"height\":1200},{\"@type\":\"BreadcrumbList\",\"@id\":\"https:\\\/\\\/bbqentertainment.com\\\/toode\\\/sambonet-vintage-pott-kaaneta-19l\\\/#breadcrumb\",\"itemListElement\":[{\"@type\":\"ListItem\",\"position\":1,\"name\":\"AVALEHT\",\"item\":\"https:\\\/\\\/bbqentertainment.com\\\/en\\\/\"},{\"@type\":\"ListItem\",\"position\":2,\"name\":\"Tooted\",\"item\":\"https:\\\/\\\/bbqentertainment.com\\\/tooted\\\/\"},{\"@type\":\"ListItem\",\"position\":3,\"name\":\"Lisatarvikud\",\"item\":\"https:\\\/\\\/bbqentertainment.com\\\/tootekategooria\\\/lisatarvikud\\\/\"},{\"@type\":\"ListItem\",\"position\":4,\"name\":\"Sambonet Vintage POTT KAANETA 1,9L\"}]},{\"@type\":\"WebSite\",\"@id\":\"https:\\\/\\\/bbqentertainment.com\\\/#website\",\"url\":\"https:\\\/\\\/bbqentertainment.com\\\/\",\"name\":\"BBQ Entertainment\",\"description\":\"BBQ is a great lifestyle, not just fun!\",\"publisher\":{\"@id\":\"https:\\\/\\\/bbqentertainment.com\\\/#organization\"},\"potentialAction\":[{\"@type\":\"SearchAction\",\"target\":{\"@type\":\"EntryPoint\",\"urlTemplate\":\"https:\\\/\\\/bbqentertainment.com\\\/?s={search_term_string}\"},\"query-input\":{\"@type\":\"PropertyValueSpecification\",\"valueRequired\":true,\"valueName\":\"search_term_string\"}}],\"inLanguage\":\"en-US\"},{\"@type\":\"Organization\",\"@id\":\"https:\\\/\\\/bbqentertainment.com\\\/#organization\",\"name\":\"BBQ Entertainment O\u00dc\",\"url\":\"https:\\\/\\\/bbqentertainment.com\\\/\",\"logo\":{\"@type\":\"ImageObject\",\"inLanguage\":\"en-US\",\"@id\":\"https:\\\/\\\/bbqentertainment.com\\\/#\\\/schema\\\/logo\\\/image\\\/\",\"url\":\"https:\\\/\\\/bbqentertainment.com\\\/wp-content\\\/uploads\\\/2020\\\/04\\\/BBQ-Entertainment-N-Catering-Enn-Tobreluts-Logo.png\",\"contentUrl\":\"https:\\\/\\\/bbqentertainment.com\\\/wp-content\\\/uploads\\\/2020\\\/04\\\/BBQ-Entertainment-N-Catering-Enn-Tobreluts-Logo.png\",\"width\":628,\"height\":266,\"caption\":\"BBQ Entertainment O\u00dc\"},\"image\":{\"@id\":\"https:\\\/\\\/bbqentertainment.com\\\/#\\\/schema\\\/logo\\\/image\\\/\"},\"sameAs\":[\"https:\\\/\\\/www.facebook.com\\\/BBQ-Entertainment-N-Catering-2437913376443540\",\"https:\\\/\\\/www.instagram.com\\\/bbqentertainmentncatering\\\/\",\"https:\\\/\\\/www.youtube.com\\\/channel\\\/UCmpuANQVhLy2Md8nrenp2jA\"]}]}<\/script>\n<!-- \/ Yoast SEO plugin. -->","yoast_head_json":{"title":"Sambonet Vintage POTT KAANETA 1,9L - BBQ Entertainment","robots":{"index":"index","follow":"follow","max-snippet":"max-snippet:-1","max-image-preview":"max-image-preview:large","max-video-preview":"max-video-preview:-1"},"canonical":"https:\/\/bbqentertainment.com\/toode\/sambonet-vintage-pott-kaaneta-19l\/","og_locale":"en_US","og_type":"article","og_title":"Sambonet Vintage POTT KAANETA 1,9L - BBQ Entertainment","og_description":"Sambonet 1965 Vintage kollektsiooni keedupott kaaneta 1,9L\u00a0   M\u00f5\u00f5tmed: diameeter 16 cm, k\u00f5rgus 9,5 cm  Valmistatud Itaalias \u2013 inspireeritud ajatutest k\u00f6\u00f6gin\u00f5udest  Unikaalne vintage viimistlus saavutatakse spetsiaalse mehaanilise t\u00f6\u00f6tlusega, mis annab pinnale sihilikult kulunud v\u00e4limuse  Sobib k\u00f5ikidele pliidit\u00fc\u00fcpidele, sh induktsioon  Lihtne hooldada \u2013 n\u00f5udepesumasinas pestav  NB! Kaas ei kuulu komplekti.\u00a0","og_url":"https:\/\/bbqentertainment.com\/toode\/sambonet-vintage-pott-kaaneta-19l\/","og_site_name":"BBQ Entertainment","article_publisher":"https:\/\/www.facebook.com\/BBQ-Entertainment-N-Catering-2437913376443540","article_modified_time":"2025-07-25T10:45:31+00:00","og_image":[{"width":1200,"height":1200,"url":"https:\/\/bbqentertainment.com\/wp-content\/uploads\/2024\/12\/51907-16_compressed.jpg","type":"image\/jpeg"}],"twitter_card":"summary_large_image","twitter_misc":{"Est. reading time":"1 minute"},"schema":{"@context":"https:\/\/schema.org","@graph":[{"@type":["WebPage","ItemPage"],"@id":"https:\/\/bbqentertainment.com\/toode\/sambonet-vintage-pott-kaaneta-19l\/","url":"https:\/\/bbqentertainment.com\/toode\/sambonet-vintage-pott-kaaneta-19l\/","name":"Sambonet Vintage POTT KAANETA 1,9L - BBQ Entertainment","isPartOf":{"@id":"https:\/\/bbqentertainment.com\/#website"},"primaryImageOfPage":{"@id":"https:\/\/bbqentertainment.com\/toode\/sambonet-vintage-pott-kaaneta-19l\/#primaryimage"},"image":{"@id":"https:\/\/bbqentertainment.com\/toode\/sambonet-vintage-pott-kaaneta-19l\/#primaryimage"},"thumbnailUrl":"https:\/\/bbqentertainment.com\/wp-content\/uploads\/2024\/12\/51907-16_compressed.jpg","datePublished":"2024-12-23T09:28:14+00:00","dateModified":"2025-07-25T10:45:31+00:00","breadcrumb":{"@id":"https:\/\/bbqentertainment.com\/toode\/sambonet-vintage-pott-kaaneta-19l\/#breadcrumb"},"inLanguage":"en-US","potentialAction":[{"@type":"ReadAction","target":["https:\/\/bbqentertainment.com\/toode\/sambonet-vintage-pott-kaaneta-19l\/"]}]},{"@type":"ImageObject","inLanguage":"en-US","@id":"https:\/\/bbqentertainment.com\/toode\/sambonet-vintage-pott-kaaneta-19l\/#primaryimage","url":"https:\/\/bbqentertainment.com\/wp-content\/uploads\/2024\/12\/51907-16_compressed.jpg","contentUrl":"https:\/\/bbqentertainment.com\/wp-content\/uploads\/2024\/12\/51907-16_compressed.jpg","width":1200,"height":1200},{"@type":"BreadcrumbList","@id":"https:\/\/bbqentertainment.com\/toode\/sambonet-vintage-pott-kaaneta-19l\/#breadcrumb","itemListElement":[{"@type":"ListItem","position":1,"name":"AVALEHT","item":"https:\/\/bbqentertainment.com\/en\/"},{"@type":"ListItem","position":2,"name":"Tooted","item":"https:\/\/bbqentertainment.com\/tooted\/"},{"@type":"ListItem","position":3,"name":"Lisatarvikud","item":"https:\/\/bbqentertainment.com\/tootekategooria\/lisatarvikud\/"},{"@type":"ListItem","position":4,"name":"Sambonet Vintage POTT KAANETA 1,9L"}]},{"@type":"WebSite","@id":"https:\/\/bbqentertainment.com\/#website","url":"https:\/\/bbqentertainment.com\/","name":"BBQ Entertainment","description":"BBQ is a great lifestyle, not just fun!","publisher":{"@id":"https:\/\/bbqentertainment.com\/#organization"},"potentialAction":[{"@type":"SearchAction","target":{"@type":"EntryPoint","urlTemplate":"https:\/\/bbqentertainment.com\/?s={search_term_string}"},"query-input":{"@type":"PropertyValueSpecification","valueRequired":true,"valueName":"search_term_string"}}],"inLanguage":"en-US"},{"@type":"Organization","@id":"https:\/\/bbqentertainment.com\/#organization","name":"BBQ Entertainment O\u00dc","url":"https:\/\/bbqentertainment.com\/","logo":{"@type":"ImageObject","inLanguage":"en-US","@id":"https:\/\/bbqentertainment.com\/#\/schema\/logo\/image\/","url":"https:\/\/bbqentertainment.com\/wp-content\/uploads\/2020\/04\/BBQ-Entertainment-N-Catering-Enn-Tobreluts-Logo.png","contentUrl":"https:\/\/bbqentertainment.com\/wp-content\/uploads\/2020\/04\/BBQ-Entertainment-N-Catering-Enn-Tobreluts-Logo.png","width":628,"height":266,"caption":"BBQ Entertainment O\u00dc"},"image":{"@id":"https:\/\/bbqentertainment.com\/#\/schema\/logo\/image\/"},"sameAs":["https:\/\/www.facebook.com\/BBQ-Entertainment-N-Catering-2437913376443540","https:\/\/www.instagram.com\/bbqentertainmentncatering\/","https:\/\/www.youtube.com\/channel\/UCmpuANQVhLy2Md8nrenp2jA"]}]}},"_links":{"self":[{"href":"https:\/\/bbqentertainment.com\/en\/wp-json\/wp\/v2\/product\/250079","targetHints":{"allow":["GET"]}}],"collection":[{"href":"https:\/\/bbqentertainment.com\/en\/wp-json\/wp\/v2\/product"}],"about":[{"href":"https:\/\/bbqentertainment.com\/en\/wp-json\/wp\/v2\/types\/product"}],"wp:featuredmedia":[{"embeddable":true,"href":"https:\/\/bbqentertainment.com\/en\/wp-json\/wp\/v2\/media\/250088"}],"wp:attachment":[{"href":"https:\/\/bbqentertainment.com\/en\/wp-json\/wp\/v2\/media?parent=250079"}],"wp:term":[{"taxonomy":"product_brand","embeddable":true,"href":"https:\/\/bbqentertainment.com\/en\/wp-json\/wp\/v2\/product_brand?post=250079"},{"taxonomy":"product_cat","embeddable":true,"href":"https:\/\/bbqentertainment.com\/en\/wp-json\/wp\/v2\/product_cat?post=250079"},{"taxonomy":"product_tag","embeddable":true,"href":"https:\/\/bbqentertainment.com\/en\/wp-json\/wp\/v2\/product_tag?post=250079"}],"curies":[{"name":"wp","href":"https:\/\/api.w.org\/{rel}","templated":true}]}}