{"id":250117,"date":"2024-12-23T18:33:21","date_gmt":"2024-12-23T16:33:21","guid":{"rendered":"https:\/\/bbqentertainment.com\/?post_type=product&#038;p=250117"},"modified":"2026-03-08T20:59:44","modified_gmt":"2026-03-08T18:59:44","slug":"everdure-kiln-pizzaahju-puhastushari","status":"publish","type":"product","link":"https:\/\/bbqentertainment.com\/en\/toode\/everdure-kiln-pizzaahju-puhastushari\/","title":{"rendered":"Everdure KILN pizzaahju puhastushari"},"content":{"rendered":"<h3><strong>Everdure by Heston Blumenthal \u2013 disaini ja tehnoloogia t\u00e4iuslik kooslus<\/strong><\/h3>\n<p>Everdure by Heston Blumenthal tooted on ainulaadsed ja eristuvad. Koos disainerite ja inseneridega on Heston Blumenthal seadnud eesm\u00e4rgiks luua tooted, mille iga detail on hoolikalt l\u00e4bim\u00f5eldud, \u00fchendades tipptasemel tehnoloogia ja kauni disaini.<\/p>\n","protected":false},"excerpt":{"rendered":"<h3><strong>Everdure KILN pizzaahju puhastushari<\/strong><\/h3>\n<p>Puhastusharja pikk k\u00e4epide v\u00f5imaldab ulatuda s\u00fcgavale ahju sisemusse, hoides samal ajal k\u00e4ed kuumusest eemal. Hari on varustatud nurga all oleva kaabitsaga, mis eemaldab t\u00f5husalt ka k\u00f5ige t\u00f5rksamad k\u00f5rbenud j\u00e4\u00e4gid.<\/p>\n<p>See hari on valmistatud vastupidavast plastist ja varustatud tugevate nailonharjastega, tagades nii vastupidavuse kui ka ohutuse ahju sisepindadele.<\/p>\n<p>&nbsp;<\/p>\n","protected":false},"featured_media":250118,"template":"","meta":{"inline_featured_image":false},"product_brand":[],"product_cat":[436,92,210],"product_tag":[],"class_list":{"0":"post-250117","1":"product","2":"type-product","3":"status-publish","4":"has-post-thumbnail","6":"product_cat-pizzaahjud-tarvikud","7":"product_cat-lisatarvikud","8":"product_cat-lisatarvikud-everdure-by-heston","10":"first","11":"instock","12":"sale","13":"taxable","14":"shipping-taxable","15":"purchasable","16":"product-type-simple"},"yoast_head":"<!-- This site is optimized with the Yoast SEO plugin v27.4 - https:\/\/yoast.com\/product\/yoast-seo-wordpress\/ -->\n<title>Everdure KILN pizzaahju puhastushari - BBQ Entertainment<\/title>\n<meta name=\"robots\" content=\"index, follow, max-snippet:-1, max-image-preview:large, max-video-preview:-1\" \/>\n<link rel=\"canonical\" href=\"https:\/\/bbqentertainment.com\/toode\/everdure-kiln-pizzaahju-puhastushari\/\" \/>\n<meta property=\"og:locale\" content=\"en_US\" \/>\n<meta property=\"og:type\" content=\"article\" \/>\n<meta property=\"og:title\" content=\"Everdure KILN pizzaahju puhastushari - BBQ Entertainment\" \/>\n<meta property=\"og:description\" content=\"Everdure KILN pizzaahju puhastushari Puhastusharja pikk k\u00e4epide v\u00f5imaldab ulatuda s\u00fcgavale ahju sisemusse, hoides samal ajal k\u00e4ed kuumusest eemal. Hari on varustatud nurga all oleva kaabitsaga, mis eemaldab t\u00f5husalt ka k\u00f5ige t\u00f5rksamad k\u00f5rbenud j\u00e4\u00e4gid.  See hari on valmistatud vastupidavast plastist ja varustatud tugevate nailonharjastega, tagades nii vastupidavuse kui ka ohutuse ahju sisepindadele.  &nbsp;\" \/>\n<meta property=\"og:url\" content=\"https:\/\/bbqentertainment.com\/toode\/everdure-kiln-pizzaahju-puhastushari\/\" \/>\n<meta property=\"og:site_name\" content=\"BBQ Entertainment\" \/>\n<meta property=\"article:publisher\" content=\"https:\/\/www.facebook.com\/BBQ-Entertainment-N-Catering-2437913376443540\" \/>\n<meta property=\"article:modified_time\" content=\"2026-03-08T18:59:44+00:00\" \/>\n<meta property=\"og:image\" content=\"https:\/\/bbqentertainment.com\/wp-content\/uploads\/2024\/12\/resized_s-l1600.jpg\" \/>\n\t<meta property=\"og:image:width\" content=\"1200\" \/>\n\t<meta property=\"og:image:height\" content=\"1200\" \/>\n\t<meta property=\"og:image:type\" content=\"image\/jpeg\" \/>\n<meta name=\"twitter:card\" content=\"summary_large_image\" \/>\n<meta name=\"twitter:label1\" content=\"Est. reading time\" \/>\n\t<meta name=\"twitter:data1\" content=\"1 minute\" \/>\n<script type=\"application\/ld+json\" class=\"yoast-schema-graph\">{\"@context\":\"https:\\\/\\\/schema.org\",\"@graph\":[{\"@type\":[\"WebPage\",\"ItemPage\"],\"@id\":\"https:\\\/\\\/bbqentertainment.com\\\/toode\\\/everdure-kiln-pizzaahju-puhastushari\\\/\",\"url\":\"https:\\\/\\\/bbqentertainment.com\\\/toode\\\/everdure-kiln-pizzaahju-puhastushari\\\/\",\"name\":\"Everdure KILN pizzaahju puhastushari - BBQ Entertainment\",\"isPartOf\":{\"@id\":\"https:\\\/\\\/bbqentertainment.com\\\/#website\"},\"primaryImageOfPage\":{\"@id\":\"https:\\\/\\\/bbqentertainment.com\\\/toode\\\/everdure-kiln-pizzaahju-puhastushari\\\/#primaryimage\"},\"image\":{\"@id\":\"https:\\\/\\\/bbqentertainment.com\\\/toode\\\/everdure-kiln-pizzaahju-puhastushari\\\/#primaryimage\"},\"thumbnailUrl\":\"https:\\\/\\\/bbqentertainment.com\\\/wp-content\\\/uploads\\\/2024\\\/12\\\/resized_s-l1600.jpg\",\"datePublished\":\"2024-12-23T16:33:21+00:00\",\"dateModified\":\"2026-03-08T18:59:44+00:00\",\"breadcrumb\":{\"@id\":\"https:\\\/\\\/bbqentertainment.com\\\/toode\\\/everdure-kiln-pizzaahju-puhastushari\\\/#breadcrumb\"},\"inLanguage\":\"en-US\",\"potentialAction\":[{\"@type\":\"ReadAction\",\"target\":[\"https:\\\/\\\/bbqentertainment.com\\\/toode\\\/everdure-kiln-pizzaahju-puhastushari\\\/\"]}]},{\"@type\":\"ImageObject\",\"inLanguage\":\"en-US\",\"@id\":\"https:\\\/\\\/bbqentertainment.com\\\/toode\\\/everdure-kiln-pizzaahju-puhastushari\\\/#primaryimage\",\"url\":\"https:\\\/\\\/bbqentertainment.com\\\/wp-content\\\/uploads\\\/2024\\\/12\\\/resized_s-l1600.jpg\",\"contentUrl\":\"https:\\\/\\\/bbqentertainment.com\\\/wp-content\\\/uploads\\\/2024\\\/12\\\/resized_s-l1600.jpg\",\"width\":1200,\"height\":1200},{\"@type\":\"BreadcrumbList\",\"@id\":\"https:\\\/\\\/bbqentertainment.com\\\/toode\\\/everdure-kiln-pizzaahju-puhastushari\\\/#breadcrumb\",\"itemListElement\":[{\"@type\":\"ListItem\",\"position\":1,\"name\":\"AVALEHT\",\"item\":\"https:\\\/\\\/bbqentertainment.com\\\/en\\\/\"},{\"@type\":\"ListItem\",\"position\":2,\"name\":\"Tooted\",\"item\":\"https:\\\/\\\/bbqentertainment.com\\\/tooted\\\/\"},{\"@type\":\"ListItem\",\"position\":3,\"name\":\"Grillid ja ahjud\",\"item\":\"https:\\\/\\\/bbqentertainment.com\\\/tootekategooria\\\/grillid-ja-ahjud\\\/\"},{\"@type\":\"ListItem\",\"position\":4,\"name\":\"Everdure by Heston\",\"item\":\"https:\\\/\\\/bbqentertainment.com\\\/tootekategooria\\\/grillid-ja-ahjud\\\/everdure-by-heston\\\/\"},{\"@type\":\"ListItem\",\"position\":5,\"name\":\"Everdure KILN pizzaahju puhastushari\"}]},{\"@type\":\"WebSite\",\"@id\":\"https:\\\/\\\/bbqentertainment.com\\\/#website\",\"url\":\"https:\\\/\\\/bbqentertainment.com\\\/\",\"name\":\"BBQ Entertainment\",\"description\":\"BBQ is a great lifestyle, not just fun!\",\"publisher\":{\"@id\":\"https:\\\/\\\/bbqentertainment.com\\\/#organization\"},\"potentialAction\":[{\"@type\":\"SearchAction\",\"target\":{\"@type\":\"EntryPoint\",\"urlTemplate\":\"https:\\\/\\\/bbqentertainment.com\\\/?s={search_term_string}\"},\"query-input\":{\"@type\":\"PropertyValueSpecification\",\"valueRequired\":true,\"valueName\":\"search_term_string\"}}],\"inLanguage\":\"en-US\"},{\"@type\":\"Organization\",\"@id\":\"https:\\\/\\\/bbqentertainment.com\\\/#organization\",\"name\":\"BBQ Entertainment O\u00dc\",\"url\":\"https:\\\/\\\/bbqentertainment.com\\\/\",\"logo\":{\"@type\":\"ImageObject\",\"inLanguage\":\"en-US\",\"@id\":\"https:\\\/\\\/bbqentertainment.com\\\/#\\\/schema\\\/logo\\\/image\\\/\",\"url\":\"https:\\\/\\\/bbqentertainment.com\\\/wp-content\\\/uploads\\\/2020\\\/04\\\/BBQ-Entertainment-N-Catering-Enn-Tobreluts-Logo.png\",\"contentUrl\":\"https:\\\/\\\/bbqentertainment.com\\\/wp-content\\\/uploads\\\/2020\\\/04\\\/BBQ-Entertainment-N-Catering-Enn-Tobreluts-Logo.png\",\"width\":628,\"height\":266,\"caption\":\"BBQ Entertainment O\u00dc\"},\"image\":{\"@id\":\"https:\\\/\\\/bbqentertainment.com\\\/#\\\/schema\\\/logo\\\/image\\\/\"},\"sameAs\":[\"https:\\\/\\\/www.facebook.com\\\/BBQ-Entertainment-N-Catering-2437913376443540\",\"https:\\\/\\\/www.instagram.com\\\/bbqentertainmentncatering\\\/\",\"https:\\\/\\\/www.youtube.com\\\/channel\\\/UCmpuANQVhLy2Md8nrenp2jA\"]}]}<\/script>\n<!-- \/ Yoast SEO plugin. -->","yoast_head_json":{"title":"Everdure KILN pizzaahju puhastushari - BBQ Entertainment","robots":{"index":"index","follow":"follow","max-snippet":"max-snippet:-1","max-image-preview":"max-image-preview:large","max-video-preview":"max-video-preview:-1"},"canonical":"https:\/\/bbqentertainment.com\/toode\/everdure-kiln-pizzaahju-puhastushari\/","og_locale":"en_US","og_type":"article","og_title":"Everdure KILN pizzaahju puhastushari - BBQ Entertainment","og_description":"Everdure KILN pizzaahju puhastushari Puhastusharja pikk k\u00e4epide v\u00f5imaldab ulatuda s\u00fcgavale ahju sisemusse, hoides samal ajal k\u00e4ed kuumusest eemal. Hari on varustatud nurga all oleva kaabitsaga, mis eemaldab t\u00f5husalt ka k\u00f5ige t\u00f5rksamad k\u00f5rbenud j\u00e4\u00e4gid.  See hari on valmistatud vastupidavast plastist ja varustatud tugevate nailonharjastega, tagades nii vastupidavuse kui ka ohutuse ahju sisepindadele.  &nbsp;","og_url":"https:\/\/bbqentertainment.com\/toode\/everdure-kiln-pizzaahju-puhastushari\/","og_site_name":"BBQ Entertainment","article_publisher":"https:\/\/www.facebook.com\/BBQ-Entertainment-N-Catering-2437913376443540","article_modified_time":"2026-03-08T18:59:44+00:00","og_image":[{"width":1200,"height":1200,"url":"https:\/\/bbqentertainment.com\/wp-content\/uploads\/2024\/12\/resized_s-l1600.jpg","type":"image\/jpeg"}],"twitter_card":"summary_large_image","twitter_misc":{"Est. reading time":"1 minute"},"schema":{"@context":"https:\/\/schema.org","@graph":[{"@type":["WebPage","ItemPage"],"@id":"https:\/\/bbqentertainment.com\/toode\/everdure-kiln-pizzaahju-puhastushari\/","url":"https:\/\/bbqentertainment.com\/toode\/everdure-kiln-pizzaahju-puhastushari\/","name":"Everdure KILN pizzaahju puhastushari - BBQ Entertainment","isPartOf":{"@id":"https:\/\/bbqentertainment.com\/#website"},"primaryImageOfPage":{"@id":"https:\/\/bbqentertainment.com\/toode\/everdure-kiln-pizzaahju-puhastushari\/#primaryimage"},"image":{"@id":"https:\/\/bbqentertainment.com\/toode\/everdure-kiln-pizzaahju-puhastushari\/#primaryimage"},"thumbnailUrl":"https:\/\/bbqentertainment.com\/wp-content\/uploads\/2024\/12\/resized_s-l1600.jpg","datePublished":"2024-12-23T16:33:21+00:00","dateModified":"2026-03-08T18:59:44+00:00","breadcrumb":{"@id":"https:\/\/bbqentertainment.com\/toode\/everdure-kiln-pizzaahju-puhastushari\/#breadcrumb"},"inLanguage":"en-US","potentialAction":[{"@type":"ReadAction","target":["https:\/\/bbqentertainment.com\/toode\/everdure-kiln-pizzaahju-puhastushari\/"]}]},{"@type":"ImageObject","inLanguage":"en-US","@id":"https:\/\/bbqentertainment.com\/toode\/everdure-kiln-pizzaahju-puhastushari\/#primaryimage","url":"https:\/\/bbqentertainment.com\/wp-content\/uploads\/2024\/12\/resized_s-l1600.jpg","contentUrl":"https:\/\/bbqentertainment.com\/wp-content\/uploads\/2024\/12\/resized_s-l1600.jpg","width":1200,"height":1200},{"@type":"BreadcrumbList","@id":"https:\/\/bbqentertainment.com\/toode\/everdure-kiln-pizzaahju-puhastushari\/#breadcrumb","itemListElement":[{"@type":"ListItem","position":1,"name":"AVALEHT","item":"https:\/\/bbqentertainment.com\/en\/"},{"@type":"ListItem","position":2,"name":"Tooted","item":"https:\/\/bbqentertainment.com\/tooted\/"},{"@type":"ListItem","position":3,"name":"Grillid ja ahjud","item":"https:\/\/bbqentertainment.com\/tootekategooria\/grillid-ja-ahjud\/"},{"@type":"ListItem","position":4,"name":"Everdure by Heston","item":"https:\/\/bbqentertainment.com\/tootekategooria\/grillid-ja-ahjud\/everdure-by-heston\/"},{"@type":"ListItem","position":5,"name":"Everdure KILN pizzaahju puhastushari"}]},{"@type":"WebSite","@id":"https:\/\/bbqentertainment.com\/#website","url":"https:\/\/bbqentertainment.com\/","name":"BBQ Entertainment","description":"BBQ is a great lifestyle, not just fun!","publisher":{"@id":"https:\/\/bbqentertainment.com\/#organization"},"potentialAction":[{"@type":"SearchAction","target":{"@type":"EntryPoint","urlTemplate":"https:\/\/bbqentertainment.com\/?s={search_term_string}"},"query-input":{"@type":"PropertyValueSpecification","valueRequired":true,"valueName":"search_term_string"}}],"inLanguage":"en-US"},{"@type":"Organization","@id":"https:\/\/bbqentertainment.com\/#organization","name":"BBQ Entertainment O\u00dc","url":"https:\/\/bbqentertainment.com\/","logo":{"@type":"ImageObject","inLanguage":"en-US","@id":"https:\/\/bbqentertainment.com\/#\/schema\/logo\/image\/","url":"https:\/\/bbqentertainment.com\/wp-content\/uploads\/2020\/04\/BBQ-Entertainment-N-Catering-Enn-Tobreluts-Logo.png","contentUrl":"https:\/\/bbqentertainment.com\/wp-content\/uploads\/2020\/04\/BBQ-Entertainment-N-Catering-Enn-Tobreluts-Logo.png","width":628,"height":266,"caption":"BBQ Entertainment O\u00dc"},"image":{"@id":"https:\/\/bbqentertainment.com\/#\/schema\/logo\/image\/"},"sameAs":["https:\/\/www.facebook.com\/BBQ-Entertainment-N-Catering-2437913376443540","https:\/\/www.instagram.com\/bbqentertainmentncatering\/","https:\/\/www.youtube.com\/channel\/UCmpuANQVhLy2Md8nrenp2jA"]}]}},"_links":{"self":[{"href":"https:\/\/bbqentertainment.com\/en\/wp-json\/wp\/v2\/product\/250117","targetHints":{"allow":["GET"]}}],"collection":[{"href":"https:\/\/bbqentertainment.com\/en\/wp-json\/wp\/v2\/product"}],"about":[{"href":"https:\/\/bbqentertainment.com\/en\/wp-json\/wp\/v2\/types\/product"}],"wp:featuredmedia":[{"embeddable":true,"href":"https:\/\/bbqentertainment.com\/en\/wp-json\/wp\/v2\/media\/250118"}],"wp:attachment":[{"href":"https:\/\/bbqentertainment.com\/en\/wp-json\/wp\/v2\/media?parent=250117"}],"wp:term":[{"taxonomy":"product_brand","embeddable":true,"href":"https:\/\/bbqentertainment.com\/en\/wp-json\/wp\/v2\/product_brand?post=250117"},{"taxonomy":"product_cat","embeddable":true,"href":"https:\/\/bbqentertainment.com\/en\/wp-json\/wp\/v2\/product_cat?post=250117"},{"taxonomy":"product_tag","embeddable":true,"href":"https:\/\/bbqentertainment.com\/en\/wp-json\/wp\/v2\/product_tag?post=250117"}],"curies":[{"name":"wp","href":"https:\/\/api.w.org\/{rel}","templated":true}]}}