{"id":250190,"date":"2024-12-28T21:23:13","date_gmt":"2024-12-28T19:23:13","guid":{"rendered":"https:\/\/bbqentertainment.com\/?post_type=product&#038;p=250190"},"modified":"2025-07-25T13:46:06","modified_gmt":"2025-07-25T10:46:06","slug":"ti-pro-austrinuga-new-haven-teraga-everdure-by-heston-blumenthal","status":"publish","type":"product","link":"https:\/\/bbqentertainment.com\/en\/toode\/ti-pro-austrinuga-new-haven-teraga-everdure-by-heston-blumenthal\/","title":{"rendered":"Ti-Pro austrinuga &#8220;New Haven&#8221; teraga Everdure by Heston Blumenthal"},"content":{"rendered":"","protected":false},"excerpt":{"rendered":"<h3><strong>Ti-Pro austrinuga &#8220;New Haven&#8221; teraga Everdure by Heston Blumenthal<\/strong><\/h3>\n<ul>\n<li><strong>Titaaniga kaetud tera<\/strong> \u2013 vastupidav ja korrosioonikindel<\/li>\n<li><strong>New Haven tera<\/strong> \u2013 spetsiaalselt kujundatud austrite avamiseks<\/li>\n<li><strong>S\u00f5rmekaitse<\/strong> \u2013 lisab ohutust ja kindlust k\u00e4sitsemisel<\/li>\n<li><strong>M\u00f5\u00f5dud:<\/strong> 185 x 39 x 41 mm<\/li>\n<li><strong>Tera paksus:<\/strong> 3 mm<\/li>\n<li><strong>Materjal:<\/strong> roostevaba teras (tera), libisemiskindel pol\u00fcprop\u00fcleen (k\u00e4epide)<\/li>\n<\/ul>\n","protected":false},"featured_media":250195,"template":"","meta":{"inline_featured_image":false},"product_brand":[],"product_cat":[92,479,210],"product_tag":[],"class_list":{"0":"post-250190","1":"product","2":"type-product","3":"status-publish","4":"has-post-thumbnail","6":"product_cat-lisatarvikud","7":"product_cat-grillitarvikud","8":"product_cat-lisatarvikud-everdure-by-heston","10":"first","11":"instock","12":"taxable","13":"shipping-taxable","14":"purchasable","15":"product-type-simple"},"yoast_head":"<!-- This site is optimized with the Yoast SEO plugin v27.2 - https:\/\/yoast.com\/product\/yoast-seo-wordpress\/ -->\n<title>Ti-Pro austrinuga &quot;New Haven&quot; teraga Everdure by Heston Blumenthal - BBQ Entertainment<\/title>\n<meta name=\"robots\" content=\"index, follow, max-snippet:-1, max-image-preview:large, max-video-preview:-1\" \/>\n<link rel=\"canonical\" href=\"https:\/\/bbqentertainment.com\/toode\/ti-pro-austrinuga-new-haven-teraga-everdure-by-heston-blumenthal\/\" \/>\n<meta property=\"og:locale\" content=\"en_US\" \/>\n<meta property=\"og:type\" content=\"article\" \/>\n<meta property=\"og:title\" content=\"Ti-Pro austrinuga &quot;New Haven&quot; teraga Everdure by Heston Blumenthal - BBQ Entertainment\" \/>\n<meta property=\"og:description\" content=\"Ti-Pro austrinuga &quot;New Haven&quot; teraga Everdure by Heston Blumenthal   Titaaniga kaetud tera \u2013 vastupidav ja korrosioonikindel  New Haven tera \u2013 spetsiaalselt kujundatud austrite avamiseks  S\u00f5rmekaitse \u2013 lisab ohutust ja kindlust k\u00e4sitsemisel  M\u00f5\u00f5dud: 185 x 39 x 41 mm  Tera paksus: 3 mm  Materjal: roostevaba teras (tera), libisemiskindel pol\u00fcprop\u00fcleen (k\u00e4epide)\" \/>\n<meta property=\"og:url\" content=\"https:\/\/bbqentertainment.com\/toode\/ti-pro-austrinuga-new-haven-teraga-everdure-by-heston-blumenthal\/\" \/>\n<meta property=\"og:site_name\" content=\"BBQ Entertainment\" \/>\n<meta property=\"article:publisher\" content=\"https:\/\/www.facebook.com\/BBQ-Entertainment-N-Catering-2437913376443540\" \/>\n<meta property=\"article:modified_time\" content=\"2025-07-25T10:46:06+00:00\" \/>\n<meta property=\"og:image\" content=\"https:\/\/bbqentertainment.com\/wp-content\/uploads\/2024\/12\/Oyster-Knife-1.png.webp\" \/>\n\t<meta property=\"og:image:width\" content=\"1800\" \/>\n\t<meta property=\"og:image:height\" content=\"1800\" \/>\n\t<meta property=\"og:image:type\" content=\"image\/webp\" \/>\n<meta name=\"twitter:card\" content=\"summary_large_image\" \/>\n<meta name=\"twitter:label1\" content=\"Est. reading time\" \/>\n\t<meta name=\"twitter:data1\" content=\"1 minute\" \/>\n<script type=\"application\/ld+json\" class=\"yoast-schema-graph\">{\"@context\":\"https:\/\/schema.org\",\"@graph\":[{\"@type\":[\"WebPage\",\"ItemPage\"],\"@id\":\"https:\/\/bbqentertainment.com\/toode\/ti-pro-austrinuga-new-haven-teraga-everdure-by-heston-blumenthal\/\",\"url\":\"https:\/\/bbqentertainment.com\/toode\/ti-pro-austrinuga-new-haven-teraga-everdure-by-heston-blumenthal\/\",\"name\":\"Ti-Pro austrinuga \\\"New Haven\\\" teraga Everdure by Heston Blumenthal - BBQ Entertainment\",\"isPartOf\":{\"@id\":\"https:\/\/bbqentertainment.com\/#website\"},\"primaryImageOfPage\":{\"@id\":\"https:\/\/bbqentertainment.com\/toode\/ti-pro-austrinuga-new-haven-teraga-everdure-by-heston-blumenthal\/#primaryimage\"},\"image\":{\"@id\":\"https:\/\/bbqentertainment.com\/toode\/ti-pro-austrinuga-new-haven-teraga-everdure-by-heston-blumenthal\/#primaryimage\"},\"thumbnailUrl\":\"https:\/\/bbqentertainment.com\/wp-content\/uploads\/2024\/12\/Oyster-Knife-1.png.webp\",\"datePublished\":\"2024-12-28T19:23:13+00:00\",\"dateModified\":\"2025-07-25T10:46:06+00:00\",\"breadcrumb\":{\"@id\":\"https:\/\/bbqentertainment.com\/toode\/ti-pro-austrinuga-new-haven-teraga-everdure-by-heston-blumenthal\/#breadcrumb\"},\"inLanguage\":\"en-US\",\"potentialAction\":[{\"@type\":\"ReadAction\",\"target\":[\"https:\/\/bbqentertainment.com\/toode\/ti-pro-austrinuga-new-haven-teraga-everdure-by-heston-blumenthal\/\"]}]},{\"@type\":\"ImageObject\",\"inLanguage\":\"en-US\",\"@id\":\"https:\/\/bbqentertainment.com\/toode\/ti-pro-austrinuga-new-haven-teraga-everdure-by-heston-blumenthal\/#primaryimage\",\"url\":\"https:\/\/bbqentertainment.com\/wp-content\/uploads\/2024\/12\/Oyster-Knife-1.png.webp\",\"contentUrl\":\"https:\/\/bbqentertainment.com\/wp-content\/uploads\/2024\/12\/Oyster-Knife-1.png.webp\",\"width\":1800,\"height\":1800},{\"@type\":\"BreadcrumbList\",\"@id\":\"https:\/\/bbqentertainment.com\/toode\/ti-pro-austrinuga-new-haven-teraga-everdure-by-heston-blumenthal\/#breadcrumb\",\"itemListElement\":[{\"@type\":\"ListItem\",\"position\":1,\"name\":\"AVALEHT\",\"item\":\"https:\/\/bbqentertainment.com\/en\/\"},{\"@type\":\"ListItem\",\"position\":2,\"name\":\"Tooted\",\"item\":\"https:\/\/bbqentertainment.com\/tooted\/\"},{\"@type\":\"ListItem\",\"position\":3,\"name\":\"Lisatarvikud\",\"item\":\"https:\/\/bbqentertainment.com\/tootekategooria\/lisatarvikud\/\"},{\"@type\":\"ListItem\",\"position\":4,\"name\":\"Ti-Pro austrinuga &#8220;New Haven&#8221; teraga Everdure by Heston Blumenthal\"}]},{\"@type\":\"WebSite\",\"@id\":\"https:\/\/bbqentertainment.com\/#website\",\"url\":\"https:\/\/bbqentertainment.com\/\",\"name\":\"BBQ Entertainment\",\"description\":\"BBQ is a great lifestyle, not just fun!\",\"publisher\":{\"@id\":\"https:\/\/bbqentertainment.com\/#organization\"},\"potentialAction\":[{\"@type\":\"SearchAction\",\"target\":{\"@type\":\"EntryPoint\",\"urlTemplate\":\"https:\/\/bbqentertainment.com\/?s={search_term_string}\"},\"query-input\":{\"@type\":\"PropertyValueSpecification\",\"valueRequired\":true,\"valueName\":\"search_term_string\"}}],\"inLanguage\":\"en-US\"},{\"@type\":\"Organization\",\"@id\":\"https:\/\/bbqentertainment.com\/#organization\",\"name\":\"BBQ Entertainment O\u00dc\",\"url\":\"https:\/\/bbqentertainment.com\/\",\"logo\":{\"@type\":\"ImageObject\",\"inLanguage\":\"en-US\",\"@id\":\"https:\/\/bbqentertainment.com\/#\/schema\/logo\/image\/\",\"url\":\"https:\/\/bbqentertainment.com\/wp-content\/uploads\/2020\/04\/BBQ-Entertainment-N-Catering-Enn-Tobreluts-Logo.png\",\"contentUrl\":\"https:\/\/bbqentertainment.com\/wp-content\/uploads\/2020\/04\/BBQ-Entertainment-N-Catering-Enn-Tobreluts-Logo.png\",\"width\":628,\"height\":266,\"caption\":\"BBQ Entertainment O\u00dc\"},\"image\":{\"@id\":\"https:\/\/bbqentertainment.com\/#\/schema\/logo\/image\/\"},\"sameAs\":[\"https:\/\/www.facebook.com\/BBQ-Entertainment-N-Catering-2437913376443540\",\"https:\/\/www.instagram.com\/bbqentertainmentncatering\/\",\"https:\/\/www.youtube.com\/channel\/UCmpuANQVhLy2Md8nrenp2jA\"]}]}<\/script>\n<!-- \/ Yoast SEO plugin. -->","yoast_head_json":{"title":"Ti-Pro austrinuga \"New Haven\" teraga Everdure by Heston Blumenthal - BBQ Entertainment","robots":{"index":"index","follow":"follow","max-snippet":"max-snippet:-1","max-image-preview":"max-image-preview:large","max-video-preview":"max-video-preview:-1"},"canonical":"https:\/\/bbqentertainment.com\/toode\/ti-pro-austrinuga-new-haven-teraga-everdure-by-heston-blumenthal\/","og_locale":"en_US","og_type":"article","og_title":"Ti-Pro austrinuga \"New Haven\" teraga Everdure by Heston Blumenthal - BBQ Entertainment","og_description":"Ti-Pro austrinuga \"New Haven\" teraga Everdure by Heston Blumenthal   Titaaniga kaetud tera \u2013 vastupidav ja korrosioonikindel  New Haven tera \u2013 spetsiaalselt kujundatud austrite avamiseks  S\u00f5rmekaitse \u2013 lisab ohutust ja kindlust k\u00e4sitsemisel  M\u00f5\u00f5dud: 185 x 39 x 41 mm  Tera paksus: 3 mm  Materjal: roostevaba teras (tera), libisemiskindel pol\u00fcprop\u00fcleen (k\u00e4epide)","og_url":"https:\/\/bbqentertainment.com\/toode\/ti-pro-austrinuga-new-haven-teraga-everdure-by-heston-blumenthal\/","og_site_name":"BBQ Entertainment","article_publisher":"https:\/\/www.facebook.com\/BBQ-Entertainment-N-Catering-2437913376443540","article_modified_time":"2025-07-25T10:46:06+00:00","og_image":[{"width":1800,"height":1800,"url":"https:\/\/bbqentertainment.com\/wp-content\/uploads\/2024\/12\/Oyster-Knife-1.png.webp","type":"image\/webp"}],"twitter_card":"summary_large_image","twitter_misc":{"Est. reading time":"1 minute"},"schema":{"@context":"https:\/\/schema.org","@graph":[{"@type":["WebPage","ItemPage"],"@id":"https:\/\/bbqentertainment.com\/toode\/ti-pro-austrinuga-new-haven-teraga-everdure-by-heston-blumenthal\/","url":"https:\/\/bbqentertainment.com\/toode\/ti-pro-austrinuga-new-haven-teraga-everdure-by-heston-blumenthal\/","name":"Ti-Pro austrinuga \"New Haven\" teraga Everdure by Heston Blumenthal - BBQ Entertainment","isPartOf":{"@id":"https:\/\/bbqentertainment.com\/#website"},"primaryImageOfPage":{"@id":"https:\/\/bbqentertainment.com\/toode\/ti-pro-austrinuga-new-haven-teraga-everdure-by-heston-blumenthal\/#primaryimage"},"image":{"@id":"https:\/\/bbqentertainment.com\/toode\/ti-pro-austrinuga-new-haven-teraga-everdure-by-heston-blumenthal\/#primaryimage"},"thumbnailUrl":"https:\/\/bbqentertainment.com\/wp-content\/uploads\/2024\/12\/Oyster-Knife-1.png.webp","datePublished":"2024-12-28T19:23:13+00:00","dateModified":"2025-07-25T10:46:06+00:00","breadcrumb":{"@id":"https:\/\/bbqentertainment.com\/toode\/ti-pro-austrinuga-new-haven-teraga-everdure-by-heston-blumenthal\/#breadcrumb"},"inLanguage":"en-US","potentialAction":[{"@type":"ReadAction","target":["https:\/\/bbqentertainment.com\/toode\/ti-pro-austrinuga-new-haven-teraga-everdure-by-heston-blumenthal\/"]}]},{"@type":"ImageObject","inLanguage":"en-US","@id":"https:\/\/bbqentertainment.com\/toode\/ti-pro-austrinuga-new-haven-teraga-everdure-by-heston-blumenthal\/#primaryimage","url":"https:\/\/bbqentertainment.com\/wp-content\/uploads\/2024\/12\/Oyster-Knife-1.png.webp","contentUrl":"https:\/\/bbqentertainment.com\/wp-content\/uploads\/2024\/12\/Oyster-Knife-1.png.webp","width":1800,"height":1800},{"@type":"BreadcrumbList","@id":"https:\/\/bbqentertainment.com\/toode\/ti-pro-austrinuga-new-haven-teraga-everdure-by-heston-blumenthal\/#breadcrumb","itemListElement":[{"@type":"ListItem","position":1,"name":"AVALEHT","item":"https:\/\/bbqentertainment.com\/en\/"},{"@type":"ListItem","position":2,"name":"Tooted","item":"https:\/\/bbqentertainment.com\/tooted\/"},{"@type":"ListItem","position":3,"name":"Lisatarvikud","item":"https:\/\/bbqentertainment.com\/tootekategooria\/lisatarvikud\/"},{"@type":"ListItem","position":4,"name":"Ti-Pro austrinuga &#8220;New Haven&#8221; teraga Everdure by Heston Blumenthal"}]},{"@type":"WebSite","@id":"https:\/\/bbqentertainment.com\/#website","url":"https:\/\/bbqentertainment.com\/","name":"BBQ Entertainment","description":"BBQ is a great lifestyle, not just fun!","publisher":{"@id":"https:\/\/bbqentertainment.com\/#organization"},"potentialAction":[{"@type":"SearchAction","target":{"@type":"EntryPoint","urlTemplate":"https:\/\/bbqentertainment.com\/?s={search_term_string}"},"query-input":{"@type":"PropertyValueSpecification","valueRequired":true,"valueName":"search_term_string"}}],"inLanguage":"en-US"},{"@type":"Organization","@id":"https:\/\/bbqentertainment.com\/#organization","name":"BBQ Entertainment O\u00dc","url":"https:\/\/bbqentertainment.com\/","logo":{"@type":"ImageObject","inLanguage":"en-US","@id":"https:\/\/bbqentertainment.com\/#\/schema\/logo\/image\/","url":"https:\/\/bbqentertainment.com\/wp-content\/uploads\/2020\/04\/BBQ-Entertainment-N-Catering-Enn-Tobreluts-Logo.png","contentUrl":"https:\/\/bbqentertainment.com\/wp-content\/uploads\/2020\/04\/BBQ-Entertainment-N-Catering-Enn-Tobreluts-Logo.png","width":628,"height":266,"caption":"BBQ Entertainment O\u00dc"},"image":{"@id":"https:\/\/bbqentertainment.com\/#\/schema\/logo\/image\/"},"sameAs":["https:\/\/www.facebook.com\/BBQ-Entertainment-N-Catering-2437913376443540","https:\/\/www.instagram.com\/bbqentertainmentncatering\/","https:\/\/www.youtube.com\/channel\/UCmpuANQVhLy2Md8nrenp2jA"]}]}},"_links":{"self":[{"href":"https:\/\/bbqentertainment.com\/en\/wp-json\/wp\/v2\/product\/250190","targetHints":{"allow":["GET"]}}],"collection":[{"href":"https:\/\/bbqentertainment.com\/en\/wp-json\/wp\/v2\/product"}],"about":[{"href":"https:\/\/bbqentertainment.com\/en\/wp-json\/wp\/v2\/types\/product"}],"wp:featuredmedia":[{"embeddable":true,"href":"https:\/\/bbqentertainment.com\/en\/wp-json\/wp\/v2\/media\/250195"}],"wp:attachment":[{"href":"https:\/\/bbqentertainment.com\/en\/wp-json\/wp\/v2\/media?parent=250190"}],"wp:term":[{"taxonomy":"product_brand","embeddable":true,"href":"https:\/\/bbqentertainment.com\/en\/wp-json\/wp\/v2\/product_brand?post=250190"},{"taxonomy":"product_cat","embeddable":true,"href":"https:\/\/bbqentertainment.com\/en\/wp-json\/wp\/v2\/product_cat?post=250190"},{"taxonomy":"product_tag","embeddable":true,"href":"https:\/\/bbqentertainment.com\/en\/wp-json\/wp\/v2\/product_tag?post=250190"}],"curies":[{"name":"wp","href":"https:\/\/api.w.org\/{rel}","templated":true}]}}