{"id":250210,"date":"2024-12-28T22:24:36","date_gmt":"2024-12-28T20:24:36","guid":{"rendered":"https:\/\/bbqentertainment.com\/?post_type=product&#038;p=250210"},"modified":"2025-07-25T13:45:30","modified_gmt":"2025-07-25T10:45:30","slug":"roostevabast-terasest-soekuhvel-nahast-riputusaasaga-everdure-by-heston","status":"publish","type":"product","link":"https:\/\/bbqentertainment.com\/en\/toode\/roostevabast-terasest-soekuhvel-nahast-riputusaasaga-everdure-by-heston\/","title":{"rendered":"Roostevabast terasest s\u00f6ek\u00fchvel (nahast riputusaasaga) Everdure by Heston"},"content":{"rendered":"","protected":false},"excerpt":{"rendered":"<h3><strong>Roostevabast terasest s\u00f6ek\u00fchvel (nahast riputusaasaga) Everdure by Heston<\/strong><\/h3>\n<p>S\u00f6elabidas on ideaalne abivahend igale BBQ ja v\u00e4lik\u00f6\u00f6gi entusiastile. See muudab s\u00f6e t\u00f5stmise ja grilli laadimise lihtsaks ja mugavaks.<\/p>\n<ul>\n<li><strong>Praktiline disain<\/strong> \u2013 s\u00fcgav kauss mahutab korraga suure hulga s\u00fctt, kiirendades grilli ettevalmistust.<\/li>\n<li><strong>Ohutu ja t\u00f5hus<\/strong> \u2013 hoiab k\u00e4ed puhtana ja v\u00e4hendab vajadust s\u00f6ega k\u00e4sitsi toimetada.<\/li>\n<li><strong>Mugav hoiustamine<\/strong> \u2013 pruunist nahast riputusaas v\u00f5imaldab labida h\u00f5lpsalt \u00fcles riputada.<\/li>\n<li><strong>M\u00f5\u00f5dud:<\/strong> 406 x 157 x 71 mm<\/li>\n<\/ul>\n<p>&nbsp;<\/p>\n","protected":false},"featured_media":250211,"template":"","meta":{"inline_featured_image":false},"product_brand":[],"product_cat":[92,479,210],"product_tag":[],"class_list":{"0":"post-250210","1":"product","2":"type-product","3":"status-publish","4":"has-post-thumbnail","6":"product_cat-lisatarvikud","7":"product_cat-grillitarvikud","8":"product_cat-lisatarvikud-everdure-by-heston","10":"first","11":"instock","12":"taxable","13":"shipping-taxable","14":"purchasable","15":"product-type-simple"},"yoast_head":"<!-- This site is optimized with the Yoast SEO plugin v27.4 - https:\/\/yoast.com\/product\/yoast-seo-wordpress\/ -->\n<title>Roostevabast terasest s\u00f6ek\u00fchvel (nahast riputusaasaga) Everdure by Heston - BBQ Entertainment<\/title>\n<meta name=\"robots\" content=\"index, follow, max-snippet:-1, max-image-preview:large, max-video-preview:-1\" \/>\n<link rel=\"canonical\" href=\"https:\/\/bbqentertainment.com\/toode\/roostevabast-terasest-soekuhvel-nahast-riputusaasaga-everdure-by-heston\/\" \/>\n<meta property=\"og:locale\" content=\"en_US\" \/>\n<meta property=\"og:type\" content=\"article\" \/>\n<meta property=\"og:title\" content=\"Roostevabast terasest s\u00f6ek\u00fchvel (nahast riputusaasaga) Everdure by Heston - BBQ Entertainment\" \/>\n<meta property=\"og:description\" content=\"Roostevabast terasest s\u00f6ek\u00fchvel (nahast riputusaasaga) Everdure by Heston S\u00f6elabidas on ideaalne abivahend igale BBQ ja v\u00e4lik\u00f6\u00f6gi entusiastile. See muudab s\u00f6e t\u00f5stmise ja grilli laadimise lihtsaks ja mugavaks.   Praktiline disain \u2013 s\u00fcgav kauss mahutab korraga suure hulga s\u00fctt, kiirendades grilli ettevalmistust.  Ohutu ja t\u00f5hus \u2013 hoiab k\u00e4ed puhtana ja v\u00e4hendab vajadust s\u00f6ega k\u00e4sitsi toimetada.  Mugav hoiustamine \u2013 pruunist nahast riputusaas v\u00f5imaldab labida h\u00f5lpsalt \u00fcles riputada.  M\u00f5\u00f5dud: 406 x 157 x 71 mm  &nbsp;\" \/>\n<meta property=\"og:url\" content=\"https:\/\/bbqentertainment.com\/toode\/roostevabast-terasest-soekuhvel-nahast-riputusaasaga-everdure-by-heston\/\" \/>\n<meta property=\"og:site_name\" content=\"BBQ Entertainment\" \/>\n<meta property=\"article:publisher\" content=\"https:\/\/www.facebook.com\/BBQ-Entertainment-N-Catering-2437913376443540\" \/>\n<meta property=\"article:modified_time\" content=\"2025-07-25T10:45:30+00:00\" \/>\n<meta property=\"og:image\" content=\"https:\/\/bbqentertainment.com\/wp-content\/uploads\/2024\/12\/Charcoal-Shovel.png.webp\" \/>\n\t<meta property=\"og:image:width\" content=\"1213\" \/>\n\t<meta property=\"og:image:height\" content=\"1214\" \/>\n\t<meta property=\"og:image:type\" content=\"image\/webp\" \/>\n<meta name=\"twitter:card\" content=\"summary_large_image\" \/>\n<meta name=\"twitter:label1\" content=\"Est. reading time\" \/>\n\t<meta name=\"twitter:data1\" content=\"1 minute\" \/>\n<script type=\"application\/ld+json\" class=\"yoast-schema-graph\">{\"@context\":\"https:\\\/\\\/schema.org\",\"@graph\":[{\"@type\":[\"WebPage\",\"ItemPage\"],\"@id\":\"https:\\\/\\\/bbqentertainment.com\\\/toode\\\/roostevabast-terasest-soekuhvel-nahast-riputusaasaga-everdure-by-heston\\\/\",\"url\":\"https:\\\/\\\/bbqentertainment.com\\\/toode\\\/roostevabast-terasest-soekuhvel-nahast-riputusaasaga-everdure-by-heston\\\/\",\"name\":\"Roostevabast terasest s\u00f6ek\u00fchvel (nahast riputusaasaga) Everdure by Heston - BBQ Entertainment\",\"isPartOf\":{\"@id\":\"https:\\\/\\\/bbqentertainment.com\\\/#website\"},\"primaryImageOfPage\":{\"@id\":\"https:\\\/\\\/bbqentertainment.com\\\/toode\\\/roostevabast-terasest-soekuhvel-nahast-riputusaasaga-everdure-by-heston\\\/#primaryimage\"},\"image\":{\"@id\":\"https:\\\/\\\/bbqentertainment.com\\\/toode\\\/roostevabast-terasest-soekuhvel-nahast-riputusaasaga-everdure-by-heston\\\/#primaryimage\"},\"thumbnailUrl\":\"https:\\\/\\\/bbqentertainment.com\\\/wp-content\\\/uploads\\\/2024\\\/12\\\/Charcoal-Shovel.png.webp\",\"datePublished\":\"2024-12-28T20:24:36+00:00\",\"dateModified\":\"2025-07-25T10:45:30+00:00\",\"breadcrumb\":{\"@id\":\"https:\\\/\\\/bbqentertainment.com\\\/toode\\\/roostevabast-terasest-soekuhvel-nahast-riputusaasaga-everdure-by-heston\\\/#breadcrumb\"},\"inLanguage\":\"en-US\",\"potentialAction\":[{\"@type\":\"ReadAction\",\"target\":[\"https:\\\/\\\/bbqentertainment.com\\\/toode\\\/roostevabast-terasest-soekuhvel-nahast-riputusaasaga-everdure-by-heston\\\/\"]}]},{\"@type\":\"ImageObject\",\"inLanguage\":\"en-US\",\"@id\":\"https:\\\/\\\/bbqentertainment.com\\\/toode\\\/roostevabast-terasest-soekuhvel-nahast-riputusaasaga-everdure-by-heston\\\/#primaryimage\",\"url\":\"https:\\\/\\\/bbqentertainment.com\\\/wp-content\\\/uploads\\\/2024\\\/12\\\/Charcoal-Shovel.png.webp\",\"contentUrl\":\"https:\\\/\\\/bbqentertainment.com\\\/wp-content\\\/uploads\\\/2024\\\/12\\\/Charcoal-Shovel.png.webp\",\"width\":1213,\"height\":1214},{\"@type\":\"BreadcrumbList\",\"@id\":\"https:\\\/\\\/bbqentertainment.com\\\/toode\\\/roostevabast-terasest-soekuhvel-nahast-riputusaasaga-everdure-by-heston\\\/#breadcrumb\",\"itemListElement\":[{\"@type\":\"ListItem\",\"position\":1,\"name\":\"AVALEHT\",\"item\":\"https:\\\/\\\/bbqentertainment.com\\\/en\\\/\"},{\"@type\":\"ListItem\",\"position\":2,\"name\":\"Tooted\",\"item\":\"https:\\\/\\\/bbqentertainment.com\\\/tooted\\\/\"},{\"@type\":\"ListItem\",\"position\":3,\"name\":\"Lisatarvikud\",\"item\":\"https:\\\/\\\/bbqentertainment.com\\\/tootekategooria\\\/lisatarvikud\\\/\"},{\"@type\":\"ListItem\",\"position\":4,\"name\":\"Roostevabast terasest s\u00f6ek\u00fchvel (nahast riputusaasaga) Everdure by Heston\"}]},{\"@type\":\"WebSite\",\"@id\":\"https:\\\/\\\/bbqentertainment.com\\\/#website\",\"url\":\"https:\\\/\\\/bbqentertainment.com\\\/\",\"name\":\"BBQ Entertainment\",\"description\":\"BBQ is a great lifestyle, not just fun!\",\"publisher\":{\"@id\":\"https:\\\/\\\/bbqentertainment.com\\\/#organization\"},\"potentialAction\":[{\"@type\":\"SearchAction\",\"target\":{\"@type\":\"EntryPoint\",\"urlTemplate\":\"https:\\\/\\\/bbqentertainment.com\\\/?s={search_term_string}\"},\"query-input\":{\"@type\":\"PropertyValueSpecification\",\"valueRequired\":true,\"valueName\":\"search_term_string\"}}],\"inLanguage\":\"en-US\"},{\"@type\":\"Organization\",\"@id\":\"https:\\\/\\\/bbqentertainment.com\\\/#organization\",\"name\":\"BBQ Entertainment O\u00dc\",\"url\":\"https:\\\/\\\/bbqentertainment.com\\\/\",\"logo\":{\"@type\":\"ImageObject\",\"inLanguage\":\"en-US\",\"@id\":\"https:\\\/\\\/bbqentertainment.com\\\/#\\\/schema\\\/logo\\\/image\\\/\",\"url\":\"https:\\\/\\\/bbqentertainment.com\\\/wp-content\\\/uploads\\\/2020\\\/04\\\/BBQ-Entertainment-N-Catering-Enn-Tobreluts-Logo.png\",\"contentUrl\":\"https:\\\/\\\/bbqentertainment.com\\\/wp-content\\\/uploads\\\/2020\\\/04\\\/BBQ-Entertainment-N-Catering-Enn-Tobreluts-Logo.png\",\"width\":628,\"height\":266,\"caption\":\"BBQ Entertainment O\u00dc\"},\"image\":{\"@id\":\"https:\\\/\\\/bbqentertainment.com\\\/#\\\/schema\\\/logo\\\/image\\\/\"},\"sameAs\":[\"https:\\\/\\\/www.facebook.com\\\/BBQ-Entertainment-N-Catering-2437913376443540\",\"https:\\\/\\\/www.instagram.com\\\/bbqentertainmentncatering\\\/\",\"https:\\\/\\\/www.youtube.com\\\/channel\\\/UCmpuANQVhLy2Md8nrenp2jA\"]}]}<\/script>\n<!-- \/ Yoast SEO plugin. -->","yoast_head_json":{"title":"Roostevabast terasest s\u00f6ek\u00fchvel (nahast riputusaasaga) Everdure by Heston - BBQ Entertainment","robots":{"index":"index","follow":"follow","max-snippet":"max-snippet:-1","max-image-preview":"max-image-preview:large","max-video-preview":"max-video-preview:-1"},"canonical":"https:\/\/bbqentertainment.com\/toode\/roostevabast-terasest-soekuhvel-nahast-riputusaasaga-everdure-by-heston\/","og_locale":"en_US","og_type":"article","og_title":"Roostevabast terasest s\u00f6ek\u00fchvel (nahast riputusaasaga) Everdure by Heston - BBQ Entertainment","og_description":"Roostevabast terasest s\u00f6ek\u00fchvel (nahast riputusaasaga) Everdure by Heston S\u00f6elabidas on ideaalne abivahend igale BBQ ja v\u00e4lik\u00f6\u00f6gi entusiastile. See muudab s\u00f6e t\u00f5stmise ja grilli laadimise lihtsaks ja mugavaks.   Praktiline disain \u2013 s\u00fcgav kauss mahutab korraga suure hulga s\u00fctt, kiirendades grilli ettevalmistust.  Ohutu ja t\u00f5hus \u2013 hoiab k\u00e4ed puhtana ja v\u00e4hendab vajadust s\u00f6ega k\u00e4sitsi toimetada.  Mugav hoiustamine \u2013 pruunist nahast riputusaas v\u00f5imaldab labida h\u00f5lpsalt \u00fcles riputada.  M\u00f5\u00f5dud: 406 x 157 x 71 mm  &nbsp;","og_url":"https:\/\/bbqentertainment.com\/toode\/roostevabast-terasest-soekuhvel-nahast-riputusaasaga-everdure-by-heston\/","og_site_name":"BBQ Entertainment","article_publisher":"https:\/\/www.facebook.com\/BBQ-Entertainment-N-Catering-2437913376443540","article_modified_time":"2025-07-25T10:45:30+00:00","og_image":[{"width":1213,"height":1214,"url":"https:\/\/bbqentertainment.com\/wp-content\/uploads\/2024\/12\/Charcoal-Shovel.png.webp","type":"image\/webp"}],"twitter_card":"summary_large_image","twitter_misc":{"Est. reading time":"1 minute"},"schema":{"@context":"https:\/\/schema.org","@graph":[{"@type":["WebPage","ItemPage"],"@id":"https:\/\/bbqentertainment.com\/toode\/roostevabast-terasest-soekuhvel-nahast-riputusaasaga-everdure-by-heston\/","url":"https:\/\/bbqentertainment.com\/toode\/roostevabast-terasest-soekuhvel-nahast-riputusaasaga-everdure-by-heston\/","name":"Roostevabast terasest s\u00f6ek\u00fchvel (nahast riputusaasaga) Everdure by Heston - BBQ Entertainment","isPartOf":{"@id":"https:\/\/bbqentertainment.com\/#website"},"primaryImageOfPage":{"@id":"https:\/\/bbqentertainment.com\/toode\/roostevabast-terasest-soekuhvel-nahast-riputusaasaga-everdure-by-heston\/#primaryimage"},"image":{"@id":"https:\/\/bbqentertainment.com\/toode\/roostevabast-terasest-soekuhvel-nahast-riputusaasaga-everdure-by-heston\/#primaryimage"},"thumbnailUrl":"https:\/\/bbqentertainment.com\/wp-content\/uploads\/2024\/12\/Charcoal-Shovel.png.webp","datePublished":"2024-12-28T20:24:36+00:00","dateModified":"2025-07-25T10:45:30+00:00","breadcrumb":{"@id":"https:\/\/bbqentertainment.com\/toode\/roostevabast-terasest-soekuhvel-nahast-riputusaasaga-everdure-by-heston\/#breadcrumb"},"inLanguage":"en-US","potentialAction":[{"@type":"ReadAction","target":["https:\/\/bbqentertainment.com\/toode\/roostevabast-terasest-soekuhvel-nahast-riputusaasaga-everdure-by-heston\/"]}]},{"@type":"ImageObject","inLanguage":"en-US","@id":"https:\/\/bbqentertainment.com\/toode\/roostevabast-terasest-soekuhvel-nahast-riputusaasaga-everdure-by-heston\/#primaryimage","url":"https:\/\/bbqentertainment.com\/wp-content\/uploads\/2024\/12\/Charcoal-Shovel.png.webp","contentUrl":"https:\/\/bbqentertainment.com\/wp-content\/uploads\/2024\/12\/Charcoal-Shovel.png.webp","width":1213,"height":1214},{"@type":"BreadcrumbList","@id":"https:\/\/bbqentertainment.com\/toode\/roostevabast-terasest-soekuhvel-nahast-riputusaasaga-everdure-by-heston\/#breadcrumb","itemListElement":[{"@type":"ListItem","position":1,"name":"AVALEHT","item":"https:\/\/bbqentertainment.com\/en\/"},{"@type":"ListItem","position":2,"name":"Tooted","item":"https:\/\/bbqentertainment.com\/tooted\/"},{"@type":"ListItem","position":3,"name":"Lisatarvikud","item":"https:\/\/bbqentertainment.com\/tootekategooria\/lisatarvikud\/"},{"@type":"ListItem","position":4,"name":"Roostevabast terasest s\u00f6ek\u00fchvel (nahast riputusaasaga) Everdure by Heston"}]},{"@type":"WebSite","@id":"https:\/\/bbqentertainment.com\/#website","url":"https:\/\/bbqentertainment.com\/","name":"BBQ Entertainment","description":"BBQ is a great lifestyle, not just fun!","publisher":{"@id":"https:\/\/bbqentertainment.com\/#organization"},"potentialAction":[{"@type":"SearchAction","target":{"@type":"EntryPoint","urlTemplate":"https:\/\/bbqentertainment.com\/?s={search_term_string}"},"query-input":{"@type":"PropertyValueSpecification","valueRequired":true,"valueName":"search_term_string"}}],"inLanguage":"en-US"},{"@type":"Organization","@id":"https:\/\/bbqentertainment.com\/#organization","name":"BBQ Entertainment O\u00dc","url":"https:\/\/bbqentertainment.com\/","logo":{"@type":"ImageObject","inLanguage":"en-US","@id":"https:\/\/bbqentertainment.com\/#\/schema\/logo\/image\/","url":"https:\/\/bbqentertainment.com\/wp-content\/uploads\/2020\/04\/BBQ-Entertainment-N-Catering-Enn-Tobreluts-Logo.png","contentUrl":"https:\/\/bbqentertainment.com\/wp-content\/uploads\/2020\/04\/BBQ-Entertainment-N-Catering-Enn-Tobreluts-Logo.png","width":628,"height":266,"caption":"BBQ Entertainment O\u00dc"},"image":{"@id":"https:\/\/bbqentertainment.com\/#\/schema\/logo\/image\/"},"sameAs":["https:\/\/www.facebook.com\/BBQ-Entertainment-N-Catering-2437913376443540","https:\/\/www.instagram.com\/bbqentertainmentncatering\/","https:\/\/www.youtube.com\/channel\/UCmpuANQVhLy2Md8nrenp2jA"]}]}},"_links":{"self":[{"href":"https:\/\/bbqentertainment.com\/en\/wp-json\/wp\/v2\/product\/250210","targetHints":{"allow":["GET"]}}],"collection":[{"href":"https:\/\/bbqentertainment.com\/en\/wp-json\/wp\/v2\/product"}],"about":[{"href":"https:\/\/bbqentertainment.com\/en\/wp-json\/wp\/v2\/types\/product"}],"wp:featuredmedia":[{"embeddable":true,"href":"https:\/\/bbqentertainment.com\/en\/wp-json\/wp\/v2\/media\/250211"}],"wp:attachment":[{"href":"https:\/\/bbqentertainment.com\/en\/wp-json\/wp\/v2\/media?parent=250210"}],"wp:term":[{"taxonomy":"product_brand","embeddable":true,"href":"https:\/\/bbqentertainment.com\/en\/wp-json\/wp\/v2\/product_brand?post=250210"},{"taxonomy":"product_cat","embeddable":true,"href":"https:\/\/bbqentertainment.com\/en\/wp-json\/wp\/v2\/product_cat?post=250210"},{"taxonomy":"product_tag","embeddable":true,"href":"https:\/\/bbqentertainment.com\/en\/wp-json\/wp\/v2\/product_tag?post=250210"}],"curies":[{"name":"wp","href":"https:\/\/api.w.org\/{rel}","templated":true}]}}