{"id":250238,"date":"2024-12-29T14:40:30","date_gmt":"2024-12-29T12:40:30","guid":{"rendered":"https:\/\/bbqentertainment.com\/?post_type=product&#038;p=250238"},"modified":"2025-07-25T13:45:54","modified_gmt":"2025-07-25T10:45:54","slug":"roostevabast-terasest-austrirest-everdure-by-heston-blumenthal","status":"publish","type":"product","link":"https:\/\/bbqentertainment.com\/en\/toode\/roostevabast-terasest-austrirest-everdure-by-heston-blumenthal\/","title":{"rendered":"Roostevabast terasest austrirest Everdure by Heston Blumenthal"},"content":{"rendered":"","protected":false},"excerpt":{"rendered":"<h3><strong>Roostevabast terasest austrirest Everdure by Heston Blumenthal<\/strong><\/h3>\n<p>Austrirest on valmistatud vastupidavast roostevabast terasest, hoiab see austrid kindlalt paigal, v\u00f5imaldades neid t\u00e4iuslikult grillida.<\/p>\n<ul>\n<li><strong>\u00dchtlane k\u00fcpsemine<\/strong> \u2013 k\u00f5rgendatud sooned hoiavad austrid eraldi ja tagavad \u00fchtlase k\u00fcpsetuse.<\/li>\n<li><strong>Lihtne k\u00e4sitsemine<\/strong> \u2013 suured k\u00e4epidemed muudavad resti liigutamise ja p\u00f6\u00f6ramise mugavaks.<\/li>\n<li><strong>Mitmek\u00fclgne kasutus<\/strong> \u2013 sobib ka t\u00e4idetud seente, v\u00e4ikeste arti\u0161okkide ja muude eelroogade ning magustoitude grillimiseks.<\/li>\n<li><strong>M\u00f5\u00f5dud<\/strong>: 377 x 261 x 77 mm (paksus 1,5 mm)<\/li>\n<\/ul>\n","protected":false},"featured_media":250241,"template":"","meta":{"inline_featured_image":false},"product_brand":[],"product_cat":[92,479,210],"product_tag":[],"class_list":{"0":"post-250238","1":"product","2":"type-product","3":"status-publish","4":"has-post-thumbnail","6":"product_cat-lisatarvikud","7":"product_cat-grillitarvikud","8":"product_cat-lisatarvikud-everdure-by-heston","10":"first","11":"instock","12":"taxable","13":"shipping-taxable","14":"purchasable","15":"product-type-simple"},"yoast_head":"<!-- This site is optimized with the Yoast SEO plugin v27.2 - https:\/\/yoast.com\/product\/yoast-seo-wordpress\/ -->\n<title>Roostevabast terasest austrirest Everdure by Heston Blumenthal - BBQ Entertainment<\/title>\n<meta name=\"robots\" content=\"index, follow, max-snippet:-1, max-image-preview:large, max-video-preview:-1\" \/>\n<link rel=\"canonical\" href=\"https:\/\/bbqentertainment.com\/toode\/roostevabast-terasest-austrirest-everdure-by-heston-blumenthal\/\" \/>\n<meta property=\"og:locale\" content=\"en_US\" \/>\n<meta property=\"og:type\" content=\"article\" \/>\n<meta property=\"og:title\" content=\"Roostevabast terasest austrirest Everdure by Heston Blumenthal - BBQ Entertainment\" \/>\n<meta property=\"og:description\" content=\"Roostevabast terasest austrirest Everdure by Heston Blumenthal Austrirest on valmistatud vastupidavast roostevabast terasest, hoiab see austrid kindlalt paigal, v\u00f5imaldades neid t\u00e4iuslikult grillida.   \u00dchtlane k\u00fcpsemine \u2013 k\u00f5rgendatud sooned hoiavad austrid eraldi ja tagavad \u00fchtlase k\u00fcpsetuse.  Lihtne k\u00e4sitsemine \u2013 suured k\u00e4epidemed muudavad resti liigutamise ja p\u00f6\u00f6ramise mugavaks.  Mitmek\u00fclgne kasutus \u2013 sobib ka t\u00e4idetud seente, v\u00e4ikeste arti\u0161okkide ja muude eelroogade ning magustoitude grillimiseks.  M\u00f5\u00f5dud: 377 x 261 x 77 mm (paksus 1,5 mm)\" \/>\n<meta property=\"og:url\" content=\"https:\/\/bbqentertainment.com\/toode\/roostevabast-terasest-austrirest-everdure-by-heston-blumenthal\/\" \/>\n<meta property=\"og:site_name\" content=\"BBQ Entertainment\" \/>\n<meta property=\"article:publisher\" content=\"https:\/\/www.facebook.com\/BBQ-Entertainment-N-Catering-2437913376443540\" \/>\n<meta property=\"article:modified_time\" content=\"2025-07-25T10:45:54+00:00\" \/>\n<meta property=\"og:image\" content=\"https:\/\/bbqentertainment.com\/wp-content\/uploads\/2024\/12\/Oyster-Rack-1.png.webp\" \/>\n\t<meta property=\"og:image:width\" content=\"1515\" \/>\n\t<meta property=\"og:image:height\" content=\"1515\" \/>\n\t<meta property=\"og:image:type\" content=\"image\/webp\" \/>\n<meta name=\"twitter:card\" content=\"summary_large_image\" \/>\n<meta name=\"twitter:label1\" content=\"Est. reading time\" \/>\n\t<meta name=\"twitter:data1\" content=\"1 minute\" \/>\n<script type=\"application\/ld+json\" class=\"yoast-schema-graph\">{\"@context\":\"https:\/\/schema.org\",\"@graph\":[{\"@type\":[\"WebPage\",\"ItemPage\"],\"@id\":\"https:\/\/bbqentertainment.com\/toode\/roostevabast-terasest-austrirest-everdure-by-heston-blumenthal\/\",\"url\":\"https:\/\/bbqentertainment.com\/toode\/roostevabast-terasest-austrirest-everdure-by-heston-blumenthal\/\",\"name\":\"Roostevabast terasest austrirest Everdure by Heston Blumenthal - BBQ Entertainment\",\"isPartOf\":{\"@id\":\"https:\/\/bbqentertainment.com\/#website\"},\"primaryImageOfPage\":{\"@id\":\"https:\/\/bbqentertainment.com\/toode\/roostevabast-terasest-austrirest-everdure-by-heston-blumenthal\/#primaryimage\"},\"image\":{\"@id\":\"https:\/\/bbqentertainment.com\/toode\/roostevabast-terasest-austrirest-everdure-by-heston-blumenthal\/#primaryimage\"},\"thumbnailUrl\":\"https:\/\/bbqentertainment.com\/wp-content\/uploads\/2024\/12\/Oyster-Rack-1.png.webp\",\"datePublished\":\"2024-12-29T12:40:30+00:00\",\"dateModified\":\"2025-07-25T10:45:54+00:00\",\"breadcrumb\":{\"@id\":\"https:\/\/bbqentertainment.com\/toode\/roostevabast-terasest-austrirest-everdure-by-heston-blumenthal\/#breadcrumb\"},\"inLanguage\":\"en-US\",\"potentialAction\":[{\"@type\":\"ReadAction\",\"target\":[\"https:\/\/bbqentertainment.com\/toode\/roostevabast-terasest-austrirest-everdure-by-heston-blumenthal\/\"]}]},{\"@type\":\"ImageObject\",\"inLanguage\":\"en-US\",\"@id\":\"https:\/\/bbqentertainment.com\/toode\/roostevabast-terasest-austrirest-everdure-by-heston-blumenthal\/#primaryimage\",\"url\":\"https:\/\/bbqentertainment.com\/wp-content\/uploads\/2024\/12\/Oyster-Rack-1.png.webp\",\"contentUrl\":\"https:\/\/bbqentertainment.com\/wp-content\/uploads\/2024\/12\/Oyster-Rack-1.png.webp\",\"width\":1515,\"height\":1515},{\"@type\":\"BreadcrumbList\",\"@id\":\"https:\/\/bbqentertainment.com\/toode\/roostevabast-terasest-austrirest-everdure-by-heston-blumenthal\/#breadcrumb\",\"itemListElement\":[{\"@type\":\"ListItem\",\"position\":1,\"name\":\"AVALEHT\",\"item\":\"https:\/\/bbqentertainment.com\/en\/\"},{\"@type\":\"ListItem\",\"position\":2,\"name\":\"Tooted\",\"item\":\"https:\/\/bbqentertainment.com\/tooted\/\"},{\"@type\":\"ListItem\",\"position\":3,\"name\":\"Lisatarvikud\",\"item\":\"https:\/\/bbqentertainment.com\/tootekategooria\/lisatarvikud\/\"},{\"@type\":\"ListItem\",\"position\":4,\"name\":\"Roostevabast terasest austrirest Everdure by Heston Blumenthal\"}]},{\"@type\":\"WebSite\",\"@id\":\"https:\/\/bbqentertainment.com\/#website\",\"url\":\"https:\/\/bbqentertainment.com\/\",\"name\":\"BBQ Entertainment\",\"description\":\"BBQ is a great lifestyle, not just fun!\",\"publisher\":{\"@id\":\"https:\/\/bbqentertainment.com\/#organization\"},\"potentialAction\":[{\"@type\":\"SearchAction\",\"target\":{\"@type\":\"EntryPoint\",\"urlTemplate\":\"https:\/\/bbqentertainment.com\/?s={search_term_string}\"},\"query-input\":{\"@type\":\"PropertyValueSpecification\",\"valueRequired\":true,\"valueName\":\"search_term_string\"}}],\"inLanguage\":\"en-US\"},{\"@type\":\"Organization\",\"@id\":\"https:\/\/bbqentertainment.com\/#organization\",\"name\":\"BBQ Entertainment O\u00dc\",\"url\":\"https:\/\/bbqentertainment.com\/\",\"logo\":{\"@type\":\"ImageObject\",\"inLanguage\":\"en-US\",\"@id\":\"https:\/\/bbqentertainment.com\/#\/schema\/logo\/image\/\",\"url\":\"https:\/\/bbqentertainment.com\/wp-content\/uploads\/2020\/04\/BBQ-Entertainment-N-Catering-Enn-Tobreluts-Logo.png\",\"contentUrl\":\"https:\/\/bbqentertainment.com\/wp-content\/uploads\/2020\/04\/BBQ-Entertainment-N-Catering-Enn-Tobreluts-Logo.png\",\"width\":628,\"height\":266,\"caption\":\"BBQ Entertainment O\u00dc\"},\"image\":{\"@id\":\"https:\/\/bbqentertainment.com\/#\/schema\/logo\/image\/\"},\"sameAs\":[\"https:\/\/www.facebook.com\/BBQ-Entertainment-N-Catering-2437913376443540\",\"https:\/\/www.instagram.com\/bbqentertainmentncatering\/\",\"https:\/\/www.youtube.com\/channel\/UCmpuANQVhLy2Md8nrenp2jA\"]}]}<\/script>\n<!-- \/ Yoast SEO plugin. -->","yoast_head_json":{"title":"Roostevabast terasest austrirest Everdure by Heston Blumenthal - BBQ Entertainment","robots":{"index":"index","follow":"follow","max-snippet":"max-snippet:-1","max-image-preview":"max-image-preview:large","max-video-preview":"max-video-preview:-1"},"canonical":"https:\/\/bbqentertainment.com\/toode\/roostevabast-terasest-austrirest-everdure-by-heston-blumenthal\/","og_locale":"en_US","og_type":"article","og_title":"Roostevabast terasest austrirest Everdure by Heston Blumenthal - BBQ Entertainment","og_description":"Roostevabast terasest austrirest Everdure by Heston Blumenthal Austrirest on valmistatud vastupidavast roostevabast terasest, hoiab see austrid kindlalt paigal, v\u00f5imaldades neid t\u00e4iuslikult grillida.   \u00dchtlane k\u00fcpsemine \u2013 k\u00f5rgendatud sooned hoiavad austrid eraldi ja tagavad \u00fchtlase k\u00fcpsetuse.  Lihtne k\u00e4sitsemine \u2013 suured k\u00e4epidemed muudavad resti liigutamise ja p\u00f6\u00f6ramise mugavaks.  Mitmek\u00fclgne kasutus \u2013 sobib ka t\u00e4idetud seente, v\u00e4ikeste arti\u0161okkide ja muude eelroogade ning magustoitude grillimiseks.  M\u00f5\u00f5dud: 377 x 261 x 77 mm (paksus 1,5 mm)","og_url":"https:\/\/bbqentertainment.com\/toode\/roostevabast-terasest-austrirest-everdure-by-heston-blumenthal\/","og_site_name":"BBQ Entertainment","article_publisher":"https:\/\/www.facebook.com\/BBQ-Entertainment-N-Catering-2437913376443540","article_modified_time":"2025-07-25T10:45:54+00:00","og_image":[{"width":1515,"height":1515,"url":"https:\/\/bbqentertainment.com\/wp-content\/uploads\/2024\/12\/Oyster-Rack-1.png.webp","type":"image\/webp"}],"twitter_card":"summary_large_image","twitter_misc":{"Est. reading time":"1 minute"},"schema":{"@context":"https:\/\/schema.org","@graph":[{"@type":["WebPage","ItemPage"],"@id":"https:\/\/bbqentertainment.com\/toode\/roostevabast-terasest-austrirest-everdure-by-heston-blumenthal\/","url":"https:\/\/bbqentertainment.com\/toode\/roostevabast-terasest-austrirest-everdure-by-heston-blumenthal\/","name":"Roostevabast terasest austrirest Everdure by Heston Blumenthal - BBQ Entertainment","isPartOf":{"@id":"https:\/\/bbqentertainment.com\/#website"},"primaryImageOfPage":{"@id":"https:\/\/bbqentertainment.com\/toode\/roostevabast-terasest-austrirest-everdure-by-heston-blumenthal\/#primaryimage"},"image":{"@id":"https:\/\/bbqentertainment.com\/toode\/roostevabast-terasest-austrirest-everdure-by-heston-blumenthal\/#primaryimage"},"thumbnailUrl":"https:\/\/bbqentertainment.com\/wp-content\/uploads\/2024\/12\/Oyster-Rack-1.png.webp","datePublished":"2024-12-29T12:40:30+00:00","dateModified":"2025-07-25T10:45:54+00:00","breadcrumb":{"@id":"https:\/\/bbqentertainment.com\/toode\/roostevabast-terasest-austrirest-everdure-by-heston-blumenthal\/#breadcrumb"},"inLanguage":"en-US","potentialAction":[{"@type":"ReadAction","target":["https:\/\/bbqentertainment.com\/toode\/roostevabast-terasest-austrirest-everdure-by-heston-blumenthal\/"]}]},{"@type":"ImageObject","inLanguage":"en-US","@id":"https:\/\/bbqentertainment.com\/toode\/roostevabast-terasest-austrirest-everdure-by-heston-blumenthal\/#primaryimage","url":"https:\/\/bbqentertainment.com\/wp-content\/uploads\/2024\/12\/Oyster-Rack-1.png.webp","contentUrl":"https:\/\/bbqentertainment.com\/wp-content\/uploads\/2024\/12\/Oyster-Rack-1.png.webp","width":1515,"height":1515},{"@type":"BreadcrumbList","@id":"https:\/\/bbqentertainment.com\/toode\/roostevabast-terasest-austrirest-everdure-by-heston-blumenthal\/#breadcrumb","itemListElement":[{"@type":"ListItem","position":1,"name":"AVALEHT","item":"https:\/\/bbqentertainment.com\/en\/"},{"@type":"ListItem","position":2,"name":"Tooted","item":"https:\/\/bbqentertainment.com\/tooted\/"},{"@type":"ListItem","position":3,"name":"Lisatarvikud","item":"https:\/\/bbqentertainment.com\/tootekategooria\/lisatarvikud\/"},{"@type":"ListItem","position":4,"name":"Roostevabast terasest austrirest Everdure by Heston Blumenthal"}]},{"@type":"WebSite","@id":"https:\/\/bbqentertainment.com\/#website","url":"https:\/\/bbqentertainment.com\/","name":"BBQ Entertainment","description":"BBQ is a great lifestyle, not just fun!","publisher":{"@id":"https:\/\/bbqentertainment.com\/#organization"},"potentialAction":[{"@type":"SearchAction","target":{"@type":"EntryPoint","urlTemplate":"https:\/\/bbqentertainment.com\/?s={search_term_string}"},"query-input":{"@type":"PropertyValueSpecification","valueRequired":true,"valueName":"search_term_string"}}],"inLanguage":"en-US"},{"@type":"Organization","@id":"https:\/\/bbqentertainment.com\/#organization","name":"BBQ Entertainment O\u00dc","url":"https:\/\/bbqentertainment.com\/","logo":{"@type":"ImageObject","inLanguage":"en-US","@id":"https:\/\/bbqentertainment.com\/#\/schema\/logo\/image\/","url":"https:\/\/bbqentertainment.com\/wp-content\/uploads\/2020\/04\/BBQ-Entertainment-N-Catering-Enn-Tobreluts-Logo.png","contentUrl":"https:\/\/bbqentertainment.com\/wp-content\/uploads\/2020\/04\/BBQ-Entertainment-N-Catering-Enn-Tobreluts-Logo.png","width":628,"height":266,"caption":"BBQ Entertainment O\u00dc"},"image":{"@id":"https:\/\/bbqentertainment.com\/#\/schema\/logo\/image\/"},"sameAs":["https:\/\/www.facebook.com\/BBQ-Entertainment-N-Catering-2437913376443540","https:\/\/www.instagram.com\/bbqentertainmentncatering\/","https:\/\/www.youtube.com\/channel\/UCmpuANQVhLy2Md8nrenp2jA"]}]}},"_links":{"self":[{"href":"https:\/\/bbqentertainment.com\/en\/wp-json\/wp\/v2\/product\/250238","targetHints":{"allow":["GET"]}}],"collection":[{"href":"https:\/\/bbqentertainment.com\/en\/wp-json\/wp\/v2\/product"}],"about":[{"href":"https:\/\/bbqentertainment.com\/en\/wp-json\/wp\/v2\/types\/product"}],"wp:featuredmedia":[{"embeddable":true,"href":"https:\/\/bbqentertainment.com\/en\/wp-json\/wp\/v2\/media\/250241"}],"wp:attachment":[{"href":"https:\/\/bbqentertainment.com\/en\/wp-json\/wp\/v2\/media?parent=250238"}],"wp:term":[{"taxonomy":"product_brand","embeddable":true,"href":"https:\/\/bbqentertainment.com\/en\/wp-json\/wp\/v2\/product_brand?post=250238"},{"taxonomy":"product_cat","embeddable":true,"href":"https:\/\/bbqentertainment.com\/en\/wp-json\/wp\/v2\/product_cat?post=250238"},{"taxonomy":"product_tag","embeddable":true,"href":"https:\/\/bbqentertainment.com\/en\/wp-json\/wp\/v2\/product_tag?post=250238"}],"curies":[{"name":"wp","href":"https:\/\/api.w.org\/{rel}","templated":true}]}}