{"id":250269,"date":"2024-12-29T17:52:20","date_gmt":"2024-12-29T15:52:20","guid":{"rendered":"https:\/\/bbqentertainment.com\/?post_type=product&#038;p=250269"},"modified":"2025-07-25T13:45:46","modified_gmt":"2025-07-25T10:45:46","slug":"xapron-new-york-must-nahast-koka-voopoll-40cm","status":"publish","type":"product","link":"https:\/\/bbqentertainment.com\/en\/toode\/xapron-new-york-must-nahast-koka-voopoll-40cm\/","title":{"rendered":"Xapron New York must nahast koka v\u00f6\u00f6p\u00f5ll 40cm"},"content":{"rendered":"<h3><strong>Xapron \u2013 nahkp\u00f5lled, mis peegeldavad stiili<\/strong><\/h3>\n<p>Xapron on disaininud ja tootnud pehmeid nahkp\u00f5llesid alates 2015. aastast Hollandis, Waalwijkis. Kollektsioonist leiab laia valiku nahat\u00fc\u00fcpe, sealhulgas Kansas, Bovine, New York, Atlanta, Utah ja eksklusiivne Caiman, millel on krokodillimustriga viimistlus.\u00a0<\/p>\n","protected":false},"excerpt":{"rendered":"<h3><strong>Xapron New York must nahast koka v\u00f6\u00f6p\u00f5ll 40cm<\/strong><\/h3>\n<div class=\"flex max-w-full flex-col flex-grow\">\n<div class=\"min-h-8 text-message flex w-full flex-col items-end gap-2 whitespace-normal break-words text-start [.text-message+&amp;]:mt-5\" dir=\"auto\" data-message-author-role=\"assistant\" data-message-id=\"f0c6b272-7459-4868-8a29-274291211e75\" data-message-model-slug=\"gpt-4o\">\n<div class=\"flex w-full flex-col gap-1 empty:hidden first:pt-[3px]\">\n<div class=\"markdown prose w-full break-words dark:prose-invert light\">\n<p>Nahast l\u00fchike p\u00f5ll on populaarne valik trendikates bistroodes, kohvikutes ja restoranides. Erinevalt pikast p\u00f5llest lisab l\u00fchike nahast p\u00f5ll m\u00e4ngulist ja modernset v\u00e4limust, s\u00e4ilitades samas oma praktilisuse ja kaitsefunktsiooni. Ideaalne kaitse kuumuse ja vedelike eest, aidates hoida riided puhtana ja tagades professionaalse v\u00e4limuse kogu t\u00f6\u00f6p\u00e4eva jooksul.<\/p>\n<p><strong>Tooteinfo:<\/strong><\/p>\n<ul>\n<li>Valmistatud pehmest ja elastsest naturaalsest nahast<\/li>\n<li>100% k\u00e4sit\u00f6\u00f6<\/li>\n<li>Metallist ja pronksist detailid lisavad vastupidavust ja stiili<\/li>\n<li>Reguleeritav nahkrihm 10 eelnevalt augustatud positsiooniga ja pandlakinnitus tagab ideaalse sobivuse<\/li>\n<\/ul>\n<p><strong>V\u00e4rvivalik:<\/strong><br \/>\nSaadaval neljas versioonis \u2013 must, pruun, kahev\u00e4rviline ja krokodillimustriga<\/p>\n<p>Sobib suurep\u00e4raselt nii toidu- ja joogiteenindajatele kui ka kodukokkadele, pakkudes vastupidavust ja stiili igas olukorras.<\/p>\n<p><strong>Toote m\u00f5\u00f5dud:<\/strong><\/p>\n<ul>\n<li><strong>Laius:<\/strong> 60 cm<\/li>\n<li><strong>Pikkus:<\/strong> 40 cm<\/li>\n<li><strong>Kaal (pakendiga):<\/strong> 0,21 kg<\/li>\n<\/ul>\n<p><strong style=\"font-size: 14.4px\">HOOLDUSJUHEND:<\/strong><\/p>\n<p><span style=\"font-size: 14.4px\">Puhasta p\u00f5lle sarnaselt nahast jalan\u00f5udele ja kottidele \u2013 eemalda mustus niiske lapiga ja vajadusel kasuta naharasva ning spreita nahahooldus vahendiga.<\/span><\/p>\n<\/div>\n<\/div>\n<\/div>\n<\/div>\n<p>&nbsp;<\/p>\n","protected":false},"featured_media":250277,"template":"","meta":{"inline_featured_image":false},"product_brand":[],"product_cat":[374],"product_tag":[],"class_list":{"0":"post-250269","1":"product","2":"type-product","3":"status-publish","4":"has-post-thumbnail","6":"product_cat-kokapolled-ja-kindad","8":"first","9":"instock","10":"taxable","11":"shipping-taxable","12":"purchasable","13":"product-type-simple"},"yoast_head":"<!-- This site is optimized with the Yoast SEO plugin v27.2 - https:\/\/yoast.com\/product\/yoast-seo-wordpress\/ -->\n<title>Xapron New York must nahast koka v\u00f6\u00f6p\u00f5ll 40cm - BBQ Entertainment<\/title>\n<meta name=\"robots\" content=\"index, follow, max-snippet:-1, max-image-preview:large, max-video-preview:-1\" \/>\n<link rel=\"canonical\" href=\"https:\/\/bbqentertainment.com\/toode\/xapron-new-york-must-nahast-koka-voopoll-40cm\/\" \/>\n<meta property=\"og:locale\" content=\"en_US\" \/>\n<meta property=\"og:type\" content=\"article\" \/>\n<meta property=\"og:title\" content=\"Xapron New York must nahast koka v\u00f6\u00f6p\u00f5ll 40cm - BBQ Entertainment\" \/>\n<meta property=\"og:description\" content=\"Xapron New York must nahast koka v\u00f6\u00f6p\u00f5ll 40cm      Nahast l\u00fchike p\u00f5ll on populaarne valik trendikates bistroodes, kohvikutes ja restoranides. Erinevalt pikast p\u00f5llest lisab l\u00fchike nahast p\u00f5ll m\u00e4ngulist ja modernset v\u00e4limust, s\u00e4ilitades samas oma praktilisuse ja kaitsefunktsiooni. Ideaalne kaitse kuumuse ja vedelike eest, aidates hoida riided puhtana ja tagades professionaalse v\u00e4limuse kogu t\u00f6\u00f6p\u00e4eva jooksul.  Tooteinfo:   Valmistatud pehmest ja elastsest naturaalsest nahast  100% k\u00e4sit\u00f6\u00f6  Metallist ja pronksist detailid lisavad vastupidavust ja stiili  Reguleeritav nahkrihm 10 eelnevalt augustatud positsiooniga ja pandlakinnitus tagab ideaalse sobivuse  V\u00e4rvivalik: Saadaval neljas versioonis \u2013 must, pruun, kahev\u00e4rviline ja krokodillimustriga  Sobib suurep\u00e4raselt nii toidu- ja joogiteenindajatele kui ka kodukokkadele, pakkudes vastupidavust ja stiili igas olukorras.  Toote m\u00f5\u00f5dud:   Laius: 60 cm  Pikkus: 40 cm  Kaal (pakendiga): 0,21 kg  HOOLDUSJUHEND:  Puhasta p\u00f5lle sarnaselt nahast jalan\u00f5udele ja kottidele \u2013 eemalda mustus niiske lapiga ja vajadusel kasuta naharasva ning spreita nahahooldus vahendiga.      &nbsp;\" \/>\n<meta property=\"og:url\" content=\"https:\/\/bbqentertainment.com\/toode\/xapron-new-york-must-nahast-koka-voopoll-40cm\/\" \/>\n<meta property=\"og:site_name\" content=\"BBQ Entertainment\" \/>\n<meta property=\"article:publisher\" content=\"https:\/\/www.facebook.com\/BBQ-Entertainment-N-Catering-2437913376443540\" \/>\n<meta property=\"article:modified_time\" content=\"2025-07-25T10:45:46+00:00\" \/>\n<meta property=\"og:image\" content=\"https:\/\/bbqentertainment.com\/wp-content\/uploads\/2024\/12\/Sloof_Montana_Black.png\" \/>\n\t<meta property=\"og:image:width\" content=\"1000\" \/>\n\t<meta property=\"og:image:height\" content=\"1000\" \/>\n\t<meta property=\"og:image:type\" content=\"image\/png\" \/>\n<meta name=\"twitter:card\" content=\"summary_large_image\" \/>\n<meta name=\"twitter:label1\" content=\"Est. reading time\" \/>\n\t<meta name=\"twitter:data1\" content=\"1 minute\" \/>\n<script type=\"application\/ld+json\" class=\"yoast-schema-graph\">{\"@context\":\"https:\/\/schema.org\",\"@graph\":[{\"@type\":[\"WebPage\",\"ItemPage\"],\"@id\":\"https:\/\/bbqentertainment.com\/toode\/xapron-new-york-must-nahast-koka-voopoll-40cm\/\",\"url\":\"https:\/\/bbqentertainment.com\/toode\/xapron-new-york-must-nahast-koka-voopoll-40cm\/\",\"name\":\"Xapron New York must nahast koka v\u00f6\u00f6p\u00f5ll 40cm - BBQ Entertainment\",\"isPartOf\":{\"@id\":\"https:\/\/bbqentertainment.com\/#website\"},\"primaryImageOfPage\":{\"@id\":\"https:\/\/bbqentertainment.com\/toode\/xapron-new-york-must-nahast-koka-voopoll-40cm\/#primaryimage\"},\"image\":{\"@id\":\"https:\/\/bbqentertainment.com\/toode\/xapron-new-york-must-nahast-koka-voopoll-40cm\/#primaryimage\"},\"thumbnailUrl\":\"https:\/\/bbqentertainment.com\/wp-content\/uploads\/2024\/12\/Sloof_Montana_Black.png\",\"datePublished\":\"2024-12-29T15:52:20+00:00\",\"dateModified\":\"2025-07-25T10:45:46+00:00\",\"breadcrumb\":{\"@id\":\"https:\/\/bbqentertainment.com\/toode\/xapron-new-york-must-nahast-koka-voopoll-40cm\/#breadcrumb\"},\"inLanguage\":\"en-US\",\"potentialAction\":[{\"@type\":\"ReadAction\",\"target\":[\"https:\/\/bbqentertainment.com\/toode\/xapron-new-york-must-nahast-koka-voopoll-40cm\/\"]}]},{\"@type\":\"ImageObject\",\"inLanguage\":\"en-US\",\"@id\":\"https:\/\/bbqentertainment.com\/toode\/xapron-new-york-must-nahast-koka-voopoll-40cm\/#primaryimage\",\"url\":\"https:\/\/bbqentertainment.com\/wp-content\/uploads\/2024\/12\/Sloof_Montana_Black.png\",\"contentUrl\":\"https:\/\/bbqentertainment.com\/wp-content\/uploads\/2024\/12\/Sloof_Montana_Black.png\",\"width\":1000,\"height\":1000},{\"@type\":\"BreadcrumbList\",\"@id\":\"https:\/\/bbqentertainment.com\/toode\/xapron-new-york-must-nahast-koka-voopoll-40cm\/#breadcrumb\",\"itemListElement\":[{\"@type\":\"ListItem\",\"position\":1,\"name\":\"AVALEHT\",\"item\":\"https:\/\/bbqentertainment.com\/en\/\"},{\"@type\":\"ListItem\",\"position\":2,\"name\":\"Tooted\",\"item\":\"https:\/\/bbqentertainment.com\/tooted\/\"},{\"@type\":\"ListItem\",\"position\":3,\"name\":\"KOKAP\u00d5LLED JA -KINDAD\",\"item\":\"https:\/\/bbqentertainment.com\/tootekategooria\/kokapolled-ja-kindad\/\"},{\"@type\":\"ListItem\",\"position\":4,\"name\":\"Xapron New York must nahast koka v\u00f6\u00f6p\u00f5ll 40cm\"}]},{\"@type\":\"WebSite\",\"@id\":\"https:\/\/bbqentertainment.com\/#website\",\"url\":\"https:\/\/bbqentertainment.com\/\",\"name\":\"BBQ Entertainment\",\"description\":\"BBQ is a great lifestyle, not just fun!\",\"publisher\":{\"@id\":\"https:\/\/bbqentertainment.com\/#organization\"},\"potentialAction\":[{\"@type\":\"SearchAction\",\"target\":{\"@type\":\"EntryPoint\",\"urlTemplate\":\"https:\/\/bbqentertainment.com\/?s={search_term_string}\"},\"query-input\":{\"@type\":\"PropertyValueSpecification\",\"valueRequired\":true,\"valueName\":\"search_term_string\"}}],\"inLanguage\":\"en-US\"},{\"@type\":\"Organization\",\"@id\":\"https:\/\/bbqentertainment.com\/#organization\",\"name\":\"BBQ Entertainment O\u00dc\",\"url\":\"https:\/\/bbqentertainment.com\/\",\"logo\":{\"@type\":\"ImageObject\",\"inLanguage\":\"en-US\",\"@id\":\"https:\/\/bbqentertainment.com\/#\/schema\/logo\/image\/\",\"url\":\"https:\/\/bbqentertainment.com\/wp-content\/uploads\/2020\/04\/BBQ-Entertainment-N-Catering-Enn-Tobreluts-Logo.png\",\"contentUrl\":\"https:\/\/bbqentertainment.com\/wp-content\/uploads\/2020\/04\/BBQ-Entertainment-N-Catering-Enn-Tobreluts-Logo.png\",\"width\":628,\"height\":266,\"caption\":\"BBQ Entertainment O\u00dc\"},\"image\":{\"@id\":\"https:\/\/bbqentertainment.com\/#\/schema\/logo\/image\/\"},\"sameAs\":[\"https:\/\/www.facebook.com\/BBQ-Entertainment-N-Catering-2437913376443540\",\"https:\/\/www.instagram.com\/bbqentertainmentncatering\/\",\"https:\/\/www.youtube.com\/channel\/UCmpuANQVhLy2Md8nrenp2jA\"]}]}<\/script>\n<!-- \/ Yoast SEO plugin. -->","yoast_head_json":{"title":"Xapron New York must nahast koka v\u00f6\u00f6p\u00f5ll 40cm - BBQ Entertainment","robots":{"index":"index","follow":"follow","max-snippet":"max-snippet:-1","max-image-preview":"max-image-preview:large","max-video-preview":"max-video-preview:-1"},"canonical":"https:\/\/bbqentertainment.com\/toode\/xapron-new-york-must-nahast-koka-voopoll-40cm\/","og_locale":"en_US","og_type":"article","og_title":"Xapron New York must nahast koka v\u00f6\u00f6p\u00f5ll 40cm - BBQ Entertainment","og_description":"Xapron New York must nahast koka v\u00f6\u00f6p\u00f5ll 40cm      Nahast l\u00fchike p\u00f5ll on populaarne valik trendikates bistroodes, kohvikutes ja restoranides. Erinevalt pikast p\u00f5llest lisab l\u00fchike nahast p\u00f5ll m\u00e4ngulist ja modernset v\u00e4limust, s\u00e4ilitades samas oma praktilisuse ja kaitsefunktsiooni. Ideaalne kaitse kuumuse ja vedelike eest, aidates hoida riided puhtana ja tagades professionaalse v\u00e4limuse kogu t\u00f6\u00f6p\u00e4eva jooksul.  Tooteinfo:   Valmistatud pehmest ja elastsest naturaalsest nahast  100% k\u00e4sit\u00f6\u00f6  Metallist ja pronksist detailid lisavad vastupidavust ja stiili  Reguleeritav nahkrihm 10 eelnevalt augustatud positsiooniga ja pandlakinnitus tagab ideaalse sobivuse  V\u00e4rvivalik: Saadaval neljas versioonis \u2013 must, pruun, kahev\u00e4rviline ja krokodillimustriga  Sobib suurep\u00e4raselt nii toidu- ja joogiteenindajatele kui ka kodukokkadele, pakkudes vastupidavust ja stiili igas olukorras.  Toote m\u00f5\u00f5dud:   Laius: 60 cm  Pikkus: 40 cm  Kaal (pakendiga): 0,21 kg  HOOLDUSJUHEND:  Puhasta p\u00f5lle sarnaselt nahast jalan\u00f5udele ja kottidele \u2013 eemalda mustus niiske lapiga ja vajadusel kasuta naharasva ning spreita nahahooldus vahendiga.      &nbsp;","og_url":"https:\/\/bbqentertainment.com\/toode\/xapron-new-york-must-nahast-koka-voopoll-40cm\/","og_site_name":"BBQ Entertainment","article_publisher":"https:\/\/www.facebook.com\/BBQ-Entertainment-N-Catering-2437913376443540","article_modified_time":"2025-07-25T10:45:46+00:00","og_image":[{"width":1000,"height":1000,"url":"https:\/\/bbqentertainment.com\/wp-content\/uploads\/2024\/12\/Sloof_Montana_Black.png","type":"image\/png"}],"twitter_card":"summary_large_image","twitter_misc":{"Est. reading time":"1 minute"},"schema":{"@context":"https:\/\/schema.org","@graph":[{"@type":["WebPage","ItemPage"],"@id":"https:\/\/bbqentertainment.com\/toode\/xapron-new-york-must-nahast-koka-voopoll-40cm\/","url":"https:\/\/bbqentertainment.com\/toode\/xapron-new-york-must-nahast-koka-voopoll-40cm\/","name":"Xapron New York must nahast koka v\u00f6\u00f6p\u00f5ll 40cm - BBQ Entertainment","isPartOf":{"@id":"https:\/\/bbqentertainment.com\/#website"},"primaryImageOfPage":{"@id":"https:\/\/bbqentertainment.com\/toode\/xapron-new-york-must-nahast-koka-voopoll-40cm\/#primaryimage"},"image":{"@id":"https:\/\/bbqentertainment.com\/toode\/xapron-new-york-must-nahast-koka-voopoll-40cm\/#primaryimage"},"thumbnailUrl":"https:\/\/bbqentertainment.com\/wp-content\/uploads\/2024\/12\/Sloof_Montana_Black.png","datePublished":"2024-12-29T15:52:20+00:00","dateModified":"2025-07-25T10:45:46+00:00","breadcrumb":{"@id":"https:\/\/bbqentertainment.com\/toode\/xapron-new-york-must-nahast-koka-voopoll-40cm\/#breadcrumb"},"inLanguage":"en-US","potentialAction":[{"@type":"ReadAction","target":["https:\/\/bbqentertainment.com\/toode\/xapron-new-york-must-nahast-koka-voopoll-40cm\/"]}]},{"@type":"ImageObject","inLanguage":"en-US","@id":"https:\/\/bbqentertainment.com\/toode\/xapron-new-york-must-nahast-koka-voopoll-40cm\/#primaryimage","url":"https:\/\/bbqentertainment.com\/wp-content\/uploads\/2024\/12\/Sloof_Montana_Black.png","contentUrl":"https:\/\/bbqentertainment.com\/wp-content\/uploads\/2024\/12\/Sloof_Montana_Black.png","width":1000,"height":1000},{"@type":"BreadcrumbList","@id":"https:\/\/bbqentertainment.com\/toode\/xapron-new-york-must-nahast-koka-voopoll-40cm\/#breadcrumb","itemListElement":[{"@type":"ListItem","position":1,"name":"AVALEHT","item":"https:\/\/bbqentertainment.com\/en\/"},{"@type":"ListItem","position":2,"name":"Tooted","item":"https:\/\/bbqentertainment.com\/tooted\/"},{"@type":"ListItem","position":3,"name":"KOKAP\u00d5LLED JA -KINDAD","item":"https:\/\/bbqentertainment.com\/tootekategooria\/kokapolled-ja-kindad\/"},{"@type":"ListItem","position":4,"name":"Xapron New York must nahast koka v\u00f6\u00f6p\u00f5ll 40cm"}]},{"@type":"WebSite","@id":"https:\/\/bbqentertainment.com\/#website","url":"https:\/\/bbqentertainment.com\/","name":"BBQ Entertainment","description":"BBQ is a great lifestyle, not just fun!","publisher":{"@id":"https:\/\/bbqentertainment.com\/#organization"},"potentialAction":[{"@type":"SearchAction","target":{"@type":"EntryPoint","urlTemplate":"https:\/\/bbqentertainment.com\/?s={search_term_string}"},"query-input":{"@type":"PropertyValueSpecification","valueRequired":true,"valueName":"search_term_string"}}],"inLanguage":"en-US"},{"@type":"Organization","@id":"https:\/\/bbqentertainment.com\/#organization","name":"BBQ Entertainment O\u00dc","url":"https:\/\/bbqentertainment.com\/","logo":{"@type":"ImageObject","inLanguage":"en-US","@id":"https:\/\/bbqentertainment.com\/#\/schema\/logo\/image\/","url":"https:\/\/bbqentertainment.com\/wp-content\/uploads\/2020\/04\/BBQ-Entertainment-N-Catering-Enn-Tobreluts-Logo.png","contentUrl":"https:\/\/bbqentertainment.com\/wp-content\/uploads\/2020\/04\/BBQ-Entertainment-N-Catering-Enn-Tobreluts-Logo.png","width":628,"height":266,"caption":"BBQ Entertainment O\u00dc"},"image":{"@id":"https:\/\/bbqentertainment.com\/#\/schema\/logo\/image\/"},"sameAs":["https:\/\/www.facebook.com\/BBQ-Entertainment-N-Catering-2437913376443540","https:\/\/www.instagram.com\/bbqentertainmentncatering\/","https:\/\/www.youtube.com\/channel\/UCmpuANQVhLy2Md8nrenp2jA"]}]}},"_links":{"self":[{"href":"https:\/\/bbqentertainment.com\/en\/wp-json\/wp\/v2\/product\/250269","targetHints":{"allow":["GET"]}}],"collection":[{"href":"https:\/\/bbqentertainment.com\/en\/wp-json\/wp\/v2\/product"}],"about":[{"href":"https:\/\/bbqentertainment.com\/en\/wp-json\/wp\/v2\/types\/product"}],"wp:featuredmedia":[{"embeddable":true,"href":"https:\/\/bbqentertainment.com\/en\/wp-json\/wp\/v2\/media\/250277"}],"wp:attachment":[{"href":"https:\/\/bbqentertainment.com\/en\/wp-json\/wp\/v2\/media?parent=250269"}],"wp:term":[{"taxonomy":"product_brand","embeddable":true,"href":"https:\/\/bbqentertainment.com\/en\/wp-json\/wp\/v2\/product_brand?post=250269"},{"taxonomy":"product_cat","embeddable":true,"href":"https:\/\/bbqentertainment.com\/en\/wp-json\/wp\/v2\/product_cat?post=250269"},{"taxonomy":"product_tag","embeddable":true,"href":"https:\/\/bbqentertainment.com\/en\/wp-json\/wp\/v2\/product_tag?post=250269"}],"curies":[{"name":"wp","href":"https:\/\/api.w.org\/{rel}","templated":true}]}}