{"id":250322,"date":"2024-12-29T23:05:07","date_gmt":"2024-12-29T21:05:07","guid":{"rendered":"https:\/\/bbqentertainment.com\/?post_type=product&#038;p=250322"},"modified":"2026-04-06T12:26:39","modified_gmt":"2026-04-06T09:26:39","slug":"napoleon-gaasigrill-prestige-500-rsib-no-wifi","status":"publish","type":"product","link":"https:\/\/bbqentertainment.com\/en\/toode\/napoleon-gaasigrill-prestige-500-rsib-no-wifi\/","title":{"rendered":"Napoleon Prestige 500RSIB keraamilise pliidi ja vardap\u00f5letiga gaasigrill (roostevaba)"},"content":{"rendered":"<h3 style=\"font-weight: 400\"><strong>Napoleon Prestige seeria grillide v\u00f5rdlus \u2013 milline mudel sobib sulle?<\/strong><\/h3>\n<p style=\"font-weight: 400\">Napoleon Prestige seeria pakub kaheksa erinevat mudelit, mis erinevad suuruse, funktsioonide ja tehnoloogilise varustuse poolest. K\u00f5ik mudelid on valmistatud roostevabast terasest ja sobivad t\u00f5sisele grillihuvilisele, kes v\u00e4\u00e4rtustab kvaliteeti ja t\u00f6\u00f6kindlust.<\/p>\n<p style=\"font-weight: 400\"><strong>Prestige 500 \/ 500 Connected &#8211; <\/strong>parim valik v\u00e4iksemale perele v\u00f5i igap\u00e4evaseks kasutuseks<\/p>\n<ul style=\"font-weight: 400\">\n<li>Grillipind:\u00a071 \u00d7 45 cm<\/li>\n<li>P\u00f5letid:\u00a04 + k\u00fclg- ja tagap\u00f5leti<\/li>\n<li>V\u00f5imsus:\u00a023,4\u201324 kW<\/li>\n<li>Connected mudelil:\u00a0Wi-Fi, Bluetooth, LCD-ekraan, temperatuuriandurid<\/li>\n<li>Sobib:\u00a0kui vajad usaldusv\u00e4\u00e4rset grilli m\u00f5\u00f5dukates m\u00f5\u00f5tmetes<\/li>\n<\/ul>\n<p style=\"font-weight: 400\"><strong>Prestige 665 \/ 665 Connected &#8211; <\/strong>neile, kes vajavad rohkem ruumi ja v\u00f5imsust<\/p>\n<ul style=\"font-weight: 400\">\n<li>Grillipind:\u00a094 \u00d7 46 cm<\/li>\n<li>P\u00f5letid:\u00a07, sh k\u00fclg- ja tagap\u00f5leti<\/li>\n<li>V\u00f5imsus:\u00a027,5 kW<\/li>\n<li>Connected mudelil: Wi-Fi, Bluetooth, LCD-ekraan, temperatuuriandurid<\/li>\n<li>Sobib:\u00a0kui tihti grillid suuremale seltskonnale v\u00f5i peres on palju liikmeid<\/li>\n<\/ul>\n<p style=\"font-weight: 400\"><strong>Prestige PRO 500 &#8211; <\/strong>kui soovid lisav\u00f5imalusi ja luksuslikku viimistlust<\/p>\n<ul style=\"font-weight: 400\">\n<li>Sama suur grillipind kui 500 seerial, aga lisad: j\u00e4\u00e4kast, valgustus, marinaadin\u00f5u<\/li>\n<li>Sobib:\u00a0kui hindad detailseid lisasid ja stiilset v\u00e4limust<\/li>\n<\/ul>\n<p style=\"font-weight: 400\"><strong>Prestige PRO 665 &#8211; <\/strong>professionaalseks kasutuseks v\u00f5i sagedaseks v\u00f5\u00f5rustamiseks<\/p>\n<ul style=\"font-weight: 400\">\n<li>Veelgi rohkem p\u00f5letiv\u00f5imalusi ja suitsulaastukast<\/li>\n<li>V\u00f5imsus:\u00a031 kW<\/li>\n<li>Sobib:\u00a0suurte koguste ja eri k\u00fcpsetusviiside jaoks<\/li>\n<\/ul>\n<p style=\"font-weight: 400\"><strong>Prestige PRO 825 &#8211; <\/strong>tippmudel, kaks k\u00fcpsetuskambrit, suurim pind ja k\u00f5ige v\u00f5imsam<\/p>\n<ul style=\"font-weight: 400\">\n<li>Grillipind:\u00a072 \u00d7 46 cm + 47 \u00d7 46 cm<\/li>\n<li>P\u00f5letid:\u00a06 + 2 k\u00fclgp\u00f5letit + tagap\u00f5leti + suitsup\u00f5leti<\/li>\n<li>V\u00f5imsus:\u00a038,6 kW<\/li>\n<li>Sobib:\u00a0kui vajad maksimaalset v\u00f5imekust ja kokkad korraga paljudele<\/li>\n<\/ul>\n","protected":false},"excerpt":{"rendered":"<h3><strong>Napoleon gaasigrill PRESTIGE\u00ae 500 RSIB (no-wifi)<\/strong><\/h3>\n<p>Napoleon Prestige 500 on roostevabast terasest gaasigrill, mis viib grillimiskogemuse uuele tasemele. Suur p\u00f6\u00f6rdgrillip\u00f5leti, infrapunaga k\u00fclgp\u00f5leti ja sear station tagavad erakordse j\u00f5udluse. LED-valgustusega juhtnupud, varustatud SafetyGlow\u2122 funktsiooniga, pakuvad turvalisust ja kasutusmugavust ka pimedas.<\/p>\n<p><strong>Peamised omadused:<\/strong><\/p>\n<ul>\n<li><strong>Vastupidav konstruktsioon<\/strong> \u2013 roostevabast terasest kere ja pulberv\u00e4rvitud viimistlus tagavad pikaealisuse.<\/li>\n<li><strong>Suur tagumine ja k\u00fclgp\u00f5leti<\/strong> \u2013 suurem p\u00f6\u00f6rdgrillip\u00f5leti ja infrapuna SIZZLE ZONE\u2122 k\u00fclgp\u00f5leti pakuvad t\u00e4iendavat k\u00fcpsetuspinda ja v\u00f5imalust liha kiiresti pruunistada.<\/li>\n<li><strong>Lihtne hooldus<\/strong> \u2013 8,5 mm roostevabast terasest restid ja lihtne rasvajuhtimiss\u00fcsteem hoiavad grilli puhtana kauem.<\/li>\n<li><strong>Rohkem ruumi<\/strong> \u2013 k\u00fclgriiulites on 6 peidetud t\u00f6\u00f6riistakonksu, mis vabastavad rohkem ruumi ettevalmistuseks.<\/li>\n<li><strong>Soojenemisrest<\/strong> \u2013 sissepoole voltuv soojendusrest hoiab grilli sisemuse korras ja organiseerituna.<\/li>\n<li><strong>Tugevad rattad<\/strong> \u2013 lukustatavad t\u00f6\u00f6stuslikud rattad tagavad liikumismugavuse ja stabiilsuse.<\/li>\n<li><strong>JETFIRE\u2122 s\u00fc\u00fctes\u00fcsteem<\/strong> \u2013 kohene ja t\u00f5rgeteta s\u00fc\u00fctamine leegi abil, mis ei vaja patareisid.<\/li>\n<li><strong>Valgustusega juhtnupud<\/strong> \u2013 LED-valgustusega nupud h\u00f5lbustavad grillimist \u00f6\u00f6sel ja muutuvad punaseks, kui gaas on sisse l\u00fclitatud.<\/li>\n<\/ul>\n<p><strong>Tehnilised andmed:<\/strong><\/p>\n<ul>\n<li><strong>K\u00fctus:<\/strong> propaan<\/li>\n<li><strong>V\u00f5imsus:<\/strong> 82,000 BTU<\/li>\n<li><strong>P\u00f5higrillimisala:<\/strong> 71 x 46 cm \u2013 mahutab kuni 31 burgerit<\/li>\n<li><strong>Kogupind:<\/strong> 5,658 cm\u00b2<\/li>\n<li><strong>P\u00f6\u00f6rdgrill:<\/strong> kaasas<\/li>\n<li><strong>K\u00f5rgus:<\/strong> 129,5 cm (avatud kaanega 147 cm)<\/li>\n<li><strong>Laius:<\/strong> 166 cm<\/li>\n<li><strong>S\u00fcgavus:<\/strong> 66 cm<\/li>\n<\/ul>\n<p><strong>Pakendi andmed:<\/strong><\/p>\n<ul>\n<li><strong>K\u00f5rgus:<\/strong> 78,74 cm<\/li>\n<li><strong>Laius:<\/strong> 80,01 cm<\/li>\n<li><strong>S\u00fcgavus:<\/strong> 110,49 cm<\/li>\n<li><strong>Kaal:<\/strong> 97,51 kg<\/li>\n<\/ul>\n","protected":false},"featured_media":250329,"template":"","meta":{"inline_featured_image":false},"product_brand":[],"product_cat":[17,561],"product_tag":[],"class_list":{"0":"post-250322","1":"product","2":"type-product","3":"status-publish","4":"has-post-thumbnail","6":"product_cat-grillid-ja-ahjud","7":"product_cat-napoleon-gaasigrillid","8":"product_shipping_class-ainult-ise-jarele-tulemisega","10":"first","11":"instock","12":"taxable","13":"shipping-taxable","14":"purchasable","15":"product-type-simple"},"yoast_head":"<!-- This site is optimized with the Yoast SEO plugin v27.2 - https:\/\/yoast.com\/product\/yoast-seo-wordpress\/ -->\n<title>Napoleon Prestige 500RSIB keraamilise pliidi ja vardap\u00f5letiga gaasigrill (roostevaba) - BBQ Entertainment<\/title>\n<meta name=\"robots\" content=\"index, follow, max-snippet:-1, max-image-preview:large, max-video-preview:-1\" \/>\n<link rel=\"canonical\" href=\"https:\/\/bbqentertainment.com\/toode\/napoleon-gaasigrill-prestige-500-rsib-no-wifi\/\" \/>\n<meta property=\"og:locale\" content=\"en_US\" \/>\n<meta property=\"og:type\" content=\"article\" \/>\n<meta property=\"og:title\" content=\"Napoleon Prestige 500RSIB keraamilise pliidi ja vardap\u00f5letiga gaasigrill (roostevaba) - BBQ Entertainment\" \/>\n<meta property=\"og:description\" content=\"Napoleon gaasigrill PRESTIGE\u00ae 500 RSIB (no-wifi) Napoleon Prestige 500 on roostevabast terasest gaasigrill, mis viib grillimiskogemuse uuele tasemele. Suur p\u00f6\u00f6rdgrillip\u00f5leti, infrapunaga k\u00fclgp\u00f5leti ja sear station tagavad erakordse j\u00f5udluse. LED-valgustusega juhtnupud, varustatud SafetyGlow\u2122 funktsiooniga, pakuvad turvalisust ja kasutusmugavust ka pimedas.  Peamised omadused:   Vastupidav konstruktsioon \u2013 roostevabast terasest kere ja pulberv\u00e4rvitud viimistlus tagavad pikaealisuse.  Suur tagumine ja k\u00fclgp\u00f5leti \u2013 suurem p\u00f6\u00f6rdgrillip\u00f5leti ja infrapuna SIZZLE ZONE\u2122 k\u00fclgp\u00f5leti pakuvad t\u00e4iendavat k\u00fcpsetuspinda ja v\u00f5imalust liha kiiresti pruunistada.  Lihtne hooldus \u2013 8,5 mm roostevabast terasest restid ja lihtne rasvajuhtimiss\u00fcsteem hoiavad grilli puhtana kauem.  Rohkem ruumi \u2013 k\u00fclgriiulites on 6 peidetud t\u00f6\u00f6riistakonksu, mis vabastavad rohkem ruumi ettevalmistuseks.  Soojenemisrest \u2013 sissepoole voltuv soojendusrest hoiab grilli sisemuse korras ja organiseerituna.  Tugevad rattad \u2013 lukustatavad t\u00f6\u00f6stuslikud rattad tagavad liikumismugavuse ja stabiilsuse.  JETFIRE\u2122 s\u00fc\u00fctes\u00fcsteem \u2013 kohene ja t\u00f5rgeteta s\u00fc\u00fctamine leegi abil, mis ei vaja patareisid.  Valgustusega juhtnupud \u2013 LED-valgustusega nupud h\u00f5lbustavad grillimist \u00f6\u00f6sel ja muutuvad punaseks, kui gaas on sisse l\u00fclitatud.  Tehnilised andmed:   K\u00fctus: propaan  V\u00f5imsus: 82,000 BTU  P\u00f5higrillimisala: 71 x 46 cm \u2013 mahutab kuni 31 burgerit  Kogupind: 5,658 cm\u00b2  P\u00f6\u00f6rdgrill: kaasas  K\u00f5rgus: 129,5 cm (avatud kaanega 147 cm)  Laius: 166 cm  S\u00fcgavus: 66 cm  Pakendi andmed:   K\u00f5rgus: 78,74 cm  Laius: 80,01 cm  S\u00fcgavus: 110,49 cm  Kaal: 97,51 kg\" \/>\n<meta property=\"og:url\" content=\"https:\/\/bbqentertainment.com\/toode\/napoleon-gaasigrill-prestige-500-rsib-no-wifi\/\" \/>\n<meta property=\"og:site_name\" content=\"BBQ Entertainment\" \/>\n<meta property=\"article:publisher\" content=\"https:\/\/www.facebook.com\/BBQ-Entertainment-N-Catering-2437913376443540\" \/>\n<meta property=\"article:modified_time\" content=\"2026-04-06T09:26:39+00:00\" \/>\n<meta property=\"og:image\" content=\"https:\/\/bbqentertainment.com\/wp-content\/uploads\/2024\/12\/P500VRSIBNSS-CH-Web-Gallery-07-Original_JPG-Prestige-P500VRSIBPSS_Non_Connected_Prod_Str.jpg\" \/>\n\t<meta property=\"og:image:width\" content=\"1287\" \/>\n\t<meta property=\"og:image:height\" content=\"1000\" \/>\n\t<meta property=\"og:image:type\" content=\"image\/jpeg\" \/>\n<meta name=\"twitter:card\" content=\"summary_large_image\" \/>\n<meta name=\"twitter:label1\" content=\"Est. reading time\" \/>\n\t<meta name=\"twitter:data1\" content=\"1 minute\" \/>\n<script type=\"application\/ld+json\" class=\"yoast-schema-graph\">{\"@context\":\"https:\/\/schema.org\",\"@graph\":[{\"@type\":[\"WebPage\",\"ItemPage\"],\"@id\":\"https:\/\/bbqentertainment.com\/toode\/napoleon-gaasigrill-prestige-500-rsib-no-wifi\/\",\"url\":\"https:\/\/bbqentertainment.com\/toode\/napoleon-gaasigrill-prestige-500-rsib-no-wifi\/\",\"name\":\"Napoleon Prestige 500RSIB keraamilise pliidi ja vardap\u00f5letiga gaasigrill (roostevaba) - BBQ Entertainment\",\"isPartOf\":{\"@id\":\"https:\/\/bbqentertainment.com\/#website\"},\"primaryImageOfPage\":{\"@id\":\"https:\/\/bbqentertainment.com\/toode\/napoleon-gaasigrill-prestige-500-rsib-no-wifi\/#primaryimage\"},\"image\":{\"@id\":\"https:\/\/bbqentertainment.com\/toode\/napoleon-gaasigrill-prestige-500-rsib-no-wifi\/#primaryimage\"},\"thumbnailUrl\":\"https:\/\/bbqentertainment.com\/wp-content\/uploads\/2024\/12\/P500VRSIBNSS-CH-Web-Gallery-07-Original_JPG-Prestige-P500VRSIBPSS_Non_Connected_Prod_Str.jpg\",\"datePublished\":\"2024-12-29T21:05:07+00:00\",\"dateModified\":\"2026-04-06T09:26:39+00:00\",\"breadcrumb\":{\"@id\":\"https:\/\/bbqentertainment.com\/toode\/napoleon-gaasigrill-prestige-500-rsib-no-wifi\/#breadcrumb\"},\"inLanguage\":\"en-US\",\"potentialAction\":[{\"@type\":\"ReadAction\",\"target\":[\"https:\/\/bbqentertainment.com\/toode\/napoleon-gaasigrill-prestige-500-rsib-no-wifi\/\"]}]},{\"@type\":\"ImageObject\",\"inLanguage\":\"en-US\",\"@id\":\"https:\/\/bbqentertainment.com\/toode\/napoleon-gaasigrill-prestige-500-rsib-no-wifi\/#primaryimage\",\"url\":\"https:\/\/bbqentertainment.com\/wp-content\/uploads\/2024\/12\/P500VRSIBNSS-CH-Web-Gallery-07-Original_JPG-Prestige-P500VRSIBPSS_Non_Connected_Prod_Str.jpg\",\"contentUrl\":\"https:\/\/bbqentertainment.com\/wp-content\/uploads\/2024\/12\/P500VRSIBNSS-CH-Web-Gallery-07-Original_JPG-Prestige-P500VRSIBPSS_Non_Connected_Prod_Str.jpg\",\"width\":1287,\"height\":1000},{\"@type\":\"BreadcrumbList\",\"@id\":\"https:\/\/bbqentertainment.com\/toode\/napoleon-gaasigrill-prestige-500-rsib-no-wifi\/#breadcrumb\",\"itemListElement\":[{\"@type\":\"ListItem\",\"position\":1,\"name\":\"AVALEHT\",\"item\":\"https:\/\/bbqentertainment.com\/en\/\"},{\"@type\":\"ListItem\",\"position\":2,\"name\":\"Tooted\",\"item\":\"https:\/\/bbqentertainment.com\/tooted\/\"},{\"@type\":\"ListItem\",\"position\":3,\"name\":\"Grillid ja ahjud\",\"item\":\"https:\/\/bbqentertainment.com\/tootekategooria\/grillid-ja-ahjud\/\"},{\"@type\":\"ListItem\",\"position\":4,\"name\":\"Napoleon Prestige 500RSIB keraamilise pliidi ja vardap\u00f5letiga gaasigrill (roostevaba)\"}]},{\"@type\":\"WebSite\",\"@id\":\"https:\/\/bbqentertainment.com\/#website\",\"url\":\"https:\/\/bbqentertainment.com\/\",\"name\":\"BBQ Entertainment\",\"description\":\"BBQ is a great lifestyle, not just fun!\",\"publisher\":{\"@id\":\"https:\/\/bbqentertainment.com\/#organization\"},\"potentialAction\":[{\"@type\":\"SearchAction\",\"target\":{\"@type\":\"EntryPoint\",\"urlTemplate\":\"https:\/\/bbqentertainment.com\/?s={search_term_string}\"},\"query-input\":{\"@type\":\"PropertyValueSpecification\",\"valueRequired\":true,\"valueName\":\"search_term_string\"}}],\"inLanguage\":\"en-US\"},{\"@type\":\"Organization\",\"@id\":\"https:\/\/bbqentertainment.com\/#organization\",\"name\":\"BBQ Entertainment O\u00dc\",\"url\":\"https:\/\/bbqentertainment.com\/\",\"logo\":{\"@type\":\"ImageObject\",\"inLanguage\":\"en-US\",\"@id\":\"https:\/\/bbqentertainment.com\/#\/schema\/logo\/image\/\",\"url\":\"https:\/\/bbqentertainment.com\/wp-content\/uploads\/2020\/04\/BBQ-Entertainment-N-Catering-Enn-Tobreluts-Logo.png\",\"contentUrl\":\"https:\/\/bbqentertainment.com\/wp-content\/uploads\/2020\/04\/BBQ-Entertainment-N-Catering-Enn-Tobreluts-Logo.png\",\"width\":628,\"height\":266,\"caption\":\"BBQ Entertainment O\u00dc\"},\"image\":{\"@id\":\"https:\/\/bbqentertainment.com\/#\/schema\/logo\/image\/\"},\"sameAs\":[\"https:\/\/www.facebook.com\/BBQ-Entertainment-N-Catering-2437913376443540\",\"https:\/\/www.instagram.com\/bbqentertainmentncatering\/\",\"https:\/\/www.youtube.com\/channel\/UCmpuANQVhLy2Md8nrenp2jA\"]}]}<\/script>\n<!-- \/ Yoast SEO plugin. -->","yoast_head_json":{"title":"Napoleon Prestige 500RSIB keraamilise pliidi ja vardap\u00f5letiga gaasigrill (roostevaba) - BBQ Entertainment","robots":{"index":"index","follow":"follow","max-snippet":"max-snippet:-1","max-image-preview":"max-image-preview:large","max-video-preview":"max-video-preview:-1"},"canonical":"https:\/\/bbqentertainment.com\/toode\/napoleon-gaasigrill-prestige-500-rsib-no-wifi\/","og_locale":"en_US","og_type":"article","og_title":"Napoleon Prestige 500RSIB keraamilise pliidi ja vardap\u00f5letiga gaasigrill (roostevaba) - BBQ Entertainment","og_description":"Napoleon gaasigrill PRESTIGE\u00ae 500 RSIB (no-wifi) Napoleon Prestige 500 on roostevabast terasest gaasigrill, mis viib grillimiskogemuse uuele tasemele. Suur p\u00f6\u00f6rdgrillip\u00f5leti, infrapunaga k\u00fclgp\u00f5leti ja sear station tagavad erakordse j\u00f5udluse. LED-valgustusega juhtnupud, varustatud SafetyGlow\u2122 funktsiooniga, pakuvad turvalisust ja kasutusmugavust ka pimedas.  Peamised omadused:   Vastupidav konstruktsioon \u2013 roostevabast terasest kere ja pulberv\u00e4rvitud viimistlus tagavad pikaealisuse.  Suur tagumine ja k\u00fclgp\u00f5leti \u2013 suurem p\u00f6\u00f6rdgrillip\u00f5leti ja infrapuna SIZZLE ZONE\u2122 k\u00fclgp\u00f5leti pakuvad t\u00e4iendavat k\u00fcpsetuspinda ja v\u00f5imalust liha kiiresti pruunistada.  Lihtne hooldus \u2013 8,5 mm roostevabast terasest restid ja lihtne rasvajuhtimiss\u00fcsteem hoiavad grilli puhtana kauem.  Rohkem ruumi \u2013 k\u00fclgriiulites on 6 peidetud t\u00f6\u00f6riistakonksu, mis vabastavad rohkem ruumi ettevalmistuseks.  Soojenemisrest \u2013 sissepoole voltuv soojendusrest hoiab grilli sisemuse korras ja organiseerituna.  Tugevad rattad \u2013 lukustatavad t\u00f6\u00f6stuslikud rattad tagavad liikumismugavuse ja stabiilsuse.  JETFIRE\u2122 s\u00fc\u00fctes\u00fcsteem \u2013 kohene ja t\u00f5rgeteta s\u00fc\u00fctamine leegi abil, mis ei vaja patareisid.  Valgustusega juhtnupud \u2013 LED-valgustusega nupud h\u00f5lbustavad grillimist \u00f6\u00f6sel ja muutuvad punaseks, kui gaas on sisse l\u00fclitatud.  Tehnilised andmed:   K\u00fctus: propaan  V\u00f5imsus: 82,000 BTU  P\u00f5higrillimisala: 71 x 46 cm \u2013 mahutab kuni 31 burgerit  Kogupind: 5,658 cm\u00b2  P\u00f6\u00f6rdgrill: kaasas  K\u00f5rgus: 129,5 cm (avatud kaanega 147 cm)  Laius: 166 cm  S\u00fcgavus: 66 cm  Pakendi andmed:   K\u00f5rgus: 78,74 cm  Laius: 80,01 cm  S\u00fcgavus: 110,49 cm  Kaal: 97,51 kg","og_url":"https:\/\/bbqentertainment.com\/toode\/napoleon-gaasigrill-prestige-500-rsib-no-wifi\/","og_site_name":"BBQ Entertainment","article_publisher":"https:\/\/www.facebook.com\/BBQ-Entertainment-N-Catering-2437913376443540","article_modified_time":"2026-04-06T09:26:39+00:00","og_image":[{"width":1287,"height":1000,"url":"https:\/\/bbqentertainment.com\/wp-content\/uploads\/2024\/12\/P500VRSIBNSS-CH-Web-Gallery-07-Original_JPG-Prestige-P500VRSIBPSS_Non_Connected_Prod_Str.jpg","type":"image\/jpeg"}],"twitter_card":"summary_large_image","twitter_misc":{"Est. reading time":"1 minute"},"schema":{"@context":"https:\/\/schema.org","@graph":[{"@type":["WebPage","ItemPage"],"@id":"https:\/\/bbqentertainment.com\/toode\/napoleon-gaasigrill-prestige-500-rsib-no-wifi\/","url":"https:\/\/bbqentertainment.com\/toode\/napoleon-gaasigrill-prestige-500-rsib-no-wifi\/","name":"Napoleon Prestige 500RSIB keraamilise pliidi ja vardap\u00f5letiga gaasigrill (roostevaba) - BBQ Entertainment","isPartOf":{"@id":"https:\/\/bbqentertainment.com\/#website"},"primaryImageOfPage":{"@id":"https:\/\/bbqentertainment.com\/toode\/napoleon-gaasigrill-prestige-500-rsib-no-wifi\/#primaryimage"},"image":{"@id":"https:\/\/bbqentertainment.com\/toode\/napoleon-gaasigrill-prestige-500-rsib-no-wifi\/#primaryimage"},"thumbnailUrl":"https:\/\/bbqentertainment.com\/wp-content\/uploads\/2024\/12\/P500VRSIBNSS-CH-Web-Gallery-07-Original_JPG-Prestige-P500VRSIBPSS_Non_Connected_Prod_Str.jpg","datePublished":"2024-12-29T21:05:07+00:00","dateModified":"2026-04-06T09:26:39+00:00","breadcrumb":{"@id":"https:\/\/bbqentertainment.com\/toode\/napoleon-gaasigrill-prestige-500-rsib-no-wifi\/#breadcrumb"},"inLanguage":"en-US","potentialAction":[{"@type":"ReadAction","target":["https:\/\/bbqentertainment.com\/toode\/napoleon-gaasigrill-prestige-500-rsib-no-wifi\/"]}]},{"@type":"ImageObject","inLanguage":"en-US","@id":"https:\/\/bbqentertainment.com\/toode\/napoleon-gaasigrill-prestige-500-rsib-no-wifi\/#primaryimage","url":"https:\/\/bbqentertainment.com\/wp-content\/uploads\/2024\/12\/P500VRSIBNSS-CH-Web-Gallery-07-Original_JPG-Prestige-P500VRSIBPSS_Non_Connected_Prod_Str.jpg","contentUrl":"https:\/\/bbqentertainment.com\/wp-content\/uploads\/2024\/12\/P500VRSIBNSS-CH-Web-Gallery-07-Original_JPG-Prestige-P500VRSIBPSS_Non_Connected_Prod_Str.jpg","width":1287,"height":1000},{"@type":"BreadcrumbList","@id":"https:\/\/bbqentertainment.com\/toode\/napoleon-gaasigrill-prestige-500-rsib-no-wifi\/#breadcrumb","itemListElement":[{"@type":"ListItem","position":1,"name":"AVALEHT","item":"https:\/\/bbqentertainment.com\/en\/"},{"@type":"ListItem","position":2,"name":"Tooted","item":"https:\/\/bbqentertainment.com\/tooted\/"},{"@type":"ListItem","position":3,"name":"Grillid ja ahjud","item":"https:\/\/bbqentertainment.com\/tootekategooria\/grillid-ja-ahjud\/"},{"@type":"ListItem","position":4,"name":"Napoleon Prestige 500RSIB keraamilise pliidi ja vardap\u00f5letiga gaasigrill (roostevaba)"}]},{"@type":"WebSite","@id":"https:\/\/bbqentertainment.com\/#website","url":"https:\/\/bbqentertainment.com\/","name":"BBQ Entertainment","description":"BBQ is a great lifestyle, not just fun!","publisher":{"@id":"https:\/\/bbqentertainment.com\/#organization"},"potentialAction":[{"@type":"SearchAction","target":{"@type":"EntryPoint","urlTemplate":"https:\/\/bbqentertainment.com\/?s={search_term_string}"},"query-input":{"@type":"PropertyValueSpecification","valueRequired":true,"valueName":"search_term_string"}}],"inLanguage":"en-US"},{"@type":"Organization","@id":"https:\/\/bbqentertainment.com\/#organization","name":"BBQ Entertainment O\u00dc","url":"https:\/\/bbqentertainment.com\/","logo":{"@type":"ImageObject","inLanguage":"en-US","@id":"https:\/\/bbqentertainment.com\/#\/schema\/logo\/image\/","url":"https:\/\/bbqentertainment.com\/wp-content\/uploads\/2020\/04\/BBQ-Entertainment-N-Catering-Enn-Tobreluts-Logo.png","contentUrl":"https:\/\/bbqentertainment.com\/wp-content\/uploads\/2020\/04\/BBQ-Entertainment-N-Catering-Enn-Tobreluts-Logo.png","width":628,"height":266,"caption":"BBQ Entertainment O\u00dc"},"image":{"@id":"https:\/\/bbqentertainment.com\/#\/schema\/logo\/image\/"},"sameAs":["https:\/\/www.facebook.com\/BBQ-Entertainment-N-Catering-2437913376443540","https:\/\/www.instagram.com\/bbqentertainmentncatering\/","https:\/\/www.youtube.com\/channel\/UCmpuANQVhLy2Md8nrenp2jA"]}]}},"_links":{"self":[{"href":"https:\/\/bbqentertainment.com\/en\/wp-json\/wp\/v2\/product\/250322","targetHints":{"allow":["GET"]}}],"collection":[{"href":"https:\/\/bbqentertainment.com\/en\/wp-json\/wp\/v2\/product"}],"about":[{"href":"https:\/\/bbqentertainment.com\/en\/wp-json\/wp\/v2\/types\/product"}],"wp:featuredmedia":[{"embeddable":true,"href":"https:\/\/bbqentertainment.com\/en\/wp-json\/wp\/v2\/media\/250329"}],"wp:attachment":[{"href":"https:\/\/bbqentertainment.com\/en\/wp-json\/wp\/v2\/media?parent=250322"}],"wp:term":[{"taxonomy":"product_brand","embeddable":true,"href":"https:\/\/bbqentertainment.com\/en\/wp-json\/wp\/v2\/product_brand?post=250322"},{"taxonomy":"product_cat","embeddable":true,"href":"https:\/\/bbqentertainment.com\/en\/wp-json\/wp\/v2\/product_cat?post=250322"},{"taxonomy":"product_tag","embeddable":true,"href":"https:\/\/bbqentertainment.com\/en\/wp-json\/wp\/v2\/product_tag?post=250322"}],"curies":[{"name":"wp","href":"https:\/\/api.w.org\/{rel}","templated":true}]}}