{"id":250381,"date":"2025-01-10T09:09:41","date_gmt":"2025-01-10T07:09:41","guid":{"rendered":"https:\/\/bbqentertainment.com\/?post_type=product&#038;p=250381"},"modified":"2025-11-05T08:29:57","modified_gmt":"2025-11-05T06:29:57","slug":"maitseainesegu-good-shit-313g","status":"publish","type":"product","link":"https:\/\/bbqentertainment.com\/en\/toode\/maitseainesegu-good-shit-313g\/","title":{"rendered":"Maitseainesegu Good Shit 313g"},"content":{"rendered":"","protected":false},"excerpt":{"rendered":"<h3 class=\"product-title product_title entry-title\"><strong>Maitseainesegu Good Shit 313g<\/strong><\/h3>\n<p>Naudi magusa ja soolase t\u00e4iuslikku kooslust! Good Shit Sweet n\u2019 Salty on ainulaadse retseptiga maitseaine, mis lisab sinu roogadele erilise magususe, mida \u00fckski teine maitseaine ei suuda. See segu muudab tavalise kana, ribid ja sealiha maitseteks, mis panevad su k\u00fclalised \u00fctlema: \u201eSee on t\u00f5esti hea kraam!\u201c<\/p>\n<p><strong>Kasutussoovitused:<\/strong><\/p>\n<ul>\n<li>Lisa Teriyaki kastmele, popcornile (magusa-soolase elamuse saamiseks), ribidele, kanale v\u00f5i mis iganes roale.<\/li>\n<li>Sobib suurep\u00e4raselt ka k\u00f5ige tavalisema roa maitseelamuseks muutmiseks.<\/li>\n<\/ul>\n<p><strong>Omadused:<\/strong><\/p>\n<ul>\n<li>Erilise retseptiga segu, mis toob magususe esile unikaalsel viisil.<\/li>\n<li>Muudab tavalised road t\u00f5eliseks maitsetemeistriteoseks.<\/li>\n<li>Kasuta universaalselt k\u00f5ikjal \u2013 tulemus on alati suurep\u00e4rane!<\/li>\n<li>Gluteenivaba ja ei sisalda MSG-d.<\/li>\n<\/ul>\n<p><strong>Koostisosad<\/strong>: Suhkur, pruunsuhkur, paprika, sool, pipar, k\u00fc\u00fcslauk, sibul, chilli<\/p>\n<p><strong>Hoiatus:<\/strong> Good Shit v\u00f5ib tekitada s\u00f5ltuvust!<\/p>\n<p>&nbsp;<\/p>\n","protected":false},"featured_media":250383,"template":"","meta":{"inline_featured_image":false},"product_brand":[],"product_cat":[28,491],"product_tag":[],"class_list":{"0":"post-250381","1":"product","2":"type-product","3":"status-publish","4":"has-post-thumbnail","6":"product_cat-maitseandjad","7":"product_cat-ameerika-bbq-rubid-kastmed","9":"first","10":"instock","11":"taxable","12":"shipping-taxable","13":"purchasable","14":"product-type-simple"},"yoast_head":"<!-- This site is optimized with the Yoast SEO plugin v27.4 - https:\/\/yoast.com\/product\/yoast-seo-wordpress\/ -->\n<title>Maitseainesegu Good Shit 313g - BBQ Entertainment<\/title>\n<meta name=\"robots\" content=\"index, follow, max-snippet:-1, max-image-preview:large, max-video-preview:-1\" \/>\n<link rel=\"canonical\" href=\"https:\/\/bbqentertainment.com\/toode\/maitseainesegu-good-shit-313g\/\" \/>\n<meta property=\"og:locale\" content=\"en_US\" \/>\n<meta property=\"og:type\" content=\"article\" \/>\n<meta property=\"og:title\" content=\"Maitseainesegu Good Shit 313g - BBQ Entertainment\" \/>\n<meta property=\"og:description\" content=\"Maitseainesegu Good Shit 313g Naudi magusa ja soolase t\u00e4iuslikku kooslust! Good Shit Sweet n\u2019 Salty on ainulaadse retseptiga maitseaine, mis lisab sinu roogadele erilise magususe, mida \u00fckski teine maitseaine ei suuda. See segu muudab tavalise kana, ribid ja sealiha maitseteks, mis panevad su k\u00fclalised \u00fctlema: \u201eSee on t\u00f5esti hea kraam!\u201c  Kasutussoovitused:   Lisa Teriyaki kastmele, popcornile (magusa-soolase elamuse saamiseks), ribidele, kanale v\u00f5i mis iganes roale.  Sobib suurep\u00e4raselt ka k\u00f5ige tavalisema roa maitseelamuseks muutmiseks.  Omadused:   Erilise retseptiga segu, mis toob magususe esile unikaalsel viisil.  Muudab tavalised road t\u00f5eliseks maitsetemeistriteoseks.  Kasuta universaalselt k\u00f5ikjal \u2013 tulemus on alati suurep\u00e4rane!  Gluteenivaba ja ei sisalda MSG-d.  Koostisosad: Suhkur, pruunsuhkur, paprika, sool, pipar, k\u00fc\u00fcslauk, sibul, chilli  Hoiatus: Good Shit v\u00f5ib tekitada s\u00f5ltuvust!  &nbsp;\" \/>\n<meta property=\"og:url\" content=\"https:\/\/bbqentertainment.com\/toode\/maitseainesegu-good-shit-313g\/\" \/>\n<meta property=\"og:site_name\" content=\"BBQ Entertainment\" \/>\n<meta property=\"article:publisher\" content=\"https:\/\/www.facebook.com\/BBQ-Entertainment-N-Catering-2437913376443540\" \/>\n<meta property=\"article:modified_time\" content=\"2025-11-05T06:29:57+00:00\" \/>\n<meta property=\"og:image\" content=\"https:\/\/bbqentertainment.com\/wp-content\/uploads\/2025\/01\/ezgif.com-gif-maker.webp\" \/>\n\t<meta property=\"og:image:width\" content=\"800\" \/>\n\t<meta property=\"og:image:height\" content=\"800\" \/>\n\t<meta property=\"og:image:type\" content=\"image\/webp\" \/>\n<meta name=\"twitter:card\" content=\"summary_large_image\" \/>\n<meta name=\"twitter:label1\" content=\"Est. reading time\" \/>\n\t<meta name=\"twitter:data1\" content=\"1 minute\" \/>\n<script type=\"application\/ld+json\" class=\"yoast-schema-graph\">{\"@context\":\"https:\\\/\\\/schema.org\",\"@graph\":[{\"@type\":[\"WebPage\",\"ItemPage\"],\"@id\":\"https:\\\/\\\/bbqentertainment.com\\\/toode\\\/maitseainesegu-good-shit-313g\\\/\",\"url\":\"https:\\\/\\\/bbqentertainment.com\\\/toode\\\/maitseainesegu-good-shit-313g\\\/\",\"name\":\"Maitseainesegu Good Shit 313g - BBQ Entertainment\",\"isPartOf\":{\"@id\":\"https:\\\/\\\/bbqentertainment.com\\\/#website\"},\"primaryImageOfPage\":{\"@id\":\"https:\\\/\\\/bbqentertainment.com\\\/toode\\\/maitseainesegu-good-shit-313g\\\/#primaryimage\"},\"image\":{\"@id\":\"https:\\\/\\\/bbqentertainment.com\\\/toode\\\/maitseainesegu-good-shit-313g\\\/#primaryimage\"},\"thumbnailUrl\":\"https:\\\/\\\/bbqentertainment.com\\\/wp-content\\\/uploads\\\/2025\\\/01\\\/ezgif.com-gif-maker.webp\",\"datePublished\":\"2025-01-10T07:09:41+00:00\",\"dateModified\":\"2025-11-05T06:29:57+00:00\",\"breadcrumb\":{\"@id\":\"https:\\\/\\\/bbqentertainment.com\\\/toode\\\/maitseainesegu-good-shit-313g\\\/#breadcrumb\"},\"inLanguage\":\"en-US\",\"potentialAction\":[{\"@type\":\"ReadAction\",\"target\":[\"https:\\\/\\\/bbqentertainment.com\\\/toode\\\/maitseainesegu-good-shit-313g\\\/\"]}]},{\"@type\":\"ImageObject\",\"inLanguage\":\"en-US\",\"@id\":\"https:\\\/\\\/bbqentertainment.com\\\/toode\\\/maitseainesegu-good-shit-313g\\\/#primaryimage\",\"url\":\"https:\\\/\\\/bbqentertainment.com\\\/wp-content\\\/uploads\\\/2025\\\/01\\\/ezgif.com-gif-maker.webp\",\"contentUrl\":\"https:\\\/\\\/bbqentertainment.com\\\/wp-content\\\/uploads\\\/2025\\\/01\\\/ezgif.com-gif-maker.webp\",\"width\":800,\"height\":800},{\"@type\":\"BreadcrumbList\",\"@id\":\"https:\\\/\\\/bbqentertainment.com\\\/toode\\\/maitseainesegu-good-shit-313g\\\/#breadcrumb\",\"itemListElement\":[{\"@type\":\"ListItem\",\"position\":1,\"name\":\"AVALEHT\",\"item\":\"https:\\\/\\\/bbqentertainment.com\\\/en\\\/\"},{\"@type\":\"ListItem\",\"position\":2,\"name\":\"Tooted\",\"item\":\"https:\\\/\\\/bbqentertainment.com\\\/tooted\\\/\"},{\"@type\":\"ListItem\",\"position\":3,\"name\":\"Maitseandjad\",\"item\":\"https:\\\/\\\/bbqentertainment.com\\\/en\\\/tootekategooria\\\/maitseandjad\\\/\"},{\"@type\":\"ListItem\",\"position\":4,\"name\":\"AMEERIKA BBQ RUBID \\\/ KASTMED\",\"item\":\"https:\\\/\\\/bbqentertainment.com\\\/tootekategooria\\\/maitseandjad\\\/ameerika-bbq-rubid-kastmed\\\/\"},{\"@type\":\"ListItem\",\"position\":5,\"name\":\"Maitseainesegu Good Shit 313g\"}]},{\"@type\":\"WebSite\",\"@id\":\"https:\\\/\\\/bbqentertainment.com\\\/#website\",\"url\":\"https:\\\/\\\/bbqentertainment.com\\\/\",\"name\":\"BBQ Entertainment\",\"description\":\"BBQ is a great lifestyle, not just fun!\",\"publisher\":{\"@id\":\"https:\\\/\\\/bbqentertainment.com\\\/#organization\"},\"potentialAction\":[{\"@type\":\"SearchAction\",\"target\":{\"@type\":\"EntryPoint\",\"urlTemplate\":\"https:\\\/\\\/bbqentertainment.com\\\/?s={search_term_string}\"},\"query-input\":{\"@type\":\"PropertyValueSpecification\",\"valueRequired\":true,\"valueName\":\"search_term_string\"}}],\"inLanguage\":\"en-US\"},{\"@type\":\"Organization\",\"@id\":\"https:\\\/\\\/bbqentertainment.com\\\/#organization\",\"name\":\"BBQ Entertainment O\u00dc\",\"url\":\"https:\\\/\\\/bbqentertainment.com\\\/\",\"logo\":{\"@type\":\"ImageObject\",\"inLanguage\":\"en-US\",\"@id\":\"https:\\\/\\\/bbqentertainment.com\\\/#\\\/schema\\\/logo\\\/image\\\/\",\"url\":\"https:\\\/\\\/bbqentertainment.com\\\/wp-content\\\/uploads\\\/2020\\\/04\\\/BBQ-Entertainment-N-Catering-Enn-Tobreluts-Logo.png\",\"contentUrl\":\"https:\\\/\\\/bbqentertainment.com\\\/wp-content\\\/uploads\\\/2020\\\/04\\\/BBQ-Entertainment-N-Catering-Enn-Tobreluts-Logo.png\",\"width\":628,\"height\":266,\"caption\":\"BBQ Entertainment O\u00dc\"},\"image\":{\"@id\":\"https:\\\/\\\/bbqentertainment.com\\\/#\\\/schema\\\/logo\\\/image\\\/\"},\"sameAs\":[\"https:\\\/\\\/www.facebook.com\\\/BBQ-Entertainment-N-Catering-2437913376443540\",\"https:\\\/\\\/www.instagram.com\\\/bbqentertainmentncatering\\\/\",\"https:\\\/\\\/www.youtube.com\\\/channel\\\/UCmpuANQVhLy2Md8nrenp2jA\"]}]}<\/script>\n<!-- \/ Yoast SEO plugin. -->","yoast_head_json":{"title":"Maitseainesegu Good Shit 313g - BBQ Entertainment","robots":{"index":"index","follow":"follow","max-snippet":"max-snippet:-1","max-image-preview":"max-image-preview:large","max-video-preview":"max-video-preview:-1"},"canonical":"https:\/\/bbqentertainment.com\/toode\/maitseainesegu-good-shit-313g\/","og_locale":"en_US","og_type":"article","og_title":"Maitseainesegu Good Shit 313g - BBQ Entertainment","og_description":"Maitseainesegu Good Shit 313g Naudi magusa ja soolase t\u00e4iuslikku kooslust! Good Shit Sweet n\u2019 Salty on ainulaadse retseptiga maitseaine, mis lisab sinu roogadele erilise magususe, mida \u00fckski teine maitseaine ei suuda. See segu muudab tavalise kana, ribid ja sealiha maitseteks, mis panevad su k\u00fclalised \u00fctlema: \u201eSee on t\u00f5esti hea kraam!\u201c  Kasutussoovitused:   Lisa Teriyaki kastmele, popcornile (magusa-soolase elamuse saamiseks), ribidele, kanale v\u00f5i mis iganes roale.  Sobib suurep\u00e4raselt ka k\u00f5ige tavalisema roa maitseelamuseks muutmiseks.  Omadused:   Erilise retseptiga segu, mis toob magususe esile unikaalsel viisil.  Muudab tavalised road t\u00f5eliseks maitsetemeistriteoseks.  Kasuta universaalselt k\u00f5ikjal \u2013 tulemus on alati suurep\u00e4rane!  Gluteenivaba ja ei sisalda MSG-d.  Koostisosad: Suhkur, pruunsuhkur, paprika, sool, pipar, k\u00fc\u00fcslauk, sibul, chilli  Hoiatus: Good Shit v\u00f5ib tekitada s\u00f5ltuvust!  &nbsp;","og_url":"https:\/\/bbqentertainment.com\/toode\/maitseainesegu-good-shit-313g\/","og_site_name":"BBQ Entertainment","article_publisher":"https:\/\/www.facebook.com\/BBQ-Entertainment-N-Catering-2437913376443540","article_modified_time":"2025-11-05T06:29:57+00:00","og_image":[{"width":800,"height":800,"url":"https:\/\/bbqentertainment.com\/wp-content\/uploads\/2025\/01\/ezgif.com-gif-maker.webp","type":"image\/webp"}],"twitter_card":"summary_large_image","twitter_misc":{"Est. reading time":"1 minute"},"schema":{"@context":"https:\/\/schema.org","@graph":[{"@type":["WebPage","ItemPage"],"@id":"https:\/\/bbqentertainment.com\/toode\/maitseainesegu-good-shit-313g\/","url":"https:\/\/bbqentertainment.com\/toode\/maitseainesegu-good-shit-313g\/","name":"Maitseainesegu Good Shit 313g - BBQ Entertainment","isPartOf":{"@id":"https:\/\/bbqentertainment.com\/#website"},"primaryImageOfPage":{"@id":"https:\/\/bbqentertainment.com\/toode\/maitseainesegu-good-shit-313g\/#primaryimage"},"image":{"@id":"https:\/\/bbqentertainment.com\/toode\/maitseainesegu-good-shit-313g\/#primaryimage"},"thumbnailUrl":"https:\/\/bbqentertainment.com\/wp-content\/uploads\/2025\/01\/ezgif.com-gif-maker.webp","datePublished":"2025-01-10T07:09:41+00:00","dateModified":"2025-11-05T06:29:57+00:00","breadcrumb":{"@id":"https:\/\/bbqentertainment.com\/toode\/maitseainesegu-good-shit-313g\/#breadcrumb"},"inLanguage":"en-US","potentialAction":[{"@type":"ReadAction","target":["https:\/\/bbqentertainment.com\/toode\/maitseainesegu-good-shit-313g\/"]}]},{"@type":"ImageObject","inLanguage":"en-US","@id":"https:\/\/bbqentertainment.com\/toode\/maitseainesegu-good-shit-313g\/#primaryimage","url":"https:\/\/bbqentertainment.com\/wp-content\/uploads\/2025\/01\/ezgif.com-gif-maker.webp","contentUrl":"https:\/\/bbqentertainment.com\/wp-content\/uploads\/2025\/01\/ezgif.com-gif-maker.webp","width":800,"height":800},{"@type":"BreadcrumbList","@id":"https:\/\/bbqentertainment.com\/toode\/maitseainesegu-good-shit-313g\/#breadcrumb","itemListElement":[{"@type":"ListItem","position":1,"name":"AVALEHT","item":"https:\/\/bbqentertainment.com\/en\/"},{"@type":"ListItem","position":2,"name":"Tooted","item":"https:\/\/bbqentertainment.com\/tooted\/"},{"@type":"ListItem","position":3,"name":"Maitseandjad","item":"https:\/\/bbqentertainment.com\/en\/tootekategooria\/maitseandjad\/"},{"@type":"ListItem","position":4,"name":"AMEERIKA BBQ RUBID \/ KASTMED","item":"https:\/\/bbqentertainment.com\/tootekategooria\/maitseandjad\/ameerika-bbq-rubid-kastmed\/"},{"@type":"ListItem","position":5,"name":"Maitseainesegu Good Shit 313g"}]},{"@type":"WebSite","@id":"https:\/\/bbqentertainment.com\/#website","url":"https:\/\/bbqentertainment.com\/","name":"BBQ Entertainment","description":"BBQ is a great lifestyle, not just fun!","publisher":{"@id":"https:\/\/bbqentertainment.com\/#organization"},"potentialAction":[{"@type":"SearchAction","target":{"@type":"EntryPoint","urlTemplate":"https:\/\/bbqentertainment.com\/?s={search_term_string}"},"query-input":{"@type":"PropertyValueSpecification","valueRequired":true,"valueName":"search_term_string"}}],"inLanguage":"en-US"},{"@type":"Organization","@id":"https:\/\/bbqentertainment.com\/#organization","name":"BBQ Entertainment O\u00dc","url":"https:\/\/bbqentertainment.com\/","logo":{"@type":"ImageObject","inLanguage":"en-US","@id":"https:\/\/bbqentertainment.com\/#\/schema\/logo\/image\/","url":"https:\/\/bbqentertainment.com\/wp-content\/uploads\/2020\/04\/BBQ-Entertainment-N-Catering-Enn-Tobreluts-Logo.png","contentUrl":"https:\/\/bbqentertainment.com\/wp-content\/uploads\/2020\/04\/BBQ-Entertainment-N-Catering-Enn-Tobreluts-Logo.png","width":628,"height":266,"caption":"BBQ Entertainment O\u00dc"},"image":{"@id":"https:\/\/bbqentertainment.com\/#\/schema\/logo\/image\/"},"sameAs":["https:\/\/www.facebook.com\/BBQ-Entertainment-N-Catering-2437913376443540","https:\/\/www.instagram.com\/bbqentertainmentncatering\/","https:\/\/www.youtube.com\/channel\/UCmpuANQVhLy2Md8nrenp2jA"]}]}},"_links":{"self":[{"href":"https:\/\/bbqentertainment.com\/en\/wp-json\/wp\/v2\/product\/250381","targetHints":{"allow":["GET"]}}],"collection":[{"href":"https:\/\/bbqentertainment.com\/en\/wp-json\/wp\/v2\/product"}],"about":[{"href":"https:\/\/bbqentertainment.com\/en\/wp-json\/wp\/v2\/types\/product"}],"wp:featuredmedia":[{"embeddable":true,"href":"https:\/\/bbqentertainment.com\/en\/wp-json\/wp\/v2\/media\/250383"}],"wp:attachment":[{"href":"https:\/\/bbqentertainment.com\/en\/wp-json\/wp\/v2\/media?parent=250381"}],"wp:term":[{"taxonomy":"product_brand","embeddable":true,"href":"https:\/\/bbqentertainment.com\/en\/wp-json\/wp\/v2\/product_brand?post=250381"},{"taxonomy":"product_cat","embeddable":true,"href":"https:\/\/bbqentertainment.com\/en\/wp-json\/wp\/v2\/product_cat?post=250381"},{"taxonomy":"product_tag","embeddable":true,"href":"https:\/\/bbqentertainment.com\/en\/wp-json\/wp\/v2\/product_tag?post=250381"}],"curies":[{"name":"wp","href":"https:\/\/api.w.org\/{rel}","templated":true}]}}