{"id":250395,"date":"2025-01-10T09:43:46","date_gmt":"2025-01-10T07:43:46","guid":{"rendered":"https:\/\/bbqentertainment.com\/?post_type=product&#038;p=250395"},"modified":"2026-04-13T14:40:51","modified_gmt":"2026-04-13T11:40:51","slug":"maitseainesegu-meat-church-the-gospel-397g","status":"publish","type":"product","link":"https:\/\/bbqentertainment.com\/en\/toode\/maitseainesegu-meat-church-the-gospel-397g\/","title":{"rendered":"Maitseainesegu Meat Church The Gospel 397g"},"content":{"rendered":"","protected":false},"excerpt":{"rendered":"<h3 class=\"product-title product_title entry-title\"><strong>Maitseainesegu Meat Church The Gospel 397g<\/strong><\/h3>\n<p>See universaalne BBQ maitseaine on k\u00f5ik, mida vajad iga roa t\u00e4iustamiseks. L\u00f5unaosariikide stiilis segu paistab silma erksa punase v\u00e4rvusega ja pakub t\u00f5eliselt meeldej\u00e4\u00e4vat BBQ maitset.<\/p>\n<p><strong>Kasutusjuhend:<\/strong><\/p>\n<ul>\n<li>Kanna rikkalikult lihale v\u00f5i k\u00f6\u00f6giviljadele.<\/li>\n<li>Lase maitsestuda v\u00e4hemalt 30 minutit enne k\u00fcpsetamist v\u00f5i hoia k\u00fclmkapis kuni 24 tundi, et saavutada maksimaalne maitseelamus.<\/li>\n<\/ul>\n<p><strong>Omadused:<\/strong><\/p>\n<ul>\n<li>Sobib veiselihale, kanale, sealihale, mereandidele ja k\u00f6\u00f6giviljadele.<\/li>\n<li>Gluteenivaba ja ei sisalda MSG-d.<\/li>\n<\/ul>\n<p><strong>Koostisosad<\/strong>: suhkur, sool, maitseained (sh paprika), dekstroos, kuivatatud k\u00fc\u00fcslauk, seller, r\u00e4nidioksiid (paakumisvastane aine) ja maitseainete ekstraktid.<\/p>\n<p>&nbsp;<\/p>\n","protected":false},"featured_media":250396,"template":"","meta":{"inline_featured_image":false},"product_brand":[],"product_cat":[28,491],"product_tag":[],"class_list":{"0":"post-250395","1":"product","2":"type-product","3":"status-publish","4":"has-post-thumbnail","6":"product_cat-maitseandjad","7":"product_cat-ameerika-bbq-rubid-kastmed","9":"first","10":"instock","11":"taxable","12":"shipping-taxable","13":"purchasable","14":"product-type-simple"},"yoast_head":"<!-- This site is optimized with the Yoast SEO plugin v27.4 - https:\/\/yoast.com\/product\/yoast-seo-wordpress\/ -->\n<title>Maitseainesegu Meat Church The Gospel 397g - BBQ Entertainment<\/title>\n<meta name=\"robots\" content=\"index, follow, max-snippet:-1, max-image-preview:large, max-video-preview:-1\" \/>\n<link rel=\"canonical\" href=\"https:\/\/bbqentertainment.com\/toode\/maitseainesegu-meat-church-the-gospel-397g\/\" \/>\n<meta property=\"og:locale\" content=\"en_US\" \/>\n<meta property=\"og:type\" content=\"article\" \/>\n<meta property=\"og:title\" content=\"Maitseainesegu Meat Church The Gospel 397g - BBQ Entertainment\" \/>\n<meta property=\"og:description\" content=\"Maitseainesegu Meat Church The Gospel 397g See universaalne BBQ maitseaine on k\u00f5ik, mida vajad iga roa t\u00e4iustamiseks. L\u00f5unaosariikide stiilis segu paistab silma erksa punase v\u00e4rvusega ja pakub t\u00f5eliselt meeldej\u00e4\u00e4vat BBQ maitset.  Kasutusjuhend:   Kanna rikkalikult lihale v\u00f5i k\u00f6\u00f6giviljadele.  Lase maitsestuda v\u00e4hemalt 30 minutit enne k\u00fcpsetamist v\u00f5i hoia k\u00fclmkapis kuni 24 tundi, et saavutada maksimaalne maitseelamus.  Omadused:   Sobib veiselihale, kanale, sealihale, mereandidele ja k\u00f6\u00f6giviljadele.  Gluteenivaba ja ei sisalda MSG-d.  Koostisosad: suhkur, sool, maitseained (sh paprika), dekstroos, kuivatatud k\u00fc\u00fcslauk, seller, r\u00e4nidioksiid (paakumisvastane aine) ja maitseainete ekstraktid.  &nbsp;\" \/>\n<meta property=\"og:url\" content=\"https:\/\/bbqentertainment.com\/toode\/maitseainesegu-meat-church-the-gospel-397g\/\" \/>\n<meta property=\"og:site_name\" content=\"BBQ Entertainment\" \/>\n<meta property=\"article:publisher\" content=\"https:\/\/www.facebook.com\/BBQ-Entertainment-N-Catering-2437913376443540\" \/>\n<meta property=\"article:modified_time\" content=\"2026-04-13T11:40:51+00:00\" \/>\n<meta property=\"og:image\" content=\"https:\/\/bbqentertainment.com\/wp-content\/uploads\/2025\/01\/the-gospel-600x600-1.webp\" \/>\n\t<meta property=\"og:image:width\" content=\"600\" \/>\n\t<meta property=\"og:image:height\" content=\"600\" \/>\n\t<meta property=\"og:image:type\" content=\"image\/webp\" \/>\n<meta name=\"twitter:card\" content=\"summary_large_image\" \/>\n<meta name=\"twitter:label1\" content=\"Est. reading time\" \/>\n\t<meta name=\"twitter:data1\" content=\"1 minute\" \/>\n<script type=\"application\/ld+json\" class=\"yoast-schema-graph\">{\"@context\":\"https:\\\/\\\/schema.org\",\"@graph\":[{\"@type\":[\"WebPage\",\"ItemPage\"],\"@id\":\"https:\\\/\\\/bbqentertainment.com\\\/toode\\\/maitseainesegu-meat-church-the-gospel-397g\\\/\",\"url\":\"https:\\\/\\\/bbqentertainment.com\\\/toode\\\/maitseainesegu-meat-church-the-gospel-397g\\\/\",\"name\":\"Maitseainesegu Meat Church The Gospel 397g - BBQ Entertainment\",\"isPartOf\":{\"@id\":\"https:\\\/\\\/bbqentertainment.com\\\/#website\"},\"primaryImageOfPage\":{\"@id\":\"https:\\\/\\\/bbqentertainment.com\\\/toode\\\/maitseainesegu-meat-church-the-gospel-397g\\\/#primaryimage\"},\"image\":{\"@id\":\"https:\\\/\\\/bbqentertainment.com\\\/toode\\\/maitseainesegu-meat-church-the-gospel-397g\\\/#primaryimage\"},\"thumbnailUrl\":\"https:\\\/\\\/bbqentertainment.com\\\/wp-content\\\/uploads\\\/2025\\\/01\\\/the-gospel-600x600-1.webp\",\"datePublished\":\"2025-01-10T07:43:46+00:00\",\"dateModified\":\"2026-04-13T11:40:51+00:00\",\"breadcrumb\":{\"@id\":\"https:\\\/\\\/bbqentertainment.com\\\/toode\\\/maitseainesegu-meat-church-the-gospel-397g\\\/#breadcrumb\"},\"inLanguage\":\"en-US\",\"potentialAction\":[{\"@type\":\"ReadAction\",\"target\":[\"https:\\\/\\\/bbqentertainment.com\\\/toode\\\/maitseainesegu-meat-church-the-gospel-397g\\\/\"]}]},{\"@type\":\"ImageObject\",\"inLanguage\":\"en-US\",\"@id\":\"https:\\\/\\\/bbqentertainment.com\\\/toode\\\/maitseainesegu-meat-church-the-gospel-397g\\\/#primaryimage\",\"url\":\"https:\\\/\\\/bbqentertainment.com\\\/wp-content\\\/uploads\\\/2025\\\/01\\\/the-gospel-600x600-1.webp\",\"contentUrl\":\"https:\\\/\\\/bbqentertainment.com\\\/wp-content\\\/uploads\\\/2025\\\/01\\\/the-gospel-600x600-1.webp\",\"width\":600,\"height\":600},{\"@type\":\"BreadcrumbList\",\"@id\":\"https:\\\/\\\/bbqentertainment.com\\\/toode\\\/maitseainesegu-meat-church-the-gospel-397g\\\/#breadcrumb\",\"itemListElement\":[{\"@type\":\"ListItem\",\"position\":1,\"name\":\"AVALEHT\",\"item\":\"https:\\\/\\\/bbqentertainment.com\\\/en\\\/\"},{\"@type\":\"ListItem\",\"position\":2,\"name\":\"Tooted\",\"item\":\"https:\\\/\\\/bbqentertainment.com\\\/tooted\\\/\"},{\"@type\":\"ListItem\",\"position\":3,\"name\":\"Maitseandjad\",\"item\":\"https:\\\/\\\/bbqentertainment.com\\\/en\\\/tootekategooria\\\/maitseandjad\\\/\"},{\"@type\":\"ListItem\",\"position\":4,\"name\":\"AMEERIKA BBQ RUBID \\\/ KASTMED\",\"item\":\"https:\\\/\\\/bbqentertainment.com\\\/tootekategooria\\\/maitseandjad\\\/ameerika-bbq-rubid-kastmed\\\/\"},{\"@type\":\"ListItem\",\"position\":5,\"name\":\"Maitseainesegu Meat Church The Gospel 397g\"}]},{\"@type\":\"WebSite\",\"@id\":\"https:\\\/\\\/bbqentertainment.com\\\/#website\",\"url\":\"https:\\\/\\\/bbqentertainment.com\\\/\",\"name\":\"BBQ Entertainment\",\"description\":\"BBQ is a great lifestyle, not just fun!\",\"publisher\":{\"@id\":\"https:\\\/\\\/bbqentertainment.com\\\/#organization\"},\"potentialAction\":[{\"@type\":\"SearchAction\",\"target\":{\"@type\":\"EntryPoint\",\"urlTemplate\":\"https:\\\/\\\/bbqentertainment.com\\\/?s={search_term_string}\"},\"query-input\":{\"@type\":\"PropertyValueSpecification\",\"valueRequired\":true,\"valueName\":\"search_term_string\"}}],\"inLanguage\":\"en-US\"},{\"@type\":\"Organization\",\"@id\":\"https:\\\/\\\/bbqentertainment.com\\\/#organization\",\"name\":\"BBQ Entertainment O\u00dc\",\"url\":\"https:\\\/\\\/bbqentertainment.com\\\/\",\"logo\":{\"@type\":\"ImageObject\",\"inLanguage\":\"en-US\",\"@id\":\"https:\\\/\\\/bbqentertainment.com\\\/#\\\/schema\\\/logo\\\/image\\\/\",\"url\":\"https:\\\/\\\/bbqentertainment.com\\\/wp-content\\\/uploads\\\/2020\\\/04\\\/BBQ-Entertainment-N-Catering-Enn-Tobreluts-Logo.png\",\"contentUrl\":\"https:\\\/\\\/bbqentertainment.com\\\/wp-content\\\/uploads\\\/2020\\\/04\\\/BBQ-Entertainment-N-Catering-Enn-Tobreluts-Logo.png\",\"width\":628,\"height\":266,\"caption\":\"BBQ Entertainment O\u00dc\"},\"image\":{\"@id\":\"https:\\\/\\\/bbqentertainment.com\\\/#\\\/schema\\\/logo\\\/image\\\/\"},\"sameAs\":[\"https:\\\/\\\/www.facebook.com\\\/BBQ-Entertainment-N-Catering-2437913376443540\",\"https:\\\/\\\/www.instagram.com\\\/bbqentertainmentncatering\\\/\",\"https:\\\/\\\/www.youtube.com\\\/channel\\\/UCmpuANQVhLy2Md8nrenp2jA\"]}]}<\/script>\n<!-- \/ Yoast SEO plugin. -->","yoast_head_json":{"title":"Maitseainesegu Meat Church The Gospel 397g - BBQ Entertainment","robots":{"index":"index","follow":"follow","max-snippet":"max-snippet:-1","max-image-preview":"max-image-preview:large","max-video-preview":"max-video-preview:-1"},"canonical":"https:\/\/bbqentertainment.com\/toode\/maitseainesegu-meat-church-the-gospel-397g\/","og_locale":"en_US","og_type":"article","og_title":"Maitseainesegu Meat Church The Gospel 397g - BBQ Entertainment","og_description":"Maitseainesegu Meat Church The Gospel 397g See universaalne BBQ maitseaine on k\u00f5ik, mida vajad iga roa t\u00e4iustamiseks. L\u00f5unaosariikide stiilis segu paistab silma erksa punase v\u00e4rvusega ja pakub t\u00f5eliselt meeldej\u00e4\u00e4vat BBQ maitset.  Kasutusjuhend:   Kanna rikkalikult lihale v\u00f5i k\u00f6\u00f6giviljadele.  Lase maitsestuda v\u00e4hemalt 30 minutit enne k\u00fcpsetamist v\u00f5i hoia k\u00fclmkapis kuni 24 tundi, et saavutada maksimaalne maitseelamus.  Omadused:   Sobib veiselihale, kanale, sealihale, mereandidele ja k\u00f6\u00f6giviljadele.  Gluteenivaba ja ei sisalda MSG-d.  Koostisosad: suhkur, sool, maitseained (sh paprika), dekstroos, kuivatatud k\u00fc\u00fcslauk, seller, r\u00e4nidioksiid (paakumisvastane aine) ja maitseainete ekstraktid.  &nbsp;","og_url":"https:\/\/bbqentertainment.com\/toode\/maitseainesegu-meat-church-the-gospel-397g\/","og_site_name":"BBQ Entertainment","article_publisher":"https:\/\/www.facebook.com\/BBQ-Entertainment-N-Catering-2437913376443540","article_modified_time":"2026-04-13T11:40:51+00:00","og_image":[{"width":600,"height":600,"url":"https:\/\/bbqentertainment.com\/wp-content\/uploads\/2025\/01\/the-gospel-600x600-1.webp","type":"image\/webp"}],"twitter_card":"summary_large_image","twitter_misc":{"Est. reading time":"1 minute"},"schema":{"@context":"https:\/\/schema.org","@graph":[{"@type":["WebPage","ItemPage"],"@id":"https:\/\/bbqentertainment.com\/toode\/maitseainesegu-meat-church-the-gospel-397g\/","url":"https:\/\/bbqentertainment.com\/toode\/maitseainesegu-meat-church-the-gospel-397g\/","name":"Maitseainesegu Meat Church The Gospel 397g - BBQ Entertainment","isPartOf":{"@id":"https:\/\/bbqentertainment.com\/#website"},"primaryImageOfPage":{"@id":"https:\/\/bbqentertainment.com\/toode\/maitseainesegu-meat-church-the-gospel-397g\/#primaryimage"},"image":{"@id":"https:\/\/bbqentertainment.com\/toode\/maitseainesegu-meat-church-the-gospel-397g\/#primaryimage"},"thumbnailUrl":"https:\/\/bbqentertainment.com\/wp-content\/uploads\/2025\/01\/the-gospel-600x600-1.webp","datePublished":"2025-01-10T07:43:46+00:00","dateModified":"2026-04-13T11:40:51+00:00","breadcrumb":{"@id":"https:\/\/bbqentertainment.com\/toode\/maitseainesegu-meat-church-the-gospel-397g\/#breadcrumb"},"inLanguage":"en-US","potentialAction":[{"@type":"ReadAction","target":["https:\/\/bbqentertainment.com\/toode\/maitseainesegu-meat-church-the-gospel-397g\/"]}]},{"@type":"ImageObject","inLanguage":"en-US","@id":"https:\/\/bbqentertainment.com\/toode\/maitseainesegu-meat-church-the-gospel-397g\/#primaryimage","url":"https:\/\/bbqentertainment.com\/wp-content\/uploads\/2025\/01\/the-gospel-600x600-1.webp","contentUrl":"https:\/\/bbqentertainment.com\/wp-content\/uploads\/2025\/01\/the-gospel-600x600-1.webp","width":600,"height":600},{"@type":"BreadcrumbList","@id":"https:\/\/bbqentertainment.com\/toode\/maitseainesegu-meat-church-the-gospel-397g\/#breadcrumb","itemListElement":[{"@type":"ListItem","position":1,"name":"AVALEHT","item":"https:\/\/bbqentertainment.com\/en\/"},{"@type":"ListItem","position":2,"name":"Tooted","item":"https:\/\/bbqentertainment.com\/tooted\/"},{"@type":"ListItem","position":3,"name":"Maitseandjad","item":"https:\/\/bbqentertainment.com\/en\/tootekategooria\/maitseandjad\/"},{"@type":"ListItem","position":4,"name":"AMEERIKA BBQ RUBID \/ KASTMED","item":"https:\/\/bbqentertainment.com\/tootekategooria\/maitseandjad\/ameerika-bbq-rubid-kastmed\/"},{"@type":"ListItem","position":5,"name":"Maitseainesegu Meat Church The Gospel 397g"}]},{"@type":"WebSite","@id":"https:\/\/bbqentertainment.com\/#website","url":"https:\/\/bbqentertainment.com\/","name":"BBQ Entertainment","description":"BBQ is a great lifestyle, not just fun!","publisher":{"@id":"https:\/\/bbqentertainment.com\/#organization"},"potentialAction":[{"@type":"SearchAction","target":{"@type":"EntryPoint","urlTemplate":"https:\/\/bbqentertainment.com\/?s={search_term_string}"},"query-input":{"@type":"PropertyValueSpecification","valueRequired":true,"valueName":"search_term_string"}}],"inLanguage":"en-US"},{"@type":"Organization","@id":"https:\/\/bbqentertainment.com\/#organization","name":"BBQ Entertainment O\u00dc","url":"https:\/\/bbqentertainment.com\/","logo":{"@type":"ImageObject","inLanguage":"en-US","@id":"https:\/\/bbqentertainment.com\/#\/schema\/logo\/image\/","url":"https:\/\/bbqentertainment.com\/wp-content\/uploads\/2020\/04\/BBQ-Entertainment-N-Catering-Enn-Tobreluts-Logo.png","contentUrl":"https:\/\/bbqentertainment.com\/wp-content\/uploads\/2020\/04\/BBQ-Entertainment-N-Catering-Enn-Tobreluts-Logo.png","width":628,"height":266,"caption":"BBQ Entertainment O\u00dc"},"image":{"@id":"https:\/\/bbqentertainment.com\/#\/schema\/logo\/image\/"},"sameAs":["https:\/\/www.facebook.com\/BBQ-Entertainment-N-Catering-2437913376443540","https:\/\/www.instagram.com\/bbqentertainmentncatering\/","https:\/\/www.youtube.com\/channel\/UCmpuANQVhLy2Md8nrenp2jA"]}]}},"_links":{"self":[{"href":"https:\/\/bbqentertainment.com\/en\/wp-json\/wp\/v2\/product\/250395","targetHints":{"allow":["GET"]}}],"collection":[{"href":"https:\/\/bbqentertainment.com\/en\/wp-json\/wp\/v2\/product"}],"about":[{"href":"https:\/\/bbqentertainment.com\/en\/wp-json\/wp\/v2\/types\/product"}],"wp:featuredmedia":[{"embeddable":true,"href":"https:\/\/bbqentertainment.com\/en\/wp-json\/wp\/v2\/media\/250396"}],"wp:attachment":[{"href":"https:\/\/bbqentertainment.com\/en\/wp-json\/wp\/v2\/media?parent=250395"}],"wp:term":[{"taxonomy":"product_brand","embeddable":true,"href":"https:\/\/bbqentertainment.com\/en\/wp-json\/wp\/v2\/product_brand?post=250395"},{"taxonomy":"product_cat","embeddable":true,"href":"https:\/\/bbqentertainment.com\/en\/wp-json\/wp\/v2\/product_cat?post=250395"},{"taxonomy":"product_tag","embeddable":true,"href":"https:\/\/bbqentertainment.com\/en\/wp-json\/wp\/v2\/product_tag?post=250395"}],"curies":[{"name":"wp","href":"https:\/\/api.w.org\/{rel}","templated":true}]}}