{"id":250406,"date":"2025-01-10T10:06:13","date_gmt":"2025-01-10T08:06:13","guid":{"rendered":"https:\/\/bbqentertainment.com\/?post_type=product&#038;p=250406"},"modified":"2025-11-05T08:29:57","modified_gmt":"2025-11-05T06:29:57","slug":"bbq-kaste-killer-hogs-hot-sauce-360g","status":"publish","type":"product","link":"https:\/\/bbqentertainment.com\/en\/toode\/bbq-kaste-killer-hogs-hot-sauce-360g\/","title":{"rendered":"BBQ kaste Killer Hogs Hot Sauce 360g"},"content":{"rendered":"","protected":false},"excerpt":{"rendered":"<h3 class=\"product-title product_title entry-title\"><strong>BBQ kaste Killer Hogs Hot Sauce 360g<\/strong><\/h3>\n<p>See <strong>t\u00f5eliselt tuline<\/strong>\u00a0kaste on loodud ja kasutusel auhinnatud Killer Hogs Championship BBQ meeskonna poolt. Killer Hogs on seda kastet valmistanud \u00fcle 10 aasta, saates sadu tuhandeid pudeleid \u00fcle Ameerika \u00dchendriikide ja r\u00f5\u00f5mustades nii professionaalseid grillmeistreid kui ka koduseid BBQ-s\u00f5pru. Kaste on ideaalne lisamaks grilltoitudele t\u00e4iuslikku v\u00fcrtsi. See kaste tagab j\u00e4rjepidevalt maitsva ja tasakaalustatud tulemuse iga kord, ilma et peaksid &#8220;kuumuse&#8221; \u00fcle muretsema. <strong>Koostisosad:<\/strong> vanandatud piprasegu, \u00e4\u00e4dikas, k\u00fc\u00fcslauk, sool, tselluloosikumm. <strong>M\u00e4rkus<\/strong>: see toode ei aegu, kuid umbes kahe aasta m\u00f6\u00f6dudes v\u00f5ib selle t\u00f5husus veidi v\u00e4heneda. P\u00e4rast avamist hoida k\u00fclmkapis.<\/p>\n","protected":false},"featured_media":250407,"template":"","meta":{"inline_featured_image":false},"product_brand":[],"product_cat":[28,491],"product_tag":[],"class_list":{"0":"post-250406","1":"product","2":"type-product","3":"status-publish","4":"has-post-thumbnail","6":"product_cat-maitseandjad","7":"product_cat-ameerika-bbq-rubid-kastmed","9":"first","10":"instock","11":"taxable","12":"shipping-taxable","13":"purchasable","14":"product-type-simple"},"yoast_head":"<!-- This site is optimized with the Yoast SEO plugin v27.4 - https:\/\/yoast.com\/product\/yoast-seo-wordpress\/ -->\n<title>BBQ kaste Killer Hogs Hot Sauce 360g - BBQ Entertainment<\/title>\n<meta name=\"robots\" content=\"index, follow, max-snippet:-1, max-image-preview:large, max-video-preview:-1\" \/>\n<link rel=\"canonical\" href=\"https:\/\/bbqentertainment.com\/toode\/bbq-kaste-killer-hogs-hot-sauce-360g\/\" \/>\n<meta property=\"og:locale\" content=\"en_US\" \/>\n<meta property=\"og:type\" content=\"article\" \/>\n<meta property=\"og:title\" content=\"BBQ kaste Killer Hogs Hot Sauce 360g - BBQ Entertainment\" \/>\n<meta property=\"og:description\" content=\"BBQ kaste Killer Hogs Hot Sauce 360g See t\u00f5eliselt tuline\u00a0kaste on loodud ja kasutusel auhinnatud Killer Hogs Championship BBQ meeskonna poolt. Killer Hogs on seda kastet valmistanud \u00fcle 10 aasta, saates sadu tuhandeid pudeleid \u00fcle Ameerika \u00dchendriikide ja r\u00f5\u00f5mustades nii professionaalseid grillmeistreid kui ka koduseid BBQ-s\u00f5pru. Kaste on ideaalne lisamaks grilltoitudele t\u00e4iuslikku v\u00fcrtsi. See kaste tagab j\u00e4rjepidevalt maitsva ja tasakaalustatud tulemuse iga kord, ilma et peaksid &quot;kuumuse&quot; \u00fcle muretsema. Koostisosad: vanandatud piprasegu, \u00e4\u00e4dikas, k\u00fc\u00fcslauk, sool, tselluloosikumm. M\u00e4rkus: see toode ei aegu, kuid umbes kahe aasta m\u00f6\u00f6dudes v\u00f5ib selle t\u00f5husus veidi v\u00e4heneda. P\u00e4rast avamist hoida k\u00fclmkapis.\" \/>\n<meta property=\"og:url\" content=\"https:\/\/bbqentertainment.com\/toode\/bbq-kaste-killer-hogs-hot-sauce-360g\/\" \/>\n<meta property=\"og:site_name\" content=\"BBQ Entertainment\" \/>\n<meta property=\"article:publisher\" content=\"https:\/\/www.facebook.com\/BBQ-Entertainment-N-Catering-2437913376443540\" \/>\n<meta property=\"article:modified_time\" content=\"2025-11-05T06:29:57+00:00\" \/>\n<meta property=\"og:image\" content=\"https:\/\/bbqentertainment.com\/wp-content\/uploads\/2025\/01\/Killer-Hogs_Hot-Sauce-600x600-1.png\" \/>\n\t<meta property=\"og:image:width\" content=\"600\" \/>\n\t<meta property=\"og:image:height\" content=\"600\" \/>\n\t<meta property=\"og:image:type\" content=\"image\/png\" \/>\n<meta name=\"twitter:card\" content=\"summary_large_image\" \/>\n<meta name=\"twitter:label1\" content=\"Est. reading time\" \/>\n\t<meta name=\"twitter:data1\" content=\"1 minute\" \/>\n<script type=\"application\/ld+json\" class=\"yoast-schema-graph\">{\"@context\":\"https:\\\/\\\/schema.org\",\"@graph\":[{\"@type\":[\"WebPage\",\"ItemPage\"],\"@id\":\"https:\\\/\\\/bbqentertainment.com\\\/toode\\\/bbq-kaste-killer-hogs-hot-sauce-360g\\\/\",\"url\":\"https:\\\/\\\/bbqentertainment.com\\\/toode\\\/bbq-kaste-killer-hogs-hot-sauce-360g\\\/\",\"name\":\"BBQ kaste Killer Hogs Hot Sauce 360g - BBQ Entertainment\",\"isPartOf\":{\"@id\":\"https:\\\/\\\/bbqentertainment.com\\\/#website\"},\"primaryImageOfPage\":{\"@id\":\"https:\\\/\\\/bbqentertainment.com\\\/toode\\\/bbq-kaste-killer-hogs-hot-sauce-360g\\\/#primaryimage\"},\"image\":{\"@id\":\"https:\\\/\\\/bbqentertainment.com\\\/toode\\\/bbq-kaste-killer-hogs-hot-sauce-360g\\\/#primaryimage\"},\"thumbnailUrl\":\"https:\\\/\\\/bbqentertainment.com\\\/wp-content\\\/uploads\\\/2025\\\/01\\\/Killer-Hogs_Hot-Sauce-600x600-1.png\",\"datePublished\":\"2025-01-10T08:06:13+00:00\",\"dateModified\":\"2025-11-05T06:29:57+00:00\",\"breadcrumb\":{\"@id\":\"https:\\\/\\\/bbqentertainment.com\\\/toode\\\/bbq-kaste-killer-hogs-hot-sauce-360g\\\/#breadcrumb\"},\"inLanguage\":\"en-US\",\"potentialAction\":[{\"@type\":\"ReadAction\",\"target\":[\"https:\\\/\\\/bbqentertainment.com\\\/toode\\\/bbq-kaste-killer-hogs-hot-sauce-360g\\\/\"]}]},{\"@type\":\"ImageObject\",\"inLanguage\":\"en-US\",\"@id\":\"https:\\\/\\\/bbqentertainment.com\\\/toode\\\/bbq-kaste-killer-hogs-hot-sauce-360g\\\/#primaryimage\",\"url\":\"https:\\\/\\\/bbqentertainment.com\\\/wp-content\\\/uploads\\\/2025\\\/01\\\/Killer-Hogs_Hot-Sauce-600x600-1.png\",\"contentUrl\":\"https:\\\/\\\/bbqentertainment.com\\\/wp-content\\\/uploads\\\/2025\\\/01\\\/Killer-Hogs_Hot-Sauce-600x600-1.png\",\"width\":600,\"height\":600},{\"@type\":\"BreadcrumbList\",\"@id\":\"https:\\\/\\\/bbqentertainment.com\\\/toode\\\/bbq-kaste-killer-hogs-hot-sauce-360g\\\/#breadcrumb\",\"itemListElement\":[{\"@type\":\"ListItem\",\"position\":1,\"name\":\"AVALEHT\",\"item\":\"https:\\\/\\\/bbqentertainment.com\\\/en\\\/\"},{\"@type\":\"ListItem\",\"position\":2,\"name\":\"Tooted\",\"item\":\"https:\\\/\\\/bbqentertainment.com\\\/tooted\\\/\"},{\"@type\":\"ListItem\",\"position\":3,\"name\":\"Maitseandjad\",\"item\":\"https:\\\/\\\/bbqentertainment.com\\\/en\\\/tootekategooria\\\/maitseandjad\\\/\"},{\"@type\":\"ListItem\",\"position\":4,\"name\":\"AMEERIKA BBQ RUBID \\\/ KASTMED\",\"item\":\"https:\\\/\\\/bbqentertainment.com\\\/tootekategooria\\\/maitseandjad\\\/ameerika-bbq-rubid-kastmed\\\/\"},{\"@type\":\"ListItem\",\"position\":5,\"name\":\"BBQ kaste Killer Hogs Hot Sauce 360g\"}]},{\"@type\":\"WebSite\",\"@id\":\"https:\\\/\\\/bbqentertainment.com\\\/#website\",\"url\":\"https:\\\/\\\/bbqentertainment.com\\\/\",\"name\":\"BBQ Entertainment\",\"description\":\"BBQ is a great lifestyle, not just fun!\",\"publisher\":{\"@id\":\"https:\\\/\\\/bbqentertainment.com\\\/#organization\"},\"potentialAction\":[{\"@type\":\"SearchAction\",\"target\":{\"@type\":\"EntryPoint\",\"urlTemplate\":\"https:\\\/\\\/bbqentertainment.com\\\/?s={search_term_string}\"},\"query-input\":{\"@type\":\"PropertyValueSpecification\",\"valueRequired\":true,\"valueName\":\"search_term_string\"}}],\"inLanguage\":\"en-US\"},{\"@type\":\"Organization\",\"@id\":\"https:\\\/\\\/bbqentertainment.com\\\/#organization\",\"name\":\"BBQ Entertainment O\u00dc\",\"url\":\"https:\\\/\\\/bbqentertainment.com\\\/\",\"logo\":{\"@type\":\"ImageObject\",\"inLanguage\":\"en-US\",\"@id\":\"https:\\\/\\\/bbqentertainment.com\\\/#\\\/schema\\\/logo\\\/image\\\/\",\"url\":\"https:\\\/\\\/bbqentertainment.com\\\/wp-content\\\/uploads\\\/2020\\\/04\\\/BBQ-Entertainment-N-Catering-Enn-Tobreluts-Logo.png\",\"contentUrl\":\"https:\\\/\\\/bbqentertainment.com\\\/wp-content\\\/uploads\\\/2020\\\/04\\\/BBQ-Entertainment-N-Catering-Enn-Tobreluts-Logo.png\",\"width\":628,\"height\":266,\"caption\":\"BBQ Entertainment O\u00dc\"},\"image\":{\"@id\":\"https:\\\/\\\/bbqentertainment.com\\\/#\\\/schema\\\/logo\\\/image\\\/\"},\"sameAs\":[\"https:\\\/\\\/www.facebook.com\\\/BBQ-Entertainment-N-Catering-2437913376443540\",\"https:\\\/\\\/www.instagram.com\\\/bbqentertainmentncatering\\\/\",\"https:\\\/\\\/www.youtube.com\\\/channel\\\/UCmpuANQVhLy2Md8nrenp2jA\"]}]}<\/script>\n<!-- \/ Yoast SEO plugin. -->","yoast_head_json":{"title":"BBQ kaste Killer Hogs Hot Sauce 360g - BBQ Entertainment","robots":{"index":"index","follow":"follow","max-snippet":"max-snippet:-1","max-image-preview":"max-image-preview:large","max-video-preview":"max-video-preview:-1"},"canonical":"https:\/\/bbqentertainment.com\/toode\/bbq-kaste-killer-hogs-hot-sauce-360g\/","og_locale":"en_US","og_type":"article","og_title":"BBQ kaste Killer Hogs Hot Sauce 360g - BBQ Entertainment","og_description":"BBQ kaste Killer Hogs Hot Sauce 360g See t\u00f5eliselt tuline\u00a0kaste on loodud ja kasutusel auhinnatud Killer Hogs Championship BBQ meeskonna poolt. Killer Hogs on seda kastet valmistanud \u00fcle 10 aasta, saates sadu tuhandeid pudeleid \u00fcle Ameerika \u00dchendriikide ja r\u00f5\u00f5mustades nii professionaalseid grillmeistreid kui ka koduseid BBQ-s\u00f5pru. Kaste on ideaalne lisamaks grilltoitudele t\u00e4iuslikku v\u00fcrtsi. See kaste tagab j\u00e4rjepidevalt maitsva ja tasakaalustatud tulemuse iga kord, ilma et peaksid \"kuumuse\" \u00fcle muretsema. Koostisosad: vanandatud piprasegu, \u00e4\u00e4dikas, k\u00fc\u00fcslauk, sool, tselluloosikumm. M\u00e4rkus: see toode ei aegu, kuid umbes kahe aasta m\u00f6\u00f6dudes v\u00f5ib selle t\u00f5husus veidi v\u00e4heneda. P\u00e4rast avamist hoida k\u00fclmkapis.","og_url":"https:\/\/bbqentertainment.com\/toode\/bbq-kaste-killer-hogs-hot-sauce-360g\/","og_site_name":"BBQ Entertainment","article_publisher":"https:\/\/www.facebook.com\/BBQ-Entertainment-N-Catering-2437913376443540","article_modified_time":"2025-11-05T06:29:57+00:00","og_image":[{"width":600,"height":600,"url":"https:\/\/bbqentertainment.com\/wp-content\/uploads\/2025\/01\/Killer-Hogs_Hot-Sauce-600x600-1.png","type":"image\/png"}],"twitter_card":"summary_large_image","twitter_misc":{"Est. reading time":"1 minute"},"schema":{"@context":"https:\/\/schema.org","@graph":[{"@type":["WebPage","ItemPage"],"@id":"https:\/\/bbqentertainment.com\/toode\/bbq-kaste-killer-hogs-hot-sauce-360g\/","url":"https:\/\/bbqentertainment.com\/toode\/bbq-kaste-killer-hogs-hot-sauce-360g\/","name":"BBQ kaste Killer Hogs Hot Sauce 360g - BBQ Entertainment","isPartOf":{"@id":"https:\/\/bbqentertainment.com\/#website"},"primaryImageOfPage":{"@id":"https:\/\/bbqentertainment.com\/toode\/bbq-kaste-killer-hogs-hot-sauce-360g\/#primaryimage"},"image":{"@id":"https:\/\/bbqentertainment.com\/toode\/bbq-kaste-killer-hogs-hot-sauce-360g\/#primaryimage"},"thumbnailUrl":"https:\/\/bbqentertainment.com\/wp-content\/uploads\/2025\/01\/Killer-Hogs_Hot-Sauce-600x600-1.png","datePublished":"2025-01-10T08:06:13+00:00","dateModified":"2025-11-05T06:29:57+00:00","breadcrumb":{"@id":"https:\/\/bbqentertainment.com\/toode\/bbq-kaste-killer-hogs-hot-sauce-360g\/#breadcrumb"},"inLanguage":"en-US","potentialAction":[{"@type":"ReadAction","target":["https:\/\/bbqentertainment.com\/toode\/bbq-kaste-killer-hogs-hot-sauce-360g\/"]}]},{"@type":"ImageObject","inLanguage":"en-US","@id":"https:\/\/bbqentertainment.com\/toode\/bbq-kaste-killer-hogs-hot-sauce-360g\/#primaryimage","url":"https:\/\/bbqentertainment.com\/wp-content\/uploads\/2025\/01\/Killer-Hogs_Hot-Sauce-600x600-1.png","contentUrl":"https:\/\/bbqentertainment.com\/wp-content\/uploads\/2025\/01\/Killer-Hogs_Hot-Sauce-600x600-1.png","width":600,"height":600},{"@type":"BreadcrumbList","@id":"https:\/\/bbqentertainment.com\/toode\/bbq-kaste-killer-hogs-hot-sauce-360g\/#breadcrumb","itemListElement":[{"@type":"ListItem","position":1,"name":"AVALEHT","item":"https:\/\/bbqentertainment.com\/en\/"},{"@type":"ListItem","position":2,"name":"Tooted","item":"https:\/\/bbqentertainment.com\/tooted\/"},{"@type":"ListItem","position":3,"name":"Maitseandjad","item":"https:\/\/bbqentertainment.com\/en\/tootekategooria\/maitseandjad\/"},{"@type":"ListItem","position":4,"name":"AMEERIKA BBQ RUBID \/ KASTMED","item":"https:\/\/bbqentertainment.com\/tootekategooria\/maitseandjad\/ameerika-bbq-rubid-kastmed\/"},{"@type":"ListItem","position":5,"name":"BBQ kaste Killer Hogs Hot Sauce 360g"}]},{"@type":"WebSite","@id":"https:\/\/bbqentertainment.com\/#website","url":"https:\/\/bbqentertainment.com\/","name":"BBQ Entertainment","description":"BBQ is a great lifestyle, not just fun!","publisher":{"@id":"https:\/\/bbqentertainment.com\/#organization"},"potentialAction":[{"@type":"SearchAction","target":{"@type":"EntryPoint","urlTemplate":"https:\/\/bbqentertainment.com\/?s={search_term_string}"},"query-input":{"@type":"PropertyValueSpecification","valueRequired":true,"valueName":"search_term_string"}}],"inLanguage":"en-US"},{"@type":"Organization","@id":"https:\/\/bbqentertainment.com\/#organization","name":"BBQ Entertainment O\u00dc","url":"https:\/\/bbqentertainment.com\/","logo":{"@type":"ImageObject","inLanguage":"en-US","@id":"https:\/\/bbqentertainment.com\/#\/schema\/logo\/image\/","url":"https:\/\/bbqentertainment.com\/wp-content\/uploads\/2020\/04\/BBQ-Entertainment-N-Catering-Enn-Tobreluts-Logo.png","contentUrl":"https:\/\/bbqentertainment.com\/wp-content\/uploads\/2020\/04\/BBQ-Entertainment-N-Catering-Enn-Tobreluts-Logo.png","width":628,"height":266,"caption":"BBQ Entertainment O\u00dc"},"image":{"@id":"https:\/\/bbqentertainment.com\/#\/schema\/logo\/image\/"},"sameAs":["https:\/\/www.facebook.com\/BBQ-Entertainment-N-Catering-2437913376443540","https:\/\/www.instagram.com\/bbqentertainmentncatering\/","https:\/\/www.youtube.com\/channel\/UCmpuANQVhLy2Md8nrenp2jA"]}]}},"_links":{"self":[{"href":"https:\/\/bbqentertainment.com\/en\/wp-json\/wp\/v2\/product\/250406","targetHints":{"allow":["GET"]}}],"collection":[{"href":"https:\/\/bbqentertainment.com\/en\/wp-json\/wp\/v2\/product"}],"about":[{"href":"https:\/\/bbqentertainment.com\/en\/wp-json\/wp\/v2\/types\/product"}],"wp:featuredmedia":[{"embeddable":true,"href":"https:\/\/bbqentertainment.com\/en\/wp-json\/wp\/v2\/media\/250407"}],"wp:attachment":[{"href":"https:\/\/bbqentertainment.com\/en\/wp-json\/wp\/v2\/media?parent=250406"}],"wp:term":[{"taxonomy":"product_brand","embeddable":true,"href":"https:\/\/bbqentertainment.com\/en\/wp-json\/wp\/v2\/product_brand?post=250406"},{"taxonomy":"product_cat","embeddable":true,"href":"https:\/\/bbqentertainment.com\/en\/wp-json\/wp\/v2\/product_cat?post=250406"},{"taxonomy":"product_tag","embeddable":true,"href":"https:\/\/bbqentertainment.com\/en\/wp-json\/wp\/v2\/product_tag?post=250406"}],"curies":[{"name":"wp","href":"https:\/\/api.w.org\/{rel}","templated":true}]}}