{"id":250637,"date":"2025-03-07T22:53:39","date_gmt":"2025-03-07T20:53:39","guid":{"rendered":"https:\/\/bbqentertainment.com\/?post_type=product&#038;p=250637"},"modified":"2025-12-15T21:21:15","modified_gmt":"2025-12-15T19:21:15","slug":"hunsaker-vortex-pro-suitsuahi","status":"publish","type":"product","link":"https:\/\/bbqentertainment.com\/en\/toode\/hunsaker-vortex-pro-suitsuahi\/","title":{"rendered":"Hunsaker Vortex Pro Smoker (komplekt)"},"content":{"rendered":"<div class=\"flex max-w-full flex-col flex-grow\">\n<div class=\"min-h-8 text-message relative flex w-full flex-col items-end gap-2 whitespace-normal break-words text-start [.text-message+&amp;]:mt-5\" dir=\"auto\" data-message-author-role=\"assistant\" data-message-id=\"09080ba8-642a-4413-9e55-8d88f356045d\" data-message-model-slug=\"gpt-4o\">\n<div class=\"flex w-full flex-col gap-1 empty:hidden first:pt-[3px]\">\n<div class=\"markdown prose w-full break-words dark:prose-invert light\">\n<h3 data-start=\"0\" data-end=\"63\"><strong data-start=\"0\" data-end=\"61\">Hunsaker Smokers \u2013 innovatsioon ja kvaliteet BBQ maailmas<\/strong><\/h3>\n<p data-start=\"65\" data-end=\"513\" data-is-last-node=\"\" data-is-only-node=\"\">Hunsaker Smokers on Ameerika tootja, kes on spetsialiseerunud kvaliteetsetele suitsuahjudele ja BBQ-tarvikutele. Nende innovaatiline Vortex-tehnoloogia tagab parema \u00f5huvoolu, \u00fchtlasema temperatuuri ja t\u00e4iusliku suitsumaitse. Hunsakeri tooted on loodud nii professionaalidele kui ka t\u00f5sistele BBQ-harrastajatele, pakkudes vastupidavat konstruktsiooni ja suurep\u00e4rast kasutusmugavust.<\/p>\n<\/div>\n<\/div>\n<\/div>\n<\/div>\n","protected":false},"excerpt":{"rendered":"<h3><span style=\"color: #000000;\"><strong>Hunsaker Vortex Pro Smoker (komplekt) (v\u00e4rv: must)<\/strong><\/span><\/h3>\n<p data-start=\"37\" data-end=\"297\"><span style=\"color: #000000;\">Hunsaker Vortex Pro suitsuahi on professionaalne silindriline suitsuahi, mis tagab \u00fchtlase temperatuuri ja maksimaalse suitsuaroomi. Innovaatiline Vortex-tehnoloogia parandab \u00f5huvoolu ja soojuse jaotumist, v\u00f5imaldades liha k\u00fcpsetada kiiremini ja \u00fchtlasemalt. Selle smoker&#8217;iga k\u00fcpsetab v\u00f5istlustel Eestis \u00fcks edukaimaid BBQ v\u00f5istkondasid &#8220;BBQ Symphony&#8221;<\/span><\/p>\n<h4 data-start=\"37\" data-end=\"297\"><span style=\"text-decoration: underline;\"><span style=\"color: #000000; text-decoration: underline;\"><strong>NB!<\/strong><\/span><\/span><span style=\"color: #000000;\"><strong> Komplekti kuulub lisaks Hunsaker Vortex Pro Smoker&#8217;ile<\/strong><\/span><span style=\"color: #000000;\"><strong>:<\/strong><\/span><\/h4>\n<ol>\n<li data-start=\"37\" data-end=\"297\"><span style=\"color: #000000;\"><strong>grillrest (<em>Heavy Duty Grate 3 pin system<\/em>),<\/strong><\/span><\/li>\n<li data-start=\"37\" data-end=\"297\"><span style=\"color: #000000;\"><strong>riputusrest kuue konksuga (<em>Versa hanging rack including 6 hooks<\/em>),<\/strong><\/span><\/li>\n<li data-start=\"37\" data-end=\"297\"><span style=\"color: #000000;\"><strong>ilmastikukindel grillikate.<\/strong><\/span><\/li>\n<\/ol>\n<p data-start=\"309\" data-end=\"333\"><span style=\"color: #000000;\"><span style=\"text-decoration: underline;\">Peamised omadused<\/span>:<\/span><\/p>\n<ul data-start=\"334\" data-end=\"1194\">\n<li data-start=\"334\" data-end=\"413\"><span style=\"color: #000000;\"><strong data-start=\"336\" data-end=\"354\">Vortex-s\u00f6ekorv<\/strong> tagab \u00fchtlase \u00f5huvoolu ja hoiab temperatuuri stabiilsena<\/span><\/li>\n<li data-start=\"510\" data-end=\"590\"><span style=\"color: #000000;\"><strong data-start=\"512\" data-end=\"537\">Lukustatav p\u00f6\u00f6rdratas<\/strong> v\u00f5imaldab suitsuahju kergelt igas suunas liigutada<\/span><\/li>\n<li data-start=\"591\" data-end=\"684\"><span style=\"color: #000000;\"><strong data-start=\"593\" data-end=\"623\">\u00dcle-suuruses 8&#8243; tagarattad<\/strong> muudavad ahju transportimise lihtsaks ka ebatasasel pinnal<\/span><\/li>\n<li data-start=\"685\" data-end=\"795\"><span style=\"color: #000000;\"><strong data-start=\"687\" data-end=\"724\">Reguleeritav grillrestide s\u00fcsteem<\/strong> v\u00f5imaldab seada soovitud k\u00fcpsetusk\u00f5rguse (mahutab kuni 5 grillresti)<\/span><\/li>\n<li data-start=\"796\" data-end=\"879\"><span style=\"color: #000000;\"><strong data-start=\"798\" data-end=\"826\">Raskekaaluline grillrest<\/strong> tagab vastupidavuse ka suuremate lihat\u00fckkide puhul<\/span><\/li>\n<li data-start=\"880\" data-end=\"973\"><span style=\"color: #000000;\"><strong data-start=\"882\" data-end=\"912\">Hingedel kaanes\u00fcsteem<\/strong> hoiab kaane avatuna ilma lisatoeta ja sulgeb selle t\u00e4pselt<\/span><\/li>\n<li data-start=\"974\" data-end=\"1111\"><span style=\"color: #000000;\"><strong data-start=\"976\" data-end=\"1015\">Korstnasse paigaldatud termomeeter<\/strong> v\u00f5imaldab t\u00e4pselt temperatuuri j\u00e4lgida ja on paigutatud nii, et minimeerida kahjustuste riski<\/span><\/li>\n<li><span style=\"color: #000000;\"><strong>Reguleeritavad \u00f5huklapid<\/strong> t\u00e4pseks temperatuuri kontrolliks<\/span><\/li>\n<li data-start=\"1112\" data-end=\"1194\"><span style=\"color: #000000;\"><strong data-start=\"1114\" data-end=\"1140\">T\u00e4ielikult kokkupandud<\/strong> \u2013 kasutamiseks valmis kohe p\u00e4rast kohaletoimetamist<\/span><\/li>\n<li data-start=\"1112\" data-end=\"1194\"><span style=\"color: #000000;\"><strong>Kergesti puhastatav<\/strong> ja hooldatav<\/span><\/li>\n<\/ul>\n<p data-start=\"636\" data-end=\"766\" data-is-last-node=\"\" data-is-only-node=\"\"><span style=\"color: #000000;\">Sobib suurep\u00e4raselt ribi, brisketi, kana ja muude BBQ-lihade valmistamiseks, pakkudes autentset suitsumaitset ja -aroomi.<\/span><\/p>\n<p data-start=\"636\" data-end=\"766\" data-is-last-node=\"\" data-is-only-node=\"\"><span style=\"color: #000000;\">Kui huvi saame Teile tellida ka soovip\u00e4rased <a style=\"color: #000000;\" href=\"https:\/\/www.hunsakersmokers.com\/collections\/accessories-for-hunsaker-smokers\" target=\"_blank\" rel=\"noopener\">lisatarvikud<\/a>. Lisainfo: enn@bbq.ee<\/span><\/p>\n","protected":false},"featured_media":250638,"template":"","meta":{"inline_featured_image":false},"product_brand":[],"product_cat":[17,650,473,238],"product_tag":[],"class_list":{"0":"post-250637","1":"product","2":"type-product","3":"status-publish","4":"has-post-thumbnail","6":"product_cat-grillid-ja-ahjud","7":"product_cat-suitsuahjud","8":"product_cat-pro-q","9":"product_cat-muud-grillid-ja-ahjud","10":"product_shipping_class-ainult-ise-jarele-tulemisega","12":"first","13":"instock","14":"taxable","15":"shipping-taxable","16":"purchasable","17":"product-type-simple"},"yoast_head":"<!-- This site is optimized with the Yoast SEO plugin v27.4 - https:\/\/yoast.com\/product\/yoast-seo-wordpress\/ -->\n<title>Hunsaker Vortex Pro Smoker (komplekt) - BBQ Entertainment<\/title>\n<meta name=\"robots\" content=\"index, follow, max-snippet:-1, max-image-preview:large, max-video-preview:-1\" \/>\n<link rel=\"canonical\" href=\"https:\/\/bbqentertainment.com\/toode\/hunsaker-vortex-pro-suitsuahi\/\" \/>\n<meta property=\"og:locale\" content=\"en_US\" \/>\n<meta property=\"og:type\" content=\"article\" \/>\n<meta property=\"og:title\" content=\"Hunsaker Vortex Pro Smoker (komplekt) - BBQ Entertainment\" \/>\n<meta property=\"og:description\" content=\"Hunsaker Vortex Pro Smoker (komplekt) (v\u00e4rv: must) Hunsaker Vortex Pro suitsuahi on professionaalne silindriline suitsuahi, mis tagab \u00fchtlase temperatuuri ja maksimaalse suitsuaroomi. Innovaatiline Vortex-tehnoloogia parandab \u00f5huvoolu ja soojuse jaotumist, v\u00f5imaldades liha k\u00fcpsetada kiiremini ja \u00fchtlasemalt. Selle smoker&#039;iga k\u00fcpsetab v\u00f5istlustel Eestis \u00fcks edukaimaid BBQ v\u00f5istkondasid &quot;BBQ Symphony&quot;  NB! Komplekti kuulub lisaks Hunsaker Vortex Pro Smoker&#039;ile:   grillrest (Heavy Duty Grate 3 pin system),  riputusrest kuue konksuga (Versa hanging rack including 6 hooks),  ilmastikukindel grillikate.  Peamised omadused:    Vortex-s\u00f6ekorv tagab \u00fchtlase \u00f5huvoolu ja hoiab temperatuuri stabiilsena  Lukustatav p\u00f6\u00f6rdratas v\u00f5imaldab suitsuahju kergelt igas suunas liigutada  \u00dcle-suuruses 8&quot; tagarattad muudavad ahju transportimise lihtsaks ka ebatasasel pinnal  Reguleeritav grillrestide s\u00fcsteem v\u00f5imaldab seada soovitud k\u00fcpsetusk\u00f5rguse (mahutab kuni 5 grillresti)  Raskekaaluline grillrest tagab vastupidavuse ka suuremate lihat\u00fckkide puhul  Hingedel kaanes\u00fcsteem hoiab kaane avatuna ilma lisatoeta ja sulgeb selle t\u00e4pselt  Korstnasse paigaldatud termomeeter v\u00f5imaldab t\u00e4pselt temperatuuri j\u00e4lgida ja on paigutatud nii, et minimeerida kahjustuste riski  Reguleeritavad \u00f5huklapid t\u00e4pseks temperatuuri kontrolliks  T\u00e4ielikult kokkupandud \u2013 kasutamiseks valmis kohe p\u00e4rast kohaletoimetamist  Kergesti puhastatav ja hooldatav  Sobib suurep\u00e4raselt ribi, brisketi, kana ja muude BBQ-lihade valmistamiseks, pakkudes autentset suitsumaitset ja -aroomi. Kui huvi saame Teile tellida ka soovip\u00e4rased lisatarvikud. Lisainfo: enn@bbq.ee\" \/>\n<meta property=\"og:url\" content=\"https:\/\/bbqentertainment.com\/toode\/hunsaker-vortex-pro-suitsuahi\/\" \/>\n<meta property=\"og:site_name\" content=\"BBQ Entertainment\" \/>\n<meta property=\"article:publisher\" content=\"https:\/\/www.facebook.com\/BBQ-Entertainment-N-Catering-2437913376443540\" \/>\n<meta property=\"article:modified_time\" content=\"2025-12-15T19:21:15+00:00\" \/>\n<meta property=\"og:image\" content=\"https:\/\/bbqentertainment.com\/wp-content\/uploads\/2025\/03\/blue-smoke_pro-model-02-600x600-1.jpg\" \/>\n\t<meta property=\"og:image:width\" content=\"600\" \/>\n\t<meta property=\"og:image:height\" content=\"600\" \/>\n\t<meta property=\"og:image:type\" content=\"image\/jpeg\" \/>\n<meta name=\"twitter:card\" content=\"summary_large_image\" \/>\n<meta name=\"twitter:label1\" content=\"Est. reading time\" \/>\n\t<meta name=\"twitter:data1\" content=\"1 minute\" \/>\n<script type=\"application\/ld+json\" class=\"yoast-schema-graph\">{\"@context\":\"https:\\\/\\\/schema.org\",\"@graph\":[{\"@type\":[\"WebPage\",\"ItemPage\"],\"@id\":\"https:\\\/\\\/bbqentertainment.com\\\/toode\\\/hunsaker-vortex-pro-suitsuahi\\\/\",\"url\":\"https:\\\/\\\/bbqentertainment.com\\\/toode\\\/hunsaker-vortex-pro-suitsuahi\\\/\",\"name\":\"Hunsaker Vortex Pro Smoker (komplekt) - BBQ Entertainment\",\"isPartOf\":{\"@id\":\"https:\\\/\\\/bbqentertainment.com\\\/#website\"},\"primaryImageOfPage\":{\"@id\":\"https:\\\/\\\/bbqentertainment.com\\\/toode\\\/hunsaker-vortex-pro-suitsuahi\\\/#primaryimage\"},\"image\":{\"@id\":\"https:\\\/\\\/bbqentertainment.com\\\/toode\\\/hunsaker-vortex-pro-suitsuahi\\\/#primaryimage\"},\"thumbnailUrl\":\"https:\\\/\\\/bbqentertainment.com\\\/wp-content\\\/uploads\\\/2025\\\/03\\\/blue-smoke_pro-model-02-600x600-1.jpg\",\"datePublished\":\"2025-03-07T20:53:39+00:00\",\"dateModified\":\"2025-12-15T19:21:15+00:00\",\"breadcrumb\":{\"@id\":\"https:\\\/\\\/bbqentertainment.com\\\/toode\\\/hunsaker-vortex-pro-suitsuahi\\\/#breadcrumb\"},\"inLanguage\":\"en-US\",\"potentialAction\":[{\"@type\":\"ReadAction\",\"target\":[\"https:\\\/\\\/bbqentertainment.com\\\/toode\\\/hunsaker-vortex-pro-suitsuahi\\\/\"]}]},{\"@type\":\"ImageObject\",\"inLanguage\":\"en-US\",\"@id\":\"https:\\\/\\\/bbqentertainment.com\\\/toode\\\/hunsaker-vortex-pro-suitsuahi\\\/#primaryimage\",\"url\":\"https:\\\/\\\/bbqentertainment.com\\\/wp-content\\\/uploads\\\/2025\\\/03\\\/blue-smoke_pro-model-02-600x600-1.jpg\",\"contentUrl\":\"https:\\\/\\\/bbqentertainment.com\\\/wp-content\\\/uploads\\\/2025\\\/03\\\/blue-smoke_pro-model-02-600x600-1.jpg\",\"width\":600,\"height\":600},{\"@type\":\"BreadcrumbList\",\"@id\":\"https:\\\/\\\/bbqentertainment.com\\\/toode\\\/hunsaker-vortex-pro-suitsuahi\\\/#breadcrumb\",\"itemListElement\":[{\"@type\":\"ListItem\",\"position\":1,\"name\":\"AVALEHT\",\"item\":\"https:\\\/\\\/bbqentertainment.com\\\/en\\\/\"},{\"@type\":\"ListItem\",\"position\":2,\"name\":\"Tooted\",\"item\":\"https:\\\/\\\/bbqentertainment.com\\\/tooted\\\/\"},{\"@type\":\"ListItem\",\"position\":3,\"name\":\"Grillid ja ahjud\",\"item\":\"https:\\\/\\\/bbqentertainment.com\\\/tootekategooria\\\/grillid-ja-ahjud\\\/\"},{\"@type\":\"ListItem\",\"position\":4,\"name\":\"Hunsaker Vortex Pro Smoker (komplekt)\"}]},{\"@type\":\"WebSite\",\"@id\":\"https:\\\/\\\/bbqentertainment.com\\\/#website\",\"url\":\"https:\\\/\\\/bbqentertainment.com\\\/\",\"name\":\"BBQ Entertainment\",\"description\":\"BBQ is a great lifestyle, not just fun!\",\"publisher\":{\"@id\":\"https:\\\/\\\/bbqentertainment.com\\\/#organization\"},\"potentialAction\":[{\"@type\":\"SearchAction\",\"target\":{\"@type\":\"EntryPoint\",\"urlTemplate\":\"https:\\\/\\\/bbqentertainment.com\\\/?s={search_term_string}\"},\"query-input\":{\"@type\":\"PropertyValueSpecification\",\"valueRequired\":true,\"valueName\":\"search_term_string\"}}],\"inLanguage\":\"en-US\"},{\"@type\":\"Organization\",\"@id\":\"https:\\\/\\\/bbqentertainment.com\\\/#organization\",\"name\":\"BBQ Entertainment O\u00dc\",\"url\":\"https:\\\/\\\/bbqentertainment.com\\\/\",\"logo\":{\"@type\":\"ImageObject\",\"inLanguage\":\"en-US\",\"@id\":\"https:\\\/\\\/bbqentertainment.com\\\/#\\\/schema\\\/logo\\\/image\\\/\",\"url\":\"https:\\\/\\\/bbqentertainment.com\\\/wp-content\\\/uploads\\\/2020\\\/04\\\/BBQ-Entertainment-N-Catering-Enn-Tobreluts-Logo.png\",\"contentUrl\":\"https:\\\/\\\/bbqentertainment.com\\\/wp-content\\\/uploads\\\/2020\\\/04\\\/BBQ-Entertainment-N-Catering-Enn-Tobreluts-Logo.png\",\"width\":628,\"height\":266,\"caption\":\"BBQ Entertainment O\u00dc\"},\"image\":{\"@id\":\"https:\\\/\\\/bbqentertainment.com\\\/#\\\/schema\\\/logo\\\/image\\\/\"},\"sameAs\":[\"https:\\\/\\\/www.facebook.com\\\/BBQ-Entertainment-N-Catering-2437913376443540\",\"https:\\\/\\\/www.instagram.com\\\/bbqentertainmentncatering\\\/\",\"https:\\\/\\\/www.youtube.com\\\/channel\\\/UCmpuANQVhLy2Md8nrenp2jA\"]}]}<\/script>\n<!-- \/ Yoast SEO plugin. -->","yoast_head_json":{"title":"Hunsaker Vortex Pro Smoker (komplekt) - BBQ Entertainment","robots":{"index":"index","follow":"follow","max-snippet":"max-snippet:-1","max-image-preview":"max-image-preview:large","max-video-preview":"max-video-preview:-1"},"canonical":"https:\/\/bbqentertainment.com\/toode\/hunsaker-vortex-pro-suitsuahi\/","og_locale":"en_US","og_type":"article","og_title":"Hunsaker Vortex Pro Smoker (komplekt) - BBQ Entertainment","og_description":"Hunsaker Vortex Pro Smoker (komplekt) (v\u00e4rv: must) Hunsaker Vortex Pro suitsuahi on professionaalne silindriline suitsuahi, mis tagab \u00fchtlase temperatuuri ja maksimaalse suitsuaroomi. Innovaatiline Vortex-tehnoloogia parandab \u00f5huvoolu ja soojuse jaotumist, v\u00f5imaldades liha k\u00fcpsetada kiiremini ja \u00fchtlasemalt. Selle smoker'iga k\u00fcpsetab v\u00f5istlustel Eestis \u00fcks edukaimaid BBQ v\u00f5istkondasid \"BBQ Symphony\"  NB! Komplekti kuulub lisaks Hunsaker Vortex Pro Smoker'ile:   grillrest (Heavy Duty Grate 3 pin system),  riputusrest kuue konksuga (Versa hanging rack including 6 hooks),  ilmastikukindel grillikate.  Peamised omadused:    Vortex-s\u00f6ekorv tagab \u00fchtlase \u00f5huvoolu ja hoiab temperatuuri stabiilsena  Lukustatav p\u00f6\u00f6rdratas v\u00f5imaldab suitsuahju kergelt igas suunas liigutada  \u00dcle-suuruses 8\" tagarattad muudavad ahju transportimise lihtsaks ka ebatasasel pinnal  Reguleeritav grillrestide s\u00fcsteem v\u00f5imaldab seada soovitud k\u00fcpsetusk\u00f5rguse (mahutab kuni 5 grillresti)  Raskekaaluline grillrest tagab vastupidavuse ka suuremate lihat\u00fckkide puhul  Hingedel kaanes\u00fcsteem hoiab kaane avatuna ilma lisatoeta ja sulgeb selle t\u00e4pselt  Korstnasse paigaldatud termomeeter v\u00f5imaldab t\u00e4pselt temperatuuri j\u00e4lgida ja on paigutatud nii, et minimeerida kahjustuste riski  Reguleeritavad \u00f5huklapid t\u00e4pseks temperatuuri kontrolliks  T\u00e4ielikult kokkupandud \u2013 kasutamiseks valmis kohe p\u00e4rast kohaletoimetamist  Kergesti puhastatav ja hooldatav  Sobib suurep\u00e4raselt ribi, brisketi, kana ja muude BBQ-lihade valmistamiseks, pakkudes autentset suitsumaitset ja -aroomi. Kui huvi saame Teile tellida ka soovip\u00e4rased lisatarvikud. Lisainfo: enn@bbq.ee","og_url":"https:\/\/bbqentertainment.com\/toode\/hunsaker-vortex-pro-suitsuahi\/","og_site_name":"BBQ Entertainment","article_publisher":"https:\/\/www.facebook.com\/BBQ-Entertainment-N-Catering-2437913376443540","article_modified_time":"2025-12-15T19:21:15+00:00","og_image":[{"width":600,"height":600,"url":"https:\/\/bbqentertainment.com\/wp-content\/uploads\/2025\/03\/blue-smoke_pro-model-02-600x600-1.jpg","type":"image\/jpeg"}],"twitter_card":"summary_large_image","twitter_misc":{"Est. reading time":"1 minute"},"schema":{"@context":"https:\/\/schema.org","@graph":[{"@type":["WebPage","ItemPage"],"@id":"https:\/\/bbqentertainment.com\/toode\/hunsaker-vortex-pro-suitsuahi\/","url":"https:\/\/bbqentertainment.com\/toode\/hunsaker-vortex-pro-suitsuahi\/","name":"Hunsaker Vortex Pro Smoker (komplekt) - BBQ Entertainment","isPartOf":{"@id":"https:\/\/bbqentertainment.com\/#website"},"primaryImageOfPage":{"@id":"https:\/\/bbqentertainment.com\/toode\/hunsaker-vortex-pro-suitsuahi\/#primaryimage"},"image":{"@id":"https:\/\/bbqentertainment.com\/toode\/hunsaker-vortex-pro-suitsuahi\/#primaryimage"},"thumbnailUrl":"https:\/\/bbqentertainment.com\/wp-content\/uploads\/2025\/03\/blue-smoke_pro-model-02-600x600-1.jpg","datePublished":"2025-03-07T20:53:39+00:00","dateModified":"2025-12-15T19:21:15+00:00","breadcrumb":{"@id":"https:\/\/bbqentertainment.com\/toode\/hunsaker-vortex-pro-suitsuahi\/#breadcrumb"},"inLanguage":"en-US","potentialAction":[{"@type":"ReadAction","target":["https:\/\/bbqentertainment.com\/toode\/hunsaker-vortex-pro-suitsuahi\/"]}]},{"@type":"ImageObject","inLanguage":"en-US","@id":"https:\/\/bbqentertainment.com\/toode\/hunsaker-vortex-pro-suitsuahi\/#primaryimage","url":"https:\/\/bbqentertainment.com\/wp-content\/uploads\/2025\/03\/blue-smoke_pro-model-02-600x600-1.jpg","contentUrl":"https:\/\/bbqentertainment.com\/wp-content\/uploads\/2025\/03\/blue-smoke_pro-model-02-600x600-1.jpg","width":600,"height":600},{"@type":"BreadcrumbList","@id":"https:\/\/bbqentertainment.com\/toode\/hunsaker-vortex-pro-suitsuahi\/#breadcrumb","itemListElement":[{"@type":"ListItem","position":1,"name":"AVALEHT","item":"https:\/\/bbqentertainment.com\/en\/"},{"@type":"ListItem","position":2,"name":"Tooted","item":"https:\/\/bbqentertainment.com\/tooted\/"},{"@type":"ListItem","position":3,"name":"Grillid ja ahjud","item":"https:\/\/bbqentertainment.com\/tootekategooria\/grillid-ja-ahjud\/"},{"@type":"ListItem","position":4,"name":"Hunsaker Vortex Pro Smoker (komplekt)"}]},{"@type":"WebSite","@id":"https:\/\/bbqentertainment.com\/#website","url":"https:\/\/bbqentertainment.com\/","name":"BBQ Entertainment","description":"BBQ is a great lifestyle, not just fun!","publisher":{"@id":"https:\/\/bbqentertainment.com\/#organization"},"potentialAction":[{"@type":"SearchAction","target":{"@type":"EntryPoint","urlTemplate":"https:\/\/bbqentertainment.com\/?s={search_term_string}"},"query-input":{"@type":"PropertyValueSpecification","valueRequired":true,"valueName":"search_term_string"}}],"inLanguage":"en-US"},{"@type":"Organization","@id":"https:\/\/bbqentertainment.com\/#organization","name":"BBQ Entertainment O\u00dc","url":"https:\/\/bbqentertainment.com\/","logo":{"@type":"ImageObject","inLanguage":"en-US","@id":"https:\/\/bbqentertainment.com\/#\/schema\/logo\/image\/","url":"https:\/\/bbqentertainment.com\/wp-content\/uploads\/2020\/04\/BBQ-Entertainment-N-Catering-Enn-Tobreluts-Logo.png","contentUrl":"https:\/\/bbqentertainment.com\/wp-content\/uploads\/2020\/04\/BBQ-Entertainment-N-Catering-Enn-Tobreluts-Logo.png","width":628,"height":266,"caption":"BBQ Entertainment O\u00dc"},"image":{"@id":"https:\/\/bbqentertainment.com\/#\/schema\/logo\/image\/"},"sameAs":["https:\/\/www.facebook.com\/BBQ-Entertainment-N-Catering-2437913376443540","https:\/\/www.instagram.com\/bbqentertainmentncatering\/","https:\/\/www.youtube.com\/channel\/UCmpuANQVhLy2Md8nrenp2jA"]}]}},"_links":{"self":[{"href":"https:\/\/bbqentertainment.com\/en\/wp-json\/wp\/v2\/product\/250637","targetHints":{"allow":["GET"]}}],"collection":[{"href":"https:\/\/bbqentertainment.com\/en\/wp-json\/wp\/v2\/product"}],"about":[{"href":"https:\/\/bbqentertainment.com\/en\/wp-json\/wp\/v2\/types\/product"}],"wp:featuredmedia":[{"embeddable":true,"href":"https:\/\/bbqentertainment.com\/en\/wp-json\/wp\/v2\/media\/250638"}],"wp:attachment":[{"href":"https:\/\/bbqentertainment.com\/en\/wp-json\/wp\/v2\/media?parent=250637"}],"wp:term":[{"taxonomy":"product_brand","embeddable":true,"href":"https:\/\/bbqentertainment.com\/en\/wp-json\/wp\/v2\/product_brand?post=250637"},{"taxonomy":"product_cat","embeddable":true,"href":"https:\/\/bbqentertainment.com\/en\/wp-json\/wp\/v2\/product_cat?post=250637"},{"taxonomy":"product_tag","embeddable":true,"href":"https:\/\/bbqentertainment.com\/en\/wp-json\/wp\/v2\/product_tag?post=250637"}],"curies":[{"name":"wp","href":"https:\/\/api.w.org\/{rel}","templated":true}]}}