{"id":250655,"date":"2025-03-02T17:58:24","date_gmt":"2025-03-02T15:58:24","guid":{"rendered":"https:\/\/bbqentertainment.com\/?post_type=product&#038;p=250655"},"modified":"2025-12-30T15:08:14","modified_gmt":"2025-12-30T13:08:14","slug":"blues-hog-raspberry-chipotle-bbq-kaste-557g-klaaspurgis","status":"publish","type":"product","link":"https:\/\/bbqentertainment.com\/en\/toode\/blues-hog-raspberry-chipotle-bbq-kaste-557g-klaaspurgis\/","title":{"rendered":"Blues Hog Raspberry Chipotle BBQ kaste 557g klaaspurgis"},"content":{"rendered":"","protected":false},"excerpt":{"rendered":"<h3><strong>Blues Hog Raspberry Chipotle BBQ kaste 557g klaaspurgis<\/strong><\/h3>\n<p>Tunneta metsikute vaarikate maitset koos kergelt suitsuse chipotle v\u00fcrtsikusega! Magusa alatooniga kaste sobib suurep\u00e4raselt nii lihale kui ka dipina. Sidudes vaarikate v\u00e4rskuse v\u00fcrtsikate Mehhiko pipardega, v\u00f5id olla kindel, et iga suut\u00e4is pakub ainulaadset maitseelamust. V\u00fcrtsikaid suitsuseid noote tasakaalustab vaarikate marjasus, muutes selle suurep\u00e4raseks kaaslaseks igale grillipeole. Raspberry Chipotle on kergelt v\u00fcrtsikas, seega v\u00f5id kasutada seda heldelt ilma \u00fcleliigse teravuseta.<\/p>\n","protected":false},"featured_media":250656,"template":"","meta":{"inline_featured_image":false},"product_brand":[],"product_cat":[28,581,491],"product_tag":[],"class_list":{"0":"post-250655","1":"product","2":"type-product","3":"status-publish","4":"has-post-thumbnail","6":"product_cat-maitseandjad","7":"product_cat-bbq-kastmed","8":"product_cat-ameerika-bbq-rubid-kastmed","10":"first","11":"instock","12":"taxable","13":"shipping-taxable","14":"purchasable","15":"product-type-simple"},"yoast_head":"<!-- This site is optimized with the Yoast SEO plugin v27.4 - https:\/\/yoast.com\/product\/yoast-seo-wordpress\/ -->\n<title>Blues Hog Raspberry Chipotle BBQ kaste 557g klaaspurgis - BBQ Entertainment<\/title>\n<meta name=\"robots\" content=\"index, follow, max-snippet:-1, max-image-preview:large, max-video-preview:-1\" \/>\n<link rel=\"canonical\" href=\"https:\/\/bbqentertainment.com\/toode\/blues-hog-raspberry-chipotle-bbq-kaste-557g-klaaspurgis\/\" \/>\n<meta property=\"og:locale\" content=\"en_US\" \/>\n<meta property=\"og:type\" content=\"article\" \/>\n<meta property=\"og:title\" content=\"Blues Hog Raspberry Chipotle BBQ kaste 557g klaaspurgis - BBQ Entertainment\" \/>\n<meta property=\"og:description\" content=\"Blues Hog Raspberry Chipotle BBQ kaste 557g klaaspurgis Tunneta metsikute vaarikate maitset koos kergelt suitsuse chipotle v\u00fcrtsikusega! Magusa alatooniga kaste sobib suurep\u00e4raselt nii lihale kui ka dipina. Sidudes vaarikate v\u00e4rskuse v\u00fcrtsikate Mehhiko pipardega, v\u00f5id olla kindel, et iga suut\u00e4is pakub ainulaadset maitseelamust. V\u00fcrtsikaid suitsuseid noote tasakaalustab vaarikate marjasus, muutes selle suurep\u00e4raseks kaaslaseks igale grillipeole. Raspberry Chipotle on kergelt v\u00fcrtsikas, seega v\u00f5id kasutada seda heldelt ilma \u00fcleliigse teravuseta.\" \/>\n<meta property=\"og:url\" content=\"https:\/\/bbqentertainment.com\/toode\/blues-hog-raspberry-chipotle-bbq-kaste-557g-klaaspurgis\/\" \/>\n<meta property=\"og:site_name\" content=\"BBQ Entertainment\" \/>\n<meta property=\"article:publisher\" content=\"https:\/\/www.facebook.com\/BBQ-Entertainment-N-Catering-2437913376443540\" \/>\n<meta property=\"article:modified_time\" content=\"2025-12-30T13:08:14+00:00\" \/>\n<meta property=\"og:image\" content=\"https:\/\/bbqentertainment.com\/wp-content\/uploads\/2025\/03\/Blues-Hog-Raspberry-Chipotle-BBQ-kaste-562g-klaaspurgis-BBQ-Entertainment-OU.png\" \/>\n\t<meta property=\"og:image:width\" content=\"800\" \/>\n\t<meta property=\"og:image:height\" content=\"800\" \/>\n\t<meta property=\"og:image:type\" content=\"image\/png\" \/>\n<meta name=\"twitter:card\" content=\"summary_large_image\" \/>\n<meta name=\"twitter:label1\" content=\"Est. reading time\" \/>\n\t<meta name=\"twitter:data1\" content=\"1 minute\" \/>\n<script type=\"application\/ld+json\" class=\"yoast-schema-graph\">{\"@context\":\"https:\\\/\\\/schema.org\",\"@graph\":[{\"@type\":[\"WebPage\",\"ItemPage\"],\"@id\":\"https:\\\/\\\/bbqentertainment.com\\\/toode\\\/blues-hog-raspberry-chipotle-bbq-kaste-557g-klaaspurgis\\\/\",\"url\":\"https:\\\/\\\/bbqentertainment.com\\\/toode\\\/blues-hog-raspberry-chipotle-bbq-kaste-557g-klaaspurgis\\\/\",\"name\":\"Blues Hog Raspberry Chipotle BBQ kaste 557g klaaspurgis - BBQ Entertainment\",\"isPartOf\":{\"@id\":\"https:\\\/\\\/bbqentertainment.com\\\/#website\"},\"primaryImageOfPage\":{\"@id\":\"https:\\\/\\\/bbqentertainment.com\\\/toode\\\/blues-hog-raspberry-chipotle-bbq-kaste-557g-klaaspurgis\\\/#primaryimage\"},\"image\":{\"@id\":\"https:\\\/\\\/bbqentertainment.com\\\/toode\\\/blues-hog-raspberry-chipotle-bbq-kaste-557g-klaaspurgis\\\/#primaryimage\"},\"thumbnailUrl\":\"https:\\\/\\\/bbqentertainment.com\\\/wp-content\\\/uploads\\\/2025\\\/03\\\/Blues-Hog-Raspberry-Chipotle-BBQ-kaste-562g-klaaspurgis-BBQ-Entertainment-OU.png\",\"datePublished\":\"2025-03-02T15:58:24+00:00\",\"dateModified\":\"2025-12-30T13:08:14+00:00\",\"breadcrumb\":{\"@id\":\"https:\\\/\\\/bbqentertainment.com\\\/toode\\\/blues-hog-raspberry-chipotle-bbq-kaste-557g-klaaspurgis\\\/#breadcrumb\"},\"inLanguage\":\"en-US\",\"potentialAction\":[{\"@type\":\"ReadAction\",\"target\":[\"https:\\\/\\\/bbqentertainment.com\\\/toode\\\/blues-hog-raspberry-chipotle-bbq-kaste-557g-klaaspurgis\\\/\"]}]},{\"@type\":\"ImageObject\",\"inLanguage\":\"en-US\",\"@id\":\"https:\\\/\\\/bbqentertainment.com\\\/toode\\\/blues-hog-raspberry-chipotle-bbq-kaste-557g-klaaspurgis\\\/#primaryimage\",\"url\":\"https:\\\/\\\/bbqentertainment.com\\\/wp-content\\\/uploads\\\/2025\\\/03\\\/Blues-Hog-Raspberry-Chipotle-BBQ-kaste-562g-klaaspurgis-BBQ-Entertainment-OU.png\",\"contentUrl\":\"https:\\\/\\\/bbqentertainment.com\\\/wp-content\\\/uploads\\\/2025\\\/03\\\/Blues-Hog-Raspberry-Chipotle-BBQ-kaste-562g-klaaspurgis-BBQ-Entertainment-OU.png\",\"width\":800,\"height\":800,\"caption\":\"blues hog raspberry chipotle\"},{\"@type\":\"BreadcrumbList\",\"@id\":\"https:\\\/\\\/bbqentertainment.com\\\/toode\\\/blues-hog-raspberry-chipotle-bbq-kaste-557g-klaaspurgis\\\/#breadcrumb\",\"itemListElement\":[{\"@type\":\"ListItem\",\"position\":1,\"name\":\"AVALEHT\",\"item\":\"https:\\\/\\\/bbqentertainment.com\\\/en\\\/\"},{\"@type\":\"ListItem\",\"position\":2,\"name\":\"Tooted\",\"item\":\"https:\\\/\\\/bbqentertainment.com\\\/tooted\\\/\"},{\"@type\":\"ListItem\",\"position\":3,\"name\":\"Maitseandjad\",\"item\":\"https:\\\/\\\/bbqentertainment.com\\\/en\\\/tootekategooria\\\/maitseandjad\\\/\"},{\"@type\":\"ListItem\",\"position\":4,\"name\":\"AMEERIKA BBQ RUBID \\\/ KASTMED\",\"item\":\"https:\\\/\\\/bbqentertainment.com\\\/tootekategooria\\\/maitseandjad\\\/ameerika-bbq-rubid-kastmed\\\/\"},{\"@type\":\"ListItem\",\"position\":5,\"name\":\"Blues Hog Raspberry Chipotle BBQ kaste 557g klaaspurgis\"}]},{\"@type\":\"WebSite\",\"@id\":\"https:\\\/\\\/bbqentertainment.com\\\/#website\",\"url\":\"https:\\\/\\\/bbqentertainment.com\\\/\",\"name\":\"BBQ Entertainment\",\"description\":\"BBQ is a great lifestyle, not just fun!\",\"publisher\":{\"@id\":\"https:\\\/\\\/bbqentertainment.com\\\/#organization\"},\"potentialAction\":[{\"@type\":\"SearchAction\",\"target\":{\"@type\":\"EntryPoint\",\"urlTemplate\":\"https:\\\/\\\/bbqentertainment.com\\\/?s={search_term_string}\"},\"query-input\":{\"@type\":\"PropertyValueSpecification\",\"valueRequired\":true,\"valueName\":\"search_term_string\"}}],\"inLanguage\":\"en-US\"},{\"@type\":\"Organization\",\"@id\":\"https:\\\/\\\/bbqentertainment.com\\\/#organization\",\"name\":\"BBQ Entertainment O\u00dc\",\"url\":\"https:\\\/\\\/bbqentertainment.com\\\/\",\"logo\":{\"@type\":\"ImageObject\",\"inLanguage\":\"en-US\",\"@id\":\"https:\\\/\\\/bbqentertainment.com\\\/#\\\/schema\\\/logo\\\/image\\\/\",\"url\":\"https:\\\/\\\/bbqentertainment.com\\\/wp-content\\\/uploads\\\/2020\\\/04\\\/BBQ-Entertainment-N-Catering-Enn-Tobreluts-Logo.png\",\"contentUrl\":\"https:\\\/\\\/bbqentertainment.com\\\/wp-content\\\/uploads\\\/2020\\\/04\\\/BBQ-Entertainment-N-Catering-Enn-Tobreluts-Logo.png\",\"width\":628,\"height\":266,\"caption\":\"BBQ Entertainment O\u00dc\"},\"image\":{\"@id\":\"https:\\\/\\\/bbqentertainment.com\\\/#\\\/schema\\\/logo\\\/image\\\/\"},\"sameAs\":[\"https:\\\/\\\/www.facebook.com\\\/BBQ-Entertainment-N-Catering-2437913376443540\",\"https:\\\/\\\/www.instagram.com\\\/bbqentertainmentncatering\\\/\",\"https:\\\/\\\/www.youtube.com\\\/channel\\\/UCmpuANQVhLy2Md8nrenp2jA\"]}]}<\/script>\n<!-- \/ Yoast SEO plugin. -->","yoast_head_json":{"title":"Blues Hog Raspberry Chipotle BBQ kaste 557g klaaspurgis - BBQ Entertainment","robots":{"index":"index","follow":"follow","max-snippet":"max-snippet:-1","max-image-preview":"max-image-preview:large","max-video-preview":"max-video-preview:-1"},"canonical":"https:\/\/bbqentertainment.com\/toode\/blues-hog-raspberry-chipotle-bbq-kaste-557g-klaaspurgis\/","og_locale":"en_US","og_type":"article","og_title":"Blues Hog Raspberry Chipotle BBQ kaste 557g klaaspurgis - BBQ Entertainment","og_description":"Blues Hog Raspberry Chipotle BBQ kaste 557g klaaspurgis Tunneta metsikute vaarikate maitset koos kergelt suitsuse chipotle v\u00fcrtsikusega! Magusa alatooniga kaste sobib suurep\u00e4raselt nii lihale kui ka dipina. Sidudes vaarikate v\u00e4rskuse v\u00fcrtsikate Mehhiko pipardega, v\u00f5id olla kindel, et iga suut\u00e4is pakub ainulaadset maitseelamust. V\u00fcrtsikaid suitsuseid noote tasakaalustab vaarikate marjasus, muutes selle suurep\u00e4raseks kaaslaseks igale grillipeole. Raspberry Chipotle on kergelt v\u00fcrtsikas, seega v\u00f5id kasutada seda heldelt ilma \u00fcleliigse teravuseta.","og_url":"https:\/\/bbqentertainment.com\/toode\/blues-hog-raspberry-chipotle-bbq-kaste-557g-klaaspurgis\/","og_site_name":"BBQ Entertainment","article_publisher":"https:\/\/www.facebook.com\/BBQ-Entertainment-N-Catering-2437913376443540","article_modified_time":"2025-12-30T13:08:14+00:00","og_image":[{"width":800,"height":800,"url":"https:\/\/bbqentertainment.com\/wp-content\/uploads\/2025\/03\/Blues-Hog-Raspberry-Chipotle-BBQ-kaste-562g-klaaspurgis-BBQ-Entertainment-OU.png","type":"image\/png"}],"twitter_card":"summary_large_image","twitter_misc":{"Est. reading time":"1 minute"},"schema":{"@context":"https:\/\/schema.org","@graph":[{"@type":["WebPage","ItemPage"],"@id":"https:\/\/bbqentertainment.com\/toode\/blues-hog-raspberry-chipotle-bbq-kaste-557g-klaaspurgis\/","url":"https:\/\/bbqentertainment.com\/toode\/blues-hog-raspberry-chipotle-bbq-kaste-557g-klaaspurgis\/","name":"Blues Hog Raspberry Chipotle BBQ kaste 557g klaaspurgis - BBQ Entertainment","isPartOf":{"@id":"https:\/\/bbqentertainment.com\/#website"},"primaryImageOfPage":{"@id":"https:\/\/bbqentertainment.com\/toode\/blues-hog-raspberry-chipotle-bbq-kaste-557g-klaaspurgis\/#primaryimage"},"image":{"@id":"https:\/\/bbqentertainment.com\/toode\/blues-hog-raspberry-chipotle-bbq-kaste-557g-klaaspurgis\/#primaryimage"},"thumbnailUrl":"https:\/\/bbqentertainment.com\/wp-content\/uploads\/2025\/03\/Blues-Hog-Raspberry-Chipotle-BBQ-kaste-562g-klaaspurgis-BBQ-Entertainment-OU.png","datePublished":"2025-03-02T15:58:24+00:00","dateModified":"2025-12-30T13:08:14+00:00","breadcrumb":{"@id":"https:\/\/bbqentertainment.com\/toode\/blues-hog-raspberry-chipotle-bbq-kaste-557g-klaaspurgis\/#breadcrumb"},"inLanguage":"en-US","potentialAction":[{"@type":"ReadAction","target":["https:\/\/bbqentertainment.com\/toode\/blues-hog-raspberry-chipotle-bbq-kaste-557g-klaaspurgis\/"]}]},{"@type":"ImageObject","inLanguage":"en-US","@id":"https:\/\/bbqentertainment.com\/toode\/blues-hog-raspberry-chipotle-bbq-kaste-557g-klaaspurgis\/#primaryimage","url":"https:\/\/bbqentertainment.com\/wp-content\/uploads\/2025\/03\/Blues-Hog-Raspberry-Chipotle-BBQ-kaste-562g-klaaspurgis-BBQ-Entertainment-OU.png","contentUrl":"https:\/\/bbqentertainment.com\/wp-content\/uploads\/2025\/03\/Blues-Hog-Raspberry-Chipotle-BBQ-kaste-562g-klaaspurgis-BBQ-Entertainment-OU.png","width":800,"height":800,"caption":"blues hog raspberry chipotle"},{"@type":"BreadcrumbList","@id":"https:\/\/bbqentertainment.com\/toode\/blues-hog-raspberry-chipotle-bbq-kaste-557g-klaaspurgis\/#breadcrumb","itemListElement":[{"@type":"ListItem","position":1,"name":"AVALEHT","item":"https:\/\/bbqentertainment.com\/en\/"},{"@type":"ListItem","position":2,"name":"Tooted","item":"https:\/\/bbqentertainment.com\/tooted\/"},{"@type":"ListItem","position":3,"name":"Maitseandjad","item":"https:\/\/bbqentertainment.com\/en\/tootekategooria\/maitseandjad\/"},{"@type":"ListItem","position":4,"name":"AMEERIKA BBQ RUBID \/ KASTMED","item":"https:\/\/bbqentertainment.com\/tootekategooria\/maitseandjad\/ameerika-bbq-rubid-kastmed\/"},{"@type":"ListItem","position":5,"name":"Blues Hog Raspberry Chipotle BBQ kaste 557g klaaspurgis"}]},{"@type":"WebSite","@id":"https:\/\/bbqentertainment.com\/#website","url":"https:\/\/bbqentertainment.com\/","name":"BBQ Entertainment","description":"BBQ is a great lifestyle, not just fun!","publisher":{"@id":"https:\/\/bbqentertainment.com\/#organization"},"potentialAction":[{"@type":"SearchAction","target":{"@type":"EntryPoint","urlTemplate":"https:\/\/bbqentertainment.com\/?s={search_term_string}"},"query-input":{"@type":"PropertyValueSpecification","valueRequired":true,"valueName":"search_term_string"}}],"inLanguage":"en-US"},{"@type":"Organization","@id":"https:\/\/bbqentertainment.com\/#organization","name":"BBQ Entertainment O\u00dc","url":"https:\/\/bbqentertainment.com\/","logo":{"@type":"ImageObject","inLanguage":"en-US","@id":"https:\/\/bbqentertainment.com\/#\/schema\/logo\/image\/","url":"https:\/\/bbqentertainment.com\/wp-content\/uploads\/2020\/04\/BBQ-Entertainment-N-Catering-Enn-Tobreluts-Logo.png","contentUrl":"https:\/\/bbqentertainment.com\/wp-content\/uploads\/2020\/04\/BBQ-Entertainment-N-Catering-Enn-Tobreluts-Logo.png","width":628,"height":266,"caption":"BBQ Entertainment O\u00dc"},"image":{"@id":"https:\/\/bbqentertainment.com\/#\/schema\/logo\/image\/"},"sameAs":["https:\/\/www.facebook.com\/BBQ-Entertainment-N-Catering-2437913376443540","https:\/\/www.instagram.com\/bbqentertainmentncatering\/","https:\/\/www.youtube.com\/channel\/UCmpuANQVhLy2Md8nrenp2jA"]}]}},"_links":{"self":[{"href":"https:\/\/bbqentertainment.com\/en\/wp-json\/wp\/v2\/product\/250655","targetHints":{"allow":["GET"]}}],"collection":[{"href":"https:\/\/bbqentertainment.com\/en\/wp-json\/wp\/v2\/product"}],"about":[{"href":"https:\/\/bbqentertainment.com\/en\/wp-json\/wp\/v2\/types\/product"}],"wp:featuredmedia":[{"embeddable":true,"href":"https:\/\/bbqentertainment.com\/en\/wp-json\/wp\/v2\/media\/250656"}],"wp:attachment":[{"href":"https:\/\/bbqentertainment.com\/en\/wp-json\/wp\/v2\/media?parent=250655"}],"wp:term":[{"taxonomy":"product_brand","embeddable":true,"href":"https:\/\/bbqentertainment.com\/en\/wp-json\/wp\/v2\/product_brand?post=250655"},{"taxonomy":"product_cat","embeddable":true,"href":"https:\/\/bbqentertainment.com\/en\/wp-json\/wp\/v2\/product_cat?post=250655"},{"taxonomy":"product_tag","embeddable":true,"href":"https:\/\/bbqentertainment.com\/en\/wp-json\/wp\/v2\/product_tag?post=250655"}],"curies":[{"name":"wp","href":"https:\/\/api.w.org\/{rel}","templated":true}]}}