{"id":250698,"date":"2025-03-09T16:18:14","date_gmt":"2025-03-09T14:18:14","guid":{"rendered":"https:\/\/bbqentertainment.com\/?post_type=product&#038;p=250698"},"modified":"2025-07-25T13:45:43","modified_gmt":"2025-07-25T10:45:43","slug":"banz-kofi-kohvioad-250g-paapua-uus-guinea","status":"publish","type":"product","link":"https:\/\/bbqentertainment.com\/en\/toode\/banz-kofi-kohvioad-250g-paapua-uus-guinea\/","title":{"rendered":"Banz Kofi kohvioad 250g (Paapua Uus-Guinea)"},"content":{"rendered":"<h3 data-start=\"0\" data-end=\"47\"><strong data-start=\"4\" data-end=\"43\">Soovitused Banz Kofi valmistamiseks<\/strong> \u2615<\/h3>\n<p data-start=\"49\" data-end=\"234\">Banz Kofi eristub oma <strong data-start=\"71\" data-end=\"110\">t\u00e4idlase ja sujuva maitseprofiiliga<\/strong>, mist\u00f5ttu sobib see ideaalselt erinevate valmistusviiside jaoks. Et saada maksimaalne maitseelamus, j\u00e4rgi neid soovitusi:<\/p>\n<h4 data-start=\"236\" data-end=\"286\"><strong data-start=\"241\" data-end=\"284\">1\ufe0f\u20e3 Filtrikohv (V60, Chemex, Aeropress)<\/strong><\/h4>\n<p data-start=\"287\" data-end=\"560\">\u2714 <strong data-start=\"289\" data-end=\"302\">Jahvatus:<\/strong> Keskmine (sarnane meresoolale)<br data-start=\"333\" data-end=\"336\" \/>\u2714 <strong data-start=\"338\" data-end=\"360\">Kohvi ja vee suhe:<\/strong> 1 g kohvi = 16 g vett<br data-start=\"382\" data-end=\"385\" \/>\u2714 <strong data-start=\"387\" data-end=\"396\">Vesi:<\/strong> 92\u201396\u00b0C (mitte keev vesi)<br data-start=\"422\" data-end=\"425\" \/>\u2714 <strong data-start=\"427\" data-end=\"444\">Valmistusaeg:<\/strong> 2,5\u20134 min<br data-start=\"454\" data-end=\"457\" \/>\ud83d\udc49 <strong data-start=\"460\" data-end=\"472\">Tulemus:<\/strong> Selge ja puhas maitse, kus esile t\u00f5usevad Banz Kofi \u0161okolaadised ja p\u00e4hklised noodid.<\/p>\n<h4 data-start=\"562\" data-end=\"601\"><strong data-start=\"567\" data-end=\"599\">2\ufe0f\u20e3 Presskann (French Press)<\/strong><\/h4>\n<p data-start=\"602\" data-end=\"824\">\u2714 <strong data-start=\"604\" data-end=\"617\">Jahvatus:<\/strong> J\u00e4me (sarnane leivapurule)<br data-start=\"644\" data-end=\"647\" \/>\u2714 <strong data-start=\"649\" data-end=\"671\">Kohvi ja vee suhe:<\/strong> 1 g kohvi = 15 g vett<br data-start=\"693\" data-end=\"696\" \/>\u2714 <strong data-start=\"698\" data-end=\"707\">Vesi:<\/strong> 92\u201396\u00b0C<br data-start=\"715\" data-end=\"718\" \/>\u2714 <strong data-start=\"720\" data-end=\"737\">Valmistusaeg:<\/strong> 4 min<br data-start=\"743\" data-end=\"746\" \/>\ud83d\udc49 <strong data-start=\"749\" data-end=\"761\">Tulemus:<\/strong> Kreemjas ja rikkalik kohv, t\u00e4idlane ning madala happesusega.<\/p>\n<h4 data-start=\"826\" data-end=\"875\"><strong data-start=\"831\" data-end=\"873\">3\ufe0f\u20e3 Espresso (Espressomasin, Mokakann)<\/strong><\/h4>\n<p data-start=\"876\" data-end=\"1153\">\u2714 <strong data-start=\"878\" data-end=\"891\">Jahvatus:<\/strong> Peen (sarnane tuhksuhkrule)<br data-start=\"919\" data-end=\"922\" \/>\u2714 <strong data-start=\"924\" data-end=\"946\">Kohvi ja vee suhe:<\/strong> 1:2 (nt 18 g kohvi = 36 g espresso)<br data-start=\"982\" data-end=\"985\" \/>\u2714 <strong data-start=\"987\" data-end=\"996\">Vesi:<\/strong> 92\u201394\u00b0C<br data-start=\"1004\" data-end=\"1007\" \/>\u2714 <strong data-start=\"1009\" data-end=\"1022\">T\u00f5mbeaeg:<\/strong> 25\u201330 sekundit<br data-start=\"1037\" data-end=\"1040\" \/>\ud83d\udc49 <strong data-start=\"1043\" data-end=\"1055\">Tulemus:<\/strong> Intensiivne, t\u00e4idlane ja kergelt magus espresso, millel on p\u00e4hklised ning \u0161okolaadised n\u00fcansid.<\/p>\n<h4 data-start=\"1155\" data-end=\"1202\"><strong data-start=\"1160\" data-end=\"1200\">4\ufe0f\u20e3 Kohv piimaga (Cappuccino, Latte)<\/strong><\/h4>\n<ul data-start=\"1203\" data-end=\"1464\">\n<li data-start=\"1203\" data-end=\"1286\">Kasuta <strong data-start=\"1212\" data-end=\"1232\">keskmise r\u00f6stiga<\/strong> Banz Kofi ubasid, et tasakaalustada piima magusust.<\/li>\n<li data-start=\"1287\" data-end=\"1372\">Soovitame <strong data-start=\"1299\" data-end=\"1333\">presskannu v\u00f5i espressomasinat<\/strong>, et s\u00e4ilitada kohvi t\u00e4idlane maitse.<\/li>\n<li data-start=\"1373\" data-end=\"1464\">Kui piimavaht on valmis, vala see <strong data-start=\"1409\" data-end=\"1430\">\u00f5rnalt espressole<\/strong>, et saavutada siidine tekstuur.<\/li>\n<\/ul>\n<h3 data-start=\"1466\" data-end=\"1521\"><strong data-start=\"1470\" data-end=\"1519\">\u2728 Pro Tip: V\u00e4rske jahvatamine = parim maitse!<\/strong><\/h3>\n<p data-start=\"1522\" data-end=\"1674\"><strong data-start=\"1522\" data-end=\"1571\">Jahvata kohv alati vahetult enne valmistamist<\/strong>, et s\u00e4ilitada selle aroom ja maitse. Parimad tulemused saad kvaliteetse <strong data-start=\"1644\" data-end=\"1671\">burr-t\u00fc\u00fcpi kohviveskiga<\/strong>.<\/p>\n<p>\u2705 <em data-start=\"474\" data-end=\"566\">Tutvu Banz Kofi p\u00e4ritolu ja valmistusviisiga <a href=\"https:\/\/www.banzkofi.com\/\" target=\"_new\" rel=\"noopener\" data-start=\"520\" data-end=\"564\">tootja kodulehel\u00a0<\/a><\/em><\/p>\n<p>\u2705 <em data-start=\"781\" data-end=\"894\">Loe, kuidas k\u00f5rgm\u00e4estiku kliima m\u00f5jutab kohvi maitset <a href=\"https:\/\/sca.coffee\/\" target=\"_new\" rel=\"noopener\" data-start=\"836\" data-end=\"892\">Specialty Coffee Association lehel\u00a0<\/a><\/em><\/p>\n","protected":false},"excerpt":{"rendered":"<h3 data-start=\"0\" data-end=\"78\"><strong data-start=\"4\" data-end=\"76\">Banz Kofi kohvioad 250g<\/strong><\/h3>\n<h4 data-start=\"0\" data-end=\"78\"><strong data-start=\"4\" data-end=\"76\">Banz Kofi \u2013 kohvioad t\u00f5elisele gurmaanile otse Waghi orust, Paapua Uus-Guineast<\/strong><\/h4>\n<p data-start=\"80\" data-end=\"267\">Kas otsid kohvi, mis pakuks rohkem kui lihtsalt <strong data-start=\"128\" data-end=\"151\">v\u00e4rskendava \u00e4ratuse<\/strong>? Banz Kofi on ehe ja ainulaadne elamus, mis viib sind maitser\u00e4nnakule otse Paapua Uus-Guinea m\u00e4gisele maastikule.<\/p>\n<h4 data-start=\"269\" data-end=\"310\"><strong data-start=\"274\" data-end=\"308\">\ud83c\udf3f Looduslikult puhas p\u00e4ritolu<\/strong><\/h4>\n<p data-start=\"311\" data-end=\"654\">Banz Kofi kohvioad kasvavad 1220 meetri k\u00f5rgusel Waghi oru viljakas pinnases, kus troopiline kliima ja looduslikud kasvutingimused loovad ideaalse keskkonna kvaliteetsele araabika kohvile. Keemiliste v\u00e4etiste ja pestitsiidideta kasvatatud oad tagavad, et saad iga tassit\u00e4iega nautida puhast ja rikkalikku maitset, mille on vorminud loodus ise.<\/p>\n<h4 data-start=\"656\" data-end=\"707\"><strong data-start=\"661\" data-end=\"705\">\ud83e\udd32 K\u00e4sitsi korjatud ja kohapeal r\u00f6stitud<\/strong><\/h4>\n<p data-start=\"708\" data-end=\"1011\">Ainult parimad, hoolikalt valitud kohvimarjad j\u00f5uavad sinu tassini. Banz Kofi korjamine toimub k\u00e4sitsi, et tagada t\u00e4iuslik k\u00fcpsusaste ja k\u00f5rgeim kvaliteet. Oad t\u00f6\u00f6deldakse ja r\u00f6stitakse kohapeal Mount Hagenis \u2013 <strong data-start=\"919\" data-end=\"954\">oma looduslikus kasvukeskkonnas<\/strong> \u2013 et s\u00e4ilitada v\u00e4rskus ja iseloomulikud maitsetoonid.<\/p>\n<h4 data-start=\"1013\" data-end=\"1054\"><strong data-start=\"1018\" data-end=\"1052\">\u2615 Maitse, mis r\u00e4\u00e4gib enda eest<\/strong><\/h4>\n<p data-start=\"1055\" data-end=\"1332\">Banz Kofi pakub j\u00f5ulist, kuid tasakaalukat maitseelamust. Selle kohvi s\u00fcgavad \u0161okolaadised ja p\u00e4hklised noodid sulanduvad pehme t\u00e4idlusega, j\u00e4ttes maha sametise j\u00e4relmaitse. Madal happesus tagab sujuva ja nauditava kogemuse igas lonksus \u2013 ideaalne nii mustana kui ka piimaga.<\/p>\n<p data-start=\"1334\" data-end=\"1406\" data-is-last-node=\"\" data-is-only-node=\"\">\ud83d\udd0e <strong data-start=\"1337\" data-end=\"1406\" data-is-last-node=\"\">Telli ja naudi kohvi, mis on loodud kirglikele kohvigurmaanidele!<\/strong><\/p>\n","protected":false},"featured_media":250690,"template":"","meta":{"inline_featured_image":false},"product_brand":[],"product_cat":[28,301,178,32,223],"product_tag":[],"class_list":{"0":"post-250698","1":"product","2":"type-product","3":"status-publish","4":"has-post-thumbnail","6":"product_cat-maitseandjad","7":"product_cat-kinkekarp","8":"product_cat-muud-tooted","9":"product_cat-kinkekarbid","10":"product_cat-muud-tooted-2","12":"first","13":"instock","14":"taxable","15":"shipping-taxable","16":"purchasable","17":"product-type-simple"},"yoast_head":"<!-- This site is optimized with the Yoast SEO plugin v27.4 - https:\/\/yoast.com\/product\/yoast-seo-wordpress\/ -->\n<title>Banz Kofi kohvioad 250g (Paapua Uus-Guinea) - BBQ Entertainment<\/title>\n<meta name=\"description\" content=\"Banz Kofi \u2013 k\u00e4sitsi korjatud ja kohapeal r\u00f6stitud kohvioad gurmaanidele Paapua Uus-Guineast. T\u00e4idlane, madala happesusega ja rikkaliku maitsega. Telli kohe!\" \/>\n<meta name=\"robots\" content=\"index, follow, max-snippet:-1, max-image-preview:large, max-video-preview:-1\" \/>\n<link rel=\"canonical\" href=\"https:\/\/bbqentertainment.com\/toode\/banz-kofi-kohvioad-250g-paapua-uus-guinea\/\" \/>\n<meta property=\"og:locale\" content=\"en_US\" \/>\n<meta property=\"og:type\" content=\"article\" \/>\n<meta property=\"og:title\" content=\"Banz Kofi kohvioad 250g (Paapua Uus-Guinea) - BBQ Entertainment\" \/>\n<meta property=\"og:description\" content=\"Banz Kofi \u2013 k\u00e4sitsi korjatud ja kohapeal r\u00f6stitud kohvioad gurmaanidele Paapua Uus-Guineast. T\u00e4idlane, madala happesusega ja rikkaliku maitsega. Telli kohe!\" \/>\n<meta property=\"og:url\" content=\"https:\/\/bbqentertainment.com\/toode\/banz-kofi-kohvioad-250g-paapua-uus-guinea\/\" \/>\n<meta property=\"og:site_name\" content=\"BBQ Entertainment\" \/>\n<meta property=\"article:publisher\" content=\"https:\/\/www.facebook.com\/BBQ-Entertainment-N-Catering-2437913376443540\" \/>\n<meta property=\"article:modified_time\" content=\"2025-07-25T10:45:43+00:00\" \/>\n<meta property=\"og:image\" content=\"https:\/\/bbqentertainment.com\/wp-content\/uploads\/2025\/03\/1KgFreshBeansFront_4600x.jpg-scaled.webp\" \/>\n\t<meta property=\"og:image:width\" content=\"2560\" \/>\n\t<meta property=\"og:image:height\" content=\"1781\" \/>\n\t<meta property=\"og:image:type\" content=\"image\/webp\" \/>\n<meta name=\"twitter:card\" content=\"summary_large_image\" \/>\n<meta name=\"twitter:label1\" content=\"Est. reading time\" \/>\n\t<meta name=\"twitter:data1\" content=\"2 minutes\" \/>\n<script type=\"application\/ld+json\" class=\"yoast-schema-graph\">{\"@context\":\"https:\\\/\\\/schema.org\",\"@graph\":[{\"@type\":[\"WebPage\",\"ItemPage\"],\"@id\":\"https:\\\/\\\/bbqentertainment.com\\\/toode\\\/banz-kofi-kohvioad-250g-paapua-uus-guinea\\\/\",\"url\":\"https:\\\/\\\/bbqentertainment.com\\\/toode\\\/banz-kofi-kohvioad-250g-paapua-uus-guinea\\\/\",\"name\":\"Banz Kofi kohvioad 250g (Paapua Uus-Guinea) - BBQ Entertainment\",\"isPartOf\":{\"@id\":\"https:\\\/\\\/bbqentertainment.com\\\/#website\"},\"primaryImageOfPage\":{\"@id\":\"https:\\\/\\\/bbqentertainment.com\\\/toode\\\/banz-kofi-kohvioad-250g-paapua-uus-guinea\\\/#primaryimage\"},\"image\":{\"@id\":\"https:\\\/\\\/bbqentertainment.com\\\/toode\\\/banz-kofi-kohvioad-250g-paapua-uus-guinea\\\/#primaryimage\"},\"thumbnailUrl\":\"https:\\\/\\\/bbqentertainment.com\\\/wp-content\\\/uploads\\\/2025\\\/03\\\/1KgFreshBeansFront_4600x.jpg-scaled.webp\",\"datePublished\":\"2025-03-09T14:18:14+00:00\",\"dateModified\":\"2025-07-25T10:45:43+00:00\",\"description\":\"Banz Kofi \u2013 k\u00e4sitsi korjatud ja kohapeal r\u00f6stitud kohvioad gurmaanidele Paapua Uus-Guineast. T\u00e4idlane, madala happesusega ja rikkaliku maitsega. Telli kohe!\",\"breadcrumb\":{\"@id\":\"https:\\\/\\\/bbqentertainment.com\\\/toode\\\/banz-kofi-kohvioad-250g-paapua-uus-guinea\\\/#breadcrumb\"},\"inLanguage\":\"en-US\",\"potentialAction\":[{\"@type\":\"ReadAction\",\"target\":[\"https:\\\/\\\/bbqentertainment.com\\\/toode\\\/banz-kofi-kohvioad-250g-paapua-uus-guinea\\\/\"]}]},{\"@type\":\"ImageObject\",\"inLanguage\":\"en-US\",\"@id\":\"https:\\\/\\\/bbqentertainment.com\\\/toode\\\/banz-kofi-kohvioad-250g-paapua-uus-guinea\\\/#primaryimage\",\"url\":\"https:\\\/\\\/bbqentertainment.com\\\/wp-content\\\/uploads\\\/2025\\\/03\\\/1KgFreshBeansFront_4600x.jpg-scaled.webp\",\"contentUrl\":\"https:\\\/\\\/bbqentertainment.com\\\/wp-content\\\/uploads\\\/2025\\\/03\\\/1KgFreshBeansFront_4600x.jpg-scaled.webp\",\"width\":2560,\"height\":1781,\"caption\":\"Avasta Banz Kofi \u2013 t\u00e4iuslik tasakaal rikkalike maitsete ja madala happesuse vahel!\"},{\"@type\":\"BreadcrumbList\",\"@id\":\"https:\\\/\\\/bbqentertainment.com\\\/toode\\\/banz-kofi-kohvioad-250g-paapua-uus-guinea\\\/#breadcrumb\",\"itemListElement\":[{\"@type\":\"ListItem\",\"position\":1,\"name\":\"AVALEHT\",\"item\":\"https:\\\/\\\/bbqentertainment.com\\\/en\\\/\"},{\"@type\":\"ListItem\",\"position\":2,\"name\":\"Tooted\",\"item\":\"https:\\\/\\\/bbqentertainment.com\\\/tooted\\\/\"},{\"@type\":\"ListItem\",\"position\":3,\"name\":\"Maitseandjad\",\"item\":\"https:\\\/\\\/bbqentertainment.com\\\/en\\\/tootekategooria\\\/maitseandjad\\\/\"},{\"@type\":\"ListItem\",\"position\":4,\"name\":\"Banz Kofi kohvioad 250g (Paapua Uus-Guinea)\"}]},{\"@type\":\"WebSite\",\"@id\":\"https:\\\/\\\/bbqentertainment.com\\\/#website\",\"url\":\"https:\\\/\\\/bbqentertainment.com\\\/\",\"name\":\"BBQ Entertainment\",\"description\":\"BBQ is a great lifestyle, not just fun!\",\"publisher\":{\"@id\":\"https:\\\/\\\/bbqentertainment.com\\\/#organization\"},\"potentialAction\":[{\"@type\":\"SearchAction\",\"target\":{\"@type\":\"EntryPoint\",\"urlTemplate\":\"https:\\\/\\\/bbqentertainment.com\\\/?s={search_term_string}\"},\"query-input\":{\"@type\":\"PropertyValueSpecification\",\"valueRequired\":true,\"valueName\":\"search_term_string\"}}],\"inLanguage\":\"en-US\"},{\"@type\":\"Organization\",\"@id\":\"https:\\\/\\\/bbqentertainment.com\\\/#organization\",\"name\":\"BBQ Entertainment O\u00dc\",\"url\":\"https:\\\/\\\/bbqentertainment.com\\\/\",\"logo\":{\"@type\":\"ImageObject\",\"inLanguage\":\"en-US\",\"@id\":\"https:\\\/\\\/bbqentertainment.com\\\/#\\\/schema\\\/logo\\\/image\\\/\",\"url\":\"https:\\\/\\\/bbqentertainment.com\\\/wp-content\\\/uploads\\\/2020\\\/04\\\/BBQ-Entertainment-N-Catering-Enn-Tobreluts-Logo.png\",\"contentUrl\":\"https:\\\/\\\/bbqentertainment.com\\\/wp-content\\\/uploads\\\/2020\\\/04\\\/BBQ-Entertainment-N-Catering-Enn-Tobreluts-Logo.png\",\"width\":628,\"height\":266,\"caption\":\"BBQ Entertainment O\u00dc\"},\"image\":{\"@id\":\"https:\\\/\\\/bbqentertainment.com\\\/#\\\/schema\\\/logo\\\/image\\\/\"},\"sameAs\":[\"https:\\\/\\\/www.facebook.com\\\/BBQ-Entertainment-N-Catering-2437913376443540\",\"https:\\\/\\\/www.instagram.com\\\/bbqentertainmentncatering\\\/\",\"https:\\\/\\\/www.youtube.com\\\/channel\\\/UCmpuANQVhLy2Md8nrenp2jA\"]}]}<\/script>\n<!-- \/ Yoast SEO plugin. -->","yoast_head_json":{"title":"Banz Kofi kohvioad 250g (Paapua Uus-Guinea) - BBQ Entertainment","description":"Banz Kofi \u2013 k\u00e4sitsi korjatud ja kohapeal r\u00f6stitud kohvioad gurmaanidele Paapua Uus-Guineast. T\u00e4idlane, madala happesusega ja rikkaliku maitsega. Telli kohe!","robots":{"index":"index","follow":"follow","max-snippet":"max-snippet:-1","max-image-preview":"max-image-preview:large","max-video-preview":"max-video-preview:-1"},"canonical":"https:\/\/bbqentertainment.com\/toode\/banz-kofi-kohvioad-250g-paapua-uus-guinea\/","og_locale":"en_US","og_type":"article","og_title":"Banz Kofi kohvioad 250g (Paapua Uus-Guinea) - BBQ Entertainment","og_description":"Banz Kofi \u2013 k\u00e4sitsi korjatud ja kohapeal r\u00f6stitud kohvioad gurmaanidele Paapua Uus-Guineast. T\u00e4idlane, madala happesusega ja rikkaliku maitsega. Telli kohe!","og_url":"https:\/\/bbqentertainment.com\/toode\/banz-kofi-kohvioad-250g-paapua-uus-guinea\/","og_site_name":"BBQ Entertainment","article_publisher":"https:\/\/www.facebook.com\/BBQ-Entertainment-N-Catering-2437913376443540","article_modified_time":"2025-07-25T10:45:43+00:00","og_image":[{"width":2560,"height":1781,"url":"https:\/\/bbqentertainment.com\/wp-content\/uploads\/2025\/03\/1KgFreshBeansFront_4600x.jpg-scaled.webp","type":"image\/webp"}],"twitter_card":"summary_large_image","twitter_misc":{"Est. reading time":"2 minutes"},"schema":{"@context":"https:\/\/schema.org","@graph":[{"@type":["WebPage","ItemPage"],"@id":"https:\/\/bbqentertainment.com\/toode\/banz-kofi-kohvioad-250g-paapua-uus-guinea\/","url":"https:\/\/bbqentertainment.com\/toode\/banz-kofi-kohvioad-250g-paapua-uus-guinea\/","name":"Banz Kofi kohvioad 250g (Paapua Uus-Guinea) - BBQ Entertainment","isPartOf":{"@id":"https:\/\/bbqentertainment.com\/#website"},"primaryImageOfPage":{"@id":"https:\/\/bbqentertainment.com\/toode\/banz-kofi-kohvioad-250g-paapua-uus-guinea\/#primaryimage"},"image":{"@id":"https:\/\/bbqentertainment.com\/toode\/banz-kofi-kohvioad-250g-paapua-uus-guinea\/#primaryimage"},"thumbnailUrl":"https:\/\/bbqentertainment.com\/wp-content\/uploads\/2025\/03\/1KgFreshBeansFront_4600x.jpg-scaled.webp","datePublished":"2025-03-09T14:18:14+00:00","dateModified":"2025-07-25T10:45:43+00:00","description":"Banz Kofi \u2013 k\u00e4sitsi korjatud ja kohapeal r\u00f6stitud kohvioad gurmaanidele Paapua Uus-Guineast. T\u00e4idlane, madala happesusega ja rikkaliku maitsega. Telli kohe!","breadcrumb":{"@id":"https:\/\/bbqentertainment.com\/toode\/banz-kofi-kohvioad-250g-paapua-uus-guinea\/#breadcrumb"},"inLanguage":"en-US","potentialAction":[{"@type":"ReadAction","target":["https:\/\/bbqentertainment.com\/toode\/banz-kofi-kohvioad-250g-paapua-uus-guinea\/"]}]},{"@type":"ImageObject","inLanguage":"en-US","@id":"https:\/\/bbqentertainment.com\/toode\/banz-kofi-kohvioad-250g-paapua-uus-guinea\/#primaryimage","url":"https:\/\/bbqentertainment.com\/wp-content\/uploads\/2025\/03\/1KgFreshBeansFront_4600x.jpg-scaled.webp","contentUrl":"https:\/\/bbqentertainment.com\/wp-content\/uploads\/2025\/03\/1KgFreshBeansFront_4600x.jpg-scaled.webp","width":2560,"height":1781,"caption":"Avasta Banz Kofi \u2013 t\u00e4iuslik tasakaal rikkalike maitsete ja madala happesuse vahel!"},{"@type":"BreadcrumbList","@id":"https:\/\/bbqentertainment.com\/toode\/banz-kofi-kohvioad-250g-paapua-uus-guinea\/#breadcrumb","itemListElement":[{"@type":"ListItem","position":1,"name":"AVALEHT","item":"https:\/\/bbqentertainment.com\/en\/"},{"@type":"ListItem","position":2,"name":"Tooted","item":"https:\/\/bbqentertainment.com\/tooted\/"},{"@type":"ListItem","position":3,"name":"Maitseandjad","item":"https:\/\/bbqentertainment.com\/en\/tootekategooria\/maitseandjad\/"},{"@type":"ListItem","position":4,"name":"Banz Kofi kohvioad 250g (Paapua Uus-Guinea)"}]},{"@type":"WebSite","@id":"https:\/\/bbqentertainment.com\/#website","url":"https:\/\/bbqentertainment.com\/","name":"BBQ Entertainment","description":"BBQ is a great lifestyle, not just fun!","publisher":{"@id":"https:\/\/bbqentertainment.com\/#organization"},"potentialAction":[{"@type":"SearchAction","target":{"@type":"EntryPoint","urlTemplate":"https:\/\/bbqentertainment.com\/?s={search_term_string}"},"query-input":{"@type":"PropertyValueSpecification","valueRequired":true,"valueName":"search_term_string"}}],"inLanguage":"en-US"},{"@type":"Organization","@id":"https:\/\/bbqentertainment.com\/#organization","name":"BBQ Entertainment O\u00dc","url":"https:\/\/bbqentertainment.com\/","logo":{"@type":"ImageObject","inLanguage":"en-US","@id":"https:\/\/bbqentertainment.com\/#\/schema\/logo\/image\/","url":"https:\/\/bbqentertainment.com\/wp-content\/uploads\/2020\/04\/BBQ-Entertainment-N-Catering-Enn-Tobreluts-Logo.png","contentUrl":"https:\/\/bbqentertainment.com\/wp-content\/uploads\/2020\/04\/BBQ-Entertainment-N-Catering-Enn-Tobreluts-Logo.png","width":628,"height":266,"caption":"BBQ Entertainment O\u00dc"},"image":{"@id":"https:\/\/bbqentertainment.com\/#\/schema\/logo\/image\/"},"sameAs":["https:\/\/www.facebook.com\/BBQ-Entertainment-N-Catering-2437913376443540","https:\/\/www.instagram.com\/bbqentertainmentncatering\/","https:\/\/www.youtube.com\/channel\/UCmpuANQVhLy2Md8nrenp2jA"]}]}},"_links":{"self":[{"href":"https:\/\/bbqentertainment.com\/en\/wp-json\/wp\/v2\/product\/250698","targetHints":{"allow":["GET"]}}],"collection":[{"href":"https:\/\/bbqentertainment.com\/en\/wp-json\/wp\/v2\/product"}],"about":[{"href":"https:\/\/bbqentertainment.com\/en\/wp-json\/wp\/v2\/types\/product"}],"wp:featuredmedia":[{"embeddable":true,"href":"https:\/\/bbqentertainment.com\/en\/wp-json\/wp\/v2\/media\/250690"}],"wp:attachment":[{"href":"https:\/\/bbqentertainment.com\/en\/wp-json\/wp\/v2\/media?parent=250698"}],"wp:term":[{"taxonomy":"product_brand","embeddable":true,"href":"https:\/\/bbqentertainment.com\/en\/wp-json\/wp\/v2\/product_brand?post=250698"},{"taxonomy":"product_cat","embeddable":true,"href":"https:\/\/bbqentertainment.com\/en\/wp-json\/wp\/v2\/product_cat?post=250698"},{"taxonomy":"product_tag","embeddable":true,"href":"https:\/\/bbqentertainment.com\/en\/wp-json\/wp\/v2\/product_tag?post=250698"}],"curies":[{"name":"wp","href":"https:\/\/api.w.org\/{rel}","templated":true}]}}