{"id":250844,"date":"2025-03-27T13:32:49","date_gmt":"2025-03-27T11:32:49","guid":{"rendered":"https:\/\/bbqentertainment.com\/?post_type=product&#038;p=250844"},"modified":"2026-04-06T12:26:39","modified_gmt":"2026-04-06T09:26:39","slug":"napoleon-legend-3-osaline-grilltarvikute-komplekt-grilltangid-labidas-ja-silikoonpintsel","status":"publish","type":"product","link":"https:\/\/bbqentertainment.com\/en\/toode\/napoleon-legend-3-osaline-grilltarvikute-komplekt-grilltangid-labidas-ja-silikoonpintsel\/","title":{"rendered":"Napoleon Legend 3-osaline grilltarvikute komplekt (grilltangid, -labidas ja -silikoonpintsel)"},"content":{"rendered":"","protected":false},"excerpt":{"rendered":"<h3><b>Napoleon Legend 3-osaline grilltarvikute komplekt (grilltangid, -labidas ja -silikoonpintsel) \u00a0<\/b><\/h3>\n<p data-start=\"50\" data-end=\"351\">See praktiline grillimistarvikute komplekt sisaldab tange, spaatlit ja silikoonpintslit, mis muudavad grillimise mugavamaks ja t\u00f5husamaks. Tangidel on lukustusmehhanism, mis teeb hoiustamise lihtsaks ja ruumis\u00e4\u00e4stlikuks. Spaatlil on sisseehitatud pudeliavaja \u2013 hea v\u00f5imalus avada jook ilma eraldi t\u00f6\u00f6riista otsimata.<\/p>\n<p data-start=\"353\" data-end=\"574\" data-is-last-node=\"\" data-is-only-node=\"\">K\u00f5igil t\u00f6\u00f6riistadel on riputusaas, et need oleksid grilli juures alati k\u00e4ep\u00e4rast. Libisemiskindel ja ergonoomiline k\u00e4epide tagab kindla haarde ka kuuma ja rasvase t\u00f6\u00f6 juures. P\u00e4rast kasutamist v\u00f5ib need julgelt panna n\u00f5udepesumasinasse.<\/p>\n","protected":false},"featured_media":250845,"template":"","meta":{"inline_featured_image":false},"product_brand":[],"product_cat":[92,562,479],"product_tag":[],"class_list":{"0":"post-250844","1":"product","2":"type-product","3":"status-publish","4":"has-post-thumbnail","6":"product_cat-lisatarvikud","7":"product_cat-lisatarvikud-napoleon","8":"product_cat-grillitarvikud","10":"first","11":"instock","12":"taxable","13":"shipping-taxable","14":"purchasable","15":"product-type-simple"},"yoast_head":"<!-- This site is optimized with the Yoast SEO plugin v27.4 - https:\/\/yoast.com\/product\/yoast-seo-wordpress\/ -->\n<title>Napoleon Legend 3-osaline grilltarvikute komplekt (grilltangid, -labidas ja -silikoonpintsel) - BBQ Entertainment<\/title>\n<meta name=\"robots\" content=\"index, follow, max-snippet:-1, max-image-preview:large, max-video-preview:-1\" \/>\n<link rel=\"canonical\" href=\"https:\/\/bbqentertainment.com\/toode\/napoleon-legend-3-osaline-grilltarvikute-komplekt-grilltangid-labidas-ja-silikoonpintsel\/\" \/>\n<meta property=\"og:locale\" content=\"en_US\" \/>\n<meta property=\"og:type\" content=\"article\" \/>\n<meta property=\"og:title\" content=\"Napoleon Legend 3-osaline grilltarvikute komplekt (grilltangid, -labidas ja -silikoonpintsel) - BBQ Entertainment\" \/>\n<meta property=\"og:description\" content=\"Napoleon Legend 3-osaline grilltarvikute komplekt (grilltangid, -labidas ja -silikoonpintsel) \u00a0 See praktiline grillimistarvikute komplekt sisaldab tange, spaatlit ja silikoonpintslit, mis muudavad grillimise mugavamaks ja t\u00f5husamaks. Tangidel on lukustusmehhanism, mis teeb hoiustamise lihtsaks ja ruumis\u00e4\u00e4stlikuks. Spaatlil on sisseehitatud pudeliavaja \u2013 hea v\u00f5imalus avada jook ilma eraldi t\u00f6\u00f6riista otsimata. K\u00f5igil t\u00f6\u00f6riistadel on riputusaas, et need oleksid grilli juures alati k\u00e4ep\u00e4rast. Libisemiskindel ja ergonoomiline k\u00e4epide tagab kindla haarde ka kuuma ja rasvase t\u00f6\u00f6 juures. P\u00e4rast kasutamist v\u00f5ib need julgelt panna n\u00f5udepesumasinasse.\" \/>\n<meta property=\"og:url\" content=\"https:\/\/bbqentertainment.com\/toode\/napoleon-legend-3-osaline-grilltarvikute-komplekt-grilltangid-labidas-ja-silikoonpintsel\/\" \/>\n<meta property=\"og:site_name\" content=\"BBQ Entertainment\" \/>\n<meta property=\"article:publisher\" content=\"https:\/\/www.facebook.com\/BBQ-Entertainment-N-Catering-2437913376443540\" \/>\n<meta property=\"article:modified_time\" content=\"2026-04-06T09:26:39+00:00\" \/>\n<meta property=\"og:image\" content=\"https:\/\/bbqentertainment.com\/wp-content\/uploads\/2025\/03\/70035-0629162700353-3PC-TOOLSET-NAPOLEON-LEGEND.jpg\" \/>\n\t<meta property=\"og:image:width\" content=\"1200\" \/>\n\t<meta property=\"og:image:height\" content=\"1156\" \/>\n\t<meta property=\"og:image:type\" content=\"image\/jpeg\" \/>\n<meta name=\"twitter:card\" content=\"summary_large_image\" \/>\n<meta name=\"twitter:label1\" content=\"Est. reading time\" \/>\n\t<meta name=\"twitter:data1\" content=\"1 minute\" \/>\n<script type=\"application\/ld+json\" class=\"yoast-schema-graph\">{\"@context\":\"https:\\\/\\\/schema.org\",\"@graph\":[{\"@type\":[\"WebPage\",\"ItemPage\"],\"@id\":\"https:\\\/\\\/bbqentertainment.com\\\/toode\\\/napoleon-legend-3-osaline-grilltarvikute-komplekt-grilltangid-labidas-ja-silikoonpintsel\\\/\",\"url\":\"https:\\\/\\\/bbqentertainment.com\\\/toode\\\/napoleon-legend-3-osaline-grilltarvikute-komplekt-grilltangid-labidas-ja-silikoonpintsel\\\/\",\"name\":\"Napoleon Legend 3-osaline grilltarvikute komplekt (grilltangid, -labidas ja -silikoonpintsel) - BBQ Entertainment\",\"isPartOf\":{\"@id\":\"https:\\\/\\\/bbqentertainment.com\\\/#website\"},\"primaryImageOfPage\":{\"@id\":\"https:\\\/\\\/bbqentertainment.com\\\/toode\\\/napoleon-legend-3-osaline-grilltarvikute-komplekt-grilltangid-labidas-ja-silikoonpintsel\\\/#primaryimage\"},\"image\":{\"@id\":\"https:\\\/\\\/bbqentertainment.com\\\/toode\\\/napoleon-legend-3-osaline-grilltarvikute-komplekt-grilltangid-labidas-ja-silikoonpintsel\\\/#primaryimage\"},\"thumbnailUrl\":\"https:\\\/\\\/bbqentertainment.com\\\/wp-content\\\/uploads\\\/2025\\\/03\\\/70035-0629162700353-3PC-TOOLSET-NAPOLEON-LEGEND.jpg\",\"datePublished\":\"2025-03-27T11:32:49+00:00\",\"dateModified\":\"2026-04-06T09:26:39+00:00\",\"breadcrumb\":{\"@id\":\"https:\\\/\\\/bbqentertainment.com\\\/toode\\\/napoleon-legend-3-osaline-grilltarvikute-komplekt-grilltangid-labidas-ja-silikoonpintsel\\\/#breadcrumb\"},\"inLanguage\":\"en-US\",\"potentialAction\":[{\"@type\":\"ReadAction\",\"target\":[\"https:\\\/\\\/bbqentertainment.com\\\/toode\\\/napoleon-legend-3-osaline-grilltarvikute-komplekt-grilltangid-labidas-ja-silikoonpintsel\\\/\"]}]},{\"@type\":\"ImageObject\",\"inLanguage\":\"en-US\",\"@id\":\"https:\\\/\\\/bbqentertainment.com\\\/toode\\\/napoleon-legend-3-osaline-grilltarvikute-komplekt-grilltangid-labidas-ja-silikoonpintsel\\\/#primaryimage\",\"url\":\"https:\\\/\\\/bbqentertainment.com\\\/wp-content\\\/uploads\\\/2025\\\/03\\\/70035-0629162700353-3PC-TOOLSET-NAPOLEON-LEGEND.jpg\",\"contentUrl\":\"https:\\\/\\\/bbqentertainment.com\\\/wp-content\\\/uploads\\\/2025\\\/03\\\/70035-0629162700353-3PC-TOOLSET-NAPOLEON-LEGEND.jpg\",\"width\":1200,\"height\":1156},{\"@type\":\"BreadcrumbList\",\"@id\":\"https:\\\/\\\/bbqentertainment.com\\\/toode\\\/napoleon-legend-3-osaline-grilltarvikute-komplekt-grilltangid-labidas-ja-silikoonpintsel\\\/#breadcrumb\",\"itemListElement\":[{\"@type\":\"ListItem\",\"position\":1,\"name\":\"AVALEHT\",\"item\":\"https:\\\/\\\/bbqentertainment.com\\\/en\\\/\"},{\"@type\":\"ListItem\",\"position\":2,\"name\":\"Tooted\",\"item\":\"https:\\\/\\\/bbqentertainment.com\\\/tooted\\\/\"},{\"@type\":\"ListItem\",\"position\":3,\"name\":\"Lisatarvikud\",\"item\":\"https:\\\/\\\/bbqentertainment.com\\\/tootekategooria\\\/lisatarvikud\\\/\"},{\"@type\":\"ListItem\",\"position\":4,\"name\":\"Lisatarvikud Napoleon\",\"item\":\"https:\\\/\\\/bbqentertainment.com\\\/tootekategooria\\\/lisatarvikud\\\/lisatarvikud-napoleon\\\/\"},{\"@type\":\"ListItem\",\"position\":5,\"name\":\"Napoleon Legend 3-osaline grilltarvikute komplekt (grilltangid, -labidas ja -silikoonpintsel)\"}]},{\"@type\":\"WebSite\",\"@id\":\"https:\\\/\\\/bbqentertainment.com\\\/#website\",\"url\":\"https:\\\/\\\/bbqentertainment.com\\\/\",\"name\":\"BBQ Entertainment\",\"description\":\"BBQ is a great lifestyle, not just fun!\",\"publisher\":{\"@id\":\"https:\\\/\\\/bbqentertainment.com\\\/#organization\"},\"potentialAction\":[{\"@type\":\"SearchAction\",\"target\":{\"@type\":\"EntryPoint\",\"urlTemplate\":\"https:\\\/\\\/bbqentertainment.com\\\/?s={search_term_string}\"},\"query-input\":{\"@type\":\"PropertyValueSpecification\",\"valueRequired\":true,\"valueName\":\"search_term_string\"}}],\"inLanguage\":\"en-US\"},{\"@type\":\"Organization\",\"@id\":\"https:\\\/\\\/bbqentertainment.com\\\/#organization\",\"name\":\"BBQ Entertainment O\u00dc\",\"url\":\"https:\\\/\\\/bbqentertainment.com\\\/\",\"logo\":{\"@type\":\"ImageObject\",\"inLanguage\":\"en-US\",\"@id\":\"https:\\\/\\\/bbqentertainment.com\\\/#\\\/schema\\\/logo\\\/image\\\/\",\"url\":\"https:\\\/\\\/bbqentertainment.com\\\/wp-content\\\/uploads\\\/2020\\\/04\\\/BBQ-Entertainment-N-Catering-Enn-Tobreluts-Logo.png\",\"contentUrl\":\"https:\\\/\\\/bbqentertainment.com\\\/wp-content\\\/uploads\\\/2020\\\/04\\\/BBQ-Entertainment-N-Catering-Enn-Tobreluts-Logo.png\",\"width\":628,\"height\":266,\"caption\":\"BBQ Entertainment O\u00dc\"},\"image\":{\"@id\":\"https:\\\/\\\/bbqentertainment.com\\\/#\\\/schema\\\/logo\\\/image\\\/\"},\"sameAs\":[\"https:\\\/\\\/www.facebook.com\\\/BBQ-Entertainment-N-Catering-2437913376443540\",\"https:\\\/\\\/www.instagram.com\\\/bbqentertainmentncatering\\\/\",\"https:\\\/\\\/www.youtube.com\\\/channel\\\/UCmpuANQVhLy2Md8nrenp2jA\"]}]}<\/script>\n<!-- \/ Yoast SEO plugin. -->","yoast_head_json":{"title":"Napoleon Legend 3-osaline grilltarvikute komplekt (grilltangid, -labidas ja -silikoonpintsel) - BBQ Entertainment","robots":{"index":"index","follow":"follow","max-snippet":"max-snippet:-1","max-image-preview":"max-image-preview:large","max-video-preview":"max-video-preview:-1"},"canonical":"https:\/\/bbqentertainment.com\/toode\/napoleon-legend-3-osaline-grilltarvikute-komplekt-grilltangid-labidas-ja-silikoonpintsel\/","og_locale":"en_US","og_type":"article","og_title":"Napoleon Legend 3-osaline grilltarvikute komplekt (grilltangid, -labidas ja -silikoonpintsel) - BBQ Entertainment","og_description":"Napoleon Legend 3-osaline grilltarvikute komplekt (grilltangid, -labidas ja -silikoonpintsel) \u00a0 See praktiline grillimistarvikute komplekt sisaldab tange, spaatlit ja silikoonpintslit, mis muudavad grillimise mugavamaks ja t\u00f5husamaks. Tangidel on lukustusmehhanism, mis teeb hoiustamise lihtsaks ja ruumis\u00e4\u00e4stlikuks. Spaatlil on sisseehitatud pudeliavaja \u2013 hea v\u00f5imalus avada jook ilma eraldi t\u00f6\u00f6riista otsimata. K\u00f5igil t\u00f6\u00f6riistadel on riputusaas, et need oleksid grilli juures alati k\u00e4ep\u00e4rast. Libisemiskindel ja ergonoomiline k\u00e4epide tagab kindla haarde ka kuuma ja rasvase t\u00f6\u00f6 juures. P\u00e4rast kasutamist v\u00f5ib need julgelt panna n\u00f5udepesumasinasse.","og_url":"https:\/\/bbqentertainment.com\/toode\/napoleon-legend-3-osaline-grilltarvikute-komplekt-grilltangid-labidas-ja-silikoonpintsel\/","og_site_name":"BBQ Entertainment","article_publisher":"https:\/\/www.facebook.com\/BBQ-Entertainment-N-Catering-2437913376443540","article_modified_time":"2026-04-06T09:26:39+00:00","og_image":[{"width":1200,"height":1156,"url":"https:\/\/bbqentertainment.com\/wp-content\/uploads\/2025\/03\/70035-0629162700353-3PC-TOOLSET-NAPOLEON-LEGEND.jpg","type":"image\/jpeg"}],"twitter_card":"summary_large_image","twitter_misc":{"Est. reading time":"1 minute"},"schema":{"@context":"https:\/\/schema.org","@graph":[{"@type":["WebPage","ItemPage"],"@id":"https:\/\/bbqentertainment.com\/toode\/napoleon-legend-3-osaline-grilltarvikute-komplekt-grilltangid-labidas-ja-silikoonpintsel\/","url":"https:\/\/bbqentertainment.com\/toode\/napoleon-legend-3-osaline-grilltarvikute-komplekt-grilltangid-labidas-ja-silikoonpintsel\/","name":"Napoleon Legend 3-osaline grilltarvikute komplekt (grilltangid, -labidas ja -silikoonpintsel) - BBQ Entertainment","isPartOf":{"@id":"https:\/\/bbqentertainment.com\/#website"},"primaryImageOfPage":{"@id":"https:\/\/bbqentertainment.com\/toode\/napoleon-legend-3-osaline-grilltarvikute-komplekt-grilltangid-labidas-ja-silikoonpintsel\/#primaryimage"},"image":{"@id":"https:\/\/bbqentertainment.com\/toode\/napoleon-legend-3-osaline-grilltarvikute-komplekt-grilltangid-labidas-ja-silikoonpintsel\/#primaryimage"},"thumbnailUrl":"https:\/\/bbqentertainment.com\/wp-content\/uploads\/2025\/03\/70035-0629162700353-3PC-TOOLSET-NAPOLEON-LEGEND.jpg","datePublished":"2025-03-27T11:32:49+00:00","dateModified":"2026-04-06T09:26:39+00:00","breadcrumb":{"@id":"https:\/\/bbqentertainment.com\/toode\/napoleon-legend-3-osaline-grilltarvikute-komplekt-grilltangid-labidas-ja-silikoonpintsel\/#breadcrumb"},"inLanguage":"en-US","potentialAction":[{"@type":"ReadAction","target":["https:\/\/bbqentertainment.com\/toode\/napoleon-legend-3-osaline-grilltarvikute-komplekt-grilltangid-labidas-ja-silikoonpintsel\/"]}]},{"@type":"ImageObject","inLanguage":"en-US","@id":"https:\/\/bbqentertainment.com\/toode\/napoleon-legend-3-osaline-grilltarvikute-komplekt-grilltangid-labidas-ja-silikoonpintsel\/#primaryimage","url":"https:\/\/bbqentertainment.com\/wp-content\/uploads\/2025\/03\/70035-0629162700353-3PC-TOOLSET-NAPOLEON-LEGEND.jpg","contentUrl":"https:\/\/bbqentertainment.com\/wp-content\/uploads\/2025\/03\/70035-0629162700353-3PC-TOOLSET-NAPOLEON-LEGEND.jpg","width":1200,"height":1156},{"@type":"BreadcrumbList","@id":"https:\/\/bbqentertainment.com\/toode\/napoleon-legend-3-osaline-grilltarvikute-komplekt-grilltangid-labidas-ja-silikoonpintsel\/#breadcrumb","itemListElement":[{"@type":"ListItem","position":1,"name":"AVALEHT","item":"https:\/\/bbqentertainment.com\/en\/"},{"@type":"ListItem","position":2,"name":"Tooted","item":"https:\/\/bbqentertainment.com\/tooted\/"},{"@type":"ListItem","position":3,"name":"Lisatarvikud","item":"https:\/\/bbqentertainment.com\/tootekategooria\/lisatarvikud\/"},{"@type":"ListItem","position":4,"name":"Lisatarvikud Napoleon","item":"https:\/\/bbqentertainment.com\/tootekategooria\/lisatarvikud\/lisatarvikud-napoleon\/"},{"@type":"ListItem","position":5,"name":"Napoleon Legend 3-osaline grilltarvikute komplekt (grilltangid, -labidas ja -silikoonpintsel)"}]},{"@type":"WebSite","@id":"https:\/\/bbqentertainment.com\/#website","url":"https:\/\/bbqentertainment.com\/","name":"BBQ Entertainment","description":"BBQ is a great lifestyle, not just fun!","publisher":{"@id":"https:\/\/bbqentertainment.com\/#organization"},"potentialAction":[{"@type":"SearchAction","target":{"@type":"EntryPoint","urlTemplate":"https:\/\/bbqentertainment.com\/?s={search_term_string}"},"query-input":{"@type":"PropertyValueSpecification","valueRequired":true,"valueName":"search_term_string"}}],"inLanguage":"en-US"},{"@type":"Organization","@id":"https:\/\/bbqentertainment.com\/#organization","name":"BBQ Entertainment O\u00dc","url":"https:\/\/bbqentertainment.com\/","logo":{"@type":"ImageObject","inLanguage":"en-US","@id":"https:\/\/bbqentertainment.com\/#\/schema\/logo\/image\/","url":"https:\/\/bbqentertainment.com\/wp-content\/uploads\/2020\/04\/BBQ-Entertainment-N-Catering-Enn-Tobreluts-Logo.png","contentUrl":"https:\/\/bbqentertainment.com\/wp-content\/uploads\/2020\/04\/BBQ-Entertainment-N-Catering-Enn-Tobreluts-Logo.png","width":628,"height":266,"caption":"BBQ Entertainment O\u00dc"},"image":{"@id":"https:\/\/bbqentertainment.com\/#\/schema\/logo\/image\/"},"sameAs":["https:\/\/www.facebook.com\/BBQ-Entertainment-N-Catering-2437913376443540","https:\/\/www.instagram.com\/bbqentertainmentncatering\/","https:\/\/www.youtube.com\/channel\/UCmpuANQVhLy2Md8nrenp2jA"]}]}},"_links":{"self":[{"href":"https:\/\/bbqentertainment.com\/en\/wp-json\/wp\/v2\/product\/250844","targetHints":{"allow":["GET"]}}],"collection":[{"href":"https:\/\/bbqentertainment.com\/en\/wp-json\/wp\/v2\/product"}],"about":[{"href":"https:\/\/bbqentertainment.com\/en\/wp-json\/wp\/v2\/types\/product"}],"wp:featuredmedia":[{"embeddable":true,"href":"https:\/\/bbqentertainment.com\/en\/wp-json\/wp\/v2\/media\/250845"}],"wp:attachment":[{"href":"https:\/\/bbqentertainment.com\/en\/wp-json\/wp\/v2\/media?parent=250844"}],"wp:term":[{"taxonomy":"product_brand","embeddable":true,"href":"https:\/\/bbqentertainment.com\/en\/wp-json\/wp\/v2\/product_brand?post=250844"},{"taxonomy":"product_cat","embeddable":true,"href":"https:\/\/bbqentertainment.com\/en\/wp-json\/wp\/v2\/product_cat?post=250844"},{"taxonomy":"product_tag","embeddable":true,"href":"https:\/\/bbqentertainment.com\/en\/wp-json\/wp\/v2\/product_tag?post=250844"}],"curies":[{"name":"wp","href":"https:\/\/api.w.org\/{rel}","templated":true}]}}