{"id":250965,"date":"2025-03-30T23:26:39","date_gmt":"2025-03-30T20:26:39","guid":{"rendered":"https:\/\/bbqentertainment.com\/?post_type=product&#038;p=250965"},"modified":"2026-04-06T12:26:39","modified_gmt":"2026-04-06T09:26:39","slug":"napoleon-bambusest-uhekordsed-grillvardad-15cm-48tk","status":"publish","type":"product","link":"https:\/\/bbqentertainment.com\/en\/toode\/napoleon-bambusest-uhekordsed-grillvardad-15cm-48tk\/","title":{"rendered":"Napoleon bambusest \u00fchekordsed grillvardad 15cm (48tk)"},"content":{"rendered":"","protected":false},"excerpt":{"rendered":"<h3>Napoleon bambusest \u00fchekordsed grillvardad 15cm (48tk)<\/h3>\n<p data-start=\"51\" data-end=\"294\">Napoleoni 15 cm pikkused bambusest grillvardad sobivad h\u00e4sti eelroogade ja v\u00e4iksemate grilltoitude valmistamiseks, nii grillil kui ilma. Vardad on piisavalt tugevad ja \u00f5ige paksusega, et toit ei puruneks ega keerle varrasel k\u00fcpsetamise ajal.<\/p>\n<p data-start=\"296\" data-end=\"490\">Ergonoomiline tabaga ots teeb vardad mugavalt k\u00e4sitsetavaks \u2013 neid on lihtne keerata ja serveerida. Vardad on valmistatud taastuvast loodusmaterjalist ning sobivad ka toidu kauniks esitlemiseks.<\/p>\n<p data-start=\"492\" data-end=\"505\"><strong data-start=\"492\" data-end=\"505\">Omadused:<\/strong><\/p>\n<ul data-start=\"506\" data-end=\"721\" data-is-only-node=\"\" data-is-last-node=\"\">\n<li data-start=\"506\" data-end=\"523\">pikkus: 15 cm<\/li>\n<li data-start=\"524\" data-end=\"549\">kogus pakendis: 48 tk<\/li>\n<li data-start=\"550\" data-end=\"598\">tugev ja stabiilne \u2013 hoiab toidu kindlalt paigal ega lase sellel varrasel keerelda<\/li>\n<li data-start=\"599\" data-end=\"619\">Laiendatud ots \u2013 mugav haarata ja keerata grillimisel<\/li>\n<li data-start=\"620\" data-end=\"660\">sobib grillimiseks ja serveerimiseks<\/li>\n<li data-start=\"661\" data-end=\"721\" data-is-last-node=\"\">valmistatud bambusest \u2013 taastuv ja looduss\u00f5bralik materjal<\/li>\n<\/ul>\n<p>&nbsp;<\/p>\n","protected":false},"featured_media":245437,"template":"","meta":{"inline_featured_image":false},"product_brand":[],"product_cat":[92,562,479],"product_tag":[],"class_list":{"0":"post-250965","1":"product","2":"type-product","3":"status-publish","4":"has-post-thumbnail","6":"product_cat-lisatarvikud","7":"product_cat-lisatarvikud-napoleon","8":"product_cat-grillitarvikud","10":"first","11":"instock","12":"taxable","13":"shipping-taxable","14":"purchasable","15":"product-type-simple"},"yoast_head":"<!-- This site is optimized with the Yoast SEO plugin v27.4 - https:\/\/yoast.com\/product\/yoast-seo-wordpress\/ -->\n<title>Napoleon bambusest \u00fchekordsed grillvardad 15cm (48tk) - BBQ Entertainment<\/title>\n<meta name=\"robots\" content=\"index, follow, max-snippet:-1, max-image-preview:large, max-video-preview:-1\" \/>\n<link rel=\"canonical\" href=\"https:\/\/bbqentertainment.com\/toode\/napoleon-bambusest-uhekordsed-grillvardad-15cm-48tk\/\" \/>\n<meta property=\"og:locale\" content=\"en_US\" \/>\n<meta property=\"og:type\" content=\"article\" \/>\n<meta property=\"og:title\" content=\"Napoleon bambusest \u00fchekordsed grillvardad 15cm (48tk) - BBQ Entertainment\" \/>\n<meta property=\"og:description\" content=\"Napoleon bambusest \u00fchekordsed grillvardad 15cm (48tk) Napoleoni 15 cm pikkused bambusest grillvardad sobivad h\u00e4sti eelroogade ja v\u00e4iksemate grilltoitude valmistamiseks, nii grillil kui ilma. Vardad on piisavalt tugevad ja \u00f5ige paksusega, et toit ei puruneks ega keerle varrasel k\u00fcpsetamise ajal. Ergonoomiline tabaga ots teeb vardad mugavalt k\u00e4sitsetavaks \u2013 neid on lihtne keerata ja serveerida. Vardad on valmistatud taastuvast loodusmaterjalist ning sobivad ka toidu kauniks esitlemiseks. Omadused:    pikkus: 15 cm  kogus pakendis: 48 tk  tugev ja stabiilne \u2013 hoiab toidu kindlalt paigal ega lase sellel varrasel keerelda  Laiendatud ots \u2013 mugav haarata ja keerata grillimisel  sobib grillimiseks ja serveerimiseks  valmistatud bambusest \u2013 taastuv ja looduss\u00f5bralik materjal  &nbsp;\" \/>\n<meta property=\"og:url\" content=\"https:\/\/bbqentertainment.com\/toode\/napoleon-bambusest-uhekordsed-grillvardad-15cm-48tk\/\" \/>\n<meta property=\"og:site_name\" content=\"BBQ Entertainment\" \/>\n<meta property=\"article:publisher\" content=\"https:\/\/www.facebook.com\/BBQ-Entertainment-N-Catering-2437913376443540\" \/>\n<meta property=\"article:modified_time\" content=\"2026-04-06T09:26:39+00:00\" \/>\n<meta property=\"og:image\" content=\"https:\/\/bbqentertainment.com\/wp-content\/uploads\/2024\/01\/BBQ-Entertainment-Napoleon-bambusest-varrastikud-2.jpg\" \/>\n\t<meta property=\"og:image:width\" content=\"930\" \/>\n\t<meta property=\"og:image:height\" content=\"930\" \/>\n\t<meta property=\"og:image:type\" content=\"image\/jpeg\" \/>\n<meta name=\"twitter:card\" content=\"summary_large_image\" \/>\n<meta name=\"twitter:label1\" content=\"Est. reading time\" \/>\n\t<meta name=\"twitter:data1\" content=\"1 minute\" \/>\n<script type=\"application\/ld+json\" class=\"yoast-schema-graph\">{\"@context\":\"https:\\\/\\\/schema.org\",\"@graph\":[{\"@type\":[\"WebPage\",\"ItemPage\"],\"@id\":\"https:\\\/\\\/bbqentertainment.com\\\/toode\\\/napoleon-bambusest-uhekordsed-grillvardad-15cm-48tk\\\/\",\"url\":\"https:\\\/\\\/bbqentertainment.com\\\/toode\\\/napoleon-bambusest-uhekordsed-grillvardad-15cm-48tk\\\/\",\"name\":\"Napoleon bambusest \u00fchekordsed grillvardad 15cm (48tk) - BBQ Entertainment\",\"isPartOf\":{\"@id\":\"https:\\\/\\\/bbqentertainment.com\\\/#website\"},\"primaryImageOfPage\":{\"@id\":\"https:\\\/\\\/bbqentertainment.com\\\/toode\\\/napoleon-bambusest-uhekordsed-grillvardad-15cm-48tk\\\/#primaryimage\"},\"image\":{\"@id\":\"https:\\\/\\\/bbqentertainment.com\\\/toode\\\/napoleon-bambusest-uhekordsed-grillvardad-15cm-48tk\\\/#primaryimage\"},\"thumbnailUrl\":\"https:\\\/\\\/bbqentertainment.com\\\/wp-content\\\/uploads\\\/2024\\\/01\\\/BBQ-Entertainment-Napoleon-bambusest-varrastikud-2.jpg\",\"datePublished\":\"2025-03-30T20:26:39+00:00\",\"dateModified\":\"2026-04-06T09:26:39+00:00\",\"breadcrumb\":{\"@id\":\"https:\\\/\\\/bbqentertainment.com\\\/toode\\\/napoleon-bambusest-uhekordsed-grillvardad-15cm-48tk\\\/#breadcrumb\"},\"inLanguage\":\"en-US\",\"potentialAction\":[{\"@type\":\"ReadAction\",\"target\":[\"https:\\\/\\\/bbqentertainment.com\\\/toode\\\/napoleon-bambusest-uhekordsed-grillvardad-15cm-48tk\\\/\"]}]},{\"@type\":\"ImageObject\",\"inLanguage\":\"en-US\",\"@id\":\"https:\\\/\\\/bbqentertainment.com\\\/toode\\\/napoleon-bambusest-uhekordsed-grillvardad-15cm-48tk\\\/#primaryimage\",\"url\":\"https:\\\/\\\/bbqentertainment.com\\\/wp-content\\\/uploads\\\/2024\\\/01\\\/BBQ-Entertainment-Napoleon-bambusest-varrastikud-2.jpg\",\"contentUrl\":\"https:\\\/\\\/bbqentertainment.com\\\/wp-content\\\/uploads\\\/2024\\\/01\\\/BBQ-Entertainment-Napoleon-bambusest-varrastikud-2.jpg\",\"width\":930,\"height\":930},{\"@type\":\"BreadcrumbList\",\"@id\":\"https:\\\/\\\/bbqentertainment.com\\\/toode\\\/napoleon-bambusest-uhekordsed-grillvardad-15cm-48tk\\\/#breadcrumb\",\"itemListElement\":[{\"@type\":\"ListItem\",\"position\":1,\"name\":\"AVALEHT\",\"item\":\"https:\\\/\\\/bbqentertainment.com\\\/en\\\/\"},{\"@type\":\"ListItem\",\"position\":2,\"name\":\"Tooted\",\"item\":\"https:\\\/\\\/bbqentertainment.com\\\/tooted\\\/\"},{\"@type\":\"ListItem\",\"position\":3,\"name\":\"Lisatarvikud\",\"item\":\"https:\\\/\\\/bbqentertainment.com\\\/tootekategooria\\\/lisatarvikud\\\/\"},{\"@type\":\"ListItem\",\"position\":4,\"name\":\"Lisatarvikud Napoleon\",\"item\":\"https:\\\/\\\/bbqentertainment.com\\\/tootekategooria\\\/lisatarvikud\\\/lisatarvikud-napoleon\\\/\"},{\"@type\":\"ListItem\",\"position\":5,\"name\":\"Napoleon bambusest \u00fchekordsed grillvardad 15cm (48tk)\"}]},{\"@type\":\"WebSite\",\"@id\":\"https:\\\/\\\/bbqentertainment.com\\\/#website\",\"url\":\"https:\\\/\\\/bbqentertainment.com\\\/\",\"name\":\"BBQ Entertainment\",\"description\":\"BBQ is a great lifestyle, not just fun!\",\"publisher\":{\"@id\":\"https:\\\/\\\/bbqentertainment.com\\\/#organization\"},\"potentialAction\":[{\"@type\":\"SearchAction\",\"target\":{\"@type\":\"EntryPoint\",\"urlTemplate\":\"https:\\\/\\\/bbqentertainment.com\\\/?s={search_term_string}\"},\"query-input\":{\"@type\":\"PropertyValueSpecification\",\"valueRequired\":true,\"valueName\":\"search_term_string\"}}],\"inLanguage\":\"en-US\"},{\"@type\":\"Organization\",\"@id\":\"https:\\\/\\\/bbqentertainment.com\\\/#organization\",\"name\":\"BBQ Entertainment O\u00dc\",\"url\":\"https:\\\/\\\/bbqentertainment.com\\\/\",\"logo\":{\"@type\":\"ImageObject\",\"inLanguage\":\"en-US\",\"@id\":\"https:\\\/\\\/bbqentertainment.com\\\/#\\\/schema\\\/logo\\\/image\\\/\",\"url\":\"https:\\\/\\\/bbqentertainment.com\\\/wp-content\\\/uploads\\\/2020\\\/04\\\/BBQ-Entertainment-N-Catering-Enn-Tobreluts-Logo.png\",\"contentUrl\":\"https:\\\/\\\/bbqentertainment.com\\\/wp-content\\\/uploads\\\/2020\\\/04\\\/BBQ-Entertainment-N-Catering-Enn-Tobreluts-Logo.png\",\"width\":628,\"height\":266,\"caption\":\"BBQ Entertainment O\u00dc\"},\"image\":{\"@id\":\"https:\\\/\\\/bbqentertainment.com\\\/#\\\/schema\\\/logo\\\/image\\\/\"},\"sameAs\":[\"https:\\\/\\\/www.facebook.com\\\/BBQ-Entertainment-N-Catering-2437913376443540\",\"https:\\\/\\\/www.instagram.com\\\/bbqentertainmentncatering\\\/\",\"https:\\\/\\\/www.youtube.com\\\/channel\\\/UCmpuANQVhLy2Md8nrenp2jA\"]}]}<\/script>\n<!-- \/ Yoast SEO plugin. -->","yoast_head_json":{"title":"Napoleon bambusest \u00fchekordsed grillvardad 15cm (48tk) - BBQ Entertainment","robots":{"index":"index","follow":"follow","max-snippet":"max-snippet:-1","max-image-preview":"max-image-preview:large","max-video-preview":"max-video-preview:-1"},"canonical":"https:\/\/bbqentertainment.com\/toode\/napoleon-bambusest-uhekordsed-grillvardad-15cm-48tk\/","og_locale":"en_US","og_type":"article","og_title":"Napoleon bambusest \u00fchekordsed grillvardad 15cm (48tk) - BBQ Entertainment","og_description":"Napoleon bambusest \u00fchekordsed grillvardad 15cm (48tk) Napoleoni 15 cm pikkused bambusest grillvardad sobivad h\u00e4sti eelroogade ja v\u00e4iksemate grilltoitude valmistamiseks, nii grillil kui ilma. Vardad on piisavalt tugevad ja \u00f5ige paksusega, et toit ei puruneks ega keerle varrasel k\u00fcpsetamise ajal. Ergonoomiline tabaga ots teeb vardad mugavalt k\u00e4sitsetavaks \u2013 neid on lihtne keerata ja serveerida. Vardad on valmistatud taastuvast loodusmaterjalist ning sobivad ka toidu kauniks esitlemiseks. Omadused:    pikkus: 15 cm  kogus pakendis: 48 tk  tugev ja stabiilne \u2013 hoiab toidu kindlalt paigal ega lase sellel varrasel keerelda  Laiendatud ots \u2013 mugav haarata ja keerata grillimisel  sobib grillimiseks ja serveerimiseks  valmistatud bambusest \u2013 taastuv ja looduss\u00f5bralik materjal  &nbsp;","og_url":"https:\/\/bbqentertainment.com\/toode\/napoleon-bambusest-uhekordsed-grillvardad-15cm-48tk\/","og_site_name":"BBQ Entertainment","article_publisher":"https:\/\/www.facebook.com\/BBQ-Entertainment-N-Catering-2437913376443540","article_modified_time":"2026-04-06T09:26:39+00:00","og_image":[{"width":930,"height":930,"url":"https:\/\/bbqentertainment.com\/wp-content\/uploads\/2024\/01\/BBQ-Entertainment-Napoleon-bambusest-varrastikud-2.jpg","type":"image\/jpeg"}],"twitter_card":"summary_large_image","twitter_misc":{"Est. reading time":"1 minute"},"schema":{"@context":"https:\/\/schema.org","@graph":[{"@type":["WebPage","ItemPage"],"@id":"https:\/\/bbqentertainment.com\/toode\/napoleon-bambusest-uhekordsed-grillvardad-15cm-48tk\/","url":"https:\/\/bbqentertainment.com\/toode\/napoleon-bambusest-uhekordsed-grillvardad-15cm-48tk\/","name":"Napoleon bambusest \u00fchekordsed grillvardad 15cm (48tk) - BBQ Entertainment","isPartOf":{"@id":"https:\/\/bbqentertainment.com\/#website"},"primaryImageOfPage":{"@id":"https:\/\/bbqentertainment.com\/toode\/napoleon-bambusest-uhekordsed-grillvardad-15cm-48tk\/#primaryimage"},"image":{"@id":"https:\/\/bbqentertainment.com\/toode\/napoleon-bambusest-uhekordsed-grillvardad-15cm-48tk\/#primaryimage"},"thumbnailUrl":"https:\/\/bbqentertainment.com\/wp-content\/uploads\/2024\/01\/BBQ-Entertainment-Napoleon-bambusest-varrastikud-2.jpg","datePublished":"2025-03-30T20:26:39+00:00","dateModified":"2026-04-06T09:26:39+00:00","breadcrumb":{"@id":"https:\/\/bbqentertainment.com\/toode\/napoleon-bambusest-uhekordsed-grillvardad-15cm-48tk\/#breadcrumb"},"inLanguage":"en-US","potentialAction":[{"@type":"ReadAction","target":["https:\/\/bbqentertainment.com\/toode\/napoleon-bambusest-uhekordsed-grillvardad-15cm-48tk\/"]}]},{"@type":"ImageObject","inLanguage":"en-US","@id":"https:\/\/bbqentertainment.com\/toode\/napoleon-bambusest-uhekordsed-grillvardad-15cm-48tk\/#primaryimage","url":"https:\/\/bbqentertainment.com\/wp-content\/uploads\/2024\/01\/BBQ-Entertainment-Napoleon-bambusest-varrastikud-2.jpg","contentUrl":"https:\/\/bbqentertainment.com\/wp-content\/uploads\/2024\/01\/BBQ-Entertainment-Napoleon-bambusest-varrastikud-2.jpg","width":930,"height":930},{"@type":"BreadcrumbList","@id":"https:\/\/bbqentertainment.com\/toode\/napoleon-bambusest-uhekordsed-grillvardad-15cm-48tk\/#breadcrumb","itemListElement":[{"@type":"ListItem","position":1,"name":"AVALEHT","item":"https:\/\/bbqentertainment.com\/en\/"},{"@type":"ListItem","position":2,"name":"Tooted","item":"https:\/\/bbqentertainment.com\/tooted\/"},{"@type":"ListItem","position":3,"name":"Lisatarvikud","item":"https:\/\/bbqentertainment.com\/tootekategooria\/lisatarvikud\/"},{"@type":"ListItem","position":4,"name":"Lisatarvikud Napoleon","item":"https:\/\/bbqentertainment.com\/tootekategooria\/lisatarvikud\/lisatarvikud-napoleon\/"},{"@type":"ListItem","position":5,"name":"Napoleon bambusest \u00fchekordsed grillvardad 15cm (48tk)"}]},{"@type":"WebSite","@id":"https:\/\/bbqentertainment.com\/#website","url":"https:\/\/bbqentertainment.com\/","name":"BBQ Entertainment","description":"BBQ is a great lifestyle, not just fun!","publisher":{"@id":"https:\/\/bbqentertainment.com\/#organization"},"potentialAction":[{"@type":"SearchAction","target":{"@type":"EntryPoint","urlTemplate":"https:\/\/bbqentertainment.com\/?s={search_term_string}"},"query-input":{"@type":"PropertyValueSpecification","valueRequired":true,"valueName":"search_term_string"}}],"inLanguage":"en-US"},{"@type":"Organization","@id":"https:\/\/bbqentertainment.com\/#organization","name":"BBQ Entertainment O\u00dc","url":"https:\/\/bbqentertainment.com\/","logo":{"@type":"ImageObject","inLanguage":"en-US","@id":"https:\/\/bbqentertainment.com\/#\/schema\/logo\/image\/","url":"https:\/\/bbqentertainment.com\/wp-content\/uploads\/2020\/04\/BBQ-Entertainment-N-Catering-Enn-Tobreluts-Logo.png","contentUrl":"https:\/\/bbqentertainment.com\/wp-content\/uploads\/2020\/04\/BBQ-Entertainment-N-Catering-Enn-Tobreluts-Logo.png","width":628,"height":266,"caption":"BBQ Entertainment O\u00dc"},"image":{"@id":"https:\/\/bbqentertainment.com\/#\/schema\/logo\/image\/"},"sameAs":["https:\/\/www.facebook.com\/BBQ-Entertainment-N-Catering-2437913376443540","https:\/\/www.instagram.com\/bbqentertainmentncatering\/","https:\/\/www.youtube.com\/channel\/UCmpuANQVhLy2Md8nrenp2jA"]}]}},"_links":{"self":[{"href":"https:\/\/bbqentertainment.com\/en\/wp-json\/wp\/v2\/product\/250965","targetHints":{"allow":["GET"]}}],"collection":[{"href":"https:\/\/bbqentertainment.com\/en\/wp-json\/wp\/v2\/product"}],"about":[{"href":"https:\/\/bbqentertainment.com\/en\/wp-json\/wp\/v2\/types\/product"}],"wp:featuredmedia":[{"embeddable":true,"href":"https:\/\/bbqentertainment.com\/en\/wp-json\/wp\/v2\/media\/245437"}],"wp:attachment":[{"href":"https:\/\/bbqentertainment.com\/en\/wp-json\/wp\/v2\/media?parent=250965"}],"wp:term":[{"taxonomy":"product_brand","embeddable":true,"href":"https:\/\/bbqentertainment.com\/en\/wp-json\/wp\/v2\/product_brand?post=250965"},{"taxonomy":"product_cat","embeddable":true,"href":"https:\/\/bbqentertainment.com\/en\/wp-json\/wp\/v2\/product_cat?post=250965"},{"taxonomy":"product_tag","embeddable":true,"href":"https:\/\/bbqentertainment.com\/en\/wp-json\/wp\/v2\/product_tag?post=250965"}],"curies":[{"name":"wp","href":"https:\/\/api.w.org\/{rel}","templated":true}]}}