{"id":250967,"date":"2025-03-30T23:42:11","date_gmt":"2025-03-30T20:42:11","guid":{"rendered":"https:\/\/bbqentertainment.com\/?post_type=product&#038;p=250967"},"modified":"2026-04-06T12:26:40","modified_gmt":"2026-04-06T09:26:40","slug":"napoleon-bbq-kuumakindad-libisemiskindla-silikoonmustriga","status":"publish","type":"product","link":"https:\/\/bbqentertainment.com\/en\/toode\/napoleon-bbq-kuumakindad-libisemiskindla-silikoonmustriga\/","title":{"rendered":"Napoleon BBQ kuumakinnas libisemiskindla silikoonmustriga"},"content":{"rendered":"","protected":false},"excerpt":{"rendered":"<h3>Napoleon BBQ kuumakinnas libisemiskindla silikoonmustriga<\/h3>\n<p data-start=\"52\" data-end=\"384\">Napoleon kuumakindel kindas kaitseb kuni 246\u202f\u00b0C (475\u202f\u00b0F) kuumuse eest ja sobib kasutamiseks nii kodus, \u00f5ues kui ka grillimisel. Valmistatud aramiidkiust \u2013 samast materjalist, mida kasutatakse lennunduses ja kaitseriietuses. Pehme puuvillane vooder tagab mugavuse ning hallid silikoonribad m\u00f5lemal pool kinnast tagavad kindla haarde.<\/p>\n<p data-start=\"386\" data-end=\"399\"><strong data-start=\"386\" data-end=\"399\">Omadused<\/strong><\/p>\n<ul data-start=\"400\" data-end=\"714\">\n<li data-start=\"568\" data-end=\"631\">P\u00f6\u00f6ratav disain \u2013 sobib nii parema- kui vasakuk\u00e4elisele<\/li>\n<li data-start=\"632\" data-end=\"669\">Masinpestav \u2013 lihtne hooldada<\/li>\n<\/ul>\n<p data-start=\"716\" data-end=\"789\"><strong data-start=\"716\" data-end=\"727\">M\u00f5\u00f5dud:<\/strong><br data-start=\"727\" data-end=\"730\" \/>pikkus: 36 cm<br data-start=\"743\" data-end=\"746\" \/>laius: 16 cm<\/p>\n<p data-start=\"716\" data-end=\"789\">Usaldusv\u00e4\u00e4rne valik, kui vajad kaitset kuumade esemete k\u00e4sitsemisel k\u00f6\u00f6gis v\u00f5i grillil!<\/p>\n","protected":false},"featured_media":250970,"template":"","meta":{"inline_featured_image":false},"product_brand":[],"product_cat":[92,562,374],"product_tag":[],"class_list":{"0":"post-250967","1":"product","2":"type-product","3":"status-publish","4":"has-post-thumbnail","6":"product_cat-lisatarvikud","7":"product_cat-lisatarvikud-napoleon","8":"product_cat-kokapolled-ja-kindad","10":"first","11":"instock","12":"taxable","13":"shipping-taxable","14":"purchasable","15":"product-type-simple"},"yoast_head":"<!-- This site is optimized with the Yoast SEO plugin v27.2 - https:\/\/yoast.com\/product\/yoast-seo-wordpress\/ -->\n<title>Napoleon BBQ kuumakinnas libisemiskindla silikoonmustriga - BBQ Entertainment<\/title>\n<meta name=\"robots\" content=\"index, follow, max-snippet:-1, max-image-preview:large, max-video-preview:-1\" \/>\n<link rel=\"canonical\" href=\"https:\/\/bbqentertainment.com\/toode\/napoleon-bbq-kuumakindad-libisemiskindla-silikoonmustriga\/\" \/>\n<meta property=\"og:locale\" content=\"en_US\" \/>\n<meta property=\"og:type\" content=\"article\" \/>\n<meta property=\"og:title\" content=\"Napoleon BBQ kuumakinnas libisemiskindla silikoonmustriga - BBQ Entertainment\" \/>\n<meta property=\"og:description\" content=\"Napoleon BBQ kuumakinnas libisemiskindla silikoonmustriga Napoleon kuumakindel kindas kaitseb kuni 246\u202f\u00b0C (475\u202f\u00b0F) kuumuse eest ja sobib kasutamiseks nii kodus, \u00f5ues kui ka grillimisel. Valmistatud aramiidkiust \u2013 samast materjalist, mida kasutatakse lennunduses ja kaitseriietuses. Pehme puuvillane vooder tagab mugavuse ning hallid silikoonribad m\u00f5lemal pool kinnast tagavad kindla haarde. Omadused    P\u00f6\u00f6ratav disain \u2013 sobib nii parema- kui vasakuk\u00e4elisele  Masinpestav \u2013 lihtne hooldada  M\u00f5\u00f5dud:pikkus: 36 cmlaius: 16 cm Usaldusv\u00e4\u00e4rne valik, kui vajad kaitset kuumade esemete k\u00e4sitsemisel k\u00f6\u00f6gis v\u00f5i grillil!\" \/>\n<meta property=\"og:url\" content=\"https:\/\/bbqentertainment.com\/toode\/napoleon-bbq-kuumakindad-libisemiskindla-silikoonmustriga\/\" \/>\n<meta property=\"og:site_name\" content=\"BBQ Entertainment\" \/>\n<meta property=\"article:publisher\" content=\"https:\/\/www.facebook.com\/BBQ-Entertainment-N-Catering-2437913376443540\" \/>\n<meta property=\"article:modified_time\" content=\"2026-04-06T09:26:40+00:00\" \/>\n<meta property=\"og:image\" content=\"https:\/\/bbqentertainment.com\/wp-content\/uploads\/2025\/03\/napoleon-napoleon-heat-resistant-bbq-glove-62145-62145-accessory-wearable-629162621450-14174122672190_420x420.jpg\" \/>\n\t<meta property=\"og:image:width\" content=\"420\" \/>\n\t<meta property=\"og:image:height\" content=\"420\" \/>\n\t<meta property=\"og:image:type\" content=\"image\/jpeg\" \/>\n<meta name=\"twitter:card\" content=\"summary_large_image\" \/>\n<meta name=\"twitter:label1\" content=\"Est. reading time\" \/>\n\t<meta name=\"twitter:data1\" content=\"1 minute\" \/>\n<script type=\"application\/ld+json\" class=\"yoast-schema-graph\">{\"@context\":\"https:\/\/schema.org\",\"@graph\":[{\"@type\":[\"WebPage\",\"ItemPage\"],\"@id\":\"https:\/\/bbqentertainment.com\/toode\/napoleon-bbq-kuumakindad-libisemiskindla-silikoonmustriga\/\",\"url\":\"https:\/\/bbqentertainment.com\/toode\/napoleon-bbq-kuumakindad-libisemiskindla-silikoonmustriga\/\",\"name\":\"Napoleon BBQ kuumakinnas libisemiskindla silikoonmustriga - BBQ Entertainment\",\"isPartOf\":{\"@id\":\"https:\/\/bbqentertainment.com\/#website\"},\"primaryImageOfPage\":{\"@id\":\"https:\/\/bbqentertainment.com\/toode\/napoleon-bbq-kuumakindad-libisemiskindla-silikoonmustriga\/#primaryimage\"},\"image\":{\"@id\":\"https:\/\/bbqentertainment.com\/toode\/napoleon-bbq-kuumakindad-libisemiskindla-silikoonmustriga\/#primaryimage\"},\"thumbnailUrl\":\"https:\/\/bbqentertainment.com\/wp-content\/uploads\/2025\/03\/napoleon-napoleon-heat-resistant-bbq-glove-62145-62145-accessory-wearable-629162621450-14174122672190_420x420.jpg\",\"datePublished\":\"2025-03-30T20:42:11+00:00\",\"dateModified\":\"2026-04-06T09:26:40+00:00\",\"breadcrumb\":{\"@id\":\"https:\/\/bbqentertainment.com\/toode\/napoleon-bbq-kuumakindad-libisemiskindla-silikoonmustriga\/#breadcrumb\"},\"inLanguage\":\"en-US\",\"potentialAction\":[{\"@type\":\"ReadAction\",\"target\":[\"https:\/\/bbqentertainment.com\/toode\/napoleon-bbq-kuumakindad-libisemiskindla-silikoonmustriga\/\"]}]},{\"@type\":\"ImageObject\",\"inLanguage\":\"en-US\",\"@id\":\"https:\/\/bbqentertainment.com\/toode\/napoleon-bbq-kuumakindad-libisemiskindla-silikoonmustriga\/#primaryimage\",\"url\":\"https:\/\/bbqentertainment.com\/wp-content\/uploads\/2025\/03\/napoleon-napoleon-heat-resistant-bbq-glove-62145-62145-accessory-wearable-629162621450-14174122672190_420x420.jpg\",\"contentUrl\":\"https:\/\/bbqentertainment.com\/wp-content\/uploads\/2025\/03\/napoleon-napoleon-heat-resistant-bbq-glove-62145-62145-accessory-wearable-629162621450-14174122672190_420x420.jpg\",\"width\":420,\"height\":420},{\"@type\":\"BreadcrumbList\",\"@id\":\"https:\/\/bbqentertainment.com\/toode\/napoleon-bbq-kuumakindad-libisemiskindla-silikoonmustriga\/#breadcrumb\",\"itemListElement\":[{\"@type\":\"ListItem\",\"position\":1,\"name\":\"AVALEHT\",\"item\":\"https:\/\/bbqentertainment.com\/en\/\"},{\"@type\":\"ListItem\",\"position\":2,\"name\":\"Tooted\",\"item\":\"https:\/\/bbqentertainment.com\/tooted\/\"},{\"@type\":\"ListItem\",\"position\":3,\"name\":\"Lisatarvikud\",\"item\":\"https:\/\/bbqentertainment.com\/tootekategooria\/lisatarvikud\/\"},{\"@type\":\"ListItem\",\"position\":4,\"name\":\"Lisatarvikud Napoleon\",\"item\":\"https:\/\/bbqentertainment.com\/tootekategooria\/lisatarvikud\/lisatarvikud-napoleon\/\"},{\"@type\":\"ListItem\",\"position\":5,\"name\":\"Napoleon BBQ kuumakinnas libisemiskindla silikoonmustriga\"}]},{\"@type\":\"WebSite\",\"@id\":\"https:\/\/bbqentertainment.com\/#website\",\"url\":\"https:\/\/bbqentertainment.com\/\",\"name\":\"BBQ Entertainment\",\"description\":\"BBQ is a great lifestyle, not just fun!\",\"publisher\":{\"@id\":\"https:\/\/bbqentertainment.com\/#organization\"},\"potentialAction\":[{\"@type\":\"SearchAction\",\"target\":{\"@type\":\"EntryPoint\",\"urlTemplate\":\"https:\/\/bbqentertainment.com\/?s={search_term_string}\"},\"query-input\":{\"@type\":\"PropertyValueSpecification\",\"valueRequired\":true,\"valueName\":\"search_term_string\"}}],\"inLanguage\":\"en-US\"},{\"@type\":\"Organization\",\"@id\":\"https:\/\/bbqentertainment.com\/#organization\",\"name\":\"BBQ Entertainment O\u00dc\",\"url\":\"https:\/\/bbqentertainment.com\/\",\"logo\":{\"@type\":\"ImageObject\",\"inLanguage\":\"en-US\",\"@id\":\"https:\/\/bbqentertainment.com\/#\/schema\/logo\/image\/\",\"url\":\"https:\/\/bbqentertainment.com\/wp-content\/uploads\/2020\/04\/BBQ-Entertainment-N-Catering-Enn-Tobreluts-Logo.png\",\"contentUrl\":\"https:\/\/bbqentertainment.com\/wp-content\/uploads\/2020\/04\/BBQ-Entertainment-N-Catering-Enn-Tobreluts-Logo.png\",\"width\":628,\"height\":266,\"caption\":\"BBQ Entertainment O\u00dc\"},\"image\":{\"@id\":\"https:\/\/bbqentertainment.com\/#\/schema\/logo\/image\/\"},\"sameAs\":[\"https:\/\/www.facebook.com\/BBQ-Entertainment-N-Catering-2437913376443540\",\"https:\/\/www.instagram.com\/bbqentertainmentncatering\/\",\"https:\/\/www.youtube.com\/channel\/UCmpuANQVhLy2Md8nrenp2jA\"]}]}<\/script>\n<!-- \/ Yoast SEO plugin. -->","yoast_head_json":{"title":"Napoleon BBQ kuumakinnas libisemiskindla silikoonmustriga - BBQ Entertainment","robots":{"index":"index","follow":"follow","max-snippet":"max-snippet:-1","max-image-preview":"max-image-preview:large","max-video-preview":"max-video-preview:-1"},"canonical":"https:\/\/bbqentertainment.com\/toode\/napoleon-bbq-kuumakindad-libisemiskindla-silikoonmustriga\/","og_locale":"en_US","og_type":"article","og_title":"Napoleon BBQ kuumakinnas libisemiskindla silikoonmustriga - BBQ Entertainment","og_description":"Napoleon BBQ kuumakinnas libisemiskindla silikoonmustriga Napoleon kuumakindel kindas kaitseb kuni 246\u202f\u00b0C (475\u202f\u00b0F) kuumuse eest ja sobib kasutamiseks nii kodus, \u00f5ues kui ka grillimisel. Valmistatud aramiidkiust \u2013 samast materjalist, mida kasutatakse lennunduses ja kaitseriietuses. Pehme puuvillane vooder tagab mugavuse ning hallid silikoonribad m\u00f5lemal pool kinnast tagavad kindla haarde. Omadused    P\u00f6\u00f6ratav disain \u2013 sobib nii parema- kui vasakuk\u00e4elisele  Masinpestav \u2013 lihtne hooldada  M\u00f5\u00f5dud:pikkus: 36 cmlaius: 16 cm Usaldusv\u00e4\u00e4rne valik, kui vajad kaitset kuumade esemete k\u00e4sitsemisel k\u00f6\u00f6gis v\u00f5i grillil!","og_url":"https:\/\/bbqentertainment.com\/toode\/napoleon-bbq-kuumakindad-libisemiskindla-silikoonmustriga\/","og_site_name":"BBQ Entertainment","article_publisher":"https:\/\/www.facebook.com\/BBQ-Entertainment-N-Catering-2437913376443540","article_modified_time":"2026-04-06T09:26:40+00:00","og_image":[{"width":420,"height":420,"url":"https:\/\/bbqentertainment.com\/wp-content\/uploads\/2025\/03\/napoleon-napoleon-heat-resistant-bbq-glove-62145-62145-accessory-wearable-629162621450-14174122672190_420x420.jpg","type":"image\/jpeg"}],"twitter_card":"summary_large_image","twitter_misc":{"Est. reading time":"1 minute"},"schema":{"@context":"https:\/\/schema.org","@graph":[{"@type":["WebPage","ItemPage"],"@id":"https:\/\/bbqentertainment.com\/toode\/napoleon-bbq-kuumakindad-libisemiskindla-silikoonmustriga\/","url":"https:\/\/bbqentertainment.com\/toode\/napoleon-bbq-kuumakindad-libisemiskindla-silikoonmustriga\/","name":"Napoleon BBQ kuumakinnas libisemiskindla silikoonmustriga - BBQ Entertainment","isPartOf":{"@id":"https:\/\/bbqentertainment.com\/#website"},"primaryImageOfPage":{"@id":"https:\/\/bbqentertainment.com\/toode\/napoleon-bbq-kuumakindad-libisemiskindla-silikoonmustriga\/#primaryimage"},"image":{"@id":"https:\/\/bbqentertainment.com\/toode\/napoleon-bbq-kuumakindad-libisemiskindla-silikoonmustriga\/#primaryimage"},"thumbnailUrl":"https:\/\/bbqentertainment.com\/wp-content\/uploads\/2025\/03\/napoleon-napoleon-heat-resistant-bbq-glove-62145-62145-accessory-wearable-629162621450-14174122672190_420x420.jpg","datePublished":"2025-03-30T20:42:11+00:00","dateModified":"2026-04-06T09:26:40+00:00","breadcrumb":{"@id":"https:\/\/bbqentertainment.com\/toode\/napoleon-bbq-kuumakindad-libisemiskindla-silikoonmustriga\/#breadcrumb"},"inLanguage":"en-US","potentialAction":[{"@type":"ReadAction","target":["https:\/\/bbqentertainment.com\/toode\/napoleon-bbq-kuumakindad-libisemiskindla-silikoonmustriga\/"]}]},{"@type":"ImageObject","inLanguage":"en-US","@id":"https:\/\/bbqentertainment.com\/toode\/napoleon-bbq-kuumakindad-libisemiskindla-silikoonmustriga\/#primaryimage","url":"https:\/\/bbqentertainment.com\/wp-content\/uploads\/2025\/03\/napoleon-napoleon-heat-resistant-bbq-glove-62145-62145-accessory-wearable-629162621450-14174122672190_420x420.jpg","contentUrl":"https:\/\/bbqentertainment.com\/wp-content\/uploads\/2025\/03\/napoleon-napoleon-heat-resistant-bbq-glove-62145-62145-accessory-wearable-629162621450-14174122672190_420x420.jpg","width":420,"height":420},{"@type":"BreadcrumbList","@id":"https:\/\/bbqentertainment.com\/toode\/napoleon-bbq-kuumakindad-libisemiskindla-silikoonmustriga\/#breadcrumb","itemListElement":[{"@type":"ListItem","position":1,"name":"AVALEHT","item":"https:\/\/bbqentertainment.com\/en\/"},{"@type":"ListItem","position":2,"name":"Tooted","item":"https:\/\/bbqentertainment.com\/tooted\/"},{"@type":"ListItem","position":3,"name":"Lisatarvikud","item":"https:\/\/bbqentertainment.com\/tootekategooria\/lisatarvikud\/"},{"@type":"ListItem","position":4,"name":"Lisatarvikud Napoleon","item":"https:\/\/bbqentertainment.com\/tootekategooria\/lisatarvikud\/lisatarvikud-napoleon\/"},{"@type":"ListItem","position":5,"name":"Napoleon BBQ kuumakinnas libisemiskindla silikoonmustriga"}]},{"@type":"WebSite","@id":"https:\/\/bbqentertainment.com\/#website","url":"https:\/\/bbqentertainment.com\/","name":"BBQ Entertainment","description":"BBQ is a great lifestyle, not just fun!","publisher":{"@id":"https:\/\/bbqentertainment.com\/#organization"},"potentialAction":[{"@type":"SearchAction","target":{"@type":"EntryPoint","urlTemplate":"https:\/\/bbqentertainment.com\/?s={search_term_string}"},"query-input":{"@type":"PropertyValueSpecification","valueRequired":true,"valueName":"search_term_string"}}],"inLanguage":"en-US"},{"@type":"Organization","@id":"https:\/\/bbqentertainment.com\/#organization","name":"BBQ Entertainment O\u00dc","url":"https:\/\/bbqentertainment.com\/","logo":{"@type":"ImageObject","inLanguage":"en-US","@id":"https:\/\/bbqentertainment.com\/#\/schema\/logo\/image\/","url":"https:\/\/bbqentertainment.com\/wp-content\/uploads\/2020\/04\/BBQ-Entertainment-N-Catering-Enn-Tobreluts-Logo.png","contentUrl":"https:\/\/bbqentertainment.com\/wp-content\/uploads\/2020\/04\/BBQ-Entertainment-N-Catering-Enn-Tobreluts-Logo.png","width":628,"height":266,"caption":"BBQ Entertainment O\u00dc"},"image":{"@id":"https:\/\/bbqentertainment.com\/#\/schema\/logo\/image\/"},"sameAs":["https:\/\/www.facebook.com\/BBQ-Entertainment-N-Catering-2437913376443540","https:\/\/www.instagram.com\/bbqentertainmentncatering\/","https:\/\/www.youtube.com\/channel\/UCmpuANQVhLy2Md8nrenp2jA"]}]}},"_links":{"self":[{"href":"https:\/\/bbqentertainment.com\/en\/wp-json\/wp\/v2\/product\/250967","targetHints":{"allow":["GET"]}}],"collection":[{"href":"https:\/\/bbqentertainment.com\/en\/wp-json\/wp\/v2\/product"}],"about":[{"href":"https:\/\/bbqentertainment.com\/en\/wp-json\/wp\/v2\/types\/product"}],"wp:featuredmedia":[{"embeddable":true,"href":"https:\/\/bbqentertainment.com\/en\/wp-json\/wp\/v2\/media\/250970"}],"wp:attachment":[{"href":"https:\/\/bbqentertainment.com\/en\/wp-json\/wp\/v2\/media?parent=250967"}],"wp:term":[{"taxonomy":"product_brand","embeddable":true,"href":"https:\/\/bbqentertainment.com\/en\/wp-json\/wp\/v2\/product_brand?post=250967"},{"taxonomy":"product_cat","embeddable":true,"href":"https:\/\/bbqentertainment.com\/en\/wp-json\/wp\/v2\/product_cat?post=250967"},{"taxonomy":"product_tag","embeddable":true,"href":"https:\/\/bbqentertainment.com\/en\/wp-json\/wp\/v2\/product_tag?post=250967"}],"curies":[{"name":"wp","href":"https:\/\/api.w.org\/{rel}","templated":true}]}}