{"id":250991,"date":"2025-03-31T11:33:34","date_gmt":"2025-03-31T08:33:34","guid":{"rendered":"https:\/\/bbqentertainment.com\/?post_type=product&#038;p=250991"},"modified":"2026-04-06T12:26:53","modified_gmt":"2026-04-06T09:26:53","slug":"napoleon-pigistatavad-kastme-ja-olipudelid-450-ml","status":"publish","type":"product","link":"https:\/\/bbqentertainment.com\/en\/toode\/napoleon-pigistatavad-kastme-ja-olipudelid-450-ml\/","title":{"rendered":"Napoleon pigistatavad kastme- ja \u00f5lipudelid 450 ml"},"content":{"rendered":"<p class=\"\" data-start=\"60\" data-end=\"122\"><strong data-start=\"60\" data-end=\"122\">Miks kasutada grillimisel Napoleon \u00f5li- ja kastmepudeleid?<\/strong><\/p>\n<p class=\"\" data-start=\"124\" data-end=\"487\">Napoleoni pigistatavad pudelid ja roostevabast terasest spreipudel muudavad grillimise lihtsamaks, puhtamaks ja t\u00e4psemalt juhitavaks. Pigistatavad pudelid sobivad \u00f5li, kastmete ja marinaadide hoidmiseks ning v\u00f5imaldavad neid lisada just sinna ja just nii palju, nagu vaja. Spreipudel jaotab vee v\u00f5i \u00f5li \u00fchtlaselt, aidates hoida liha mahlase ja grillresti puhtana.<\/p>\n<p class=\"\" data-start=\"489\" data-end=\"735\">\n","protected":false},"excerpt":{"rendered":"<h3>Napoleon pigistatavad pudelid kastme, marinaadi v\u00f5i \u00f5li jaoks 450 ml (2 tk, BPA-vabad)<\/h3>\n<p>&nbsp;<\/p>\n<p data-start=\"788\" data-end=\"819\">\ud83d\udd38 Pigistatavad pudelid sobivad lisaks kastmete ja \u00f5li hoidmisele ka pannkoogitaigna jaoks \u2013 mugav viis taigna t\u00e4pseks doseerimiseks ja kujundite tegemiseks pannil v\u00f5i grillil.<\/p>\n","protected":false},"featured_media":250992,"template":"","meta":{"inline_featured_image":false},"product_brand":[],"product_cat":[92,562],"product_tag":[],"class_list":{"0":"post-250991","1":"product","2":"type-product","3":"status-publish","4":"has-post-thumbnail","6":"product_cat-lisatarvikud","7":"product_cat-lisatarvikud-napoleon","9":"first","10":"instock","11":"taxable","12":"shipping-taxable","13":"purchasable","14":"product-type-simple"},"yoast_head":"<!-- This site is optimized with the Yoast SEO plugin v27.4 - https:\/\/yoast.com\/product\/yoast-seo-wordpress\/ -->\n<title>Napoleon pigistatavad kastme- ja \u00f5lipudelid 450 ml - BBQ Entertainment<\/title>\n<meta name=\"robots\" content=\"index, follow, max-snippet:-1, max-image-preview:large, max-video-preview:-1\" \/>\n<link rel=\"canonical\" href=\"https:\/\/bbqentertainment.com\/toode\/napoleon-pigistatavad-kastme-ja-olipudelid-450-ml\/\" \/>\n<meta property=\"og:locale\" content=\"en_US\" \/>\n<meta property=\"og:type\" content=\"article\" \/>\n<meta property=\"og:title\" content=\"Napoleon pigistatavad kastme- ja \u00f5lipudelid 450 ml - BBQ Entertainment\" \/>\n<meta property=\"og:description\" content=\"Napoleon pigistatavad pudelid kastme, marinaadi v\u00f5i \u00f5li jaoks 450 ml (2 tk, BPA-vabad) &nbsp; \ud83d\udd38 Pigistatavad pudelid sobivad lisaks kastmete ja \u00f5li hoidmisele ka pannkoogitaigna jaoks \u2013 mugav viis taigna t\u00e4pseks doseerimiseks ja kujundite tegemiseks pannil v\u00f5i grillil.\" \/>\n<meta property=\"og:url\" content=\"https:\/\/bbqentertainment.com\/toode\/napoleon-pigistatavad-kastme-ja-olipudelid-450-ml\/\" \/>\n<meta property=\"og:site_name\" content=\"BBQ Entertainment\" \/>\n<meta property=\"article:publisher\" content=\"https:\/\/www.facebook.com\/BBQ-Entertainment-N-Catering-2437913376443540\" \/>\n<meta property=\"article:modified_time\" content=\"2026-04-06T09:26:53+00:00\" \/>\n<meta property=\"og:image\" content=\"https:\/\/bbqentertainment.com\/wp-content\/uploads\/2025\/03\/napoleon-napoleon-squeeze-bottle-set-small-2pcs-70058-70058-accessory-food-prep-tool-629162700582-31346681118782_481x481.webp.jpeg\" \/>\n\t<meta property=\"og:image:width\" content=\"481\" \/>\n\t<meta property=\"og:image:height\" content=\"481\" \/>\n\t<meta property=\"og:image:type\" content=\"image\/jpeg\" \/>\n<meta name=\"twitter:card\" content=\"summary_large_image\" \/>\n<meta name=\"twitter:label1\" content=\"Est. reading time\" \/>\n\t<meta name=\"twitter:data1\" content=\"1 minute\" \/>\n<script type=\"application\/ld+json\" class=\"yoast-schema-graph\">{\"@context\":\"https:\\\/\\\/schema.org\",\"@graph\":[{\"@type\":[\"WebPage\",\"ItemPage\"],\"@id\":\"https:\\\/\\\/bbqentertainment.com\\\/toode\\\/napoleon-pigistatavad-kastme-ja-olipudelid-450-ml\\\/\",\"url\":\"https:\\\/\\\/bbqentertainment.com\\\/toode\\\/napoleon-pigistatavad-kastme-ja-olipudelid-450-ml\\\/\",\"name\":\"Napoleon pigistatavad kastme- ja \u00f5lipudelid 450 ml - BBQ Entertainment\",\"isPartOf\":{\"@id\":\"https:\\\/\\\/bbqentertainment.com\\\/#website\"},\"primaryImageOfPage\":{\"@id\":\"https:\\\/\\\/bbqentertainment.com\\\/toode\\\/napoleon-pigistatavad-kastme-ja-olipudelid-450-ml\\\/#primaryimage\"},\"image\":{\"@id\":\"https:\\\/\\\/bbqentertainment.com\\\/toode\\\/napoleon-pigistatavad-kastme-ja-olipudelid-450-ml\\\/#primaryimage\"},\"thumbnailUrl\":\"https:\\\/\\\/bbqentertainment.com\\\/wp-content\\\/uploads\\\/2025\\\/03\\\/napoleon-napoleon-squeeze-bottle-set-small-2pcs-70058-70058-accessory-food-prep-tool-629162700582-31346681118782_481x481.webp.jpeg\",\"datePublished\":\"2025-03-31T08:33:34+00:00\",\"dateModified\":\"2026-04-06T09:26:53+00:00\",\"breadcrumb\":{\"@id\":\"https:\\\/\\\/bbqentertainment.com\\\/toode\\\/napoleon-pigistatavad-kastme-ja-olipudelid-450-ml\\\/#breadcrumb\"},\"inLanguage\":\"en-US\",\"potentialAction\":[{\"@type\":\"ReadAction\",\"target\":[\"https:\\\/\\\/bbqentertainment.com\\\/toode\\\/napoleon-pigistatavad-kastme-ja-olipudelid-450-ml\\\/\"]}]},{\"@type\":\"ImageObject\",\"inLanguage\":\"en-US\",\"@id\":\"https:\\\/\\\/bbqentertainment.com\\\/toode\\\/napoleon-pigistatavad-kastme-ja-olipudelid-450-ml\\\/#primaryimage\",\"url\":\"https:\\\/\\\/bbqentertainment.com\\\/wp-content\\\/uploads\\\/2025\\\/03\\\/napoleon-napoleon-squeeze-bottle-set-small-2pcs-70058-70058-accessory-food-prep-tool-629162700582-31346681118782_481x481.webp.jpeg\",\"contentUrl\":\"https:\\\/\\\/bbqentertainment.com\\\/wp-content\\\/uploads\\\/2025\\\/03\\\/napoleon-napoleon-squeeze-bottle-set-small-2pcs-70058-70058-accessory-food-prep-tool-629162700582-31346681118782_481x481.webp.jpeg\",\"width\":481,\"height\":481},{\"@type\":\"BreadcrumbList\",\"@id\":\"https:\\\/\\\/bbqentertainment.com\\\/toode\\\/napoleon-pigistatavad-kastme-ja-olipudelid-450-ml\\\/#breadcrumb\",\"itemListElement\":[{\"@type\":\"ListItem\",\"position\":1,\"name\":\"AVALEHT\",\"item\":\"https:\\\/\\\/bbqentertainment.com\\\/en\\\/\"},{\"@type\":\"ListItem\",\"position\":2,\"name\":\"Tooted\",\"item\":\"https:\\\/\\\/bbqentertainment.com\\\/tooted\\\/\"},{\"@type\":\"ListItem\",\"position\":3,\"name\":\"Lisatarvikud\",\"item\":\"https:\\\/\\\/bbqentertainment.com\\\/tootekategooria\\\/lisatarvikud\\\/\"},{\"@type\":\"ListItem\",\"position\":4,\"name\":\"Lisatarvikud Napoleon\",\"item\":\"https:\\\/\\\/bbqentertainment.com\\\/tootekategooria\\\/lisatarvikud\\\/lisatarvikud-napoleon\\\/\"},{\"@type\":\"ListItem\",\"position\":5,\"name\":\"Napoleon pigistatavad kastme- ja \u00f5lipudelid 450 ml\"}]},{\"@type\":\"WebSite\",\"@id\":\"https:\\\/\\\/bbqentertainment.com\\\/#website\",\"url\":\"https:\\\/\\\/bbqentertainment.com\\\/\",\"name\":\"BBQ Entertainment\",\"description\":\"BBQ is a great lifestyle, not just fun!\",\"publisher\":{\"@id\":\"https:\\\/\\\/bbqentertainment.com\\\/#organization\"},\"potentialAction\":[{\"@type\":\"SearchAction\",\"target\":{\"@type\":\"EntryPoint\",\"urlTemplate\":\"https:\\\/\\\/bbqentertainment.com\\\/?s={search_term_string}\"},\"query-input\":{\"@type\":\"PropertyValueSpecification\",\"valueRequired\":true,\"valueName\":\"search_term_string\"}}],\"inLanguage\":\"en-US\"},{\"@type\":\"Organization\",\"@id\":\"https:\\\/\\\/bbqentertainment.com\\\/#organization\",\"name\":\"BBQ Entertainment O\u00dc\",\"url\":\"https:\\\/\\\/bbqentertainment.com\\\/\",\"logo\":{\"@type\":\"ImageObject\",\"inLanguage\":\"en-US\",\"@id\":\"https:\\\/\\\/bbqentertainment.com\\\/#\\\/schema\\\/logo\\\/image\\\/\",\"url\":\"https:\\\/\\\/bbqentertainment.com\\\/wp-content\\\/uploads\\\/2020\\\/04\\\/BBQ-Entertainment-N-Catering-Enn-Tobreluts-Logo.png\",\"contentUrl\":\"https:\\\/\\\/bbqentertainment.com\\\/wp-content\\\/uploads\\\/2020\\\/04\\\/BBQ-Entertainment-N-Catering-Enn-Tobreluts-Logo.png\",\"width\":628,\"height\":266,\"caption\":\"BBQ Entertainment O\u00dc\"},\"image\":{\"@id\":\"https:\\\/\\\/bbqentertainment.com\\\/#\\\/schema\\\/logo\\\/image\\\/\"},\"sameAs\":[\"https:\\\/\\\/www.facebook.com\\\/BBQ-Entertainment-N-Catering-2437913376443540\",\"https:\\\/\\\/www.instagram.com\\\/bbqentertainmentncatering\\\/\",\"https:\\\/\\\/www.youtube.com\\\/channel\\\/UCmpuANQVhLy2Md8nrenp2jA\"]}]}<\/script>\n<!-- \/ Yoast SEO plugin. -->","yoast_head_json":{"title":"Napoleon pigistatavad kastme- ja \u00f5lipudelid 450 ml - BBQ Entertainment","robots":{"index":"index","follow":"follow","max-snippet":"max-snippet:-1","max-image-preview":"max-image-preview:large","max-video-preview":"max-video-preview:-1"},"canonical":"https:\/\/bbqentertainment.com\/toode\/napoleon-pigistatavad-kastme-ja-olipudelid-450-ml\/","og_locale":"en_US","og_type":"article","og_title":"Napoleon pigistatavad kastme- ja \u00f5lipudelid 450 ml - BBQ Entertainment","og_description":"Napoleon pigistatavad pudelid kastme, marinaadi v\u00f5i \u00f5li jaoks 450 ml (2 tk, BPA-vabad) &nbsp; \ud83d\udd38 Pigistatavad pudelid sobivad lisaks kastmete ja \u00f5li hoidmisele ka pannkoogitaigna jaoks \u2013 mugav viis taigna t\u00e4pseks doseerimiseks ja kujundite tegemiseks pannil v\u00f5i grillil.","og_url":"https:\/\/bbqentertainment.com\/toode\/napoleon-pigistatavad-kastme-ja-olipudelid-450-ml\/","og_site_name":"BBQ Entertainment","article_publisher":"https:\/\/www.facebook.com\/BBQ-Entertainment-N-Catering-2437913376443540","article_modified_time":"2026-04-06T09:26:53+00:00","og_image":[{"width":481,"height":481,"url":"https:\/\/bbqentertainment.com\/wp-content\/uploads\/2025\/03\/napoleon-napoleon-squeeze-bottle-set-small-2pcs-70058-70058-accessory-food-prep-tool-629162700582-31346681118782_481x481.webp.jpeg","type":"image\/jpeg"}],"twitter_card":"summary_large_image","twitter_misc":{"Est. reading time":"1 minute"},"schema":{"@context":"https:\/\/schema.org","@graph":[{"@type":["WebPage","ItemPage"],"@id":"https:\/\/bbqentertainment.com\/toode\/napoleon-pigistatavad-kastme-ja-olipudelid-450-ml\/","url":"https:\/\/bbqentertainment.com\/toode\/napoleon-pigistatavad-kastme-ja-olipudelid-450-ml\/","name":"Napoleon pigistatavad kastme- ja \u00f5lipudelid 450 ml - BBQ Entertainment","isPartOf":{"@id":"https:\/\/bbqentertainment.com\/#website"},"primaryImageOfPage":{"@id":"https:\/\/bbqentertainment.com\/toode\/napoleon-pigistatavad-kastme-ja-olipudelid-450-ml\/#primaryimage"},"image":{"@id":"https:\/\/bbqentertainment.com\/toode\/napoleon-pigistatavad-kastme-ja-olipudelid-450-ml\/#primaryimage"},"thumbnailUrl":"https:\/\/bbqentertainment.com\/wp-content\/uploads\/2025\/03\/napoleon-napoleon-squeeze-bottle-set-small-2pcs-70058-70058-accessory-food-prep-tool-629162700582-31346681118782_481x481.webp.jpeg","datePublished":"2025-03-31T08:33:34+00:00","dateModified":"2026-04-06T09:26:53+00:00","breadcrumb":{"@id":"https:\/\/bbqentertainment.com\/toode\/napoleon-pigistatavad-kastme-ja-olipudelid-450-ml\/#breadcrumb"},"inLanguage":"en-US","potentialAction":[{"@type":"ReadAction","target":["https:\/\/bbqentertainment.com\/toode\/napoleon-pigistatavad-kastme-ja-olipudelid-450-ml\/"]}]},{"@type":"ImageObject","inLanguage":"en-US","@id":"https:\/\/bbqentertainment.com\/toode\/napoleon-pigistatavad-kastme-ja-olipudelid-450-ml\/#primaryimage","url":"https:\/\/bbqentertainment.com\/wp-content\/uploads\/2025\/03\/napoleon-napoleon-squeeze-bottle-set-small-2pcs-70058-70058-accessory-food-prep-tool-629162700582-31346681118782_481x481.webp.jpeg","contentUrl":"https:\/\/bbqentertainment.com\/wp-content\/uploads\/2025\/03\/napoleon-napoleon-squeeze-bottle-set-small-2pcs-70058-70058-accessory-food-prep-tool-629162700582-31346681118782_481x481.webp.jpeg","width":481,"height":481},{"@type":"BreadcrumbList","@id":"https:\/\/bbqentertainment.com\/toode\/napoleon-pigistatavad-kastme-ja-olipudelid-450-ml\/#breadcrumb","itemListElement":[{"@type":"ListItem","position":1,"name":"AVALEHT","item":"https:\/\/bbqentertainment.com\/en\/"},{"@type":"ListItem","position":2,"name":"Tooted","item":"https:\/\/bbqentertainment.com\/tooted\/"},{"@type":"ListItem","position":3,"name":"Lisatarvikud","item":"https:\/\/bbqentertainment.com\/tootekategooria\/lisatarvikud\/"},{"@type":"ListItem","position":4,"name":"Lisatarvikud Napoleon","item":"https:\/\/bbqentertainment.com\/tootekategooria\/lisatarvikud\/lisatarvikud-napoleon\/"},{"@type":"ListItem","position":5,"name":"Napoleon pigistatavad kastme- ja \u00f5lipudelid 450 ml"}]},{"@type":"WebSite","@id":"https:\/\/bbqentertainment.com\/#website","url":"https:\/\/bbqentertainment.com\/","name":"BBQ Entertainment","description":"BBQ is a great lifestyle, not just fun!","publisher":{"@id":"https:\/\/bbqentertainment.com\/#organization"},"potentialAction":[{"@type":"SearchAction","target":{"@type":"EntryPoint","urlTemplate":"https:\/\/bbqentertainment.com\/?s={search_term_string}"},"query-input":{"@type":"PropertyValueSpecification","valueRequired":true,"valueName":"search_term_string"}}],"inLanguage":"en-US"},{"@type":"Organization","@id":"https:\/\/bbqentertainment.com\/#organization","name":"BBQ Entertainment O\u00dc","url":"https:\/\/bbqentertainment.com\/","logo":{"@type":"ImageObject","inLanguage":"en-US","@id":"https:\/\/bbqentertainment.com\/#\/schema\/logo\/image\/","url":"https:\/\/bbqentertainment.com\/wp-content\/uploads\/2020\/04\/BBQ-Entertainment-N-Catering-Enn-Tobreluts-Logo.png","contentUrl":"https:\/\/bbqentertainment.com\/wp-content\/uploads\/2020\/04\/BBQ-Entertainment-N-Catering-Enn-Tobreluts-Logo.png","width":628,"height":266,"caption":"BBQ Entertainment O\u00dc"},"image":{"@id":"https:\/\/bbqentertainment.com\/#\/schema\/logo\/image\/"},"sameAs":["https:\/\/www.facebook.com\/BBQ-Entertainment-N-Catering-2437913376443540","https:\/\/www.instagram.com\/bbqentertainmentncatering\/","https:\/\/www.youtube.com\/channel\/UCmpuANQVhLy2Md8nrenp2jA"]}]}},"_links":{"self":[{"href":"https:\/\/bbqentertainment.com\/en\/wp-json\/wp\/v2\/product\/250991","targetHints":{"allow":["GET"]}}],"collection":[{"href":"https:\/\/bbqentertainment.com\/en\/wp-json\/wp\/v2\/product"}],"about":[{"href":"https:\/\/bbqentertainment.com\/en\/wp-json\/wp\/v2\/types\/product"}],"wp:featuredmedia":[{"embeddable":true,"href":"https:\/\/bbqentertainment.com\/en\/wp-json\/wp\/v2\/media\/250992"}],"wp:attachment":[{"href":"https:\/\/bbqentertainment.com\/en\/wp-json\/wp\/v2\/media?parent=250991"}],"wp:term":[{"taxonomy":"product_brand","embeddable":true,"href":"https:\/\/bbqentertainment.com\/en\/wp-json\/wp\/v2\/product_brand?post=250991"},{"taxonomy":"product_cat","embeddable":true,"href":"https:\/\/bbqentertainment.com\/en\/wp-json\/wp\/v2\/product_cat?post=250991"},{"taxonomy":"product_tag","embeddable":true,"href":"https:\/\/bbqentertainment.com\/en\/wp-json\/wp\/v2\/product_tag?post=250991"}],"curies":[{"name":"wp","href":"https:\/\/api.w.org\/{rel}","templated":true}]}}