{"id":251066,"date":"2025-04-03T15:32:04","date_gmt":"2025-04-03T12:32:04","guid":{"rendered":"https:\/\/bbqentertainment.com\/?post_type=product&#038;p=251066"},"modified":"2026-04-06T12:26:39","modified_gmt":"2026-04-06T09:26:39","slug":"napoleon-liha-tostmise-rebimise-kahvlid-nn-karukapad","status":"publish","type":"product","link":"https:\/\/bbqentertainment.com\/en\/toode\/napoleon-liha-tostmise-rebimise-kahvlid-nn-karukapad\/","title":{"rendered":"Napoleon liha t\u00f5stmise\/rebimise kahvlid (nn karuk\u00e4pad)"},"content":{"rendered":"","protected":false},"excerpt":{"rendered":"<h3>Napoleon liha t\u00f5stmise\/rebimise kahvlid (nn karuk\u00e4pad)<\/h3>\n<p class=\"\" data-start=\"44\" data-end=\"395\">Need roostevabast terasest tangid on praktiline abivahend, kui vajad k\u00f6\u00f6gis lisapaari tugevaid \u201ek\u00e4si\u201c. Nendega saab kiiresti ja mugavalt ribastada nii sealihas, kana kui ka veiseliha ehk k\u00f5ike, mis vajab v\u00e4iksemateks t\u00fckkideks t\u00f5mbamist. Tangid sobivad ka liha v\u00f5i muu suurema toidu (n\u00e4iteks arbuus, melon jms) hoidmiseks l\u00f5ikamisel \u2013 ilma et peaks muretsema t\u00f6\u00f6riista kahjustamise p\u00e4rast.<\/p>\n<p class=\"\" data-start=\"397\" data-end=\"599\">T\u00e4nu ergonoomilistele k\u00e4epidemetele on neid mugav k\u00e4es hoida ja liha k\u00e4sitsemisel on piisav j\u00f5u\u00f5lg olemas. Tugev konstruktsioon v\u00f5imaldab kergesti t\u00f5sta suuri lihat\u00fckke grillilt v\u00f5i pannilt l\u00f5ikelauale.<\/p>\n","protected":false},"featured_media":252932,"template":"","meta":{"inline_featured_image":false},"product_brand":[],"product_cat":[92,562],"product_tag":[],"class_list":{"0":"post-251066","1":"product","2":"type-product","3":"status-publish","4":"has-post-thumbnail","6":"product_cat-lisatarvikud","7":"product_cat-lisatarvikud-napoleon","9":"first","10":"instock","11":"taxable","12":"shipping-taxable","13":"purchasable","14":"product-type-simple"},"yoast_head":"<!-- This site is optimized with the Yoast SEO plugin v27.4 - https:\/\/yoast.com\/product\/yoast-seo-wordpress\/ -->\n<title>Napoleon liha t\u00f5stmise\/rebimise kahvlid (nn karuk\u00e4pad) - BBQ Entertainment<\/title>\n<meta name=\"robots\" content=\"index, follow, max-snippet:-1, max-image-preview:large, max-video-preview:-1\" \/>\n<link rel=\"canonical\" href=\"https:\/\/bbqentertainment.com\/toode\/napoleon-liha-tostmise-rebimise-kahvlid-nn-karukapad\/\" \/>\n<meta property=\"og:locale\" content=\"en_US\" \/>\n<meta property=\"og:type\" content=\"article\" \/>\n<meta property=\"og:title\" content=\"Napoleon liha t\u00f5stmise\/rebimise kahvlid (nn karuk\u00e4pad) - BBQ Entertainment\" \/>\n<meta property=\"og:description\" content=\"Napoleon liha t\u00f5stmise\/rebimise kahvlid (nn karuk\u00e4pad) Need roostevabast terasest tangid on praktiline abivahend, kui vajad k\u00f6\u00f6gis lisapaari tugevaid \u201ek\u00e4si\u201c. Nendega saab kiiresti ja mugavalt ribastada nii sealihas, kana kui ka veiseliha ehk k\u00f5ike, mis vajab v\u00e4iksemateks t\u00fckkideks t\u00f5mbamist. Tangid sobivad ka liha v\u00f5i muu suurema toidu (n\u00e4iteks arbuus, melon jms) hoidmiseks l\u00f5ikamisel \u2013 ilma et peaks muretsema t\u00f6\u00f6riista kahjustamise p\u00e4rast. T\u00e4nu ergonoomilistele k\u00e4epidemetele on neid mugav k\u00e4es hoida ja liha k\u00e4sitsemisel on piisav j\u00f5u\u00f5lg olemas. Tugev konstruktsioon v\u00f5imaldab kergesti t\u00f5sta suuri lihat\u00fckke grillilt v\u00f5i pannilt l\u00f5ikelauale.\" \/>\n<meta property=\"og:url\" content=\"https:\/\/bbqentertainment.com\/toode\/napoleon-liha-tostmise-rebimise-kahvlid-nn-karukapad\/\" \/>\n<meta property=\"og:site_name\" content=\"BBQ Entertainment\" \/>\n<meta property=\"article:publisher\" content=\"https:\/\/www.facebook.com\/BBQ-Entertainment-N-Catering-2437913376443540\" \/>\n<meta property=\"article:modified_time\" content=\"2026-04-06T09:26:39+00:00\" \/>\n<meta property=\"og:image\" content=\"https:\/\/bbqentertainment.com\/wp-content\/uploads\/2025\/04\/multi-use-shredding-claws-napoleon.jpg.png\" \/>\n\t<meta property=\"og:image:width\" content=\"800\" \/>\n\t<meta property=\"og:image:height\" content=\"800\" \/>\n\t<meta property=\"og:image:type\" content=\"image\/png\" \/>\n<meta name=\"twitter:card\" content=\"summary_large_image\" \/>\n<script type=\"application\/ld+json\" class=\"yoast-schema-graph\">{\"@context\":\"https:\\\/\\\/schema.org\",\"@graph\":[{\"@type\":[\"WebPage\",\"ItemPage\"],\"@id\":\"https:\\\/\\\/bbqentertainment.com\\\/toode\\\/napoleon-liha-tostmise-rebimise-kahvlid-nn-karukapad\\\/\",\"url\":\"https:\\\/\\\/bbqentertainment.com\\\/toode\\\/napoleon-liha-tostmise-rebimise-kahvlid-nn-karukapad\\\/\",\"name\":\"Napoleon liha t\u00f5stmise\\\/rebimise kahvlid (nn karuk\u00e4pad) - BBQ Entertainment\",\"isPartOf\":{\"@id\":\"https:\\\/\\\/bbqentertainment.com\\\/#website\"},\"primaryImageOfPage\":{\"@id\":\"https:\\\/\\\/bbqentertainment.com\\\/toode\\\/napoleon-liha-tostmise-rebimise-kahvlid-nn-karukapad\\\/#primaryimage\"},\"image\":{\"@id\":\"https:\\\/\\\/bbqentertainment.com\\\/toode\\\/napoleon-liha-tostmise-rebimise-kahvlid-nn-karukapad\\\/#primaryimage\"},\"thumbnailUrl\":\"https:\\\/\\\/bbqentertainment.com\\\/wp-content\\\/uploads\\\/2025\\\/04\\\/multi-use-shredding-claws-napoleon.jpg.png\",\"datePublished\":\"2025-04-03T12:32:04+00:00\",\"dateModified\":\"2026-04-06T09:26:39+00:00\",\"breadcrumb\":{\"@id\":\"https:\\\/\\\/bbqentertainment.com\\\/toode\\\/napoleon-liha-tostmise-rebimise-kahvlid-nn-karukapad\\\/#breadcrumb\"},\"inLanguage\":\"en-US\",\"potentialAction\":[{\"@type\":\"ReadAction\",\"target\":[\"https:\\\/\\\/bbqentertainment.com\\\/toode\\\/napoleon-liha-tostmise-rebimise-kahvlid-nn-karukapad\\\/\"]}]},{\"@type\":\"ImageObject\",\"inLanguage\":\"en-US\",\"@id\":\"https:\\\/\\\/bbqentertainment.com\\\/toode\\\/napoleon-liha-tostmise-rebimise-kahvlid-nn-karukapad\\\/#primaryimage\",\"url\":\"https:\\\/\\\/bbqentertainment.com\\\/wp-content\\\/uploads\\\/2025\\\/04\\\/multi-use-shredding-claws-napoleon.jpg.png\",\"contentUrl\":\"https:\\\/\\\/bbqentertainment.com\\\/wp-content\\\/uploads\\\/2025\\\/04\\\/multi-use-shredding-claws-napoleon.jpg.png\",\"width\":800,\"height\":800},{\"@type\":\"BreadcrumbList\",\"@id\":\"https:\\\/\\\/bbqentertainment.com\\\/toode\\\/napoleon-liha-tostmise-rebimise-kahvlid-nn-karukapad\\\/#breadcrumb\",\"itemListElement\":[{\"@type\":\"ListItem\",\"position\":1,\"name\":\"AVALEHT\",\"item\":\"https:\\\/\\\/bbqentertainment.com\\\/en\\\/\"},{\"@type\":\"ListItem\",\"position\":2,\"name\":\"Tooted\",\"item\":\"https:\\\/\\\/bbqentertainment.com\\\/tooted\\\/\"},{\"@type\":\"ListItem\",\"position\":3,\"name\":\"Lisatarvikud\",\"item\":\"https:\\\/\\\/bbqentertainment.com\\\/tootekategooria\\\/lisatarvikud\\\/\"},{\"@type\":\"ListItem\",\"position\":4,\"name\":\"Lisatarvikud Napoleon\",\"item\":\"https:\\\/\\\/bbqentertainment.com\\\/tootekategooria\\\/lisatarvikud\\\/lisatarvikud-napoleon\\\/\"},{\"@type\":\"ListItem\",\"position\":5,\"name\":\"Napoleon liha t\u00f5stmise\\\/rebimise kahvlid (nn karuk\u00e4pad)\"}]},{\"@type\":\"WebSite\",\"@id\":\"https:\\\/\\\/bbqentertainment.com\\\/#website\",\"url\":\"https:\\\/\\\/bbqentertainment.com\\\/\",\"name\":\"BBQ Entertainment\",\"description\":\"BBQ is a great lifestyle, not just fun!\",\"publisher\":{\"@id\":\"https:\\\/\\\/bbqentertainment.com\\\/#organization\"},\"potentialAction\":[{\"@type\":\"SearchAction\",\"target\":{\"@type\":\"EntryPoint\",\"urlTemplate\":\"https:\\\/\\\/bbqentertainment.com\\\/?s={search_term_string}\"},\"query-input\":{\"@type\":\"PropertyValueSpecification\",\"valueRequired\":true,\"valueName\":\"search_term_string\"}}],\"inLanguage\":\"en-US\"},{\"@type\":\"Organization\",\"@id\":\"https:\\\/\\\/bbqentertainment.com\\\/#organization\",\"name\":\"BBQ Entertainment O\u00dc\",\"url\":\"https:\\\/\\\/bbqentertainment.com\\\/\",\"logo\":{\"@type\":\"ImageObject\",\"inLanguage\":\"en-US\",\"@id\":\"https:\\\/\\\/bbqentertainment.com\\\/#\\\/schema\\\/logo\\\/image\\\/\",\"url\":\"https:\\\/\\\/bbqentertainment.com\\\/wp-content\\\/uploads\\\/2020\\\/04\\\/BBQ-Entertainment-N-Catering-Enn-Tobreluts-Logo.png\",\"contentUrl\":\"https:\\\/\\\/bbqentertainment.com\\\/wp-content\\\/uploads\\\/2020\\\/04\\\/BBQ-Entertainment-N-Catering-Enn-Tobreluts-Logo.png\",\"width\":628,\"height\":266,\"caption\":\"BBQ Entertainment O\u00dc\"},\"image\":{\"@id\":\"https:\\\/\\\/bbqentertainment.com\\\/#\\\/schema\\\/logo\\\/image\\\/\"},\"sameAs\":[\"https:\\\/\\\/www.facebook.com\\\/BBQ-Entertainment-N-Catering-2437913376443540\",\"https:\\\/\\\/www.instagram.com\\\/bbqentertainmentncatering\\\/\",\"https:\\\/\\\/www.youtube.com\\\/channel\\\/UCmpuANQVhLy2Md8nrenp2jA\"]}]}<\/script>\n<!-- \/ Yoast SEO plugin. -->","yoast_head_json":{"title":"Napoleon liha t\u00f5stmise\/rebimise kahvlid (nn karuk\u00e4pad) - BBQ Entertainment","robots":{"index":"index","follow":"follow","max-snippet":"max-snippet:-1","max-image-preview":"max-image-preview:large","max-video-preview":"max-video-preview:-1"},"canonical":"https:\/\/bbqentertainment.com\/toode\/napoleon-liha-tostmise-rebimise-kahvlid-nn-karukapad\/","og_locale":"en_US","og_type":"article","og_title":"Napoleon liha t\u00f5stmise\/rebimise kahvlid (nn karuk\u00e4pad) - BBQ Entertainment","og_description":"Napoleon liha t\u00f5stmise\/rebimise kahvlid (nn karuk\u00e4pad) Need roostevabast terasest tangid on praktiline abivahend, kui vajad k\u00f6\u00f6gis lisapaari tugevaid \u201ek\u00e4si\u201c. Nendega saab kiiresti ja mugavalt ribastada nii sealihas, kana kui ka veiseliha ehk k\u00f5ike, mis vajab v\u00e4iksemateks t\u00fckkideks t\u00f5mbamist. Tangid sobivad ka liha v\u00f5i muu suurema toidu (n\u00e4iteks arbuus, melon jms) hoidmiseks l\u00f5ikamisel \u2013 ilma et peaks muretsema t\u00f6\u00f6riista kahjustamise p\u00e4rast. T\u00e4nu ergonoomilistele k\u00e4epidemetele on neid mugav k\u00e4es hoida ja liha k\u00e4sitsemisel on piisav j\u00f5u\u00f5lg olemas. Tugev konstruktsioon v\u00f5imaldab kergesti t\u00f5sta suuri lihat\u00fckke grillilt v\u00f5i pannilt l\u00f5ikelauale.","og_url":"https:\/\/bbqentertainment.com\/toode\/napoleon-liha-tostmise-rebimise-kahvlid-nn-karukapad\/","og_site_name":"BBQ Entertainment","article_publisher":"https:\/\/www.facebook.com\/BBQ-Entertainment-N-Catering-2437913376443540","article_modified_time":"2026-04-06T09:26:39+00:00","og_image":[{"width":800,"height":800,"url":"https:\/\/bbqentertainment.com\/wp-content\/uploads\/2025\/04\/multi-use-shredding-claws-napoleon.jpg.png","type":"image\/png"}],"twitter_card":"summary_large_image","schema":{"@context":"https:\/\/schema.org","@graph":[{"@type":["WebPage","ItemPage"],"@id":"https:\/\/bbqentertainment.com\/toode\/napoleon-liha-tostmise-rebimise-kahvlid-nn-karukapad\/","url":"https:\/\/bbqentertainment.com\/toode\/napoleon-liha-tostmise-rebimise-kahvlid-nn-karukapad\/","name":"Napoleon liha t\u00f5stmise\/rebimise kahvlid (nn karuk\u00e4pad) - BBQ Entertainment","isPartOf":{"@id":"https:\/\/bbqentertainment.com\/#website"},"primaryImageOfPage":{"@id":"https:\/\/bbqentertainment.com\/toode\/napoleon-liha-tostmise-rebimise-kahvlid-nn-karukapad\/#primaryimage"},"image":{"@id":"https:\/\/bbqentertainment.com\/toode\/napoleon-liha-tostmise-rebimise-kahvlid-nn-karukapad\/#primaryimage"},"thumbnailUrl":"https:\/\/bbqentertainment.com\/wp-content\/uploads\/2025\/04\/multi-use-shredding-claws-napoleon.jpg.png","datePublished":"2025-04-03T12:32:04+00:00","dateModified":"2026-04-06T09:26:39+00:00","breadcrumb":{"@id":"https:\/\/bbqentertainment.com\/toode\/napoleon-liha-tostmise-rebimise-kahvlid-nn-karukapad\/#breadcrumb"},"inLanguage":"en-US","potentialAction":[{"@type":"ReadAction","target":["https:\/\/bbqentertainment.com\/toode\/napoleon-liha-tostmise-rebimise-kahvlid-nn-karukapad\/"]}]},{"@type":"ImageObject","inLanguage":"en-US","@id":"https:\/\/bbqentertainment.com\/toode\/napoleon-liha-tostmise-rebimise-kahvlid-nn-karukapad\/#primaryimage","url":"https:\/\/bbqentertainment.com\/wp-content\/uploads\/2025\/04\/multi-use-shredding-claws-napoleon.jpg.png","contentUrl":"https:\/\/bbqentertainment.com\/wp-content\/uploads\/2025\/04\/multi-use-shredding-claws-napoleon.jpg.png","width":800,"height":800},{"@type":"BreadcrumbList","@id":"https:\/\/bbqentertainment.com\/toode\/napoleon-liha-tostmise-rebimise-kahvlid-nn-karukapad\/#breadcrumb","itemListElement":[{"@type":"ListItem","position":1,"name":"AVALEHT","item":"https:\/\/bbqentertainment.com\/en\/"},{"@type":"ListItem","position":2,"name":"Tooted","item":"https:\/\/bbqentertainment.com\/tooted\/"},{"@type":"ListItem","position":3,"name":"Lisatarvikud","item":"https:\/\/bbqentertainment.com\/tootekategooria\/lisatarvikud\/"},{"@type":"ListItem","position":4,"name":"Lisatarvikud Napoleon","item":"https:\/\/bbqentertainment.com\/tootekategooria\/lisatarvikud\/lisatarvikud-napoleon\/"},{"@type":"ListItem","position":5,"name":"Napoleon liha t\u00f5stmise\/rebimise kahvlid (nn karuk\u00e4pad)"}]},{"@type":"WebSite","@id":"https:\/\/bbqentertainment.com\/#website","url":"https:\/\/bbqentertainment.com\/","name":"BBQ Entertainment","description":"BBQ is a great lifestyle, not just fun!","publisher":{"@id":"https:\/\/bbqentertainment.com\/#organization"},"potentialAction":[{"@type":"SearchAction","target":{"@type":"EntryPoint","urlTemplate":"https:\/\/bbqentertainment.com\/?s={search_term_string}"},"query-input":{"@type":"PropertyValueSpecification","valueRequired":true,"valueName":"search_term_string"}}],"inLanguage":"en-US"},{"@type":"Organization","@id":"https:\/\/bbqentertainment.com\/#organization","name":"BBQ Entertainment O\u00dc","url":"https:\/\/bbqentertainment.com\/","logo":{"@type":"ImageObject","inLanguage":"en-US","@id":"https:\/\/bbqentertainment.com\/#\/schema\/logo\/image\/","url":"https:\/\/bbqentertainment.com\/wp-content\/uploads\/2020\/04\/BBQ-Entertainment-N-Catering-Enn-Tobreluts-Logo.png","contentUrl":"https:\/\/bbqentertainment.com\/wp-content\/uploads\/2020\/04\/BBQ-Entertainment-N-Catering-Enn-Tobreluts-Logo.png","width":628,"height":266,"caption":"BBQ Entertainment O\u00dc"},"image":{"@id":"https:\/\/bbqentertainment.com\/#\/schema\/logo\/image\/"},"sameAs":["https:\/\/www.facebook.com\/BBQ-Entertainment-N-Catering-2437913376443540","https:\/\/www.instagram.com\/bbqentertainmentncatering\/","https:\/\/www.youtube.com\/channel\/UCmpuANQVhLy2Md8nrenp2jA"]}]}},"_links":{"self":[{"href":"https:\/\/bbqentertainment.com\/en\/wp-json\/wp\/v2\/product\/251066","targetHints":{"allow":["GET"]}}],"collection":[{"href":"https:\/\/bbqentertainment.com\/en\/wp-json\/wp\/v2\/product"}],"about":[{"href":"https:\/\/bbqentertainment.com\/en\/wp-json\/wp\/v2\/types\/product"}],"wp:featuredmedia":[{"embeddable":true,"href":"https:\/\/bbqentertainment.com\/en\/wp-json\/wp\/v2\/media\/252932"}],"wp:attachment":[{"href":"https:\/\/bbqentertainment.com\/en\/wp-json\/wp\/v2\/media?parent=251066"}],"wp:term":[{"taxonomy":"product_brand","embeddable":true,"href":"https:\/\/bbqentertainment.com\/en\/wp-json\/wp\/v2\/product_brand?post=251066"},{"taxonomy":"product_cat","embeddable":true,"href":"https:\/\/bbqentertainment.com\/en\/wp-json\/wp\/v2\/product_cat?post=251066"},{"taxonomy":"product_tag","embeddable":true,"href":"https:\/\/bbqentertainment.com\/en\/wp-json\/wp\/v2\/product_tag?post=251066"}],"curies":[{"name":"wp","href":"https:\/\/api.w.org\/{rel}","templated":true}]}}