{"id":251082,"date":"2025-04-03T16:15:59","date_gmt":"2025-04-03T13:15:59","guid":{"rendered":"https:\/\/bbqentertainment.com\/?post_type=product&#038;p=251082"},"modified":"2026-04-16T13:56:22","modified_gmt":"2026-04-16T10:56:22","slug":"napoleon-kokkukaidav-ribirest-kuuele-ribile","status":"publish","type":"product","link":"https:\/\/bbqentertainment.com\/en\/toode\/napoleon-kokkukaidav-ribirest-kuuele-ribile\/","title":{"rendered":"Napoleon kokkuk\u00e4idav ribirest kuuele ribile"},"content":{"rendered":"","protected":false},"excerpt":{"rendered":"<h3>Napoleon kokkuk\u00e4idav ribirest kuuele ribile<\/h3>\n<p class=\"\" data-start=\"41\" data-end=\"296\">Napoleoni roostevabast terasest ribihoidja on m\u00f5eldud kuni kuue ribirea k\u00fcpsetamiseks korraga. Reguleeritava laiusega konstruktsioon v\u00f5imaldab hoidjat kohandada vastavalt grilli suurusele ja ribide kogusele.<\/p>\n<p class=\"\" data-start=\"298\" data-end=\"493\">Kui hoidjat parasjagu ei kasuta, saab selle lihtsalt kokku voltida ja ruumis\u00e4\u00e4stlikult hoiustada. P\u00e4rast grillimist v\u00f5ib ribihoidja asetada otse n\u00f5udepesumasinasse \u2013 puhastamine ei vaja k\u00e4sit\u00f6\u00f6d.<\/p>\n<p class=\"\" data-start=\"495\" data-end=\"510\"><strong data-start=\"495\" data-end=\"508\">Omadused:<\/strong><\/p>\n<ul data-start=\"511\" data-end=\"638\">\n<li class=\"\" data-start=\"511\" data-end=\"538\">\n<p class=\"\" data-start=\"513\" data-end=\"538\">mahutab kuni 6 ribirida<\/p>\n<\/li>\n<li class=\"\" data-start=\"539\" data-end=\"587\">\n<p class=\"\" data-start=\"541\" data-end=\"587\">laiust saab vastavalt vajadusele reguleerida<\/p>\n<\/li>\n<li class=\"\" data-start=\"588\" data-end=\"622\">\n<p class=\"\" data-start=\"590\" data-end=\"622\">kokkuklapitav, mugav hoiustada<\/p>\n<\/li>\n<li class=\"\" data-start=\"623\" data-end=\"638\">\n<p class=\"\" data-start=\"625\" data-end=\"638\">n\u00f5udepesumasinas pestav<\/p>\n<\/li>\n<\/ul>\n<p class=\"\" data-start=\"640\" data-end=\"735\"><strong data-start=\"640\" data-end=\"653\">Materjal:<\/strong> roostevaba teras<\/p>\n","protected":false},"featured_media":251097,"template":"","meta":{"inline_featured_image":false},"product_brand":[],"product_cat":[92,562],"product_tag":[],"class_list":{"0":"post-251082","1":"product","2":"type-product","3":"status-publish","4":"has-post-thumbnail","6":"product_cat-lisatarvikud","7":"product_cat-lisatarvikud-napoleon","9":"first","10":"instock","11":"taxable","12":"shipping-taxable","13":"purchasable","14":"product-type-simple"},"yoast_head":"<!-- This site is optimized with the Yoast SEO plugin v27.4 - https:\/\/yoast.com\/product\/yoast-seo-wordpress\/ -->\n<title>Napoleon kokkuk\u00e4idav ribirest kuuele ribile - BBQ Entertainment<\/title>\n<meta name=\"robots\" content=\"index, follow, max-snippet:-1, max-image-preview:large, max-video-preview:-1\" \/>\n<link rel=\"canonical\" href=\"https:\/\/bbqentertainment.com\/toode\/napoleon-kokkukaidav-ribirest-kuuele-ribile\/\" \/>\n<meta property=\"og:locale\" content=\"en_US\" \/>\n<meta property=\"og:type\" content=\"article\" \/>\n<meta property=\"og:title\" content=\"Napoleon kokkuk\u00e4idav ribirest kuuele ribile - BBQ Entertainment\" \/>\n<meta property=\"og:description\" content=\"Napoleon kokkuk\u00e4idav ribirest kuuele ribile Napoleoni roostevabast terasest ribihoidja on m\u00f5eldud kuni kuue ribirea k\u00fcpsetamiseks korraga. Reguleeritava laiusega konstruktsioon v\u00f5imaldab hoidjat kohandada vastavalt grilli suurusele ja ribide kogusele. Kui hoidjat parasjagu ei kasuta, saab selle lihtsalt kokku voltida ja ruumis\u00e4\u00e4stlikult hoiustada. P\u00e4rast grillimist v\u00f5ib ribihoidja asetada otse n\u00f5udepesumasinasse \u2013 puhastamine ei vaja k\u00e4sit\u00f6\u00f6d. Omadused:     mahutab kuni 6 ribirida    laiust saab vastavalt vajadusele reguleerida    kokkuklapitav, mugav hoiustada    n\u00f5udepesumasinas pestav   Materjal: roostevaba teras\" \/>\n<meta property=\"og:url\" content=\"https:\/\/bbqentertainment.com\/toode\/napoleon-kokkukaidav-ribirest-kuuele-ribile\/\" \/>\n<meta property=\"og:site_name\" content=\"BBQ Entertainment\" \/>\n<meta property=\"article:publisher\" content=\"https:\/\/www.facebook.com\/BBQ-Entertainment-N-Catering-2437913376443540\" \/>\n<meta property=\"article:modified_time\" content=\"2026-04-16T10:56:22+00:00\" \/>\n<meta property=\"og:image\" content=\"https:\/\/bbqentertainment.com\/wp-content\/uploads\/2025\/04\/2__87363.1680082363.1280.1280_836x700.jpg.webp\" \/>\n\t<meta property=\"og:image:width\" content=\"835\" \/>\n\t<meta property=\"og:image:height\" content=\"700\" \/>\n\t<meta property=\"og:image:type\" content=\"image\/webp\" \/>\n<meta name=\"twitter:card\" content=\"summary_large_image\" \/>\n<meta name=\"twitter:label1\" content=\"Est. reading time\" \/>\n\t<meta name=\"twitter:data1\" content=\"1 minute\" \/>\n<script type=\"application\/ld+json\" class=\"yoast-schema-graph\">{\"@context\":\"https:\\\/\\\/schema.org\",\"@graph\":[{\"@type\":[\"WebPage\",\"ItemPage\"],\"@id\":\"https:\\\/\\\/bbqentertainment.com\\\/toode\\\/napoleon-kokkukaidav-ribirest-kuuele-ribile\\\/\",\"url\":\"https:\\\/\\\/bbqentertainment.com\\\/toode\\\/napoleon-kokkukaidav-ribirest-kuuele-ribile\\\/\",\"name\":\"Napoleon kokkuk\u00e4idav ribirest kuuele ribile - BBQ Entertainment\",\"isPartOf\":{\"@id\":\"https:\\\/\\\/bbqentertainment.com\\\/#website\"},\"primaryImageOfPage\":{\"@id\":\"https:\\\/\\\/bbqentertainment.com\\\/toode\\\/napoleon-kokkukaidav-ribirest-kuuele-ribile\\\/#primaryimage\"},\"image\":{\"@id\":\"https:\\\/\\\/bbqentertainment.com\\\/toode\\\/napoleon-kokkukaidav-ribirest-kuuele-ribile\\\/#primaryimage\"},\"thumbnailUrl\":\"https:\\\/\\\/bbqentertainment.com\\\/wp-content\\\/uploads\\\/2025\\\/04\\\/2__87363.1680082363.1280.1280_836x700.jpg.webp\",\"datePublished\":\"2025-04-03T13:15:59+00:00\",\"dateModified\":\"2026-04-16T10:56:22+00:00\",\"breadcrumb\":{\"@id\":\"https:\\\/\\\/bbqentertainment.com\\\/toode\\\/napoleon-kokkukaidav-ribirest-kuuele-ribile\\\/#breadcrumb\"},\"inLanguage\":\"en-US\",\"potentialAction\":[{\"@type\":\"ReadAction\",\"target\":[\"https:\\\/\\\/bbqentertainment.com\\\/toode\\\/napoleon-kokkukaidav-ribirest-kuuele-ribile\\\/\"]}]},{\"@type\":\"ImageObject\",\"inLanguage\":\"en-US\",\"@id\":\"https:\\\/\\\/bbqentertainment.com\\\/toode\\\/napoleon-kokkukaidav-ribirest-kuuele-ribile\\\/#primaryimage\",\"url\":\"https:\\\/\\\/bbqentertainment.com\\\/wp-content\\\/uploads\\\/2025\\\/04\\\/2__87363.1680082363.1280.1280_836x700.jpg.webp\",\"contentUrl\":\"https:\\\/\\\/bbqentertainment.com\\\/wp-content\\\/uploads\\\/2025\\\/04\\\/2__87363.1680082363.1280.1280_836x700.jpg.webp\",\"width\":835,\"height\":700},{\"@type\":\"BreadcrumbList\",\"@id\":\"https:\\\/\\\/bbqentertainment.com\\\/toode\\\/napoleon-kokkukaidav-ribirest-kuuele-ribile\\\/#breadcrumb\",\"itemListElement\":[{\"@type\":\"ListItem\",\"position\":1,\"name\":\"AVALEHT\",\"item\":\"https:\\\/\\\/bbqentertainment.com\\\/en\\\/\"},{\"@type\":\"ListItem\",\"position\":2,\"name\":\"Tooted\",\"item\":\"https:\\\/\\\/bbqentertainment.com\\\/tooted\\\/\"},{\"@type\":\"ListItem\",\"position\":3,\"name\":\"Lisatarvikud\",\"item\":\"https:\\\/\\\/bbqentertainment.com\\\/tootekategooria\\\/lisatarvikud\\\/\"},{\"@type\":\"ListItem\",\"position\":4,\"name\":\"Lisatarvikud Napoleon\",\"item\":\"https:\\\/\\\/bbqentertainment.com\\\/tootekategooria\\\/lisatarvikud\\\/lisatarvikud-napoleon\\\/\"},{\"@type\":\"ListItem\",\"position\":5,\"name\":\"Napoleon kokkuk\u00e4idav ribirest kuuele ribile\"}]},{\"@type\":\"WebSite\",\"@id\":\"https:\\\/\\\/bbqentertainment.com\\\/#website\",\"url\":\"https:\\\/\\\/bbqentertainment.com\\\/\",\"name\":\"BBQ Entertainment\",\"description\":\"BBQ is a great lifestyle, not just fun!\",\"publisher\":{\"@id\":\"https:\\\/\\\/bbqentertainment.com\\\/#organization\"},\"potentialAction\":[{\"@type\":\"SearchAction\",\"target\":{\"@type\":\"EntryPoint\",\"urlTemplate\":\"https:\\\/\\\/bbqentertainment.com\\\/?s={search_term_string}\"},\"query-input\":{\"@type\":\"PropertyValueSpecification\",\"valueRequired\":true,\"valueName\":\"search_term_string\"}}],\"inLanguage\":\"en-US\"},{\"@type\":\"Organization\",\"@id\":\"https:\\\/\\\/bbqentertainment.com\\\/#organization\",\"name\":\"BBQ Entertainment O\u00dc\",\"url\":\"https:\\\/\\\/bbqentertainment.com\\\/\",\"logo\":{\"@type\":\"ImageObject\",\"inLanguage\":\"en-US\",\"@id\":\"https:\\\/\\\/bbqentertainment.com\\\/#\\\/schema\\\/logo\\\/image\\\/\",\"url\":\"https:\\\/\\\/bbqentertainment.com\\\/wp-content\\\/uploads\\\/2020\\\/04\\\/BBQ-Entertainment-N-Catering-Enn-Tobreluts-Logo.png\",\"contentUrl\":\"https:\\\/\\\/bbqentertainment.com\\\/wp-content\\\/uploads\\\/2020\\\/04\\\/BBQ-Entertainment-N-Catering-Enn-Tobreluts-Logo.png\",\"width\":628,\"height\":266,\"caption\":\"BBQ Entertainment O\u00dc\"},\"image\":{\"@id\":\"https:\\\/\\\/bbqentertainment.com\\\/#\\\/schema\\\/logo\\\/image\\\/\"},\"sameAs\":[\"https:\\\/\\\/www.facebook.com\\\/BBQ-Entertainment-N-Catering-2437913376443540\",\"https:\\\/\\\/www.instagram.com\\\/bbqentertainmentncatering\\\/\",\"https:\\\/\\\/www.youtube.com\\\/channel\\\/UCmpuANQVhLy2Md8nrenp2jA\"]}]}<\/script>\n<!-- \/ Yoast SEO plugin. -->","yoast_head_json":{"title":"Napoleon kokkuk\u00e4idav ribirest kuuele ribile - BBQ Entertainment","robots":{"index":"index","follow":"follow","max-snippet":"max-snippet:-1","max-image-preview":"max-image-preview:large","max-video-preview":"max-video-preview:-1"},"canonical":"https:\/\/bbqentertainment.com\/toode\/napoleon-kokkukaidav-ribirest-kuuele-ribile\/","og_locale":"en_US","og_type":"article","og_title":"Napoleon kokkuk\u00e4idav ribirest kuuele ribile - BBQ Entertainment","og_description":"Napoleon kokkuk\u00e4idav ribirest kuuele ribile Napoleoni roostevabast terasest ribihoidja on m\u00f5eldud kuni kuue ribirea k\u00fcpsetamiseks korraga. Reguleeritava laiusega konstruktsioon v\u00f5imaldab hoidjat kohandada vastavalt grilli suurusele ja ribide kogusele. Kui hoidjat parasjagu ei kasuta, saab selle lihtsalt kokku voltida ja ruumis\u00e4\u00e4stlikult hoiustada. P\u00e4rast grillimist v\u00f5ib ribihoidja asetada otse n\u00f5udepesumasinasse \u2013 puhastamine ei vaja k\u00e4sit\u00f6\u00f6d. Omadused:     mahutab kuni 6 ribirida    laiust saab vastavalt vajadusele reguleerida    kokkuklapitav, mugav hoiustada    n\u00f5udepesumasinas pestav   Materjal: roostevaba teras","og_url":"https:\/\/bbqentertainment.com\/toode\/napoleon-kokkukaidav-ribirest-kuuele-ribile\/","og_site_name":"BBQ Entertainment","article_publisher":"https:\/\/www.facebook.com\/BBQ-Entertainment-N-Catering-2437913376443540","article_modified_time":"2026-04-16T10:56:22+00:00","og_image":[{"width":835,"height":700,"url":"https:\/\/bbqentertainment.com\/wp-content\/uploads\/2025\/04\/2__87363.1680082363.1280.1280_836x700.jpg.webp","type":"image\/webp"}],"twitter_card":"summary_large_image","twitter_misc":{"Est. reading time":"1 minute"},"schema":{"@context":"https:\/\/schema.org","@graph":[{"@type":["WebPage","ItemPage"],"@id":"https:\/\/bbqentertainment.com\/toode\/napoleon-kokkukaidav-ribirest-kuuele-ribile\/","url":"https:\/\/bbqentertainment.com\/toode\/napoleon-kokkukaidav-ribirest-kuuele-ribile\/","name":"Napoleon kokkuk\u00e4idav ribirest kuuele ribile - BBQ Entertainment","isPartOf":{"@id":"https:\/\/bbqentertainment.com\/#website"},"primaryImageOfPage":{"@id":"https:\/\/bbqentertainment.com\/toode\/napoleon-kokkukaidav-ribirest-kuuele-ribile\/#primaryimage"},"image":{"@id":"https:\/\/bbqentertainment.com\/toode\/napoleon-kokkukaidav-ribirest-kuuele-ribile\/#primaryimage"},"thumbnailUrl":"https:\/\/bbqentertainment.com\/wp-content\/uploads\/2025\/04\/2__87363.1680082363.1280.1280_836x700.jpg.webp","datePublished":"2025-04-03T13:15:59+00:00","dateModified":"2026-04-16T10:56:22+00:00","breadcrumb":{"@id":"https:\/\/bbqentertainment.com\/toode\/napoleon-kokkukaidav-ribirest-kuuele-ribile\/#breadcrumb"},"inLanguage":"en-US","potentialAction":[{"@type":"ReadAction","target":["https:\/\/bbqentertainment.com\/toode\/napoleon-kokkukaidav-ribirest-kuuele-ribile\/"]}]},{"@type":"ImageObject","inLanguage":"en-US","@id":"https:\/\/bbqentertainment.com\/toode\/napoleon-kokkukaidav-ribirest-kuuele-ribile\/#primaryimage","url":"https:\/\/bbqentertainment.com\/wp-content\/uploads\/2025\/04\/2__87363.1680082363.1280.1280_836x700.jpg.webp","contentUrl":"https:\/\/bbqentertainment.com\/wp-content\/uploads\/2025\/04\/2__87363.1680082363.1280.1280_836x700.jpg.webp","width":835,"height":700},{"@type":"BreadcrumbList","@id":"https:\/\/bbqentertainment.com\/toode\/napoleon-kokkukaidav-ribirest-kuuele-ribile\/#breadcrumb","itemListElement":[{"@type":"ListItem","position":1,"name":"AVALEHT","item":"https:\/\/bbqentertainment.com\/en\/"},{"@type":"ListItem","position":2,"name":"Tooted","item":"https:\/\/bbqentertainment.com\/tooted\/"},{"@type":"ListItem","position":3,"name":"Lisatarvikud","item":"https:\/\/bbqentertainment.com\/tootekategooria\/lisatarvikud\/"},{"@type":"ListItem","position":4,"name":"Lisatarvikud Napoleon","item":"https:\/\/bbqentertainment.com\/tootekategooria\/lisatarvikud\/lisatarvikud-napoleon\/"},{"@type":"ListItem","position":5,"name":"Napoleon kokkuk\u00e4idav ribirest kuuele ribile"}]},{"@type":"WebSite","@id":"https:\/\/bbqentertainment.com\/#website","url":"https:\/\/bbqentertainment.com\/","name":"BBQ Entertainment","description":"BBQ is a great lifestyle, not just fun!","publisher":{"@id":"https:\/\/bbqentertainment.com\/#organization"},"potentialAction":[{"@type":"SearchAction","target":{"@type":"EntryPoint","urlTemplate":"https:\/\/bbqentertainment.com\/?s={search_term_string}"},"query-input":{"@type":"PropertyValueSpecification","valueRequired":true,"valueName":"search_term_string"}}],"inLanguage":"en-US"},{"@type":"Organization","@id":"https:\/\/bbqentertainment.com\/#organization","name":"BBQ Entertainment O\u00dc","url":"https:\/\/bbqentertainment.com\/","logo":{"@type":"ImageObject","inLanguage":"en-US","@id":"https:\/\/bbqentertainment.com\/#\/schema\/logo\/image\/","url":"https:\/\/bbqentertainment.com\/wp-content\/uploads\/2020\/04\/BBQ-Entertainment-N-Catering-Enn-Tobreluts-Logo.png","contentUrl":"https:\/\/bbqentertainment.com\/wp-content\/uploads\/2020\/04\/BBQ-Entertainment-N-Catering-Enn-Tobreluts-Logo.png","width":628,"height":266,"caption":"BBQ Entertainment O\u00dc"},"image":{"@id":"https:\/\/bbqentertainment.com\/#\/schema\/logo\/image\/"},"sameAs":["https:\/\/www.facebook.com\/BBQ-Entertainment-N-Catering-2437913376443540","https:\/\/www.instagram.com\/bbqentertainmentncatering\/","https:\/\/www.youtube.com\/channel\/UCmpuANQVhLy2Md8nrenp2jA"]}]}},"_links":{"self":[{"href":"https:\/\/bbqentertainment.com\/en\/wp-json\/wp\/v2\/product\/251082","targetHints":{"allow":["GET"]}}],"collection":[{"href":"https:\/\/bbqentertainment.com\/en\/wp-json\/wp\/v2\/product"}],"about":[{"href":"https:\/\/bbqentertainment.com\/en\/wp-json\/wp\/v2\/types\/product"}],"wp:featuredmedia":[{"embeddable":true,"href":"https:\/\/bbqentertainment.com\/en\/wp-json\/wp\/v2\/media\/251097"}],"wp:attachment":[{"href":"https:\/\/bbqentertainment.com\/en\/wp-json\/wp\/v2\/media?parent=251082"}],"wp:term":[{"taxonomy":"product_brand","embeddable":true,"href":"https:\/\/bbqentertainment.com\/en\/wp-json\/wp\/v2\/product_brand?post=251082"},{"taxonomy":"product_cat","embeddable":true,"href":"https:\/\/bbqentertainment.com\/en\/wp-json\/wp\/v2\/product_cat?post=251082"},{"taxonomy":"product_tag","embeddable":true,"href":"https:\/\/bbqentertainment.com\/en\/wp-json\/wp\/v2\/product_tag?post=251082"}],"curies":[{"name":"wp","href":"https:\/\/api.w.org\/{rel}","templated":true}]}}