{"id":251099,"date":"2025-04-03T20:00:39","date_gmt":"2025-04-03T17:00:39","guid":{"rendered":"https:\/\/bbqentertainment.com\/?post_type=product&#038;p=251099"},"modified":"2026-04-06T12:26:53","modified_gmt":"2026-04-06T09:26:53","slug":"napoleon-krevettide-malmist-rostimisalus","status":"publish","type":"product","link":"https:\/\/bbqentertainment.com\/en\/toode\/napoleon-krevettide-malmist-rostimisalus\/","title":{"rendered":"Napoleon krevettide malmist r\u00f6stimisalus"},"content":{"rendered":"","protected":false},"excerpt":{"rendered":"<h3>Napoleon krevettide malmist r\u00f6stimisalus<\/h3>\n<p class=\"\" data-start=\"59\" data-end=\"416\">See suur grillialus on m\u00f5eldud 22 suure krevettide korraga k\u00fcpsetamiseks. Valuraua pind on kaetud portselanemailiga, mis takistab toidu kinnij\u00e4\u00e4mist ja muutub iga kasutuskorraga paremaks \u2013 nagu klassikaline valurauapann. Alus sobib kasutamiseks otse grillrestil ning tagab \u00fchtlase kuumuse ja hea kuumuse s\u00e4ilimise, mis teeb selle sobivaks ka serveerimiseks.<\/p>\n<p class=\"\" data-start=\"418\" data-end=\"600\">T\u00e4nu spetsiaalsetele s\u00fcvenditele p\u00fcsivad krevetid kindlalt paigal ega kuku resti vahele. Alust on lihtne kasutada ja hooldada ning see sobib h\u00e4sti suurema seltskonna toitlustamiseks.<\/p>\n<p class=\"\" data-start=\"602\" data-end=\"617\"><strong data-start=\"602\" data-end=\"615\">Omadused:<\/strong><\/p>\n<ul data-start=\"618\" data-end=\"858\">\n<li class=\"\" data-start=\"618\" data-end=\"651\">\n<p class=\"\" data-start=\"620\" data-end=\"651\">mahutab kuni 22 suurt krevetti<\/p>\n<\/li>\n<li class=\"\" data-start=\"652\" data-end=\"680\">\n<p class=\"\" data-start=\"654\" data-end=\"680\">m\u00f5\u00f5dud: 33,5 \u00d7 16 \u00d7 6 cm<\/p>\n<\/li>\n<li class=\"\" data-start=\"681\" data-end=\"721\">\n<p class=\"\" data-start=\"683\" data-end=\"721\">portselaniga kaetud valurautast pind<\/p>\n<\/li>\n<li class=\"\" data-start=\"722\" data-end=\"765\">\n<p class=\"\" data-start=\"724\" data-end=\"765\">sobib otseselt grillrestil kasutamiseks<\/p>\n<\/li>\n<li class=\"\" data-start=\"766\" data-end=\"821\">\n<p class=\"\" data-start=\"768\" data-end=\"821\">tagab \u00fchtlase kuumuse ja ei lase toidul kinni j\u00e4\u00e4da<\/p>\n<\/li>\n<li class=\"\" data-start=\"822\" data-end=\"858\">\n<p class=\"\" data-start=\"824\" data-end=\"858\">kergesti hooldatav ja vastupidav<\/p>\n<\/li>\n<\/ul>\n<p class=\"\" data-start=\"860\" data-end=\"970\">\n","protected":false},"featured_media":251102,"template":"","meta":{"inline_featured_image":false},"product_brand":[],"product_cat":[92,562],"product_tag":[],"class_list":{"0":"post-251099","1":"product","2":"type-product","3":"status-publish","4":"has-post-thumbnail","6":"product_cat-lisatarvikud","7":"product_cat-lisatarvikud-napoleon","9":"first","10":"instock","11":"taxable","12":"shipping-taxable","13":"purchasable","14":"product-type-simple"},"yoast_head":"<!-- This site is optimized with the Yoast SEO plugin v27.4 - https:\/\/yoast.com\/product\/yoast-seo-wordpress\/ -->\n<title>Napoleon krevettide malmist r\u00f6stimisalus - BBQ Entertainment<\/title>\n<meta name=\"robots\" content=\"index, follow, max-snippet:-1, max-image-preview:large, max-video-preview:-1\" \/>\n<link rel=\"canonical\" href=\"https:\/\/bbqentertainment.com\/toode\/napoleon-krevettide-malmist-rostimisalus\/\" \/>\n<meta property=\"og:locale\" content=\"en_US\" \/>\n<meta property=\"og:type\" content=\"article\" \/>\n<meta property=\"og:title\" content=\"Napoleon krevettide malmist r\u00f6stimisalus - BBQ Entertainment\" \/>\n<meta property=\"og:description\" content=\"Napoleon krevettide malmist r\u00f6stimisalus See suur grillialus on m\u00f5eldud 22 suure krevettide korraga k\u00fcpsetamiseks. Valuraua pind on kaetud portselanemailiga, mis takistab toidu kinnij\u00e4\u00e4mist ja muutub iga kasutuskorraga paremaks \u2013 nagu klassikaline valurauapann. Alus sobib kasutamiseks otse grillrestil ning tagab \u00fchtlase kuumuse ja hea kuumuse s\u00e4ilimise, mis teeb selle sobivaks ka serveerimiseks. T\u00e4nu spetsiaalsetele s\u00fcvenditele p\u00fcsivad krevetid kindlalt paigal ega kuku resti vahele. Alust on lihtne kasutada ja hooldada ning see sobib h\u00e4sti suurema seltskonna toitlustamiseks. Omadused:     mahutab kuni 22 suurt krevetti    m\u00f5\u00f5dud: 33,5 \u00d7 16 \u00d7 6 cm    portselaniga kaetud valurautast pind    sobib otseselt grillrestil kasutamiseks    tagab \u00fchtlase kuumuse ja ei lase toidul kinni j\u00e4\u00e4da    kergesti hooldatav ja vastupidav\" \/>\n<meta property=\"og:url\" content=\"https:\/\/bbqentertainment.com\/toode\/napoleon-krevettide-malmist-rostimisalus\/\" \/>\n<meta property=\"og:site_name\" content=\"BBQ Entertainment\" \/>\n<meta property=\"article:publisher\" content=\"https:\/\/www.facebook.com\/BBQ-Entertainment-N-Catering-2437913376443540\" \/>\n<meta property=\"article:modified_time\" content=\"2026-04-06T09:26:53+00:00\" \/>\n<meta property=\"og:image\" content=\"https:\/\/bbqentertainment.com\/wp-content\/uploads\/2020\/03\/Enn-Tobreluts-FOTO-Andres-Tali-1.jpg\" \/>\n\t<meta property=\"og:image:width\" content=\"1200\" \/>\n\t<meta property=\"og:image:height\" content=\"800\" \/>\n\t<meta property=\"og:image:type\" content=\"image\/jpeg\" \/>\n<meta name=\"twitter:card\" content=\"summary_large_image\" \/>\n<meta name=\"twitter:label1\" content=\"Est. reading time\" \/>\n\t<meta name=\"twitter:data1\" content=\"1 minute\" \/>\n<script type=\"application\/ld+json\" class=\"yoast-schema-graph\">{\"@context\":\"https:\\\/\\\/schema.org\",\"@graph\":[{\"@type\":[\"WebPage\",\"ItemPage\"],\"@id\":\"https:\\\/\\\/bbqentertainment.com\\\/toode\\\/napoleon-krevettide-malmist-rostimisalus\\\/\",\"url\":\"https:\\\/\\\/bbqentertainment.com\\\/toode\\\/napoleon-krevettide-malmist-rostimisalus\\\/\",\"name\":\"Napoleon krevettide malmist r\u00f6stimisalus - BBQ Entertainment\",\"isPartOf\":{\"@id\":\"https:\\\/\\\/bbqentertainment.com\\\/#website\"},\"primaryImageOfPage\":{\"@id\":\"https:\\\/\\\/bbqentertainment.com\\\/toode\\\/napoleon-krevettide-malmist-rostimisalus\\\/#primaryimage\"},\"image\":{\"@id\":\"https:\\\/\\\/bbqentertainment.com\\\/toode\\\/napoleon-krevettide-malmist-rostimisalus\\\/#primaryimage\"},\"thumbnailUrl\":\"https:\\\/\\\/bbqentertainment.com\\\/wp-content\\\/uploads\\\/2025\\\/04\\\/ASSET_JPEG_31443500.avif\",\"datePublished\":\"2025-04-03T17:00:39+00:00\",\"dateModified\":\"2026-04-06T09:26:53+00:00\",\"breadcrumb\":{\"@id\":\"https:\\\/\\\/bbqentertainment.com\\\/toode\\\/napoleon-krevettide-malmist-rostimisalus\\\/#breadcrumb\"},\"inLanguage\":\"en-US\",\"potentialAction\":[{\"@type\":\"ReadAction\",\"target\":[\"https:\\\/\\\/bbqentertainment.com\\\/toode\\\/napoleon-krevettide-malmist-rostimisalus\\\/\"]}]},{\"@type\":\"ImageObject\",\"inLanguage\":\"en-US\",\"@id\":\"https:\\\/\\\/bbqentertainment.com\\\/toode\\\/napoleon-krevettide-malmist-rostimisalus\\\/#primaryimage\",\"url\":\"https:\\\/\\\/bbqentertainment.com\\\/wp-content\\\/uploads\\\/2025\\\/04\\\/ASSET_JPEG_31443500.avif\",\"contentUrl\":\"https:\\\/\\\/bbqentertainment.com\\\/wp-content\\\/uploads\\\/2025\\\/04\\\/ASSET_JPEG_31443500.avif\",\"width\":1116,\"height\":1116},{\"@type\":\"BreadcrumbList\",\"@id\":\"https:\\\/\\\/bbqentertainment.com\\\/toode\\\/napoleon-krevettide-malmist-rostimisalus\\\/#breadcrumb\",\"itemListElement\":[{\"@type\":\"ListItem\",\"position\":1,\"name\":\"AVALEHT\",\"item\":\"https:\\\/\\\/bbqentertainment.com\\\/en\\\/\"},{\"@type\":\"ListItem\",\"position\":2,\"name\":\"Tooted\",\"item\":\"https:\\\/\\\/bbqentertainment.com\\\/tooted\\\/\"},{\"@type\":\"ListItem\",\"position\":3,\"name\":\"Lisatarvikud\",\"item\":\"https:\\\/\\\/bbqentertainment.com\\\/tootekategooria\\\/lisatarvikud\\\/\"},{\"@type\":\"ListItem\",\"position\":4,\"name\":\"Lisatarvikud Napoleon\",\"item\":\"https:\\\/\\\/bbqentertainment.com\\\/tootekategooria\\\/lisatarvikud\\\/lisatarvikud-napoleon\\\/\"},{\"@type\":\"ListItem\",\"position\":5,\"name\":\"Napoleon krevettide malmist r\u00f6stimisalus\"}]},{\"@type\":\"WebSite\",\"@id\":\"https:\\\/\\\/bbqentertainment.com\\\/#website\",\"url\":\"https:\\\/\\\/bbqentertainment.com\\\/\",\"name\":\"BBQ Entertainment\",\"description\":\"BBQ is a great lifestyle, not just fun!\",\"publisher\":{\"@id\":\"https:\\\/\\\/bbqentertainment.com\\\/#organization\"},\"potentialAction\":[{\"@type\":\"SearchAction\",\"target\":{\"@type\":\"EntryPoint\",\"urlTemplate\":\"https:\\\/\\\/bbqentertainment.com\\\/?s={search_term_string}\"},\"query-input\":{\"@type\":\"PropertyValueSpecification\",\"valueRequired\":true,\"valueName\":\"search_term_string\"}}],\"inLanguage\":\"en-US\"},{\"@type\":\"Organization\",\"@id\":\"https:\\\/\\\/bbqentertainment.com\\\/#organization\",\"name\":\"BBQ Entertainment O\u00dc\",\"url\":\"https:\\\/\\\/bbqentertainment.com\\\/\",\"logo\":{\"@type\":\"ImageObject\",\"inLanguage\":\"en-US\",\"@id\":\"https:\\\/\\\/bbqentertainment.com\\\/#\\\/schema\\\/logo\\\/image\\\/\",\"url\":\"https:\\\/\\\/bbqentertainment.com\\\/wp-content\\\/uploads\\\/2020\\\/04\\\/BBQ-Entertainment-N-Catering-Enn-Tobreluts-Logo.png\",\"contentUrl\":\"https:\\\/\\\/bbqentertainment.com\\\/wp-content\\\/uploads\\\/2020\\\/04\\\/BBQ-Entertainment-N-Catering-Enn-Tobreluts-Logo.png\",\"width\":628,\"height\":266,\"caption\":\"BBQ Entertainment O\u00dc\"},\"image\":{\"@id\":\"https:\\\/\\\/bbqentertainment.com\\\/#\\\/schema\\\/logo\\\/image\\\/\"},\"sameAs\":[\"https:\\\/\\\/www.facebook.com\\\/BBQ-Entertainment-N-Catering-2437913376443540\",\"https:\\\/\\\/www.instagram.com\\\/bbqentertainmentncatering\\\/\",\"https:\\\/\\\/www.youtube.com\\\/channel\\\/UCmpuANQVhLy2Md8nrenp2jA\"]}]}<\/script>\n<!-- \/ Yoast SEO plugin. -->","yoast_head_json":{"title":"Napoleon krevettide malmist r\u00f6stimisalus - BBQ Entertainment","robots":{"index":"index","follow":"follow","max-snippet":"max-snippet:-1","max-image-preview":"max-image-preview:large","max-video-preview":"max-video-preview:-1"},"canonical":"https:\/\/bbqentertainment.com\/toode\/napoleon-krevettide-malmist-rostimisalus\/","og_locale":"en_US","og_type":"article","og_title":"Napoleon krevettide malmist r\u00f6stimisalus - BBQ Entertainment","og_description":"Napoleon krevettide malmist r\u00f6stimisalus See suur grillialus on m\u00f5eldud 22 suure krevettide korraga k\u00fcpsetamiseks. Valuraua pind on kaetud portselanemailiga, mis takistab toidu kinnij\u00e4\u00e4mist ja muutub iga kasutuskorraga paremaks \u2013 nagu klassikaline valurauapann. Alus sobib kasutamiseks otse grillrestil ning tagab \u00fchtlase kuumuse ja hea kuumuse s\u00e4ilimise, mis teeb selle sobivaks ka serveerimiseks. T\u00e4nu spetsiaalsetele s\u00fcvenditele p\u00fcsivad krevetid kindlalt paigal ega kuku resti vahele. Alust on lihtne kasutada ja hooldada ning see sobib h\u00e4sti suurema seltskonna toitlustamiseks. Omadused:     mahutab kuni 22 suurt krevetti    m\u00f5\u00f5dud: 33,5 \u00d7 16 \u00d7 6 cm    portselaniga kaetud valurautast pind    sobib otseselt grillrestil kasutamiseks    tagab \u00fchtlase kuumuse ja ei lase toidul kinni j\u00e4\u00e4da    kergesti hooldatav ja vastupidav","og_url":"https:\/\/bbqentertainment.com\/toode\/napoleon-krevettide-malmist-rostimisalus\/","og_site_name":"BBQ Entertainment","article_publisher":"https:\/\/www.facebook.com\/BBQ-Entertainment-N-Catering-2437913376443540","article_modified_time":"2026-04-06T09:26:53+00:00","og_image":[{"width":1200,"height":800,"url":"https:\/\/bbqentertainment.com\/wp-content\/uploads\/2020\/03\/Enn-Tobreluts-FOTO-Andres-Tali-1.jpg","type":"image\/jpeg"}],"twitter_card":"summary_large_image","twitter_misc":{"Est. reading time":"1 minute"},"schema":{"@context":"https:\/\/schema.org","@graph":[{"@type":["WebPage","ItemPage"],"@id":"https:\/\/bbqentertainment.com\/toode\/napoleon-krevettide-malmist-rostimisalus\/","url":"https:\/\/bbqentertainment.com\/toode\/napoleon-krevettide-malmist-rostimisalus\/","name":"Napoleon krevettide malmist r\u00f6stimisalus - BBQ Entertainment","isPartOf":{"@id":"https:\/\/bbqentertainment.com\/#website"},"primaryImageOfPage":{"@id":"https:\/\/bbqentertainment.com\/toode\/napoleon-krevettide-malmist-rostimisalus\/#primaryimage"},"image":{"@id":"https:\/\/bbqentertainment.com\/toode\/napoleon-krevettide-malmist-rostimisalus\/#primaryimage"},"thumbnailUrl":"https:\/\/bbqentertainment.com\/wp-content\/uploads\/2025\/04\/ASSET_JPEG_31443500.avif","datePublished":"2025-04-03T17:00:39+00:00","dateModified":"2026-04-06T09:26:53+00:00","breadcrumb":{"@id":"https:\/\/bbqentertainment.com\/toode\/napoleon-krevettide-malmist-rostimisalus\/#breadcrumb"},"inLanguage":"en-US","potentialAction":[{"@type":"ReadAction","target":["https:\/\/bbqentertainment.com\/toode\/napoleon-krevettide-malmist-rostimisalus\/"]}]},{"@type":"ImageObject","inLanguage":"en-US","@id":"https:\/\/bbqentertainment.com\/toode\/napoleon-krevettide-malmist-rostimisalus\/#primaryimage","url":"https:\/\/bbqentertainment.com\/wp-content\/uploads\/2025\/04\/ASSET_JPEG_31443500.avif","contentUrl":"https:\/\/bbqentertainment.com\/wp-content\/uploads\/2025\/04\/ASSET_JPEG_31443500.avif","width":1116,"height":1116},{"@type":"BreadcrumbList","@id":"https:\/\/bbqentertainment.com\/toode\/napoleon-krevettide-malmist-rostimisalus\/#breadcrumb","itemListElement":[{"@type":"ListItem","position":1,"name":"AVALEHT","item":"https:\/\/bbqentertainment.com\/en\/"},{"@type":"ListItem","position":2,"name":"Tooted","item":"https:\/\/bbqentertainment.com\/tooted\/"},{"@type":"ListItem","position":3,"name":"Lisatarvikud","item":"https:\/\/bbqentertainment.com\/tootekategooria\/lisatarvikud\/"},{"@type":"ListItem","position":4,"name":"Lisatarvikud Napoleon","item":"https:\/\/bbqentertainment.com\/tootekategooria\/lisatarvikud\/lisatarvikud-napoleon\/"},{"@type":"ListItem","position":5,"name":"Napoleon krevettide malmist r\u00f6stimisalus"}]},{"@type":"WebSite","@id":"https:\/\/bbqentertainment.com\/#website","url":"https:\/\/bbqentertainment.com\/","name":"BBQ Entertainment","description":"BBQ is a great lifestyle, not just fun!","publisher":{"@id":"https:\/\/bbqentertainment.com\/#organization"},"potentialAction":[{"@type":"SearchAction","target":{"@type":"EntryPoint","urlTemplate":"https:\/\/bbqentertainment.com\/?s={search_term_string}"},"query-input":{"@type":"PropertyValueSpecification","valueRequired":true,"valueName":"search_term_string"}}],"inLanguage":"en-US"},{"@type":"Organization","@id":"https:\/\/bbqentertainment.com\/#organization","name":"BBQ Entertainment O\u00dc","url":"https:\/\/bbqentertainment.com\/","logo":{"@type":"ImageObject","inLanguage":"en-US","@id":"https:\/\/bbqentertainment.com\/#\/schema\/logo\/image\/","url":"https:\/\/bbqentertainment.com\/wp-content\/uploads\/2020\/04\/BBQ-Entertainment-N-Catering-Enn-Tobreluts-Logo.png","contentUrl":"https:\/\/bbqentertainment.com\/wp-content\/uploads\/2020\/04\/BBQ-Entertainment-N-Catering-Enn-Tobreluts-Logo.png","width":628,"height":266,"caption":"BBQ Entertainment O\u00dc"},"image":{"@id":"https:\/\/bbqentertainment.com\/#\/schema\/logo\/image\/"},"sameAs":["https:\/\/www.facebook.com\/BBQ-Entertainment-N-Catering-2437913376443540","https:\/\/www.instagram.com\/bbqentertainmentncatering\/","https:\/\/www.youtube.com\/channel\/UCmpuANQVhLy2Md8nrenp2jA"]}]}},"_links":{"self":[{"href":"https:\/\/bbqentertainment.com\/en\/wp-json\/wp\/v2\/product\/251099","targetHints":{"allow":["GET"]}}],"collection":[{"href":"https:\/\/bbqentertainment.com\/en\/wp-json\/wp\/v2\/product"}],"about":[{"href":"https:\/\/bbqentertainment.com\/en\/wp-json\/wp\/v2\/types\/product"}],"wp:featuredmedia":[{"embeddable":true,"href":"https:\/\/bbqentertainment.com\/en\/wp-json\/wp\/v2\/media\/251102"}],"wp:attachment":[{"href":"https:\/\/bbqentertainment.com\/en\/wp-json\/wp\/v2\/media?parent=251099"}],"wp:term":[{"taxonomy":"product_brand","embeddable":true,"href":"https:\/\/bbqentertainment.com\/en\/wp-json\/wp\/v2\/product_brand?post=251099"},{"taxonomy":"product_cat","embeddable":true,"href":"https:\/\/bbqentertainment.com\/en\/wp-json\/wp\/v2\/product_cat?post=251099"},{"taxonomy":"product_tag","embeddable":true,"href":"https:\/\/bbqentertainment.com\/en\/wp-json\/wp\/v2\/product_tag?post=251099"}],"curies":[{"name":"wp","href":"https:\/\/api.w.org\/{rel}","templated":true}]}}