{"id":251108,"date":"2025-04-03T20:08:03","date_gmt":"2025-04-03T17:08:03","guid":{"rendered":"https:\/\/bbqentertainment.com\/?post_type=product&#038;p=251108"},"modified":"2026-04-06T12:26:39","modified_gmt":"2026-04-06T09:26:39","slug":"napoleon-malmist-muffinivorm","status":"publish","type":"product","link":"https:\/\/bbqentertainment.com\/en\/toode\/napoleon-malmist-muffinivorm\/","title":{"rendered":"Napoleon malmist muffinivorm"},"content":{"rendered":"","protected":false},"excerpt":{"rendered":"<h3>Napoleon malmist muffinivorm<\/h3>\n<p class=\"\" data-start=\"134\" data-end=\"427\">Emailkattega muffinivorm sobib h\u00e4sti nii magusate kui ka soolaste k\u00fcpsetiste valmistamiseks \u2013 n\u00e4iteks muffinid, Yorkshire\u2019i pudding, k\u00fcpsised ja muud taignaroad k\u00fcpsevad \u00fchtlaselt ja tulevad vormist kergesti lahti. Malmi paksus ja omadused tagavad \u00fchtlase kuumuse ja pika soojuse s\u00e4ilimise.<\/p>\n<p class=\"\" data-start=\"429\" data-end=\"697\">Vormi saab kasutada otse grillrestil v\u00f5i Napoleon 6-liitrise malmpoti sees. T\u00e4nu metallist k\u00e4epidemele on seda lihtne potti asetada ja hiljem v\u00e4lja t\u00f5sta. Kuna muffinivormi pind ja k\u00e4epide l\u00e4hevad kuumaks, tuleks seda k\u00e4sitseda ainult kuumakindlaid kindaid kasutades.<\/p>\n<p class=\"\" data-start=\"699\" data-end=\"714\"><strong data-start=\"699\" data-end=\"712\">Omadused:<\/strong><\/p>\n<ul data-start=\"715\" data-end=\"941\">\n<li class=\"\" data-start=\"715\" data-end=\"764\">\n<p class=\"\" data-start=\"717\" data-end=\"764\">sobib Napoleon 6-liitrise malmpoti sisse<\/p>\n<\/li>\n<li class=\"\" data-start=\"765\" data-end=\"798\">\n<p class=\"\" data-start=\"767\" data-end=\"798\">kasutatav ka otse grillrestil<\/p>\n<\/li>\n<li class=\"\" data-start=\"799\" data-end=\"841\">\n<p class=\"\" data-start=\"801\" data-end=\"841\">mittenakkuv emailkate, lihtne hooldada<\/p>\n<\/li>\n<li class=\"\" data-start=\"842\" data-end=\"893\">\n<p class=\"\" data-start=\"844\" data-end=\"893\">6 s\u00fcvendit muffinide v\u00f5i muude k\u00fcpsetiste jaoks<\/p>\n<\/li>\n<li class=\"\" data-start=\"894\" data-end=\"941\">\n<p class=\"\" data-start=\"896\" data-end=\"941\">tugev metallist k\u00e4epide mugavaks t\u00f5stmiseks<\/p>\n<\/li>\n<\/ul>\n<p class=\"\" data-start=\"943\" data-end=\"962\"><strong data-start=\"943\" data-end=\"956\">L\u00e4bim\u00f5\u00f5t:<\/strong> 24 cm<\/p>\n","protected":false},"featured_media":251113,"template":"","meta":{"inline_featured_image":false},"product_brand":[],"product_cat":[92,562,528],"product_tag":[],"class_list":{"0":"post-251108","1":"product","2":"type-product","3":"status-publish","4":"has-post-thumbnail","6":"product_cat-lisatarvikud","7":"product_cat-lisatarvikud-napoleon","8":"product_cat-potid-ja-pannid","10":"first","11":"instock","12":"taxable","13":"shipping-taxable","14":"purchasable","15":"product-type-simple"},"yoast_head":"<!-- This site is optimized with the Yoast SEO plugin v27.4 - https:\/\/yoast.com\/product\/yoast-seo-wordpress\/ -->\n<title>Napoleon malmist muffinivorm - BBQ Entertainment<\/title>\n<meta name=\"robots\" content=\"index, follow, max-snippet:-1, max-image-preview:large, max-video-preview:-1\" \/>\n<link rel=\"canonical\" href=\"https:\/\/bbqentertainment.com\/toode\/napoleon-malmist-muffinivorm\/\" \/>\n<meta property=\"og:locale\" content=\"en_US\" \/>\n<meta property=\"og:type\" content=\"article\" \/>\n<meta property=\"og:title\" content=\"Napoleon malmist muffinivorm - BBQ Entertainment\" \/>\n<meta property=\"og:description\" content=\"Napoleon malmist muffinivorm Emailkattega muffinivorm sobib h\u00e4sti nii magusate kui ka soolaste k\u00fcpsetiste valmistamiseks \u2013 n\u00e4iteks muffinid, Yorkshire\u2019i pudding, k\u00fcpsised ja muud taignaroad k\u00fcpsevad \u00fchtlaselt ja tulevad vormist kergesti lahti. Malmi paksus ja omadused tagavad \u00fchtlase kuumuse ja pika soojuse s\u00e4ilimise. Vormi saab kasutada otse grillrestil v\u00f5i Napoleon 6-liitrise malmpoti sees. T\u00e4nu metallist k\u00e4epidemele on seda lihtne potti asetada ja hiljem v\u00e4lja t\u00f5sta. Kuna muffinivormi pind ja k\u00e4epide l\u00e4hevad kuumaks, tuleks seda k\u00e4sitseda ainult kuumakindlaid kindaid kasutades. Omadused:     sobib Napoleon 6-liitrise malmpoti sisse    kasutatav ka otse grillrestil    mittenakkuv emailkate, lihtne hooldada    6 s\u00fcvendit muffinide v\u00f5i muude k\u00fcpsetiste jaoks    tugev metallist k\u00e4epide mugavaks t\u00f5stmiseks   L\u00e4bim\u00f5\u00f5t: 24 cm\" \/>\n<meta property=\"og:url\" content=\"https:\/\/bbqentertainment.com\/toode\/napoleon-malmist-muffinivorm\/\" \/>\n<meta property=\"og:site_name\" content=\"BBQ Entertainment\" \/>\n<meta property=\"article:publisher\" content=\"https:\/\/www.facebook.com\/BBQ-Entertainment-N-Catering-2437913376443540\" \/>\n<meta property=\"article:modified_time\" content=\"2026-04-06T09:26:39+00:00\" \/>\n<meta property=\"og:image\" content=\"https:\/\/bbqentertainment.com\/wp-content\/uploads\/2025\/04\/napoleon-click-to-expand-napoleon-cast-iron-muffin-cooker-56061-56061-accessory-food-prep-tool-629162560612-31341045153854_grande.webp.png\" \/>\n\t<meta property=\"og:image:width\" content=\"600\" \/>\n\t<meta property=\"og:image:height\" content=\"600\" \/>\n\t<meta property=\"og:image:type\" content=\"image\/png\" \/>\n<meta name=\"twitter:card\" content=\"summary_large_image\" \/>\n<meta name=\"twitter:label1\" content=\"Est. reading time\" \/>\n\t<meta name=\"twitter:data1\" content=\"1 minute\" \/>\n<script type=\"application\/ld+json\" class=\"yoast-schema-graph\">{\"@context\":\"https:\\\/\\\/schema.org\",\"@graph\":[{\"@type\":[\"WebPage\",\"ItemPage\"],\"@id\":\"https:\\\/\\\/bbqentertainment.com\\\/toode\\\/napoleon-malmist-muffinivorm\\\/\",\"url\":\"https:\\\/\\\/bbqentertainment.com\\\/toode\\\/napoleon-malmist-muffinivorm\\\/\",\"name\":\"Napoleon malmist muffinivorm - BBQ Entertainment\",\"isPartOf\":{\"@id\":\"https:\\\/\\\/bbqentertainment.com\\\/#website\"},\"primaryImageOfPage\":{\"@id\":\"https:\\\/\\\/bbqentertainment.com\\\/toode\\\/napoleon-malmist-muffinivorm\\\/#primaryimage\"},\"image\":{\"@id\":\"https:\\\/\\\/bbqentertainment.com\\\/toode\\\/napoleon-malmist-muffinivorm\\\/#primaryimage\"},\"thumbnailUrl\":\"https:\\\/\\\/bbqentertainment.com\\\/wp-content\\\/uploads\\\/2025\\\/04\\\/napoleon-click-to-expand-napoleon-cast-iron-muffin-cooker-56061-56061-accessory-food-prep-tool-629162560612-31341045153854_grande.webp.png\",\"datePublished\":\"2025-04-03T17:08:03+00:00\",\"dateModified\":\"2026-04-06T09:26:39+00:00\",\"breadcrumb\":{\"@id\":\"https:\\\/\\\/bbqentertainment.com\\\/toode\\\/napoleon-malmist-muffinivorm\\\/#breadcrumb\"},\"inLanguage\":\"en-US\",\"potentialAction\":[{\"@type\":\"ReadAction\",\"target\":[\"https:\\\/\\\/bbqentertainment.com\\\/toode\\\/napoleon-malmist-muffinivorm\\\/\"]}]},{\"@type\":\"ImageObject\",\"inLanguage\":\"en-US\",\"@id\":\"https:\\\/\\\/bbqentertainment.com\\\/toode\\\/napoleon-malmist-muffinivorm\\\/#primaryimage\",\"url\":\"https:\\\/\\\/bbqentertainment.com\\\/wp-content\\\/uploads\\\/2025\\\/04\\\/napoleon-click-to-expand-napoleon-cast-iron-muffin-cooker-56061-56061-accessory-food-prep-tool-629162560612-31341045153854_grande.webp.png\",\"contentUrl\":\"https:\\\/\\\/bbqentertainment.com\\\/wp-content\\\/uploads\\\/2025\\\/04\\\/napoleon-click-to-expand-napoleon-cast-iron-muffin-cooker-56061-56061-accessory-food-prep-tool-629162560612-31341045153854_grande.webp.png\",\"width\":600,\"height\":600},{\"@type\":\"BreadcrumbList\",\"@id\":\"https:\\\/\\\/bbqentertainment.com\\\/toode\\\/napoleon-malmist-muffinivorm\\\/#breadcrumb\",\"itemListElement\":[{\"@type\":\"ListItem\",\"position\":1,\"name\":\"AVALEHT\",\"item\":\"https:\\\/\\\/bbqentertainment.com\\\/en\\\/\"},{\"@type\":\"ListItem\",\"position\":2,\"name\":\"Tooted\",\"item\":\"https:\\\/\\\/bbqentertainment.com\\\/tooted\\\/\"},{\"@type\":\"ListItem\",\"position\":3,\"name\":\"Lisatarvikud\",\"item\":\"https:\\\/\\\/bbqentertainment.com\\\/tootekategooria\\\/lisatarvikud\\\/\"},{\"@type\":\"ListItem\",\"position\":4,\"name\":\"Lisatarvikud Napoleon\",\"item\":\"https:\\\/\\\/bbqentertainment.com\\\/tootekategooria\\\/lisatarvikud\\\/lisatarvikud-napoleon\\\/\"},{\"@type\":\"ListItem\",\"position\":5,\"name\":\"Napoleon malmist muffinivorm\"}]},{\"@type\":\"WebSite\",\"@id\":\"https:\\\/\\\/bbqentertainment.com\\\/#website\",\"url\":\"https:\\\/\\\/bbqentertainment.com\\\/\",\"name\":\"BBQ Entertainment\",\"description\":\"BBQ is a great lifestyle, not just fun!\",\"publisher\":{\"@id\":\"https:\\\/\\\/bbqentertainment.com\\\/#organization\"},\"potentialAction\":[{\"@type\":\"SearchAction\",\"target\":{\"@type\":\"EntryPoint\",\"urlTemplate\":\"https:\\\/\\\/bbqentertainment.com\\\/?s={search_term_string}\"},\"query-input\":{\"@type\":\"PropertyValueSpecification\",\"valueRequired\":true,\"valueName\":\"search_term_string\"}}],\"inLanguage\":\"en-US\"},{\"@type\":\"Organization\",\"@id\":\"https:\\\/\\\/bbqentertainment.com\\\/#organization\",\"name\":\"BBQ Entertainment O\u00dc\",\"url\":\"https:\\\/\\\/bbqentertainment.com\\\/\",\"logo\":{\"@type\":\"ImageObject\",\"inLanguage\":\"en-US\",\"@id\":\"https:\\\/\\\/bbqentertainment.com\\\/#\\\/schema\\\/logo\\\/image\\\/\",\"url\":\"https:\\\/\\\/bbqentertainment.com\\\/wp-content\\\/uploads\\\/2020\\\/04\\\/BBQ-Entertainment-N-Catering-Enn-Tobreluts-Logo.png\",\"contentUrl\":\"https:\\\/\\\/bbqentertainment.com\\\/wp-content\\\/uploads\\\/2020\\\/04\\\/BBQ-Entertainment-N-Catering-Enn-Tobreluts-Logo.png\",\"width\":628,\"height\":266,\"caption\":\"BBQ Entertainment O\u00dc\"},\"image\":{\"@id\":\"https:\\\/\\\/bbqentertainment.com\\\/#\\\/schema\\\/logo\\\/image\\\/\"},\"sameAs\":[\"https:\\\/\\\/www.facebook.com\\\/BBQ-Entertainment-N-Catering-2437913376443540\",\"https:\\\/\\\/www.instagram.com\\\/bbqentertainmentncatering\\\/\",\"https:\\\/\\\/www.youtube.com\\\/channel\\\/UCmpuANQVhLy2Md8nrenp2jA\"]}]}<\/script>\n<!-- \/ Yoast SEO plugin. -->","yoast_head_json":{"title":"Napoleon malmist muffinivorm - BBQ Entertainment","robots":{"index":"index","follow":"follow","max-snippet":"max-snippet:-1","max-image-preview":"max-image-preview:large","max-video-preview":"max-video-preview:-1"},"canonical":"https:\/\/bbqentertainment.com\/toode\/napoleon-malmist-muffinivorm\/","og_locale":"en_US","og_type":"article","og_title":"Napoleon malmist muffinivorm - BBQ Entertainment","og_description":"Napoleon malmist muffinivorm Emailkattega muffinivorm sobib h\u00e4sti nii magusate kui ka soolaste k\u00fcpsetiste valmistamiseks \u2013 n\u00e4iteks muffinid, Yorkshire\u2019i pudding, k\u00fcpsised ja muud taignaroad k\u00fcpsevad \u00fchtlaselt ja tulevad vormist kergesti lahti. Malmi paksus ja omadused tagavad \u00fchtlase kuumuse ja pika soojuse s\u00e4ilimise. Vormi saab kasutada otse grillrestil v\u00f5i Napoleon 6-liitrise malmpoti sees. T\u00e4nu metallist k\u00e4epidemele on seda lihtne potti asetada ja hiljem v\u00e4lja t\u00f5sta. Kuna muffinivormi pind ja k\u00e4epide l\u00e4hevad kuumaks, tuleks seda k\u00e4sitseda ainult kuumakindlaid kindaid kasutades. Omadused:     sobib Napoleon 6-liitrise malmpoti sisse    kasutatav ka otse grillrestil    mittenakkuv emailkate, lihtne hooldada    6 s\u00fcvendit muffinide v\u00f5i muude k\u00fcpsetiste jaoks    tugev metallist k\u00e4epide mugavaks t\u00f5stmiseks   L\u00e4bim\u00f5\u00f5t: 24 cm","og_url":"https:\/\/bbqentertainment.com\/toode\/napoleon-malmist-muffinivorm\/","og_site_name":"BBQ Entertainment","article_publisher":"https:\/\/www.facebook.com\/BBQ-Entertainment-N-Catering-2437913376443540","article_modified_time":"2026-04-06T09:26:39+00:00","og_image":[{"width":600,"height":600,"url":"https:\/\/bbqentertainment.com\/wp-content\/uploads\/2025\/04\/napoleon-click-to-expand-napoleon-cast-iron-muffin-cooker-56061-56061-accessory-food-prep-tool-629162560612-31341045153854_grande.webp.png","type":"image\/png"}],"twitter_card":"summary_large_image","twitter_misc":{"Est. reading time":"1 minute"},"schema":{"@context":"https:\/\/schema.org","@graph":[{"@type":["WebPage","ItemPage"],"@id":"https:\/\/bbqentertainment.com\/toode\/napoleon-malmist-muffinivorm\/","url":"https:\/\/bbqentertainment.com\/toode\/napoleon-malmist-muffinivorm\/","name":"Napoleon malmist muffinivorm - BBQ Entertainment","isPartOf":{"@id":"https:\/\/bbqentertainment.com\/#website"},"primaryImageOfPage":{"@id":"https:\/\/bbqentertainment.com\/toode\/napoleon-malmist-muffinivorm\/#primaryimage"},"image":{"@id":"https:\/\/bbqentertainment.com\/toode\/napoleon-malmist-muffinivorm\/#primaryimage"},"thumbnailUrl":"https:\/\/bbqentertainment.com\/wp-content\/uploads\/2025\/04\/napoleon-click-to-expand-napoleon-cast-iron-muffin-cooker-56061-56061-accessory-food-prep-tool-629162560612-31341045153854_grande.webp.png","datePublished":"2025-04-03T17:08:03+00:00","dateModified":"2026-04-06T09:26:39+00:00","breadcrumb":{"@id":"https:\/\/bbqentertainment.com\/toode\/napoleon-malmist-muffinivorm\/#breadcrumb"},"inLanguage":"en-US","potentialAction":[{"@type":"ReadAction","target":["https:\/\/bbqentertainment.com\/toode\/napoleon-malmist-muffinivorm\/"]}]},{"@type":"ImageObject","inLanguage":"en-US","@id":"https:\/\/bbqentertainment.com\/toode\/napoleon-malmist-muffinivorm\/#primaryimage","url":"https:\/\/bbqentertainment.com\/wp-content\/uploads\/2025\/04\/napoleon-click-to-expand-napoleon-cast-iron-muffin-cooker-56061-56061-accessory-food-prep-tool-629162560612-31341045153854_grande.webp.png","contentUrl":"https:\/\/bbqentertainment.com\/wp-content\/uploads\/2025\/04\/napoleon-click-to-expand-napoleon-cast-iron-muffin-cooker-56061-56061-accessory-food-prep-tool-629162560612-31341045153854_grande.webp.png","width":600,"height":600},{"@type":"BreadcrumbList","@id":"https:\/\/bbqentertainment.com\/toode\/napoleon-malmist-muffinivorm\/#breadcrumb","itemListElement":[{"@type":"ListItem","position":1,"name":"AVALEHT","item":"https:\/\/bbqentertainment.com\/en\/"},{"@type":"ListItem","position":2,"name":"Tooted","item":"https:\/\/bbqentertainment.com\/tooted\/"},{"@type":"ListItem","position":3,"name":"Lisatarvikud","item":"https:\/\/bbqentertainment.com\/tootekategooria\/lisatarvikud\/"},{"@type":"ListItem","position":4,"name":"Lisatarvikud Napoleon","item":"https:\/\/bbqentertainment.com\/tootekategooria\/lisatarvikud\/lisatarvikud-napoleon\/"},{"@type":"ListItem","position":5,"name":"Napoleon malmist muffinivorm"}]},{"@type":"WebSite","@id":"https:\/\/bbqentertainment.com\/#website","url":"https:\/\/bbqentertainment.com\/","name":"BBQ Entertainment","description":"BBQ is a great lifestyle, not just fun!","publisher":{"@id":"https:\/\/bbqentertainment.com\/#organization"},"potentialAction":[{"@type":"SearchAction","target":{"@type":"EntryPoint","urlTemplate":"https:\/\/bbqentertainment.com\/?s={search_term_string}"},"query-input":{"@type":"PropertyValueSpecification","valueRequired":true,"valueName":"search_term_string"}}],"inLanguage":"en-US"},{"@type":"Organization","@id":"https:\/\/bbqentertainment.com\/#organization","name":"BBQ Entertainment O\u00dc","url":"https:\/\/bbqentertainment.com\/","logo":{"@type":"ImageObject","inLanguage":"en-US","@id":"https:\/\/bbqentertainment.com\/#\/schema\/logo\/image\/","url":"https:\/\/bbqentertainment.com\/wp-content\/uploads\/2020\/04\/BBQ-Entertainment-N-Catering-Enn-Tobreluts-Logo.png","contentUrl":"https:\/\/bbqentertainment.com\/wp-content\/uploads\/2020\/04\/BBQ-Entertainment-N-Catering-Enn-Tobreluts-Logo.png","width":628,"height":266,"caption":"BBQ Entertainment O\u00dc"},"image":{"@id":"https:\/\/bbqentertainment.com\/#\/schema\/logo\/image\/"},"sameAs":["https:\/\/www.facebook.com\/BBQ-Entertainment-N-Catering-2437913376443540","https:\/\/www.instagram.com\/bbqentertainmentncatering\/","https:\/\/www.youtube.com\/channel\/UCmpuANQVhLy2Md8nrenp2jA"]}]}},"_links":{"self":[{"href":"https:\/\/bbqentertainment.com\/en\/wp-json\/wp\/v2\/product\/251108","targetHints":{"allow":["GET"]}}],"collection":[{"href":"https:\/\/bbqentertainment.com\/en\/wp-json\/wp\/v2\/product"}],"about":[{"href":"https:\/\/bbqentertainment.com\/en\/wp-json\/wp\/v2\/types\/product"}],"wp:featuredmedia":[{"embeddable":true,"href":"https:\/\/bbqentertainment.com\/en\/wp-json\/wp\/v2\/media\/251113"}],"wp:attachment":[{"href":"https:\/\/bbqentertainment.com\/en\/wp-json\/wp\/v2\/media?parent=251108"}],"wp:term":[{"taxonomy":"product_brand","embeddable":true,"href":"https:\/\/bbqentertainment.com\/en\/wp-json\/wp\/v2\/product_brand?post=251108"},{"taxonomy":"product_cat","embeddable":true,"href":"https:\/\/bbqentertainment.com\/en\/wp-json\/wp\/v2\/product_cat?post=251108"},{"taxonomy":"product_tag","embeddable":true,"href":"https:\/\/bbqentertainment.com\/en\/wp-json\/wp\/v2\/product_tag?post=251108"}],"curies":[{"name":"wp","href":"https:\/\/api.w.org\/{rel}","templated":true}]}}