{"id":251115,"date":"2025-04-03T20:17:53","date_gmt":"2025-04-03T17:17:53","guid":{"rendered":"https:\/\/bbqentertainment.com\/?post_type=product&#038;p=251115"},"modified":"2026-04-06T12:26:39","modified_gmt":"2026-04-06T09:26:39","slug":"napoleon-korgendusrest-soegrillidele","status":"publish","type":"product","link":"https:\/\/bbqentertainment.com\/en\/toode\/napoleon-korgendusrest-soegrillidele\/","title":{"rendered":"Napoleon k\u00f5rgendusrest s\u00f6egrillidele"},"content":{"rendered":"","protected":false},"excerpt":{"rendered":"<h3>Napoleon k\u00f5rgendusrest s\u00f6egrillidele<\/h3>\n<p class=\"\" data-start=\"41\" data-end=\"405\">See roostevabast terasest soojusrest sobib enamikule s\u00f6egrillidele ja on deaalne toidu soojas hoidmiseks v\u00f5i aeglaseks k\u00fcpsetamiseks kaudsel kuumusel. Restil saab mugavalt soojendada k\u00fcpsetatud kartuleid, grillv\u00f5ileibu v\u00f5i k\u00f6\u00f6givilju. Samuti sobib see madalal kuumusel grillimiseks, kui eesm\u00e4rgiks on suitsune BBQ-maitse.<\/p>\n<p class=\"\" data-start=\"407\" data-end=\"547\">Paigaldamine on lihtne \u2013 t\u00f6\u00f6riistu pole vaja. Rest asetub otse grillresti peale ning v\u00f5imaldab j\u00e4tkuvalt kasutada kogu grilli k\u00fcpsetuspinda.<\/p>\n<p class=\"\" data-start=\"549\" data-end=\"564\"><strong data-start=\"549\" data-end=\"562\">Omadused:<\/strong><\/p>\n<ul data-start=\"565\" data-end=\"810\">\n<li class=\"\" data-start=\"565\" data-end=\"607\">\n<p class=\"\" data-start=\"567\" data-end=\"607\">lisab 387 cm\u00b2 (60 sq in) k\u00fcpsetuspinda<\/p>\n<\/li>\n<li class=\"\" data-start=\"608\" data-end=\"656\">\n<p class=\"\" data-start=\"610\" data-end=\"656\">sobib enamikele s\u00f6ek\u00fcttega kettle-grillidele<\/p>\n<\/li>\n<li class=\"\" data-start=\"657\" data-end=\"719\">\n<p class=\"\" data-start=\"659\" data-end=\"719\">ideaalne toidu soojas hoidmiseks ja kaudseks k\u00fcpsetamiseks<\/p>\n<\/li>\n<li class=\"\" data-start=\"720\" data-end=\"769\">\n<p class=\"\" data-start=\"722\" data-end=\"769\">vastupidav roostevaba teras, lihtne puhastada<\/p>\n<\/li>\n<\/ul>\n<p class=\"\" data-start=\"812\" data-end=\"825\"><strong data-start=\"812\" data-end=\"823\">M\u00f5\u00f5dud:<\/strong><\/p>\n<ul data-start=\"826\" data-end=\"900\">\n<li class=\"\" data-start=\"826\" data-end=\"844\">\n<p class=\"\" data-start=\"828\" data-end=\"844\">s\u00fcgavus: 42 cm<\/p>\n<\/li>\n<li class=\"\" data-start=\"845\" data-end=\"863\">\n<p class=\"\" data-start=\"847\" data-end=\"863\">laius: 17,8 cm<\/p>\n<\/li>\n<li class=\"\" data-start=\"864\" data-end=\"883\">\n<p class=\"\" data-start=\"866\" data-end=\"883\">k\u00f5rgus: 10,8 cm<\/p>\n<\/li>\n<\/ul>\n","protected":false},"featured_media":251124,"template":"","meta":{"inline_featured_image":false},"product_brand":[],"product_cat":[92,562],"product_tag":[],"class_list":{"0":"post-251115","1":"product","2":"type-product","3":"status-publish","4":"has-post-thumbnail","6":"product_cat-lisatarvikud","7":"product_cat-lisatarvikud-napoleon","9":"first","10":"instock","11":"taxable","12":"shipping-taxable","13":"purchasable","14":"product-type-simple"},"yoast_head":"<!-- This site is optimized with the Yoast SEO plugin v27.4 - https:\/\/yoast.com\/product\/yoast-seo-wordpress\/ -->\n<title>Napoleon k\u00f5rgendusrest s\u00f6egrillidele - BBQ Entertainment<\/title>\n<meta name=\"robots\" content=\"index, follow, max-snippet:-1, max-image-preview:large, max-video-preview:-1\" \/>\n<link rel=\"canonical\" href=\"https:\/\/bbqentertainment.com\/toode\/napoleon-korgendusrest-soegrillidele\/\" \/>\n<meta property=\"og:locale\" content=\"en_US\" \/>\n<meta property=\"og:type\" content=\"article\" \/>\n<meta property=\"og:title\" content=\"Napoleon k\u00f5rgendusrest s\u00f6egrillidele - BBQ Entertainment\" \/>\n<meta property=\"og:description\" content=\"Napoleon k\u00f5rgendusrest s\u00f6egrillidele See roostevabast terasest soojusrest sobib enamikule s\u00f6egrillidele ja on deaalne toidu soojas hoidmiseks v\u00f5i aeglaseks k\u00fcpsetamiseks kaudsel kuumusel. Restil saab mugavalt soojendada k\u00fcpsetatud kartuleid, grillv\u00f5ileibu v\u00f5i k\u00f6\u00f6givilju. Samuti sobib see madalal kuumusel grillimiseks, kui eesm\u00e4rgiks on suitsune BBQ-maitse. Paigaldamine on lihtne \u2013 t\u00f6\u00f6riistu pole vaja. Rest asetub otse grillresti peale ning v\u00f5imaldab j\u00e4tkuvalt kasutada kogu grilli k\u00fcpsetuspinda. Omadused:     lisab 387 cm\u00b2 (60 sq in) k\u00fcpsetuspinda    sobib enamikele s\u00f6ek\u00fcttega kettle-grillidele    ideaalne toidu soojas hoidmiseks ja kaudseks k\u00fcpsetamiseks    vastupidav roostevaba teras, lihtne puhastada   M\u00f5\u00f5dud:     s\u00fcgavus: 42 cm    laius: 17,8 cm    k\u00f5rgus: 10,8 cm\" \/>\n<meta property=\"og:url\" content=\"https:\/\/bbqentertainment.com\/toode\/napoleon-korgendusrest-soegrillidele\/\" \/>\n<meta property=\"og:site_name\" content=\"BBQ Entertainment\" \/>\n<meta property=\"article:publisher\" content=\"https:\/\/www.facebook.com\/BBQ-Entertainment-N-Catering-2437913376443540\" \/>\n<meta property=\"article:modified_time\" content=\"2026-04-06T09:26:39+00:00\" \/>\n<meta property=\"og:image\" content=\"https:\/\/bbqentertainment.com\/wp-content\/uploads\/2025\/04\/kettle-warming-rack-on-white.jpg\" \/>\n\t<meta property=\"og:image:width\" content=\"700\" \/>\n\t<meta property=\"og:image:height\" content=\"467\" \/>\n\t<meta property=\"og:image:type\" content=\"image\/jpeg\" \/>\n<meta name=\"twitter:card\" content=\"summary_large_image\" \/>\n<meta name=\"twitter:label1\" content=\"Est. reading time\" \/>\n\t<meta name=\"twitter:data1\" content=\"1 minute\" \/>\n<script type=\"application\/ld+json\" class=\"yoast-schema-graph\">{\"@context\":\"https:\\\/\\\/schema.org\",\"@graph\":[{\"@type\":[\"WebPage\",\"ItemPage\"],\"@id\":\"https:\\\/\\\/bbqentertainment.com\\\/toode\\\/napoleon-korgendusrest-soegrillidele\\\/\",\"url\":\"https:\\\/\\\/bbqentertainment.com\\\/toode\\\/napoleon-korgendusrest-soegrillidele\\\/\",\"name\":\"Napoleon k\u00f5rgendusrest s\u00f6egrillidele - BBQ Entertainment\",\"isPartOf\":{\"@id\":\"https:\\\/\\\/bbqentertainment.com\\\/#website\"},\"primaryImageOfPage\":{\"@id\":\"https:\\\/\\\/bbqentertainment.com\\\/toode\\\/napoleon-korgendusrest-soegrillidele\\\/#primaryimage\"},\"image\":{\"@id\":\"https:\\\/\\\/bbqentertainment.com\\\/toode\\\/napoleon-korgendusrest-soegrillidele\\\/#primaryimage\"},\"thumbnailUrl\":\"https:\\\/\\\/bbqentertainment.com\\\/wp-content\\\/uploads\\\/2025\\\/04\\\/kettle-warming-rack-on-white.jpg\",\"datePublished\":\"2025-04-03T17:17:53+00:00\",\"dateModified\":\"2026-04-06T09:26:39+00:00\",\"breadcrumb\":{\"@id\":\"https:\\\/\\\/bbqentertainment.com\\\/toode\\\/napoleon-korgendusrest-soegrillidele\\\/#breadcrumb\"},\"inLanguage\":\"en-US\",\"potentialAction\":[{\"@type\":\"ReadAction\",\"target\":[\"https:\\\/\\\/bbqentertainment.com\\\/toode\\\/napoleon-korgendusrest-soegrillidele\\\/\"]}]},{\"@type\":\"ImageObject\",\"inLanguage\":\"en-US\",\"@id\":\"https:\\\/\\\/bbqentertainment.com\\\/toode\\\/napoleon-korgendusrest-soegrillidele\\\/#primaryimage\",\"url\":\"https:\\\/\\\/bbqentertainment.com\\\/wp-content\\\/uploads\\\/2025\\\/04\\\/kettle-warming-rack-on-white.jpg\",\"contentUrl\":\"https:\\\/\\\/bbqentertainment.com\\\/wp-content\\\/uploads\\\/2025\\\/04\\\/kettle-warming-rack-on-white.jpg\",\"width\":700,\"height\":467},{\"@type\":\"BreadcrumbList\",\"@id\":\"https:\\\/\\\/bbqentertainment.com\\\/toode\\\/napoleon-korgendusrest-soegrillidele\\\/#breadcrumb\",\"itemListElement\":[{\"@type\":\"ListItem\",\"position\":1,\"name\":\"AVALEHT\",\"item\":\"https:\\\/\\\/bbqentertainment.com\\\/en\\\/\"},{\"@type\":\"ListItem\",\"position\":2,\"name\":\"Tooted\",\"item\":\"https:\\\/\\\/bbqentertainment.com\\\/tooted\\\/\"},{\"@type\":\"ListItem\",\"position\":3,\"name\":\"Lisatarvikud\",\"item\":\"https:\\\/\\\/bbqentertainment.com\\\/tootekategooria\\\/lisatarvikud\\\/\"},{\"@type\":\"ListItem\",\"position\":4,\"name\":\"Lisatarvikud Napoleon\",\"item\":\"https:\\\/\\\/bbqentertainment.com\\\/tootekategooria\\\/lisatarvikud\\\/lisatarvikud-napoleon\\\/\"},{\"@type\":\"ListItem\",\"position\":5,\"name\":\"Napoleon k\u00f5rgendusrest s\u00f6egrillidele\"}]},{\"@type\":\"WebSite\",\"@id\":\"https:\\\/\\\/bbqentertainment.com\\\/#website\",\"url\":\"https:\\\/\\\/bbqentertainment.com\\\/\",\"name\":\"BBQ Entertainment\",\"description\":\"BBQ is a great lifestyle, not just fun!\",\"publisher\":{\"@id\":\"https:\\\/\\\/bbqentertainment.com\\\/#organization\"},\"potentialAction\":[{\"@type\":\"SearchAction\",\"target\":{\"@type\":\"EntryPoint\",\"urlTemplate\":\"https:\\\/\\\/bbqentertainment.com\\\/?s={search_term_string}\"},\"query-input\":{\"@type\":\"PropertyValueSpecification\",\"valueRequired\":true,\"valueName\":\"search_term_string\"}}],\"inLanguage\":\"en-US\"},{\"@type\":\"Organization\",\"@id\":\"https:\\\/\\\/bbqentertainment.com\\\/#organization\",\"name\":\"BBQ Entertainment O\u00dc\",\"url\":\"https:\\\/\\\/bbqentertainment.com\\\/\",\"logo\":{\"@type\":\"ImageObject\",\"inLanguage\":\"en-US\",\"@id\":\"https:\\\/\\\/bbqentertainment.com\\\/#\\\/schema\\\/logo\\\/image\\\/\",\"url\":\"https:\\\/\\\/bbqentertainment.com\\\/wp-content\\\/uploads\\\/2020\\\/04\\\/BBQ-Entertainment-N-Catering-Enn-Tobreluts-Logo.png\",\"contentUrl\":\"https:\\\/\\\/bbqentertainment.com\\\/wp-content\\\/uploads\\\/2020\\\/04\\\/BBQ-Entertainment-N-Catering-Enn-Tobreluts-Logo.png\",\"width\":628,\"height\":266,\"caption\":\"BBQ Entertainment O\u00dc\"},\"image\":{\"@id\":\"https:\\\/\\\/bbqentertainment.com\\\/#\\\/schema\\\/logo\\\/image\\\/\"},\"sameAs\":[\"https:\\\/\\\/www.facebook.com\\\/BBQ-Entertainment-N-Catering-2437913376443540\",\"https:\\\/\\\/www.instagram.com\\\/bbqentertainmentncatering\\\/\",\"https:\\\/\\\/www.youtube.com\\\/channel\\\/UCmpuANQVhLy2Md8nrenp2jA\"]}]}<\/script>\n<!-- \/ Yoast SEO plugin. -->","yoast_head_json":{"title":"Napoleon k\u00f5rgendusrest s\u00f6egrillidele - BBQ Entertainment","robots":{"index":"index","follow":"follow","max-snippet":"max-snippet:-1","max-image-preview":"max-image-preview:large","max-video-preview":"max-video-preview:-1"},"canonical":"https:\/\/bbqentertainment.com\/toode\/napoleon-korgendusrest-soegrillidele\/","og_locale":"en_US","og_type":"article","og_title":"Napoleon k\u00f5rgendusrest s\u00f6egrillidele - BBQ Entertainment","og_description":"Napoleon k\u00f5rgendusrest s\u00f6egrillidele See roostevabast terasest soojusrest sobib enamikule s\u00f6egrillidele ja on deaalne toidu soojas hoidmiseks v\u00f5i aeglaseks k\u00fcpsetamiseks kaudsel kuumusel. Restil saab mugavalt soojendada k\u00fcpsetatud kartuleid, grillv\u00f5ileibu v\u00f5i k\u00f6\u00f6givilju. Samuti sobib see madalal kuumusel grillimiseks, kui eesm\u00e4rgiks on suitsune BBQ-maitse. Paigaldamine on lihtne \u2013 t\u00f6\u00f6riistu pole vaja. Rest asetub otse grillresti peale ning v\u00f5imaldab j\u00e4tkuvalt kasutada kogu grilli k\u00fcpsetuspinda. Omadused:     lisab 387 cm\u00b2 (60 sq in) k\u00fcpsetuspinda    sobib enamikele s\u00f6ek\u00fcttega kettle-grillidele    ideaalne toidu soojas hoidmiseks ja kaudseks k\u00fcpsetamiseks    vastupidav roostevaba teras, lihtne puhastada   M\u00f5\u00f5dud:     s\u00fcgavus: 42 cm    laius: 17,8 cm    k\u00f5rgus: 10,8 cm","og_url":"https:\/\/bbqentertainment.com\/toode\/napoleon-korgendusrest-soegrillidele\/","og_site_name":"BBQ Entertainment","article_publisher":"https:\/\/www.facebook.com\/BBQ-Entertainment-N-Catering-2437913376443540","article_modified_time":"2026-04-06T09:26:39+00:00","og_image":[{"width":700,"height":467,"url":"https:\/\/bbqentertainment.com\/wp-content\/uploads\/2025\/04\/kettle-warming-rack-on-white.jpg","type":"image\/jpeg"}],"twitter_card":"summary_large_image","twitter_misc":{"Est. reading time":"1 minute"},"schema":{"@context":"https:\/\/schema.org","@graph":[{"@type":["WebPage","ItemPage"],"@id":"https:\/\/bbqentertainment.com\/toode\/napoleon-korgendusrest-soegrillidele\/","url":"https:\/\/bbqentertainment.com\/toode\/napoleon-korgendusrest-soegrillidele\/","name":"Napoleon k\u00f5rgendusrest s\u00f6egrillidele - BBQ Entertainment","isPartOf":{"@id":"https:\/\/bbqentertainment.com\/#website"},"primaryImageOfPage":{"@id":"https:\/\/bbqentertainment.com\/toode\/napoleon-korgendusrest-soegrillidele\/#primaryimage"},"image":{"@id":"https:\/\/bbqentertainment.com\/toode\/napoleon-korgendusrest-soegrillidele\/#primaryimage"},"thumbnailUrl":"https:\/\/bbqentertainment.com\/wp-content\/uploads\/2025\/04\/kettle-warming-rack-on-white.jpg","datePublished":"2025-04-03T17:17:53+00:00","dateModified":"2026-04-06T09:26:39+00:00","breadcrumb":{"@id":"https:\/\/bbqentertainment.com\/toode\/napoleon-korgendusrest-soegrillidele\/#breadcrumb"},"inLanguage":"en-US","potentialAction":[{"@type":"ReadAction","target":["https:\/\/bbqentertainment.com\/toode\/napoleon-korgendusrest-soegrillidele\/"]}]},{"@type":"ImageObject","inLanguage":"en-US","@id":"https:\/\/bbqentertainment.com\/toode\/napoleon-korgendusrest-soegrillidele\/#primaryimage","url":"https:\/\/bbqentertainment.com\/wp-content\/uploads\/2025\/04\/kettle-warming-rack-on-white.jpg","contentUrl":"https:\/\/bbqentertainment.com\/wp-content\/uploads\/2025\/04\/kettle-warming-rack-on-white.jpg","width":700,"height":467},{"@type":"BreadcrumbList","@id":"https:\/\/bbqentertainment.com\/toode\/napoleon-korgendusrest-soegrillidele\/#breadcrumb","itemListElement":[{"@type":"ListItem","position":1,"name":"AVALEHT","item":"https:\/\/bbqentertainment.com\/en\/"},{"@type":"ListItem","position":2,"name":"Tooted","item":"https:\/\/bbqentertainment.com\/tooted\/"},{"@type":"ListItem","position":3,"name":"Lisatarvikud","item":"https:\/\/bbqentertainment.com\/tootekategooria\/lisatarvikud\/"},{"@type":"ListItem","position":4,"name":"Lisatarvikud Napoleon","item":"https:\/\/bbqentertainment.com\/tootekategooria\/lisatarvikud\/lisatarvikud-napoleon\/"},{"@type":"ListItem","position":5,"name":"Napoleon k\u00f5rgendusrest s\u00f6egrillidele"}]},{"@type":"WebSite","@id":"https:\/\/bbqentertainment.com\/#website","url":"https:\/\/bbqentertainment.com\/","name":"BBQ Entertainment","description":"BBQ is a great lifestyle, not just fun!","publisher":{"@id":"https:\/\/bbqentertainment.com\/#organization"},"potentialAction":[{"@type":"SearchAction","target":{"@type":"EntryPoint","urlTemplate":"https:\/\/bbqentertainment.com\/?s={search_term_string}"},"query-input":{"@type":"PropertyValueSpecification","valueRequired":true,"valueName":"search_term_string"}}],"inLanguage":"en-US"},{"@type":"Organization","@id":"https:\/\/bbqentertainment.com\/#organization","name":"BBQ Entertainment O\u00dc","url":"https:\/\/bbqentertainment.com\/","logo":{"@type":"ImageObject","inLanguage":"en-US","@id":"https:\/\/bbqentertainment.com\/#\/schema\/logo\/image\/","url":"https:\/\/bbqentertainment.com\/wp-content\/uploads\/2020\/04\/BBQ-Entertainment-N-Catering-Enn-Tobreluts-Logo.png","contentUrl":"https:\/\/bbqentertainment.com\/wp-content\/uploads\/2020\/04\/BBQ-Entertainment-N-Catering-Enn-Tobreluts-Logo.png","width":628,"height":266,"caption":"BBQ Entertainment O\u00dc"},"image":{"@id":"https:\/\/bbqentertainment.com\/#\/schema\/logo\/image\/"},"sameAs":["https:\/\/www.facebook.com\/BBQ-Entertainment-N-Catering-2437913376443540","https:\/\/www.instagram.com\/bbqentertainmentncatering\/","https:\/\/www.youtube.com\/channel\/UCmpuANQVhLy2Md8nrenp2jA"]}]}},"_links":{"self":[{"href":"https:\/\/bbqentertainment.com\/en\/wp-json\/wp\/v2\/product\/251115","targetHints":{"allow":["GET"]}}],"collection":[{"href":"https:\/\/bbqentertainment.com\/en\/wp-json\/wp\/v2\/product"}],"about":[{"href":"https:\/\/bbqentertainment.com\/en\/wp-json\/wp\/v2\/types\/product"}],"wp:featuredmedia":[{"embeddable":true,"href":"https:\/\/bbqentertainment.com\/en\/wp-json\/wp\/v2\/media\/251124"}],"wp:attachment":[{"href":"https:\/\/bbqentertainment.com\/en\/wp-json\/wp\/v2\/media?parent=251115"}],"wp:term":[{"taxonomy":"product_brand","embeddable":true,"href":"https:\/\/bbqentertainment.com\/en\/wp-json\/wp\/v2\/product_brand?post=251115"},{"taxonomy":"product_cat","embeddable":true,"href":"https:\/\/bbqentertainment.com\/en\/wp-json\/wp\/v2\/product_cat?post=251115"},{"taxonomy":"product_tag","embeddable":true,"href":"https:\/\/bbqentertainment.com\/en\/wp-json\/wp\/v2\/product_tag?post=251115"}],"curies":[{"name":"wp","href":"https:\/\/api.w.org\/{rel}","templated":true}]}}