{"id":251153,"date":"2025-04-03T21:47:53","date_gmt":"2025-04-03T18:47:53","guid":{"rendered":"https:\/\/bbqentertainment.com\/?post_type=product&#038;p=251153"},"modified":"2026-04-06T12:26:39","modified_gmt":"2026-04-06T09:26:39","slug":"napoleon-malmist-serveerimisalus-puidust-aluse-ja-kaepidemega","status":"publish","type":"product","link":"https:\/\/bbqentertainment.com\/en\/toode\/napoleon-malmist-serveerimisalus-puidust-aluse-ja-kaepidemega\/","title":{"rendered":"Napoleon malmist serveerimisalus puidust aluse ja k\u00e4epidemega"},"content":{"rendered":"","protected":false},"excerpt":{"rendered":"<h3><strong>Napoleon malmist serveerimisalus puidust aluse ja k\u00e4epidemega<\/strong><\/h3>\n<p class=\"\" data-start=\"200\" data-end=\"529\">See praktiline valurautast alus sobib h\u00e4sti olukordadesse, kus toit valmistatakse kuumal pannil ja serveeritakse kohe lauale. T\u00e4nu soojahoidvatele omadustele p\u00fcsib toit serveerimisel kuumana ning n\u00e4eb ka visuaalselt efektne v\u00e4lja. Sobib eriti h\u00e4sti n\u00e4iteks fajitade v\u00f5i grillitud k\u00f6\u00f6giviljade serveerimiseks otse k\u00fcpsetuspinnalt.<\/p>\n<p class=\"\" data-start=\"531\" data-end=\"546\"><strong data-start=\"531\" data-end=\"544\">Omadused:<\/strong><\/p>\n<ul data-start=\"547\" data-end=\"791\">\n<li class=\"\" data-start=\"547\" data-end=\"606\">\n<p class=\"\" data-start=\"549\" data-end=\"606\">sobib kasutamiseks grillil, pliidil, ahjus ja s\u00f6e kohal<\/p>\n<\/li>\n<li class=\"\" data-start=\"607\" data-end=\"671\">\n<p class=\"\" data-start=\"609\" data-end=\"671\">valurautapind tagab \u00fchtlase kuumuse ja pikaajalise soojahoiu<\/p>\n<\/li>\n<li class=\"\" data-start=\"672\" data-end=\"738\">\n<p class=\"\" data-start=\"674\" data-end=\"738\">eemaldatav k\u00e4epide v\u00f5imaldab kuuma panni turvalist liigutamist<\/p>\n<\/li>\n<li class=\"\" data-start=\"739\" data-end=\"791\">\n<p class=\"\" data-start=\"741\" data-end=\"791\">puidust alus kaitseb pinda ja sobib serveerimiseks<\/p>\n<\/li>\n<\/ul>\n<p class=\"\" data-start=\"793\" data-end=\"810\"><strong data-start=\"793\" data-end=\"808\">Komplektis:<\/strong><\/p>\n<ul data-start=\"811\" data-end=\"901\" data-is-last-node=\"\" data-is-only-node=\"\">\n<li class=\"\" data-start=\"811\" data-end=\"842\">\n<p class=\"\" data-start=\"813\" data-end=\"842\">valurautast serveerimisalus<\/p>\n<\/li>\n<li class=\"\" data-start=\"843\" data-end=\"875\">\n<p class=\"\" data-start=\"845\" data-end=\"875\">eemaldatav metallist k\u00e4epide<\/p>\n<\/li>\n<li class=\"\" data-start=\"876\" data-end=\"901\">\n<p class=\"\" data-start=\"878\" data-end=\"901\">puidust serveerimisalus<\/p>\n<\/li>\n<\/ul>\n<p>&nbsp;<\/p>\n","protected":false},"featured_media":251154,"template":"","meta":{"inline_featured_image":false},"product_brand":[],"product_cat":[562,528],"product_tag":[],"class_list":{"0":"post-251153","1":"product","2":"type-product","3":"status-publish","4":"has-post-thumbnail","6":"product_cat-lisatarvikud-napoleon","7":"product_cat-potid-ja-pannid","9":"first","10":"instock","11":"taxable","12":"shipping-taxable","13":"purchasable","14":"product-type-simple"},"yoast_head":"<!-- This site is optimized with the Yoast SEO plugin v27.4 - https:\/\/yoast.com\/product\/yoast-seo-wordpress\/ -->\n<title>Napoleon malmist serveerimisalus puidust aluse ja k\u00e4epidemega - BBQ Entertainment<\/title>\n<meta name=\"robots\" content=\"index, follow, max-snippet:-1, max-image-preview:large, max-video-preview:-1\" \/>\n<link rel=\"canonical\" href=\"https:\/\/bbqentertainment.com\/toode\/napoleon-malmist-serveerimisalus-puidust-aluse-ja-kaepidemega\/\" \/>\n<meta property=\"og:locale\" content=\"en_US\" \/>\n<meta property=\"og:type\" content=\"article\" \/>\n<meta property=\"og:title\" content=\"Napoleon malmist serveerimisalus puidust aluse ja k\u00e4epidemega - BBQ Entertainment\" \/>\n<meta property=\"og:description\" content=\"Napoleon malmist serveerimisalus puidust aluse ja k\u00e4epidemega See praktiline valurautast alus sobib h\u00e4sti olukordadesse, kus toit valmistatakse kuumal pannil ja serveeritakse kohe lauale. T\u00e4nu soojahoidvatele omadustele p\u00fcsib toit serveerimisel kuumana ning n\u00e4eb ka visuaalselt efektne v\u00e4lja. Sobib eriti h\u00e4sti n\u00e4iteks fajitade v\u00f5i grillitud k\u00f6\u00f6giviljade serveerimiseks otse k\u00fcpsetuspinnalt. Omadused:     sobib kasutamiseks grillil, pliidil, ahjus ja s\u00f6e kohal    valurautapind tagab \u00fchtlase kuumuse ja pikaajalise soojahoiu    eemaldatav k\u00e4epide v\u00f5imaldab kuuma panni turvalist liigutamist    puidust alus kaitseb pinda ja sobib serveerimiseks   Komplektis:     valurautast serveerimisalus    eemaldatav metallist k\u00e4epide    puidust serveerimisalus   &nbsp;\" \/>\n<meta property=\"og:url\" content=\"https:\/\/bbqentertainment.com\/toode\/napoleon-malmist-serveerimisalus-puidust-aluse-ja-kaepidemega\/\" \/>\n<meta property=\"og:site_name\" content=\"BBQ Entertainment\" \/>\n<meta property=\"article:publisher\" content=\"https:\/\/www.facebook.com\/BBQ-Entertainment-N-Catering-2437913376443540\" \/>\n<meta property=\"article:modified_time\" content=\"2026-04-06T09:26:39+00:00\" \/>\n<meta property=\"og:image\" content=\"https:\/\/bbqentertainment.com\/wp-content\/uploads\/2020\/03\/Enn-Tobreluts-FOTO-Andres-Tali-1.jpg\" \/>\n\t<meta property=\"og:image:width\" content=\"1200\" \/>\n\t<meta property=\"og:image:height\" content=\"800\" \/>\n\t<meta property=\"og:image:type\" content=\"image\/jpeg\" \/>\n<meta name=\"twitter:card\" content=\"summary_large_image\" \/>\n<meta name=\"twitter:label1\" content=\"Est. reading time\" \/>\n\t<meta name=\"twitter:data1\" content=\"1 minute\" \/>\n<script type=\"application\/ld+json\" class=\"yoast-schema-graph\">{\"@context\":\"https:\\\/\\\/schema.org\",\"@graph\":[{\"@type\":[\"WebPage\",\"ItemPage\"],\"@id\":\"https:\\\/\\\/bbqentertainment.com\\\/toode\\\/napoleon-malmist-serveerimisalus-puidust-aluse-ja-kaepidemega\\\/\",\"url\":\"https:\\\/\\\/bbqentertainment.com\\\/toode\\\/napoleon-malmist-serveerimisalus-puidust-aluse-ja-kaepidemega\\\/\",\"name\":\"Napoleon malmist serveerimisalus puidust aluse ja k\u00e4epidemega - BBQ Entertainment\",\"isPartOf\":{\"@id\":\"https:\\\/\\\/bbqentertainment.com\\\/#website\"},\"primaryImageOfPage\":{\"@id\":\"https:\\\/\\\/bbqentertainment.com\\\/toode\\\/napoleon-malmist-serveerimisalus-puidust-aluse-ja-kaepidemega\\\/#primaryimage\"},\"image\":{\"@id\":\"https:\\\/\\\/bbqentertainment.com\\\/toode\\\/napoleon-malmist-serveerimisalus-puidust-aluse-ja-kaepidemega\\\/#primaryimage\"},\"thumbnailUrl\":\"https:\\\/\\\/bbqentertainment.com\\\/wp-content\\\/uploads\\\/2025\\\/04\\\/cast-iron-sizzle-platter-accessories-template-1-1.jpg.avif\",\"datePublished\":\"2025-04-03T18:47:53+00:00\",\"dateModified\":\"2026-04-06T09:26:39+00:00\",\"breadcrumb\":{\"@id\":\"https:\\\/\\\/bbqentertainment.com\\\/toode\\\/napoleon-malmist-serveerimisalus-puidust-aluse-ja-kaepidemega\\\/#breadcrumb\"},\"inLanguage\":\"en-US\",\"potentialAction\":[{\"@type\":\"ReadAction\",\"target\":[\"https:\\\/\\\/bbqentertainment.com\\\/toode\\\/napoleon-malmist-serveerimisalus-puidust-aluse-ja-kaepidemega\\\/\"]}]},{\"@type\":\"ImageObject\",\"inLanguage\":\"en-US\",\"@id\":\"https:\\\/\\\/bbqentertainment.com\\\/toode\\\/napoleon-malmist-serveerimisalus-puidust-aluse-ja-kaepidemega\\\/#primaryimage\",\"url\":\"https:\\\/\\\/bbqentertainment.com\\\/wp-content\\\/uploads\\\/2025\\\/04\\\/cast-iron-sizzle-platter-accessories-template-1-1.jpg.avif\",\"contentUrl\":\"https:\\\/\\\/bbqentertainment.com\\\/wp-content\\\/uploads\\\/2025\\\/04\\\/cast-iron-sizzle-platter-accessories-template-1-1.jpg.avif\",\"width\":1200,\"height\":1200},{\"@type\":\"BreadcrumbList\",\"@id\":\"https:\\\/\\\/bbqentertainment.com\\\/toode\\\/napoleon-malmist-serveerimisalus-puidust-aluse-ja-kaepidemega\\\/#breadcrumb\",\"itemListElement\":[{\"@type\":\"ListItem\",\"position\":1,\"name\":\"AVALEHT\",\"item\":\"https:\\\/\\\/bbqentertainment.com\\\/en\\\/\"},{\"@type\":\"ListItem\",\"position\":2,\"name\":\"Tooted\",\"item\":\"https:\\\/\\\/bbqentertainment.com\\\/tooted\\\/\"},{\"@type\":\"ListItem\",\"position\":3,\"name\":\"Lisatarvikud\",\"item\":\"https:\\\/\\\/bbqentertainment.com\\\/tootekategooria\\\/lisatarvikud\\\/\"},{\"@type\":\"ListItem\",\"position\":4,\"name\":\"Lisatarvikud Napoleon\",\"item\":\"https:\\\/\\\/bbqentertainment.com\\\/tootekategooria\\\/lisatarvikud\\\/lisatarvikud-napoleon\\\/\"},{\"@type\":\"ListItem\",\"position\":5,\"name\":\"Napoleon malmist serveerimisalus puidust aluse ja k\u00e4epidemega\"}]},{\"@type\":\"WebSite\",\"@id\":\"https:\\\/\\\/bbqentertainment.com\\\/#website\",\"url\":\"https:\\\/\\\/bbqentertainment.com\\\/\",\"name\":\"BBQ Entertainment\",\"description\":\"BBQ is a great lifestyle, not just fun!\",\"publisher\":{\"@id\":\"https:\\\/\\\/bbqentertainment.com\\\/#organization\"},\"potentialAction\":[{\"@type\":\"SearchAction\",\"target\":{\"@type\":\"EntryPoint\",\"urlTemplate\":\"https:\\\/\\\/bbqentertainment.com\\\/?s={search_term_string}\"},\"query-input\":{\"@type\":\"PropertyValueSpecification\",\"valueRequired\":true,\"valueName\":\"search_term_string\"}}],\"inLanguage\":\"en-US\"},{\"@type\":\"Organization\",\"@id\":\"https:\\\/\\\/bbqentertainment.com\\\/#organization\",\"name\":\"BBQ Entertainment O\u00dc\",\"url\":\"https:\\\/\\\/bbqentertainment.com\\\/\",\"logo\":{\"@type\":\"ImageObject\",\"inLanguage\":\"en-US\",\"@id\":\"https:\\\/\\\/bbqentertainment.com\\\/#\\\/schema\\\/logo\\\/image\\\/\",\"url\":\"https:\\\/\\\/bbqentertainment.com\\\/wp-content\\\/uploads\\\/2020\\\/04\\\/BBQ-Entertainment-N-Catering-Enn-Tobreluts-Logo.png\",\"contentUrl\":\"https:\\\/\\\/bbqentertainment.com\\\/wp-content\\\/uploads\\\/2020\\\/04\\\/BBQ-Entertainment-N-Catering-Enn-Tobreluts-Logo.png\",\"width\":628,\"height\":266,\"caption\":\"BBQ Entertainment O\u00dc\"},\"image\":{\"@id\":\"https:\\\/\\\/bbqentertainment.com\\\/#\\\/schema\\\/logo\\\/image\\\/\"},\"sameAs\":[\"https:\\\/\\\/www.facebook.com\\\/BBQ-Entertainment-N-Catering-2437913376443540\",\"https:\\\/\\\/www.instagram.com\\\/bbqentertainmentncatering\\\/\",\"https:\\\/\\\/www.youtube.com\\\/channel\\\/UCmpuANQVhLy2Md8nrenp2jA\"]}]}<\/script>\n<!-- \/ Yoast SEO plugin. -->","yoast_head_json":{"title":"Napoleon malmist serveerimisalus puidust aluse ja k\u00e4epidemega - BBQ Entertainment","robots":{"index":"index","follow":"follow","max-snippet":"max-snippet:-1","max-image-preview":"max-image-preview:large","max-video-preview":"max-video-preview:-1"},"canonical":"https:\/\/bbqentertainment.com\/toode\/napoleon-malmist-serveerimisalus-puidust-aluse-ja-kaepidemega\/","og_locale":"en_US","og_type":"article","og_title":"Napoleon malmist serveerimisalus puidust aluse ja k\u00e4epidemega - BBQ Entertainment","og_description":"Napoleon malmist serveerimisalus puidust aluse ja k\u00e4epidemega See praktiline valurautast alus sobib h\u00e4sti olukordadesse, kus toit valmistatakse kuumal pannil ja serveeritakse kohe lauale. T\u00e4nu soojahoidvatele omadustele p\u00fcsib toit serveerimisel kuumana ning n\u00e4eb ka visuaalselt efektne v\u00e4lja. Sobib eriti h\u00e4sti n\u00e4iteks fajitade v\u00f5i grillitud k\u00f6\u00f6giviljade serveerimiseks otse k\u00fcpsetuspinnalt. Omadused:     sobib kasutamiseks grillil, pliidil, ahjus ja s\u00f6e kohal    valurautapind tagab \u00fchtlase kuumuse ja pikaajalise soojahoiu    eemaldatav k\u00e4epide v\u00f5imaldab kuuma panni turvalist liigutamist    puidust alus kaitseb pinda ja sobib serveerimiseks   Komplektis:     valurautast serveerimisalus    eemaldatav metallist k\u00e4epide    puidust serveerimisalus   &nbsp;","og_url":"https:\/\/bbqentertainment.com\/toode\/napoleon-malmist-serveerimisalus-puidust-aluse-ja-kaepidemega\/","og_site_name":"BBQ Entertainment","article_publisher":"https:\/\/www.facebook.com\/BBQ-Entertainment-N-Catering-2437913376443540","article_modified_time":"2026-04-06T09:26:39+00:00","og_image":[{"width":1200,"height":800,"url":"https:\/\/bbqentertainment.com\/wp-content\/uploads\/2020\/03\/Enn-Tobreluts-FOTO-Andres-Tali-1.jpg","type":"image\/jpeg"}],"twitter_card":"summary_large_image","twitter_misc":{"Est. reading time":"1 minute"},"schema":{"@context":"https:\/\/schema.org","@graph":[{"@type":["WebPage","ItemPage"],"@id":"https:\/\/bbqentertainment.com\/toode\/napoleon-malmist-serveerimisalus-puidust-aluse-ja-kaepidemega\/","url":"https:\/\/bbqentertainment.com\/toode\/napoleon-malmist-serveerimisalus-puidust-aluse-ja-kaepidemega\/","name":"Napoleon malmist serveerimisalus puidust aluse ja k\u00e4epidemega - BBQ Entertainment","isPartOf":{"@id":"https:\/\/bbqentertainment.com\/#website"},"primaryImageOfPage":{"@id":"https:\/\/bbqentertainment.com\/toode\/napoleon-malmist-serveerimisalus-puidust-aluse-ja-kaepidemega\/#primaryimage"},"image":{"@id":"https:\/\/bbqentertainment.com\/toode\/napoleon-malmist-serveerimisalus-puidust-aluse-ja-kaepidemega\/#primaryimage"},"thumbnailUrl":"https:\/\/bbqentertainment.com\/wp-content\/uploads\/2025\/04\/cast-iron-sizzle-platter-accessories-template-1-1.jpg.avif","datePublished":"2025-04-03T18:47:53+00:00","dateModified":"2026-04-06T09:26:39+00:00","breadcrumb":{"@id":"https:\/\/bbqentertainment.com\/toode\/napoleon-malmist-serveerimisalus-puidust-aluse-ja-kaepidemega\/#breadcrumb"},"inLanguage":"en-US","potentialAction":[{"@type":"ReadAction","target":["https:\/\/bbqentertainment.com\/toode\/napoleon-malmist-serveerimisalus-puidust-aluse-ja-kaepidemega\/"]}]},{"@type":"ImageObject","inLanguage":"en-US","@id":"https:\/\/bbqentertainment.com\/toode\/napoleon-malmist-serveerimisalus-puidust-aluse-ja-kaepidemega\/#primaryimage","url":"https:\/\/bbqentertainment.com\/wp-content\/uploads\/2025\/04\/cast-iron-sizzle-platter-accessories-template-1-1.jpg.avif","contentUrl":"https:\/\/bbqentertainment.com\/wp-content\/uploads\/2025\/04\/cast-iron-sizzle-platter-accessories-template-1-1.jpg.avif","width":1200,"height":1200},{"@type":"BreadcrumbList","@id":"https:\/\/bbqentertainment.com\/toode\/napoleon-malmist-serveerimisalus-puidust-aluse-ja-kaepidemega\/#breadcrumb","itemListElement":[{"@type":"ListItem","position":1,"name":"AVALEHT","item":"https:\/\/bbqentertainment.com\/en\/"},{"@type":"ListItem","position":2,"name":"Tooted","item":"https:\/\/bbqentertainment.com\/tooted\/"},{"@type":"ListItem","position":3,"name":"Lisatarvikud","item":"https:\/\/bbqentertainment.com\/tootekategooria\/lisatarvikud\/"},{"@type":"ListItem","position":4,"name":"Lisatarvikud Napoleon","item":"https:\/\/bbqentertainment.com\/tootekategooria\/lisatarvikud\/lisatarvikud-napoleon\/"},{"@type":"ListItem","position":5,"name":"Napoleon malmist serveerimisalus puidust aluse ja k\u00e4epidemega"}]},{"@type":"WebSite","@id":"https:\/\/bbqentertainment.com\/#website","url":"https:\/\/bbqentertainment.com\/","name":"BBQ Entertainment","description":"BBQ is a great lifestyle, not just fun!","publisher":{"@id":"https:\/\/bbqentertainment.com\/#organization"},"potentialAction":[{"@type":"SearchAction","target":{"@type":"EntryPoint","urlTemplate":"https:\/\/bbqentertainment.com\/?s={search_term_string}"},"query-input":{"@type":"PropertyValueSpecification","valueRequired":true,"valueName":"search_term_string"}}],"inLanguage":"en-US"},{"@type":"Organization","@id":"https:\/\/bbqentertainment.com\/#organization","name":"BBQ Entertainment O\u00dc","url":"https:\/\/bbqentertainment.com\/","logo":{"@type":"ImageObject","inLanguage":"en-US","@id":"https:\/\/bbqentertainment.com\/#\/schema\/logo\/image\/","url":"https:\/\/bbqentertainment.com\/wp-content\/uploads\/2020\/04\/BBQ-Entertainment-N-Catering-Enn-Tobreluts-Logo.png","contentUrl":"https:\/\/bbqentertainment.com\/wp-content\/uploads\/2020\/04\/BBQ-Entertainment-N-Catering-Enn-Tobreluts-Logo.png","width":628,"height":266,"caption":"BBQ Entertainment O\u00dc"},"image":{"@id":"https:\/\/bbqentertainment.com\/#\/schema\/logo\/image\/"},"sameAs":["https:\/\/www.facebook.com\/BBQ-Entertainment-N-Catering-2437913376443540","https:\/\/www.instagram.com\/bbqentertainmentncatering\/","https:\/\/www.youtube.com\/channel\/UCmpuANQVhLy2Md8nrenp2jA"]}]}},"_links":{"self":[{"href":"https:\/\/bbqentertainment.com\/en\/wp-json\/wp\/v2\/product\/251153","targetHints":{"allow":["GET"]}}],"collection":[{"href":"https:\/\/bbqentertainment.com\/en\/wp-json\/wp\/v2\/product"}],"about":[{"href":"https:\/\/bbqentertainment.com\/en\/wp-json\/wp\/v2\/types\/product"}],"wp:featuredmedia":[{"embeddable":true,"href":"https:\/\/bbqentertainment.com\/en\/wp-json\/wp\/v2\/media\/251154"}],"wp:attachment":[{"href":"https:\/\/bbqentertainment.com\/en\/wp-json\/wp\/v2\/media?parent=251153"}],"wp:term":[{"taxonomy":"product_brand","embeddable":true,"href":"https:\/\/bbqentertainment.com\/en\/wp-json\/wp\/v2\/product_brand?post=251153"},{"taxonomy":"product_cat","embeddable":true,"href":"https:\/\/bbqentertainment.com\/en\/wp-json\/wp\/v2\/product_cat?post=251153"},{"taxonomy":"product_tag","embeddable":true,"href":"https:\/\/bbqentertainment.com\/en\/wp-json\/wp\/v2\/product_tag?post=251153"}],"curies":[{"name":"wp","href":"https:\/\/api.w.org\/{rel}","templated":true}]}}