{"id":251165,"date":"2025-04-03T22:11:27","date_gmt":"2025-04-03T19:11:27","guid":{"rendered":"https:\/\/bbqentertainment.com\/?post_type=product&#038;p=251165"},"modified":"2026-04-06T12:26:52","modified_gmt":"2026-04-06T09:26:52","slug":"napoleon-keraamilised-pizzakivid-kupsetuskivid-o-254cm-2tk","status":"publish","type":"product","link":"https:\/\/bbqentertainment.com\/en\/toode\/napoleon-keraamilised-pizzakivid-kupsetuskivid-o-254cm-2tk\/","title":{"rendered":"Napoleon keraamilised pizzakivid \/ k\u00fcpsetuskivid  \u00d8 25,4cm (2tk)"},"content":{"rendered":"","protected":false},"excerpt":{"rendered":"<h3 data-start=\"0\" data-end=\"44\"><strong data-start=\"0\" data-end=\"44\">Napoleon PRO pizzakivide komplekt (2 tk)<\/strong><\/h3>\n<p class=\"\" data-start=\"46\" data-end=\"359\">Napoleoni PRO sarja pizzakivid v\u00f5imaldavad valmistada kr\u00f5beda p\u00f5hjaga pitsat ka grillil v\u00f5i matkagrillil. T\u00e4nu poorsusele imab kivipind taignast liigse niiskuse, mille tulemusel j\u00e4\u00e4b p\u00f5hjakiht \u00f5huline ja kr\u00f5be \u2013 nagu ehtsas pizzerias. Kivid sobivad kasutamiseks ka v\u00e4iksemates grillides, n\u00e4iteks TravelQ\u2122 mudelil.<\/p>\n<p class=\"\" data-start=\"361\" data-end=\"568\">Nagu malmpann, muutub ka pizzakivi iga kasutuskorraga paremaks. P\u00e4rast kasutamist lase kivil t\u00e4ielikult jahtuda ning pese ainult sooja veega. Seep ja abrasiivsed puhastusvahendid v\u00f5ivad kivi kahjustada.<\/p>\n<p class=\"\" data-start=\"840\" data-end=\"870\"><strong data-start=\"840\" data-end=\"868\">M\u00f5\u00f5dud (\u00fcks kivi)<\/strong><\/p>\n<ul data-start=\"871\" data-end=\"929\">\n<li class=\"\" data-start=\"871\" data-end=\"889\">\n<p class=\"\" data-start=\"873\" data-end=\"889\">laius: 25,5 cm<\/p>\n<\/li>\n<li class=\"\" data-start=\"890\" data-end=\"910\">\n<p class=\"\" data-start=\"892\" data-end=\"910\">s\u00fcgavus: 25,5 cm<\/p>\n<\/li>\n<li class=\"\" data-start=\"911\" data-end=\"929\">\n<p class=\"\" data-start=\"913\" data-end=\"929\">k\u00f5rgus: 1,5 cm<\/p>\n<\/li>\n<\/ul>\n<p class=\"\" data-start=\"931\" data-end=\"948\"><strong data-start=\"931\" data-end=\"946\">Komplektis<\/strong><\/p>\n<ul data-start=\"949\" data-end=\"962\" data-is-last-node=\"\" data-is-only-node=\"\">\n<li class=\"\" data-start=\"949\" data-end=\"962\">\n<p class=\"\" data-start=\"951\" data-end=\"962\">2 pizzakivi<\/p>\n<\/li>\n<\/ul>\n<p>\u00a0<\/p>\n","protected":false},"featured_media":251170,"template":"","meta":{"inline_featured_image":false},"product_brand":[],"product_cat":[436,92,562],"product_tag":[],"class_list":{"0":"post-251165","1":"product","2":"type-product","3":"status-publish","4":"has-post-thumbnail","6":"product_cat-pizzaahjud-tarvikud","7":"product_cat-lisatarvikud","8":"product_cat-lisatarvikud-napoleon","10":"first","11":"instock","12":"taxable","13":"shipping-taxable","14":"purchasable","15":"product-type-simple"},"yoast_head":"<!-- This site is optimized with the Yoast SEO plugin v27.4 - https:\/\/yoast.com\/product\/yoast-seo-wordpress\/ -->\n<title>Napoleon keraamilised pizzakivid \/ k\u00fcpsetuskivid \u00d8 25,4cm (2tk) - BBQ Entertainment<\/title>\n<meta name=\"robots\" content=\"index, follow, max-snippet:-1, max-image-preview:large, max-video-preview:-1\" \/>\n<link rel=\"canonical\" href=\"https:\/\/bbqentertainment.com\/toode\/napoleon-keraamilised-pizzakivid-kupsetuskivid-o-254cm-2tk\/\" \/>\n<meta property=\"og:locale\" content=\"en_US\" \/>\n<meta property=\"og:type\" content=\"article\" \/>\n<meta property=\"og:title\" content=\"Napoleon keraamilised pizzakivid \/ k\u00fcpsetuskivid \u00d8 25,4cm (2tk) - BBQ Entertainment\" \/>\n<meta property=\"og:description\" content=\"Napoleon PRO pizzakivide komplekt (2 tk)Napoleoni PRO sarja pizzakivid v\u00f5imaldavad valmistada kr\u00f5beda p\u00f5hjaga pitsat ka grillil v\u00f5i matkagrillil. T\u00e4nu poorsusele imab kivipind taignast liigse niiskuse, mille tulemusel j\u00e4\u00e4b p\u00f5hjakiht \u00f5huline ja kr\u00f5be \u2013 nagu ehtsas pizzerias. Kivid sobivad kasutamiseks ka v\u00e4iksemates grillides, n\u00e4iteks TravelQ\u2122 mudelil.Nagu malmpann, muutub ka pizzakivi iga kasutuskorraga paremaks. P\u00e4rast kasutamist lase kivil t\u00e4ielikult jahtuda ning pese ainult sooja veega. Seep ja abrasiivsed puhastusvahendid v\u00f5ivad kivi kahjustada.M\u00f5\u00f5dud (\u00fcks kivi)laius: 25,5 cms\u00fcgavus: 25,5 cmk\u00f5rgus: 1,5 cmKomplektis2 pizzakivi\u00a0\" \/>\n<meta property=\"og:url\" content=\"https:\/\/bbqentertainment.com\/toode\/napoleon-keraamilised-pizzakivid-kupsetuskivid-o-254cm-2tk\/\" \/>\n<meta property=\"og:site_name\" content=\"BBQ Entertainment\" \/>\n<meta property=\"article:publisher\" content=\"https:\/\/www.facebook.com\/BBQ-Entertainment-N-Catering-2437913376443540\" \/>\n<meta property=\"article:modified_time\" content=\"2026-04-06T09:26:52+00:00\" \/>\n<meta property=\"og:image\" content=\"https:\/\/bbqentertainment.com\/wp-content\/uploads\/2020\/03\/Enn-Tobreluts-FOTO-Andres-Tali-1.jpg\" \/>\n\t<meta property=\"og:image:width\" content=\"1200\" \/>\n\t<meta property=\"og:image:height\" content=\"800\" \/>\n\t<meta property=\"og:image:type\" content=\"image\/jpeg\" \/>\n<meta name=\"twitter:card\" content=\"summary_large_image\" \/>\n<meta name=\"twitter:label1\" content=\"Est. reading time\" \/>\n\t<meta name=\"twitter:data1\" content=\"1 minute\" \/>\n<script type=\"application\/ld+json\" class=\"yoast-schema-graph\">{\"@context\":\"https:\\\/\\\/schema.org\",\"@graph\":[{\"@type\":[\"WebPage\",\"ItemPage\"],\"@id\":\"https:\\\/\\\/bbqentertainment.com\\\/toode\\\/napoleon-keraamilised-pizzakivid-kupsetuskivid-o-254cm-2tk\\\/\",\"url\":\"https:\\\/\\\/bbqentertainment.com\\\/toode\\\/napoleon-keraamilised-pizzakivid-kupsetuskivid-o-254cm-2tk\\\/\",\"name\":\"Napoleon keraamilised pizzakivid \\\/ k\u00fcpsetuskivid \u00d8 25,4cm (2tk) - BBQ Entertainment\",\"isPartOf\":{\"@id\":\"https:\\\/\\\/bbqentertainment.com\\\/#website\"},\"primaryImageOfPage\":{\"@id\":\"https:\\\/\\\/bbqentertainment.com\\\/toode\\\/napoleon-keraamilised-pizzakivid-kupsetuskivid-o-254cm-2tk\\\/#primaryimage\"},\"image\":{\"@id\":\"https:\\\/\\\/bbqentertainment.com\\\/toode\\\/napoleon-keraamilised-pizzakivid-kupsetuskivid-o-254cm-2tk\\\/#primaryimage\"},\"thumbnailUrl\":\"https:\\\/\\\/bbqentertainment.com\\\/wp-content\\\/uploads\\\/2025\\\/04\\\/ASSET_JPEG_24868875.avif\",\"datePublished\":\"2025-04-03T19:11:27+00:00\",\"dateModified\":\"2026-04-06T09:26:52+00:00\",\"breadcrumb\":{\"@id\":\"https:\\\/\\\/bbqentertainment.com\\\/toode\\\/napoleon-keraamilised-pizzakivid-kupsetuskivid-o-254cm-2tk\\\/#breadcrumb\"},\"inLanguage\":\"en-US\",\"potentialAction\":[{\"@type\":\"ReadAction\",\"target\":[\"https:\\\/\\\/bbqentertainment.com\\\/toode\\\/napoleon-keraamilised-pizzakivid-kupsetuskivid-o-254cm-2tk\\\/\"]}]},{\"@type\":\"ImageObject\",\"inLanguage\":\"en-US\",\"@id\":\"https:\\\/\\\/bbqentertainment.com\\\/toode\\\/napoleon-keraamilised-pizzakivid-kupsetuskivid-o-254cm-2tk\\\/#primaryimage\",\"url\":\"https:\\\/\\\/bbqentertainment.com\\\/wp-content\\\/uploads\\\/2025\\\/04\\\/ASSET_JPEG_24868875.avif\",\"contentUrl\":\"https:\\\/\\\/bbqentertainment.com\\\/wp-content\\\/uploads\\\/2025\\\/04\\\/ASSET_JPEG_24868875.avif\",\"width\":1116,\"height\":1116},{\"@type\":\"BreadcrumbList\",\"@id\":\"https:\\\/\\\/bbqentertainment.com\\\/toode\\\/napoleon-keraamilised-pizzakivid-kupsetuskivid-o-254cm-2tk\\\/#breadcrumb\",\"itemListElement\":[{\"@type\":\"ListItem\",\"position\":1,\"name\":\"AVALEHT\",\"item\":\"https:\\\/\\\/bbqentertainment.com\\\/en\\\/\"},{\"@type\":\"ListItem\",\"position\":2,\"name\":\"Tooted\",\"item\":\"https:\\\/\\\/bbqentertainment.com\\\/tooted\\\/\"},{\"@type\":\"ListItem\",\"position\":3,\"name\":\"Lisatarvikud\",\"item\":\"https:\\\/\\\/bbqentertainment.com\\\/tootekategooria\\\/lisatarvikud\\\/\"},{\"@type\":\"ListItem\",\"position\":4,\"name\":\"Lisatarvikud Napoleon\",\"item\":\"https:\\\/\\\/bbqentertainment.com\\\/tootekategooria\\\/lisatarvikud\\\/lisatarvikud-napoleon\\\/\"},{\"@type\":\"ListItem\",\"position\":5,\"name\":\"Napoleon keraamilised pizzakivid \\\/ k\u00fcpsetuskivid \u00d8 25,4cm (2tk)\"}]},{\"@type\":\"WebSite\",\"@id\":\"https:\\\/\\\/bbqentertainment.com\\\/#website\",\"url\":\"https:\\\/\\\/bbqentertainment.com\\\/\",\"name\":\"BBQ Entertainment\",\"description\":\"BBQ is a great lifestyle, not just fun!\",\"publisher\":{\"@id\":\"https:\\\/\\\/bbqentertainment.com\\\/#organization\"},\"potentialAction\":[{\"@type\":\"SearchAction\",\"target\":{\"@type\":\"EntryPoint\",\"urlTemplate\":\"https:\\\/\\\/bbqentertainment.com\\\/?s={search_term_string}\"},\"query-input\":{\"@type\":\"PropertyValueSpecification\",\"valueRequired\":true,\"valueName\":\"search_term_string\"}}],\"inLanguage\":\"en-US\"},{\"@type\":\"Organization\",\"@id\":\"https:\\\/\\\/bbqentertainment.com\\\/#organization\",\"name\":\"BBQ Entertainment O\u00dc\",\"url\":\"https:\\\/\\\/bbqentertainment.com\\\/\",\"logo\":{\"@type\":\"ImageObject\",\"inLanguage\":\"en-US\",\"@id\":\"https:\\\/\\\/bbqentertainment.com\\\/#\\\/schema\\\/logo\\\/image\\\/\",\"url\":\"https:\\\/\\\/bbqentertainment.com\\\/wp-content\\\/uploads\\\/2020\\\/04\\\/BBQ-Entertainment-N-Catering-Enn-Tobreluts-Logo.png\",\"contentUrl\":\"https:\\\/\\\/bbqentertainment.com\\\/wp-content\\\/uploads\\\/2020\\\/04\\\/BBQ-Entertainment-N-Catering-Enn-Tobreluts-Logo.png\",\"width\":628,\"height\":266,\"caption\":\"BBQ Entertainment O\u00dc\"},\"image\":{\"@id\":\"https:\\\/\\\/bbqentertainment.com\\\/#\\\/schema\\\/logo\\\/image\\\/\"},\"sameAs\":[\"https:\\\/\\\/www.facebook.com\\\/BBQ-Entertainment-N-Catering-2437913376443540\",\"https:\\\/\\\/www.instagram.com\\\/bbqentertainmentncatering\\\/\",\"https:\\\/\\\/www.youtube.com\\\/channel\\\/UCmpuANQVhLy2Md8nrenp2jA\"]}]}<\/script>\n<!-- \/ Yoast SEO plugin. -->","yoast_head_json":{"title":"Napoleon keraamilised pizzakivid \/ k\u00fcpsetuskivid \u00d8 25,4cm (2tk) - BBQ Entertainment","robots":{"index":"index","follow":"follow","max-snippet":"max-snippet:-1","max-image-preview":"max-image-preview:large","max-video-preview":"max-video-preview:-1"},"canonical":"https:\/\/bbqentertainment.com\/toode\/napoleon-keraamilised-pizzakivid-kupsetuskivid-o-254cm-2tk\/","og_locale":"en_US","og_type":"article","og_title":"Napoleon keraamilised pizzakivid \/ k\u00fcpsetuskivid \u00d8 25,4cm (2tk) - BBQ Entertainment","og_description":"Napoleon PRO pizzakivide komplekt (2 tk)Napoleoni PRO sarja pizzakivid v\u00f5imaldavad valmistada kr\u00f5beda p\u00f5hjaga pitsat ka grillil v\u00f5i matkagrillil. T\u00e4nu poorsusele imab kivipind taignast liigse niiskuse, mille tulemusel j\u00e4\u00e4b p\u00f5hjakiht \u00f5huline ja kr\u00f5be \u2013 nagu ehtsas pizzerias. Kivid sobivad kasutamiseks ka v\u00e4iksemates grillides, n\u00e4iteks TravelQ\u2122 mudelil.Nagu malmpann, muutub ka pizzakivi iga kasutuskorraga paremaks. P\u00e4rast kasutamist lase kivil t\u00e4ielikult jahtuda ning pese ainult sooja veega. Seep ja abrasiivsed puhastusvahendid v\u00f5ivad kivi kahjustada.M\u00f5\u00f5dud (\u00fcks kivi)laius: 25,5 cms\u00fcgavus: 25,5 cmk\u00f5rgus: 1,5 cmKomplektis2 pizzakivi\u00a0","og_url":"https:\/\/bbqentertainment.com\/toode\/napoleon-keraamilised-pizzakivid-kupsetuskivid-o-254cm-2tk\/","og_site_name":"BBQ Entertainment","article_publisher":"https:\/\/www.facebook.com\/BBQ-Entertainment-N-Catering-2437913376443540","article_modified_time":"2026-04-06T09:26:52+00:00","og_image":[{"width":1200,"height":800,"url":"https:\/\/bbqentertainment.com\/wp-content\/uploads\/2020\/03\/Enn-Tobreluts-FOTO-Andres-Tali-1.jpg","type":"image\/jpeg"}],"twitter_card":"summary_large_image","twitter_misc":{"Est. reading time":"1 minute"},"schema":{"@context":"https:\/\/schema.org","@graph":[{"@type":["WebPage","ItemPage"],"@id":"https:\/\/bbqentertainment.com\/toode\/napoleon-keraamilised-pizzakivid-kupsetuskivid-o-254cm-2tk\/","url":"https:\/\/bbqentertainment.com\/toode\/napoleon-keraamilised-pizzakivid-kupsetuskivid-o-254cm-2tk\/","name":"Napoleon keraamilised pizzakivid \/ k\u00fcpsetuskivid \u00d8 25,4cm (2tk) - BBQ Entertainment","isPartOf":{"@id":"https:\/\/bbqentertainment.com\/#website"},"primaryImageOfPage":{"@id":"https:\/\/bbqentertainment.com\/toode\/napoleon-keraamilised-pizzakivid-kupsetuskivid-o-254cm-2tk\/#primaryimage"},"image":{"@id":"https:\/\/bbqentertainment.com\/toode\/napoleon-keraamilised-pizzakivid-kupsetuskivid-o-254cm-2tk\/#primaryimage"},"thumbnailUrl":"https:\/\/bbqentertainment.com\/wp-content\/uploads\/2025\/04\/ASSET_JPEG_24868875.avif","datePublished":"2025-04-03T19:11:27+00:00","dateModified":"2026-04-06T09:26:52+00:00","breadcrumb":{"@id":"https:\/\/bbqentertainment.com\/toode\/napoleon-keraamilised-pizzakivid-kupsetuskivid-o-254cm-2tk\/#breadcrumb"},"inLanguage":"en-US","potentialAction":[{"@type":"ReadAction","target":["https:\/\/bbqentertainment.com\/toode\/napoleon-keraamilised-pizzakivid-kupsetuskivid-o-254cm-2tk\/"]}]},{"@type":"ImageObject","inLanguage":"en-US","@id":"https:\/\/bbqentertainment.com\/toode\/napoleon-keraamilised-pizzakivid-kupsetuskivid-o-254cm-2tk\/#primaryimage","url":"https:\/\/bbqentertainment.com\/wp-content\/uploads\/2025\/04\/ASSET_JPEG_24868875.avif","contentUrl":"https:\/\/bbqentertainment.com\/wp-content\/uploads\/2025\/04\/ASSET_JPEG_24868875.avif","width":1116,"height":1116},{"@type":"BreadcrumbList","@id":"https:\/\/bbqentertainment.com\/toode\/napoleon-keraamilised-pizzakivid-kupsetuskivid-o-254cm-2tk\/#breadcrumb","itemListElement":[{"@type":"ListItem","position":1,"name":"AVALEHT","item":"https:\/\/bbqentertainment.com\/en\/"},{"@type":"ListItem","position":2,"name":"Tooted","item":"https:\/\/bbqentertainment.com\/tooted\/"},{"@type":"ListItem","position":3,"name":"Lisatarvikud","item":"https:\/\/bbqentertainment.com\/tootekategooria\/lisatarvikud\/"},{"@type":"ListItem","position":4,"name":"Lisatarvikud Napoleon","item":"https:\/\/bbqentertainment.com\/tootekategooria\/lisatarvikud\/lisatarvikud-napoleon\/"},{"@type":"ListItem","position":5,"name":"Napoleon keraamilised pizzakivid \/ k\u00fcpsetuskivid \u00d8 25,4cm (2tk)"}]},{"@type":"WebSite","@id":"https:\/\/bbqentertainment.com\/#website","url":"https:\/\/bbqentertainment.com\/","name":"BBQ Entertainment","description":"BBQ is a great lifestyle, not just fun!","publisher":{"@id":"https:\/\/bbqentertainment.com\/#organization"},"potentialAction":[{"@type":"SearchAction","target":{"@type":"EntryPoint","urlTemplate":"https:\/\/bbqentertainment.com\/?s={search_term_string}"},"query-input":{"@type":"PropertyValueSpecification","valueRequired":true,"valueName":"search_term_string"}}],"inLanguage":"en-US"},{"@type":"Organization","@id":"https:\/\/bbqentertainment.com\/#organization","name":"BBQ Entertainment O\u00dc","url":"https:\/\/bbqentertainment.com\/","logo":{"@type":"ImageObject","inLanguage":"en-US","@id":"https:\/\/bbqentertainment.com\/#\/schema\/logo\/image\/","url":"https:\/\/bbqentertainment.com\/wp-content\/uploads\/2020\/04\/BBQ-Entertainment-N-Catering-Enn-Tobreluts-Logo.png","contentUrl":"https:\/\/bbqentertainment.com\/wp-content\/uploads\/2020\/04\/BBQ-Entertainment-N-Catering-Enn-Tobreluts-Logo.png","width":628,"height":266,"caption":"BBQ Entertainment O\u00dc"},"image":{"@id":"https:\/\/bbqentertainment.com\/#\/schema\/logo\/image\/"},"sameAs":["https:\/\/www.facebook.com\/BBQ-Entertainment-N-Catering-2437913376443540","https:\/\/www.instagram.com\/bbqentertainmentncatering\/","https:\/\/www.youtube.com\/channel\/UCmpuANQVhLy2Md8nrenp2jA"]}]}},"_links":{"self":[{"href":"https:\/\/bbqentertainment.com\/en\/wp-json\/wp\/v2\/product\/251165","targetHints":{"allow":["GET"]}}],"collection":[{"href":"https:\/\/bbqentertainment.com\/en\/wp-json\/wp\/v2\/product"}],"about":[{"href":"https:\/\/bbqentertainment.com\/en\/wp-json\/wp\/v2\/types\/product"}],"wp:featuredmedia":[{"embeddable":true,"href":"https:\/\/bbqentertainment.com\/en\/wp-json\/wp\/v2\/media\/251170"}],"wp:attachment":[{"href":"https:\/\/bbqentertainment.com\/en\/wp-json\/wp\/v2\/media?parent=251165"}],"wp:term":[{"taxonomy":"product_brand","embeddable":true,"href":"https:\/\/bbqentertainment.com\/en\/wp-json\/wp\/v2\/product_brand?post=251165"},{"taxonomy":"product_cat","embeddable":true,"href":"https:\/\/bbqentertainment.com\/en\/wp-json\/wp\/v2\/product_cat?post=251165"},{"taxonomy":"product_tag","embeddable":true,"href":"https:\/\/bbqentertainment.com\/en\/wp-json\/wp\/v2\/product_tag?post=251165"}],"curies":[{"name":"wp","href":"https:\/\/api.w.org\/{rel}","templated":true}]}}