{"id":251173,"date":"2025-04-03T22:22:11","date_gmt":"2025-04-03T19:22:11","guid":{"rendered":"https:\/\/bbqentertainment.com\/?post_type=product&#038;p=251173"},"modified":"2026-04-06T12:26:53","modified_gmt":"2026-04-06T09:26:53","slug":"napoleon-pro-premium-roostevabast-pizzaloikur-nuga","status":"publish","type":"product","link":"https:\/\/bbqentertainment.com\/en\/toode\/napoleon-pro-premium-roostevabast-pizzaloikur-nuga\/","title":{"rendered":"Napoleon kiljotiin pizzal\u00f5ikur roostevabast terasest"},"content":{"rendered":"","protected":false},"excerpt":{"rendered":"<h3 data-start=\"0\" data-end=\"50\"><strong data-start=\"0\" data-end=\"50\">Napoleon kiljotiin pizzal\u00f5ikur roostevabast terasest<\/strong><\/h3>\n<p class=\"\" data-start=\"52\" data-end=\"341\">Napoleoni kiljotiin pitsal\u00f5ikur v\u00f5imaldab l\u00f5igata pitsat kiiresti ja t\u00e4pselt \u00fchtlasteks t\u00fckkideks. T\u00e4nu kergelt kaardus terale ja tugevale kahe k\u00e4epidemega konstruktsioonile on l\u00f5ikamine sujuv ja t\u00f5hus. Lisaks pitsale sobib see t\u00f6\u00f6riist ka v\u00e4rskete \u00fcrtide, liha, lameleiva ja juustu hakkimiseks.<\/p>\n<p class=\"\" data-start=\"343\" data-end=\"539\">Tugevad needitud k\u00e4epidemed tagavad kindla haarde ja toetavad loomulikku kiikumisliigutust.<\/p>\n<p class=\"\" data-start=\"541\" data-end=\"556\"><strong data-start=\"541\" data-end=\"554\">Omadused<\/strong><\/p>\n<ul data-start=\"557\" data-end=\"757\">\n<li class=\"\" data-start=\"557\" data-end=\"598\">\n<p class=\"\" data-start=\"559\" data-end=\"598\">tugev roostevabast terasest l\u00f5iketera<\/p>\n<\/li>\n<li class=\"\" data-start=\"599\" data-end=\"655\">\n<p class=\"\" data-start=\"601\" data-end=\"655\">kiikumisliigutusega l\u00f5ikamine tagab \u00fchtlase tulemuse<\/p>\n<\/li>\n<li class=\"\" data-start=\"656\" data-end=\"703\">\n<p class=\"\" data-start=\"658\" data-end=\"703\">sobib ka \u00fcrtide, liha ja juustu hakkimiseks<\/p>\n<\/li>\n<li class=\"\" data-start=\"704\" data-end=\"736\">\n<p class=\"\" data-start=\"706\" data-end=\"736\">mugavad, needitud k\u00e4epidemed<\/p>\n<\/li>\n<li class=\"\" data-start=\"737\" data-end=\"757\">\n<p class=\"\" data-start=\"739\" data-end=\"757\">lihtne puhastada<\/p>\n<\/li>\n<\/ul>\n<p class=\"\" data-start=\"759\" data-end=\"772\"><strong data-start=\"759\" data-end=\"770\">M\u00f5\u00f5dud:<\/strong><\/p>\n<ul data-start=\"773\" data-end=\"821\" data-is-last-node=\"\" data-is-only-node=\"\">\n<li class=\"\" data-start=\"773\" data-end=\"797\">\n<p class=\"\" data-start=\"775\" data-end=\"797\">tera: ca 35 \u00d7 9,5 cm<\/p>\n<\/li>\n<li class=\"\" data-start=\"798\" data-end=\"821\">\n<p class=\"\" data-start=\"800\" data-end=\"821\">kogu pikkus: ca 59 cm<\/p>\n<\/li>\n<\/ul>\n<p class=\"\" data-start=\"634\" data-end=\"657\">\n","protected":false},"featured_media":251183,"template":"","meta":{"inline_featured_image":false},"product_brand":[],"product_cat":[436,92,562],"product_tag":[],"class_list":{"0":"post-251173","1":"product","2":"type-product","3":"status-publish","4":"has-post-thumbnail","6":"product_cat-pizzaahjud-tarvikud","7":"product_cat-lisatarvikud","8":"product_cat-lisatarvikud-napoleon","10":"first","11":"instock","12":"taxable","13":"shipping-taxable","14":"purchasable","15":"product-type-simple"},"yoast_head":"<!-- This site is optimized with the Yoast SEO plugin v27.2 - https:\/\/yoast.com\/product\/yoast-seo-wordpress\/ -->\n<title>Napoleon kiljotiin pizzal\u00f5ikur roostevabast terasest - BBQ Entertainment<\/title>\n<meta name=\"robots\" content=\"index, follow, max-snippet:-1, max-image-preview:large, max-video-preview:-1\" \/>\n<link rel=\"canonical\" href=\"https:\/\/bbqentertainment.com\/toode\/napoleon-pro-premium-roostevabast-pizzaloikur-nuga\/\" \/>\n<meta property=\"og:locale\" content=\"en_US\" \/>\n<meta property=\"og:type\" content=\"article\" \/>\n<meta property=\"og:title\" content=\"Napoleon kiljotiin pizzal\u00f5ikur roostevabast terasest - BBQ Entertainment\" \/>\n<meta property=\"og:description\" content=\"Napoleon kiljotiin pizzal\u00f5ikur roostevabast terasest Napoleoni kiljotiin pitsal\u00f5ikur v\u00f5imaldab l\u00f5igata pitsat kiiresti ja t\u00e4pselt \u00fchtlasteks t\u00fckkideks. T\u00e4nu kergelt kaardus terale ja tugevale kahe k\u00e4epidemega konstruktsioonile on l\u00f5ikamine sujuv ja t\u00f5hus. Lisaks pitsale sobib see t\u00f6\u00f6riist ka v\u00e4rskete \u00fcrtide, liha, lameleiva ja juustu hakkimiseks. Tugevad needitud k\u00e4epidemed tagavad kindla haarde ja toetavad loomulikku kiikumisliigutust. Omadused     tugev roostevabast terasest l\u00f5iketera    kiikumisliigutusega l\u00f5ikamine tagab \u00fchtlase tulemuse    sobib ka \u00fcrtide, liha ja juustu hakkimiseks    mugavad, needitud k\u00e4epidemed    lihtne puhastada   M\u00f5\u00f5dud:     tera: ca 35 \u00d7 9,5 cm    kogu pikkus: ca 59 cm\" \/>\n<meta property=\"og:url\" content=\"https:\/\/bbqentertainment.com\/toode\/napoleon-pro-premium-roostevabast-pizzaloikur-nuga\/\" \/>\n<meta property=\"og:site_name\" content=\"BBQ Entertainment\" \/>\n<meta property=\"article:publisher\" content=\"https:\/\/www.facebook.com\/BBQ-Entertainment-N-Catering-2437913376443540\" \/>\n<meta property=\"article:modified_time\" content=\"2026-04-06T09:26:53+00:00\" \/>\n<meta property=\"og:image\" content=\"https:\/\/bbqentertainment.com\/wp-content\/uploads\/2025\/04\/rocking-pizza-cutter-napoleon.jpg.webp\" \/>\n\t<meta property=\"og:image:width\" content=\"800\" \/>\n\t<meta property=\"og:image:height\" content=\"800\" \/>\n\t<meta property=\"og:image:type\" content=\"image\/webp\" \/>\n<meta name=\"twitter:card\" content=\"summary_large_image\" \/>\n<meta name=\"twitter:label1\" content=\"Est. reading time\" \/>\n\t<meta name=\"twitter:data1\" content=\"1 minute\" \/>\n<script type=\"application\/ld+json\" class=\"yoast-schema-graph\">{\"@context\":\"https:\/\/schema.org\",\"@graph\":[{\"@type\":[\"WebPage\",\"ItemPage\"],\"@id\":\"https:\/\/bbqentertainment.com\/toode\/napoleon-pro-premium-roostevabast-pizzaloikur-nuga\/\",\"url\":\"https:\/\/bbqentertainment.com\/toode\/napoleon-pro-premium-roostevabast-pizzaloikur-nuga\/\",\"name\":\"Napoleon kiljotiin pizzal\u00f5ikur roostevabast terasest - BBQ Entertainment\",\"isPartOf\":{\"@id\":\"https:\/\/bbqentertainment.com\/#website\"},\"primaryImageOfPage\":{\"@id\":\"https:\/\/bbqentertainment.com\/toode\/napoleon-pro-premium-roostevabast-pizzaloikur-nuga\/#primaryimage\"},\"image\":{\"@id\":\"https:\/\/bbqentertainment.com\/toode\/napoleon-pro-premium-roostevabast-pizzaloikur-nuga\/#primaryimage\"},\"thumbnailUrl\":\"https:\/\/bbqentertainment.com\/wp-content\/uploads\/2025\/04\/rocking-pizza-cutter-napoleon.jpg.webp\",\"datePublished\":\"2025-04-03T19:22:11+00:00\",\"dateModified\":\"2026-04-06T09:26:53+00:00\",\"breadcrumb\":{\"@id\":\"https:\/\/bbqentertainment.com\/toode\/napoleon-pro-premium-roostevabast-pizzaloikur-nuga\/#breadcrumb\"},\"inLanguage\":\"en-US\",\"potentialAction\":[{\"@type\":\"ReadAction\",\"target\":[\"https:\/\/bbqentertainment.com\/toode\/napoleon-pro-premium-roostevabast-pizzaloikur-nuga\/\"]}]},{\"@type\":\"ImageObject\",\"inLanguage\":\"en-US\",\"@id\":\"https:\/\/bbqentertainment.com\/toode\/napoleon-pro-premium-roostevabast-pizzaloikur-nuga\/#primaryimage\",\"url\":\"https:\/\/bbqentertainment.com\/wp-content\/uploads\/2025\/04\/rocking-pizza-cutter-napoleon.jpg.webp\",\"contentUrl\":\"https:\/\/bbqentertainment.com\/wp-content\/uploads\/2025\/04\/rocking-pizza-cutter-napoleon.jpg.webp\",\"width\":800,\"height\":800},{\"@type\":\"BreadcrumbList\",\"@id\":\"https:\/\/bbqentertainment.com\/toode\/napoleon-pro-premium-roostevabast-pizzaloikur-nuga\/#breadcrumb\",\"itemListElement\":[{\"@type\":\"ListItem\",\"position\":1,\"name\":\"AVALEHT\",\"item\":\"https:\/\/bbqentertainment.com\/en\/\"},{\"@type\":\"ListItem\",\"position\":2,\"name\":\"Tooted\",\"item\":\"https:\/\/bbqentertainment.com\/tooted\/\"},{\"@type\":\"ListItem\",\"position\":3,\"name\":\"Lisatarvikud\",\"item\":\"https:\/\/bbqentertainment.com\/tootekategooria\/lisatarvikud\/\"},{\"@type\":\"ListItem\",\"position\":4,\"name\":\"Lisatarvikud Napoleon\",\"item\":\"https:\/\/bbqentertainment.com\/tootekategooria\/lisatarvikud\/lisatarvikud-napoleon\/\"},{\"@type\":\"ListItem\",\"position\":5,\"name\":\"Napoleon kiljotiin pizzal\u00f5ikur roostevabast terasest\"}]},{\"@type\":\"WebSite\",\"@id\":\"https:\/\/bbqentertainment.com\/#website\",\"url\":\"https:\/\/bbqentertainment.com\/\",\"name\":\"BBQ Entertainment\",\"description\":\"BBQ is a great lifestyle, not just fun!\",\"publisher\":{\"@id\":\"https:\/\/bbqentertainment.com\/#organization\"},\"potentialAction\":[{\"@type\":\"SearchAction\",\"target\":{\"@type\":\"EntryPoint\",\"urlTemplate\":\"https:\/\/bbqentertainment.com\/?s={search_term_string}\"},\"query-input\":{\"@type\":\"PropertyValueSpecification\",\"valueRequired\":true,\"valueName\":\"search_term_string\"}}],\"inLanguage\":\"en-US\"},{\"@type\":\"Organization\",\"@id\":\"https:\/\/bbqentertainment.com\/#organization\",\"name\":\"BBQ Entertainment O\u00dc\",\"url\":\"https:\/\/bbqentertainment.com\/\",\"logo\":{\"@type\":\"ImageObject\",\"inLanguage\":\"en-US\",\"@id\":\"https:\/\/bbqentertainment.com\/#\/schema\/logo\/image\/\",\"url\":\"https:\/\/bbqentertainment.com\/wp-content\/uploads\/2020\/04\/BBQ-Entertainment-N-Catering-Enn-Tobreluts-Logo.png\",\"contentUrl\":\"https:\/\/bbqentertainment.com\/wp-content\/uploads\/2020\/04\/BBQ-Entertainment-N-Catering-Enn-Tobreluts-Logo.png\",\"width\":628,\"height\":266,\"caption\":\"BBQ Entertainment O\u00dc\"},\"image\":{\"@id\":\"https:\/\/bbqentertainment.com\/#\/schema\/logo\/image\/\"},\"sameAs\":[\"https:\/\/www.facebook.com\/BBQ-Entertainment-N-Catering-2437913376443540\",\"https:\/\/www.instagram.com\/bbqentertainmentncatering\/\",\"https:\/\/www.youtube.com\/channel\/UCmpuANQVhLy2Md8nrenp2jA\"]}]}<\/script>\n<!-- \/ Yoast SEO plugin. -->","yoast_head_json":{"title":"Napoleon kiljotiin pizzal\u00f5ikur roostevabast terasest - BBQ Entertainment","robots":{"index":"index","follow":"follow","max-snippet":"max-snippet:-1","max-image-preview":"max-image-preview:large","max-video-preview":"max-video-preview:-1"},"canonical":"https:\/\/bbqentertainment.com\/toode\/napoleon-pro-premium-roostevabast-pizzaloikur-nuga\/","og_locale":"en_US","og_type":"article","og_title":"Napoleon kiljotiin pizzal\u00f5ikur roostevabast terasest - BBQ Entertainment","og_description":"Napoleon kiljotiin pizzal\u00f5ikur roostevabast terasest Napoleoni kiljotiin pitsal\u00f5ikur v\u00f5imaldab l\u00f5igata pitsat kiiresti ja t\u00e4pselt \u00fchtlasteks t\u00fckkideks. T\u00e4nu kergelt kaardus terale ja tugevale kahe k\u00e4epidemega konstruktsioonile on l\u00f5ikamine sujuv ja t\u00f5hus. Lisaks pitsale sobib see t\u00f6\u00f6riist ka v\u00e4rskete \u00fcrtide, liha, lameleiva ja juustu hakkimiseks. Tugevad needitud k\u00e4epidemed tagavad kindla haarde ja toetavad loomulikku kiikumisliigutust. Omadused     tugev roostevabast terasest l\u00f5iketera    kiikumisliigutusega l\u00f5ikamine tagab \u00fchtlase tulemuse    sobib ka \u00fcrtide, liha ja juustu hakkimiseks    mugavad, needitud k\u00e4epidemed    lihtne puhastada   M\u00f5\u00f5dud:     tera: ca 35 \u00d7 9,5 cm    kogu pikkus: ca 59 cm","og_url":"https:\/\/bbqentertainment.com\/toode\/napoleon-pro-premium-roostevabast-pizzaloikur-nuga\/","og_site_name":"BBQ Entertainment","article_publisher":"https:\/\/www.facebook.com\/BBQ-Entertainment-N-Catering-2437913376443540","article_modified_time":"2026-04-06T09:26:53+00:00","og_image":[{"width":800,"height":800,"url":"https:\/\/bbqentertainment.com\/wp-content\/uploads\/2025\/04\/rocking-pizza-cutter-napoleon.jpg.webp","type":"image\/webp"}],"twitter_card":"summary_large_image","twitter_misc":{"Est. reading time":"1 minute"},"schema":{"@context":"https:\/\/schema.org","@graph":[{"@type":["WebPage","ItemPage"],"@id":"https:\/\/bbqentertainment.com\/toode\/napoleon-pro-premium-roostevabast-pizzaloikur-nuga\/","url":"https:\/\/bbqentertainment.com\/toode\/napoleon-pro-premium-roostevabast-pizzaloikur-nuga\/","name":"Napoleon kiljotiin pizzal\u00f5ikur roostevabast terasest - BBQ Entertainment","isPartOf":{"@id":"https:\/\/bbqentertainment.com\/#website"},"primaryImageOfPage":{"@id":"https:\/\/bbqentertainment.com\/toode\/napoleon-pro-premium-roostevabast-pizzaloikur-nuga\/#primaryimage"},"image":{"@id":"https:\/\/bbqentertainment.com\/toode\/napoleon-pro-premium-roostevabast-pizzaloikur-nuga\/#primaryimage"},"thumbnailUrl":"https:\/\/bbqentertainment.com\/wp-content\/uploads\/2025\/04\/rocking-pizza-cutter-napoleon.jpg.webp","datePublished":"2025-04-03T19:22:11+00:00","dateModified":"2026-04-06T09:26:53+00:00","breadcrumb":{"@id":"https:\/\/bbqentertainment.com\/toode\/napoleon-pro-premium-roostevabast-pizzaloikur-nuga\/#breadcrumb"},"inLanguage":"en-US","potentialAction":[{"@type":"ReadAction","target":["https:\/\/bbqentertainment.com\/toode\/napoleon-pro-premium-roostevabast-pizzaloikur-nuga\/"]}]},{"@type":"ImageObject","inLanguage":"en-US","@id":"https:\/\/bbqentertainment.com\/toode\/napoleon-pro-premium-roostevabast-pizzaloikur-nuga\/#primaryimage","url":"https:\/\/bbqentertainment.com\/wp-content\/uploads\/2025\/04\/rocking-pizza-cutter-napoleon.jpg.webp","contentUrl":"https:\/\/bbqentertainment.com\/wp-content\/uploads\/2025\/04\/rocking-pizza-cutter-napoleon.jpg.webp","width":800,"height":800},{"@type":"BreadcrumbList","@id":"https:\/\/bbqentertainment.com\/toode\/napoleon-pro-premium-roostevabast-pizzaloikur-nuga\/#breadcrumb","itemListElement":[{"@type":"ListItem","position":1,"name":"AVALEHT","item":"https:\/\/bbqentertainment.com\/en\/"},{"@type":"ListItem","position":2,"name":"Tooted","item":"https:\/\/bbqentertainment.com\/tooted\/"},{"@type":"ListItem","position":3,"name":"Lisatarvikud","item":"https:\/\/bbqentertainment.com\/tootekategooria\/lisatarvikud\/"},{"@type":"ListItem","position":4,"name":"Lisatarvikud Napoleon","item":"https:\/\/bbqentertainment.com\/tootekategooria\/lisatarvikud\/lisatarvikud-napoleon\/"},{"@type":"ListItem","position":5,"name":"Napoleon kiljotiin pizzal\u00f5ikur roostevabast terasest"}]},{"@type":"WebSite","@id":"https:\/\/bbqentertainment.com\/#website","url":"https:\/\/bbqentertainment.com\/","name":"BBQ Entertainment","description":"BBQ is a great lifestyle, not just fun!","publisher":{"@id":"https:\/\/bbqentertainment.com\/#organization"},"potentialAction":[{"@type":"SearchAction","target":{"@type":"EntryPoint","urlTemplate":"https:\/\/bbqentertainment.com\/?s={search_term_string}"},"query-input":{"@type":"PropertyValueSpecification","valueRequired":true,"valueName":"search_term_string"}}],"inLanguage":"en-US"},{"@type":"Organization","@id":"https:\/\/bbqentertainment.com\/#organization","name":"BBQ Entertainment O\u00dc","url":"https:\/\/bbqentertainment.com\/","logo":{"@type":"ImageObject","inLanguage":"en-US","@id":"https:\/\/bbqentertainment.com\/#\/schema\/logo\/image\/","url":"https:\/\/bbqentertainment.com\/wp-content\/uploads\/2020\/04\/BBQ-Entertainment-N-Catering-Enn-Tobreluts-Logo.png","contentUrl":"https:\/\/bbqentertainment.com\/wp-content\/uploads\/2020\/04\/BBQ-Entertainment-N-Catering-Enn-Tobreluts-Logo.png","width":628,"height":266,"caption":"BBQ Entertainment O\u00dc"},"image":{"@id":"https:\/\/bbqentertainment.com\/#\/schema\/logo\/image\/"},"sameAs":["https:\/\/www.facebook.com\/BBQ-Entertainment-N-Catering-2437913376443540","https:\/\/www.instagram.com\/bbqentertainmentncatering\/","https:\/\/www.youtube.com\/channel\/UCmpuANQVhLy2Md8nrenp2jA"]}]}},"_links":{"self":[{"href":"https:\/\/bbqentertainment.com\/en\/wp-json\/wp\/v2\/product\/251173","targetHints":{"allow":["GET"]}}],"collection":[{"href":"https:\/\/bbqentertainment.com\/en\/wp-json\/wp\/v2\/product"}],"about":[{"href":"https:\/\/bbqentertainment.com\/en\/wp-json\/wp\/v2\/types\/product"}],"wp:featuredmedia":[{"embeddable":true,"href":"https:\/\/bbqentertainment.com\/en\/wp-json\/wp\/v2\/media\/251183"}],"wp:attachment":[{"href":"https:\/\/bbqentertainment.com\/en\/wp-json\/wp\/v2\/media?parent=251173"}],"wp:term":[{"taxonomy":"product_brand","embeddable":true,"href":"https:\/\/bbqentertainment.com\/en\/wp-json\/wp\/v2\/product_brand?post=251173"},{"taxonomy":"product_cat","embeddable":true,"href":"https:\/\/bbqentertainment.com\/en\/wp-json\/wp\/v2\/product_cat?post=251173"},{"taxonomy":"product_tag","embeddable":true,"href":"https:\/\/bbqentertainment.com\/en\/wp-json\/wp\/v2\/product_tag?post=251173"}],"curies":[{"name":"wp","href":"https:\/\/api.w.org\/{rel}","templated":true}]}}