{"id":251185,"date":"2025-04-03T22:37:37","date_gmt":"2025-04-03T19:37:37","guid":{"rendered":"https:\/\/bbqentertainment.com\/?post_type=product&#038;p=251185"},"modified":"2026-04-06T12:26:53","modified_gmt":"2026-04-06T09:26:53","slug":"napoleon-pro-roostevabast-terasest-pitsaloikur","status":"publish","type":"product","link":"https:\/\/bbqentertainment.com\/en\/toode\/napoleon-pro-roostevabast-terasest-pitsaloikur\/","title":{"rendered":"Napoleon PRO roostevabast terasest pizzal\u00f5ikur"},"content":{"rendered":"","protected":false},"excerpt":{"rendered":"<h3 data-start=\"0\" data-end=\"50\"><strong>Napoleon PRO roostevabast terasest pizzal\u00f5ikur<\/strong><\/h3>\n<p class=\"\" data-start=\"60\" data-end=\"418\">Tugeva teraga pitsal\u00f5ikur l\u00f5ikab vaevata l\u00e4bi ka paksematest pitsap\u00f5hjadest. Kaalutud k\u00e4epide ja kummist libisemisvastane pind tagavad mugava ja kindla haarde. P\u00e4rast kasutamist saab l\u00f5ikuri terakaitsega turvaliselt hoiustada. Roostevabast terasest t\u00f6\u00f6riist on n\u00f5udepesumasinas pestav ja igati sobilik igap\u00e4evaseks kasutamiseks nii koduk\u00f6\u00f6gis kui grillipeol.<\/p>\n<p class=\"\" data-start=\"420\" data-end=\"435\"><strong data-start=\"420\" data-end=\"433\">Omadused:<\/strong><\/p>\n<ul data-start=\"436\" data-end=\"657\" data-is-last-node=\"\" data-is-only-node=\"\">\n<li class=\"\" data-start=\"436\" data-end=\"499\">\n<p class=\"\" data-start=\"438\" data-end=\"499\">kaalutud ja ergonoomiline k\u00e4epide, libisemisvastase kattega<\/p>\n<\/li>\n<li class=\"\" data-start=\"500\" data-end=\"542\">\n<p class=\"\" data-start=\"502\" data-end=\"542\">sobib ka paksemate pitsade l\u00f5ikamiseks<\/p>\n<\/li>\n<li class=\"\" data-start=\"543\" data-end=\"579\">\n<p class=\"\" data-start=\"545\" data-end=\"579\">terakaitse ohutuks hoiustamiseks<\/p>\n<\/li>\n<li class=\"\" data-start=\"580\" data-end=\"631\">\n<p class=\"\" data-start=\"582\" data-end=\"631\">valmistatud kvaliteetsest roostevabast terasest<\/p>\n<\/li>\n<li class=\"\" data-start=\"632\" data-end=\"657\">\n<p class=\"\" data-start=\"634\" data-end=\"657\">n\u00f5udepesumasinas pestav<\/p>\n<\/li>\n<\/ul>\n","protected":false},"featured_media":251174,"template":"","meta":{"inline_featured_image":false},"product_brand":[],"product_cat":[436,92,562],"product_tag":[],"class_list":{"0":"post-251185","1":"product","2":"type-product","3":"status-publish","4":"has-post-thumbnail","6":"product_cat-pizzaahjud-tarvikud","7":"product_cat-lisatarvikud","8":"product_cat-lisatarvikud-napoleon","10":"first","11":"instock","12":"taxable","13":"shipping-taxable","14":"purchasable","15":"product-type-simple"},"yoast_head":"<!-- This site is optimized with the Yoast SEO plugin v27.2 - https:\/\/yoast.com\/product\/yoast-seo-wordpress\/ -->\n<title>Napoleon PRO roostevabast terasest pizzal\u00f5ikur - BBQ Entertainment<\/title>\n<meta name=\"robots\" content=\"index, follow, max-snippet:-1, max-image-preview:large, max-video-preview:-1\" \/>\n<link rel=\"canonical\" href=\"https:\/\/bbqentertainment.com\/toode\/napoleon-pro-roostevabast-terasest-pitsaloikur\/\" \/>\n<meta property=\"og:locale\" content=\"en_US\" \/>\n<meta property=\"og:type\" content=\"article\" \/>\n<meta property=\"og:title\" content=\"Napoleon PRO roostevabast terasest pizzal\u00f5ikur - BBQ Entertainment\" \/>\n<meta property=\"og:description\" content=\"Napoleon PRO roostevabast terasest pizzal\u00f5ikur Tugeva teraga pitsal\u00f5ikur l\u00f5ikab vaevata l\u00e4bi ka paksematest pitsap\u00f5hjadest. Kaalutud k\u00e4epide ja kummist libisemisvastane pind tagavad mugava ja kindla haarde. P\u00e4rast kasutamist saab l\u00f5ikuri terakaitsega turvaliselt hoiustada. Roostevabast terasest t\u00f6\u00f6riist on n\u00f5udepesumasinas pestav ja igati sobilik igap\u00e4evaseks kasutamiseks nii koduk\u00f6\u00f6gis kui grillipeol. Omadused:     kaalutud ja ergonoomiline k\u00e4epide, libisemisvastase kattega    sobib ka paksemate pitsade l\u00f5ikamiseks    terakaitse ohutuks hoiustamiseks    valmistatud kvaliteetsest roostevabast terasest    n\u00f5udepesumasinas pestav\" \/>\n<meta property=\"og:url\" content=\"https:\/\/bbqentertainment.com\/toode\/napoleon-pro-roostevabast-terasest-pitsaloikur\/\" \/>\n<meta property=\"og:site_name\" content=\"BBQ Entertainment\" \/>\n<meta property=\"article:publisher\" content=\"https:\/\/www.facebook.com\/BBQ-Entertainment-N-Catering-2437913376443540\" \/>\n<meta property=\"article:modified_time\" content=\"2026-04-06T09:26:53+00:00\" \/>\n<meta property=\"og:image\" content=\"https:\/\/bbqentertainment.com\/wp-content\/uploads\/2025\/04\/pizza-cutter-2-accessories-template-copy-1.jpg\" \/>\n\t<meta property=\"og:image:width\" content=\"1200\" \/>\n\t<meta property=\"og:image:height\" content=\"1200\" \/>\n\t<meta property=\"og:image:type\" content=\"image\/jpeg\" \/>\n<meta name=\"twitter:card\" content=\"summary_large_image\" \/>\n<meta name=\"twitter:label1\" content=\"Est. reading time\" \/>\n\t<meta name=\"twitter:data1\" content=\"1 minute\" \/>\n<script type=\"application\/ld+json\" class=\"yoast-schema-graph\">{\"@context\":\"https:\/\/schema.org\",\"@graph\":[{\"@type\":[\"WebPage\",\"ItemPage\"],\"@id\":\"https:\/\/bbqentertainment.com\/toode\/napoleon-pro-roostevabast-terasest-pitsaloikur\/\",\"url\":\"https:\/\/bbqentertainment.com\/toode\/napoleon-pro-roostevabast-terasest-pitsaloikur\/\",\"name\":\"Napoleon PRO roostevabast terasest pizzal\u00f5ikur - BBQ Entertainment\",\"isPartOf\":{\"@id\":\"https:\/\/bbqentertainment.com\/#website\"},\"primaryImageOfPage\":{\"@id\":\"https:\/\/bbqentertainment.com\/toode\/napoleon-pro-roostevabast-terasest-pitsaloikur\/#primaryimage\"},\"image\":{\"@id\":\"https:\/\/bbqentertainment.com\/toode\/napoleon-pro-roostevabast-terasest-pitsaloikur\/#primaryimage\"},\"thumbnailUrl\":\"https:\/\/bbqentertainment.com\/wp-content\/uploads\/2025\/04\/pizza-cutter-2-accessories-template-copy-1.jpg\",\"datePublished\":\"2025-04-03T19:37:37+00:00\",\"dateModified\":\"2026-04-06T09:26:53+00:00\",\"breadcrumb\":{\"@id\":\"https:\/\/bbqentertainment.com\/toode\/napoleon-pro-roostevabast-terasest-pitsaloikur\/#breadcrumb\"},\"inLanguage\":\"en-US\",\"potentialAction\":[{\"@type\":\"ReadAction\",\"target\":[\"https:\/\/bbqentertainment.com\/toode\/napoleon-pro-roostevabast-terasest-pitsaloikur\/\"]}]},{\"@type\":\"ImageObject\",\"inLanguage\":\"en-US\",\"@id\":\"https:\/\/bbqentertainment.com\/toode\/napoleon-pro-roostevabast-terasest-pitsaloikur\/#primaryimage\",\"url\":\"https:\/\/bbqentertainment.com\/wp-content\/uploads\/2025\/04\/pizza-cutter-2-accessories-template-copy-1.jpg\",\"contentUrl\":\"https:\/\/bbqentertainment.com\/wp-content\/uploads\/2025\/04\/pizza-cutter-2-accessories-template-copy-1.jpg\",\"width\":1200,\"height\":1200},{\"@type\":\"BreadcrumbList\",\"@id\":\"https:\/\/bbqentertainment.com\/toode\/napoleon-pro-roostevabast-terasest-pitsaloikur\/#breadcrumb\",\"itemListElement\":[{\"@type\":\"ListItem\",\"position\":1,\"name\":\"AVALEHT\",\"item\":\"https:\/\/bbqentertainment.com\/en\/\"},{\"@type\":\"ListItem\",\"position\":2,\"name\":\"Tooted\",\"item\":\"https:\/\/bbqentertainment.com\/tooted\/\"},{\"@type\":\"ListItem\",\"position\":3,\"name\":\"Lisatarvikud\",\"item\":\"https:\/\/bbqentertainment.com\/tootekategooria\/lisatarvikud\/\"},{\"@type\":\"ListItem\",\"position\":4,\"name\":\"Lisatarvikud Napoleon\",\"item\":\"https:\/\/bbqentertainment.com\/tootekategooria\/lisatarvikud\/lisatarvikud-napoleon\/\"},{\"@type\":\"ListItem\",\"position\":5,\"name\":\"Napoleon PRO roostevabast terasest pizzal\u00f5ikur\"}]},{\"@type\":\"WebSite\",\"@id\":\"https:\/\/bbqentertainment.com\/#website\",\"url\":\"https:\/\/bbqentertainment.com\/\",\"name\":\"BBQ Entertainment\",\"description\":\"BBQ is a great lifestyle, not just fun!\",\"publisher\":{\"@id\":\"https:\/\/bbqentertainment.com\/#organization\"},\"potentialAction\":[{\"@type\":\"SearchAction\",\"target\":{\"@type\":\"EntryPoint\",\"urlTemplate\":\"https:\/\/bbqentertainment.com\/?s={search_term_string}\"},\"query-input\":{\"@type\":\"PropertyValueSpecification\",\"valueRequired\":true,\"valueName\":\"search_term_string\"}}],\"inLanguage\":\"en-US\"},{\"@type\":\"Organization\",\"@id\":\"https:\/\/bbqentertainment.com\/#organization\",\"name\":\"BBQ Entertainment O\u00dc\",\"url\":\"https:\/\/bbqentertainment.com\/\",\"logo\":{\"@type\":\"ImageObject\",\"inLanguage\":\"en-US\",\"@id\":\"https:\/\/bbqentertainment.com\/#\/schema\/logo\/image\/\",\"url\":\"https:\/\/bbqentertainment.com\/wp-content\/uploads\/2020\/04\/BBQ-Entertainment-N-Catering-Enn-Tobreluts-Logo.png\",\"contentUrl\":\"https:\/\/bbqentertainment.com\/wp-content\/uploads\/2020\/04\/BBQ-Entertainment-N-Catering-Enn-Tobreluts-Logo.png\",\"width\":628,\"height\":266,\"caption\":\"BBQ Entertainment O\u00dc\"},\"image\":{\"@id\":\"https:\/\/bbqentertainment.com\/#\/schema\/logo\/image\/\"},\"sameAs\":[\"https:\/\/www.facebook.com\/BBQ-Entertainment-N-Catering-2437913376443540\",\"https:\/\/www.instagram.com\/bbqentertainmentncatering\/\",\"https:\/\/www.youtube.com\/channel\/UCmpuANQVhLy2Md8nrenp2jA\"]}]}<\/script>\n<!-- \/ Yoast SEO plugin. -->","yoast_head_json":{"title":"Napoleon PRO roostevabast terasest pizzal\u00f5ikur - BBQ Entertainment","robots":{"index":"index","follow":"follow","max-snippet":"max-snippet:-1","max-image-preview":"max-image-preview:large","max-video-preview":"max-video-preview:-1"},"canonical":"https:\/\/bbqentertainment.com\/toode\/napoleon-pro-roostevabast-terasest-pitsaloikur\/","og_locale":"en_US","og_type":"article","og_title":"Napoleon PRO roostevabast terasest pizzal\u00f5ikur - BBQ Entertainment","og_description":"Napoleon PRO roostevabast terasest pizzal\u00f5ikur Tugeva teraga pitsal\u00f5ikur l\u00f5ikab vaevata l\u00e4bi ka paksematest pitsap\u00f5hjadest. Kaalutud k\u00e4epide ja kummist libisemisvastane pind tagavad mugava ja kindla haarde. P\u00e4rast kasutamist saab l\u00f5ikuri terakaitsega turvaliselt hoiustada. Roostevabast terasest t\u00f6\u00f6riist on n\u00f5udepesumasinas pestav ja igati sobilik igap\u00e4evaseks kasutamiseks nii koduk\u00f6\u00f6gis kui grillipeol. Omadused:     kaalutud ja ergonoomiline k\u00e4epide, libisemisvastase kattega    sobib ka paksemate pitsade l\u00f5ikamiseks    terakaitse ohutuks hoiustamiseks    valmistatud kvaliteetsest roostevabast terasest    n\u00f5udepesumasinas pestav","og_url":"https:\/\/bbqentertainment.com\/toode\/napoleon-pro-roostevabast-terasest-pitsaloikur\/","og_site_name":"BBQ Entertainment","article_publisher":"https:\/\/www.facebook.com\/BBQ-Entertainment-N-Catering-2437913376443540","article_modified_time":"2026-04-06T09:26:53+00:00","og_image":[{"width":1200,"height":1200,"url":"https:\/\/bbqentertainment.com\/wp-content\/uploads\/2025\/04\/pizza-cutter-2-accessories-template-copy-1.jpg","type":"image\/jpeg"}],"twitter_card":"summary_large_image","twitter_misc":{"Est. reading time":"1 minute"},"schema":{"@context":"https:\/\/schema.org","@graph":[{"@type":["WebPage","ItemPage"],"@id":"https:\/\/bbqentertainment.com\/toode\/napoleon-pro-roostevabast-terasest-pitsaloikur\/","url":"https:\/\/bbqentertainment.com\/toode\/napoleon-pro-roostevabast-terasest-pitsaloikur\/","name":"Napoleon PRO roostevabast terasest pizzal\u00f5ikur - BBQ Entertainment","isPartOf":{"@id":"https:\/\/bbqentertainment.com\/#website"},"primaryImageOfPage":{"@id":"https:\/\/bbqentertainment.com\/toode\/napoleon-pro-roostevabast-terasest-pitsaloikur\/#primaryimage"},"image":{"@id":"https:\/\/bbqentertainment.com\/toode\/napoleon-pro-roostevabast-terasest-pitsaloikur\/#primaryimage"},"thumbnailUrl":"https:\/\/bbqentertainment.com\/wp-content\/uploads\/2025\/04\/pizza-cutter-2-accessories-template-copy-1.jpg","datePublished":"2025-04-03T19:37:37+00:00","dateModified":"2026-04-06T09:26:53+00:00","breadcrumb":{"@id":"https:\/\/bbqentertainment.com\/toode\/napoleon-pro-roostevabast-terasest-pitsaloikur\/#breadcrumb"},"inLanguage":"en-US","potentialAction":[{"@type":"ReadAction","target":["https:\/\/bbqentertainment.com\/toode\/napoleon-pro-roostevabast-terasest-pitsaloikur\/"]}]},{"@type":"ImageObject","inLanguage":"en-US","@id":"https:\/\/bbqentertainment.com\/toode\/napoleon-pro-roostevabast-terasest-pitsaloikur\/#primaryimage","url":"https:\/\/bbqentertainment.com\/wp-content\/uploads\/2025\/04\/pizza-cutter-2-accessories-template-copy-1.jpg","contentUrl":"https:\/\/bbqentertainment.com\/wp-content\/uploads\/2025\/04\/pizza-cutter-2-accessories-template-copy-1.jpg","width":1200,"height":1200},{"@type":"BreadcrumbList","@id":"https:\/\/bbqentertainment.com\/toode\/napoleon-pro-roostevabast-terasest-pitsaloikur\/#breadcrumb","itemListElement":[{"@type":"ListItem","position":1,"name":"AVALEHT","item":"https:\/\/bbqentertainment.com\/en\/"},{"@type":"ListItem","position":2,"name":"Tooted","item":"https:\/\/bbqentertainment.com\/tooted\/"},{"@type":"ListItem","position":3,"name":"Lisatarvikud","item":"https:\/\/bbqentertainment.com\/tootekategooria\/lisatarvikud\/"},{"@type":"ListItem","position":4,"name":"Lisatarvikud Napoleon","item":"https:\/\/bbqentertainment.com\/tootekategooria\/lisatarvikud\/lisatarvikud-napoleon\/"},{"@type":"ListItem","position":5,"name":"Napoleon PRO roostevabast terasest pizzal\u00f5ikur"}]},{"@type":"WebSite","@id":"https:\/\/bbqentertainment.com\/#website","url":"https:\/\/bbqentertainment.com\/","name":"BBQ Entertainment","description":"BBQ is a great lifestyle, not just fun!","publisher":{"@id":"https:\/\/bbqentertainment.com\/#organization"},"potentialAction":[{"@type":"SearchAction","target":{"@type":"EntryPoint","urlTemplate":"https:\/\/bbqentertainment.com\/?s={search_term_string}"},"query-input":{"@type":"PropertyValueSpecification","valueRequired":true,"valueName":"search_term_string"}}],"inLanguage":"en-US"},{"@type":"Organization","@id":"https:\/\/bbqentertainment.com\/#organization","name":"BBQ Entertainment O\u00dc","url":"https:\/\/bbqentertainment.com\/","logo":{"@type":"ImageObject","inLanguage":"en-US","@id":"https:\/\/bbqentertainment.com\/#\/schema\/logo\/image\/","url":"https:\/\/bbqentertainment.com\/wp-content\/uploads\/2020\/04\/BBQ-Entertainment-N-Catering-Enn-Tobreluts-Logo.png","contentUrl":"https:\/\/bbqentertainment.com\/wp-content\/uploads\/2020\/04\/BBQ-Entertainment-N-Catering-Enn-Tobreluts-Logo.png","width":628,"height":266,"caption":"BBQ Entertainment O\u00dc"},"image":{"@id":"https:\/\/bbqentertainment.com\/#\/schema\/logo\/image\/"},"sameAs":["https:\/\/www.facebook.com\/BBQ-Entertainment-N-Catering-2437913376443540","https:\/\/www.instagram.com\/bbqentertainmentncatering\/","https:\/\/www.youtube.com\/channel\/UCmpuANQVhLy2Md8nrenp2jA"]}]}},"_links":{"self":[{"href":"https:\/\/bbqentertainment.com\/en\/wp-json\/wp\/v2\/product\/251185","targetHints":{"allow":["GET"]}}],"collection":[{"href":"https:\/\/bbqentertainment.com\/en\/wp-json\/wp\/v2\/product"}],"about":[{"href":"https:\/\/bbqentertainment.com\/en\/wp-json\/wp\/v2\/types\/product"}],"wp:featuredmedia":[{"embeddable":true,"href":"https:\/\/bbqentertainment.com\/en\/wp-json\/wp\/v2\/media\/251174"}],"wp:attachment":[{"href":"https:\/\/bbqentertainment.com\/en\/wp-json\/wp\/v2\/media?parent=251185"}],"wp:term":[{"taxonomy":"product_brand","embeddable":true,"href":"https:\/\/bbqentertainment.com\/en\/wp-json\/wp\/v2\/product_brand?post=251185"},{"taxonomy":"product_cat","embeddable":true,"href":"https:\/\/bbqentertainment.com\/en\/wp-json\/wp\/v2\/product_cat?post=251185"},{"taxonomy":"product_tag","embeddable":true,"href":"https:\/\/bbqentertainment.com\/en\/wp-json\/wp\/v2\/product_tag?post=251185"}],"curies":[{"name":"wp","href":"https:\/\/api.w.org\/{rel}","templated":true}]}}